{"id":358001,"date":"2025-09-29T09:46:16","date_gmt":"2025-09-29T07:46:16","guid":{"rendered":"https:\/\/dutchhealthstore.com\/product\/kids-pro-mineral-toothpaste\/"},"modified":"2026-04-07T14:57:03","modified_gmt":"2026-04-07T12:57:03","slug":"kids-pro-mineral-toothpaste","status":"publish","type":"product","link":"https:\/\/dutchhealthstore.com\/de\/product\/kids-pro-mineral-toothpaste\/","title":{"rendered":"Kids PRO Mineral Toothpaste"},"content":{"rendered":"<ul>\n<li>Hilft bei der Bek\u00e4mpfung von Plaque und hellt die Z\u00e4hne sanft auf<\/li>\n<li>100 % sicher mit klinisch erprobten, wirksamen Inhaltsstoffen \u2013 sogar sicher zu schlucken<\/li>\n<li>Frei von sch\u00e4dlichen Chemikalien wie SLS, Propylenglykol, k\u00fcnstlichen Aromen oder Farbstoffen<\/li>\n<li>Keine versteckten \u201enat\u00fcrlichen Aromen\u201c \u2013 nur saubere, transparente Inhaltsstoffe<\/li>\n<li>Fluoridfrei, parabenfrei, vegan, glutenfrei und tierversuchsfrei<\/li>\n<\/ul>\n<p>Jede 96,4-g-Tube reicht bei zweimal t\u00e4glicher Anwendung etwa 3 Monate. <\/p>\n<p>Unsere neue Kids PRO Mineral Zahnpasta bietet einen zus\u00e4tzlichen Schub an Hydroxyapatit \u2013 ideal f\u00fcr Kinder, die anf\u00e4lliger f\u00fcr Karies sind oder empfindliche Z\u00e4hne haben. Mit ihrer kraftvollen Mischung aus Mikro- und Nano-Hydroxyapatit sch\u00fctzt und regeneriert sie auf nat\u00fcrliche Weise die Z\u00e4hne w\u00e4hrend des Wachstums. Und mit ihrem k\u00f6stlichen Kuchenteiggeschmack wird das Z\u00e4hneputzen zu etwas, worauf sich Kinder tats\u00e4chlich freuen.  <\/p>\n<h3>T\u00e4gliche Anwendung<\/h3>\n<p>Tragen Sie eine erbsengro\u00dfe (oder bei Bedarf mehr) Menge Zahnpasta auf und putzen Sie die Z\u00e4hne 2 Minuten lang sanft in kreisenden Bewegungen \u2013 morgens, nach dem Mittagessen und nach dem Abendessen \u2013 f\u00fcr gesunde, saubere und strahlende Z\u00e4hne.<\/p>\n<p><strong>Taille: 3.4 oz \/ 96 g<\/strong><\/p>\n<h2><strong>Nat\u00fcrliche \/ biologische Inhaltsstoffe <\/strong><\/h2>\n<p>Wasser, Sorbit, hydratisierte Kiesels\u00e4ure, Glycerin, Xylit, Hydroxyapatit, Calciumcarbonat, Propandiol, Nano-Hydroxyapatit, Vanilla Planifolia Fruchtextrakt, Kaliumcocoat, Stevia Rebaudiana Extrakt, Xanthangummi, Cellulosegummi, Erythrit, Natriumgluconat.<\/p>\n\n\t<section class=\"section\" id=\"section_153241572\">\n\t\t<div class=\"section-bg fill\" >\n\t\t\t\t\t\t\t\t\t\n\t\t\t\n\n\t\t<\/div>\n\n\t\t\n\n\t\t<div class=\"section-content relative\">\n\t\t\t\n\n<div class=\"row\"  id=\"row-771219411\">\n\n\n\t<div id=\"col-448732746\" class=\"col small-12 large-12\"  >\n\t\t\t\t<div class=\"col-inner\"  >\n\t\t\t\n\t\t\t\n\n<div class=\"container section-title-container\" ><h3 class=\"section-title section-title-normal\"><b><\/b><span class=\"section-title-main\" >\u00dcber RiseWell<\/span><b><\/b><\/h3><\/div>\n\n<p><strong><img decoding=\"async\" class=\"alignright wp-image-357892\" src=\"https:\/\/dutchhealthstore.com\/wp-content\/uploads\/2025\/09\/risewell-large.png\" alt=\"\" width=\"168\" height=\"60\" srcset=\"https:\/\/dutchhealthstore.com\/wp-content\/uploads\/2025\/09\/risewell-large.png 451w, https:\/\/dutchhealthstore.com\/wp-content\/uploads\/2025\/09\/risewell-large-140x50.png 140w, https:\/\/dutchhealthstore.com\/wp-content\/uploads\/2025\/09\/risewell-large-64x23.png 64w\" sizes=\"(max-width: 168px) 100vw, 168px\" \/>RiseWell<\/strong> definiert die Mundpflege mit der Kraft der Natur und der Wissenschaft neu. Das Herzst\u00fcck jeder Formel ist <strong>Hydroxylapatit<\/strong> \u2013 das gleiche Mineral, aus dem 97 % Ihres Zahnschmelzes bestehen. Dieser nat\u00fcrliche und fluoridfreie Inhaltsstoff st\u00e4rkt, remineralisiert und hellt die Z\u00e4hne sicher und effektiv auf.  <\/p>\n<p>RiseWell wurde von Zahnexperten entwickelt und durch wissenschaftliche Forschung untermauert und bietet eine vollst\u00e4ndige Kollektion von Mundpflegeprodukten f\u00fcr die ganze Familie \u2013 von <strong>PRO Mineral Zahnpasta<\/strong> f\u00fcr empfindliche Z\u00e4hne bis hin zu <strong>Kinderzahnpasta<\/strong>, <strong>alkalisierendem Mundwasser<\/strong> und <strong>Teflon-freier Zahnseide<\/strong>.<\/p>\n<p>Jedes RiseWell-Produkt wird mit <strong>sauberen, ungiftigen Inhaltsstoffen<\/strong> hergestellt und ist <strong>sicher genug, um es zu schlucken<\/strong>, was es zu einer vertrauensw\u00fcrdigen Wahl f\u00fcr diejenigen macht, die effektive Ergebnisse ohne Kompromisse w\u00fcnschen.<\/p>\n<p>Von Zahn\u00e4rzten entwickelt, fluoridfrei und mit der Kraft der Natur \u2013 das ist der RiseWell-Unterschied.<\/p>\n\n\t\t<\/div>\n\t\t\t\t\t<\/div>\n\n\t\n\n<\/div>\n\n\t\t<\/div>\n\n\t\t\n<style>\n#section_153241572 {\n  padding-top: 30px;\n  padding-bottom: 30px;\n}\n<\/style>\n\t<\/section>\n\t\n","protected":false},"excerpt":{"rendered":"<p>Diese fortschrittliche Zahnpasta wurde mit der h\u00f6chsten Konzentration an verf\u00fcgbarem Mikro- und Nano-Hydroxyapatit formuliert und st\u00e4rkt und remineralisiert den Zahnschmelz, sch\u00fctzt ihn und lindert gleichzeitig Empfindlichkeiten.<\/p>\n","protected":false},"featured_media":357698,"comment_status":"open","ping_status":"closed","template":"","meta":[],"product_brand":[],"product_cat":[8509,6645,1032,1210,1910,20901,511,21729,1904,1038],"product_tag":[],"class_list":{"0":"post-358001","1":"product","2":"type-product","3":"status-publish","4":"has-post-thumbnail","6":"product_cat-every-day-solutions-de","7":"product_cat-family-de","8":"product_cat-kategorien","9":"product_cat-marken","10":"product_cat-neue-produkte","11":"product_cat-new-additions-healthcare-de","12":"product_cat-produkte","13":"product_cat-risewell-de","14":"product_cat-unkategorisiert","15":"product_cat-zahnpflege","16":"pa_brand-risewell-de","17":"pa_dental-care-product-type-toothpaste-de","18":"pa_gtin-860008718419-de","19":"pa_size-34-oz-96-g-de","21":"first","22":"instock","23":"taxable","24":"shipping-taxable","25":"purchasable","26":"product-type-simple"},"bundled_by":[],"bundle_stock_status":"instock","bundle_stock_quantity":12,"bundle_virtual":false,"bundle_layout":"","bundle_add_to_cart_form_location":"","bundle_editable_in_cart":false,"bundle_sold_individually_context":"","bundle_item_grouping":"","bundle_min_size":"","bundle_max_size":"","bundle_price":[],"bundled_items":[],"bundle_sell_ids":[357976],"atum_controlled":true,"out_stock_date":null,"out_stock_threshold":null,"inheritable":false,"stock_on_hold":1,"sold_today":0,"sales_last_days":1,"out_stock_days":0,"lost_sales":0,"update_date":"2026-04-30T09:19:32","atum_locations":[],"atum_stock_status":"instock","restock_status":false,"low_stock_amount":"","sales_update_date":"2026-04-30T09:19:32","calc_backorders":null,"group_of_quantity":0,"min_quantity":0,"max_quantity":"","exclude_order_quantity_value_rules":"no","exclude_category_quantity_rules":"no","combine_variations":"no","yoast_head":"<!-- This site is optimized with the Yoast SEO Premium plugin v26.5 (Yoast SEO v26.5) - https:\/\/yoast.com\/wordpress\/plugins\/seo\/ -->\n<title>Kids PRO Mineral Toothpaste - RiseWell<\/title>\n<meta name=\"description\" content=\"Diese fortschrittliche Zahnpasta wurde mit der h\u00f6chsten Konzentration an verf\u00fcgbarem Mikro- und Nano-Hydroxyapatit formuliert und st\u00e4rkt und remineralisiert den Zahnschmelz, sch\u00fctzt ihn und lindert gleichzeitig Empfindlichkeiten.\" \/>\n<meta name=\"robots\" content=\"index, follow, max-snippet:-1, max-image-preview:large, max-video-preview:-1\" \/>\n<link rel=\"canonical\" href=\"https:\/\/dutchhealthstore.com\/de\/product\/kids-pro-mineral-toothpaste\/\" \/>\n<meta property=\"og:locale\" content=\"de_DE\" \/>\n<meta property=\"og:type\" content=\"article\" \/>\n<meta property=\"og:title\" content=\"Kids PRO Mineral Toothpaste - Dutch Health Store\" \/>\n<meta property=\"og:description\" content=\"Diese fortschrittliche Zahnpasta wurde mit der h\u00f6chsten Konzentration an verf\u00fcgbarem Mikro- und Nano-Hydroxyapatit formuliert und st\u00e4rkt und remineralisiert den Zahnschmelz, sch\u00fctzt ihn und lindert gleichzeitig Empfindlichkeiten.\" \/>\n<meta property=\"og:url\" content=\"https:\/\/dutchhealthstore.com\/de\/product\/kids-pro-mineral-toothpaste\/\" \/>\n<meta property=\"og:site_name\" content=\"Dutch Health Store\" \/>\n<meta property=\"article:publisher\" content=\"https:\/\/www.instagram.com\/dutchhealthstore\/\" \/>\n<meta property=\"article:modified_time\" content=\"2026-04-07T12:57:03+00:00\" \/>\n<meta property=\"og:image\" content=\"https:\/\/dutchhealthstore.com\/wp-content\/uploads\/2025\/09\/risewell-kids-toothpaste-2.jpg\" \/>\n\t<meta property=\"og:image:width\" content=\"530\" \/>\n\t<meta property=\"og:image:height\" content=\"530\" \/>\n\t<meta property=\"og:image:type\" content=\"image\/jpeg\" \/>\n<meta name=\"twitter:card\" content=\"summary_large_image\" \/>\n<meta name=\"twitter:label1\" content=\"Preis\" \/>\n\t<meta name=\"twitter:data1\" content=\"&euro;27,95\" \/>\n\t<meta name=\"twitter:label2\" content=\"Verf\u00fcgbarkeit\" \/>\n\t<meta name=\"twitter:data2\" content=\"Auf Lager\" \/>\n<script type=\"application\/ld+json\" class=\"yoast-schema-graph\">{\"@context\":\"https:\/\/schema.org\",\"@graph\":[{\"@type\":\"WebPage\",\"@id\":\"https:\/\/dutchhealthstore.com\/de\/product\/kids-pro-mineral-toothpaste\/\",\"url\":\"https:\/\/dutchhealthstore.com\/de\/product\/kids-pro-mineral-toothpaste\/\",\"name\":\"Kids PRO Mineral Toothpaste - RiseWell\",\"isPartOf\":{\"@id\":\"https:\/\/dutchhealthstore.com\/de\/#website\"},\"primaryImageOfPage\":{\"@id\":\"https:\/\/dutchhealthstore.com\/de\/product\/kids-pro-mineral-toothpaste\/#primaryimage\"},\"image\":{\"@id\":\"https:\/\/dutchhealthstore.com\/de\/product\/kids-pro-mineral-toothpaste\/#primaryimage\"},\"thumbnailUrl\":\"https:\/\/dutchhealthstore.com\/wp-content\/uploads\/2025\/09\/risewell-kids-toothpaste-2.jpg\",\"datePublished\":\"2025-09-29T07:46:16+00:00\",\"dateModified\":\"2026-04-07T12:57:03+00:00\",\"description\":\"Diese fortschrittliche Zahnpasta wurde mit der h\u00f6chsten Konzentration an verf\u00fcgbarem Mikro- und Nano-Hydroxyapatit formuliert und st\u00e4rkt und remineralisiert den Zahnschmelz, sch\u00fctzt ihn und lindert gleichzeitig Empfindlichkeiten.\",\"breadcrumb\":{\"@id\":\"https:\/\/dutchhealthstore.com\/de\/product\/kids-pro-mineral-toothpaste\/#breadcrumb\"},\"inLanguage\":\"de\",\"potentialAction\":[{\"@type\":\"ReadAction\",\"target\":[\"https:\/\/dutchhealthstore.com\/de\/product\/kids-pro-mineral-toothpaste\/\"]}]},{\"@type\":\"ImageObject\",\"inLanguage\":\"de\",\"@id\":\"https:\/\/dutchhealthstore.com\/de\/product\/kids-pro-mineral-toothpaste\/#primaryimage\",\"url\":\"https:\/\/dutchhealthstore.com\/wp-content\/uploads\/2025\/09\/risewell-kids-toothpaste-2.jpg\",\"contentUrl\":\"https:\/\/dutchhealthstore.com\/wp-content\/uploads\/2025\/09\/risewell-kids-toothpaste-2.jpg\",\"width\":530,\"height\":530,\"caption\":\"risewell-kids-toothpaste-2\"},{\"@type\":\"BreadcrumbList\",\"@id\":\"https:\/\/dutchhealthstore.com\/de\/product\/kids-pro-mineral-toothpaste\/#breadcrumb\",\"itemListElement\":[{\"@type\":\"ListItem\",\"position\":1,\"name\":\"Home\",\"item\":\"https:\/\/dutchhealthstore.com\/de\/\"},{\"@type\":\"ListItem\",\"position\":2,\"name\":\"Shop\",\"item\":\"https:\/\/dutchhealthstore.com\/de\/shop-2\/\"},{\"@type\":\"ListItem\",\"position\":3,\"name\":\"Kids PRO Mineral Toothpaste\"}]},{\"@type\":\"WebSite\",\"@id\":\"https:\/\/dutchhealthstore.com\/de\/#website\",\"url\":\"https:\/\/dutchhealthstore.com\/de\/\",\"name\":\"Dutch Health Store\",\"description\":\"Enhance Your Beauty with Organic &amp; Natural Skincare\",\"publisher\":{\"@id\":\"https:\/\/dutchhealthstore.com\/de\/#organization\"},\"potentialAction\":[{\"@type\":\"SearchAction\",\"target\":{\"@type\":\"EntryPoint\",\"urlTemplate\":\"https:\/\/dutchhealthstore.com\/de\/?s={search_term_string}\"},\"query-input\":{\"@type\":\"PropertyValueSpecification\",\"valueRequired\":true,\"valueName\":\"search_term_string\"}}],\"inLanguage\":\"de\"},{\"@type\":\"Organization\",\"@id\":\"https:\/\/dutchhealthstore.com\/de\/#organization\",\"name\":\"Dutch Health Store\",\"url\":\"https:\/\/dutchhealthstore.com\/de\/\",\"logo\":{\"@type\":\"ImageObject\",\"inLanguage\":\"de\",\"@id\":\"https:\/\/dutchhealthstore.com\/de\/#\/schema\/logo\/image\/\",\"url\":\"https:\/\/dutchhealthstore.com\/wp-content\/uploads\/2020\/08\/logo-dutchhealthstore-jpg-e1599484957574.jpg\",\"contentUrl\":\"https:\/\/dutchhealthstore.com\/wp-content\/uploads\/2020\/08\/logo-dutchhealthstore-jpg-e1599484957574.jpg\",\"width\":400,\"height\":62,\"caption\":\"Dutch Health Store\"},\"image\":{\"@id\":\"https:\/\/dutchhealthstore.com\/de\/#\/schema\/logo\/image\/\"},\"sameAs\":[\"https:\/\/www.instagram.com\/dutchhealthstore\/\",\"https:\/\/www.facebook.com\/dutchhealthstore\"]}]}<\/script>\n<meta property=\"product:brand\" content=\"RiseWell\" \/>\n<meta property=\"product:price:amount\" content=\"27.95\" \/>\n<meta property=\"product:price:currency\" content=\"EUR\" \/>\n<meta property=\"og:availability\" content=\"instock\" \/>\n<meta property=\"product:availability\" content=\"instock\" \/>\n<meta property=\"product:retailer_item_id\" content=\"RISE_09\" \/>\n<meta property=\"product:condition\" content=\"new\" \/>\n<!-- \/ Yoast SEO Premium plugin. -->","yoast_head_json":{"title":"Kids PRO Mineral Toothpaste - RiseWell","description":"Diese fortschrittliche Zahnpasta wurde mit der h\u00f6chsten Konzentration an verf\u00fcgbarem Mikro- und Nano-Hydroxyapatit formuliert und st\u00e4rkt und remineralisiert den Zahnschmelz, sch\u00fctzt ihn und lindert gleichzeitig Empfindlichkeiten.","robots":{"index":"index","follow":"follow","max-snippet":"max-snippet:-1","max-image-preview":"max-image-preview:large","max-video-preview":"max-video-preview:-1"},"canonical":"https:\/\/dutchhealthstore.com\/de\/product\/kids-pro-mineral-toothpaste\/","og_locale":"de_DE","og_type":"article","og_title":"Kids PRO Mineral Toothpaste - Dutch Health Store","og_description":"Diese fortschrittliche Zahnpasta wurde mit der h\u00f6chsten Konzentration an verf\u00fcgbarem Mikro- und Nano-Hydroxyapatit formuliert und st\u00e4rkt und remineralisiert den Zahnschmelz, sch\u00fctzt ihn und lindert gleichzeitig Empfindlichkeiten.","og_url":"https:\/\/dutchhealthstore.com\/de\/product\/kids-pro-mineral-toothpaste\/","og_site_name":"Dutch Health Store","article_publisher":"https:\/\/www.instagram.com\/dutchhealthstore\/","article_modified_time":"2026-04-07T12:57:03+00:00","og_image":[{"width":530,"height":530,"url":"https:\/\/dutchhealthstore.com\/wp-content\/uploads\/2025\/09\/risewell-kids-toothpaste-2.jpg","type":"image\/jpeg"}],"twitter_card":"summary_large_image","twitter_misc":{"Preis":"&euro;27,95","Verf\u00fcgbarkeit":"Auf Lager"},"schema":{"@context":"https:\/\/schema.org","@graph":[{"@type":"WebPage","@id":"https:\/\/dutchhealthstore.com\/de\/product\/kids-pro-mineral-toothpaste\/","url":"https:\/\/dutchhealthstore.com\/de\/product\/kids-pro-mineral-toothpaste\/","name":"Kids PRO Mineral Toothpaste - RiseWell","isPartOf":{"@id":"https:\/\/dutchhealthstore.com\/de\/#website"},"primaryImageOfPage":{"@id":"https:\/\/dutchhealthstore.com\/de\/product\/kids-pro-mineral-toothpaste\/#primaryimage"},"image":{"@id":"https:\/\/dutchhealthstore.com\/de\/product\/kids-pro-mineral-toothpaste\/#primaryimage"},"thumbnailUrl":"https:\/\/dutchhealthstore.com\/wp-content\/uploads\/2025\/09\/risewell-kids-toothpaste-2.jpg","datePublished":"2025-09-29T07:46:16+00:00","dateModified":"2026-04-07T12:57:03+00:00","description":"Diese fortschrittliche Zahnpasta wurde mit der h\u00f6chsten Konzentration an verf\u00fcgbarem Mikro- und Nano-Hydroxyapatit formuliert und st\u00e4rkt und remineralisiert den Zahnschmelz, sch\u00fctzt ihn und lindert gleichzeitig Empfindlichkeiten.","breadcrumb":{"@id":"https:\/\/dutchhealthstore.com\/de\/product\/kids-pro-mineral-toothpaste\/#breadcrumb"},"inLanguage":"de","potentialAction":[{"@type":"ReadAction","target":["https:\/\/dutchhealthstore.com\/de\/product\/kids-pro-mineral-toothpaste\/"]}]},{"@type":"ImageObject","inLanguage":"de","@id":"https:\/\/dutchhealthstore.com\/de\/product\/kids-pro-mineral-toothpaste\/#primaryimage","url":"https:\/\/dutchhealthstore.com\/wp-content\/uploads\/2025\/09\/risewell-kids-toothpaste-2.jpg","contentUrl":"https:\/\/dutchhealthstore.com\/wp-content\/uploads\/2025\/09\/risewell-kids-toothpaste-2.jpg","width":530,"height":530,"caption":"risewell-kids-toothpaste-2"},{"@type":"BreadcrumbList","@id":"https:\/\/dutchhealthstore.com\/de\/product\/kids-pro-mineral-toothpaste\/#breadcrumb","itemListElement":[{"@type":"ListItem","position":1,"name":"Home","item":"https:\/\/dutchhealthstore.com\/de\/"},{"@type":"ListItem","position":2,"name":"Shop","item":"https:\/\/dutchhealthstore.com\/de\/shop-2\/"},{"@type":"ListItem","position":3,"name":"Kids PRO Mineral Toothpaste"}]},{"@type":"WebSite","@id":"https:\/\/dutchhealthstore.com\/de\/#website","url":"https:\/\/dutchhealthstore.com\/de\/","name":"Dutch Health Store","description":"Enhance Your Beauty with Organic &amp; Natural Skincare","publisher":{"@id":"https:\/\/dutchhealthstore.com\/de\/#organization"},"potentialAction":[{"@type":"SearchAction","target":{"@type":"EntryPoint","urlTemplate":"https:\/\/dutchhealthstore.com\/de\/?s={search_term_string}"},"query-input":{"@type":"PropertyValueSpecification","valueRequired":true,"valueName":"search_term_string"}}],"inLanguage":"de"},{"@type":"Organization","@id":"https:\/\/dutchhealthstore.com\/de\/#organization","name":"Dutch Health Store","url":"https:\/\/dutchhealthstore.com\/de\/","logo":{"@type":"ImageObject","inLanguage":"de","@id":"https:\/\/dutchhealthstore.com\/de\/#\/schema\/logo\/image\/","url":"https:\/\/dutchhealthstore.com\/wp-content\/uploads\/2020\/08\/logo-dutchhealthstore-jpg-e1599484957574.jpg","contentUrl":"https:\/\/dutchhealthstore.com\/wp-content\/uploads\/2020\/08\/logo-dutchhealthstore-jpg-e1599484957574.jpg","width":400,"height":62,"caption":"Dutch Health Store"},"image":{"@id":"https:\/\/dutchhealthstore.com\/de\/#\/schema\/logo\/image\/"},"sameAs":["https:\/\/www.instagram.com\/dutchhealthstore\/","https:\/\/www.facebook.com\/dutchhealthstore"]}]},"product_brand":"RiseWell","product_price_amount":"27.95","product_price_currency":"EUR","og_availability":"instock","product_availability":"instock","product_retailer_item_id":"RISE_09","product_condition":"new"},"_links":{"self":[{"href":"https:\/\/dutchhealthstore.com\/de\/wp-json\/wp\/v2\/product\/358001","targetHints":{"allow":["GET"]}}],"collection":[{"href":"https:\/\/dutchhealthstore.com\/de\/wp-json\/wp\/v2\/product"}],"about":[{"href":"https:\/\/dutchhealthstore.com\/de\/wp-json\/wp\/v2\/types\/product"}],"replies":[{"embeddable":true,"href":"https:\/\/dutchhealthstore.com\/de\/wp-json\/wp\/v2\/comments?post=358001"}],"wp:featuredmedia":[{"embeddable":true,"href":"https:\/\/dutchhealthstore.com\/de\/wp-json\/wp\/v2\/media\/357698"}],"wp:attachment":[{"href":"https:\/\/dutchhealthstore.com\/de\/wp-json\/wp\/v2\/media?parent=358001"}],"wp:term":[{"taxonomy":"product_brand","embeddable":true,"href":"https:\/\/dutchhealthstore.com\/de\/wp-json\/wp\/v2\/product_brand?post=358001"},{"taxonomy":"product_cat","embeddable":true,"href":"https:\/\/dutchhealthstore.com\/de\/wp-json\/wp\/v2\/product_cat?post=358001"},{"taxonomy":"product_tag","embeddable":true,"href":"https:\/\/dutchhealthstore.com\/de\/wp-json\/wp\/v2\/product_tag?post=358001"}],"curies":[{"name":"wp","href":"https:\/\/api.w.org\/{rel}","templated":true}]}}