{"id":357996,"date":"2025-09-29T12:30:41","date_gmt":"2025-09-29T10:30:41","guid":{"rendered":"https:\/\/dutchhealthstore.com\/product\/natural-hydroxyapatite-toothpaste-wild-mint\/"},"modified":"2026-04-30T14:22:31","modified_gmt":"2026-04-30T12:22:31","slug":"natural-hydroxyapatite-toothpaste-wild-mint","status":"publish","type":"product","link":"https:\/\/dutchhealthstore.com\/de\/product\/natural-hydroxyapatite-toothpaste-wild-mint\/","title":{"rendered":"Natural Hydroxyapatite Toothpaste &#8211; Wild Mint"},"content":{"rendered":"<p>Diese saubere Formel mit Hydroxylapatit st\u00e4rkt und stellt den Zahnschmelz wieder her, bek\u00e4mpft Plaque und hellt auf nat\u00fcrliche Weise auf \u2013 alles ohne Fluorid oder aggressive Chemikalien.<\/p>\n<ul>\n<li>Erfrischender Geschmack nach wilder Minze<\/li>\n<li>Fluoridfrei, parabenfrei, SLS- und sulfatfrei<\/li>\n<li>Nat\u00fcrlich aromatisiert mit wohltuenden \u00e4therischen \u00d6len<\/li>\n<li>Anti-Plaque &amp; nat\u00fcrlich aufhellend<\/li>\n<li>Sicher genug, um es zu schlucken<\/li>\n<\/ul>\n<p><strong>Vegan, glutenfrei, tierversuchsfrei &amp; non-GMO<\/strong><\/p>\n<p>Geeignet f\u00fcr:<br \/>\n\u2714 Veganer<br \/>\n\u2714 Vegetarier<br \/>\n\u2714 Glutenfreie Lebensweise<\/p>\n<p><strong>Gr\u00f6\u00dfe: 0,7 oz &#8211; 20 g \/ 3,4 oz &#8211; 96 g<\/strong><\/p>\n<p class=\"text-secondary\"><strong>Dieses Produkt ist frei von<\/strong><\/p>\n<div class=\"grid grid-cols-2 gap-4 mt-5\">\n<div class=\"flex\">\n<ul>\n<li class=\"text-secondary font-bold w-[80%]\">Getreide, das Gluten enth\u00e4lt<\/li>\n<li>Eier<\/li>\n<li>Lupine<\/li>\n<li>Weichtiere<\/li>\n<li>N\u00fcsse<\/li>\n<li>Soja<\/li>\n<li>Sellerie<\/li>\n<li>Krebstiere<\/li>\n<li>Fisch<\/li>\n<li>Milch<\/li>\n<li>Senf<\/li>\n<li>Sesam<\/li>\n<li>Schwefeldioxid<\/li>\n<\/ul>\n<\/div>\n<h3>Wie benutzt man<\/h3>\n<p>Tragen Sie so viel Zahnpasta auf, wie Sie m\u00f6chten, und putzen Sie 2 Minuten lang mit sanften, kreisenden Bewegungen, wenn Sie morgens aufstehen, nach dem Mittagessen und nach dem Abendessen, f\u00fcr saubere, wei\u00dfe Z\u00e4hne. F\u00fcr optimale Ergebnisse empfehlen wir unsere einfache 3-Schritte-Pflegeroutine: Zahnseide, Sp\u00fclen und B\u00fcrsten (ohne Ausspucken). Unsere Produkte sind sicher genug zum Essen. Aber nicht essen, weil das w\u00e4re komisch!  <\/p>\n<h2><strong>Nat\u00fcrliche \/ biologische Inhaltsstoffe <\/strong><\/h2>\n<p>Silica, Sorbit, Glycerin, Xylitol, Hydroxyapatit, Calciumcarbonat, Propandiol, Kaliumcocoat, Stevia Rebaudiana Extrakt, Mentha Arvensis (Wildminze) \u00d6l, Mentha Piperita (Pfefferminz) \u00d6l, Echinacea Purpurea Extrakt, Cinnamomum Cassia (Zimt) Rindenextrakt, Citrus Aurantium Dulcis (Orangen) Schalen\u00f6l, Citrus Limon (Zitronen) Schalen\u00f6l, Melaleuca Alternifolia (Teebaum) \u00d6l, Cellulose Gum, Natriumgluconat, Menthol, Thymus Vulgaris (Thymian) Extrakt, Erythrit, Xanthan Gum, Eucalyptus Globulus Extrakt, Illicium Verum (Anis) Extrakt<\/p>\n\n\t<section class=\"section\" id=\"section_1568012552\">\n\t\t<div class=\"section-bg fill\" >\n\t\t\t\t\t\t\t\t\t\n\t\t\t\n\n\t\t<\/div>\n\n\t\t\n\n\t\t<div class=\"section-content relative\">\n\t\t\t\n\n<div class=\"row\"  id=\"row-1625625311\">\n\n\n\t<div id=\"col-2144054231\" class=\"col small-12 large-12\"  >\n\t\t\t\t<div class=\"col-inner\"  >\n\t\t\t\n\t\t\t\n\n<div class=\"container section-title-container\" ><h3 class=\"section-title section-title-normal\"><b><\/b><span class=\"section-title-main\" >\u00dcber RiseWell<\/span><b><\/b><\/h3><\/div>\n\n<p><strong><img decoding=\"async\" class=\"alignright wp-image-357892\" src=\"https:\/\/dutchhealthstore.com\/wp-content\/uploads\/2025\/09\/risewell-large.png\" alt=\"\" width=\"168\" height=\"60\" srcset=\"https:\/\/dutchhealthstore.com\/wp-content\/uploads\/2025\/09\/risewell-large.png 451w, https:\/\/dutchhealthstore.com\/wp-content\/uploads\/2025\/09\/risewell-large-140x50.png 140w, https:\/\/dutchhealthstore.com\/wp-content\/uploads\/2025\/09\/risewell-large-64x23.png 64w\" sizes=\"(max-width: 168px) 100vw, 168px\" \/>RiseWell<\/strong> definiert die Mundpflege mit der Kraft der Natur und der Wissenschaft neu. Das Herzst\u00fcck jeder Formel ist <strong>Hydroxylapatit<\/strong> \u2013 das gleiche Mineral, aus dem 97 % Ihres Zahnschmelzes bestehen. Dieser nat\u00fcrliche und fluoridfreie Inhaltsstoff st\u00e4rkt, remineralisiert und hellt die Z\u00e4hne sicher und effektiv auf.  <\/p>\n<p>RiseWell wurde von Zahnexperten entwickelt und durch wissenschaftliche Forschung untermauert und bietet eine vollst\u00e4ndige Kollektion von Mundpflegeprodukten f\u00fcr die ganze Familie \u2013 von <strong>PRO Mineral Zahnpasta<\/strong> f\u00fcr empfindliche Z\u00e4hne bis hin zu <strong>Kinderzahnpasta<\/strong>, <strong>alkalisierendem Mundwasser<\/strong> und <strong>Teflon-freier Zahnseide<\/strong>.<\/p>\n<p>Jedes RiseWell-Produkt wird mit <strong>sauberen, ungiftigen Inhaltsstoffen<\/strong> hergestellt und ist <strong>sicher genug, um es zu schlucken<\/strong>, was es zu einer vertrauensw\u00fcrdigen Wahl f\u00fcr diejenigen macht, die effektive Ergebnisse ohne Kompromisse w\u00fcnschen.<\/p>\n<p>Von Zahn\u00e4rzten entwickelt, fluoridfrei und mit der Kraft der Natur \u2013 das ist der RiseWell-Unterschied.<\/p>\n\n\t\t<\/div>\n\t\t\t\t\t<\/div>\n\n\t\n\n<\/div>\n\n\t\t<\/div>\n\n\t\t\n<style>\n#section_1568012552 {\n  padding-top: 30px;\n  padding-bottom: 30px;\n}\n<\/style>\n\t<\/section>\n\t\n<p>&nbsp;<\/p>\n<\/div>\n","protected":false},"excerpt":{"rendered":"<p>Erfrischen Sie Ihr L\u00e4cheln mit dem frischen Geschmack wilder Minze und geben Sie Ihren Z\u00e4hnen gleichzeitig die Pflege, die sie verdienen.<\/p>\n","protected":false},"featured_media":357922,"comment_status":"open","ping_status":"closed","template":"","meta":[],"product_brand":[],"product_cat":[1032,1210,1910,20901,511,21729,1038],"product_tag":[],"class_list":{"0":"post-357996","1":"product","2":"type-product","3":"status-publish","4":"has-post-thumbnail","6":"product_cat-kategorien","7":"product_cat-marken","8":"product_cat-neue-produkte","9":"product_cat-new-additions-healthcare-de","10":"product_cat-produkte","11":"product_cat-risewell-de","12":"product_cat-zahnpflege","13":"pa_brand-risewell-de","14":"pa_dental-care-product-type-toothpaste-de","15":"pa_gtin-860001463507-de","16":"pa_size-20-gr-de","17":"pa_size-96-gr-de","19":"first","20":"instock","21":"taxable","22":"shipping-taxable","23":"purchasable","24":"product-type-variable"},"bundled_by":[],"bundle_stock_status":"instock","bundle_stock_quantity":null,"bundle_virtual":false,"bundle_layout":"","bundle_add_to_cart_form_location":"","bundle_editable_in_cart":false,"bundle_sold_individually_context":"","bundle_item_grouping":"","bundle_min_size":"","bundle_max_size":"","bundle_price":[],"bundled_items":[],"bundle_sell_ids":[],"atum_controlled":true,"out_stock_date":null,"out_stock_threshold":null,"inheritable":true,"stock_on_hold":0,"sold_today":0,"sales_last_days":4,"out_stock_days":0,"lost_sales":0,"update_date":"2026-04-30T12:07:50","atum_locations":[],"atum_stock_status":"instock","restock_status":false,"low_stock_amount":"","sales_update_date":"2026-04-30T12:07:50","calc_backorders":null,"group_of_quantity":0,"min_quantity":0,"max_quantity":"","exclude_order_quantity_value_rules":"no","exclude_category_quantity_rules":"no","combine_variations":"no","yoast_head":"<!-- This site is optimized with the Yoast SEO Premium plugin v26.5 (Yoast SEO v26.5) - https:\/\/yoast.com\/wordpress\/plugins\/seo\/ -->\n<title>Natural Hydroxyapatite Toothpaste - Wild Mint - RiseWell<\/title>\n<meta name=\"description\" content=\"Erfrischen Sie Ihr L\u00e4cheln mit dem frischen Geschmack wilder Minze und geben Sie Ihren Z\u00e4hnen gleichzeitig die Pflege, die sie verdienen.\" \/>\n<meta name=\"robots\" content=\"index, follow, max-snippet:-1, max-image-preview:large, max-video-preview:-1\" \/>\n<link rel=\"canonical\" href=\"https:\/\/dutchhealthstore.com\/de\/product\/natural-hydroxyapatite-toothpaste-wild-mint\/\" \/>\n<meta property=\"og:locale\" content=\"de_DE\" \/>\n<meta property=\"og:type\" content=\"article\" \/>\n<meta property=\"og:title\" content=\"Natural Hydroxyapatite Toothpaste - Wild Mint - Dutch Health Store\" \/>\n<meta property=\"og:description\" content=\"Erfrischen Sie Ihr L\u00e4cheln mit dem frischen Geschmack wilder Minze und geben Sie Ihren Z\u00e4hnen gleichzeitig die Pflege, die sie verdienen.\" \/>\n<meta property=\"og:url\" content=\"https:\/\/dutchhealthstore.com\/de\/product\/natural-hydroxyapatite-toothpaste-wild-mint\/\" \/>\n<meta property=\"og:site_name\" content=\"Dutch Health Store\" \/>\n<meta property=\"article:publisher\" content=\"https:\/\/www.instagram.com\/dutchhealthstore\/\" \/>\n<meta property=\"article:modified_time\" content=\"2026-04-30T12:22:31+00:00\" \/>\n<meta property=\"og:image\" content=\"https:\/\/dutchhealthstore.com\/wp-content\/uploads\/2025\/09\/natual-wild-mint.png\" \/>\n\t<meta property=\"og:image:width\" content=\"730\" \/>\n\t<meta property=\"og:image:height\" content=\"730\" \/>\n\t<meta property=\"og:image:type\" content=\"image\/png\" \/>\n<meta name=\"twitter:card\" content=\"summary_large_image\" \/>\n<meta name=\"twitter:label1\" content=\"Verf\u00fcgbarkeit\" \/>\n\t<meta name=\"twitter:data1\" content=\"Auf Lager\" \/>\n<script type=\"application\/ld+json\" class=\"yoast-schema-graph\">{\"@context\":\"https:\/\/schema.org\",\"@graph\":[{\"@type\":\"WebPage\",\"@id\":\"https:\/\/dutchhealthstore.com\/de\/product\/natural-hydroxyapatite-toothpaste-wild-mint\/\",\"url\":\"https:\/\/dutchhealthstore.com\/de\/product\/natural-hydroxyapatite-toothpaste-wild-mint\/\",\"name\":\"Natural Hydroxyapatite Toothpaste - Wild Mint - RiseWell\",\"isPartOf\":{\"@id\":\"https:\/\/dutchhealthstore.com\/de\/#website\"},\"primaryImageOfPage\":{\"@id\":\"https:\/\/dutchhealthstore.com\/de\/product\/natural-hydroxyapatite-toothpaste-wild-mint\/#primaryimage\"},\"image\":{\"@id\":\"https:\/\/dutchhealthstore.com\/de\/product\/natural-hydroxyapatite-toothpaste-wild-mint\/#primaryimage\"},\"thumbnailUrl\":\"https:\/\/dutchhealthstore.com\/wp-content\/uploads\/2025\/09\/natual-wild-mint.png\",\"datePublished\":\"2025-09-29T10:30:41+00:00\",\"dateModified\":\"2026-04-30T12:22:31+00:00\",\"description\":\"Erfrischen Sie Ihr L\u00e4cheln mit dem frischen Geschmack wilder Minze und geben Sie Ihren Z\u00e4hnen gleichzeitig die Pflege, die sie verdienen.\",\"breadcrumb\":{\"@id\":\"https:\/\/dutchhealthstore.com\/de\/product\/natural-hydroxyapatite-toothpaste-wild-mint\/#breadcrumb\"},\"inLanguage\":\"de\",\"potentialAction\":[{\"@type\":\"ReadAction\",\"target\":[\"https:\/\/dutchhealthstore.com\/de\/product\/natural-hydroxyapatite-toothpaste-wild-mint\/\"]}]},{\"@type\":\"ImageObject\",\"inLanguage\":\"de\",\"@id\":\"https:\/\/dutchhealthstore.com\/de\/product\/natural-hydroxyapatite-toothpaste-wild-mint\/#primaryimage\",\"url\":\"https:\/\/dutchhealthstore.com\/wp-content\/uploads\/2025\/09\/natual-wild-mint.png\",\"contentUrl\":\"https:\/\/dutchhealthstore.com\/wp-content\/uploads\/2025\/09\/natual-wild-mint.png\",\"width\":730,\"height\":730},{\"@type\":\"BreadcrumbList\",\"@id\":\"https:\/\/dutchhealthstore.com\/de\/product\/natural-hydroxyapatite-toothpaste-wild-mint\/#breadcrumb\",\"itemListElement\":[{\"@type\":\"ListItem\",\"position\":1,\"name\":\"Home\",\"item\":\"https:\/\/dutchhealthstore.com\/de\/\"},{\"@type\":\"ListItem\",\"position\":2,\"name\":\"Shop\",\"item\":\"https:\/\/dutchhealthstore.com\/de\/shop-2\/\"},{\"@type\":\"ListItem\",\"position\":3,\"name\":\"Natural Hydroxyapatite Toothpaste &#8211; Wild Mint\"}]},{\"@type\":\"WebSite\",\"@id\":\"https:\/\/dutchhealthstore.com\/de\/#website\",\"url\":\"https:\/\/dutchhealthstore.com\/de\/\",\"name\":\"Dutch Health Store\",\"description\":\"Enhance Your Beauty with Organic &amp; Natural Skincare\",\"publisher\":{\"@id\":\"https:\/\/dutchhealthstore.com\/de\/#organization\"},\"potentialAction\":[{\"@type\":\"SearchAction\",\"target\":{\"@type\":\"EntryPoint\",\"urlTemplate\":\"https:\/\/dutchhealthstore.com\/de\/?s={search_term_string}\"},\"query-input\":{\"@type\":\"PropertyValueSpecification\",\"valueRequired\":true,\"valueName\":\"search_term_string\"}}],\"inLanguage\":\"de\"},{\"@type\":\"Organization\",\"@id\":\"https:\/\/dutchhealthstore.com\/de\/#organization\",\"name\":\"Dutch Health Store\",\"url\":\"https:\/\/dutchhealthstore.com\/de\/\",\"logo\":{\"@type\":\"ImageObject\",\"inLanguage\":\"de\",\"@id\":\"https:\/\/dutchhealthstore.com\/de\/#\/schema\/logo\/image\/\",\"url\":\"https:\/\/dutchhealthstore.com\/wp-content\/uploads\/2020\/08\/logo-dutchhealthstore-jpg-e1599484957574.jpg\",\"contentUrl\":\"https:\/\/dutchhealthstore.com\/wp-content\/uploads\/2020\/08\/logo-dutchhealthstore-jpg-e1599484957574.jpg\",\"width\":400,\"height\":62,\"caption\":\"Dutch Health Store\"},\"image\":{\"@id\":\"https:\/\/dutchhealthstore.com\/de\/#\/schema\/logo\/image\/\"},\"sameAs\":[\"https:\/\/www.instagram.com\/dutchhealthstore\/\",\"https:\/\/www.facebook.com\/dutchhealthstore\"]}]}<\/script>\n<meta property=\"product:brand\" content=\"RiseWell\" \/>\n<meta property=\"og:availability\" content=\"instock\" \/>\n<meta property=\"product:availability\" content=\"instock\" \/>\n<meta property=\"product:condition\" content=\"new\" \/>\n<!-- \/ Yoast SEO Premium plugin. -->","yoast_head_json":{"title":"Natural Hydroxyapatite Toothpaste - Wild Mint - RiseWell","description":"Erfrischen Sie Ihr L\u00e4cheln mit dem frischen Geschmack wilder Minze und geben Sie Ihren Z\u00e4hnen gleichzeitig die Pflege, die sie verdienen.","robots":{"index":"index","follow":"follow","max-snippet":"max-snippet:-1","max-image-preview":"max-image-preview:large","max-video-preview":"max-video-preview:-1"},"canonical":"https:\/\/dutchhealthstore.com\/de\/product\/natural-hydroxyapatite-toothpaste-wild-mint\/","og_locale":"de_DE","og_type":"article","og_title":"Natural Hydroxyapatite Toothpaste - Wild Mint - Dutch Health Store","og_description":"Erfrischen Sie Ihr L\u00e4cheln mit dem frischen Geschmack wilder Minze und geben Sie Ihren Z\u00e4hnen gleichzeitig die Pflege, die sie verdienen.","og_url":"https:\/\/dutchhealthstore.com\/de\/product\/natural-hydroxyapatite-toothpaste-wild-mint\/","og_site_name":"Dutch Health Store","article_publisher":"https:\/\/www.instagram.com\/dutchhealthstore\/","article_modified_time":"2026-04-30T12:22:31+00:00","og_image":[{"width":730,"height":730,"url":"https:\/\/dutchhealthstore.com\/wp-content\/uploads\/2025\/09\/natual-wild-mint.png","type":"image\/png"}],"twitter_card":"summary_large_image","twitter_misc":{"Verf\u00fcgbarkeit":"Auf Lager"},"schema":{"@context":"https:\/\/schema.org","@graph":[{"@type":"WebPage","@id":"https:\/\/dutchhealthstore.com\/de\/product\/natural-hydroxyapatite-toothpaste-wild-mint\/","url":"https:\/\/dutchhealthstore.com\/de\/product\/natural-hydroxyapatite-toothpaste-wild-mint\/","name":"Natural Hydroxyapatite Toothpaste - Wild Mint - RiseWell","isPartOf":{"@id":"https:\/\/dutchhealthstore.com\/de\/#website"},"primaryImageOfPage":{"@id":"https:\/\/dutchhealthstore.com\/de\/product\/natural-hydroxyapatite-toothpaste-wild-mint\/#primaryimage"},"image":{"@id":"https:\/\/dutchhealthstore.com\/de\/product\/natural-hydroxyapatite-toothpaste-wild-mint\/#primaryimage"},"thumbnailUrl":"https:\/\/dutchhealthstore.com\/wp-content\/uploads\/2025\/09\/natual-wild-mint.png","datePublished":"2025-09-29T10:30:41+00:00","dateModified":"2026-04-30T12:22:31+00:00","description":"Erfrischen Sie Ihr L\u00e4cheln mit dem frischen Geschmack wilder Minze und geben Sie Ihren Z\u00e4hnen gleichzeitig die Pflege, die sie verdienen.","breadcrumb":{"@id":"https:\/\/dutchhealthstore.com\/de\/product\/natural-hydroxyapatite-toothpaste-wild-mint\/#breadcrumb"},"inLanguage":"de","potentialAction":[{"@type":"ReadAction","target":["https:\/\/dutchhealthstore.com\/de\/product\/natural-hydroxyapatite-toothpaste-wild-mint\/"]}]},{"@type":"ImageObject","inLanguage":"de","@id":"https:\/\/dutchhealthstore.com\/de\/product\/natural-hydroxyapatite-toothpaste-wild-mint\/#primaryimage","url":"https:\/\/dutchhealthstore.com\/wp-content\/uploads\/2025\/09\/natual-wild-mint.png","contentUrl":"https:\/\/dutchhealthstore.com\/wp-content\/uploads\/2025\/09\/natual-wild-mint.png","width":730,"height":730},{"@type":"BreadcrumbList","@id":"https:\/\/dutchhealthstore.com\/de\/product\/natural-hydroxyapatite-toothpaste-wild-mint\/#breadcrumb","itemListElement":[{"@type":"ListItem","position":1,"name":"Home","item":"https:\/\/dutchhealthstore.com\/de\/"},{"@type":"ListItem","position":2,"name":"Shop","item":"https:\/\/dutchhealthstore.com\/de\/shop-2\/"},{"@type":"ListItem","position":3,"name":"Natural Hydroxyapatite Toothpaste &#8211; Wild Mint"}]},{"@type":"WebSite","@id":"https:\/\/dutchhealthstore.com\/de\/#website","url":"https:\/\/dutchhealthstore.com\/de\/","name":"Dutch Health Store","description":"Enhance Your Beauty with Organic &amp; Natural Skincare","publisher":{"@id":"https:\/\/dutchhealthstore.com\/de\/#organization"},"potentialAction":[{"@type":"SearchAction","target":{"@type":"EntryPoint","urlTemplate":"https:\/\/dutchhealthstore.com\/de\/?s={search_term_string}"},"query-input":{"@type":"PropertyValueSpecification","valueRequired":true,"valueName":"search_term_string"}}],"inLanguage":"de"},{"@type":"Organization","@id":"https:\/\/dutchhealthstore.com\/de\/#organization","name":"Dutch Health Store","url":"https:\/\/dutchhealthstore.com\/de\/","logo":{"@type":"ImageObject","inLanguage":"de","@id":"https:\/\/dutchhealthstore.com\/de\/#\/schema\/logo\/image\/","url":"https:\/\/dutchhealthstore.com\/wp-content\/uploads\/2020\/08\/logo-dutchhealthstore-jpg-e1599484957574.jpg","contentUrl":"https:\/\/dutchhealthstore.com\/wp-content\/uploads\/2020\/08\/logo-dutchhealthstore-jpg-e1599484957574.jpg","width":400,"height":62,"caption":"Dutch Health Store"},"image":{"@id":"https:\/\/dutchhealthstore.com\/de\/#\/schema\/logo\/image\/"},"sameAs":["https:\/\/www.instagram.com\/dutchhealthstore\/","https:\/\/www.facebook.com\/dutchhealthstore"]}]},"product_brand":"RiseWell","og_availability":"instock","product_availability":"instock","product_condition":"new"},"_links":{"self":[{"href":"https:\/\/dutchhealthstore.com\/de\/wp-json\/wp\/v2\/product\/357996","targetHints":{"allow":["GET"]}}],"collection":[{"href":"https:\/\/dutchhealthstore.com\/de\/wp-json\/wp\/v2\/product"}],"about":[{"href":"https:\/\/dutchhealthstore.com\/de\/wp-json\/wp\/v2\/types\/product"}],"replies":[{"embeddable":true,"href":"https:\/\/dutchhealthstore.com\/de\/wp-json\/wp\/v2\/comments?post=357996"}],"wp:featuredmedia":[{"embeddable":true,"href":"https:\/\/dutchhealthstore.com\/de\/wp-json\/wp\/v2\/media\/357922"}],"wp:attachment":[{"href":"https:\/\/dutchhealthstore.com\/de\/wp-json\/wp\/v2\/media?parent=357996"}],"wp:term":[{"taxonomy":"product_brand","embeddable":true,"href":"https:\/\/dutchhealthstore.com\/de\/wp-json\/wp\/v2\/product_brand?post=357996"},{"taxonomy":"product_cat","embeddable":true,"href":"https:\/\/dutchhealthstore.com\/de\/wp-json\/wp\/v2\/product_cat?post=357996"},{"taxonomy":"product_tag","embeddable":true,"href":"https:\/\/dutchhealthstore.com\/de\/wp-json\/wp\/v2\/product_tag?post=357996"}],"curies":[{"name":"wp","href":"https:\/\/api.w.org\/{rel}","templated":true}]}}