{"id":357989,"date":"2025-09-30T11:55:42","date_gmt":"2025-09-30T09:55:42","guid":{"rendered":"https:\/\/dutchhealthstore.com\/product\/balancing-mouthwash\/"},"modified":"2026-04-07T14:57:00","modified_gmt":"2026-04-07T12:57:00","slug":"balancing-mouthwash","status":"publish","type":"product","link":"https:\/\/dutchhealthstore.com\/de\/product\/balancing-mouthwash\/","title":{"rendered":"Balancing Mouthwash"},"content":{"rendered":"<p>Mit ihrem erfrischenden Minzgeschmack und der sauberen, ungiftigen Formel ist sie die perfekte t\u00e4gliche Mundsp\u00fclung f\u00fcr alle, die eine langfristige Mundgesundheit ohne aggressive Inhaltsstoffe unterst\u00fctzen m\u00f6chten.<\/p>\n<h3>Wichtigste Vorteile<\/h3>\n<ul>\n<li>St\u00e4rkt den Zahnschmelz mit Hydroxylapatit<\/li>\n<li>Unterst\u00fctzt gesunde Mundbakterien und gleicht den pH-Wert im Mund aus<\/li>\n<li>Alkoholfrei und fluoridfrei<\/li>\n<li>Beruhigt das Zahnfleisch und erfrischt den Atem<\/li>\n<li>Sicher f\u00fcr den t\u00e4glichen Gebrauch und familienfreundlich<\/li>\n<\/ul>\n<h3>Wie zu verwenden<\/h3>\n<p>Vor Gebrauch vorsichtig sch\u00fctteln. 1\u20132 Essl\u00f6ffel f\u00fcr 30 Sekunden im Mund sp\u00fclen, dann ausspucken. Morgens und abends nach dem Z\u00e4hneputzen anwenden.  <\/p>\n<h2>Gr\u00f6\u00dfe: 474 ml<\/h2>\n<h2>Nat\u00fcrliche\/Organische Inhaltsstoffe<\/h2>\n<p>Wasser, Xylit, pflanzliches Glycerin, Hydroxylapatit, Natriumbicarbonat, nat\u00fcrliches Minzaroma, Aloe Vera-Blattsaft, Natriumbenzoat, Kaliumsorbat, Zitronens\u00e4ure<\/p>\n<h4>Sauber, wirksam und wissenschaftlich fundiert.<\/h4>\n<p>RiseWell Balancing Mouthwash wurde von Zahn\u00e4rzten entwickelt und wird ohne Fluorid, Alkohol, Parabene, Sulfate oder k\u00fcnstliche Farbstoffe hergestellt \u2013 nur reine, wirksame Inhaltsstoffe, die ein ges\u00fcnderes L\u00e4cheln unterst\u00fctzen.<\/p>\n\n\t<section class=\"section\" id=\"section_1093853055\">\n\t\t<div class=\"section-bg fill\" >\n\t\t\t\t\t\t\t\t\t\n\t\t\t\n\n\t\t<\/div>\n\n\t\t\n\n\t\t<div class=\"section-content relative\">\n\t\t\t\n\n<div class=\"row\"  id=\"row-1006968198\">\n\n\n\t<div id=\"col-798206554\" class=\"col small-12 large-12\"  >\n\t\t\t\t<div class=\"col-inner\"  >\n\t\t\t\n\t\t\t\n\n<div class=\"container section-title-container\" ><h3 class=\"section-title section-title-normal\"><b><\/b><span class=\"section-title-main\" >\u00dcber RiseWell<\/span><b><\/b><\/h3><\/div>\n\n<p><strong><img decoding=\"async\" class=\"alignright wp-image-357892\" src=\"https:\/\/dutchhealthstore.com\/wp-content\/uploads\/2025\/09\/risewell-large.png\" alt=\"\" width=\"168\" height=\"60\" srcset=\"https:\/\/dutchhealthstore.com\/wp-content\/uploads\/2025\/09\/risewell-large.png 451w, https:\/\/dutchhealthstore.com\/wp-content\/uploads\/2025\/09\/risewell-large-140x50.png 140w, https:\/\/dutchhealthstore.com\/wp-content\/uploads\/2025\/09\/risewell-large-64x23.png 64w\" sizes=\"(max-width: 168px) 100vw, 168px\" \/>RiseWell<\/strong> definiert die Mundpflege mit der Kraft der Natur und der Wissenschaft neu. Das Herzst\u00fcck jeder Formel ist <strong>Hydroxylapatit<\/strong> \u2013 das gleiche Mineral, aus dem 97 % Ihres Zahnschmelzes bestehen. Dieser nat\u00fcrliche und fluoridfreie Inhaltsstoff st\u00e4rkt, remineralisiert und hellt die Z\u00e4hne sicher und effektiv auf.  <\/p>\n<p>RiseWell wurde von Zahnexperten entwickelt und durch wissenschaftliche Forschung untermauert und bietet eine vollst\u00e4ndige Kollektion von Mundpflegeprodukten f\u00fcr die ganze Familie \u2013 von <strong>PRO Mineral Zahnpasta<\/strong> f\u00fcr empfindliche Z\u00e4hne bis hin zu <strong>Kinderzahnpasta<\/strong>, <strong>alkalisierendem Mundwasser<\/strong> und <strong>Teflon-freier Zahnseide<\/strong>.<\/p>\n<p>Jedes RiseWell-Produkt wird mit <strong>sauberen, ungiftigen Inhaltsstoffen<\/strong> hergestellt und ist <strong>sicher genug, um es zu schlucken<\/strong>, was es zu einer vertrauensw\u00fcrdigen Wahl f\u00fcr diejenigen macht, die effektive Ergebnisse ohne Kompromisse w\u00fcnschen.<\/p>\n<p>Von Zahn\u00e4rzten entwickelt, fluoridfrei und mit der Kraft der Natur \u2013 das ist der RiseWell-Unterschied.<\/p>\n\n\t\t<\/div>\n\t\t\t\t\t<\/div>\n\n\t\n\n<\/div>\n\n\t\t<\/div>\n\n\t\t\n<style>\n#section_1093853055 {\n  padding-top: 30px;\n  padding-bottom: 30px;\n}\n<\/style>\n\t<\/section>\n\t\n","protected":false},"excerpt":{"rendered":"<p>RiseWells <strong>Balancing Mouthwash<\/strong> ist eine fluoridfreie, alkoholfreie Formel, die mehr kann, als nur Ihren Atem zu erfrischen \u2013 sie unterst\u00fctzt Ihr orales Mikrobiom und hilft, ein gesundes pH-Gleichgewicht im Mund aufrechtzuerhalten. Angetrieben von mineralstoffreichem <strong>Hydroxylapatit<\/strong> (einem nat\u00fcrlichen Inhaltsstoff zum Wiederaufbau des Zahnschmelzes) und Xylit st\u00e4rkt diese sanfte Mundsp\u00fclung die Z\u00e4hne, beruhigt das Zahnfleisch und sch\u00fctzt vor sch\u00e4dlichen Bakterien \u2013 und das alles, ohne die guten Stoffe zu beeintr\u00e4chtigen. <\/p>\n","protected":false},"featured_media":357914,"comment_status":"open","ping_status":"closed","template":"","meta":[],"product_brand":[],"product_cat":[1032,1210,511,21729,1038],"product_tag":[4368],"class_list":{"0":"post-357989","1":"product","2":"type-product","3":"status-publish","4":"has-post-thumbnail","6":"product_cat-kategorien","7":"product_cat-marken","8":"product_cat-produkte","9":"product_cat-risewell-de","10":"product_cat-zahnpflege","11":"product_tag-dental-care-de","12":"pa_brand-risewell-de","13":"pa_dental-care-product-type-other-tools-de","14":"pa_dental-care-product-type-gum-care-de","15":"pa_gtin-860001463514-de","16":"pa_size-16-oz-474-ml-de","18":"first","19":"instock","20":"taxable","21":"shipping-taxable","22":"purchasable","23":"product-type-simple"},"bundled_by":[],"bundle_stock_status":"instock","bundle_stock_quantity":13,"bundle_virtual":false,"bundle_layout":"","bundle_add_to_cart_form_location":"","bundle_editable_in_cart":false,"bundle_sold_individually_context":"","bundle_item_grouping":"","bundle_min_size":"","bundle_max_size":"","bundle_price":[],"bundled_items":[],"bundle_sell_ids":[357983],"atum_controlled":true,"out_stock_date":null,"out_stock_threshold":null,"inheritable":false,"stock_on_hold":1,"sold_today":1,"sales_last_days":3,"out_stock_days":0,"lost_sales":0,"update_date":"2026-04-16T08:16:32","atum_locations":[],"atum_stock_status":"instock","restock_status":false,"low_stock_amount":"","sales_update_date":"2026-04-16T08:16:32","calc_backorders":null,"group_of_quantity":0,"min_quantity":0,"max_quantity":"","exclude_order_quantity_value_rules":"no","exclude_category_quantity_rules":"no","combine_variations":"no","yoast_head":"<!-- This site is optimized with the Yoast SEO Premium plugin v26.5 (Yoast SEO v26.5) - https:\/\/yoast.com\/wordpress\/plugins\/seo\/ -->\n<title>Balancing Mouthwash - RiseWell<\/title>\n<meta name=\"description\" content=\"St\u00e4rken Sie den Zahnschmelz und gleichen Sie den pH-Wert im Mund mit RiseWell Balancing Mouthwash aus \u2013 fluoridfrei, alkoholfrei und mit Hydroxylapatit.\" \/>\n<meta name=\"robots\" content=\"index, follow, max-snippet:-1, max-image-preview:large, max-video-preview:-1\" \/>\n<link rel=\"canonical\" href=\"https:\/\/dutchhealthstore.com\/de\/product\/balancing-mouthwash\/\" \/>\n<meta property=\"og:locale\" content=\"de_DE\" \/>\n<meta property=\"og:type\" content=\"article\" \/>\n<meta property=\"og:title\" content=\"Balancing Mouthwash - Dutch Health Store\" \/>\n<meta property=\"og:description\" content=\"St\u00e4rken Sie den Zahnschmelz und gleichen Sie den pH-Wert im Mund mit RiseWell Balancing Mouthwash aus \u2013 fluoridfrei, alkoholfrei und mit Hydroxylapatit.\" \/>\n<meta property=\"og:url\" content=\"https:\/\/dutchhealthstore.com\/de\/product\/balancing-mouthwash\/\" \/>\n<meta property=\"og:site_name\" content=\"Dutch Health Store\" \/>\n<meta property=\"article:publisher\" content=\"https:\/\/www.instagram.com\/dutchhealthstore\/\" \/>\n<meta property=\"article:modified_time\" content=\"2026-04-07T12:57:00+00:00\" \/>\n<meta property=\"og:image\" content=\"https:\/\/dutchhealthstore.com\/wp-content\/uploads\/2025\/09\/mouthwash.png\" \/>\n\t<meta property=\"og:image:width\" content=\"730\" \/>\n\t<meta property=\"og:image:height\" content=\"730\" \/>\n\t<meta property=\"og:image:type\" content=\"image\/png\" \/>\n<meta name=\"twitter:card\" content=\"summary_large_image\" \/>\n<meta name=\"twitter:label1\" content=\"Preis\" \/>\n\t<meta name=\"twitter:data1\" content=\"&euro;24,95\" \/>\n\t<meta name=\"twitter:label2\" content=\"Verf\u00fcgbarkeit\" \/>\n\t<meta name=\"twitter:data2\" content=\"Auf Lager\" \/>\n<script type=\"application\/ld+json\" class=\"yoast-schema-graph\">{\"@context\":\"https:\/\/schema.org\",\"@graph\":[{\"@type\":\"WebPage\",\"@id\":\"https:\/\/dutchhealthstore.com\/de\/product\/balancing-mouthwash\/\",\"url\":\"https:\/\/dutchhealthstore.com\/de\/product\/balancing-mouthwash\/\",\"name\":\"Balancing Mouthwash - RiseWell\",\"isPartOf\":{\"@id\":\"https:\/\/dutchhealthstore.com\/de\/#website\"},\"primaryImageOfPage\":{\"@id\":\"https:\/\/dutchhealthstore.com\/de\/product\/balancing-mouthwash\/#primaryimage\"},\"image\":{\"@id\":\"https:\/\/dutchhealthstore.com\/de\/product\/balancing-mouthwash\/#primaryimage\"},\"thumbnailUrl\":\"https:\/\/dutchhealthstore.com\/wp-content\/uploads\/2025\/09\/mouthwash.png\",\"datePublished\":\"2025-09-30T09:55:42+00:00\",\"dateModified\":\"2026-04-07T12:57:00+00:00\",\"description\":\"St\u00e4rken Sie den Zahnschmelz und gleichen Sie den pH-Wert im Mund mit RiseWell Balancing Mouthwash aus \u2013 fluoridfrei, alkoholfrei und mit Hydroxylapatit.\",\"breadcrumb\":{\"@id\":\"https:\/\/dutchhealthstore.com\/de\/product\/balancing-mouthwash\/#breadcrumb\"},\"inLanguage\":\"de\",\"potentialAction\":[{\"@type\":\"ReadAction\",\"target\":[\"https:\/\/dutchhealthstore.com\/de\/product\/balancing-mouthwash\/\"]}]},{\"@type\":\"ImageObject\",\"inLanguage\":\"de\",\"@id\":\"https:\/\/dutchhealthstore.com\/de\/product\/balancing-mouthwash\/#primaryimage\",\"url\":\"https:\/\/dutchhealthstore.com\/wp-content\/uploads\/2025\/09\/mouthwash.png\",\"contentUrl\":\"https:\/\/dutchhealthstore.com\/wp-content\/uploads\/2025\/09\/mouthwash.png\",\"width\":730,\"height\":730},{\"@type\":\"BreadcrumbList\",\"@id\":\"https:\/\/dutchhealthstore.com\/de\/product\/balancing-mouthwash\/#breadcrumb\",\"itemListElement\":[{\"@type\":\"ListItem\",\"position\":1,\"name\":\"Home\",\"item\":\"https:\/\/dutchhealthstore.com\/de\/\"},{\"@type\":\"ListItem\",\"position\":2,\"name\":\"Shop\",\"item\":\"https:\/\/dutchhealthstore.com\/de\/shop-2\/\"},{\"@type\":\"ListItem\",\"position\":3,\"name\":\"Balancing Mouthwash\"}]},{\"@type\":\"WebSite\",\"@id\":\"https:\/\/dutchhealthstore.com\/de\/#website\",\"url\":\"https:\/\/dutchhealthstore.com\/de\/\",\"name\":\"Dutch Health Store\",\"description\":\"Enhance Your Beauty with Organic &amp; Natural Skincare\",\"publisher\":{\"@id\":\"https:\/\/dutchhealthstore.com\/de\/#organization\"},\"potentialAction\":[{\"@type\":\"SearchAction\",\"target\":{\"@type\":\"EntryPoint\",\"urlTemplate\":\"https:\/\/dutchhealthstore.com\/de\/?s={search_term_string}\"},\"query-input\":{\"@type\":\"PropertyValueSpecification\",\"valueRequired\":true,\"valueName\":\"search_term_string\"}}],\"inLanguage\":\"de\"},{\"@type\":\"Organization\",\"@id\":\"https:\/\/dutchhealthstore.com\/de\/#organization\",\"name\":\"Dutch Health Store\",\"url\":\"https:\/\/dutchhealthstore.com\/de\/\",\"logo\":{\"@type\":\"ImageObject\",\"inLanguage\":\"de\",\"@id\":\"https:\/\/dutchhealthstore.com\/de\/#\/schema\/logo\/image\/\",\"url\":\"https:\/\/dutchhealthstore.com\/wp-content\/uploads\/2020\/08\/logo-dutchhealthstore-jpg-e1599484957574.jpg\",\"contentUrl\":\"https:\/\/dutchhealthstore.com\/wp-content\/uploads\/2020\/08\/logo-dutchhealthstore-jpg-e1599484957574.jpg\",\"width\":400,\"height\":62,\"caption\":\"Dutch Health Store\"},\"image\":{\"@id\":\"https:\/\/dutchhealthstore.com\/de\/#\/schema\/logo\/image\/\"},\"sameAs\":[\"https:\/\/www.instagram.com\/dutchhealthstore\/\",\"https:\/\/www.facebook.com\/dutchhealthstore\"]}]}<\/script>\n<meta property=\"product:brand\" content=\"RiseWell\" \/>\n<meta property=\"product:price:amount\" content=\"24.95\" \/>\n<meta property=\"product:price:currency\" content=\"EUR\" \/>\n<meta property=\"og:availability\" content=\"instock\" \/>\n<meta property=\"product:availability\" content=\"instock\" \/>\n<meta property=\"product:retailer_item_id\" content=\"RISE_02\" \/>\n<meta property=\"product:condition\" content=\"new\" \/>\n<!-- \/ Yoast SEO Premium plugin. -->","yoast_head_json":{"title":"Balancing Mouthwash - RiseWell","description":"St\u00e4rken Sie den Zahnschmelz und gleichen Sie den pH-Wert im Mund mit RiseWell Balancing Mouthwash aus \u2013 fluoridfrei, alkoholfrei und mit Hydroxylapatit.","robots":{"index":"index","follow":"follow","max-snippet":"max-snippet:-1","max-image-preview":"max-image-preview:large","max-video-preview":"max-video-preview:-1"},"canonical":"https:\/\/dutchhealthstore.com\/de\/product\/balancing-mouthwash\/","og_locale":"de_DE","og_type":"article","og_title":"Balancing Mouthwash - Dutch Health Store","og_description":"St\u00e4rken Sie den Zahnschmelz und gleichen Sie den pH-Wert im Mund mit RiseWell Balancing Mouthwash aus \u2013 fluoridfrei, alkoholfrei und mit Hydroxylapatit.","og_url":"https:\/\/dutchhealthstore.com\/de\/product\/balancing-mouthwash\/","og_site_name":"Dutch Health Store","article_publisher":"https:\/\/www.instagram.com\/dutchhealthstore\/","article_modified_time":"2026-04-07T12:57:00+00:00","og_image":[{"width":730,"height":730,"url":"https:\/\/dutchhealthstore.com\/wp-content\/uploads\/2025\/09\/mouthwash.png","type":"image\/png"}],"twitter_card":"summary_large_image","twitter_misc":{"Preis":"&euro;24,95","Verf\u00fcgbarkeit":"Auf Lager"},"schema":{"@context":"https:\/\/schema.org","@graph":[{"@type":"WebPage","@id":"https:\/\/dutchhealthstore.com\/de\/product\/balancing-mouthwash\/","url":"https:\/\/dutchhealthstore.com\/de\/product\/balancing-mouthwash\/","name":"Balancing Mouthwash - RiseWell","isPartOf":{"@id":"https:\/\/dutchhealthstore.com\/de\/#website"},"primaryImageOfPage":{"@id":"https:\/\/dutchhealthstore.com\/de\/product\/balancing-mouthwash\/#primaryimage"},"image":{"@id":"https:\/\/dutchhealthstore.com\/de\/product\/balancing-mouthwash\/#primaryimage"},"thumbnailUrl":"https:\/\/dutchhealthstore.com\/wp-content\/uploads\/2025\/09\/mouthwash.png","datePublished":"2025-09-30T09:55:42+00:00","dateModified":"2026-04-07T12:57:00+00:00","description":"St\u00e4rken Sie den Zahnschmelz und gleichen Sie den pH-Wert im Mund mit RiseWell Balancing Mouthwash aus \u2013 fluoridfrei, alkoholfrei und mit Hydroxylapatit.","breadcrumb":{"@id":"https:\/\/dutchhealthstore.com\/de\/product\/balancing-mouthwash\/#breadcrumb"},"inLanguage":"de","potentialAction":[{"@type":"ReadAction","target":["https:\/\/dutchhealthstore.com\/de\/product\/balancing-mouthwash\/"]}]},{"@type":"ImageObject","inLanguage":"de","@id":"https:\/\/dutchhealthstore.com\/de\/product\/balancing-mouthwash\/#primaryimage","url":"https:\/\/dutchhealthstore.com\/wp-content\/uploads\/2025\/09\/mouthwash.png","contentUrl":"https:\/\/dutchhealthstore.com\/wp-content\/uploads\/2025\/09\/mouthwash.png","width":730,"height":730},{"@type":"BreadcrumbList","@id":"https:\/\/dutchhealthstore.com\/de\/product\/balancing-mouthwash\/#breadcrumb","itemListElement":[{"@type":"ListItem","position":1,"name":"Home","item":"https:\/\/dutchhealthstore.com\/de\/"},{"@type":"ListItem","position":2,"name":"Shop","item":"https:\/\/dutchhealthstore.com\/de\/shop-2\/"},{"@type":"ListItem","position":3,"name":"Balancing Mouthwash"}]},{"@type":"WebSite","@id":"https:\/\/dutchhealthstore.com\/de\/#website","url":"https:\/\/dutchhealthstore.com\/de\/","name":"Dutch Health Store","description":"Enhance Your Beauty with Organic &amp; Natural Skincare","publisher":{"@id":"https:\/\/dutchhealthstore.com\/de\/#organization"},"potentialAction":[{"@type":"SearchAction","target":{"@type":"EntryPoint","urlTemplate":"https:\/\/dutchhealthstore.com\/de\/?s={search_term_string}"},"query-input":{"@type":"PropertyValueSpecification","valueRequired":true,"valueName":"search_term_string"}}],"inLanguage":"de"},{"@type":"Organization","@id":"https:\/\/dutchhealthstore.com\/de\/#organization","name":"Dutch Health Store","url":"https:\/\/dutchhealthstore.com\/de\/","logo":{"@type":"ImageObject","inLanguage":"de","@id":"https:\/\/dutchhealthstore.com\/de\/#\/schema\/logo\/image\/","url":"https:\/\/dutchhealthstore.com\/wp-content\/uploads\/2020\/08\/logo-dutchhealthstore-jpg-e1599484957574.jpg","contentUrl":"https:\/\/dutchhealthstore.com\/wp-content\/uploads\/2020\/08\/logo-dutchhealthstore-jpg-e1599484957574.jpg","width":400,"height":62,"caption":"Dutch Health Store"},"image":{"@id":"https:\/\/dutchhealthstore.com\/de\/#\/schema\/logo\/image\/"},"sameAs":["https:\/\/www.instagram.com\/dutchhealthstore\/","https:\/\/www.facebook.com\/dutchhealthstore"]}]},"product_brand":"RiseWell","product_price_amount":"24.95","product_price_currency":"EUR","og_availability":"instock","product_availability":"instock","product_retailer_item_id":"RISE_02","product_condition":"new"},"_links":{"self":[{"href":"https:\/\/dutchhealthstore.com\/de\/wp-json\/wp\/v2\/product\/357989","targetHints":{"allow":["GET"]}}],"collection":[{"href":"https:\/\/dutchhealthstore.com\/de\/wp-json\/wp\/v2\/product"}],"about":[{"href":"https:\/\/dutchhealthstore.com\/de\/wp-json\/wp\/v2\/types\/product"}],"replies":[{"embeddable":true,"href":"https:\/\/dutchhealthstore.com\/de\/wp-json\/wp\/v2\/comments?post=357989"}],"wp:featuredmedia":[{"embeddable":true,"href":"https:\/\/dutchhealthstore.com\/de\/wp-json\/wp\/v2\/media\/357914"}],"wp:attachment":[{"href":"https:\/\/dutchhealthstore.com\/de\/wp-json\/wp\/v2\/media?parent=357989"}],"wp:term":[{"taxonomy":"product_brand","embeddable":true,"href":"https:\/\/dutchhealthstore.com\/de\/wp-json\/wp\/v2\/product_brand?post=357989"},{"taxonomy":"product_cat","embeddable":true,"href":"https:\/\/dutchhealthstore.com\/de\/wp-json\/wp\/v2\/product_cat?post=357989"},{"taxonomy":"product_tag","embeddable":true,"href":"https:\/\/dutchhealthstore.com\/de\/wp-json\/wp\/v2\/product_tag?post=357989"}],"curies":[{"name":"wp","href":"https:\/\/api.w.org\/{rel}","templated":true}]}}