{"id":357983,"date":"2025-09-30T12:02:47","date_gmt":"2025-09-30T10:02:47","guid":{"rendered":"https:\/\/dutchhealthstore.com\/product\/a-ha-mints\/"},"modified":"2026-04-09T11:21:06","modified_gmt":"2026-04-09T09:21:06","slug":"a-ha-mints","status":"publish","type":"product","link":"https:\/\/dutchhealthstore.com\/de\/product\/a-ha-mints\/","title":{"rendered":"a-HA Mints"},"content":{"rendered":"<p>Im Gegensatz zu herk\u00f6mmlichen Minzbonbons, die Ger\u00fcche mit Zucker oder k\u00fcnstlichen Inhaltsstoffen \u00fcberdecken, ist die RiseWell-Formel frei von Fluorid, Alkohol und aggressiven Chemikalien \u2013 was sie sicher, wirksam und zu 100 % rein macht.<\/p>\n<h3>Wichtigste Vorteile<\/h3>\n<ul>\n<li>Erfrischt den Atem sofort, ohne Zucker oder k\u00fcnstliche S\u00fc\u00dfstoffe<\/li>\n<li>Hilft, den oralen pH-Wert wieder ins Gleichgewicht zu bringen, um den Zahnschmelz und gesunde Bakterien zu unterst\u00fctzen<\/li>\n<li>Verwendet AHAs, um den Mund sanft zu reinigen und zu sch\u00fctzen<\/li>\n<li>Reine, fluoridfreie, alkoholfreie und ungiftige Formel<\/li>\n<\/ul>\n<h3>Wie zu verwenden<\/h3>\n<p>Nehmen Sie ein Minzbonbon nach den Mahlzeiten, vor Besprechungen oder wann immer Sie ein sauberes, frisches Gef\u00fchl ben\u00f6tigen. Sicher f\u00fcr den t\u00e4glichen Gebrauch. <\/p>\n<h2>Inhalt: 30 Minzbonbons<\/h2>\n<h2>Nat\u00fcrliche\/Organische Inhaltsstoffe<\/h2>\n<ul>\n<li>Xylit (aus Birke)<\/li>\n<li>Apfels\u00e4ure (aus \u00c4pfeln)<\/li>\n<li>Weins\u00e4ure (aus Trauben)<\/li>\n<li>Nat\u00fcrliches Minzaroma<\/li>\n<li>Calciumcarbonat<\/li>\n<li>Steviablatt-Extrakt<\/li>\n<li>Pflanzliches Magnesiumstearat<\/li>\n<li>Siliziumdioxid<\/li>\n<\/ul>\n<h4>Sicher f\u00fcr Kinder und Erwachsene. Von Zahn\u00e4rzten empfohlen. Reisefreundlich.  <\/h4>\n<p>RiseWell AHA Minzbonbons sind die perfekte M\u00f6glichkeit, sich unterwegs zu erfrischen \u2013 und gleichzeitig Ihr langfristiges Mundwohl zu unterst\u00fctzen.<\/p>\n\n\t<section class=\"section\" id=\"section_337894928\">\n\t\t<div class=\"section-bg fill\" >\n\t\t\t\t\t\t\t\t\t\n\t\t\t\n\n\t\t<\/div>\n\n\t\t\n\n\t\t<div class=\"section-content relative\">\n\t\t\t\n\n<div class=\"row\"  id=\"row-483223911\">\n\n\n\t<div id=\"col-476819717\" class=\"col small-12 large-12\"  >\n\t\t\t\t<div class=\"col-inner\"  >\n\t\t\t\n\t\t\t\n\n<div class=\"container section-title-container\" ><h3 class=\"section-title section-title-normal\"><b><\/b><span class=\"section-title-main\" >\u00dcber RiseWell<\/span><b><\/b><\/h3><\/div>\n\n<p><strong><img decoding=\"async\" class=\"alignright wp-image-357892\" src=\"https:\/\/dutchhealthstore.com\/wp-content\/uploads\/2025\/09\/risewell-large.png\" alt=\"\" width=\"168\" height=\"60\" srcset=\"https:\/\/dutchhealthstore.com\/wp-content\/uploads\/2025\/09\/risewell-large.png 451w, https:\/\/dutchhealthstore.com\/wp-content\/uploads\/2025\/09\/risewell-large-140x50.png 140w, https:\/\/dutchhealthstore.com\/wp-content\/uploads\/2025\/09\/risewell-large-64x23.png 64w\" sizes=\"(max-width: 168px) 100vw, 168px\" \/>RiseWell<\/strong> definiert die Mundpflege mit der Kraft der Natur und der Wissenschaft neu. Das Herzst\u00fcck jeder Formel ist <strong>Hydroxylapatit<\/strong> \u2013 das gleiche Mineral, aus dem 97 % Ihres Zahnschmelzes bestehen. Dieser nat\u00fcrliche und fluoridfreie Inhaltsstoff st\u00e4rkt, remineralisiert und hellt die Z\u00e4hne sicher und effektiv auf.  <\/p>\n<p>RiseWell wurde von Zahnexperten entwickelt und durch wissenschaftliche Forschung untermauert und bietet eine vollst\u00e4ndige Kollektion von Mundpflegeprodukten f\u00fcr die ganze Familie \u2013 von <strong>PRO Mineral Zahnpasta<\/strong> f\u00fcr empfindliche Z\u00e4hne bis hin zu <strong>Kinderzahnpasta<\/strong>, <strong>alkalisierendem Mundwasser<\/strong> und <strong>Teflon-freier Zahnseide<\/strong>.<\/p>\n<p>Jedes RiseWell-Produkt wird mit <strong>sauberen, ungiftigen Inhaltsstoffen<\/strong> hergestellt und ist <strong>sicher genug, um es zu schlucken<\/strong>, was es zu einer vertrauensw\u00fcrdigen Wahl f\u00fcr diejenigen macht, die effektive Ergebnisse ohne Kompromisse w\u00fcnschen.<\/p>\n<p>Von Zahn\u00e4rzten entwickelt, fluoridfrei und mit der Kraft der Natur \u2013 das ist der RiseWell-Unterschied.<\/p>\n\n\t\t<\/div>\n\t\t\t\t\t<\/div>\n\n\t\n\n<\/div>\n\n\t\t<\/div>\n\n\t\t\n<style>\n#section_337894928 {\n  padding-top: 30px;\n  padding-bottom: 30px;\n}\n<\/style>\n\t<\/section>\n\t\n","protected":false},"excerpt":{"rendered":"<p>Frischer Atem trifft auf funktionelle Pflege. Die <g id=\"gid_0\">AHA Minzbonbons<\/g> von RiseWell sind mehr als nur Atemfrischer \u2013 sie sind wissenschaftlich formuliert, um die Mundgesundheit von innen heraus zu unterst\u00fctzen. Angetrieben von <strong>fruchtbasierten Alpha-Hydroxys\u00e4uren (AHAs)<\/strong>, gleichen diese Minzbonbons den pH-Wert im Mund sanft aus, unterst\u00fctzen einen gesunden Zahnschmelz und helfen, den ganzen Tag \u00fcber ein sauberes, frisches Gef\u00fchl zu bewahren.  <\/p>\n","protected":false},"featured_media":357939,"comment_status":"open","ping_status":"closed","template":"","meta":[],"product_brand":[],"product_cat":[1032,1210,511,21729,1038],"product_tag":[4368],"class_list":{"0":"post-357983","1":"product","2":"type-product","3":"status-publish","4":"has-post-thumbnail","6":"product_cat-kategorien","7":"product_cat-marken","8":"product_cat-produkte","9":"product_cat-risewell-de","10":"product_cat-zahnpflege","11":"product_tag-dental-care-de","12":"pa_brand-risewell-de","13":"pa_dental-care-product-type-other-tools-de","14":"pa_dental-care-product-type-toothpaste-de","15":"pa_gtin-860001463590-de","16":"pa_size-30-minzbonbons","18":"first","19":"instock","20":"taxable","21":"shipping-taxable","22":"purchasable","23":"product-type-simple"},"bundled_by":[],"bundle_stock_status":"instock","bundle_stock_quantity":9,"bundle_virtual":false,"bundle_layout":"","bundle_add_to_cart_form_location":"","bundle_editable_in_cart":false,"bundle_sold_individually_context":"","bundle_item_grouping":"","bundle_min_size":"","bundle_max_size":"","bundle_price":[],"bundled_items":[],"bundle_sell_ids":[],"atum_controlled":true,"out_stock_date":null,"out_stock_threshold":null,"inheritable":false,"stock_on_hold":1,"sold_today":0,"sales_last_days":1,"out_stock_days":0,"lost_sales":0,"update_date":"2026-04-13T01:15:24","atum_locations":[],"atum_stock_status":"instock","restock_status":false,"low_stock_amount":"","sales_update_date":"2026-04-13T01:15:24","calc_backorders":null,"group_of_quantity":0,"min_quantity":0,"max_quantity":"","exclude_order_quantity_value_rules":"no","exclude_category_quantity_rules":"no","combine_variations":"no","yoast_head":"<!-- This site is optimized with the Yoast SEO Premium plugin v26.5 (Yoast SEO v26.5) - https:\/\/yoast.com\/wordpress\/plugins\/seo\/ -->\n<title>a-HA Mints - RiseWell<\/title>\n<meta name=\"description\" content=\"Atem erfrischen, Mundgesundheit f\u00f6rdern mit RiseWell a-HA Mints \u2013 zucker- fluoridfreie Minzbonbons f\u00fcr pH-Balance und gesunden Mund.\" \/>\n<meta name=\"robots\" content=\"index, follow, max-snippet:-1, max-image-preview:large, max-video-preview:-1\" \/>\n<link rel=\"canonical\" href=\"https:\/\/dutchhealthstore.com\/de\/product\/a-ha-mints\/\" \/>\n<meta property=\"og:locale\" content=\"de_DE\" \/>\n<meta property=\"og:type\" content=\"article\" \/>\n<meta property=\"og:title\" content=\"a-HA Mints - Dutch Health Store\" \/>\n<meta property=\"og:description\" content=\"Atem erfrischen, Mundgesundheit f\u00f6rdern mit RiseWell a-HA Mints \u2013 zucker- fluoridfreie Minzbonbons f\u00fcr pH-Balance und gesunden Mund.\" \/>\n<meta property=\"og:url\" content=\"https:\/\/dutchhealthstore.com\/de\/product\/a-ha-mints\/\" \/>\n<meta property=\"og:site_name\" content=\"Dutch Health Store\" \/>\n<meta property=\"article:publisher\" content=\"https:\/\/www.instagram.com\/dutchhealthstore\/\" \/>\n<meta property=\"article:modified_time\" content=\"2026-04-09T09:21:06+00:00\" \/>\n<meta property=\"og:image\" content=\"https:\/\/dutchhealthstore.com\/wp-content\/uploads\/2025\/09\/risewell-ahamints.png\" \/>\n\t<meta property=\"og:image:width\" content=\"730\" \/>\n\t<meta property=\"og:image:height\" content=\"730\" \/>\n\t<meta property=\"og:image:type\" content=\"image\/png\" \/>\n<meta name=\"twitter:card\" content=\"summary_large_image\" \/>\n<meta name=\"twitter:label1\" content=\"Preis\" \/>\n\t<meta name=\"twitter:data1\" content=\"&euro;19,95\" \/>\n\t<meta name=\"twitter:label2\" content=\"Verf\u00fcgbarkeit\" \/>\n\t<meta name=\"twitter:data2\" content=\"Auf Lager\" \/>\n<script type=\"application\/ld+json\" class=\"yoast-schema-graph\">{\"@context\":\"https:\/\/schema.org\",\"@graph\":[{\"@type\":\"WebPage\",\"@id\":\"https:\/\/dutchhealthstore.com\/de\/product\/a-ha-mints\/\",\"url\":\"https:\/\/dutchhealthstore.com\/de\/product\/a-ha-mints\/\",\"name\":\"a-HA Mints - RiseWell\",\"isPartOf\":{\"@id\":\"https:\/\/dutchhealthstore.com\/de\/#website\"},\"primaryImageOfPage\":{\"@id\":\"https:\/\/dutchhealthstore.com\/de\/product\/a-ha-mints\/#primaryimage\"},\"image\":{\"@id\":\"https:\/\/dutchhealthstore.com\/de\/product\/a-ha-mints\/#primaryimage\"},\"thumbnailUrl\":\"https:\/\/dutchhealthstore.com\/wp-content\/uploads\/2025\/09\/risewell-ahamints.png\",\"datePublished\":\"2025-09-30T10:02:47+00:00\",\"dateModified\":\"2026-04-09T09:21:06+00:00\",\"description\":\"Atem erfrischen, Mundgesundheit f\u00f6rdern mit RiseWell a-HA Mints \u2013 zucker- fluoridfreie Minzbonbons f\u00fcr pH-Balance und gesunden Mund.\",\"breadcrumb\":{\"@id\":\"https:\/\/dutchhealthstore.com\/de\/product\/a-ha-mints\/#breadcrumb\"},\"inLanguage\":\"de\",\"potentialAction\":[{\"@type\":\"ReadAction\",\"target\":[\"https:\/\/dutchhealthstore.com\/de\/product\/a-ha-mints\/\"]}]},{\"@type\":\"ImageObject\",\"inLanguage\":\"de\",\"@id\":\"https:\/\/dutchhealthstore.com\/de\/product\/a-ha-mints\/#primaryimage\",\"url\":\"https:\/\/dutchhealthstore.com\/wp-content\/uploads\/2025\/09\/risewell-ahamints.png\",\"contentUrl\":\"https:\/\/dutchhealthstore.com\/wp-content\/uploads\/2025\/09\/risewell-ahamints.png\",\"width\":730,\"height\":730},{\"@type\":\"BreadcrumbList\",\"@id\":\"https:\/\/dutchhealthstore.com\/de\/product\/a-ha-mints\/#breadcrumb\",\"itemListElement\":[{\"@type\":\"ListItem\",\"position\":1,\"name\":\"Home\",\"item\":\"https:\/\/dutchhealthstore.com\/de\/\"},{\"@type\":\"ListItem\",\"position\":2,\"name\":\"Shop\",\"item\":\"https:\/\/dutchhealthstore.com\/de\/shop-2\/\"},{\"@type\":\"ListItem\",\"position\":3,\"name\":\"a-HA Mints\"}]},{\"@type\":\"WebSite\",\"@id\":\"https:\/\/dutchhealthstore.com\/de\/#website\",\"url\":\"https:\/\/dutchhealthstore.com\/de\/\",\"name\":\"Dutch Health Store\",\"description\":\"Enhance Your Beauty with Organic &amp; Natural Skincare\",\"publisher\":{\"@id\":\"https:\/\/dutchhealthstore.com\/de\/#organization\"},\"potentialAction\":[{\"@type\":\"SearchAction\",\"target\":{\"@type\":\"EntryPoint\",\"urlTemplate\":\"https:\/\/dutchhealthstore.com\/de\/?s={search_term_string}\"},\"query-input\":{\"@type\":\"PropertyValueSpecification\",\"valueRequired\":true,\"valueName\":\"search_term_string\"}}],\"inLanguage\":\"de\"},{\"@type\":\"Organization\",\"@id\":\"https:\/\/dutchhealthstore.com\/de\/#organization\",\"name\":\"Dutch Health Store\",\"url\":\"https:\/\/dutchhealthstore.com\/de\/\",\"logo\":{\"@type\":\"ImageObject\",\"inLanguage\":\"de\",\"@id\":\"https:\/\/dutchhealthstore.com\/de\/#\/schema\/logo\/image\/\",\"url\":\"https:\/\/dutchhealthstore.com\/wp-content\/uploads\/2020\/08\/logo-dutchhealthstore-jpg-e1599484957574.jpg\",\"contentUrl\":\"https:\/\/dutchhealthstore.com\/wp-content\/uploads\/2020\/08\/logo-dutchhealthstore-jpg-e1599484957574.jpg\",\"width\":400,\"height\":62,\"caption\":\"Dutch Health Store\"},\"image\":{\"@id\":\"https:\/\/dutchhealthstore.com\/de\/#\/schema\/logo\/image\/\"},\"sameAs\":[\"https:\/\/www.instagram.com\/dutchhealthstore\/\",\"https:\/\/www.facebook.com\/dutchhealthstore\"]}]}<\/script>\n<meta property=\"product:brand\" content=\"RiseWell\" \/>\n<meta property=\"product:price:amount\" content=\"19.95\" \/>\n<meta property=\"product:price:currency\" content=\"EUR\" \/>\n<meta property=\"og:availability\" content=\"instock\" \/>\n<meta property=\"product:availability\" content=\"instock\" \/>\n<meta property=\"product:retailer_item_id\" content=\"RISE_07\" \/>\n<meta property=\"product:condition\" content=\"new\" \/>\n<!-- \/ Yoast SEO Premium plugin. -->","yoast_head_json":{"title":"a-HA Mints - RiseWell","description":"Atem erfrischen, Mundgesundheit f\u00f6rdern mit RiseWell a-HA Mints \u2013 zucker- fluoridfreie Minzbonbons f\u00fcr pH-Balance und gesunden Mund.","robots":{"index":"index","follow":"follow","max-snippet":"max-snippet:-1","max-image-preview":"max-image-preview:large","max-video-preview":"max-video-preview:-1"},"canonical":"https:\/\/dutchhealthstore.com\/de\/product\/a-ha-mints\/","og_locale":"de_DE","og_type":"article","og_title":"a-HA Mints - Dutch Health Store","og_description":"Atem erfrischen, Mundgesundheit f\u00f6rdern mit RiseWell a-HA Mints \u2013 zucker- fluoridfreie Minzbonbons f\u00fcr pH-Balance und gesunden Mund.","og_url":"https:\/\/dutchhealthstore.com\/de\/product\/a-ha-mints\/","og_site_name":"Dutch Health Store","article_publisher":"https:\/\/www.instagram.com\/dutchhealthstore\/","article_modified_time":"2026-04-09T09:21:06+00:00","og_image":[{"width":730,"height":730,"url":"https:\/\/dutchhealthstore.com\/wp-content\/uploads\/2025\/09\/risewell-ahamints.png","type":"image\/png"}],"twitter_card":"summary_large_image","twitter_misc":{"Preis":"&euro;19,95","Verf\u00fcgbarkeit":"Auf Lager"},"schema":{"@context":"https:\/\/schema.org","@graph":[{"@type":"WebPage","@id":"https:\/\/dutchhealthstore.com\/de\/product\/a-ha-mints\/","url":"https:\/\/dutchhealthstore.com\/de\/product\/a-ha-mints\/","name":"a-HA Mints - RiseWell","isPartOf":{"@id":"https:\/\/dutchhealthstore.com\/de\/#website"},"primaryImageOfPage":{"@id":"https:\/\/dutchhealthstore.com\/de\/product\/a-ha-mints\/#primaryimage"},"image":{"@id":"https:\/\/dutchhealthstore.com\/de\/product\/a-ha-mints\/#primaryimage"},"thumbnailUrl":"https:\/\/dutchhealthstore.com\/wp-content\/uploads\/2025\/09\/risewell-ahamints.png","datePublished":"2025-09-30T10:02:47+00:00","dateModified":"2026-04-09T09:21:06+00:00","description":"Atem erfrischen, Mundgesundheit f\u00f6rdern mit RiseWell a-HA Mints \u2013 zucker- fluoridfreie Minzbonbons f\u00fcr pH-Balance und gesunden Mund.","breadcrumb":{"@id":"https:\/\/dutchhealthstore.com\/de\/product\/a-ha-mints\/#breadcrumb"},"inLanguage":"de","potentialAction":[{"@type":"ReadAction","target":["https:\/\/dutchhealthstore.com\/de\/product\/a-ha-mints\/"]}]},{"@type":"ImageObject","inLanguage":"de","@id":"https:\/\/dutchhealthstore.com\/de\/product\/a-ha-mints\/#primaryimage","url":"https:\/\/dutchhealthstore.com\/wp-content\/uploads\/2025\/09\/risewell-ahamints.png","contentUrl":"https:\/\/dutchhealthstore.com\/wp-content\/uploads\/2025\/09\/risewell-ahamints.png","width":730,"height":730},{"@type":"BreadcrumbList","@id":"https:\/\/dutchhealthstore.com\/de\/product\/a-ha-mints\/#breadcrumb","itemListElement":[{"@type":"ListItem","position":1,"name":"Home","item":"https:\/\/dutchhealthstore.com\/de\/"},{"@type":"ListItem","position":2,"name":"Shop","item":"https:\/\/dutchhealthstore.com\/de\/shop-2\/"},{"@type":"ListItem","position":3,"name":"a-HA Mints"}]},{"@type":"WebSite","@id":"https:\/\/dutchhealthstore.com\/de\/#website","url":"https:\/\/dutchhealthstore.com\/de\/","name":"Dutch Health Store","description":"Enhance Your Beauty with Organic &amp; Natural Skincare","publisher":{"@id":"https:\/\/dutchhealthstore.com\/de\/#organization"},"potentialAction":[{"@type":"SearchAction","target":{"@type":"EntryPoint","urlTemplate":"https:\/\/dutchhealthstore.com\/de\/?s={search_term_string}"},"query-input":{"@type":"PropertyValueSpecification","valueRequired":true,"valueName":"search_term_string"}}],"inLanguage":"de"},{"@type":"Organization","@id":"https:\/\/dutchhealthstore.com\/de\/#organization","name":"Dutch Health Store","url":"https:\/\/dutchhealthstore.com\/de\/","logo":{"@type":"ImageObject","inLanguage":"de","@id":"https:\/\/dutchhealthstore.com\/de\/#\/schema\/logo\/image\/","url":"https:\/\/dutchhealthstore.com\/wp-content\/uploads\/2020\/08\/logo-dutchhealthstore-jpg-e1599484957574.jpg","contentUrl":"https:\/\/dutchhealthstore.com\/wp-content\/uploads\/2020\/08\/logo-dutchhealthstore-jpg-e1599484957574.jpg","width":400,"height":62,"caption":"Dutch Health Store"},"image":{"@id":"https:\/\/dutchhealthstore.com\/de\/#\/schema\/logo\/image\/"},"sameAs":["https:\/\/www.instagram.com\/dutchhealthstore\/","https:\/\/www.facebook.com\/dutchhealthstore"]}]},"product_brand":"RiseWell","product_price_amount":"19.95","product_price_currency":"EUR","og_availability":"instock","product_availability":"instock","product_retailer_item_id":"RISE_07","product_condition":"new"},"_links":{"self":[{"href":"https:\/\/dutchhealthstore.com\/de\/wp-json\/wp\/v2\/product\/357983","targetHints":{"allow":["GET"]}}],"collection":[{"href":"https:\/\/dutchhealthstore.com\/de\/wp-json\/wp\/v2\/product"}],"about":[{"href":"https:\/\/dutchhealthstore.com\/de\/wp-json\/wp\/v2\/types\/product"}],"replies":[{"embeddable":true,"href":"https:\/\/dutchhealthstore.com\/de\/wp-json\/wp\/v2\/comments?post=357983"}],"wp:featuredmedia":[{"embeddable":true,"href":"https:\/\/dutchhealthstore.com\/de\/wp-json\/wp\/v2\/media\/357939"}],"wp:attachment":[{"href":"https:\/\/dutchhealthstore.com\/de\/wp-json\/wp\/v2\/media?parent=357983"}],"wp:term":[{"taxonomy":"product_brand","embeddable":true,"href":"https:\/\/dutchhealthstore.com\/de\/wp-json\/wp\/v2\/product_brand?post=357983"},{"taxonomy":"product_cat","embeddable":true,"href":"https:\/\/dutchhealthstore.com\/de\/wp-json\/wp\/v2\/product_cat?post=357983"},{"taxonomy":"product_tag","embeddable":true,"href":"https:\/\/dutchhealthstore.com\/de\/wp-json\/wp\/v2\/product_tag?post=357983"}],"curies":[{"name":"wp","href":"https:\/\/api.w.org\/{rel}","templated":true}]}}