{"id":357980,"date":"2025-09-30T12:04:18","date_gmt":"2025-09-30T10:04:18","guid":{"rendered":"https:\/\/dutchhealthstore.com\/product\/scrubby-floss\/"},"modified":"2026-04-06T08:23:04","modified_gmt":"2026-04-06T06:23:04","slug":"scrubby-floss","status":"publish","type":"product","link":"https:\/\/dutchhealthstore.com\/de\/product\/scrubby-floss\/","title":{"rendered":"Scrubby Floss"},"content":{"rendered":"<p>Ihre weiche, schwammartige Textur dehnt sich bei der Anwendung aus und erzeugt eine sanfte \u201eScheuerwirkung\u201c, die Plaque entfernt, das Zahnfleisch massiert und ein frisches und gesundes Gef\u00fchl im Mund hinterl\u00e4sst. Keine aggressiven Chemikalien, kein synthetisches Wachs \u2013 nur saubere, effektive Zahnseide, die Spa\u00df macht. <\/p>\n<h3>Wichtigste Vorteile<\/h3>\n<ul>\n<li>Mit Hydroxylapatit angereichert, um die Schmelzfestigkeit zu unterst\u00fctzen<\/li>\n<li>Expandierende Textur f\u00fcr eine tiefere, effektivere Reinigung<\/li>\n<li>Weiches, schwammiges Gef\u00fchl, das sanft zum Zahnfleisch ist<\/li>\n<li>Hilft, Plaque zu reduzieren und den Atem zu erfrischen<\/li>\n<li>Fluoridfrei, vegan und ungiftig<\/li>\n<\/ul>\n<h3>Wie zu verwenden<\/h3>\n<p>Bewegen Sie die Zahnseide vorsichtig zwischen Ihren Z\u00e4hnen hin und her, damit sie sich ausdehnen kann. Gleiten Sie auf und ab gegen jede Zahnoberfl\u00e4che, um eine maximale Reinigung zu erzielen. <\/p>\n<h2>Gr\u00f6\u00dfe: 30 Meter<\/h2>\n<h2>Nat\u00fcrliche\/Organische Inhaltsstoffe<\/h2>\n<p>Nylon-Zahnseide, mikrokristallines Wachs, Hydroxylapatit, nat\u00fcrlicher Minzgeschmack, Xylit<\/p>\n<h4>Ihre t\u00e4gliche Zahnseide, verbessert.<\/h4>\n<p>Scrubby Floss verwandelt Ihre Zahnseide-Routine in ein mineralstoffreiches, zahnfleischliebendes Ritual \u2013 sicher f\u00fcr die ganze Familie.<\/p>\n\n\t<section class=\"section\" id=\"section_730320841\">\n\t\t<div class=\"section-bg fill\" >\n\t\t\t\t\t\t\t\t\t\n\t\t\t\n\n\t\t<\/div>\n\n\t\t\n\n\t\t<div class=\"section-content relative\">\n\t\t\t\n\n<div class=\"row\"  id=\"row-1301808486\">\n\n\n\t<div id=\"col-396796613\" class=\"col small-12 large-12\"  >\n\t\t\t\t<div class=\"col-inner\"  >\n\t\t\t\n\t\t\t\n\n<div class=\"container section-title-container\" ><h3 class=\"section-title section-title-normal\"><b><\/b><span class=\"section-title-main\" >\u00dcber RiseWell<\/span><b><\/b><\/h3><\/div>\n\n<p><strong><img decoding=\"async\" class=\"alignright wp-image-357892\" src=\"https:\/\/dutchhealthstore.com\/wp-content\/uploads\/2025\/09\/risewell-large.png\" alt=\"\" width=\"168\" height=\"60\" srcset=\"https:\/\/dutchhealthstore.com\/wp-content\/uploads\/2025\/09\/risewell-large.png 451w, https:\/\/dutchhealthstore.com\/wp-content\/uploads\/2025\/09\/risewell-large-140x50.png 140w, https:\/\/dutchhealthstore.com\/wp-content\/uploads\/2025\/09\/risewell-large-64x23.png 64w\" sizes=\"(max-width: 168px) 100vw, 168px\" \/>RiseWell<\/strong> definiert die Mundpflege mit der Kraft der Natur und der Wissenschaft neu. Das Herzst\u00fcck jeder Formel ist <strong>Hydroxylapatit<\/strong> \u2013 das gleiche Mineral, aus dem 97 % Ihres Zahnschmelzes bestehen. Dieser nat\u00fcrliche und fluoridfreie Inhaltsstoff st\u00e4rkt, remineralisiert und hellt die Z\u00e4hne sicher und effektiv auf.  <\/p>\n<p>RiseWell wurde von Zahnexperten entwickelt und durch wissenschaftliche Forschung untermauert und bietet eine vollst\u00e4ndige Kollektion von Mundpflegeprodukten f\u00fcr die ganze Familie \u2013 von <strong>PRO Mineral Zahnpasta<\/strong> f\u00fcr empfindliche Z\u00e4hne bis hin zu <strong>Kinderzahnpasta<\/strong>, <strong>alkalisierendem Mundwasser<\/strong> und <strong>Teflon-freier Zahnseide<\/strong>.<\/p>\n<p>Jedes RiseWell-Produkt wird mit <strong>sauberen, ungiftigen Inhaltsstoffen<\/strong> hergestellt und ist <strong>sicher genug, um es zu schlucken<\/strong>, was es zu einer vertrauensw\u00fcrdigen Wahl f\u00fcr diejenigen macht, die effektive Ergebnisse ohne Kompromisse w\u00fcnschen.<\/p>\n<p>Von Zahn\u00e4rzten entwickelt, fluoridfrei und mit der Kraft der Natur \u2013 das ist der RiseWell-Unterschied.<\/p>\n\n\t\t<\/div>\n\t\t\t\t\t<\/div>\n\n\t\n\n<\/div>\n\n\t\t<\/div>\n\n\t\t\n<style>\n#section_730320841 {\n  padding-top: 30px;\n  padding-bottom: 30px;\n}\n<\/style>\n\t<\/section>\n\t\n","protected":false},"excerpt":{"rendered":"<p>D\u00fcrfen wir vorstellen: <strong>Scrubby Floss<\/strong> \u2013 die bahnbrechende Zahnseide von RiseWell, angereichert mit <strong>Hydroxylapatit<\/strong>, dem gleichen Mineral, aus dem Ihr Zahnschmelz besteht. Im Gegensatz zu herk\u00f6mmlicher Zahnseide, die nur Ablagerungen entfernt, arbeitet Scrubby Floss aktiv daran, die Zahnzwischenr\u00e4ume zu <strong>remineralisieren<\/strong> und sorgt gleichzeitig f\u00fcr eine gr\u00fcndliche, zufriedenstellende Reinigung. <\/p>\n","protected":false},"featured_media":357910,"comment_status":"open","ping_status":"closed","template":"","meta":[],"product_brand":[],"product_cat":[1032,1210,511,21729,1038],"product_tag":[4368],"class_list":{"0":"post-357980","1":"product","2":"type-product","3":"status-publish","4":"has-post-thumbnail","6":"product_cat-kategorien","7":"product_cat-marken","8":"product_cat-produkte","9":"product_cat-risewell-de","10":"product_cat-zahnpflege","11":"product_tag-dental-care-de","12":"pa_brand-risewell-de","13":"pa_dental-care-product-type-scrapers-floss-de","14":"pa_gtin-860001463521-de","15":"pa_size-30-meter-de","17":"first","18":"instock","19":"taxable","20":"shipping-taxable","21":"purchasable","22":"product-type-simple"},"bundled_by":[],"bundle_stock_status":"instock","bundle_stock_quantity":13,"bundle_virtual":false,"bundle_layout":"","bundle_add_to_cart_form_location":"","bundle_editable_in_cart":false,"bundle_sold_individually_context":"","bundle_item_grouping":"","bundle_min_size":"","bundle_max_size":"","bundle_price":[],"bundled_items":[],"bundle_sell_ids":[179392],"atum_controlled":true,"out_stock_date":null,"out_stock_threshold":null,"inheritable":false,"stock_on_hold":0,"sold_today":0,"sales_last_days":0,"out_stock_days":0,"lost_sales":0,"update_date":"2026-04-10T16:59:43","atum_locations":[],"atum_stock_status":"instock","restock_status":false,"low_stock_amount":"","sales_update_date":"2026-04-10T16:59:42","calc_backorders":null,"group_of_quantity":0,"min_quantity":0,"max_quantity":"","exclude_order_quantity_value_rules":"no","exclude_category_quantity_rules":"no","combine_variations":"no","yoast_head":"<!-- This site is optimized with the Yoast SEO Premium plugin v26.5 (Yoast SEO v26.5) - https:\/\/yoast.com\/wordpress\/plugins\/seo\/ -->\n<title>Scrubby Floss - RiseWell<\/title>\n<meta name=\"description\" content=\"RiseWell Scrubby Floss: St\u00e4rkt Zahnschmelz, reinigt Zahnzwischenr\u00e4ume. Hydroxylapatit, Minzgeschmack.\" \/>\n<meta name=\"robots\" content=\"index, follow, max-snippet:-1, max-image-preview:large, max-video-preview:-1\" \/>\n<link rel=\"canonical\" href=\"https:\/\/dutchhealthstore.com\/de\/product\/scrubby-floss\/\" \/>\n<meta property=\"og:locale\" content=\"de_DE\" \/>\n<meta property=\"og:type\" content=\"article\" \/>\n<meta property=\"og:title\" content=\"Scrubby Floss - Dutch Health Store\" \/>\n<meta property=\"og:description\" content=\"RiseWell Scrubby Floss: St\u00e4rkt Zahnschmelz, reinigt Zahnzwischenr\u00e4ume. Hydroxylapatit, Minzgeschmack.\" \/>\n<meta property=\"og:url\" content=\"https:\/\/dutchhealthstore.com\/de\/product\/scrubby-floss\/\" \/>\n<meta property=\"og:site_name\" content=\"Dutch Health Store\" \/>\n<meta property=\"article:publisher\" content=\"https:\/\/www.instagram.com\/dutchhealthstore\/\" \/>\n<meta property=\"article:modified_time\" content=\"2026-04-06T06:23:04+00:00\" \/>\n<meta property=\"og:image\" content=\"https:\/\/dutchhealthstore.com\/wp-content\/uploads\/2025\/09\/scrubby-floss.png\" \/>\n\t<meta property=\"og:image:width\" content=\"730\" \/>\n\t<meta property=\"og:image:height\" content=\"730\" \/>\n\t<meta property=\"og:image:type\" content=\"image\/png\" \/>\n<meta name=\"twitter:card\" content=\"summary_large_image\" \/>\n<meta name=\"twitter:label1\" content=\"Preis\" \/>\n\t<meta name=\"twitter:data1\" content=\"&euro;14,95\" \/>\n\t<meta name=\"twitter:label2\" content=\"Verf\u00fcgbarkeit\" \/>\n\t<meta name=\"twitter:data2\" content=\"Auf Lager\" \/>\n<script type=\"application\/ld+json\" class=\"yoast-schema-graph\">{\"@context\":\"https:\/\/schema.org\",\"@graph\":[{\"@type\":\"WebPage\",\"@id\":\"https:\/\/dutchhealthstore.com\/de\/product\/scrubby-floss\/\",\"url\":\"https:\/\/dutchhealthstore.com\/de\/product\/scrubby-floss\/\",\"name\":\"Scrubby Floss - RiseWell\",\"isPartOf\":{\"@id\":\"https:\/\/dutchhealthstore.com\/de\/#website\"},\"primaryImageOfPage\":{\"@id\":\"https:\/\/dutchhealthstore.com\/de\/product\/scrubby-floss\/#primaryimage\"},\"image\":{\"@id\":\"https:\/\/dutchhealthstore.com\/de\/product\/scrubby-floss\/#primaryimage\"},\"thumbnailUrl\":\"https:\/\/dutchhealthstore.com\/wp-content\/uploads\/2025\/09\/scrubby-floss.png\",\"datePublished\":\"2025-09-30T10:04:18+00:00\",\"dateModified\":\"2026-04-06T06:23:04+00:00\",\"description\":\"RiseWell Scrubby Floss: St\u00e4rkt Zahnschmelz, reinigt Zahnzwischenr\u00e4ume. Hydroxylapatit, Minzgeschmack.\",\"breadcrumb\":{\"@id\":\"https:\/\/dutchhealthstore.com\/de\/product\/scrubby-floss\/#breadcrumb\"},\"inLanguage\":\"de\",\"potentialAction\":[{\"@type\":\"ReadAction\",\"target\":[\"https:\/\/dutchhealthstore.com\/de\/product\/scrubby-floss\/\"]}]},{\"@type\":\"ImageObject\",\"inLanguage\":\"de\",\"@id\":\"https:\/\/dutchhealthstore.com\/de\/product\/scrubby-floss\/#primaryimage\",\"url\":\"https:\/\/dutchhealthstore.com\/wp-content\/uploads\/2025\/09\/scrubby-floss.png\",\"contentUrl\":\"https:\/\/dutchhealthstore.com\/wp-content\/uploads\/2025\/09\/scrubby-floss.png\",\"width\":730,\"height\":730},{\"@type\":\"BreadcrumbList\",\"@id\":\"https:\/\/dutchhealthstore.com\/de\/product\/scrubby-floss\/#breadcrumb\",\"itemListElement\":[{\"@type\":\"ListItem\",\"position\":1,\"name\":\"Home\",\"item\":\"https:\/\/dutchhealthstore.com\/de\/\"},{\"@type\":\"ListItem\",\"position\":2,\"name\":\"Shop\",\"item\":\"https:\/\/dutchhealthstore.com\/de\/shop-2\/\"},{\"@type\":\"ListItem\",\"position\":3,\"name\":\"Scrubby Floss\"}]},{\"@type\":\"WebSite\",\"@id\":\"https:\/\/dutchhealthstore.com\/de\/#website\",\"url\":\"https:\/\/dutchhealthstore.com\/de\/\",\"name\":\"Dutch Health Store\",\"description\":\"Enhance Your Beauty with Organic &amp; Natural Skincare\",\"publisher\":{\"@id\":\"https:\/\/dutchhealthstore.com\/de\/#organization\"},\"potentialAction\":[{\"@type\":\"SearchAction\",\"target\":{\"@type\":\"EntryPoint\",\"urlTemplate\":\"https:\/\/dutchhealthstore.com\/de\/?s={search_term_string}\"},\"query-input\":{\"@type\":\"PropertyValueSpecification\",\"valueRequired\":true,\"valueName\":\"search_term_string\"}}],\"inLanguage\":\"de\"},{\"@type\":\"Organization\",\"@id\":\"https:\/\/dutchhealthstore.com\/de\/#organization\",\"name\":\"Dutch Health Store\",\"url\":\"https:\/\/dutchhealthstore.com\/de\/\",\"logo\":{\"@type\":\"ImageObject\",\"inLanguage\":\"de\",\"@id\":\"https:\/\/dutchhealthstore.com\/de\/#\/schema\/logo\/image\/\",\"url\":\"https:\/\/dutchhealthstore.com\/wp-content\/uploads\/2020\/08\/logo-dutchhealthstore-jpg-e1599484957574.jpg\",\"contentUrl\":\"https:\/\/dutchhealthstore.com\/wp-content\/uploads\/2020\/08\/logo-dutchhealthstore-jpg-e1599484957574.jpg\",\"width\":400,\"height\":62,\"caption\":\"Dutch Health Store\"},\"image\":{\"@id\":\"https:\/\/dutchhealthstore.com\/de\/#\/schema\/logo\/image\/\"},\"sameAs\":[\"https:\/\/www.instagram.com\/dutchhealthstore\/\",\"https:\/\/www.facebook.com\/dutchhealthstore\"]}]}<\/script>\n<meta property=\"product:brand\" content=\"RiseWell\" \/>\n<meta property=\"product:price:amount\" content=\"14.95\" \/>\n<meta property=\"product:price:currency\" content=\"EUR\" \/>\n<meta property=\"og:availability\" content=\"instock\" \/>\n<meta property=\"product:availability\" content=\"instock\" \/>\n<meta property=\"product:retailer_item_id\" content=\"RISE_04\" \/>\n<meta property=\"product:condition\" content=\"new\" \/>\n<!-- \/ Yoast SEO Premium plugin. -->","yoast_head_json":{"title":"Scrubby Floss - RiseWell","description":"RiseWell Scrubby Floss: St\u00e4rkt Zahnschmelz, reinigt Zahnzwischenr\u00e4ume. Hydroxylapatit, Minzgeschmack.","robots":{"index":"index","follow":"follow","max-snippet":"max-snippet:-1","max-image-preview":"max-image-preview:large","max-video-preview":"max-video-preview:-1"},"canonical":"https:\/\/dutchhealthstore.com\/de\/product\/scrubby-floss\/","og_locale":"de_DE","og_type":"article","og_title":"Scrubby Floss - Dutch Health Store","og_description":"RiseWell Scrubby Floss: St\u00e4rkt Zahnschmelz, reinigt Zahnzwischenr\u00e4ume. Hydroxylapatit, Minzgeschmack.","og_url":"https:\/\/dutchhealthstore.com\/de\/product\/scrubby-floss\/","og_site_name":"Dutch Health Store","article_publisher":"https:\/\/www.instagram.com\/dutchhealthstore\/","article_modified_time":"2026-04-06T06:23:04+00:00","og_image":[{"width":730,"height":730,"url":"https:\/\/dutchhealthstore.com\/wp-content\/uploads\/2025\/09\/scrubby-floss.png","type":"image\/png"}],"twitter_card":"summary_large_image","twitter_misc":{"Preis":"&euro;14,95","Verf\u00fcgbarkeit":"Auf Lager"},"schema":{"@context":"https:\/\/schema.org","@graph":[{"@type":"WebPage","@id":"https:\/\/dutchhealthstore.com\/de\/product\/scrubby-floss\/","url":"https:\/\/dutchhealthstore.com\/de\/product\/scrubby-floss\/","name":"Scrubby Floss - RiseWell","isPartOf":{"@id":"https:\/\/dutchhealthstore.com\/de\/#website"},"primaryImageOfPage":{"@id":"https:\/\/dutchhealthstore.com\/de\/product\/scrubby-floss\/#primaryimage"},"image":{"@id":"https:\/\/dutchhealthstore.com\/de\/product\/scrubby-floss\/#primaryimage"},"thumbnailUrl":"https:\/\/dutchhealthstore.com\/wp-content\/uploads\/2025\/09\/scrubby-floss.png","datePublished":"2025-09-30T10:04:18+00:00","dateModified":"2026-04-06T06:23:04+00:00","description":"RiseWell Scrubby Floss: St\u00e4rkt Zahnschmelz, reinigt Zahnzwischenr\u00e4ume. Hydroxylapatit, Minzgeschmack.","breadcrumb":{"@id":"https:\/\/dutchhealthstore.com\/de\/product\/scrubby-floss\/#breadcrumb"},"inLanguage":"de","potentialAction":[{"@type":"ReadAction","target":["https:\/\/dutchhealthstore.com\/de\/product\/scrubby-floss\/"]}]},{"@type":"ImageObject","inLanguage":"de","@id":"https:\/\/dutchhealthstore.com\/de\/product\/scrubby-floss\/#primaryimage","url":"https:\/\/dutchhealthstore.com\/wp-content\/uploads\/2025\/09\/scrubby-floss.png","contentUrl":"https:\/\/dutchhealthstore.com\/wp-content\/uploads\/2025\/09\/scrubby-floss.png","width":730,"height":730},{"@type":"BreadcrumbList","@id":"https:\/\/dutchhealthstore.com\/de\/product\/scrubby-floss\/#breadcrumb","itemListElement":[{"@type":"ListItem","position":1,"name":"Home","item":"https:\/\/dutchhealthstore.com\/de\/"},{"@type":"ListItem","position":2,"name":"Shop","item":"https:\/\/dutchhealthstore.com\/de\/shop-2\/"},{"@type":"ListItem","position":3,"name":"Scrubby Floss"}]},{"@type":"WebSite","@id":"https:\/\/dutchhealthstore.com\/de\/#website","url":"https:\/\/dutchhealthstore.com\/de\/","name":"Dutch Health Store","description":"Enhance Your Beauty with Organic &amp; Natural Skincare","publisher":{"@id":"https:\/\/dutchhealthstore.com\/de\/#organization"},"potentialAction":[{"@type":"SearchAction","target":{"@type":"EntryPoint","urlTemplate":"https:\/\/dutchhealthstore.com\/de\/?s={search_term_string}"},"query-input":{"@type":"PropertyValueSpecification","valueRequired":true,"valueName":"search_term_string"}}],"inLanguage":"de"},{"@type":"Organization","@id":"https:\/\/dutchhealthstore.com\/de\/#organization","name":"Dutch Health Store","url":"https:\/\/dutchhealthstore.com\/de\/","logo":{"@type":"ImageObject","inLanguage":"de","@id":"https:\/\/dutchhealthstore.com\/de\/#\/schema\/logo\/image\/","url":"https:\/\/dutchhealthstore.com\/wp-content\/uploads\/2020\/08\/logo-dutchhealthstore-jpg-e1599484957574.jpg","contentUrl":"https:\/\/dutchhealthstore.com\/wp-content\/uploads\/2020\/08\/logo-dutchhealthstore-jpg-e1599484957574.jpg","width":400,"height":62,"caption":"Dutch Health Store"},"image":{"@id":"https:\/\/dutchhealthstore.com\/de\/#\/schema\/logo\/image\/"},"sameAs":["https:\/\/www.instagram.com\/dutchhealthstore\/","https:\/\/www.facebook.com\/dutchhealthstore"]}]},"product_brand":"RiseWell","product_price_amount":"14.95","product_price_currency":"EUR","og_availability":"instock","product_availability":"instock","product_retailer_item_id":"RISE_04","product_condition":"new"},"_links":{"self":[{"href":"https:\/\/dutchhealthstore.com\/de\/wp-json\/wp\/v2\/product\/357980","targetHints":{"allow":["GET"]}}],"collection":[{"href":"https:\/\/dutchhealthstore.com\/de\/wp-json\/wp\/v2\/product"}],"about":[{"href":"https:\/\/dutchhealthstore.com\/de\/wp-json\/wp\/v2\/types\/product"}],"replies":[{"embeddable":true,"href":"https:\/\/dutchhealthstore.com\/de\/wp-json\/wp\/v2\/comments?post=357980"}],"wp:featuredmedia":[{"embeddable":true,"href":"https:\/\/dutchhealthstore.com\/de\/wp-json\/wp\/v2\/media\/357910"}],"wp:attachment":[{"href":"https:\/\/dutchhealthstore.com\/de\/wp-json\/wp\/v2\/media?parent=357980"}],"wp:term":[{"taxonomy":"product_brand","embeddable":true,"href":"https:\/\/dutchhealthstore.com\/de\/wp-json\/wp\/v2\/product_brand?post=357980"},{"taxonomy":"product_cat","embeddable":true,"href":"https:\/\/dutchhealthstore.com\/de\/wp-json\/wp\/v2\/product_cat?post=357980"},{"taxonomy":"product_tag","embeddable":true,"href":"https:\/\/dutchhealthstore.com\/de\/wp-json\/wp\/v2\/product_tag?post=357980"}],"curies":[{"name":"wp","href":"https:\/\/api.w.org\/{rel}","templated":true}]}}