{"id":357976,"date":"2025-09-30T12:06:44","date_gmt":"2025-09-30T10:06:44","guid":{"rendered":"https:\/\/dutchhealthstore.com\/product\/kids-mineral-toothpaste\/"},"modified":"2026-04-06T08:23:05","modified_gmt":"2026-04-06T06:23:05","slug":"kids-mineral-toothpaste","status":"publish","type":"product","link":"https:\/\/dutchhealthstore.com\/de\/product\/kids-mineral-toothpaste\/","title":{"rendered":"Kids Mineral Toothpaste"},"content":{"rendered":"<ul>\n<li>K\u00f6stlicher Geschmack \u2013 Ein s\u00fc\u00dfer Kuchenteig-Geschmack, den Kinder lieben (und ja, auch Erwachsene m\u00f6gen ihn).<\/li>\n<li>Sicher &amp; Ungiftig \u2013 Frei von aggressiven Chemikalien, die \u00fcblicherweise in herk\u00f6mmlicher Zahnpasta enthalten sind.<\/li>\n<li>Bew\u00e4hrte Leistung \u2013 Reinigt und sch\u00fctzt genauso effektiv wie Standardformeln, jedoch mit sicheren, nat\u00fcrlichen Alternativen.<\/li>\n<li>Sorgf\u00e4ltig hergestellt \u2013 Nur reine, sanfte und hochwirksame Inhaltsstoffe, denen Sie vertrauen k\u00f6nnen.<\/li>\n<\/ul>\n<p>Unsere Mission ist es, Ihren Kindern eine Zahnpasta zu bieten, die genauso gut wirkt wie herk\u00f6mmliche Optionen, aber ohne Giftstoffe auskommt. Anstatt nur sch\u00e4dliche Chemikalien zu entfernen, haben wir sorgf\u00e4ltig wirksame, sichere Ersatzstoffe ausgew\u00e4hlt, die die gleichen Ergebnisse liefern \u2013 und kleine L\u00e4cheln stark, sauber und gesund halten. <\/p>\n<p><strong>Gr\u00f6\u00dfe: 3,4 oz \/ 96 g <\/strong><\/p>\n<h3>Wie benutzt man<\/h3>\n<ul>\n<li><span class=\"cf0\">Geben Sie eine kleine Menge Zahnpasta auf Ihre Zahnb\u00fcrste und putzen Sie dann die Z\u00e4hne. <\/span><\/li>\n<\/ul>\n<h2><strong>Nat\u00fcrliche \/ biologische Inhaltsstoffe <\/strong><\/h2>\n<table border=\"1\" cellspacing=\"0\" cellpadding=\"5\">\n<tbody>\n<tr>\n<td>Siliziumdioxid<\/td>\n<\/tr>\n<tr>\n<td>Sorbit<\/td>\n<\/tr>\n<tr>\n<td>Glyzerin<\/td>\n<\/tr>\n<tr>\n<td>Xylitol<\/td>\n<\/tr>\n<tr>\n<td>Hydroxyapatit<\/td>\n<\/tr>\n<tr>\n<td>Calciumcarbonat<\/td>\n<\/tr>\n<tr>\n<td>Propandiol<\/td>\n<\/tr>\n<tr>\n<td>Vanilla-planifolia-Fruchtextrakt<\/td>\n<\/tr>\n<tr>\n<td>Kaliumcocoat<\/td>\n<\/tr>\n<tr>\n<td>Stevia-rebaudiana-Extrakt<\/td>\n<\/tr>\n<tr>\n<td>Erythrit<\/td>\n<\/tr>\n<tr>\n<td>Cellulosegummi<\/td>\n<\/tr>\n<tr>\n<td>Natriumgluconat<\/td>\n<\/tr>\n<tr>\n<td>Xanthangummi<\/td>\n<\/tr>\n<\/tbody>\n<\/table>\n\n\t<section class=\"section\" id=\"section_376348406\">\n\t\t<div class=\"section-bg fill\" >\n\t\t\t\t\t\t\t\t\t\n\t\t\t\n\n\t\t<\/div>\n\n\t\t\n\n\t\t<div class=\"section-content relative\">\n\t\t\t\n\n<div class=\"row\"  id=\"row-882241545\">\n\n\n\t<div id=\"col-538165721\" class=\"col small-12 large-12\"  >\n\t\t\t\t<div class=\"col-inner\"  >\n\t\t\t\n\t\t\t\n\n<div class=\"container section-title-container\" ><h3 class=\"section-title section-title-normal\"><b><\/b><span class=\"section-title-main\" >\u00dcber RiseWell<\/span><b><\/b><\/h3><\/div>\n\n<p><strong><img decoding=\"async\" class=\"alignright wp-image-357892\" src=\"https:\/\/dutchhealthstore.com\/wp-content\/uploads\/2025\/09\/risewell-large.png\" alt=\"\" width=\"168\" height=\"60\" srcset=\"https:\/\/dutchhealthstore.com\/wp-content\/uploads\/2025\/09\/risewell-large.png 451w, https:\/\/dutchhealthstore.com\/wp-content\/uploads\/2025\/09\/risewell-large-140x50.png 140w, https:\/\/dutchhealthstore.com\/wp-content\/uploads\/2025\/09\/risewell-large-64x23.png 64w\" sizes=\"(max-width: 168px) 100vw, 168px\" \/>RiseWell<\/strong> definiert die Mundpflege mit der Kraft der Natur und der Wissenschaft neu. Das Herzst\u00fcck jeder Formel ist <strong>Hydroxylapatit<\/strong> \u2013 das gleiche Mineral, aus dem 97 % Ihres Zahnschmelzes bestehen. Dieser nat\u00fcrliche und fluoridfreie Inhaltsstoff st\u00e4rkt, remineralisiert und hellt die Z\u00e4hne sicher und effektiv auf.  <\/p>\n<p>RiseWell wurde von Zahnexperten entwickelt und durch wissenschaftliche Forschung untermauert und bietet eine vollst\u00e4ndige Kollektion von Mundpflegeprodukten f\u00fcr die ganze Familie \u2013 von <strong>PRO Mineral Zahnpasta<\/strong> f\u00fcr empfindliche Z\u00e4hne bis hin zu <strong>Kinderzahnpasta<\/strong>, <strong>alkalisierendem Mundwasser<\/strong> und <strong>Teflon-freier Zahnseide<\/strong>.<\/p>\n<p>Jedes RiseWell-Produkt wird mit <strong>sauberen, ungiftigen Inhaltsstoffen<\/strong> hergestellt und ist <strong>sicher genug, um es zu schlucken<\/strong>, was es zu einer vertrauensw\u00fcrdigen Wahl f\u00fcr diejenigen macht, die effektive Ergebnisse ohne Kompromisse w\u00fcnschen.<\/p>\n<p>Von Zahn\u00e4rzten entwickelt, fluoridfrei und mit der Kraft der Natur \u2013 das ist der RiseWell-Unterschied.<\/p>\n\n\t\t<\/div>\n\t\t\t\t\t<\/div>\n\n\t\n\n<\/div>\n\n\t\t<\/div>\n\n\t\t\n<style>\n#section_376348406 {\n  padding-top: 30px;\n  padding-bottom: 30px;\n}\n<\/style>\n\t<\/section>\n\t\n","protected":false},"excerpt":{"rendered":"<p>Die RiseWell Kinder-Mineralzahnpasta ist einzigartig. Z\u00e4hneputzen f\u00fchlt sich an, als w\u00fcrde man einen L\u00f6ffel Kuchenteig direkt aus der Sch\u00fcssel naschen \u2013 nur dass es dieses Mal tats\u00e4chlich gut f\u00fcr sie ist. <\/p>\n","protected":false},"featured_media":357715,"comment_status":"open","ping_status":"closed","template":"","meta":[],"product_brand":[],"product_cat":[8509,6645,1032,1210,1910,20901,511,21729,1038],"product_tag":[],"class_list":{"0":"post-357976","1":"product","2":"type-product","3":"status-publish","4":"has-post-thumbnail","6":"product_cat-every-day-solutions-de","7":"product_cat-family-de","8":"product_cat-kategorien","9":"product_cat-marken","10":"product_cat-neue-produkte","11":"product_cat-new-additions-healthcare-de","12":"product_cat-produkte","13":"product_cat-risewell-de","14":"product_cat-zahnpflege","15":"pa_brand-risewell-de","16":"pa_dental-care-product-type-toothpaste-de","17":"pa_gtin-860001463552-de","18":"pa_size-34-oz-96-g-de","20":"first","21":"instock","22":"taxable","23":"shipping-taxable","24":"purchasable","25":"product-type-simple"},"bundled_by":[],"bundle_stock_status":"instock","bundle_stock_quantity":7,"bundle_virtual":false,"bundle_layout":"","bundle_add_to_cart_form_location":"","bundle_editable_in_cart":false,"bundle_sold_individually_context":"","bundle_item_grouping":"","bundle_min_size":"","bundle_max_size":"","bundle_price":[],"bundled_items":[],"bundle_sell_ids":[358001],"atum_controlled":true,"out_stock_date":null,"out_stock_threshold":null,"inheritable":false,"stock_on_hold":1,"sold_today":0,"sales_last_days":4,"out_stock_days":0,"lost_sales":0,"update_date":"2026-04-09T09:20:51","atum_locations":[],"atum_stock_status":"instock","restock_status":true,"low_stock_amount":"","sales_update_date":"2026-04-09T09:20:51","calc_backorders":null,"group_of_quantity":0,"min_quantity":0,"max_quantity":"","exclude_order_quantity_value_rules":"no","exclude_category_quantity_rules":"no","combine_variations":"no","yoast_head":"<!-- This site is optimized with the Yoast SEO Premium plugin v26.5 (Yoast SEO v26.5) - https:\/\/yoast.com\/wordpress\/plugins\/seo\/ -->\n<title>Kids Mineral Toothpaste - RiseWell<\/title>\n<meta name=\"description\" content=\"Die RiseWell Kinder-Mineralzahnpasta ist einzigartig. Z\u00e4hneputzen f\u00fchlt sich an, als w\u00fcrde man einen L\u00f6ffel Kuchenteig direkt aus der Sch\u00fcssel naschen \u2013 nur dass es dieses Mal tats\u00e4chlich gut f\u00fcr sie ist.\" \/>\n<meta name=\"robots\" content=\"index, follow, max-snippet:-1, max-image-preview:large, max-video-preview:-1\" \/>\n<link rel=\"canonical\" href=\"https:\/\/dutchhealthstore.com\/de\/product\/kids-mineral-toothpaste\/\" \/>\n<meta property=\"og:locale\" content=\"de_DE\" \/>\n<meta property=\"og:type\" content=\"article\" \/>\n<meta property=\"og:title\" content=\"Kids Mineral Toothpaste - Dutch Health Store\" \/>\n<meta property=\"og:description\" content=\"Die RiseWell Kinder-Mineralzahnpasta ist einzigartig. Z\u00e4hneputzen f\u00fchlt sich an, als w\u00fcrde man einen L\u00f6ffel Kuchenteig direkt aus der Sch\u00fcssel naschen \u2013 nur dass es dieses Mal tats\u00e4chlich gut f\u00fcr sie ist.\" \/>\n<meta property=\"og:url\" content=\"https:\/\/dutchhealthstore.com\/de\/product\/kids-mineral-toothpaste\/\" \/>\n<meta property=\"og:site_name\" content=\"Dutch Health Store\" \/>\n<meta property=\"article:publisher\" content=\"https:\/\/www.instagram.com\/dutchhealthstore\/\" \/>\n<meta property=\"article:modified_time\" content=\"2026-04-06T06:23:05+00:00\" \/>\n<meta property=\"og:image\" content=\"https:\/\/dutchhealthstore.com\/wp-content\/uploads\/2025\/09\/risewel-kidstoothpaste-mintkleur.jpg\" \/>\n\t<meta property=\"og:image:width\" content=\"530\" \/>\n\t<meta property=\"og:image:height\" content=\"530\" \/>\n\t<meta property=\"og:image:type\" content=\"image\/jpeg\" \/>\n<meta name=\"twitter:card\" content=\"summary_large_image\" \/>\n<meta name=\"twitter:label1\" content=\"Preis\" \/>\n\t<meta name=\"twitter:data1\" content=\"&euro;19,95\" \/>\n\t<meta name=\"twitter:label2\" content=\"Verf\u00fcgbarkeit\" \/>\n\t<meta name=\"twitter:data2\" content=\"Auf Lager\" \/>\n<script type=\"application\/ld+json\" class=\"yoast-schema-graph\">{\"@context\":\"https:\/\/schema.org\",\"@graph\":[{\"@type\":\"WebPage\",\"@id\":\"https:\/\/dutchhealthstore.com\/de\/product\/kids-mineral-toothpaste\/\",\"url\":\"https:\/\/dutchhealthstore.com\/de\/product\/kids-mineral-toothpaste\/\",\"name\":\"Kids Mineral Toothpaste - RiseWell\",\"isPartOf\":{\"@id\":\"https:\/\/dutchhealthstore.com\/de\/#website\"},\"primaryImageOfPage\":{\"@id\":\"https:\/\/dutchhealthstore.com\/de\/product\/kids-mineral-toothpaste\/#primaryimage\"},\"image\":{\"@id\":\"https:\/\/dutchhealthstore.com\/de\/product\/kids-mineral-toothpaste\/#primaryimage\"},\"thumbnailUrl\":\"https:\/\/dutchhealthstore.com\/wp-content\/uploads\/2025\/09\/risewel-kidstoothpaste-mintkleur.jpg\",\"datePublished\":\"2025-09-30T10:06:44+00:00\",\"dateModified\":\"2026-04-06T06:23:05+00:00\",\"description\":\"Die RiseWell Kinder-Mineralzahnpasta ist einzigartig. Z\u00e4hneputzen f\u00fchlt sich an, als w\u00fcrde man einen L\u00f6ffel Kuchenteig direkt aus der Sch\u00fcssel naschen \u2013 nur dass es dieses Mal tats\u00e4chlich gut f\u00fcr sie ist.\",\"breadcrumb\":{\"@id\":\"https:\/\/dutchhealthstore.com\/de\/product\/kids-mineral-toothpaste\/#breadcrumb\"},\"inLanguage\":\"de\",\"potentialAction\":[{\"@type\":\"ReadAction\",\"target\":[\"https:\/\/dutchhealthstore.com\/de\/product\/kids-mineral-toothpaste\/\"]}]},{\"@type\":\"ImageObject\",\"inLanguage\":\"de\",\"@id\":\"https:\/\/dutchhealthstore.com\/de\/product\/kids-mineral-toothpaste\/#primaryimage\",\"url\":\"https:\/\/dutchhealthstore.com\/wp-content\/uploads\/2025\/09\/risewel-kidstoothpaste-mintkleur.jpg\",\"contentUrl\":\"https:\/\/dutchhealthstore.com\/wp-content\/uploads\/2025\/09\/risewel-kidstoothpaste-mintkleur.jpg\",\"width\":530,\"height\":530,\"caption\":\"risewel-kidstoothpaste-mintkleur\"},{\"@type\":\"BreadcrumbList\",\"@id\":\"https:\/\/dutchhealthstore.com\/de\/product\/kids-mineral-toothpaste\/#breadcrumb\",\"itemListElement\":[{\"@type\":\"ListItem\",\"position\":1,\"name\":\"Home\",\"item\":\"https:\/\/dutchhealthstore.com\/de\/\"},{\"@type\":\"ListItem\",\"position\":2,\"name\":\"Shop\",\"item\":\"https:\/\/dutchhealthstore.com\/de\/shop-2\/\"},{\"@type\":\"ListItem\",\"position\":3,\"name\":\"Kids Mineral Toothpaste\"}]},{\"@type\":\"WebSite\",\"@id\":\"https:\/\/dutchhealthstore.com\/de\/#website\",\"url\":\"https:\/\/dutchhealthstore.com\/de\/\",\"name\":\"Dutch Health Store\",\"description\":\"Enhance Your Beauty with Organic &amp; Natural Skincare\",\"publisher\":{\"@id\":\"https:\/\/dutchhealthstore.com\/de\/#organization\"},\"potentialAction\":[{\"@type\":\"SearchAction\",\"target\":{\"@type\":\"EntryPoint\",\"urlTemplate\":\"https:\/\/dutchhealthstore.com\/de\/?s={search_term_string}\"},\"query-input\":{\"@type\":\"PropertyValueSpecification\",\"valueRequired\":true,\"valueName\":\"search_term_string\"}}],\"inLanguage\":\"de\"},{\"@type\":\"Organization\",\"@id\":\"https:\/\/dutchhealthstore.com\/de\/#organization\",\"name\":\"Dutch Health Store\",\"url\":\"https:\/\/dutchhealthstore.com\/de\/\",\"logo\":{\"@type\":\"ImageObject\",\"inLanguage\":\"de\",\"@id\":\"https:\/\/dutchhealthstore.com\/de\/#\/schema\/logo\/image\/\",\"url\":\"https:\/\/dutchhealthstore.com\/wp-content\/uploads\/2020\/08\/logo-dutchhealthstore-jpg-e1599484957574.jpg\",\"contentUrl\":\"https:\/\/dutchhealthstore.com\/wp-content\/uploads\/2020\/08\/logo-dutchhealthstore-jpg-e1599484957574.jpg\",\"width\":400,\"height\":62,\"caption\":\"Dutch Health Store\"},\"image\":{\"@id\":\"https:\/\/dutchhealthstore.com\/de\/#\/schema\/logo\/image\/\"},\"sameAs\":[\"https:\/\/www.instagram.com\/dutchhealthstore\/\",\"https:\/\/www.facebook.com\/dutchhealthstore\"]}]}<\/script>\n<meta property=\"product:brand\" content=\"RiseWell\" \/>\n<meta property=\"product:price:amount\" content=\"19.95\" \/>\n<meta property=\"product:price:currency\" content=\"EUR\" \/>\n<meta property=\"og:availability\" content=\"instock\" \/>\n<meta property=\"product:availability\" content=\"instock\" \/>\n<meta property=\"product:retailer_item_id\" content=\"RISE_03\" \/>\n<meta property=\"product:condition\" content=\"new\" \/>\n<!-- \/ Yoast SEO Premium plugin. -->","yoast_head_json":{"title":"Kids Mineral Toothpaste - RiseWell","description":"Die RiseWell Kinder-Mineralzahnpasta ist einzigartig. Z\u00e4hneputzen f\u00fchlt sich an, als w\u00fcrde man einen L\u00f6ffel Kuchenteig direkt aus der Sch\u00fcssel naschen \u2013 nur dass es dieses Mal tats\u00e4chlich gut f\u00fcr sie ist.","robots":{"index":"index","follow":"follow","max-snippet":"max-snippet:-1","max-image-preview":"max-image-preview:large","max-video-preview":"max-video-preview:-1"},"canonical":"https:\/\/dutchhealthstore.com\/de\/product\/kids-mineral-toothpaste\/","og_locale":"de_DE","og_type":"article","og_title":"Kids Mineral Toothpaste - Dutch Health Store","og_description":"Die RiseWell Kinder-Mineralzahnpasta ist einzigartig. Z\u00e4hneputzen f\u00fchlt sich an, als w\u00fcrde man einen L\u00f6ffel Kuchenteig direkt aus der Sch\u00fcssel naschen \u2013 nur dass es dieses Mal tats\u00e4chlich gut f\u00fcr sie ist.","og_url":"https:\/\/dutchhealthstore.com\/de\/product\/kids-mineral-toothpaste\/","og_site_name":"Dutch Health Store","article_publisher":"https:\/\/www.instagram.com\/dutchhealthstore\/","article_modified_time":"2026-04-06T06:23:05+00:00","og_image":[{"width":530,"height":530,"url":"https:\/\/dutchhealthstore.com\/wp-content\/uploads\/2025\/09\/risewel-kidstoothpaste-mintkleur.jpg","type":"image\/jpeg"}],"twitter_card":"summary_large_image","twitter_misc":{"Preis":"&euro;19,95","Verf\u00fcgbarkeit":"Auf Lager"},"schema":{"@context":"https:\/\/schema.org","@graph":[{"@type":"WebPage","@id":"https:\/\/dutchhealthstore.com\/de\/product\/kids-mineral-toothpaste\/","url":"https:\/\/dutchhealthstore.com\/de\/product\/kids-mineral-toothpaste\/","name":"Kids Mineral Toothpaste - RiseWell","isPartOf":{"@id":"https:\/\/dutchhealthstore.com\/de\/#website"},"primaryImageOfPage":{"@id":"https:\/\/dutchhealthstore.com\/de\/product\/kids-mineral-toothpaste\/#primaryimage"},"image":{"@id":"https:\/\/dutchhealthstore.com\/de\/product\/kids-mineral-toothpaste\/#primaryimage"},"thumbnailUrl":"https:\/\/dutchhealthstore.com\/wp-content\/uploads\/2025\/09\/risewel-kidstoothpaste-mintkleur.jpg","datePublished":"2025-09-30T10:06:44+00:00","dateModified":"2026-04-06T06:23:05+00:00","description":"Die RiseWell Kinder-Mineralzahnpasta ist einzigartig. Z\u00e4hneputzen f\u00fchlt sich an, als w\u00fcrde man einen L\u00f6ffel Kuchenteig direkt aus der Sch\u00fcssel naschen \u2013 nur dass es dieses Mal tats\u00e4chlich gut f\u00fcr sie ist.","breadcrumb":{"@id":"https:\/\/dutchhealthstore.com\/de\/product\/kids-mineral-toothpaste\/#breadcrumb"},"inLanguage":"de","potentialAction":[{"@type":"ReadAction","target":["https:\/\/dutchhealthstore.com\/de\/product\/kids-mineral-toothpaste\/"]}]},{"@type":"ImageObject","inLanguage":"de","@id":"https:\/\/dutchhealthstore.com\/de\/product\/kids-mineral-toothpaste\/#primaryimage","url":"https:\/\/dutchhealthstore.com\/wp-content\/uploads\/2025\/09\/risewel-kidstoothpaste-mintkleur.jpg","contentUrl":"https:\/\/dutchhealthstore.com\/wp-content\/uploads\/2025\/09\/risewel-kidstoothpaste-mintkleur.jpg","width":530,"height":530,"caption":"risewel-kidstoothpaste-mintkleur"},{"@type":"BreadcrumbList","@id":"https:\/\/dutchhealthstore.com\/de\/product\/kids-mineral-toothpaste\/#breadcrumb","itemListElement":[{"@type":"ListItem","position":1,"name":"Home","item":"https:\/\/dutchhealthstore.com\/de\/"},{"@type":"ListItem","position":2,"name":"Shop","item":"https:\/\/dutchhealthstore.com\/de\/shop-2\/"},{"@type":"ListItem","position":3,"name":"Kids Mineral Toothpaste"}]},{"@type":"WebSite","@id":"https:\/\/dutchhealthstore.com\/de\/#website","url":"https:\/\/dutchhealthstore.com\/de\/","name":"Dutch Health Store","description":"Enhance Your Beauty with Organic &amp; Natural Skincare","publisher":{"@id":"https:\/\/dutchhealthstore.com\/de\/#organization"},"potentialAction":[{"@type":"SearchAction","target":{"@type":"EntryPoint","urlTemplate":"https:\/\/dutchhealthstore.com\/de\/?s={search_term_string}"},"query-input":{"@type":"PropertyValueSpecification","valueRequired":true,"valueName":"search_term_string"}}],"inLanguage":"de"},{"@type":"Organization","@id":"https:\/\/dutchhealthstore.com\/de\/#organization","name":"Dutch Health Store","url":"https:\/\/dutchhealthstore.com\/de\/","logo":{"@type":"ImageObject","inLanguage":"de","@id":"https:\/\/dutchhealthstore.com\/de\/#\/schema\/logo\/image\/","url":"https:\/\/dutchhealthstore.com\/wp-content\/uploads\/2020\/08\/logo-dutchhealthstore-jpg-e1599484957574.jpg","contentUrl":"https:\/\/dutchhealthstore.com\/wp-content\/uploads\/2020\/08\/logo-dutchhealthstore-jpg-e1599484957574.jpg","width":400,"height":62,"caption":"Dutch Health Store"},"image":{"@id":"https:\/\/dutchhealthstore.com\/de\/#\/schema\/logo\/image\/"},"sameAs":["https:\/\/www.instagram.com\/dutchhealthstore\/","https:\/\/www.facebook.com\/dutchhealthstore"]}]},"product_brand":"RiseWell","product_price_amount":"19.95","product_price_currency":"EUR","og_availability":"instock","product_availability":"instock","product_retailer_item_id":"RISE_03","product_condition":"new"},"_links":{"self":[{"href":"https:\/\/dutchhealthstore.com\/de\/wp-json\/wp\/v2\/product\/357976","targetHints":{"allow":["GET"]}}],"collection":[{"href":"https:\/\/dutchhealthstore.com\/de\/wp-json\/wp\/v2\/product"}],"about":[{"href":"https:\/\/dutchhealthstore.com\/de\/wp-json\/wp\/v2\/types\/product"}],"replies":[{"embeddable":true,"href":"https:\/\/dutchhealthstore.com\/de\/wp-json\/wp\/v2\/comments?post=357976"}],"wp:featuredmedia":[{"embeddable":true,"href":"https:\/\/dutchhealthstore.com\/de\/wp-json\/wp\/v2\/media\/357715"}],"wp:attachment":[{"href":"https:\/\/dutchhealthstore.com\/de\/wp-json\/wp\/v2\/media?parent=357976"}],"wp:term":[{"taxonomy":"product_brand","embeddable":true,"href":"https:\/\/dutchhealthstore.com\/de\/wp-json\/wp\/v2\/product_brand?post=357976"},{"taxonomy":"product_cat","embeddable":true,"href":"https:\/\/dutchhealthstore.com\/de\/wp-json\/wp\/v2\/product_cat?post=357976"},{"taxonomy":"product_tag","embeddable":true,"href":"https:\/\/dutchhealthstore.com\/de\/wp-json\/wp\/v2\/product_tag?post=357976"}],"curies":[{"name":"wp","href":"https:\/\/api.w.org\/{rel}","templated":true}]}}