{"id":357972,"date":"2025-09-30T12:16:18","date_gmt":"2025-09-30T10:16:18","guid":{"rendered":"https:\/\/dutchhealthstore.com\/product\/natural-hydroxyapatite-toothpaste-flavourless\/"},"modified":"2026-04-07T14:57:06","modified_gmt":"2026-04-07T12:57:06","slug":"natural-hydroxyapatite-toothpaste-flavourless","status":"publish","type":"product","link":"https:\/\/dutchhealthstore.com\/de\/product\/natural-hydroxyapatite-toothpaste-flavourless\/","title":{"rendered":"Natural Hydroxyapatite Toothpaste (Flavourless)"},"content":{"rendered":"<p>Darum werden Sie sie lieben:<\/p>\n<ul>\n<li>Fluoridfrei, parabenfrei, vegan, glutenfrei &amp; tierversuchsfrei<\/li>\n<li>Mit Hydroxylapatit zur St\u00e4rkung, Remineralisierung und zum Schutz des Zahnschmelzes<\/li>\n<li>Geschmacksfreie Formel \u2013 besonders schonend f\u00fcr Personen mit Geschmacksempfindlichkeit<\/li>\n<li>Hilft bei der Bek\u00e4mpfung von Plaque und hellt die Z\u00e4hne auf nat\u00fcrliche Weise auf<\/li>\n<li>100 % sichere, wirksame Inhaltsstoffe \u2013 sicher genug, um sie zu verschlucken<\/li>\n<li>Keine aggressiven Chemikalien wie SLS, Propylenglykol, k\u00fcnstliche Aromen, Farbstoffe oder Teflon<\/li>\n<li>Transparente Inhaltsstoffe \u2013 keine versteckten \u201enat\u00fcrlichen Aromen\u201c<\/li>\n<li>Eine Tube mit 3,4 oz. reicht bei zweimal t\u00e4glicher Anwendung etwa 3 Monate <\/li>\n<\/ul>\n<p><strong>Gr\u00f6\u00dfe: 3,4 oz \/ 96 g <\/strong><\/p>\n<p>Zahnpasta f\u00fcr Geschmacksempfindlichkeit.<br \/>\nDie geschmacksneutrale Mineralzahnpasta von RiseWell wurde speziell f\u00fcr diejenigen entwickelt, die eine wirklich neutrale Option bevorzugen (oder ben\u00f6tigen). Mit Hydroxylapatit liefert sie alle Vorteile einer sauberen, wirksamen Zahnpasta ohne Zusatz von Aromen, S\u00fc\u00dfstoffen, Zucker, \u00e4therischen \u00d6len oder Extrakten \u2013 was sie allergikerfreundlicher und schonender f\u00fcr empfindliche M\u00fcnder macht. <\/p>\n<p>Wie jedes Produkt von RiseWell ist diese geschmacksneutrale Mineralzahnpasta zu 100 % sauber, sicher und von Natur aus wirksam bei der St\u00e4rkung, dem Schutz und der Remineralisierung Ihrer Z\u00e4hne.<\/p>\n<h3>Wie benutzt man<\/h3>\n<p>Tragen Sie so viel Zahnpasta auf, wie Sie m\u00f6chten, und putzen Sie 2 Minuten lang mit sanften, kreisenden Bewegungen, wenn Sie morgens aufstehen, nach dem Mittagessen und nach dem Abendessen, f\u00fcr saubere, wei\u00dfe Z\u00e4hne.<\/p>\n<h2><strong>Nat\u00fcrliche \/ biologische Inhaltsstoffe <\/strong><\/h2>\n<p>Wasser, Sorbit, Glycerin, hydratisierte Kiesels\u00e4ure, Xylit, Hydroxylapatit, Calciumcarbonat, Propandiol, Xanthangummi, Cellulosegummi, Stevia Rebaudiana Extrakt, Erythrit, Natriumgluconat.<\/p>\n\n\t<section class=\"section\" id=\"section_898643834\">\n\t\t<div class=\"section-bg fill\" >\n\t\t\t\t\t\t\t\t\t\n\t\t\t\n\n\t\t<\/div>\n\n\t\t\n\n\t\t<div class=\"section-content relative\">\n\t\t\t\n\n<div class=\"row\"  id=\"row-1452498133\">\n\n\n\t<div id=\"col-1274089568\" class=\"col small-12 large-12\"  >\n\t\t\t\t<div class=\"col-inner\"  >\n\t\t\t\n\t\t\t\n\n<div class=\"container section-title-container\" ><h3 class=\"section-title section-title-normal\"><b><\/b><span class=\"section-title-main\" >\u00dcber RiseWell<\/span><b><\/b><\/h3><\/div>\n\n<p><strong><img decoding=\"async\" class=\"alignright wp-image-357892\" src=\"https:\/\/dutchhealthstore.com\/wp-content\/uploads\/2025\/09\/risewell-large.png\" alt=\"\" width=\"168\" height=\"60\" srcset=\"https:\/\/dutchhealthstore.com\/wp-content\/uploads\/2025\/09\/risewell-large.png 451w, https:\/\/dutchhealthstore.com\/wp-content\/uploads\/2025\/09\/risewell-large-140x50.png 140w, https:\/\/dutchhealthstore.com\/wp-content\/uploads\/2025\/09\/risewell-large-64x23.png 64w\" sizes=\"(max-width: 168px) 100vw, 168px\" \/>RiseWell<\/strong> definiert die Mundpflege mit der Kraft der Natur und der Wissenschaft neu. Das Herzst\u00fcck jeder Formel ist <strong>Hydroxylapatit<\/strong> \u2013 das gleiche Mineral, aus dem 97 % Ihres Zahnschmelzes bestehen. Dieser nat\u00fcrliche und fluoridfreie Inhaltsstoff st\u00e4rkt, remineralisiert und hellt die Z\u00e4hne sicher und effektiv auf.  <\/p>\n<p>RiseWell wurde von Zahnexperten entwickelt und durch wissenschaftliche Forschung untermauert und bietet eine vollst\u00e4ndige Kollektion von Mundpflegeprodukten f\u00fcr die ganze Familie \u2013 von <strong>PRO Mineral Zahnpasta<\/strong> f\u00fcr empfindliche Z\u00e4hne bis hin zu <strong>Kinderzahnpasta<\/strong>, <strong>alkalisierendem Mundwasser<\/strong> und <strong>Teflon-freier Zahnseide<\/strong>.<\/p>\n<p>Jedes RiseWell-Produkt wird mit <strong>sauberen, ungiftigen Inhaltsstoffen<\/strong> hergestellt und ist <strong>sicher genug, um es zu schlucken<\/strong>, was es zu einer vertrauensw\u00fcrdigen Wahl f\u00fcr diejenigen macht, die effektive Ergebnisse ohne Kompromisse w\u00fcnschen.<\/p>\n<p>Von Zahn\u00e4rzten entwickelt, fluoridfrei und mit der Kraft der Natur \u2013 das ist der RiseWell-Unterschied.<\/p>\n\n\t\t<\/div>\n\t\t\t\t\t<\/div>\n\n\t\n\n<\/div>\n\n\t\t<\/div>\n\n\t\t\n<style>\n#section_898643834 {\n  padding-top: 30px;\n  padding-bottom: 30px;\n}\n<\/style>\n\t<\/section>\n\t\n","protected":false},"excerpt":{"rendered":"<p>Die geschmacksneutrale Mineralzahnpasta von RiseWell wurde speziell f\u00fcr diejenigen entwickelt, die eine wirklich neutrale Option bevorzugen (oder ben\u00f6tigen).<\/p>\n","protected":false},"featured_media":357735,"comment_status":"open","ping_status":"closed","template":"","meta":[],"product_brand":[],"product_cat":[1032,1210,1910,20901,511,21729,1038],"product_tag":[],"class_list":{"0":"post-357972","1":"product","2":"type-product","3":"status-publish","4":"has-post-thumbnail","6":"product_cat-kategorien","7":"product_cat-marken","8":"product_cat-neue-produkte","9":"product_cat-new-additions-healthcare-de","10":"product_cat-produkte","11":"product_cat-risewell-de","12":"product_cat-zahnpflege","13":"pa_brand-risewell-de","14":"pa_dental-care-product-type-toothpaste-de","15":"pa_gtin-860008718426-de","16":"pa_size-34-oz-96-g-de","18":"first","19":"instock","20":"taxable","21":"shipping-taxable","22":"purchasable","23":"product-type-simple"},"bundled_by":[],"bundle_stock_status":"instock","bundle_stock_quantity":29,"bundle_virtual":false,"bundle_layout":"","bundle_add_to_cart_form_location":"","bundle_editable_in_cart":false,"bundle_sold_individually_context":"","bundle_item_grouping":"","bundle_min_size":"","bundle_max_size":"","bundle_price":[],"bundled_items":[],"bundle_sell_ids":[357967],"atum_controlled":true,"out_stock_date":null,"out_stock_threshold":null,"inheritable":false,"stock_on_hold":1,"sold_today":1,"sales_last_days":18,"out_stock_days":0,"lost_sales":0,"update_date":"2026-04-09T10:13:35","atum_locations":[],"atum_stock_status":"instock","restock_status":true,"low_stock_amount":"","sales_update_date":"2026-04-09T10:13:35","calc_backorders":null,"group_of_quantity":0,"min_quantity":0,"max_quantity":"","exclude_order_quantity_value_rules":"no","exclude_category_quantity_rules":"no","combine_variations":"no","yoast_head":"<!-- This site is optimized with the Yoast SEO Premium plugin v26.5 (Yoast SEO v26.5) - https:\/\/yoast.com\/wordpress\/plugins\/seo\/ -->\n<title>Natural Hydroxyapatite Toothpaste (Flavourless) - RiseWell<\/title>\n<meta name=\"description\" content=\"Die geschmacksneutrale Mineralzahnpasta von RiseWell wurde speziell f\u00fcr diejenigen entwickelt, die eine wirklich neutrale Option bevorzugen (oder ben\u00f6tigen).\" \/>\n<meta name=\"robots\" content=\"index, follow, max-snippet:-1, max-image-preview:large, max-video-preview:-1\" \/>\n<link rel=\"canonical\" href=\"https:\/\/dutchhealthstore.com\/de\/product\/natural-hydroxyapatite-toothpaste-flavourless\/\" \/>\n<meta property=\"og:locale\" content=\"de_DE\" \/>\n<meta property=\"og:type\" content=\"article\" \/>\n<meta property=\"og:title\" content=\"Natural Hydroxyapatite Toothpaste (Flavourless) - Dutch Health Store\" \/>\n<meta property=\"og:description\" content=\"Die geschmacksneutrale Mineralzahnpasta von RiseWell wurde speziell f\u00fcr diejenigen entwickelt, die eine wirklich neutrale Option bevorzugen (oder ben\u00f6tigen).\" \/>\n<meta property=\"og:url\" content=\"https:\/\/dutchhealthstore.com\/de\/product\/natural-hydroxyapatite-toothpaste-flavourless\/\" \/>\n<meta property=\"og:site_name\" content=\"Dutch Health Store\" \/>\n<meta property=\"article:publisher\" content=\"https:\/\/www.instagram.com\/dutchhealthstore\/\" \/>\n<meta property=\"article:modified_time\" content=\"2026-04-07T12:57:06+00:00\" \/>\n<meta property=\"og:image\" content=\"https:\/\/dutchhealthstore.com\/wp-content\/uploads\/2025\/09\/risewell-toothpaste-flavourless.jpg\" \/>\n\t<meta property=\"og:image:width\" content=\"530\" \/>\n\t<meta property=\"og:image:height\" content=\"530\" \/>\n\t<meta property=\"og:image:type\" content=\"image\/jpeg\" \/>\n<meta name=\"twitter:card\" content=\"summary_large_image\" \/>\n<meta name=\"twitter:label1\" content=\"Preis\" \/>\n\t<meta name=\"twitter:data1\" content=\"&euro;19,95\" \/>\n\t<meta name=\"twitter:label2\" content=\"Verf\u00fcgbarkeit\" \/>\n\t<meta name=\"twitter:data2\" content=\"Auf Lager\" \/>\n<script type=\"application\/ld+json\" class=\"yoast-schema-graph\">{\"@context\":\"https:\/\/schema.org\",\"@graph\":[{\"@type\":\"WebPage\",\"@id\":\"https:\/\/dutchhealthstore.com\/de\/product\/natural-hydroxyapatite-toothpaste-flavourless\/\",\"url\":\"https:\/\/dutchhealthstore.com\/de\/product\/natural-hydroxyapatite-toothpaste-flavourless\/\",\"name\":\"Natural Hydroxyapatite Toothpaste (Flavourless) - RiseWell\",\"isPartOf\":{\"@id\":\"https:\/\/dutchhealthstore.com\/de\/#website\"},\"primaryImageOfPage\":{\"@id\":\"https:\/\/dutchhealthstore.com\/de\/product\/natural-hydroxyapatite-toothpaste-flavourless\/#primaryimage\"},\"image\":{\"@id\":\"https:\/\/dutchhealthstore.com\/de\/product\/natural-hydroxyapatite-toothpaste-flavourless\/#primaryimage\"},\"thumbnailUrl\":\"https:\/\/dutchhealthstore.com\/wp-content\/uploads\/2025\/09\/risewell-toothpaste-flavourless.jpg\",\"datePublished\":\"2025-09-30T10:16:18+00:00\",\"dateModified\":\"2026-04-07T12:57:06+00:00\",\"description\":\"Die geschmacksneutrale Mineralzahnpasta von RiseWell wurde speziell f\u00fcr diejenigen entwickelt, die eine wirklich neutrale Option bevorzugen (oder ben\u00f6tigen).\",\"breadcrumb\":{\"@id\":\"https:\/\/dutchhealthstore.com\/de\/product\/natural-hydroxyapatite-toothpaste-flavourless\/#breadcrumb\"},\"inLanguage\":\"de\",\"potentialAction\":[{\"@type\":\"ReadAction\",\"target\":[\"https:\/\/dutchhealthstore.com\/de\/product\/natural-hydroxyapatite-toothpaste-flavourless\/\"]}]},{\"@type\":\"ImageObject\",\"inLanguage\":\"de\",\"@id\":\"https:\/\/dutchhealthstore.com\/de\/product\/natural-hydroxyapatite-toothpaste-flavourless\/#primaryimage\",\"url\":\"https:\/\/dutchhealthstore.com\/wp-content\/uploads\/2025\/09\/risewell-toothpaste-flavourless.jpg\",\"contentUrl\":\"https:\/\/dutchhealthstore.com\/wp-content\/uploads\/2025\/09\/risewell-toothpaste-flavourless.jpg\",\"width\":530,\"height\":530,\"caption\":\"risewell-toothpaste-flavourless\"},{\"@type\":\"BreadcrumbList\",\"@id\":\"https:\/\/dutchhealthstore.com\/de\/product\/natural-hydroxyapatite-toothpaste-flavourless\/#breadcrumb\",\"itemListElement\":[{\"@type\":\"ListItem\",\"position\":1,\"name\":\"Home\",\"item\":\"https:\/\/dutchhealthstore.com\/de\/\"},{\"@type\":\"ListItem\",\"position\":2,\"name\":\"Shop\",\"item\":\"https:\/\/dutchhealthstore.com\/de\/shop-2\/\"},{\"@type\":\"ListItem\",\"position\":3,\"name\":\"Natural Hydroxyapatite Toothpaste (Flavourless)\"}]},{\"@type\":\"WebSite\",\"@id\":\"https:\/\/dutchhealthstore.com\/de\/#website\",\"url\":\"https:\/\/dutchhealthstore.com\/de\/\",\"name\":\"Dutch Health Store\",\"description\":\"Enhance Your Beauty with Organic &amp; Natural Skincare\",\"publisher\":{\"@id\":\"https:\/\/dutchhealthstore.com\/de\/#organization\"},\"potentialAction\":[{\"@type\":\"SearchAction\",\"target\":{\"@type\":\"EntryPoint\",\"urlTemplate\":\"https:\/\/dutchhealthstore.com\/de\/?s={search_term_string}\"},\"query-input\":{\"@type\":\"PropertyValueSpecification\",\"valueRequired\":true,\"valueName\":\"search_term_string\"}}],\"inLanguage\":\"de\"},{\"@type\":\"Organization\",\"@id\":\"https:\/\/dutchhealthstore.com\/de\/#organization\",\"name\":\"Dutch Health Store\",\"url\":\"https:\/\/dutchhealthstore.com\/de\/\",\"logo\":{\"@type\":\"ImageObject\",\"inLanguage\":\"de\",\"@id\":\"https:\/\/dutchhealthstore.com\/de\/#\/schema\/logo\/image\/\",\"url\":\"https:\/\/dutchhealthstore.com\/wp-content\/uploads\/2020\/08\/logo-dutchhealthstore-jpg-e1599484957574.jpg\",\"contentUrl\":\"https:\/\/dutchhealthstore.com\/wp-content\/uploads\/2020\/08\/logo-dutchhealthstore-jpg-e1599484957574.jpg\",\"width\":400,\"height\":62,\"caption\":\"Dutch Health Store\"},\"image\":{\"@id\":\"https:\/\/dutchhealthstore.com\/de\/#\/schema\/logo\/image\/\"},\"sameAs\":[\"https:\/\/www.instagram.com\/dutchhealthstore\/\",\"https:\/\/www.facebook.com\/dutchhealthstore\"]}]}<\/script>\n<meta property=\"product:brand\" content=\"RiseWell\" \/>\n<meta property=\"product:price:amount\" content=\"19.95\" \/>\n<meta property=\"product:price:currency\" content=\"EUR\" \/>\n<meta property=\"og:availability\" content=\"instock\" \/>\n<meta property=\"product:availability\" content=\"instock\" \/>\n<meta property=\"product:retailer_item_id\" content=\"RISE_10\" \/>\n<meta property=\"product:condition\" content=\"new\" \/>\n<!-- \/ Yoast SEO Premium plugin. -->","yoast_head_json":{"title":"Natural Hydroxyapatite Toothpaste (Flavourless) - RiseWell","description":"Die geschmacksneutrale Mineralzahnpasta von RiseWell wurde speziell f\u00fcr diejenigen entwickelt, die eine wirklich neutrale Option bevorzugen (oder ben\u00f6tigen).","robots":{"index":"index","follow":"follow","max-snippet":"max-snippet:-1","max-image-preview":"max-image-preview:large","max-video-preview":"max-video-preview:-1"},"canonical":"https:\/\/dutchhealthstore.com\/de\/product\/natural-hydroxyapatite-toothpaste-flavourless\/","og_locale":"de_DE","og_type":"article","og_title":"Natural Hydroxyapatite Toothpaste (Flavourless) - Dutch Health Store","og_description":"Die geschmacksneutrale Mineralzahnpasta von RiseWell wurde speziell f\u00fcr diejenigen entwickelt, die eine wirklich neutrale Option bevorzugen (oder ben\u00f6tigen).","og_url":"https:\/\/dutchhealthstore.com\/de\/product\/natural-hydroxyapatite-toothpaste-flavourless\/","og_site_name":"Dutch Health Store","article_publisher":"https:\/\/www.instagram.com\/dutchhealthstore\/","article_modified_time":"2026-04-07T12:57:06+00:00","og_image":[{"width":530,"height":530,"url":"https:\/\/dutchhealthstore.com\/wp-content\/uploads\/2025\/09\/risewell-toothpaste-flavourless.jpg","type":"image\/jpeg"}],"twitter_card":"summary_large_image","twitter_misc":{"Preis":"&euro;19,95","Verf\u00fcgbarkeit":"Auf Lager"},"schema":{"@context":"https:\/\/schema.org","@graph":[{"@type":"WebPage","@id":"https:\/\/dutchhealthstore.com\/de\/product\/natural-hydroxyapatite-toothpaste-flavourless\/","url":"https:\/\/dutchhealthstore.com\/de\/product\/natural-hydroxyapatite-toothpaste-flavourless\/","name":"Natural Hydroxyapatite Toothpaste (Flavourless) - RiseWell","isPartOf":{"@id":"https:\/\/dutchhealthstore.com\/de\/#website"},"primaryImageOfPage":{"@id":"https:\/\/dutchhealthstore.com\/de\/product\/natural-hydroxyapatite-toothpaste-flavourless\/#primaryimage"},"image":{"@id":"https:\/\/dutchhealthstore.com\/de\/product\/natural-hydroxyapatite-toothpaste-flavourless\/#primaryimage"},"thumbnailUrl":"https:\/\/dutchhealthstore.com\/wp-content\/uploads\/2025\/09\/risewell-toothpaste-flavourless.jpg","datePublished":"2025-09-30T10:16:18+00:00","dateModified":"2026-04-07T12:57:06+00:00","description":"Die geschmacksneutrale Mineralzahnpasta von RiseWell wurde speziell f\u00fcr diejenigen entwickelt, die eine wirklich neutrale Option bevorzugen (oder ben\u00f6tigen).","breadcrumb":{"@id":"https:\/\/dutchhealthstore.com\/de\/product\/natural-hydroxyapatite-toothpaste-flavourless\/#breadcrumb"},"inLanguage":"de","potentialAction":[{"@type":"ReadAction","target":["https:\/\/dutchhealthstore.com\/de\/product\/natural-hydroxyapatite-toothpaste-flavourless\/"]}]},{"@type":"ImageObject","inLanguage":"de","@id":"https:\/\/dutchhealthstore.com\/de\/product\/natural-hydroxyapatite-toothpaste-flavourless\/#primaryimage","url":"https:\/\/dutchhealthstore.com\/wp-content\/uploads\/2025\/09\/risewell-toothpaste-flavourless.jpg","contentUrl":"https:\/\/dutchhealthstore.com\/wp-content\/uploads\/2025\/09\/risewell-toothpaste-flavourless.jpg","width":530,"height":530,"caption":"risewell-toothpaste-flavourless"},{"@type":"BreadcrumbList","@id":"https:\/\/dutchhealthstore.com\/de\/product\/natural-hydroxyapatite-toothpaste-flavourless\/#breadcrumb","itemListElement":[{"@type":"ListItem","position":1,"name":"Home","item":"https:\/\/dutchhealthstore.com\/de\/"},{"@type":"ListItem","position":2,"name":"Shop","item":"https:\/\/dutchhealthstore.com\/de\/shop-2\/"},{"@type":"ListItem","position":3,"name":"Natural Hydroxyapatite Toothpaste (Flavourless)"}]},{"@type":"WebSite","@id":"https:\/\/dutchhealthstore.com\/de\/#website","url":"https:\/\/dutchhealthstore.com\/de\/","name":"Dutch Health Store","description":"Enhance Your Beauty with Organic &amp; Natural Skincare","publisher":{"@id":"https:\/\/dutchhealthstore.com\/de\/#organization"},"potentialAction":[{"@type":"SearchAction","target":{"@type":"EntryPoint","urlTemplate":"https:\/\/dutchhealthstore.com\/de\/?s={search_term_string}"},"query-input":{"@type":"PropertyValueSpecification","valueRequired":true,"valueName":"search_term_string"}}],"inLanguage":"de"},{"@type":"Organization","@id":"https:\/\/dutchhealthstore.com\/de\/#organization","name":"Dutch Health Store","url":"https:\/\/dutchhealthstore.com\/de\/","logo":{"@type":"ImageObject","inLanguage":"de","@id":"https:\/\/dutchhealthstore.com\/de\/#\/schema\/logo\/image\/","url":"https:\/\/dutchhealthstore.com\/wp-content\/uploads\/2020\/08\/logo-dutchhealthstore-jpg-e1599484957574.jpg","contentUrl":"https:\/\/dutchhealthstore.com\/wp-content\/uploads\/2020\/08\/logo-dutchhealthstore-jpg-e1599484957574.jpg","width":400,"height":62,"caption":"Dutch Health Store"},"image":{"@id":"https:\/\/dutchhealthstore.com\/de\/#\/schema\/logo\/image\/"},"sameAs":["https:\/\/www.instagram.com\/dutchhealthstore\/","https:\/\/www.facebook.com\/dutchhealthstore"]}]},"product_brand":"RiseWell","product_price_amount":"19.95","product_price_currency":"EUR","og_availability":"instock","product_availability":"instock","product_retailer_item_id":"RISE_10","product_condition":"new"},"_links":{"self":[{"href":"https:\/\/dutchhealthstore.com\/de\/wp-json\/wp\/v2\/product\/357972","targetHints":{"allow":["GET"]}}],"collection":[{"href":"https:\/\/dutchhealthstore.com\/de\/wp-json\/wp\/v2\/product"}],"about":[{"href":"https:\/\/dutchhealthstore.com\/de\/wp-json\/wp\/v2\/types\/product"}],"replies":[{"embeddable":true,"href":"https:\/\/dutchhealthstore.com\/de\/wp-json\/wp\/v2\/comments?post=357972"}],"wp:featuredmedia":[{"embeddable":true,"href":"https:\/\/dutchhealthstore.com\/de\/wp-json\/wp\/v2\/media\/357735"}],"wp:attachment":[{"href":"https:\/\/dutchhealthstore.com\/de\/wp-json\/wp\/v2\/media?parent=357972"}],"wp:term":[{"taxonomy":"product_brand","embeddable":true,"href":"https:\/\/dutchhealthstore.com\/de\/wp-json\/wp\/v2\/product_brand?post=357972"},{"taxonomy":"product_cat","embeddable":true,"href":"https:\/\/dutchhealthstore.com\/de\/wp-json\/wp\/v2\/product_cat?post=357972"},{"taxonomy":"product_tag","embeddable":true,"href":"https:\/\/dutchhealthstore.com\/de\/wp-json\/wp\/v2\/product_tag?post=357972"}],"curies":[{"name":"wp","href":"https:\/\/api.w.org\/{rel}","templated":true}]}}