{"id":357854,"date":"2025-09-18T13:55:07","date_gmt":"2025-09-18T11:55:07","guid":{"rendered":"https:\/\/dutchhealthstore.com\/product\/set-3x-oral-gel-applicator-3ml\/"},"modified":"2025-12-30T21:23:18","modified_gmt":"2025-12-30T20:23:18","slug":"set-3x-oral-gel-applicator-3ml","status":"publish","type":"product","link":"https:\/\/dutchhealthstore.com\/de\/product\/set-3x-oral-gel-applicator-3ml\/","title":{"rendered":"Set 3x oral gel applicator 3ml"},"content":{"rendered":"<p data-start=\"165\" data-end=\"572\">Das Blue\u00aem Oral Gel wurde speziell von Implantologen, Oralchirurgen und Zahn\u00e4rzten entwickelt, um die Wundheilung im Mund zu unterst\u00fctzen. Dank seiner hohen Konzentration an aktivem Sauerstoff erh\u00f6ht das Gel den Sauerstoffgehalt im Mundgewebe, was die Genesung beschleunigt. Dies macht es zu einem wirksamen Hilfsmittel bei der Wundheilung, Zahnfleischbluten, entz\u00fcndetem Zahnfleisch (Parodontitis) und Entz\u00fcndungen um Implantate (Periimplantitis). <\/p>\n<p data-start=\"574\" data-end=\"766\">Viele Zahn\u00e4rzte empfehlen Blue\u00aem Oral Gel nach Zahnextraktionen, Implantationen, schlecht sitzenden Prothesen oder nach einer Chemotherapie, da es eine schnellere Heilung und Linderung f\u00f6rdert.<\/p>\n<p data-start=\"768\" data-end=\"1010\">F\u00fcr eine einfachere und hygienischere Anwendung ist das Gel jetzt in praktischen Spritzen erh\u00e4ltlich. Jedes Set enth\u00e4lt <strong data-start=\"877\" data-end=\"902\">3 Spritzen (je 3 ml)<\/strong>, verpackt in einer praktischen Box mit <strong data-start=\"936\" data-end=\"955\">9 separaten Spitzen<\/strong>, die mehrere Anwendungen mit einer frischen Spitze erm\u00f6glichen. <\/p>\n<p data-start=\"768\" data-end=\"1010\">Verwendungszweck: Der Verwendungszweck von Blue m Oral Gel ist die Wiederherstellung des normalen Sauerstoffgehalts in der Mundh\u00f6hle. Es ist f\u00fcr die Anwendung auf Taschen, Zahnfleischbluten oder Wunden vorgesehen, die durch Extraktionen, orale Chirurgie und Platzierung von Implantaten, Chemotherapie oder falsche Z\u00e4hne entstehen k\u00f6nnen. Lesen Sie vor der Verwendung des Produkts die Gebrauchsanweisung.  <\/p>\n<p data-start=\"768\" data-end=\"1010\"><strong data-start=\"1012\" data-end=\"1021\">Hinweis:<\/strong> Dieses Produkt ist nur f\u00fcr den professionellen Gebrauch bestimmt.<\/p>\n<h2 data-start=\"768\" data-end=\"1010\">Warnungen<\/h2>\n<ul>\n<li>blue\u00aem Oral Gel kann Spuren von Laktose enthalten<\/li>\n<li>blue\u00aem Oral Gel ist ausschliesslich zur oralen Anwendung bestimmt<\/li>\n<li>Lagern Sie blue\u00aem Oral Gel bei Umgebungstemperatur zwischen 10 und 25 Grad Celsius<\/li>\n<li>Entsorgen Sie die blue\u00aem Oralspritze einen Monat nach dem \u00d6ffnen<\/li>\n<\/ul>\n<h2 data-start=\"768\" data-end=\"1010\"><strong>Zutaten<\/strong><\/h2>\n<p>Aqua, Alkohol, Glycerin, Kiesels\u00e4ure, Natriumsaccharin, Natriumperborat, Zitronens\u00e4ure, PEG-32, Natriumgluconat, Cellulosegummi, Xanthangummi, Lactoferrin<\/p>\n<p data-start=\"1012\" data-end=\"1075\"><strong>Gr\u00f6\u00dfe: 3 Spritzen (je 3 ml) <\/strong><\/p>\n<p data-start=\"1012\" data-end=\"1075\">\n\t<section class=\"section\" id=\"section_1030802006\">\n\t\t<div class=\"section-bg fill\" >\n\t\t\t\t\t\t\t\t\t\n\t\t\t\n\t<div class=\"is-border\"\n\t\tstyle=\"border-color:rgb(38, 28, 109);border-width:5px 0px 0px 0px;\">\n\t<\/div>\n\n\t\t<\/div>\n\n\t\t\n\n\t\t<div class=\"section-content relative\">\n\t\t\t\n\n<h2><strong>Entdecken Sie blue\u00aem - Pionier der Mundgesundheit<\/strong><\/h2>\n<hr>\n<h3><strong><img decoding=\"async\" class=\"alignright wp-image-178849\" src=\"https:\/\/dutchhealthstore.com\/wp-content\/uploads\/2021\/12\/blue-mlogo.webp\" alt=\"\" width=\"161\" height=\"79\" srcset=\"https:\/\/dutchhealthstore.com\/wp-content\/uploads\/2021\/12\/blue-mlogo.webp 612w, https:\/\/dutchhealthstore.com\/wp-content\/uploads\/2021\/12\/blue-mlogo-510x251.webp 510w, https:\/\/dutchhealthstore.com\/wp-content\/uploads\/2021\/12\/blue-mlogo-64x31.webp 64w\" sizes=\"(max-width: 161px) 100vw, 161px\" \/>Hauchen Sie Ihrem L\u00e4cheln Leben ein mit blue\u00aem<\/strong><\/h3>\n<p>Wir bei blue\u00aem wissen, dass die Mundgesundheit ein wichtiger Bestandteil Ihres allgemeinen Wohlbefindens ist.\nMit mehr als einem Jahrzehnt Erfahrung in der Dentalbranche haben wir eine Reihe von professionellen Mundpflegeprodukten f\u00fcr den t\u00e4glichen Gebrauch entwickelt.\nUrspr\u00fcnglich aus einer Zahnklinik stammend, sind unsere Produkte heute ein unverzichtbarer Bestandteil der t\u00e4glichen Mundhygieneroutine weltweit.  <\/p>\n<p>Ihr Mund ist nicht nur ein Weg zu einem strahlenderen L\u00e4cheln, sondern auch ein wichtiges Tor zu den Gesundheitssystemen Ihres K\u00f6rpers - dem Verdauungs-, Atemwegs- und Nervensystem.\nFast die H\u00e4lfte der sensorischen und motorischen Nerven in Ihrem K\u00f6rper laufen in Ihrem Mund zusammen, was ihn zu einem der empfindlichsten Bereiche macht.\nDiese Empfindlichkeit bedeutet, dass orale Probleme wie Karies, Zahnfleischerkrankungen und Wurzelkanalprobleme Ihr Nervensystem erheblich beeintr\u00e4chtigen k\u00f6nnen.\nDiese Auswirkungen k\u00f6nnen zu Ver\u00e4nderungen der Herzfrequenz, des Blutdrucks und der Atmung f\u00fchren, was die enge Verbindung zwischen der Mundgesundheit und der allgemeinen k\u00f6rperlichen Gesundheit unterstreicht.   <\/p>\n<p>Wir bei blue\u00aem haben es uns zur Aufgabe gemacht, diesen wichtigen Aspekt Ihrer Gesundheit zu verbessern.\nUnsere Produkte sind mehr als nur Zahnpasta und Mundwasser; sie sind eine t\u00e4gliche Dosis Pflege f\u00fcr das Wohlbefinden Ihres K\u00f6rpers, angefangen beim Mund.\nMit blue\u00aem pflegen Sie nicht nur Ihre Z\u00e4hne und Ihr Zahnfleisch, sondern machen einen proaktiven Schritt in Richtung eines ges\u00fcnderen und gl\u00fccklicheren Lebens.  <\/p>\n<p>Erleben Sie den blue\u00aem Unterschied und machen Sie jeden Atemzug zu einem Zeugnis Ihrer Gesundheit und Vitalit\u00e4t.<\/p>\n\n\n\t\t<\/div>\n\n\t\t\n<style>\n#section_1030802006 {\n  padding-top: 30px;\n  padding-bottom: 30px;\n}\n<\/style>\n\t<\/section>\n\t\n","protected":false},"excerpt":{"rendered":"<p>Das Blue\u00aem Oral Gel wurde speziell von Implantologen, Oralchirurgen und Zahn\u00e4rzten entwickelt, um die Wundheilung im Mund zu unterst\u00fctzen.<\/p>\n","protected":false},"featured_media":356051,"comment_status":"open","ping_status":"closed","template":"","meta":[],"product_brand":[],"product_cat":[14115,1032,1210,511,1038],"product_tag":[],"class_list":{"0":"post-357854","1":"product","2":"type-product","3":"status-publish","4":"has-post-thumbnail","6":"product_cat-bluem-mundpflege","7":"product_cat-kategorien","8":"product_cat-marken","9":"product_cat-produkte","10":"product_cat-zahnpflege","11":"pa_brand-bluem-de","12":"pa_dental-care-product-type-gum-care-de","13":"pa_gtin-787790839132-de","14":"pa_size-3-x-3ml-de","16":"first","17":"instock","18":"taxable","19":"shipping-taxable","20":"purchasable","21":"product-type-simple"},"bundled_by":[],"bundle_stock_status":"instock","bundle_stock_quantity":4,"bundle_virtual":false,"bundle_layout":"","bundle_add_to_cart_form_location":"","bundle_editable_in_cart":false,"bundle_sold_individually_context":"","bundle_item_grouping":"","bundle_min_size":"","bundle_max_size":"","bundle_price":[],"bundled_items":[],"bundle_sell_ids":[103925],"atum_controlled":true,"out_stock_date":null,"out_stock_threshold":null,"inheritable":false,"stock_on_hold":0,"sold_today":0,"sales_last_days":0,"out_stock_days":0,"lost_sales":0,"update_date":"2026-04-10T08:32:06","atum_locations":[],"atum_stock_status":"instock","restock_status":false,"low_stock_amount":"","sales_update_date":"2026-04-10T08:32:06","calc_backorders":null,"group_of_quantity":0,"min_quantity":0,"max_quantity":"","exclude_order_quantity_value_rules":"no","exclude_category_quantity_rules":"no","combine_variations":"no","yoast_head":"<!-- This site is optimized with the Yoast SEO Premium plugin v26.5 (Yoast SEO v26.5) - https:\/\/yoast.com\/wordpress\/plugins\/seo\/ -->\n<title>Auf der Suche nach Set 3x oral gel applicator 3ml? Bestellen Sie Set 3x oral gel applicator 3ml heute bei Dutch Health Store. Pers\u00f6nlicher Kontakt &amp; schnelle Versand.<\/title>\n<meta name=\"description\" content=\"Discover the unique benefits of Set 3x oral gel applicator 3ml at Dutch Health Store! Worldwide shipping &amp; free samples added to your order.\" \/>\n<meta name=\"robots\" content=\"index, follow, max-snippet:-1, max-image-preview:large, max-video-preview:-1\" \/>\n<link rel=\"canonical\" href=\"https:\/\/dutchhealthstore.com\/de\/product\/set-3x-oral-gel-applicator-3ml\/\" \/>\n<meta property=\"og:locale\" content=\"de_DE\" \/>\n<meta property=\"og:type\" content=\"article\" \/>\n<meta property=\"og:title\" content=\"Set 3x oral gel applicator 3ml - Dutch Health Store\" \/>\n<meta property=\"og:description\" content=\"Discover the unique benefits of Set 3x oral gel applicator 3ml at Dutch Health Store! Worldwide shipping &amp; free samples added to your order.\" \/>\n<meta property=\"og:url\" content=\"https:\/\/dutchhealthstore.com\/de\/product\/set-3x-oral-gel-applicator-3ml\/\" \/>\n<meta property=\"og:site_name\" content=\"Dutch Health Store\" \/>\n<meta property=\"article:publisher\" content=\"https:\/\/www.instagram.com\/dutchhealthstore\/\" \/>\n<meta property=\"article:modified_time\" content=\"2025-12-30T20:23:18+00:00\" \/>\n<meta property=\"og:image\" content=\"https:\/\/dutchhealthstore.com\/wp-content\/uploads\/2025\/09\/bluem-oral-gel-3x3ml-1.jpg\" \/>\n\t<meta property=\"og:image:width\" content=\"530\" \/>\n\t<meta property=\"og:image:height\" content=\"530\" \/>\n\t<meta property=\"og:image:type\" content=\"image\/jpeg\" \/>\n<meta name=\"twitter:card\" content=\"summary_large_image\" \/>\n<meta name=\"twitter:label1\" content=\"Preis\" \/>\n\t<meta name=\"twitter:data1\" content=\"&euro;49,95\" \/>\n\t<meta name=\"twitter:label2\" content=\"Verf\u00fcgbarkeit\" \/>\n\t<meta name=\"twitter:data2\" content=\"Auf Lager\" \/>\n<script type=\"application\/ld+json\" class=\"yoast-schema-graph\">{\"@context\":\"https:\/\/schema.org\",\"@graph\":[{\"@type\":\"WebPage\",\"@id\":\"https:\/\/dutchhealthstore.com\/de\/product\/set-3x-oral-gel-applicator-3ml\/\",\"url\":\"https:\/\/dutchhealthstore.com\/de\/product\/set-3x-oral-gel-applicator-3ml\/\",\"name\":\"Auf der Suche nach Set 3x oral gel applicator 3ml? Bestellen Sie Set 3x oral gel applicator 3ml heute bei Dutch Health Store. Pers\u00f6nlicher Kontakt & schnelle Versand.\",\"isPartOf\":{\"@id\":\"https:\/\/dutchhealthstore.com\/de\/#website\"},\"primaryImageOfPage\":{\"@id\":\"https:\/\/dutchhealthstore.com\/de\/product\/set-3x-oral-gel-applicator-3ml\/#primaryimage\"},\"image\":{\"@id\":\"https:\/\/dutchhealthstore.com\/de\/product\/set-3x-oral-gel-applicator-3ml\/#primaryimage\"},\"thumbnailUrl\":\"https:\/\/dutchhealthstore.com\/wp-content\/uploads\/2025\/09\/bluem-oral-gel-3x3ml-1.jpg\",\"datePublished\":\"2025-09-18T11:55:07+00:00\",\"dateModified\":\"2025-12-30T20:23:18+00:00\",\"description\":\"Discover the unique benefits of Set 3x oral gel applicator 3ml at Dutch Health Store! Worldwide shipping & free samples added to your order.\",\"breadcrumb\":{\"@id\":\"https:\/\/dutchhealthstore.com\/de\/product\/set-3x-oral-gel-applicator-3ml\/#breadcrumb\"},\"inLanguage\":\"de\",\"potentialAction\":[{\"@type\":\"ReadAction\",\"target\":[\"https:\/\/dutchhealthstore.com\/de\/product\/set-3x-oral-gel-applicator-3ml\/\"]}]},{\"@type\":\"ImageObject\",\"inLanguage\":\"de\",\"@id\":\"https:\/\/dutchhealthstore.com\/de\/product\/set-3x-oral-gel-applicator-3ml\/#primaryimage\",\"url\":\"https:\/\/dutchhealthstore.com\/wp-content\/uploads\/2025\/09\/bluem-oral-gel-3x3ml-1.jpg\",\"contentUrl\":\"https:\/\/dutchhealthstore.com\/wp-content\/uploads\/2025\/09\/bluem-oral-gel-3x3ml-1.jpg\",\"width\":530,\"height\":530,\"caption\":\"bluem-oral-gel-3x3ml-1\"},{\"@type\":\"BreadcrumbList\",\"@id\":\"https:\/\/dutchhealthstore.com\/de\/product\/set-3x-oral-gel-applicator-3ml\/#breadcrumb\",\"itemListElement\":[{\"@type\":\"ListItem\",\"position\":1,\"name\":\"Home\",\"item\":\"https:\/\/dutchhealthstore.com\/de\/\"},{\"@type\":\"ListItem\",\"position\":2,\"name\":\"Shop\",\"item\":\"https:\/\/dutchhealthstore.com\/de\/shop-2\/\"},{\"@type\":\"ListItem\",\"position\":3,\"name\":\"Set 3x oral gel applicator 3ml\"}]},{\"@type\":\"WebSite\",\"@id\":\"https:\/\/dutchhealthstore.com\/de\/#website\",\"url\":\"https:\/\/dutchhealthstore.com\/de\/\",\"name\":\"Dutch Health Store\",\"description\":\"Enhance Your Beauty with Organic &amp; Natural Skincare\",\"publisher\":{\"@id\":\"https:\/\/dutchhealthstore.com\/de\/#organization\"},\"potentialAction\":[{\"@type\":\"SearchAction\",\"target\":{\"@type\":\"EntryPoint\",\"urlTemplate\":\"https:\/\/dutchhealthstore.com\/de\/?s={search_term_string}\"},\"query-input\":{\"@type\":\"PropertyValueSpecification\",\"valueRequired\":true,\"valueName\":\"search_term_string\"}}],\"inLanguage\":\"de\"},{\"@type\":\"Organization\",\"@id\":\"https:\/\/dutchhealthstore.com\/de\/#organization\",\"name\":\"Dutch Health Store\",\"url\":\"https:\/\/dutchhealthstore.com\/de\/\",\"logo\":{\"@type\":\"ImageObject\",\"inLanguage\":\"de\",\"@id\":\"https:\/\/dutchhealthstore.com\/de\/#\/schema\/logo\/image\/\",\"url\":\"https:\/\/dutchhealthstore.com\/wp-content\/uploads\/2020\/08\/logo-dutchhealthstore-jpg-e1599484957574.jpg\",\"contentUrl\":\"https:\/\/dutchhealthstore.com\/wp-content\/uploads\/2020\/08\/logo-dutchhealthstore-jpg-e1599484957574.jpg\",\"width\":400,\"height\":62,\"caption\":\"Dutch Health Store\"},\"image\":{\"@id\":\"https:\/\/dutchhealthstore.com\/de\/#\/schema\/logo\/image\/\"},\"sameAs\":[\"https:\/\/www.instagram.com\/dutchhealthstore\/\",\"https:\/\/www.facebook.com\/dutchhealthstore\"]}]}<\/script>\n<meta property=\"product:brand\" content=\"Bluem\" \/>\n<meta property=\"product:price:amount\" content=\"49.95\" \/>\n<meta property=\"product:price:currency\" content=\"EUR\" \/>\n<meta property=\"og:availability\" content=\"instock\" \/>\n<meta property=\"product:availability\" content=\"instock\" \/>\n<meta property=\"product:condition\" content=\"new\" \/>\n<!-- \/ Yoast SEO Premium plugin. -->","yoast_head_json":{"title":"Auf der Suche nach Set 3x oral gel applicator 3ml? Bestellen Sie Set 3x oral gel applicator 3ml heute bei Dutch Health Store. Pers\u00f6nlicher Kontakt & schnelle Versand.","description":"Discover the unique benefits of Set 3x oral gel applicator 3ml at Dutch Health Store! Worldwide shipping & free samples added to your order.","robots":{"index":"index","follow":"follow","max-snippet":"max-snippet:-1","max-image-preview":"max-image-preview:large","max-video-preview":"max-video-preview:-1"},"canonical":"https:\/\/dutchhealthstore.com\/de\/product\/set-3x-oral-gel-applicator-3ml\/","og_locale":"de_DE","og_type":"article","og_title":"Set 3x oral gel applicator 3ml - Dutch Health Store","og_description":"Discover the unique benefits of Set 3x oral gel applicator 3ml at Dutch Health Store! Worldwide shipping & free samples added to your order.","og_url":"https:\/\/dutchhealthstore.com\/de\/product\/set-3x-oral-gel-applicator-3ml\/","og_site_name":"Dutch Health Store","article_publisher":"https:\/\/www.instagram.com\/dutchhealthstore\/","article_modified_time":"2025-12-30T20:23:18+00:00","og_image":[{"width":530,"height":530,"url":"https:\/\/dutchhealthstore.com\/wp-content\/uploads\/2025\/09\/bluem-oral-gel-3x3ml-1.jpg","type":"image\/jpeg"}],"twitter_card":"summary_large_image","twitter_misc":{"Preis":"&euro;49,95","Verf\u00fcgbarkeit":"Auf Lager"},"schema":{"@context":"https:\/\/schema.org","@graph":[{"@type":"WebPage","@id":"https:\/\/dutchhealthstore.com\/de\/product\/set-3x-oral-gel-applicator-3ml\/","url":"https:\/\/dutchhealthstore.com\/de\/product\/set-3x-oral-gel-applicator-3ml\/","name":"Auf der Suche nach Set 3x oral gel applicator 3ml? Bestellen Sie Set 3x oral gel applicator 3ml heute bei Dutch Health Store. Pers\u00f6nlicher Kontakt & schnelle Versand.","isPartOf":{"@id":"https:\/\/dutchhealthstore.com\/de\/#website"},"primaryImageOfPage":{"@id":"https:\/\/dutchhealthstore.com\/de\/product\/set-3x-oral-gel-applicator-3ml\/#primaryimage"},"image":{"@id":"https:\/\/dutchhealthstore.com\/de\/product\/set-3x-oral-gel-applicator-3ml\/#primaryimage"},"thumbnailUrl":"https:\/\/dutchhealthstore.com\/wp-content\/uploads\/2025\/09\/bluem-oral-gel-3x3ml-1.jpg","datePublished":"2025-09-18T11:55:07+00:00","dateModified":"2025-12-30T20:23:18+00:00","description":"Discover the unique benefits of Set 3x oral gel applicator 3ml at Dutch Health Store! Worldwide shipping & free samples added to your order.","breadcrumb":{"@id":"https:\/\/dutchhealthstore.com\/de\/product\/set-3x-oral-gel-applicator-3ml\/#breadcrumb"},"inLanguage":"de","potentialAction":[{"@type":"ReadAction","target":["https:\/\/dutchhealthstore.com\/de\/product\/set-3x-oral-gel-applicator-3ml\/"]}]},{"@type":"ImageObject","inLanguage":"de","@id":"https:\/\/dutchhealthstore.com\/de\/product\/set-3x-oral-gel-applicator-3ml\/#primaryimage","url":"https:\/\/dutchhealthstore.com\/wp-content\/uploads\/2025\/09\/bluem-oral-gel-3x3ml-1.jpg","contentUrl":"https:\/\/dutchhealthstore.com\/wp-content\/uploads\/2025\/09\/bluem-oral-gel-3x3ml-1.jpg","width":530,"height":530,"caption":"bluem-oral-gel-3x3ml-1"},{"@type":"BreadcrumbList","@id":"https:\/\/dutchhealthstore.com\/de\/product\/set-3x-oral-gel-applicator-3ml\/#breadcrumb","itemListElement":[{"@type":"ListItem","position":1,"name":"Home","item":"https:\/\/dutchhealthstore.com\/de\/"},{"@type":"ListItem","position":2,"name":"Shop","item":"https:\/\/dutchhealthstore.com\/de\/shop-2\/"},{"@type":"ListItem","position":3,"name":"Set 3x oral gel applicator 3ml"}]},{"@type":"WebSite","@id":"https:\/\/dutchhealthstore.com\/de\/#website","url":"https:\/\/dutchhealthstore.com\/de\/","name":"Dutch Health Store","description":"Enhance Your Beauty with Organic &amp; Natural Skincare","publisher":{"@id":"https:\/\/dutchhealthstore.com\/de\/#organization"},"potentialAction":[{"@type":"SearchAction","target":{"@type":"EntryPoint","urlTemplate":"https:\/\/dutchhealthstore.com\/de\/?s={search_term_string}"},"query-input":{"@type":"PropertyValueSpecification","valueRequired":true,"valueName":"search_term_string"}}],"inLanguage":"de"},{"@type":"Organization","@id":"https:\/\/dutchhealthstore.com\/de\/#organization","name":"Dutch Health Store","url":"https:\/\/dutchhealthstore.com\/de\/","logo":{"@type":"ImageObject","inLanguage":"de","@id":"https:\/\/dutchhealthstore.com\/de\/#\/schema\/logo\/image\/","url":"https:\/\/dutchhealthstore.com\/wp-content\/uploads\/2020\/08\/logo-dutchhealthstore-jpg-e1599484957574.jpg","contentUrl":"https:\/\/dutchhealthstore.com\/wp-content\/uploads\/2020\/08\/logo-dutchhealthstore-jpg-e1599484957574.jpg","width":400,"height":62,"caption":"Dutch Health Store"},"image":{"@id":"https:\/\/dutchhealthstore.com\/de\/#\/schema\/logo\/image\/"},"sameAs":["https:\/\/www.instagram.com\/dutchhealthstore\/","https:\/\/www.facebook.com\/dutchhealthstore"]}]},"product_brand":"Bluem","product_price_amount":"49.95","product_price_currency":"EUR","og_availability":"instock","product_availability":"instock","product_condition":"new"},"_links":{"self":[{"href":"https:\/\/dutchhealthstore.com\/de\/wp-json\/wp\/v2\/product\/357854","targetHints":{"allow":["GET"]}}],"collection":[{"href":"https:\/\/dutchhealthstore.com\/de\/wp-json\/wp\/v2\/product"}],"about":[{"href":"https:\/\/dutchhealthstore.com\/de\/wp-json\/wp\/v2\/types\/product"}],"replies":[{"embeddable":true,"href":"https:\/\/dutchhealthstore.com\/de\/wp-json\/wp\/v2\/comments?post=357854"}],"wp:featuredmedia":[{"embeddable":true,"href":"https:\/\/dutchhealthstore.com\/de\/wp-json\/wp\/v2\/media\/356051"}],"wp:attachment":[{"href":"https:\/\/dutchhealthstore.com\/de\/wp-json\/wp\/v2\/media?parent=357854"}],"wp:term":[{"taxonomy":"product_brand","embeddable":true,"href":"https:\/\/dutchhealthstore.com\/de\/wp-json\/wp\/v2\/product_brand?post=357854"},{"taxonomy":"product_cat","embeddable":true,"href":"https:\/\/dutchhealthstore.com\/de\/wp-json\/wp\/v2\/product_cat?post=357854"},{"taxonomy":"product_tag","embeddable":true,"href":"https:\/\/dutchhealthstore.com\/de\/wp-json\/wp\/v2\/product_tag?post=357854"}],"curies":[{"name":"wp","href":"https:\/\/api.w.org\/{rel}","templated":true}]}}