{"id":353493,"date":"2025-08-19T13:54:13","date_gmt":"2025-08-19T11:54:13","guid":{"rendered":"https:\/\/dutchhealthstore.com\/product\/bouquet-shirley\/"},"modified":"2025-08-22T13:58:18","modified_gmt":"2025-08-22T11:58:18","slug":"bouquet-shirley","status":"publish","type":"product","link":"https:\/\/dutchhealthstore.com\/de\/product\/bouquet-shirley\/","title":{"rendered":"Bouquet Shirley"},"content":{"rendered":"<p>Dieser Strau\u00df mit dem sch\u00f6nen kobaltblauen Rittersporn als Herzst\u00fcck bringt Farbe, Atmosph\u00e4re und Raffinesse in Ihre Einrichtung. Die verschiedenen Texturen und Formen der Blumen machen den Strau\u00df zu etwas Besonderem, ja sogar zu einem kleinen Kunstwerk. Wundersch\u00f6n auf Ihrem Esstisch, aber auch als Blickfang auf einem Pflanzentisch, wird dieser Strau\u00df sicherlich die Show stehlen. Es ist ein gro\u00dfer Strau\u00df mit nicht weniger als 15 Stielen, und wenn Sie m\u00f6chten, k\u00f6nnen Sie den Strau\u00df etwa 80 cm hoch machen, denn so hoch ist der Rittersporn. Dieser Strau\u00df steht in einer <a href=\"https:\/\/dutchhealthstore.com\/product\/vase-organic-sand\/\">Vase Organic Sand<\/a> (nicht im Lieferumfang enthalten)    <\/p>\n<p>In diesem Strau\u00df finden Sie:<\/p>\n<p>1 x <a href=\"https:\/\/dutchhealthstore.com\/product\/sea-holly-spray-red\/\">Sea Holly Spray Rot<\/a><\/p>\n<p>1 x <a href=\"https:\/\/dutchhealthstore.com\/product\/delphinium-cobalt-blue\/\">Delphinium Cobalt Blue<\/a><\/p>\n<p>3 x <a href=\"https:\/\/dutchhealthstore.com\/product\/dyon-rose-sweet-pink\/\">Dyon Rose Sweet Pink<\/a><\/p>\n<p>2 x <a href=\"https:\/\/dutchhealthstore.com\/product\/sweet-pea-lavender\/\">Sweet Pea Lavender<\/a><\/p>\n<p>2 x <a href=\"https:\/\/dutchhealthstore.com\/product\/hazel-twig\/\">Hazel Twig<\/a><\/p>\n<p>3 x <a href=\"https:\/\/dutchhealthstore.com\/product\/mini-pansy-spray-beautiful-blue\/\">Mini Pansy Spray<\/a><\/p>\n<p>2 x <a href=\"https:\/\/dutchhealthstore.com\/product\/full-cream-dianthus\/\">Full Cream Dianthus<\/a><\/p>\n<p>1 x <a href=\"https:\/\/dutchhealthstore.com\/product\/pink-thistle\/\">Thistle Pink<\/a><\/p>\n<p>Es kann sein, dass wir einige Sternchen f\u00fcr den Versand verbogen haben. Dies beeintr\u00e4chtigt die Qualit\u00e4t nicht und kann leicht zur\u00fcckgebogen werden.<\/p>\n<p>&nbsp;<\/p>\n<p>&nbsp;<\/p>\n","protected":false},"excerpt":{"rendered":"<p>Farbe, Farbe und verschiedene Texturen!<\/p>\n","protected":false},"featured_media":353261,"comment_status":"open","ping_status":"closed","template":"","meta":[],"product_brand":[],"product_cat":[20699,17401,1032,1210,511],"product_tag":[21316,21317,21024],"class_list":{"0":"post-353493","1":"product","2":"type-product","3":"status-publish","4":"has-post-thumbnail","6":"product_cat-flowers-de","7":"product_cat-haus-wohnen","8":"product_cat-kategorien","9":"product_cat-marken","10":"product_cat-produkte","11":"product_tag-flowers-de","12":"product_tag-haus-wohnen","13":"product_tag-strause","14":"pa_brand-dutch-home-living-de","15":"pa_home-living-blumenstrause","16":"pa_size-80-cm-de","18":"first","19":"instock","20":"taxable","21":"shipping-taxable","22":"purchasable","23":"product-type-simple"},"bundled_by":[],"bundle_stock_status":"instock","bundle_stock_quantity":6,"bundle_virtual":false,"bundle_layout":"","bundle_add_to_cart_form_location":"","bundle_editable_in_cart":false,"bundle_sold_individually_context":"","bundle_item_grouping":"","bundle_min_size":"","bundle_max_size":"","bundle_price":[],"bundled_items":[],"bundle_sell_ids":[],"atum_controlled":true,"out_stock_date":null,"out_stock_threshold":null,"inheritable":false,"stock_on_hold":0,"sold_today":0,"sales_last_days":0,"out_stock_days":0,"lost_sales":0,"update_date":"2026-04-14T10:26:50","atum_locations":[],"atum_stock_status":"instock","restock_status":false,"low_stock_amount":"","sales_update_date":"2026-04-14T10:26:50","calc_backorders":null,"group_of_quantity":0,"min_quantity":0,"max_quantity":"","exclude_order_quantity_value_rules":"no","exclude_category_quantity_rules":"no","combine_variations":"no","yoast_head":"<!-- This site is optimized with the Yoast SEO Premium plugin v26.5 (Yoast SEO v26.5) - https:\/\/yoast.com\/wordpress\/plugins\/seo\/ -->\n<title>Bouquet Shirley - Dutch Home &amp; Living<\/title>\n<meta name=\"description\" content=\"Farbe, Farbe und verschiedene Texturen\" \/>\n<meta name=\"robots\" content=\"index, follow, max-snippet:-1, max-image-preview:large, max-video-preview:-1\" \/>\n<link rel=\"canonical\" href=\"https:\/\/dutchhealthstore.com\/de\/product\/bouquet-shirley\/\" \/>\n<meta property=\"og:locale\" content=\"de_DE\" \/>\n<meta property=\"og:type\" content=\"article\" \/>\n<meta property=\"og:title\" content=\"Bouquet Shirley - Dutch Health Store\" \/>\n<meta property=\"og:description\" content=\"Farbe, Farbe und verschiedene Texturen\" \/>\n<meta property=\"og:url\" content=\"https:\/\/dutchhealthstore.com\/de\/product\/bouquet-shirley\/\" \/>\n<meta property=\"og:site_name\" content=\"Dutch Health Store\" \/>\n<meta property=\"article:publisher\" content=\"https:\/\/www.instagram.com\/dutchhealthstore\/\" \/>\n<meta property=\"article:modified_time\" content=\"2025-08-22T11:58:18+00:00\" \/>\n<meta property=\"og:image\" content=\"https:\/\/dutchhealthstore.com\/wp-content\/uploads\/2025\/08\/dhs-bouquet-shirley.jpg\" \/>\n\t<meta property=\"og:image:width\" content=\"1100\" \/>\n\t<meta property=\"og:image:height\" content=\"1100\" \/>\n\t<meta property=\"og:image:type\" content=\"image\/jpeg\" \/>\n<meta name=\"twitter:card\" content=\"summary_large_image\" \/>\n<meta name=\"twitter:label1\" content=\"Preis\" \/>\n\t<meta name=\"twitter:data1\" content=\"&euro;92,50\" \/>\n\t<meta name=\"twitter:label2\" content=\"Verf\u00fcgbarkeit\" \/>\n\t<meta name=\"twitter:data2\" content=\"Auf Lager\" \/>\n<script type=\"application\/ld+json\" class=\"yoast-schema-graph\">{\"@context\":\"https:\/\/schema.org\",\"@graph\":[{\"@type\":\"WebPage\",\"@id\":\"https:\/\/dutchhealthstore.com\/de\/product\/bouquet-shirley\/\",\"url\":\"https:\/\/dutchhealthstore.com\/de\/product\/bouquet-shirley\/\",\"name\":\"Bouquet Shirley - Dutch Home & Living\",\"isPartOf\":{\"@id\":\"https:\/\/dutchhealthstore.com\/de\/#website\"},\"primaryImageOfPage\":{\"@id\":\"https:\/\/dutchhealthstore.com\/de\/product\/bouquet-shirley\/#primaryimage\"},\"image\":{\"@id\":\"https:\/\/dutchhealthstore.com\/de\/product\/bouquet-shirley\/#primaryimage\"},\"thumbnailUrl\":\"https:\/\/dutchhealthstore.com\/wp-content\/uploads\/2025\/08\/dhs-bouquet-shirley.jpg\",\"datePublished\":\"2025-08-19T11:54:13+00:00\",\"dateModified\":\"2025-08-22T11:58:18+00:00\",\"description\":\"Farbe, Farbe und verschiedene Texturen\",\"breadcrumb\":{\"@id\":\"https:\/\/dutchhealthstore.com\/de\/product\/bouquet-shirley\/#breadcrumb\"},\"inLanguage\":\"de\",\"potentialAction\":[{\"@type\":\"ReadAction\",\"target\":[\"https:\/\/dutchhealthstore.com\/de\/product\/bouquet-shirley\/\"]}]},{\"@type\":\"ImageObject\",\"inLanguage\":\"de\",\"@id\":\"https:\/\/dutchhealthstore.com\/de\/product\/bouquet-shirley\/#primaryimage\",\"url\":\"https:\/\/dutchhealthstore.com\/wp-content\/uploads\/2025\/08\/dhs-bouquet-shirley.jpg\",\"contentUrl\":\"https:\/\/dutchhealthstore.com\/wp-content\/uploads\/2025\/08\/dhs-bouquet-shirley.jpg\",\"width\":1100,\"height\":1100,\"caption\":\"dhs-bouquet-shirley\"},{\"@type\":\"BreadcrumbList\",\"@id\":\"https:\/\/dutchhealthstore.com\/de\/product\/bouquet-shirley\/#breadcrumb\",\"itemListElement\":[{\"@type\":\"ListItem\",\"position\":1,\"name\":\"Home\",\"item\":\"https:\/\/dutchhealthstore.com\/de\/\"},{\"@type\":\"ListItem\",\"position\":2,\"name\":\"Shop\",\"item\":\"https:\/\/dutchhealthstore.com\/de\/shop-2\/\"},{\"@type\":\"ListItem\",\"position\":3,\"name\":\"Bouquet Shirley\"}]},{\"@type\":\"WebSite\",\"@id\":\"https:\/\/dutchhealthstore.com\/de\/#website\",\"url\":\"https:\/\/dutchhealthstore.com\/de\/\",\"name\":\"Dutch Health Store\",\"description\":\"Enhance Your Beauty with Organic &amp; Natural Skincare\",\"publisher\":{\"@id\":\"https:\/\/dutchhealthstore.com\/de\/#organization\"},\"potentialAction\":[{\"@type\":\"SearchAction\",\"target\":{\"@type\":\"EntryPoint\",\"urlTemplate\":\"https:\/\/dutchhealthstore.com\/de\/?s={search_term_string}\"},\"query-input\":{\"@type\":\"PropertyValueSpecification\",\"valueRequired\":true,\"valueName\":\"search_term_string\"}}],\"inLanguage\":\"de\"},{\"@type\":\"Organization\",\"@id\":\"https:\/\/dutchhealthstore.com\/de\/#organization\",\"name\":\"Dutch Health Store\",\"url\":\"https:\/\/dutchhealthstore.com\/de\/\",\"logo\":{\"@type\":\"ImageObject\",\"inLanguage\":\"de\",\"@id\":\"https:\/\/dutchhealthstore.com\/de\/#\/schema\/logo\/image\/\",\"url\":\"https:\/\/dutchhealthstore.com\/wp-content\/uploads\/2020\/08\/logo-dutchhealthstore-jpg-e1599484957574.jpg\",\"contentUrl\":\"https:\/\/dutchhealthstore.com\/wp-content\/uploads\/2020\/08\/logo-dutchhealthstore-jpg-e1599484957574.jpg\",\"width\":400,\"height\":62,\"caption\":\"Dutch Health Store\"},\"image\":{\"@id\":\"https:\/\/dutchhealthstore.com\/de\/#\/schema\/logo\/image\/\"},\"sameAs\":[\"https:\/\/www.instagram.com\/dutchhealthstore\/\",\"https:\/\/www.facebook.com\/dutchhealthstore\"]}]}<\/script>\n<meta property=\"product:brand\" content=\"Dutch Home &amp; Living\" \/>\n<meta property=\"product:price:amount\" content=\"92.50\" \/>\n<meta property=\"product:price:currency\" content=\"EUR\" \/>\n<meta property=\"og:availability\" content=\"instock\" \/>\n<meta property=\"product:availability\" content=\"instock\" \/>\n<meta property=\"product:retailer_item_id\" content=\"boek117\" \/>\n<meta property=\"product:condition\" content=\"new\" \/>\n<!-- \/ Yoast SEO Premium plugin. -->","yoast_head_json":{"title":"Bouquet Shirley - Dutch Home & Living","description":"Farbe, Farbe und verschiedene Texturen","robots":{"index":"index","follow":"follow","max-snippet":"max-snippet:-1","max-image-preview":"max-image-preview:large","max-video-preview":"max-video-preview:-1"},"canonical":"https:\/\/dutchhealthstore.com\/de\/product\/bouquet-shirley\/","og_locale":"de_DE","og_type":"article","og_title":"Bouquet Shirley - Dutch Health Store","og_description":"Farbe, Farbe und verschiedene Texturen","og_url":"https:\/\/dutchhealthstore.com\/de\/product\/bouquet-shirley\/","og_site_name":"Dutch Health Store","article_publisher":"https:\/\/www.instagram.com\/dutchhealthstore\/","article_modified_time":"2025-08-22T11:58:18+00:00","og_image":[{"width":1100,"height":1100,"url":"https:\/\/dutchhealthstore.com\/wp-content\/uploads\/2025\/08\/dhs-bouquet-shirley.jpg","type":"image\/jpeg"}],"twitter_card":"summary_large_image","twitter_misc":{"Preis":"&euro;92,50","Verf\u00fcgbarkeit":"Auf Lager"},"schema":{"@context":"https:\/\/schema.org","@graph":[{"@type":"WebPage","@id":"https:\/\/dutchhealthstore.com\/de\/product\/bouquet-shirley\/","url":"https:\/\/dutchhealthstore.com\/de\/product\/bouquet-shirley\/","name":"Bouquet Shirley - Dutch Home & Living","isPartOf":{"@id":"https:\/\/dutchhealthstore.com\/de\/#website"},"primaryImageOfPage":{"@id":"https:\/\/dutchhealthstore.com\/de\/product\/bouquet-shirley\/#primaryimage"},"image":{"@id":"https:\/\/dutchhealthstore.com\/de\/product\/bouquet-shirley\/#primaryimage"},"thumbnailUrl":"https:\/\/dutchhealthstore.com\/wp-content\/uploads\/2025\/08\/dhs-bouquet-shirley.jpg","datePublished":"2025-08-19T11:54:13+00:00","dateModified":"2025-08-22T11:58:18+00:00","description":"Farbe, Farbe und verschiedene Texturen","breadcrumb":{"@id":"https:\/\/dutchhealthstore.com\/de\/product\/bouquet-shirley\/#breadcrumb"},"inLanguage":"de","potentialAction":[{"@type":"ReadAction","target":["https:\/\/dutchhealthstore.com\/de\/product\/bouquet-shirley\/"]}]},{"@type":"ImageObject","inLanguage":"de","@id":"https:\/\/dutchhealthstore.com\/de\/product\/bouquet-shirley\/#primaryimage","url":"https:\/\/dutchhealthstore.com\/wp-content\/uploads\/2025\/08\/dhs-bouquet-shirley.jpg","contentUrl":"https:\/\/dutchhealthstore.com\/wp-content\/uploads\/2025\/08\/dhs-bouquet-shirley.jpg","width":1100,"height":1100,"caption":"dhs-bouquet-shirley"},{"@type":"BreadcrumbList","@id":"https:\/\/dutchhealthstore.com\/de\/product\/bouquet-shirley\/#breadcrumb","itemListElement":[{"@type":"ListItem","position":1,"name":"Home","item":"https:\/\/dutchhealthstore.com\/de\/"},{"@type":"ListItem","position":2,"name":"Shop","item":"https:\/\/dutchhealthstore.com\/de\/shop-2\/"},{"@type":"ListItem","position":3,"name":"Bouquet Shirley"}]},{"@type":"WebSite","@id":"https:\/\/dutchhealthstore.com\/de\/#website","url":"https:\/\/dutchhealthstore.com\/de\/","name":"Dutch Health Store","description":"Enhance Your Beauty with Organic &amp; Natural Skincare","publisher":{"@id":"https:\/\/dutchhealthstore.com\/de\/#organization"},"potentialAction":[{"@type":"SearchAction","target":{"@type":"EntryPoint","urlTemplate":"https:\/\/dutchhealthstore.com\/de\/?s={search_term_string}"},"query-input":{"@type":"PropertyValueSpecification","valueRequired":true,"valueName":"search_term_string"}}],"inLanguage":"de"},{"@type":"Organization","@id":"https:\/\/dutchhealthstore.com\/de\/#organization","name":"Dutch Health Store","url":"https:\/\/dutchhealthstore.com\/de\/","logo":{"@type":"ImageObject","inLanguage":"de","@id":"https:\/\/dutchhealthstore.com\/de\/#\/schema\/logo\/image\/","url":"https:\/\/dutchhealthstore.com\/wp-content\/uploads\/2020\/08\/logo-dutchhealthstore-jpg-e1599484957574.jpg","contentUrl":"https:\/\/dutchhealthstore.com\/wp-content\/uploads\/2020\/08\/logo-dutchhealthstore-jpg-e1599484957574.jpg","width":400,"height":62,"caption":"Dutch Health Store"},"image":{"@id":"https:\/\/dutchhealthstore.com\/de\/#\/schema\/logo\/image\/"},"sameAs":["https:\/\/www.instagram.com\/dutchhealthstore\/","https:\/\/www.facebook.com\/dutchhealthstore"]}]},"product_brand":"Dutch Home &amp; Living","product_price_amount":"92.50","product_price_currency":"EUR","og_availability":"instock","product_availability":"instock","product_retailer_item_id":"boek117","product_condition":"new"},"_links":{"self":[{"href":"https:\/\/dutchhealthstore.com\/de\/wp-json\/wp\/v2\/product\/353493","targetHints":{"allow":["GET"]}}],"collection":[{"href":"https:\/\/dutchhealthstore.com\/de\/wp-json\/wp\/v2\/product"}],"about":[{"href":"https:\/\/dutchhealthstore.com\/de\/wp-json\/wp\/v2\/types\/product"}],"replies":[{"embeddable":true,"href":"https:\/\/dutchhealthstore.com\/de\/wp-json\/wp\/v2\/comments?post=353493"}],"wp:featuredmedia":[{"embeddable":true,"href":"https:\/\/dutchhealthstore.com\/de\/wp-json\/wp\/v2\/media\/353261"}],"wp:attachment":[{"href":"https:\/\/dutchhealthstore.com\/de\/wp-json\/wp\/v2\/media?parent=353493"}],"wp:term":[{"taxonomy":"product_brand","embeddable":true,"href":"https:\/\/dutchhealthstore.com\/de\/wp-json\/wp\/v2\/product_brand?post=353493"},{"taxonomy":"product_cat","embeddable":true,"href":"https:\/\/dutchhealthstore.com\/de\/wp-json\/wp\/v2\/product_cat?post=353493"},{"taxonomy":"product_tag","embeddable":true,"href":"https:\/\/dutchhealthstore.com\/de\/wp-json\/wp\/v2\/product_tag?post=353493"}],"curies":[{"name":"wp","href":"https:\/\/api.w.org\/{rel}","templated":true}]}}