{"id":352703,"date":"2025-08-14T08:40:40","date_gmt":"2025-08-14T06:40:40","guid":{"rendered":"https:\/\/dutchhealthstore.com\/product\/finger-lime-repair-serum\/"},"modified":"2026-02-06T17:12:08","modified_gmt":"2026-02-06T16:12:08","slug":"finger-lime-repair-serum","status":"publish","type":"product","link":"https:\/\/dutchhealthstore.com\/de\/product\/finger-lime-repair-serum\/","title":{"rendered":"Finger Lime &#8211; Repair Serum"},"content":{"rendered":"<h3 data-start=\"212\" data-end=\"232\"><strong data-start=\"216\" data-end=\"232\">Wichtigste Vorteile<\/strong><\/h3>\n<ul data-start=\"233\" data-end=\"558\">\n<li data-start=\"233\" data-end=\"284\">\n<p data-start=\"235\" data-end=\"284\">Verst\u00e4rkt die Hautbarriere, um die Feuchtigkeit einzuschlie\u00dfen<\/p>\n<\/li>\n<li data-start=\"285\" data-end=\"342\">\n<p data-start=\"287\" data-end=\"342\">Sch\u00fctzt die Haut vor Umweltstress und Schadstoffen<\/p>\n<\/li>\n<li data-start=\"343\" data-end=\"423\">\n<p data-start=\"345\" data-end=\"423\">Reich an nat\u00fcrlichen Entz\u00fcndungshemmern zur Linderung von R\u00f6tungen, Akne und Empfindlichkeit<\/p>\n<\/li>\n<li data-start=\"424\" data-end=\"493\">\n<p data-start=\"426\" data-end=\"493\">Spendet tiefenwirksame, lang anhaltende Feuchtigkeit f\u00fcr eine glattere, ausgeglichenere Haut<\/p>\n<\/li>\n<li data-start=\"494\" data-end=\"558\">\n<p data-start=\"496\" data-end=\"558\">Unterst\u00fctzt die Kollagenproduktion f\u00fcr eine straffere, elastischere Haut<\/p>\n<\/li>\n<\/ul>\n<p data-start=\"560\" data-end=\"671\"><strong data-start=\"560\" data-end=\"568\">Gr\u00f6\u00dfe<\/strong>: 30ml (h\u00e4lt ca. 2-3 Monate)<br data-start=\"600\" data-end=\"603\"><strong data-start=\"603\" data-end=\"625\">Formuliert ohne<\/strong>: Synthetik, Tierversuche oder Kohlenstoffbelastung<\/p>\n<hr data-start=\"673\" data-end=\"676\">\n<h3 data-start=\"678\" data-end=\"698\"><strong data-start=\"682\" data-end=\"696\">Wie zu verwenden<\/strong><\/h3>\n<p data-start=\"699\" data-end=\"841\">Geben Sie morgens oder abends 3 Tropfen auf die gereinigte Haut &#8211; wann immer es sich richtig anf\u00fchlt. Halten Sie inne, atmen Sie tief durch und machen Sie es zu einem stillen Ritual der Selbstf\u00fcrsorge. <\/p>\n<hr data-start=\"843\" data-end=\"846\">\n<h3 data-start=\"848\" data-end=\"867\"><strong data-start=\"852\" data-end=\"865\">Ideal f\u00fcr<\/strong><\/h3>\n<p data-start=\"868\" data-end=\"1035\">F\u00fcr alle, die ihre Hautbarriere st\u00e4rken, die t\u00e4gliche Feuchtigkeitszufuhr erh\u00f6hen und sich vor Umweltsch\u00e4den sch\u00fctzen m\u00f6chten.<br data-start=\"980\" data-end=\"983\">Perfekt f\u00fcr empfindliche, zu Akne neigende oder reaktive Haut.<\/p>\n<p data-start=\"1037\" data-end=\"1093\" data-is-last-node=\"\" data-is-only-node=\"\"><strong data-start=\"1037\" data-end=\"1093\" data-is-last-node=\"\">100% Nat\u00fcrlich | Vegan | Grausamkeitsfrei | Kohlenstoffneutral<\/strong><\/p>\n<h2 data-start=\"1037\" data-end=\"1093\"><strong>Nat\u00fcrliche\/organische Inhaltsstoffe <\/strong><\/h2>\n<p>Das Herzst\u00fcck dieser Formel ist Gulalung (Fingerlinde), eine einheimische Pflanze, die f\u00fcr ihre antiseptischen und feuchtigkeitsspendenden Eigenschaften gesch\u00e4tzt wird. Diese seit Generationen in traditionellen Praktiken verwendete Frucht wirkt auf zellul\u00e4rer Ebene und hilft, den nat\u00fcrlichen Rhythmus und die Zyklen der Haut wiederherzustellen. <\/p>\n<p>Zutaten: Fingerlimetten-Frucht-Extrakt (Gulalung), Glycerin, Wasser, Natriumbenzoat, Kaliumsorbat.<\/p>\n\n\t<section class=\"section\" id=\"section_1854561218\">\n\t\t<div class=\"section-bg fill\" >\n\t\t\t\t\t\t\t\t\t\n\t\t\t\n\n\t\t<\/div>\n\n\t\t\n\n\t\t<div class=\"section-content relative\">\n\t\t\t\n\n<div class=\"row\"  id=\"row-825543858\">\n\n\n\t<div id=\"col-1447205907\" class=\"col small-12 large-12\"  >\n\t\t\t\t<div class=\"col-inner\"  >\n\t\t\t\n\t\t\t\n\n<h3>\u00dcber INBLUEM Skincare<\/h3>\n<hr>\n\n<div class=\"row\"  id=\"row-1933730852\">\n\n\n\t<div id=\"col-898866322\" class=\"col medium-9 small-12 large-9\"  >\n\t\t\t\t<div class=\"col-inner\"  >\n\t\t\t\n\t\t\t\n\n<p data-start=\"277\" data-end=\"732\">INBLUEM ist eine bewusst entwickelte Hautpflegemarke, die in <strong data-start=\"333\" data-end=\"357\">Byron Bay, Australien<\/strong>, auf <strong data-start=\"362\" data-end=\"381\">Bundjalung-Land<\/strong> entstanden ist. Gegr\u00fcndet von der Umweltingenieurin und Aktivistin <g id=\"gid_2\">Montana Lower<\/g>, wurde die Marke aus dem Wunsch heraus geschaffen, Hautpflege anzubieten, die wirklich mit der Natur im Einklang steht \u2013 sicher, ethisch und zutiefst n\u00e4hrend. Inspiriert durch ihre Schwangerschaft machte sich Montana daran, Rezepturen zu entwickeln, die sanft genug f\u00fcr Babys und dennoch wirksam genug sind, um die Haut jeden Alters zu unterst\u00fctzen.  <\/p>\n<p data-start=\"734\" data-end=\"1122\">Jedes INBLUEM-Produkt wird aus <strong data-start=\"769\" data-end=\"829\">biologischen, wild geernteten und regional bezogenen Inhaltsstoffen<\/strong> hergestellt \u2013 immer frei von Giftstoffen, synthetischen Zus\u00e4tzen und aggressiven Chemikalien. Die Marke folgt den Prinzipien der <g id=\"gid_1\">Biomimikry<\/g> und entwickelt Hautpflege, die im Einklang mit Ihrem K\u00f6rper und der Erde wirkt. Von den Farmen, mit denen sie zusammenarbeiten, bis hin zu den Verpackungen, die sie verwenden, ist Nachhaltigkeit in jeden Schritt eingewoben.  <\/p>\n<p data-start=\"1124\" data-end=\"1499\">INBLUEM ist stolz darauf, <strong data-start=\"1143\" data-end=\"1152\">vegan<\/strong> und <strong data-start=\"1154\" data-end=\"1197\">von Leaping Bunny als tierversuchsfrei zertifiziert<\/strong> zu sein und sich zu <strong data-start=\"1216\" data-end=\"1230\">fairen Handelspraktiken<\/strong> zu bekennen. Die Marke unterst\u00fctzt <g id=\"gid_3\">First Nations-Bauern<\/g> und w\u00fcrdigt die traditionellen H\u00fcter des Landes, auf dem sie arbeiten. Jedes Produkt spiegelt ihre Mission wider, die Sch\u00f6nheitsindustrie wieder zu beleben \u2013 mit Hautpflege, die sauber, bewusst und in Liebe verwurzelt ist.  <\/p>\n<p data-start=\"1501\" data-end=\"1636\">Dies ist mehr als nur Hautpflege. Dies ist eine R\u00fcckkehr zu dem, was am wichtigsten ist \u2013 <strong data-start=\"1569\" data-end=\"1636\">Ihrem Wohlbefinden, Ihren Werten und Ihrer Verbindung zur Erde.<\/strong> <\/p>\n\n\t\t<\/div>\n\t\t\t\t\t<\/div>\n\n\t\n\n\t<div id=\"col-180659792\" class=\"col medium-3 small-12 large-3\"  >\n\t\t\t\t<div class=\"col-inner\"  >\n\t\t\t\n\t\t\t\n\n\t<div class=\"img has-hover x md-x lg-x y md-y lg-y\" id=\"image_787111956\">\n\t\t\t\t\t\t\t\t<div class=\"img-inner dark\" >\n\t\t\t<img fetchpriority=\"high\" decoding=\"async\" width=\"640\" height=\"800\" src=\"https:\/\/dutchhealthstore.com\/wp-content\/uploads\/2025\/07\/inbluem-foto-small.jpg\" class=\"attachment-large size-large\" alt=\"\" srcset=\"https:\/\/dutchhealthstore.com\/wp-content\/uploads\/2025\/07\/inbluem-foto-small.jpg 640w, https:\/\/dutchhealthstore.com\/wp-content\/uploads\/2025\/07\/inbluem-foto-small-320x400.jpg 320w, https:\/\/dutchhealthstore.com\/wp-content\/uploads\/2025\/07\/inbluem-foto-small-40x50.jpg 40w, https:\/\/dutchhealthstore.com\/wp-content\/uploads\/2025\/07\/inbluem-foto-small-530x663.jpg 530w, https:\/\/dutchhealthstore.com\/wp-content\/uploads\/2025\/07\/inbluem-foto-small-64x80.jpg 64w\" sizes=\"(max-width: 640px) 100vw, 640px\" \/>\t\t\t\t\t\t\n\t\t\t\t\t<\/div>\n\t\t\t\t\t\t\t\t\n<style>\n#image_787111956 {\n  width: 100%;\n}\n<\/style>\n\t<\/div>\n\t\n\n\n\t\t<\/div>\n\t\t\t\t\t<\/div>\n\n\t\n\n<\/div>\n\n\t\t<\/div>\n\t\t\t\t\t<\/div>\n\n\t\n\n<\/div>\n\n\t\t<\/div>\n\n\t\t\n<style>\n#section_1854561218 {\n  padding-top: 30px;\n  padding-bottom: 30px;\n}\n<\/style>\n\t<\/section>\n\t\n","protected":false},"excerpt":{"rendered":"<p>Ein leistungsstarkes, hautfreundliches Serum, das hilft, die Hautbarriere wiederherzustellen und zu st\u00e4rken, Feuchtigkeit zu spenden und Entz\u00fcndungen zu lindern &#8211; f\u00fcr ein ruhiges, ausgeglichenes und widerstandsf\u00e4higes Aussehen.<\/p>\n","protected":false},"featured_media":353525,"comment_status":"open","ping_status":"closed","template":"","meta":[],"product_brand":[],"product_cat":[5704,1227,5669,5703,21377,1032,1210,5101,511,4758,5707,5708],"product_tag":[21362,21361,6317,21532,6037],"class_list":{"0":"post-352703","1":"product","2":"type-product","3":"status-publish","4":"has-post-thumbnail","6":"product_cat-sensitive-skin-redness-de-4","7":"product_cat-sensitive-skin-redness-de","8":"product_cat-oily-skin-clogged-pores-de","9":"product_cat-oily-skin-clogged-pores-de-6","10":"product_cat-inbluem-de","11":"product_cat-kategorien","12":"product_cat-marken","13":"product_cat-by-skin-type-de-4","14":"product_cat-produkte","15":"product_cat-serums-de-2","16":"product_cat-serums-de-4","17":"product_cat-serums-de-5","18":"product_tag-anti-aging-de","19":"product_tag-face-care-de","20":"product_tag-glow-de","21":"product_tag-reparatur","22":"product_tag-serum-de","23":"pa_brand-inbluem-de","24":"pa_size-30-ml-de","25":"pa_skincare-type-face-oil-and-serums-de","26":"pa_skincare-type-moisturizers-de","27":"pa_skintype-normal-combination-skin-de","28":"pa_skintype-oily-skin-de","29":"pa_skintype-sensitive-skin-redness-de","30":"pa_skintype-dry-mature-ageing-skin-de","32":"first","33":"instock","34":"taxable","35":"shipping-taxable","36":"purchasable","37":"product-type-simple"},"bundled_by":[],"bundle_stock_status":"instock","bundle_stock_quantity":5,"bundle_virtual":false,"bundle_layout":"","bundle_add_to_cart_form_location":"","bundle_editable_in_cart":false,"bundle_sold_individually_context":"","bundle_item_grouping":"","bundle_min_size":"","bundle_max_size":"","bundle_price":[],"bundled_items":[],"bundle_sell_ids":[352695],"atum_controlled":true,"out_stock_date":null,"out_stock_threshold":null,"inheritable":false,"stock_on_hold":0,"sold_today":0,"sales_last_days":0,"out_stock_days":0,"lost_sales":0,"update_date":"2026-04-30T12:02:45","atum_locations":[],"atum_stock_status":"instock","restock_status":false,"low_stock_amount":"","sales_update_date":"2026-04-30T12:02:45","calc_backorders":null,"group_of_quantity":0,"min_quantity":0,"max_quantity":"","exclude_order_quantity_value_rules":"no","exclude_category_quantity_rules":"no","combine_variations":"no","yoast_head":"<!-- This site is optimized with the Yoast SEO Premium plugin v26.5 (Yoast SEO v26.5) - https:\/\/yoast.com\/wordpress\/plugins\/seo\/ -->\n<title>- Inbluem<\/title>\n<meta name=\"description\" content=\"Ein leistungsstarkes, hautfreundliches Serum, das hilft, die Hautbarriere wiederherzustellen und zu st\u00e4rken, Feuchtigkeit zu spenden und Entz\u00fcndungen zu lindern - f\u00fcr ein ruhiges, ausgeglichenes und widerstandsf\u00e4higes Aussehen.\" \/>\n<meta name=\"robots\" content=\"index, follow, max-snippet:-1, max-image-preview:large, max-video-preview:-1\" \/>\n<link rel=\"canonical\" href=\"https:\/\/dutchhealthstore.com\/de\/product\/finger-lime-repair-serum\/\" \/>\n<meta property=\"og:locale\" content=\"de_DE\" \/>\n<meta property=\"og:type\" content=\"article\" \/>\n<meta property=\"og:title\" content=\"Finger Lime - Repair Serum - Dutch Health Store\" \/>\n<meta property=\"og:description\" content=\"Ein leistungsstarkes, hautfreundliches Serum, das hilft, die Hautbarriere wiederherzustellen und zu st\u00e4rken, Feuchtigkeit zu spenden und Entz\u00fcndungen zu lindern - f\u00fcr ein ruhiges, ausgeglichenes und widerstandsf\u00e4higes Aussehen.\" \/>\n<meta property=\"og:url\" content=\"https:\/\/dutchhealthstore.com\/de\/product\/finger-lime-repair-serum\/\" \/>\n<meta property=\"og:site_name\" content=\"Dutch Health Store\" \/>\n<meta property=\"article:publisher\" content=\"https:\/\/www.instagram.com\/dutchhealthstore\/\" \/>\n<meta property=\"article:modified_time\" content=\"2026-02-06T16:12:08+00:00\" \/>\n<meta property=\"og:image\" content=\"https:\/\/dutchhealthstore.com\/wp-content\/uploads\/2025\/08\/finger-lime-2.jpg\" \/>\n\t<meta property=\"og:image:width\" content=\"730\" \/>\n\t<meta property=\"og:image:height\" content=\"730\" \/>\n\t<meta property=\"og:image:type\" content=\"image\/jpeg\" \/>\n<meta name=\"twitter:card\" content=\"summary_large_image\" \/>\n<meta name=\"twitter:label1\" content=\"Preis\" \/>\n\t<meta name=\"twitter:data1\" content=\"&euro;51,95\" \/>\n\t<meta name=\"twitter:label2\" content=\"Verf\u00fcgbarkeit\" \/>\n\t<meta name=\"twitter:data2\" content=\"Auf Lager\" \/>\n<script type=\"application\/ld+json\" class=\"yoast-schema-graph\">{\"@context\":\"https:\/\/schema.org\",\"@graph\":[{\"@type\":\"WebPage\",\"@id\":\"https:\/\/dutchhealthstore.com\/de\/product\/finger-lime-repair-serum\/\",\"url\":\"https:\/\/dutchhealthstore.com\/de\/product\/finger-lime-repair-serum\/\",\"name\":\"- Inbluem\",\"isPartOf\":{\"@id\":\"https:\/\/dutchhealthstore.com\/de\/#website\"},\"primaryImageOfPage\":{\"@id\":\"https:\/\/dutchhealthstore.com\/de\/product\/finger-lime-repair-serum\/#primaryimage\"},\"image\":{\"@id\":\"https:\/\/dutchhealthstore.com\/de\/product\/finger-lime-repair-serum\/#primaryimage\"},\"thumbnailUrl\":\"https:\/\/dutchhealthstore.com\/wp-content\/uploads\/2025\/08\/finger-lime-2.jpg\",\"datePublished\":\"2025-08-14T06:40:40+00:00\",\"dateModified\":\"2026-02-06T16:12:08+00:00\",\"description\":\"Ein leistungsstarkes, hautfreundliches Serum, das hilft, die Hautbarriere wiederherzustellen und zu st\u00e4rken, Feuchtigkeit zu spenden und Entz\u00fcndungen zu lindern - f\u00fcr ein ruhiges, ausgeglichenes und widerstandsf\u00e4higes Aussehen.\",\"breadcrumb\":{\"@id\":\"https:\/\/dutchhealthstore.com\/de\/product\/finger-lime-repair-serum\/#breadcrumb\"},\"inLanguage\":\"de\",\"potentialAction\":[{\"@type\":\"ReadAction\",\"target\":[\"https:\/\/dutchhealthstore.com\/de\/product\/finger-lime-repair-serum\/\"]}]},{\"@type\":\"ImageObject\",\"inLanguage\":\"de\",\"@id\":\"https:\/\/dutchhealthstore.com\/de\/product\/finger-lime-repair-serum\/#primaryimage\",\"url\":\"https:\/\/dutchhealthstore.com\/wp-content\/uploads\/2025\/08\/finger-lime-2.jpg\",\"contentUrl\":\"https:\/\/dutchhealthstore.com\/wp-content\/uploads\/2025\/08\/finger-lime-2.jpg\",\"width\":730,\"height\":730},{\"@type\":\"BreadcrumbList\",\"@id\":\"https:\/\/dutchhealthstore.com\/de\/product\/finger-lime-repair-serum\/#breadcrumb\",\"itemListElement\":[{\"@type\":\"ListItem\",\"position\":1,\"name\":\"Home\",\"item\":\"https:\/\/dutchhealthstore.com\/de\/\"},{\"@type\":\"ListItem\",\"position\":2,\"name\":\"Shop\",\"item\":\"https:\/\/dutchhealthstore.com\/de\/shop-2\/\"},{\"@type\":\"ListItem\",\"position\":3,\"name\":\"Finger Lime &#8211; Repair Serum\"}]},{\"@type\":\"WebSite\",\"@id\":\"https:\/\/dutchhealthstore.com\/de\/#website\",\"url\":\"https:\/\/dutchhealthstore.com\/de\/\",\"name\":\"Dutch Health Store\",\"description\":\"Enhance Your Beauty with Organic &amp; Natural Skincare\",\"publisher\":{\"@id\":\"https:\/\/dutchhealthstore.com\/de\/#organization\"},\"potentialAction\":[{\"@type\":\"SearchAction\",\"target\":{\"@type\":\"EntryPoint\",\"urlTemplate\":\"https:\/\/dutchhealthstore.com\/de\/?s={search_term_string}\"},\"query-input\":{\"@type\":\"PropertyValueSpecification\",\"valueRequired\":true,\"valueName\":\"search_term_string\"}}],\"inLanguage\":\"de\"},{\"@type\":\"Organization\",\"@id\":\"https:\/\/dutchhealthstore.com\/de\/#organization\",\"name\":\"Dutch Health Store\",\"url\":\"https:\/\/dutchhealthstore.com\/de\/\",\"logo\":{\"@type\":\"ImageObject\",\"inLanguage\":\"de\",\"@id\":\"https:\/\/dutchhealthstore.com\/de\/#\/schema\/logo\/image\/\",\"url\":\"https:\/\/dutchhealthstore.com\/wp-content\/uploads\/2020\/08\/logo-dutchhealthstore-jpg-e1599484957574.jpg\",\"contentUrl\":\"https:\/\/dutchhealthstore.com\/wp-content\/uploads\/2020\/08\/logo-dutchhealthstore-jpg-e1599484957574.jpg\",\"width\":400,\"height\":62,\"caption\":\"Dutch Health Store\"},\"image\":{\"@id\":\"https:\/\/dutchhealthstore.com\/de\/#\/schema\/logo\/image\/\"},\"sameAs\":[\"https:\/\/www.instagram.com\/dutchhealthstore\/\",\"https:\/\/www.facebook.com\/dutchhealthstore\"]}]}<\/script>\n<meta property=\"product:brand\" content=\"INBLUEM\" \/>\n<meta property=\"product:price:amount\" content=\"51.95\" \/>\n<meta property=\"product:price:currency\" content=\"EUR\" \/>\n<meta property=\"og:availability\" content=\"instock\" \/>\n<meta property=\"product:availability\" content=\"instock\" \/>\n<meta property=\"product:condition\" content=\"new\" \/>\n<!-- \/ Yoast SEO Premium plugin. -->","yoast_head_json":{"title":"- Inbluem","description":"Ein leistungsstarkes, hautfreundliches Serum, das hilft, die Hautbarriere wiederherzustellen und zu st\u00e4rken, Feuchtigkeit zu spenden und Entz\u00fcndungen zu lindern - f\u00fcr ein ruhiges, ausgeglichenes und widerstandsf\u00e4higes Aussehen.","robots":{"index":"index","follow":"follow","max-snippet":"max-snippet:-1","max-image-preview":"max-image-preview:large","max-video-preview":"max-video-preview:-1"},"canonical":"https:\/\/dutchhealthstore.com\/de\/product\/finger-lime-repair-serum\/","og_locale":"de_DE","og_type":"article","og_title":"Finger Lime - Repair Serum - Dutch Health Store","og_description":"Ein leistungsstarkes, hautfreundliches Serum, das hilft, die Hautbarriere wiederherzustellen und zu st\u00e4rken, Feuchtigkeit zu spenden und Entz\u00fcndungen zu lindern - f\u00fcr ein ruhiges, ausgeglichenes und widerstandsf\u00e4higes Aussehen.","og_url":"https:\/\/dutchhealthstore.com\/de\/product\/finger-lime-repair-serum\/","og_site_name":"Dutch Health Store","article_publisher":"https:\/\/www.instagram.com\/dutchhealthstore\/","article_modified_time":"2026-02-06T16:12:08+00:00","og_image":[{"width":730,"height":730,"url":"https:\/\/dutchhealthstore.com\/wp-content\/uploads\/2025\/08\/finger-lime-2.jpg","type":"image\/jpeg"}],"twitter_card":"summary_large_image","twitter_misc":{"Preis":"&euro;51,95","Verf\u00fcgbarkeit":"Auf Lager"},"schema":{"@context":"https:\/\/schema.org","@graph":[{"@type":"WebPage","@id":"https:\/\/dutchhealthstore.com\/de\/product\/finger-lime-repair-serum\/","url":"https:\/\/dutchhealthstore.com\/de\/product\/finger-lime-repair-serum\/","name":"- Inbluem","isPartOf":{"@id":"https:\/\/dutchhealthstore.com\/de\/#website"},"primaryImageOfPage":{"@id":"https:\/\/dutchhealthstore.com\/de\/product\/finger-lime-repair-serum\/#primaryimage"},"image":{"@id":"https:\/\/dutchhealthstore.com\/de\/product\/finger-lime-repair-serum\/#primaryimage"},"thumbnailUrl":"https:\/\/dutchhealthstore.com\/wp-content\/uploads\/2025\/08\/finger-lime-2.jpg","datePublished":"2025-08-14T06:40:40+00:00","dateModified":"2026-02-06T16:12:08+00:00","description":"Ein leistungsstarkes, hautfreundliches Serum, das hilft, die Hautbarriere wiederherzustellen und zu st\u00e4rken, Feuchtigkeit zu spenden und Entz\u00fcndungen zu lindern - f\u00fcr ein ruhiges, ausgeglichenes und widerstandsf\u00e4higes Aussehen.","breadcrumb":{"@id":"https:\/\/dutchhealthstore.com\/de\/product\/finger-lime-repair-serum\/#breadcrumb"},"inLanguage":"de","potentialAction":[{"@type":"ReadAction","target":["https:\/\/dutchhealthstore.com\/de\/product\/finger-lime-repair-serum\/"]}]},{"@type":"ImageObject","inLanguage":"de","@id":"https:\/\/dutchhealthstore.com\/de\/product\/finger-lime-repair-serum\/#primaryimage","url":"https:\/\/dutchhealthstore.com\/wp-content\/uploads\/2025\/08\/finger-lime-2.jpg","contentUrl":"https:\/\/dutchhealthstore.com\/wp-content\/uploads\/2025\/08\/finger-lime-2.jpg","width":730,"height":730},{"@type":"BreadcrumbList","@id":"https:\/\/dutchhealthstore.com\/de\/product\/finger-lime-repair-serum\/#breadcrumb","itemListElement":[{"@type":"ListItem","position":1,"name":"Home","item":"https:\/\/dutchhealthstore.com\/de\/"},{"@type":"ListItem","position":2,"name":"Shop","item":"https:\/\/dutchhealthstore.com\/de\/shop-2\/"},{"@type":"ListItem","position":3,"name":"Finger Lime &#8211; Repair Serum"}]},{"@type":"WebSite","@id":"https:\/\/dutchhealthstore.com\/de\/#website","url":"https:\/\/dutchhealthstore.com\/de\/","name":"Dutch Health Store","description":"Enhance Your Beauty with Organic &amp; Natural Skincare","publisher":{"@id":"https:\/\/dutchhealthstore.com\/de\/#organization"},"potentialAction":[{"@type":"SearchAction","target":{"@type":"EntryPoint","urlTemplate":"https:\/\/dutchhealthstore.com\/de\/?s={search_term_string}"},"query-input":{"@type":"PropertyValueSpecification","valueRequired":true,"valueName":"search_term_string"}}],"inLanguage":"de"},{"@type":"Organization","@id":"https:\/\/dutchhealthstore.com\/de\/#organization","name":"Dutch Health Store","url":"https:\/\/dutchhealthstore.com\/de\/","logo":{"@type":"ImageObject","inLanguage":"de","@id":"https:\/\/dutchhealthstore.com\/de\/#\/schema\/logo\/image\/","url":"https:\/\/dutchhealthstore.com\/wp-content\/uploads\/2020\/08\/logo-dutchhealthstore-jpg-e1599484957574.jpg","contentUrl":"https:\/\/dutchhealthstore.com\/wp-content\/uploads\/2020\/08\/logo-dutchhealthstore-jpg-e1599484957574.jpg","width":400,"height":62,"caption":"Dutch Health Store"},"image":{"@id":"https:\/\/dutchhealthstore.com\/de\/#\/schema\/logo\/image\/"},"sameAs":["https:\/\/www.instagram.com\/dutchhealthstore\/","https:\/\/www.facebook.com\/dutchhealthstore"]}]},"product_brand":"INBLUEM","product_price_amount":"51.95","product_price_currency":"EUR","og_availability":"instock","product_availability":"instock","product_condition":"new"},"_links":{"self":[{"href":"https:\/\/dutchhealthstore.com\/de\/wp-json\/wp\/v2\/product\/352703","targetHints":{"allow":["GET"]}}],"collection":[{"href":"https:\/\/dutchhealthstore.com\/de\/wp-json\/wp\/v2\/product"}],"about":[{"href":"https:\/\/dutchhealthstore.com\/de\/wp-json\/wp\/v2\/types\/product"}],"replies":[{"embeddable":true,"href":"https:\/\/dutchhealthstore.com\/de\/wp-json\/wp\/v2\/comments?post=352703"}],"wp:featuredmedia":[{"embeddable":true,"href":"https:\/\/dutchhealthstore.com\/de\/wp-json\/wp\/v2\/media\/353525"}],"wp:attachment":[{"href":"https:\/\/dutchhealthstore.com\/de\/wp-json\/wp\/v2\/media?parent=352703"}],"wp:term":[{"taxonomy":"product_brand","embeddable":true,"href":"https:\/\/dutchhealthstore.com\/de\/wp-json\/wp\/v2\/product_brand?post=352703"},{"taxonomy":"product_cat","embeddable":true,"href":"https:\/\/dutchhealthstore.com\/de\/wp-json\/wp\/v2\/product_cat?post=352703"},{"taxonomy":"product_tag","embeddable":true,"href":"https:\/\/dutchhealthstore.com\/de\/wp-json\/wp\/v2\/product_tag?post=352703"}],"curies":[{"name":"wp","href":"https:\/\/api.w.org\/{rel}","templated":true}]}}