{"id":352698,"date":"2025-08-14T08:48:45","date_gmt":"2025-08-14T06:48:45","guid":{"rendered":"https:\/\/dutchhealthstore.com\/product\/buddhawood-face-body-oil\/"},"modified":"2025-12-14T15:40:24","modified_gmt":"2025-12-14T14:40:24","slug":"buddhawood-face-body-oil","status":"publish","type":"product","link":"https:\/\/dutchhealthstore.com\/de\/product\/buddhawood-face-body-oil\/","title":{"rendered":"Buddhawood &#8211; Face &amp; Body Oil"},"content":{"rendered":"<p>Mit Omega-3-, -6- und -9-Fetts\u00e4uren und erdenden Aromastoffen pflegt es die Hautbarriere und l\u00e4dt zur Entspannung des ganzen K\u00f6rpers ein.<\/p>\n<hr>\n<h3><strong>Wichtigste Vorteile<\/strong><\/h3>\n<ul>\n<li>Spendet tiefgehend Feuchtigkeit, ohne die Poren zu verstopfen<\/li>\n<li>Reich an essentiellen Fetts\u00e4uren f\u00fcr weiche, geschmeidige Haut<\/li>\n<li>St\u00e4rkt und sch\u00fctzt die nat\u00fcrliche Barriere der Haut<\/li>\n<li>Nat\u00fcrlich beruhigend und entz\u00fcndungshemmend<\/li>\n<li>Perfekt f\u00fcr die Ganzk\u00f6rperpflege und die saisonale Erholung der Haut<\/li>\n<\/ul>\n<p><strong>Gr\u00f6\u00dfe<\/strong>: <strong>100ml (reicht f\u00fcr ca. 2-3 Monate)<\/strong><br \/>\n<strong>Formuliert ohne:<\/strong> Synthetik, Tierversuche oder Kohlenstoff-Fu\u00dfabdruck<\/p>\n<hr>\n<h3><strong>Wie zu verwenden<\/strong><\/h3>\n<p>Massieren Sie die Creme sanft in Gesicht und K\u00f6rper ein. Lassen Sie die Feuchtigkeit einziehen, w\u00e4hrend Sie sich entspannen. Verwenden Sie die Creme nachts, um die Haut weich zu machen und Anzeichen von Trockenheit und M\u00fcdigkeit zu beseitigen.  <\/p>\n<div style=\"width: 864px;\" class=\"wp-video\"><!--[if lt IE 9]><script>document.createElement('video');<\/script><![endif]-->\n<video class=\"wp-video-shortcode\" id=\"video-352698-1\" width=\"864\" height=\"1080\" preload=\"metadata\" controls=\"controls\"><source type=\"video\/mp4\" src=\"https:\/\/dutchhealthstore.com\/wp-content\/uploads\/2025\/07\/62363cb12bcc4598a26c2bca7dba028d.HD-1080p-7.2Mbps-24483760.mp4?_=1\" \/><a href=\"https:\/\/dutchhealthstore.com\/wp-content\/uploads\/2025\/07\/62363cb12bcc4598a26c2bca7dba028d.HD-1080p-7.2Mbps-24483760.mp4\">https:\/\/dutchhealthstore.com\/wp-content\/uploads\/2025\/07\/62363cb12bcc4598a26c2bca7dba028d.HD-1080p-7.2Mbps-24483760.mp4<\/a><\/video><\/div>\n<hr>\n<h3><strong>Ideal f\u00fcr<\/strong><\/h3>\n<p>F\u00fcr alle, die sich nach Ganzk\u00f6rperpflege, Hautkomfort und einem erdenden Selbstpflegeritual sehnen. Besonders wohltuend f\u00fcr trockene, empfindliche oder saisonal gestresste Haut. <\/p>\n<p><strong>100% Nat\u00fcrlich | Vegan | Grausamkeitsfrei | Kohlenstoffneutral<\/strong><\/p>\n<h2><strong>Nat\u00fcrliche \/ biologische Inhaltsstoffe <\/strong><\/h2>\n<p>Buddhawood (Eremophila mitchellii) ist eine einheimische australische Pflanze, die nachhaltig in S\u00fcdost-Queensland geerntet wird.<br \/>\nSein \u00e4therisches \u00d6l bietet ein reichhaltiges, erdendes Aroma mit nat\u00fcrlich vorkommenden Verbindungen wie Alpha-Pinen und Myrcen,<br \/>\ndie traditionell f\u00fcr ihre beruhigenden und kl\u00e4renden Eigenschaften bekannt sind. Zusammen mit Bio-Hanfsamen\u00f6l &#8211; reich an Omega<br \/>\nFetts\u00e4uren, die die Haut weich und geschmeidig machen &#8211; und Bio-Macadamia\u00f6l, das den nat\u00fcrlichen Talg der Haut nachahmt, um die Funktion der Barriere<br \/>\nzu unterst\u00fctzen, ohne die Poren zu verstopfen, bietet dieses Trio tiefenwirksame Pflege f\u00fcr Gesicht und K\u00f6rper. <\/p>\n<p><strong>Zutaten:<\/strong> Bio-Hanfsamen\u00f6l, Bio-Macadamia\u00f6l, \u00e4therisches \u00d6l von wildem Buddhawood<\/p>\n\n\t<section class=\"section\" id=\"section_115062749\">\n\t\t<div class=\"section-bg fill\" >\n\t\t\t\t\t\t\t\t\t\n\t\t\t\n\n\t\t<\/div>\n\n\t\t\n\n\t\t<div class=\"section-content relative\">\n\t\t\t\n\n<div class=\"row\"  id=\"row-1783953603\">\n\n\n\t<div id=\"col-83526498\" class=\"col small-12 large-12\"  >\n\t\t\t\t<div class=\"col-inner\"  >\n\t\t\t\n\t\t\t\n\n<h3>\u00dcber INBLUEM Skincare<\/h3>\n<hr>\n\n<div class=\"row\"  id=\"row-23966070\">\n\n\n\t<div id=\"col-93432142\" class=\"col medium-9 small-12 large-9\"  >\n\t\t\t\t<div class=\"col-inner\"  >\n\t\t\t\n\t\t\t\n\n<p data-start=\"277\" data-end=\"732\">INBLUEM ist eine bewusst entwickelte Hautpflegemarke, die in <strong data-start=\"333\" data-end=\"357\">Byron Bay, Australien<\/strong>, auf <strong data-start=\"362\" data-end=\"381\">Bundjalung-Land<\/strong> entstanden ist. Gegr\u00fcndet von der Umweltingenieurin und Aktivistin <g id=\"gid_2\">Montana Lower<\/g>, wurde die Marke aus dem Wunsch heraus geschaffen, Hautpflege anzubieten, die wirklich mit der Natur im Einklang steht \u2013 sicher, ethisch und zutiefst n\u00e4hrend. Inspiriert durch ihre Schwangerschaft machte sich Montana daran, Rezepturen zu entwickeln, die sanft genug f\u00fcr Babys und dennoch wirksam genug sind, um die Haut jeden Alters zu unterst\u00fctzen.  <\/p>\n<p data-start=\"734\" data-end=\"1122\">Jedes INBLUEM-Produkt wird aus <strong data-start=\"769\" data-end=\"829\">biologischen, wild geernteten und regional bezogenen Inhaltsstoffen<\/strong> hergestellt \u2013 immer frei von Giftstoffen, synthetischen Zus\u00e4tzen und aggressiven Chemikalien. Die Marke folgt den Prinzipien der <g id=\"gid_1\">Biomimikry<\/g> und entwickelt Hautpflege, die im Einklang mit Ihrem K\u00f6rper und der Erde wirkt. Von den Farmen, mit denen sie zusammenarbeiten, bis hin zu den Verpackungen, die sie verwenden, ist Nachhaltigkeit in jeden Schritt eingewoben.  <\/p>\n<p data-start=\"1124\" data-end=\"1499\">INBLUEM ist stolz darauf, <strong data-start=\"1143\" data-end=\"1152\">vegan<\/strong> und <strong data-start=\"1154\" data-end=\"1197\">von Leaping Bunny als tierversuchsfrei zertifiziert<\/strong> zu sein und sich zu <strong data-start=\"1216\" data-end=\"1230\">fairen Handelspraktiken<\/strong> zu bekennen. Die Marke unterst\u00fctzt <g id=\"gid_3\">First Nations-Bauern<\/g> und w\u00fcrdigt die traditionellen H\u00fcter des Landes, auf dem sie arbeiten. Jedes Produkt spiegelt ihre Mission wider, die Sch\u00f6nheitsindustrie wieder zu beleben \u2013 mit Hautpflege, die sauber, bewusst und in Liebe verwurzelt ist.  <\/p>\n<p data-start=\"1501\" data-end=\"1636\">Dies ist mehr als nur Hautpflege. Dies ist eine R\u00fcckkehr zu dem, was am wichtigsten ist \u2013 <strong data-start=\"1569\" data-end=\"1636\">Ihrem Wohlbefinden, Ihren Werten und Ihrer Verbindung zur Erde.<\/strong> <\/p>\n\n\t\t<\/div>\n\t\t\t\t\t<\/div>\n\n\t\n\n\t<div id=\"col-652259393\" class=\"col medium-3 small-12 large-3\"  >\n\t\t\t\t<div class=\"col-inner\"  >\n\t\t\t\n\t\t\t\n\n\t<div class=\"img has-hover x md-x lg-x y md-y lg-y\" id=\"image_126746151\">\n\t\t\t\t\t\t\t\t<div class=\"img-inner dark\" >\n\t\t\t<img fetchpriority=\"high\" decoding=\"async\" width=\"640\" height=\"800\" src=\"https:\/\/dutchhealthstore.com\/wp-content\/uploads\/2025\/07\/inbluem-foto-small.jpg\" class=\"attachment-large size-large\" alt=\"\" srcset=\"https:\/\/dutchhealthstore.com\/wp-content\/uploads\/2025\/07\/inbluem-foto-small.jpg 640w, https:\/\/dutchhealthstore.com\/wp-content\/uploads\/2025\/07\/inbluem-foto-small-320x400.jpg 320w, https:\/\/dutchhealthstore.com\/wp-content\/uploads\/2025\/07\/inbluem-foto-small-40x50.jpg 40w, https:\/\/dutchhealthstore.com\/wp-content\/uploads\/2025\/07\/inbluem-foto-small-530x663.jpg 530w, https:\/\/dutchhealthstore.com\/wp-content\/uploads\/2025\/07\/inbluem-foto-small-64x80.jpg 64w\" sizes=\"(max-width: 640px) 100vw, 640px\" \/>\t\t\t\t\t\t\n\t\t\t\t\t<\/div>\n\t\t\t\t\t\t\t\t\n<style>\n#image_126746151 {\n  width: 100%;\n}\n<\/style>\n\t<\/div>\n\t\n\n\n\t\t<\/div>\n\t\t\t\t\t<\/div>\n\n\t\n\n<\/div>\n\n\t\t<\/div>\n\t\t\t\t\t<\/div>\n\n\t\n\n<\/div>\n\n\t\t<\/div>\n\n\t\t\n<style>\n#section_115062749 {\n  padding-top: 30px;\n  padding-bottom: 30px;\n}\n<\/style>\n\t<\/section>\n\t\n","protected":false},"excerpt":{"rendered":"<p>Ein beruhigendes, n\u00e4hrstoffreiches botanisches \u00d6l, das Haut und Sinne tiefgehend hydratisiert und beruhigt.<\/p>\n","protected":false},"featured_media":349690,"comment_status":"open","ping_status":"closed","template":"","meta":[],"product_brand":[],"product_cat":[1227,5650,6645,5669,5719,5653,5651,5720,5647,5652,20923,14735,21377,1032,1092,515,6646,1210,5649,5636,5101,511,20921,13175,20922,5648,5634],"product_tag":[21667,21361,9604,21395,4213],"class_list":{"0":"post-352698","1":"product","2":"type-product","3":"status-publish","4":"has-post-thumbnail","6":"product_cat-sensitive-skin-redness-de","7":"product_cat-sensitive-skin-redness-de-3","8":"product_cat-family-de","9":"product_cat-oily-skin-clogged-pores-de","10":"product_cat-oily-skin-clogged-pores-de-4","11":"product_cat-moisturizers-de-de-4","12":"product_cat-moisturizers-de-de-2","13":"product_cat-moisturizers-de-de-3","14":"product_cat-moisturizers-de-de","15":"product_cat-moisturizers-dde","16":"product_cat-feuchtigkeitscremes","17":"product_cat-hautpflege","18":"product_cat-inbluem-de","19":"product_cat-kategorien","20":"product_cat-koerperoel","21":"product_cat-korperpflege-de","22":"product_cat-men-de-2","23":"product_cat-marken","24":"product_cat-normal-or-combination-skin-de-3","25":"product_cat-normal-or-combination-skin-de-2","26":"product_cat-by-skin-type-de-4","27":"product_cat-produkte","28":"product_cat-reife-alternde-haut","29":"product_cat-skincare-de-2","30":"product_cat-trocken","31":"product_cat-dry-mature-ageing-skin-de-3","32":"product_cat-dry-mature-ageing-skin-de-2","33":"product_tag-aroma-de","34":"product_tag-face-care-de","35":"product_tag-hydrating-de","36":"product_tag-korper","37":"product_tag-oil-de","38":"pa_brand-inbluem-de","39":"pa_size-100-ml-de","40":"pa_skincare-type-face-oil-and-serums-de","42":"first","43":"instock","44":"taxable","45":"shipping-taxable","46":"purchasable","47":"product-type-simple"},"bundled_by":[],"bundle_stock_status":"instock","bundle_stock_quantity":1,"bundle_virtual":false,"bundle_layout":"","bundle_add_to_cart_form_location":"","bundle_editable_in_cart":false,"bundle_sold_individually_context":"","bundle_item_grouping":"","bundle_min_size":"","bundle_max_size":"","bundle_price":[],"bundled_items":[],"bundle_sell_ids":[352703],"atum_controlled":true,"out_stock_date":null,"out_stock_threshold":null,"inheritable":false,"stock_on_hold":0,"sold_today":0,"sales_last_days":0,"out_stock_days":0,"lost_sales":0,"update_date":"2026-04-30T12:02:25","atum_locations":[],"atum_stock_status":"instock","restock_status":false,"low_stock_amount":"","sales_update_date":"2026-04-30T12:02:25","calc_backorders":null,"group_of_quantity":0,"min_quantity":0,"max_quantity":"","exclude_order_quantity_value_rules":"no","exclude_category_quantity_rules":"no","combine_variations":"no","yoast_head":"<!-- This site is optimized with the Yoast SEO Premium plugin v26.5 (Yoast SEO v26.5) - https:\/\/yoast.com\/wordpress\/plugins\/seo\/ -->\n<title>- Inbluem<\/title>\n<meta name=\"description\" content=\"Ein beruhigendes, n\u00e4hrstoffreiches botanisches \u00d6l, das Haut und Sinne tiefgehend hydratisiert und beruhigt.\" \/>\n<meta name=\"robots\" content=\"index, follow, max-snippet:-1, max-image-preview:large, max-video-preview:-1\" \/>\n<link rel=\"canonical\" href=\"https:\/\/dutchhealthstore.com\/de\/product\/buddhawood-face-body-oil\/\" \/>\n<meta property=\"og:locale\" content=\"de_DE\" \/>\n<meta property=\"og:type\" content=\"article\" \/>\n<meta property=\"og:title\" content=\"Buddhawood - Face &amp; Body Oil - Dutch Health Store\" \/>\n<meta property=\"og:description\" content=\"Ein beruhigendes, n\u00e4hrstoffreiches botanisches \u00d6l, das Haut und Sinne tiefgehend hydratisiert und beruhigt.\" \/>\n<meta property=\"og:url\" content=\"https:\/\/dutchhealthstore.com\/de\/product\/buddhawood-face-body-oil\/\" \/>\n<meta property=\"og:site_name\" content=\"Dutch Health Store\" \/>\n<meta property=\"article:publisher\" content=\"https:\/\/www.instagram.com\/dutchhealthstore\/\" \/>\n<meta property=\"article:modified_time\" content=\"2025-12-14T14:40:24+00:00\" \/>\n<meta property=\"og:image\" content=\"https:\/\/dutchhealthstore.com\/wp-content\/uploads\/2025\/07\/inbluem-buddhawood-1-1.jpg\" \/>\n\t<meta property=\"og:image:width\" content=\"530\" \/>\n\t<meta property=\"og:image:height\" content=\"530\" \/>\n\t<meta property=\"og:image:type\" content=\"image\/jpeg\" \/>\n<meta name=\"twitter:card\" content=\"summary_large_image\" \/>\n<meta name=\"twitter:label1\" content=\"Preis\" \/>\n\t<meta name=\"twitter:data1\" content=\"&euro;57,95\" \/>\n\t<meta name=\"twitter:label2\" content=\"Verf\u00fcgbarkeit\" \/>\n\t<meta name=\"twitter:data2\" content=\"Auf Lager\" \/>\n<script type=\"application\/ld+json\" class=\"yoast-schema-graph\">{\"@context\":\"https:\/\/schema.org\",\"@graph\":[{\"@type\":\"WebPage\",\"@id\":\"https:\/\/dutchhealthstore.com\/de\/product\/buddhawood-face-body-oil\/\",\"url\":\"https:\/\/dutchhealthstore.com\/de\/product\/buddhawood-face-body-oil\/\",\"name\":\"- Inbluem\",\"isPartOf\":{\"@id\":\"https:\/\/dutchhealthstore.com\/de\/#website\"},\"primaryImageOfPage\":{\"@id\":\"https:\/\/dutchhealthstore.com\/de\/product\/buddhawood-face-body-oil\/#primaryimage\"},\"image\":{\"@id\":\"https:\/\/dutchhealthstore.com\/de\/product\/buddhawood-face-body-oil\/#primaryimage\"},\"thumbnailUrl\":\"https:\/\/dutchhealthstore.com\/wp-content\/uploads\/2025\/07\/inbluem-buddhawood-1-1.jpg\",\"datePublished\":\"2025-08-14T06:48:45+00:00\",\"dateModified\":\"2025-12-14T14:40:24+00:00\",\"description\":\"Ein beruhigendes, n\u00e4hrstoffreiches botanisches \u00d6l, das Haut und Sinne tiefgehend hydratisiert und beruhigt.\",\"breadcrumb\":{\"@id\":\"https:\/\/dutchhealthstore.com\/de\/product\/buddhawood-face-body-oil\/#breadcrumb\"},\"inLanguage\":\"de\",\"potentialAction\":[{\"@type\":\"ReadAction\",\"target\":[\"https:\/\/dutchhealthstore.com\/de\/product\/buddhawood-face-body-oil\/\"]}]},{\"@type\":\"ImageObject\",\"inLanguage\":\"de\",\"@id\":\"https:\/\/dutchhealthstore.com\/de\/product\/buddhawood-face-body-oil\/#primaryimage\",\"url\":\"https:\/\/dutchhealthstore.com\/wp-content\/uploads\/2025\/07\/inbluem-buddhawood-1-1.jpg\",\"contentUrl\":\"https:\/\/dutchhealthstore.com\/wp-content\/uploads\/2025\/07\/inbluem-buddhawood-1-1.jpg\",\"width\":530,\"height\":530,\"caption\":\"inbluem-buddhawood-1\"},{\"@type\":\"BreadcrumbList\",\"@id\":\"https:\/\/dutchhealthstore.com\/de\/product\/buddhawood-face-body-oil\/#breadcrumb\",\"itemListElement\":[{\"@type\":\"ListItem\",\"position\":1,\"name\":\"Home\",\"item\":\"https:\/\/dutchhealthstore.com\/de\/\"},{\"@type\":\"ListItem\",\"position\":2,\"name\":\"Shop\",\"item\":\"https:\/\/dutchhealthstore.com\/de\/shop-2\/\"},{\"@type\":\"ListItem\",\"position\":3,\"name\":\"Buddhawood &#8211; Face &amp; Body Oil\"}]},{\"@type\":\"WebSite\",\"@id\":\"https:\/\/dutchhealthstore.com\/de\/#website\",\"url\":\"https:\/\/dutchhealthstore.com\/de\/\",\"name\":\"Dutch Health Store\",\"description\":\"Enhance Your Beauty with Organic &amp; Natural Skincare\",\"publisher\":{\"@id\":\"https:\/\/dutchhealthstore.com\/de\/#organization\"},\"potentialAction\":[{\"@type\":\"SearchAction\",\"target\":{\"@type\":\"EntryPoint\",\"urlTemplate\":\"https:\/\/dutchhealthstore.com\/de\/?s={search_term_string}\"},\"query-input\":{\"@type\":\"PropertyValueSpecification\",\"valueRequired\":true,\"valueName\":\"search_term_string\"}}],\"inLanguage\":\"de\"},{\"@type\":\"Organization\",\"@id\":\"https:\/\/dutchhealthstore.com\/de\/#organization\",\"name\":\"Dutch Health Store\",\"url\":\"https:\/\/dutchhealthstore.com\/de\/\",\"logo\":{\"@type\":\"ImageObject\",\"inLanguage\":\"de\",\"@id\":\"https:\/\/dutchhealthstore.com\/de\/#\/schema\/logo\/image\/\",\"url\":\"https:\/\/dutchhealthstore.com\/wp-content\/uploads\/2020\/08\/logo-dutchhealthstore-jpg-e1599484957574.jpg\",\"contentUrl\":\"https:\/\/dutchhealthstore.com\/wp-content\/uploads\/2020\/08\/logo-dutchhealthstore-jpg-e1599484957574.jpg\",\"width\":400,\"height\":62,\"caption\":\"Dutch Health Store\"},\"image\":{\"@id\":\"https:\/\/dutchhealthstore.com\/de\/#\/schema\/logo\/image\/\"},\"sameAs\":[\"https:\/\/www.instagram.com\/dutchhealthstore\/\",\"https:\/\/www.facebook.com\/dutchhealthstore\"]}]}<\/script>\n<meta property=\"product:brand\" content=\"INBLUEM\" \/>\n<meta property=\"product:price:amount\" content=\"57.95\" \/>\n<meta property=\"product:price:currency\" content=\"EUR\" \/>\n<meta property=\"og:availability\" content=\"instock\" \/>\n<meta property=\"product:availability\" content=\"instock\" \/>\n<meta property=\"product:condition\" content=\"new\" \/>\n<!-- \/ Yoast SEO Premium plugin. -->","yoast_head_json":{"title":"- Inbluem","description":"Ein beruhigendes, n\u00e4hrstoffreiches botanisches \u00d6l, das Haut und Sinne tiefgehend hydratisiert und beruhigt.","robots":{"index":"index","follow":"follow","max-snippet":"max-snippet:-1","max-image-preview":"max-image-preview:large","max-video-preview":"max-video-preview:-1"},"canonical":"https:\/\/dutchhealthstore.com\/de\/product\/buddhawood-face-body-oil\/","og_locale":"de_DE","og_type":"article","og_title":"Buddhawood - Face &amp; Body Oil - Dutch Health Store","og_description":"Ein beruhigendes, n\u00e4hrstoffreiches botanisches \u00d6l, das Haut und Sinne tiefgehend hydratisiert und beruhigt.","og_url":"https:\/\/dutchhealthstore.com\/de\/product\/buddhawood-face-body-oil\/","og_site_name":"Dutch Health Store","article_publisher":"https:\/\/www.instagram.com\/dutchhealthstore\/","article_modified_time":"2025-12-14T14:40:24+00:00","og_image":[{"width":530,"height":530,"url":"https:\/\/dutchhealthstore.com\/wp-content\/uploads\/2025\/07\/inbluem-buddhawood-1-1.jpg","type":"image\/jpeg"}],"twitter_card":"summary_large_image","twitter_misc":{"Preis":"&euro;57,95","Verf\u00fcgbarkeit":"Auf Lager"},"schema":{"@context":"https:\/\/schema.org","@graph":[{"@type":"WebPage","@id":"https:\/\/dutchhealthstore.com\/de\/product\/buddhawood-face-body-oil\/","url":"https:\/\/dutchhealthstore.com\/de\/product\/buddhawood-face-body-oil\/","name":"- Inbluem","isPartOf":{"@id":"https:\/\/dutchhealthstore.com\/de\/#website"},"primaryImageOfPage":{"@id":"https:\/\/dutchhealthstore.com\/de\/product\/buddhawood-face-body-oil\/#primaryimage"},"image":{"@id":"https:\/\/dutchhealthstore.com\/de\/product\/buddhawood-face-body-oil\/#primaryimage"},"thumbnailUrl":"https:\/\/dutchhealthstore.com\/wp-content\/uploads\/2025\/07\/inbluem-buddhawood-1-1.jpg","datePublished":"2025-08-14T06:48:45+00:00","dateModified":"2025-12-14T14:40:24+00:00","description":"Ein beruhigendes, n\u00e4hrstoffreiches botanisches \u00d6l, das Haut und Sinne tiefgehend hydratisiert und beruhigt.","breadcrumb":{"@id":"https:\/\/dutchhealthstore.com\/de\/product\/buddhawood-face-body-oil\/#breadcrumb"},"inLanguage":"de","potentialAction":[{"@type":"ReadAction","target":["https:\/\/dutchhealthstore.com\/de\/product\/buddhawood-face-body-oil\/"]}]},{"@type":"ImageObject","inLanguage":"de","@id":"https:\/\/dutchhealthstore.com\/de\/product\/buddhawood-face-body-oil\/#primaryimage","url":"https:\/\/dutchhealthstore.com\/wp-content\/uploads\/2025\/07\/inbluem-buddhawood-1-1.jpg","contentUrl":"https:\/\/dutchhealthstore.com\/wp-content\/uploads\/2025\/07\/inbluem-buddhawood-1-1.jpg","width":530,"height":530,"caption":"inbluem-buddhawood-1"},{"@type":"BreadcrumbList","@id":"https:\/\/dutchhealthstore.com\/de\/product\/buddhawood-face-body-oil\/#breadcrumb","itemListElement":[{"@type":"ListItem","position":1,"name":"Home","item":"https:\/\/dutchhealthstore.com\/de\/"},{"@type":"ListItem","position":2,"name":"Shop","item":"https:\/\/dutchhealthstore.com\/de\/shop-2\/"},{"@type":"ListItem","position":3,"name":"Buddhawood &#8211; Face &amp; Body Oil"}]},{"@type":"WebSite","@id":"https:\/\/dutchhealthstore.com\/de\/#website","url":"https:\/\/dutchhealthstore.com\/de\/","name":"Dutch Health Store","description":"Enhance Your Beauty with Organic &amp; Natural Skincare","publisher":{"@id":"https:\/\/dutchhealthstore.com\/de\/#organization"},"potentialAction":[{"@type":"SearchAction","target":{"@type":"EntryPoint","urlTemplate":"https:\/\/dutchhealthstore.com\/de\/?s={search_term_string}"},"query-input":{"@type":"PropertyValueSpecification","valueRequired":true,"valueName":"search_term_string"}}],"inLanguage":"de"},{"@type":"Organization","@id":"https:\/\/dutchhealthstore.com\/de\/#organization","name":"Dutch Health Store","url":"https:\/\/dutchhealthstore.com\/de\/","logo":{"@type":"ImageObject","inLanguage":"de","@id":"https:\/\/dutchhealthstore.com\/de\/#\/schema\/logo\/image\/","url":"https:\/\/dutchhealthstore.com\/wp-content\/uploads\/2020\/08\/logo-dutchhealthstore-jpg-e1599484957574.jpg","contentUrl":"https:\/\/dutchhealthstore.com\/wp-content\/uploads\/2020\/08\/logo-dutchhealthstore-jpg-e1599484957574.jpg","width":400,"height":62,"caption":"Dutch Health Store"},"image":{"@id":"https:\/\/dutchhealthstore.com\/de\/#\/schema\/logo\/image\/"},"sameAs":["https:\/\/www.instagram.com\/dutchhealthstore\/","https:\/\/www.facebook.com\/dutchhealthstore"]}]},"product_brand":"INBLUEM","product_price_amount":"57.95","product_price_currency":"EUR","og_availability":"instock","product_availability":"instock","product_condition":"new"},"_links":{"self":[{"href":"https:\/\/dutchhealthstore.com\/de\/wp-json\/wp\/v2\/product\/352698","targetHints":{"allow":["GET"]}}],"collection":[{"href":"https:\/\/dutchhealthstore.com\/de\/wp-json\/wp\/v2\/product"}],"about":[{"href":"https:\/\/dutchhealthstore.com\/de\/wp-json\/wp\/v2\/types\/product"}],"replies":[{"embeddable":true,"href":"https:\/\/dutchhealthstore.com\/de\/wp-json\/wp\/v2\/comments?post=352698"}],"wp:featuredmedia":[{"embeddable":true,"href":"https:\/\/dutchhealthstore.com\/de\/wp-json\/wp\/v2\/media\/349690"}],"wp:attachment":[{"href":"https:\/\/dutchhealthstore.com\/de\/wp-json\/wp\/v2\/media?parent=352698"}],"wp:term":[{"taxonomy":"product_brand","embeddable":true,"href":"https:\/\/dutchhealthstore.com\/de\/wp-json\/wp\/v2\/product_brand?post=352698"},{"taxonomy":"product_cat","embeddable":true,"href":"https:\/\/dutchhealthstore.com\/de\/wp-json\/wp\/v2\/product_cat?post=352698"},{"taxonomy":"product_tag","embeddable":true,"href":"https:\/\/dutchhealthstore.com\/de\/wp-json\/wp\/v2\/product_tag?post=352698"}],"curies":[{"name":"wp","href":"https:\/\/api.w.org\/{rel}","templated":true}]}}