{"id":352695,"date":"2025-08-14T09:18:11","date_gmt":"2025-08-14T07:18:11","guid":{"rendered":"https:\/\/dutchhealthstore.com\/product\/kakadu-plum-radiance-serum\/"},"modified":"2026-02-06T17:12:13","modified_gmt":"2026-02-06T16:12:13","slug":"kakadu-plum-radiance-serum","status":"publish","type":"product","link":"https:\/\/dutchhealthstore.com\/de\/product\/kakadu-plum-radiance-serum\/","title":{"rendered":"Kakadu Plum &#8211; Radiance Serum"},"content":{"rendered":"<h3 data-start=\"199\" data-end=\"219\"><strong data-start=\"203\" data-end=\"219\">Wichtigste Vorteile<\/strong><\/h3>\n<ul data-start=\"220\" data-end=\"613\">\n<li data-start=\"220\" data-end=\"292\">\n<p data-start=\"222\" data-end=\"292\">Vollgepackt mit nat\u00fcrlichem Vitamin C f\u00fcr eine strahlende Haut und einen ebenm\u00e4\u00dfigen Teint<\/p>\n<\/li>\n<li data-start=\"293\" data-end=\"353\">\n<p data-start=\"295\" data-end=\"353\">F\u00f6rdert die Kollagenproduktion f\u00fcr eine straffere, elastischere Haut<\/p>\n<\/li>\n<li data-start=\"354\" data-end=\"422\">\n<p data-start=\"356\" data-end=\"422\">Hilft, das Erscheinungsbild von feinen Linien, Sonnenflecken und Pigmentierung zu reduzieren<\/p>\n<\/li>\n<li data-start=\"423\" data-end=\"490\">\n<p data-start=\"425\" data-end=\"490\">Bietet einen antioxidativen Schutz gegen den t\u00e4glichen Umweltstress<\/p>\n<\/li>\n<li data-start=\"491\" data-end=\"549\">\n<p data-start=\"493\" data-end=\"549\">Spendet Feuchtigkeit und beruhigt die Haut f\u00fcr ein erfrischtes Aussehen<\/p>\n<\/li>\n<li data-start=\"550\" data-end=\"613\">\n<p data-start=\"552\" data-end=\"613\">Kann helfen, Schwellungen und dunkle Ringe unter den Augen zu vermindern<\/p>\n<\/li>\n<\/ul>\n<p data-start=\"615\" data-end=\"735\"><strong data-start=\"615\" data-end=\"623\">Gr\u00f6\u00dfe<\/strong>: <strong>30ml (h\u00e4lt ca. 2-3 Monate)<\/strong><br data-start=\"662\" data-end=\"665\"><strong data-start=\"665\" data-end=\"687\">Formuliert ohne<\/strong>: Synthetik, Tierversuche oder Kohlenstoffbelastung<\/p>\n<hr data-start=\"737\" data-end=\"740\">\n<h3 data-start=\"742\" data-end=\"762\"><strong data-start=\"746\" data-end=\"760\">Wie zu verwenden<\/strong><\/h3>\n<p data-start=\"763\" data-end=\"925\">Tragen Sie 3 Tropfen nachts auf das Gesicht oder unter die Augen auf. Lassen Sie die nat\u00fcrliche Kraft von Vitamin C wirken, w\u00e4hrend Sie sich ausruhen. Ein n\u00e4chtliches Ritual f\u00fcr eine erholte Haut und ein neues Strahlen.  <\/p>\n<hr data-start=\"927\" data-end=\"930\">\n<h3 data-start=\"932\" data-end=\"951\"><strong data-start=\"936\" data-end=\"949\">Ideal f\u00fcr<\/strong><\/h3>\n<p data-start=\"952\" data-end=\"1139\">F\u00fcr alle, die einen matten oder ungleichm\u00e4\u00dfigen Hautton aufhellen, Pigmentierungen verblassen lassen und ein nat\u00fcrliches, strahlendes Aussehen unterst\u00fctzen m\u00f6chten.<br data-start=\"1059\" data-end=\"1062\">Besonders wirksam bei Haut mit feinen Linien, Narben oder Anzeichen von Sonnensch\u00e4den.<\/p>\n<p data-start=\"1141\" data-end=\"1197\" data-is-last-node=\"\" data-is-only-node=\"\"><strong data-start=\"1141\" data-end=\"1197\" data-is-last-node=\"\">100% Nat\u00fcrlich | Vegan | Grausamkeitsfrei | Kohlenstoffneutral<\/strong><\/p>\n<h2 data-start=\"1141\" data-end=\"1197\"><strong>Nat\u00fcrliche \/ biologische Inhaltsstoffe <\/strong><\/h2>\n<p>Die Gubinge (Kakadu-Pflaume) ist eine Superfrucht, die in Westaustralien beheimatet ist und eine Vielzahl von N\u00e4hrstoffen enth\u00e4lt, die nachweislich die Gesundheit der Haut verbessern. Sie enth\u00e4lt einige der h\u00f6chsten Vitamin-C-Werte in der Natur und die Gemeinschaften der Ureinwohner ernten diese einzigartige Frucht schon seit Tausenden von Jahren wegen ihrer starken Wirkung. <\/p>\n<p>Zutaten: Kakadu Pflaumen Pflanzenextrakt, Glycerin, Wasser, Natriumbenzoat, Kaliumsorbat<\/p>\n\n\t<section class=\"section\" id=\"section_795999261\">\n\t\t<div class=\"section-bg fill\" >\n\t\t\t\t\t\t\t\t\t\n\t\t\t\n\n\t\t<\/div>\n\n\t\t\n\n\t\t<div class=\"section-content relative\">\n\t\t\t\n\n<div class=\"row\"  id=\"row-968130404\">\n\n\n\t<div id=\"col-1315357868\" class=\"col small-12 large-12\"  >\n\t\t\t\t<div class=\"col-inner\"  >\n\t\t\t\n\t\t\t\n\n<h3>\u00dcber INBLUEM Skincare<\/h3>\n<hr>\n\n<div class=\"row\"  id=\"row-1232595010\">\n\n\n\t<div id=\"col-1758910359\" class=\"col medium-9 small-12 large-9\"  >\n\t\t\t\t<div class=\"col-inner\"  >\n\t\t\t\n\t\t\t\n\n<p data-start=\"277\" data-end=\"732\">INBLUEM ist eine bewusst entwickelte Hautpflegemarke, die in <strong data-start=\"333\" data-end=\"357\">Byron Bay, Australien<\/strong>, auf <strong data-start=\"362\" data-end=\"381\">Bundjalung-Land<\/strong> entstanden ist. Gegr\u00fcndet von der Umweltingenieurin und Aktivistin <g id=\"gid_2\">Montana Lower<\/g>, wurde die Marke aus dem Wunsch heraus geschaffen, Hautpflege anzubieten, die wirklich mit der Natur im Einklang steht \u2013 sicher, ethisch und zutiefst n\u00e4hrend. Inspiriert durch ihre Schwangerschaft machte sich Montana daran, Rezepturen zu entwickeln, die sanft genug f\u00fcr Babys und dennoch wirksam genug sind, um die Haut jeden Alters zu unterst\u00fctzen.  <\/p>\n<p data-start=\"734\" data-end=\"1122\">Jedes INBLUEM-Produkt wird aus <strong data-start=\"769\" data-end=\"829\">biologischen, wild geernteten und regional bezogenen Inhaltsstoffen<\/strong> hergestellt \u2013 immer frei von Giftstoffen, synthetischen Zus\u00e4tzen und aggressiven Chemikalien. Die Marke folgt den Prinzipien der <g id=\"gid_1\">Biomimikry<\/g> und entwickelt Hautpflege, die im Einklang mit Ihrem K\u00f6rper und der Erde wirkt. Von den Farmen, mit denen sie zusammenarbeiten, bis hin zu den Verpackungen, die sie verwenden, ist Nachhaltigkeit in jeden Schritt eingewoben.  <\/p>\n<p data-start=\"1124\" data-end=\"1499\">INBLUEM ist stolz darauf, <strong data-start=\"1143\" data-end=\"1152\">vegan<\/strong> und <strong data-start=\"1154\" data-end=\"1197\">von Leaping Bunny als tierversuchsfrei zertifiziert<\/strong> zu sein und sich zu <strong data-start=\"1216\" data-end=\"1230\">fairen Handelspraktiken<\/strong> zu bekennen. Die Marke unterst\u00fctzt <g id=\"gid_3\">First Nations-Bauern<\/g> und w\u00fcrdigt die traditionellen H\u00fcter des Landes, auf dem sie arbeiten. Jedes Produkt spiegelt ihre Mission wider, die Sch\u00f6nheitsindustrie wieder zu beleben \u2013 mit Hautpflege, die sauber, bewusst und in Liebe verwurzelt ist.  <\/p>\n<p data-start=\"1501\" data-end=\"1636\">Dies ist mehr als nur Hautpflege. Dies ist eine R\u00fcckkehr zu dem, was am wichtigsten ist \u2013 <strong data-start=\"1569\" data-end=\"1636\">Ihrem Wohlbefinden, Ihren Werten und Ihrer Verbindung zur Erde.<\/strong> <\/p>\n\n\t\t<\/div>\n\t\t\t\t\t<\/div>\n\n\t\n\n\t<div id=\"col-1490053269\" class=\"col medium-3 small-12 large-3\"  >\n\t\t\t\t<div class=\"col-inner\"  >\n\t\t\t\n\t\t\t\n\n\t<div class=\"img has-hover x md-x lg-x y md-y lg-y\" id=\"image_849490659\">\n\t\t\t\t\t\t\t\t<div class=\"img-inner dark\" >\n\t\t\t<img fetchpriority=\"high\" decoding=\"async\" width=\"640\" height=\"800\" src=\"https:\/\/dutchhealthstore.com\/wp-content\/uploads\/2025\/07\/inbluem-foto-small.jpg\" class=\"attachment-large size-large\" alt=\"\" srcset=\"https:\/\/dutchhealthstore.com\/wp-content\/uploads\/2025\/07\/inbluem-foto-small.jpg 640w, https:\/\/dutchhealthstore.com\/wp-content\/uploads\/2025\/07\/inbluem-foto-small-320x400.jpg 320w, https:\/\/dutchhealthstore.com\/wp-content\/uploads\/2025\/07\/inbluem-foto-small-40x50.jpg 40w, https:\/\/dutchhealthstore.com\/wp-content\/uploads\/2025\/07\/inbluem-foto-small-530x663.jpg 530w, https:\/\/dutchhealthstore.com\/wp-content\/uploads\/2025\/07\/inbluem-foto-small-64x80.jpg 64w\" sizes=\"(max-width: 640px) 100vw, 640px\" \/>\t\t\t\t\t\t\n\t\t\t\t\t<\/div>\n\t\t\t\t\t\t\t\t\n<style>\n#image_849490659 {\n  width: 100%;\n}\n<\/style>\n\t<\/div>\n\t\n\n\n\t\t<\/div>\n\t\t\t\t\t<\/div>\n\n\t\n\n<\/div>\n\n\t\t<\/div>\n\t\t\t\t\t<\/div>\n\n\t\n\n<\/div>\n\n\t\t<\/div>\n\n\t\t\n<style>\n#section_795999261 {\n  padding-top: 30px;\n  padding-bottom: 30px;\n}\n<\/style>\n\t<\/section>\n\t\n","protected":false},"excerpt":{"rendered":"<p>Ein Antioxidantien-Serum mit nat\u00fcrlichem Vitamin C, das die Haut aufhellt, mit Feuchtigkeit versorgt und festigt &#8211; f\u00fcr einen glatteren, strahlenderen Teint.<\/p>\n","protected":false},"featured_media":353542,"comment_status":"open","ping_status":"closed","template":"","meta":[],"product_brand":[],"product_cat":[14735,20921,20988,20989,5704,1227,5669,5703,21377,1032,1210,5636,5702,5101,511,5708,5705,4758,5706,5707,5701,5634],"product_tag":[21657,21361,6317,9604,6037],"class_list":{"0":"post-352695","1":"product","2":"type-product","3":"status-publish","4":"has-post-thumbnail","6":"product_cat-hautpflege","7":"product_cat-reife-alternde-haut","8":"product_cat-seren","9":"product_cat-trocken-de-3","10":"product_cat-sensitive-skin-redness-de-4","11":"product_cat-sensitive-skin-redness-de","12":"product_cat-oily-skin-clogged-pores-de","13":"product_cat-oily-skin-clogged-pores-de-6","14":"product_cat-inbluem-de","15":"product_cat-kategorien","16":"product_cat-marken","17":"product_cat-normal-or-combination-skin-de-2","18":"product_cat-normal-or-combination-skin-de-5","19":"product_cat-by-skin-type-de-4","20":"product_cat-produkte","21":"product_cat-serums-de-5","22":"product_cat-serums-de","23":"product_cat-serums-de-2","24":"product_cat-serums-de-3","25":"product_cat-serums-de-4","26":"product_cat-dry-mature-ageing-skin-de-5","27":"product_cat-dry-mature-ageing-skin-de-2","28":"product_tag-antioxidants-de","29":"product_tag-face-care-de","30":"product_tag-glow-de","31":"product_tag-hydrating-de","32":"product_tag-serum-de","33":"pa_brand-inbluem-de","34":"pa_size-30-ml-3-de","35":"pa_skincare-type-face-oil-and-serums-de","36":"pa_skincare-type-moisturizers-de","37":"pa_skintype-normal-combination-skin-de","38":"pa_skintype-oily-skin-de","39":"pa_skintype-sensitive-skin-redness-de","40":"pa_skintype-dry-mature-ageing-skin-de","42":"first","43":"instock","44":"taxable","45":"shipping-taxable","46":"purchasable","47":"product-type-simple"},"bundled_by":[],"bundle_stock_status":"instock","bundle_stock_quantity":6,"bundle_virtual":false,"bundle_layout":"","bundle_add_to_cart_form_location":"","bundle_editable_in_cart":false,"bundle_sold_individually_context":"","bundle_item_grouping":"","bundle_min_size":"","bundle_max_size":"","bundle_price":[],"bundled_items":[],"bundle_sell_ids":[352703],"atum_controlled":true,"out_stock_date":null,"out_stock_threshold":null,"inheritable":false,"stock_on_hold":0,"sold_today":0,"sales_last_days":0,"out_stock_days":0,"lost_sales":0,"update_date":"2026-04-09T08:00:13","atum_locations":[],"atum_stock_status":"instock","restock_status":false,"low_stock_amount":"","sales_update_date":"2026-04-09T08:00:13","calc_backorders":null,"group_of_quantity":0,"min_quantity":0,"max_quantity":"","exclude_order_quantity_value_rules":"no","exclude_category_quantity_rules":"no","combine_variations":"no","yoast_head":"<!-- This site is optimized with the Yoast SEO Premium plugin v26.5 (Yoast SEO v26.5) - https:\/\/yoast.com\/wordpress\/plugins\/seo\/ -->\n<title>- Inbluem<\/title>\n<meta name=\"description\" content=\"Ein Antioxidantien-Serum mit nat\u00fcrlichem Vitamin C, das die Haut aufhellt, mit Feuchtigkeit versorgt und festigt - f\u00fcr einen glatteren, strahlenderen Teint.\" \/>\n<meta name=\"robots\" content=\"index, follow, max-snippet:-1, max-image-preview:large, max-video-preview:-1\" \/>\n<link rel=\"canonical\" href=\"https:\/\/dutchhealthstore.com\/de\/product\/kakadu-plum-radiance-serum\/\" \/>\n<meta property=\"og:locale\" content=\"de_DE\" \/>\n<meta property=\"og:type\" content=\"article\" \/>\n<meta property=\"og:title\" content=\"Kakadu Plum - Radiance Serum - Dutch Health Store\" \/>\n<meta property=\"og:description\" content=\"Ein Antioxidantien-Serum mit nat\u00fcrlichem Vitamin C, das die Haut aufhellt, mit Feuchtigkeit versorgt und festigt - f\u00fcr einen glatteren, strahlenderen Teint.\" \/>\n<meta property=\"og:url\" content=\"https:\/\/dutchhealthstore.com\/de\/product\/kakadu-plum-radiance-serum\/\" \/>\n<meta property=\"og:site_name\" content=\"Dutch Health Store\" \/>\n<meta property=\"article:publisher\" content=\"https:\/\/www.instagram.com\/dutchhealthstore\/\" \/>\n<meta property=\"article:modified_time\" content=\"2026-02-06T16:12:13+00:00\" \/>\n<meta property=\"og:image\" content=\"https:\/\/dutchhealthstore.com\/wp-content\/uploads\/2025\/08\/kakaduplum.jpg\" \/>\n\t<meta property=\"og:image:width\" content=\"730\" \/>\n\t<meta property=\"og:image:height\" content=\"730\" \/>\n\t<meta property=\"og:image:type\" content=\"image\/jpeg\" \/>\n<meta name=\"twitter:card\" content=\"summary_large_image\" \/>\n<meta name=\"twitter:label1\" content=\"Preis\" \/>\n\t<meta name=\"twitter:data1\" content=\"&euro;51,95\" \/>\n\t<meta name=\"twitter:label2\" content=\"Verf\u00fcgbarkeit\" \/>\n\t<meta name=\"twitter:data2\" content=\"Auf Lager\" \/>\n<script type=\"application\/ld+json\" class=\"yoast-schema-graph\">{\"@context\":\"https:\/\/schema.org\",\"@graph\":[{\"@type\":\"WebPage\",\"@id\":\"https:\/\/dutchhealthstore.com\/de\/product\/kakadu-plum-radiance-serum\/\",\"url\":\"https:\/\/dutchhealthstore.com\/de\/product\/kakadu-plum-radiance-serum\/\",\"name\":\"- Inbluem\",\"isPartOf\":{\"@id\":\"https:\/\/dutchhealthstore.com\/de\/#website\"},\"primaryImageOfPage\":{\"@id\":\"https:\/\/dutchhealthstore.com\/de\/product\/kakadu-plum-radiance-serum\/#primaryimage\"},\"image\":{\"@id\":\"https:\/\/dutchhealthstore.com\/de\/product\/kakadu-plum-radiance-serum\/#primaryimage\"},\"thumbnailUrl\":\"https:\/\/dutchhealthstore.com\/wp-content\/uploads\/2025\/08\/kakaduplum.jpg\",\"datePublished\":\"2025-08-14T07:18:11+00:00\",\"dateModified\":\"2026-02-06T16:12:13+00:00\",\"description\":\"Ein Antioxidantien-Serum mit nat\u00fcrlichem Vitamin C, das die Haut aufhellt, mit Feuchtigkeit versorgt und festigt - f\u00fcr einen glatteren, strahlenderen Teint.\",\"breadcrumb\":{\"@id\":\"https:\/\/dutchhealthstore.com\/de\/product\/kakadu-plum-radiance-serum\/#breadcrumb\"},\"inLanguage\":\"de\",\"potentialAction\":[{\"@type\":\"ReadAction\",\"target\":[\"https:\/\/dutchhealthstore.com\/de\/product\/kakadu-plum-radiance-serum\/\"]}]},{\"@type\":\"ImageObject\",\"inLanguage\":\"de\",\"@id\":\"https:\/\/dutchhealthstore.com\/de\/product\/kakadu-plum-radiance-serum\/#primaryimage\",\"url\":\"https:\/\/dutchhealthstore.com\/wp-content\/uploads\/2025\/08\/kakaduplum.jpg\",\"contentUrl\":\"https:\/\/dutchhealthstore.com\/wp-content\/uploads\/2025\/08\/kakaduplum.jpg\",\"width\":730,\"height\":730},{\"@type\":\"BreadcrumbList\",\"@id\":\"https:\/\/dutchhealthstore.com\/de\/product\/kakadu-plum-radiance-serum\/#breadcrumb\",\"itemListElement\":[{\"@type\":\"ListItem\",\"position\":1,\"name\":\"Home\",\"item\":\"https:\/\/dutchhealthstore.com\/de\/\"},{\"@type\":\"ListItem\",\"position\":2,\"name\":\"Shop\",\"item\":\"https:\/\/dutchhealthstore.com\/de\/shop-2\/\"},{\"@type\":\"ListItem\",\"position\":3,\"name\":\"Kakadu Plum &#8211; Radiance Serum\"}]},{\"@type\":\"WebSite\",\"@id\":\"https:\/\/dutchhealthstore.com\/de\/#website\",\"url\":\"https:\/\/dutchhealthstore.com\/de\/\",\"name\":\"Dutch Health Store\",\"description\":\"Enhance Your Beauty with Organic &amp; Natural Skincare\",\"publisher\":{\"@id\":\"https:\/\/dutchhealthstore.com\/de\/#organization\"},\"potentialAction\":[{\"@type\":\"SearchAction\",\"target\":{\"@type\":\"EntryPoint\",\"urlTemplate\":\"https:\/\/dutchhealthstore.com\/de\/?s={search_term_string}\"},\"query-input\":{\"@type\":\"PropertyValueSpecification\",\"valueRequired\":true,\"valueName\":\"search_term_string\"}}],\"inLanguage\":\"de\"},{\"@type\":\"Organization\",\"@id\":\"https:\/\/dutchhealthstore.com\/de\/#organization\",\"name\":\"Dutch Health Store\",\"url\":\"https:\/\/dutchhealthstore.com\/de\/\",\"logo\":{\"@type\":\"ImageObject\",\"inLanguage\":\"de\",\"@id\":\"https:\/\/dutchhealthstore.com\/de\/#\/schema\/logo\/image\/\",\"url\":\"https:\/\/dutchhealthstore.com\/wp-content\/uploads\/2020\/08\/logo-dutchhealthstore-jpg-e1599484957574.jpg\",\"contentUrl\":\"https:\/\/dutchhealthstore.com\/wp-content\/uploads\/2020\/08\/logo-dutchhealthstore-jpg-e1599484957574.jpg\",\"width\":400,\"height\":62,\"caption\":\"Dutch Health Store\"},\"image\":{\"@id\":\"https:\/\/dutchhealthstore.com\/de\/#\/schema\/logo\/image\/\"},\"sameAs\":[\"https:\/\/www.instagram.com\/dutchhealthstore\/\",\"https:\/\/www.facebook.com\/dutchhealthstore\"]}]}<\/script>\n<meta property=\"product:brand\" content=\"INBLUEM\" \/>\n<meta property=\"product:price:amount\" content=\"51.95\" \/>\n<meta property=\"product:price:currency\" content=\"EUR\" \/>\n<meta property=\"og:availability\" content=\"instock\" \/>\n<meta property=\"product:availability\" content=\"instock\" \/>\n<meta property=\"product:condition\" content=\"new\" \/>\n<!-- \/ Yoast SEO Premium plugin. -->","yoast_head_json":{"title":"- Inbluem","description":"Ein Antioxidantien-Serum mit nat\u00fcrlichem Vitamin C, das die Haut aufhellt, mit Feuchtigkeit versorgt und festigt - f\u00fcr einen glatteren, strahlenderen Teint.","robots":{"index":"index","follow":"follow","max-snippet":"max-snippet:-1","max-image-preview":"max-image-preview:large","max-video-preview":"max-video-preview:-1"},"canonical":"https:\/\/dutchhealthstore.com\/de\/product\/kakadu-plum-radiance-serum\/","og_locale":"de_DE","og_type":"article","og_title":"Kakadu Plum - Radiance Serum - Dutch Health Store","og_description":"Ein Antioxidantien-Serum mit nat\u00fcrlichem Vitamin C, das die Haut aufhellt, mit Feuchtigkeit versorgt und festigt - f\u00fcr einen glatteren, strahlenderen Teint.","og_url":"https:\/\/dutchhealthstore.com\/de\/product\/kakadu-plum-radiance-serum\/","og_site_name":"Dutch Health Store","article_publisher":"https:\/\/www.instagram.com\/dutchhealthstore\/","article_modified_time":"2026-02-06T16:12:13+00:00","og_image":[{"width":730,"height":730,"url":"https:\/\/dutchhealthstore.com\/wp-content\/uploads\/2025\/08\/kakaduplum.jpg","type":"image\/jpeg"}],"twitter_card":"summary_large_image","twitter_misc":{"Preis":"&euro;51,95","Verf\u00fcgbarkeit":"Auf Lager"},"schema":{"@context":"https:\/\/schema.org","@graph":[{"@type":"WebPage","@id":"https:\/\/dutchhealthstore.com\/de\/product\/kakadu-plum-radiance-serum\/","url":"https:\/\/dutchhealthstore.com\/de\/product\/kakadu-plum-radiance-serum\/","name":"- Inbluem","isPartOf":{"@id":"https:\/\/dutchhealthstore.com\/de\/#website"},"primaryImageOfPage":{"@id":"https:\/\/dutchhealthstore.com\/de\/product\/kakadu-plum-radiance-serum\/#primaryimage"},"image":{"@id":"https:\/\/dutchhealthstore.com\/de\/product\/kakadu-plum-radiance-serum\/#primaryimage"},"thumbnailUrl":"https:\/\/dutchhealthstore.com\/wp-content\/uploads\/2025\/08\/kakaduplum.jpg","datePublished":"2025-08-14T07:18:11+00:00","dateModified":"2026-02-06T16:12:13+00:00","description":"Ein Antioxidantien-Serum mit nat\u00fcrlichem Vitamin C, das die Haut aufhellt, mit Feuchtigkeit versorgt und festigt - f\u00fcr einen glatteren, strahlenderen Teint.","breadcrumb":{"@id":"https:\/\/dutchhealthstore.com\/de\/product\/kakadu-plum-radiance-serum\/#breadcrumb"},"inLanguage":"de","potentialAction":[{"@type":"ReadAction","target":["https:\/\/dutchhealthstore.com\/de\/product\/kakadu-plum-radiance-serum\/"]}]},{"@type":"ImageObject","inLanguage":"de","@id":"https:\/\/dutchhealthstore.com\/de\/product\/kakadu-plum-radiance-serum\/#primaryimage","url":"https:\/\/dutchhealthstore.com\/wp-content\/uploads\/2025\/08\/kakaduplum.jpg","contentUrl":"https:\/\/dutchhealthstore.com\/wp-content\/uploads\/2025\/08\/kakaduplum.jpg","width":730,"height":730},{"@type":"BreadcrumbList","@id":"https:\/\/dutchhealthstore.com\/de\/product\/kakadu-plum-radiance-serum\/#breadcrumb","itemListElement":[{"@type":"ListItem","position":1,"name":"Home","item":"https:\/\/dutchhealthstore.com\/de\/"},{"@type":"ListItem","position":2,"name":"Shop","item":"https:\/\/dutchhealthstore.com\/de\/shop-2\/"},{"@type":"ListItem","position":3,"name":"Kakadu Plum &#8211; Radiance Serum"}]},{"@type":"WebSite","@id":"https:\/\/dutchhealthstore.com\/de\/#website","url":"https:\/\/dutchhealthstore.com\/de\/","name":"Dutch Health Store","description":"Enhance Your Beauty with Organic &amp; Natural Skincare","publisher":{"@id":"https:\/\/dutchhealthstore.com\/de\/#organization"},"potentialAction":[{"@type":"SearchAction","target":{"@type":"EntryPoint","urlTemplate":"https:\/\/dutchhealthstore.com\/de\/?s={search_term_string}"},"query-input":{"@type":"PropertyValueSpecification","valueRequired":true,"valueName":"search_term_string"}}],"inLanguage":"de"},{"@type":"Organization","@id":"https:\/\/dutchhealthstore.com\/de\/#organization","name":"Dutch Health Store","url":"https:\/\/dutchhealthstore.com\/de\/","logo":{"@type":"ImageObject","inLanguage":"de","@id":"https:\/\/dutchhealthstore.com\/de\/#\/schema\/logo\/image\/","url":"https:\/\/dutchhealthstore.com\/wp-content\/uploads\/2020\/08\/logo-dutchhealthstore-jpg-e1599484957574.jpg","contentUrl":"https:\/\/dutchhealthstore.com\/wp-content\/uploads\/2020\/08\/logo-dutchhealthstore-jpg-e1599484957574.jpg","width":400,"height":62,"caption":"Dutch Health Store"},"image":{"@id":"https:\/\/dutchhealthstore.com\/de\/#\/schema\/logo\/image\/"},"sameAs":["https:\/\/www.instagram.com\/dutchhealthstore\/","https:\/\/www.facebook.com\/dutchhealthstore"]}]},"product_brand":"INBLUEM","product_price_amount":"51.95","product_price_currency":"EUR","og_availability":"instock","product_availability":"instock","product_condition":"new"},"_links":{"self":[{"href":"https:\/\/dutchhealthstore.com\/de\/wp-json\/wp\/v2\/product\/352695","targetHints":{"allow":["GET"]}}],"collection":[{"href":"https:\/\/dutchhealthstore.com\/de\/wp-json\/wp\/v2\/product"}],"about":[{"href":"https:\/\/dutchhealthstore.com\/de\/wp-json\/wp\/v2\/types\/product"}],"replies":[{"embeddable":true,"href":"https:\/\/dutchhealthstore.com\/de\/wp-json\/wp\/v2\/comments?post=352695"}],"wp:featuredmedia":[{"embeddable":true,"href":"https:\/\/dutchhealthstore.com\/de\/wp-json\/wp\/v2\/media\/353542"}],"wp:attachment":[{"href":"https:\/\/dutchhealthstore.com\/de\/wp-json\/wp\/v2\/media?parent=352695"}],"wp:term":[{"taxonomy":"product_brand","embeddable":true,"href":"https:\/\/dutchhealthstore.com\/de\/wp-json\/wp\/v2\/product_brand?post=352695"},{"taxonomy":"product_cat","embeddable":true,"href":"https:\/\/dutchhealthstore.com\/de\/wp-json\/wp\/v2\/product_cat?post=352695"},{"taxonomy":"product_tag","embeddable":true,"href":"https:\/\/dutchhealthstore.com\/de\/wp-json\/wp\/v2\/product_tag?post=352695"}],"curies":[{"name":"wp","href":"https:\/\/api.w.org\/{rel}","templated":true}]}}