{"id":352689,"date":"2025-08-14T09:01:38","date_gmt":"2025-08-14T07:01:38","guid":{"rendered":"https:\/\/dutchhealthstore.com\/product\/soul-soap-cleansing-bar\/"},"modified":"2026-02-06T17:12:21","modified_gmt":"2026-02-06T16:12:21","slug":"soul-soap-cleansing-bar","status":"publish","type":"product","link":"https:\/\/dutchhealthstore.com\/de\/product\/soul-soap-cleansing-bar\/","title":{"rendered":"Soul Soap Cleansing Bar"},"content":{"rendered":"<p>Die Mischung aus n\u00e4hrenden Pflanzen\u00f6len und beruhigenden Pflanzenstoffen reinigt, ohne auszutrocknen, und bietet ein sensorisches Ritual, das Sie wieder mit Ber\u00fchrung, Duft und sich selbst verbindet.<\/p>\n<h3>Wichtigste Vorteile<\/h3>\n<ul>\n<li>Entfernt wirkungsvoll Schmutz, \u00d6l und t\u00e4gliche Ablagerungen<\/li>\n<li>Reinigt und versorgt die Haut mit Feuchtigkeit und N\u00e4hrstoffen<\/li>\n<li>Hinterl\u00e4sst die Haut weich, ausgeglichen und nie schuppig<\/li>\n<li>Sanft genug f\u00fcr Gesicht und K\u00f6rper<\/li>\n<li>Nat\u00fcrlich duftend mit reinen \u00e4therischen \u00d6len und pflanzlichen Stoffen<\/li>\n<\/ul>\n<p><strong>Gr\u00f6\u00dfe: 100g Riegel (h\u00e4lt ca. 1 Monat, je nach Gebrauch) <\/strong><strong>Ohne:<\/strong> Synthetik, Tierversuche oder Kohlenstoff-Fu\u00dfabdruck<\/p>\n<h3>Wie zu verwenden<\/h3>\n<p>Verteilen Sie den Schaum in den H\u00e4nden oder direkt auf der Haut. Verwenden Sie es t\u00e4glich als Teil Ihres Reinigungsrituals. Dieser Bar respektiert die nat\u00fcrlichen \u00d6le Ihrer Haut und gibt Ihnen ein frisches, geerdetes und tief gen\u00e4hrtes Gef\u00fchl.  <\/p>\n<div style=\"width: 464px;\" class=\"wp-video\"><!--[if lt IE 9]><script>document.createElement('video');<\/script><![endif]-->\n<video class=\"wp-video-shortcode\" id=\"video-352689-1\" width=\"464\" height=\"880\" preload=\"metadata\" controls=\"controls\"><source type=\"video\/mp4\" src=\"https:\/\/dutchhealthstore.com\/wp-content\/uploads\/2025\/07\/1db568c2db8948b3a7a459a8305788cd.HD-1080p-7.2Mbps-18747175.mp4?_=1\" \/><a href=\"https:\/\/dutchhealthstore.com\/wp-content\/uploads\/2025\/07\/1db568c2db8948b3a7a459a8305788cd.HD-1080p-7.2Mbps-18747175.mp4\">https:\/\/dutchhealthstore.com\/wp-content\/uploads\/2025\/07\/1db568c2db8948b3a7a459a8305788cd.HD-1080p-7.2Mbps-18747175.mp4<\/a><\/video><\/div>\n<p><strong>Ideal f\u00fcr<\/strong><br \/>\nDiejenigen, die ein achtsames Reinigungserlebnis von Kopf bis Fu\u00df suchen. Ideal f\u00fcr trockene, empfindliche oder leicht reizbare Hauttypen. <\/p>\n<p><em>100% Nat\u00fcrlich | Vegan | Grausamkeitsfrei | Kohlenstoffneutral<\/em><\/p>\n<p><strong>Botanische Mischungen  <\/strong><\/p>\n<p><strong>Finger Lime + Eucalyptus<\/strong> &#8211; Frisch und botanisch. Finger Lime unterst\u00fctzt die Hauterneuerung, w\u00e4hrend Eucalyptus Radiata eine reinigende, erfrischende Reinigung bietet. <\/p>\n<p><strong>Kakadu Plum + Kunzea<\/strong> &#8211; Aufmunternd und beruhigend. Die an Vitamin C reiche Kakadu-Pflaume hellt die Haut auf, w\u00e4hrend Kunzea Haut und Sinne beruhigt. <\/p>\n<p><strong>Activated Charcoal + Lemon Myrtle<\/strong> &#8211; Entgiftend und energetisierend. Aktivkohle entfernt Unreinheiten, w\u00e4hrend die Zitronenmyrte mit ihrem frischen, zitrusartigen Aroma belebt. <\/p>\n<h2><strong>Nat\u00fcrliche \/ biologische Inhaltsstoffe <\/strong><\/h2>\n<p>Mit einer n\u00e4hrenden Basis aus verseiftem Kokosnuss\u00f6l f\u00fcr eine sanfte Reinigung, Oliven\u00f6l f\u00fcr Feuchtigkeit, pflanzlichem Glycerin, um die Feuchtigkeit zu bewahren, und kaltgepresstem Hanfsamen\u00f6l, das reich an Omega-Fetts\u00e4uren ist, um die Barrierefunktion und Geschmeidigkeit zu unterst\u00fctzen.<\/p>\n<p>Finger Lime + Eucalyptus: Fingerlimettenextrakt, Eukalyptus Globulus \u00d6l, Gr\u00fcne Tonerde, Matcha, Spirulina.<\/p>\n<p>Kakadu Plum + Kunzea: Kakadupflaumen-Extrakt, Kunzea-Blatt\u00f6l, Rosmarin, Lavendel, rote Tonerde<\/p>\n<p>Activated Charcoal + Lemon Myrtle: Aktivkohle, Zitronenmyrten\u00f6l.<\/p>\n<p>Basis-Inhaltsstoffe: Verseiftes Kokosnuss\u00f6l, Oliven\u00f6l, Glycerin auf pflanzlicher Basis, Hanfsamen\u00f6l.<\/p>\n\n\t<section class=\"section\" id=\"section_495032694\">\n\t\t<div class=\"section-bg fill\" >\n\t\t\t\t\t\t\t\t\t\n\t\t\t\n\n\t\t<\/div>\n\n\t\t\n\n\t\t<div class=\"section-content relative\">\n\t\t\t\n\n<div class=\"row\"  id=\"row-1343484660\">\n\n\n\t<div id=\"col-48158191\" class=\"col small-12 large-12\"  >\n\t\t\t\t<div class=\"col-inner\"  >\n\t\t\t\n\t\t\t\n\n<h3>\u00dcber INBLUEM Skincare<\/h3>\n<hr>\n\n<div class=\"row\"  id=\"row-1130293392\">\n\n\n\t<div id=\"col-1632150128\" class=\"col medium-9 small-12 large-9\"  >\n\t\t\t\t<div class=\"col-inner\"  >\n\t\t\t\n\t\t\t\n\n<p data-start=\"277\" data-end=\"732\">INBLUEM ist eine bewusst entwickelte Hautpflegemarke, die in <strong data-start=\"333\" data-end=\"357\">Byron Bay, Australien<\/strong>, auf <strong data-start=\"362\" data-end=\"381\">Bundjalung-Land<\/strong> entstanden ist. Gegr\u00fcndet von der Umweltingenieurin und Aktivistin <g id=\"gid_2\">Montana Lower<\/g>, wurde die Marke aus dem Wunsch heraus geschaffen, Hautpflege anzubieten, die wirklich mit der Natur im Einklang steht \u2013 sicher, ethisch und zutiefst n\u00e4hrend. Inspiriert durch ihre Schwangerschaft machte sich Montana daran, Rezepturen zu entwickeln, die sanft genug f\u00fcr Babys und dennoch wirksam genug sind, um die Haut jeden Alters zu unterst\u00fctzen.  <\/p>\n<p data-start=\"734\" data-end=\"1122\">Jedes INBLUEM-Produkt wird aus <strong data-start=\"769\" data-end=\"829\">biologischen, wild geernteten und regional bezogenen Inhaltsstoffen<\/strong> hergestellt \u2013 immer frei von Giftstoffen, synthetischen Zus\u00e4tzen und aggressiven Chemikalien. Die Marke folgt den Prinzipien der <g id=\"gid_1\">Biomimikry<\/g> und entwickelt Hautpflege, die im Einklang mit Ihrem K\u00f6rper und der Erde wirkt. Von den Farmen, mit denen sie zusammenarbeiten, bis hin zu den Verpackungen, die sie verwenden, ist Nachhaltigkeit in jeden Schritt eingewoben.  <\/p>\n<p data-start=\"1124\" data-end=\"1499\">INBLUEM ist stolz darauf, <strong data-start=\"1143\" data-end=\"1152\">vegan<\/strong> und <strong data-start=\"1154\" data-end=\"1197\">von Leaping Bunny als tierversuchsfrei zertifiziert<\/strong> zu sein und sich zu <strong data-start=\"1216\" data-end=\"1230\">fairen Handelspraktiken<\/strong> zu bekennen. Die Marke unterst\u00fctzt <g id=\"gid_3\">First Nations-Bauern<\/g> und w\u00fcrdigt die traditionellen H\u00fcter des Landes, auf dem sie arbeiten. Jedes Produkt spiegelt ihre Mission wider, die Sch\u00f6nheitsindustrie wieder zu beleben \u2013 mit Hautpflege, die sauber, bewusst und in Liebe verwurzelt ist.  <\/p>\n<p data-start=\"1501\" data-end=\"1636\">Dies ist mehr als nur Hautpflege. Dies ist eine R\u00fcckkehr zu dem, was am wichtigsten ist \u2013 <strong data-start=\"1569\" data-end=\"1636\">Ihrem Wohlbefinden, Ihren Werten und Ihrer Verbindung zur Erde.<\/strong> <\/p>\n\n\t\t<\/div>\n\t\t\t\t\t<\/div>\n\n\t\n\n\t<div id=\"col-1351482083\" class=\"col medium-3 small-12 large-3\"  >\n\t\t\t\t<div class=\"col-inner\"  >\n\t\t\t\n\t\t\t\n\n\t<div class=\"img has-hover x md-x lg-x y md-y lg-y\" id=\"image_652550397\">\n\t\t\t\t\t\t\t\t<div class=\"img-inner dark\" >\n\t\t\t<img fetchpriority=\"high\" decoding=\"async\" width=\"640\" height=\"800\" src=\"https:\/\/dutchhealthstore.com\/wp-content\/uploads\/2025\/07\/inbluem-foto-small.jpg\" class=\"attachment-large size-large\" alt=\"\" srcset=\"https:\/\/dutchhealthstore.com\/wp-content\/uploads\/2025\/07\/inbluem-foto-small.jpg 640w, https:\/\/dutchhealthstore.com\/wp-content\/uploads\/2025\/07\/inbluem-foto-small-320x400.jpg 320w, https:\/\/dutchhealthstore.com\/wp-content\/uploads\/2025\/07\/inbluem-foto-small-40x50.jpg 40w, https:\/\/dutchhealthstore.com\/wp-content\/uploads\/2025\/07\/inbluem-foto-small-530x663.jpg 530w, https:\/\/dutchhealthstore.com\/wp-content\/uploads\/2025\/07\/inbluem-foto-small-64x80.jpg 64w\" sizes=\"(max-width: 640px) 100vw, 640px\" \/>\t\t\t\t\t\t\n\t\t\t\t\t<\/div>\n\t\t\t\t\t\t\t\t\n<style>\n#image_652550397 {\n  width: 100%;\n}\n<\/style>\n\t<\/div>\n\t\n\n\n\t\t<\/div>\n\t\t\t\t\t<\/div>\n\n\t\n\n<\/div>\n\n\t\t<\/div>\n\t\t\t\t\t<\/div>\n\n\t\n\n<\/div>\n\n\t\t<\/div>\n\n\t\t\n<style>\n#section_495032694 {\n  padding-top: 30px;\n  padding-bottom: 30px;\n}\n<\/style>\n\t<\/section>\n\t\n","protected":false},"excerpt":{"rendered":"<p>Cleanse, Renew, Refresh<\/p>\n<p>Ein sanfter, kaltverarbeiteter Reinigungsriegel, der f\u00fcr das Gesicht entwickelt wurde und sich perfekt f\u00fcr die Anwendung am ganzen K\u00f6rper eignet.<\/p>\n","protected":false},"featured_media":349758,"comment_status":"open","ping_status":"closed","template":"","meta":[],"product_brand":[],"product_cat":[14735,20921,8509,9628,1227,5071,6645,5068,5669,21377,1032,1210,4985,5636,5101,511,5687,5688,5685,4983,5686,13175,4984,5634],"product_tag":[21361,21395,21396,9811],"class_list":{"0":"post-352689","1":"product","2":"type-product","3":"status-publish","4":"has-post-thumbnail","6":"product_cat-hautpflege","7":"product_cat-reife-alternde-haut","8":"product_cat-every-day-solutions-de","9":"product_cat-cleansers-de-12","10":"product_cat-sensitive-skin-redness-de","11":"product_cat-sensitive-skin-redness-de-6","12":"product_cat-family-de","13":"product_cat-oily-skin-clogged-pores-de-7","14":"product_cat-oily-skin-clogged-pores-de","15":"product_cat-inbluem-de","16":"product_cat-kategorien","17":"product_cat-marken","18":"product_cat-normal-or-combination-skin-de-7","19":"product_cat-normal-or-combination-skin-de-2","20":"product_cat-by-skin-type-de-4","21":"product_cat-produkte","22":"product_cat-cleansers-de-6","23":"product_cat-cleansers-de-7","24":"product_cat-cleansers-de-de-4","25":"product_cat-cleansers-de-de-3","26":"product_cat-cleansers-de-9","27":"product_cat-skincare-de-2","28":"product_cat-dry-mature-ageing-skin-de-7","29":"product_cat-dry-mature-ageing-skin-de-2","30":"product_tag-face-care-de","31":"product_tag-korper","32":"product_tag-reinigen","33":"product_tag-soap-de","34":"pa_brand-inbluem-de","35":"pa_colo-activated-charcoal-lemon-myrtle-de","36":"pa_colo-finger-lime-eucalyptus-de","37":"pa_colo-kakadu-plum-kunzea-de","39":"first","40":"instock","41":"taxable","42":"shipping-taxable","43":"purchasable","44":"product-type-variable"},"bundled_by":[],"bundle_stock_status":"instock","bundle_stock_quantity":null,"bundle_virtual":false,"bundle_layout":"","bundle_add_to_cart_form_location":"","bundle_editable_in_cart":false,"bundle_sold_individually_context":"","bundle_item_grouping":"","bundle_min_size":"","bundle_max_size":"","bundle_price":[],"bundled_items":[],"bundle_sell_ids":[107698],"atum_controlled":true,"out_stock_date":null,"out_stock_threshold":null,"inheritable":true,"stock_on_hold":0,"sold_today":0,"sales_last_days":0,"out_stock_days":0,"lost_sales":0,"update_date":"2026-04-07T01:46:47","atum_locations":[],"atum_stock_status":"instock","restock_status":false,"low_stock_amount":"","sales_update_date":"2026-03-31T11:59:49","calc_backorders":null,"group_of_quantity":0,"min_quantity":0,"max_quantity":"","exclude_order_quantity_value_rules":"no","exclude_category_quantity_rules":"no","combine_variations":"no","yoast_head":"<!-- This site is optimized with the Yoast SEO Premium plugin v26.5 (Yoast SEO v26.5) - https:\/\/yoast.com\/wordpress\/plugins\/seo\/ -->\n<title>- Inbluem<\/title>\n<meta name=\"description\" content=\"Ein sanfter, kaltverarbeiteter Reinigungsriegel, der f\u00fcr das Gesicht entwickelt wurde und sich perfekt f\u00fcr die Anwendung am ganzen K\u00f6rper eignet.\" \/>\n<meta name=\"robots\" content=\"index, follow, max-snippet:-1, max-image-preview:large, max-video-preview:-1\" \/>\n<link rel=\"canonical\" href=\"https:\/\/dutchhealthstore.com\/de\/product\/soul-soap-cleansing-bar\/\" \/>\n<meta property=\"og:locale\" content=\"de_DE\" \/>\n<meta property=\"og:type\" content=\"article\" \/>\n<meta property=\"og:title\" content=\"Soul Soap Cleansing Bar - Dutch Health Store\" \/>\n<meta property=\"og:description\" content=\"Ein sanfter, kaltverarbeiteter Reinigungsriegel, der f\u00fcr das Gesicht entwickelt wurde und sich perfekt f\u00fcr die Anwendung am ganzen K\u00f6rper eignet.\" \/>\n<meta property=\"og:url\" content=\"https:\/\/dutchhealthstore.com\/de\/product\/soul-soap-cleansing-bar\/\" \/>\n<meta property=\"og:site_name\" content=\"Dutch Health Store\" \/>\n<meta property=\"article:publisher\" content=\"https:\/\/www.instagram.com\/dutchhealthstore\/\" \/>\n<meta property=\"article:modified_time\" content=\"2026-02-06T16:12:21+00:00\" \/>\n<meta property=\"og:image\" content=\"https:\/\/dutchhealthstore.com\/wp-content\/uploads\/2025\/07\/inbluem-3-soaps.jpg\" \/>\n\t<meta property=\"og:image:width\" content=\"530\" \/>\n\t<meta property=\"og:image:height\" content=\"530\" \/>\n\t<meta property=\"og:image:type\" content=\"image\/jpeg\" \/>\n<meta name=\"twitter:card\" content=\"summary_large_image\" \/>\n<meta name=\"twitter:label1\" content=\"Verf\u00fcgbarkeit\" \/>\n\t<meta name=\"twitter:data1\" content=\"Auf Lager\" \/>\n<script type=\"application\/ld+json\" class=\"yoast-schema-graph\">{\"@context\":\"https:\/\/schema.org\",\"@graph\":[{\"@type\":\"WebPage\",\"@id\":\"https:\/\/dutchhealthstore.com\/de\/product\/soul-soap-cleansing-bar\/\",\"url\":\"https:\/\/dutchhealthstore.com\/de\/product\/soul-soap-cleansing-bar\/\",\"name\":\"- Inbluem\",\"isPartOf\":{\"@id\":\"https:\/\/dutchhealthstore.com\/de\/#website\"},\"primaryImageOfPage\":{\"@id\":\"https:\/\/dutchhealthstore.com\/de\/product\/soul-soap-cleansing-bar\/#primaryimage\"},\"image\":{\"@id\":\"https:\/\/dutchhealthstore.com\/de\/product\/soul-soap-cleansing-bar\/#primaryimage\"},\"thumbnailUrl\":\"https:\/\/dutchhealthstore.com\/wp-content\/uploads\/2025\/07\/inbluem-3-soaps.jpg\",\"datePublished\":\"2025-08-14T07:01:38+00:00\",\"dateModified\":\"2026-02-06T16:12:21+00:00\",\"description\":\"Ein sanfter, kaltverarbeiteter Reinigungsriegel, der f\u00fcr das Gesicht entwickelt wurde und sich perfekt f\u00fcr die Anwendung am ganzen K\u00f6rper eignet.\",\"breadcrumb\":{\"@id\":\"https:\/\/dutchhealthstore.com\/de\/product\/soul-soap-cleansing-bar\/#breadcrumb\"},\"inLanguage\":\"de\",\"potentialAction\":[{\"@type\":\"ReadAction\",\"target\":[\"https:\/\/dutchhealthstore.com\/de\/product\/soul-soap-cleansing-bar\/\"]}]},{\"@type\":\"ImageObject\",\"inLanguage\":\"de\",\"@id\":\"https:\/\/dutchhealthstore.com\/de\/product\/soul-soap-cleansing-bar\/#primaryimage\",\"url\":\"https:\/\/dutchhealthstore.com\/wp-content\/uploads\/2025\/07\/inbluem-3-soaps.jpg\",\"contentUrl\":\"https:\/\/dutchhealthstore.com\/wp-content\/uploads\/2025\/07\/inbluem-3-soaps.jpg\",\"width\":530,\"height\":530,\"caption\":\"inbluem-3-soaps\"},{\"@type\":\"BreadcrumbList\",\"@id\":\"https:\/\/dutchhealthstore.com\/de\/product\/soul-soap-cleansing-bar\/#breadcrumb\",\"itemListElement\":[{\"@type\":\"ListItem\",\"position\":1,\"name\":\"Home\",\"item\":\"https:\/\/dutchhealthstore.com\/de\/\"},{\"@type\":\"ListItem\",\"position\":2,\"name\":\"Shop\",\"item\":\"https:\/\/dutchhealthstore.com\/de\/shop-2\/\"},{\"@type\":\"ListItem\",\"position\":3,\"name\":\"Soul Soap Cleansing Bar\"}]},{\"@type\":\"WebSite\",\"@id\":\"https:\/\/dutchhealthstore.com\/de\/#website\",\"url\":\"https:\/\/dutchhealthstore.com\/de\/\",\"name\":\"Dutch Health Store\",\"description\":\"Enhance Your Beauty with Organic &amp; Natural Skincare\",\"publisher\":{\"@id\":\"https:\/\/dutchhealthstore.com\/de\/#organization\"},\"potentialAction\":[{\"@type\":\"SearchAction\",\"target\":{\"@type\":\"EntryPoint\",\"urlTemplate\":\"https:\/\/dutchhealthstore.com\/de\/?s={search_term_string}\"},\"query-input\":{\"@type\":\"PropertyValueSpecification\",\"valueRequired\":true,\"valueName\":\"search_term_string\"}}],\"inLanguage\":\"de\"},{\"@type\":\"Organization\",\"@id\":\"https:\/\/dutchhealthstore.com\/de\/#organization\",\"name\":\"Dutch Health Store\",\"url\":\"https:\/\/dutchhealthstore.com\/de\/\",\"logo\":{\"@type\":\"ImageObject\",\"inLanguage\":\"de\",\"@id\":\"https:\/\/dutchhealthstore.com\/de\/#\/schema\/logo\/image\/\",\"url\":\"https:\/\/dutchhealthstore.com\/wp-content\/uploads\/2020\/08\/logo-dutchhealthstore-jpg-e1599484957574.jpg\",\"contentUrl\":\"https:\/\/dutchhealthstore.com\/wp-content\/uploads\/2020\/08\/logo-dutchhealthstore-jpg-e1599484957574.jpg\",\"width\":400,\"height\":62,\"caption\":\"Dutch Health Store\"},\"image\":{\"@id\":\"https:\/\/dutchhealthstore.com\/de\/#\/schema\/logo\/image\/\"},\"sameAs\":[\"https:\/\/www.instagram.com\/dutchhealthstore\/\",\"https:\/\/www.facebook.com\/dutchhealthstore\"]}]}<\/script>\n<meta property=\"product:brand\" content=\"INBLUEM\" \/>\n<meta property=\"og:availability\" content=\"instock\" \/>\n<meta property=\"product:availability\" content=\"instock\" \/>\n<meta property=\"product:condition\" content=\"new\" \/>\n<!-- \/ Yoast SEO Premium plugin. -->","yoast_head_json":{"title":"- Inbluem","description":"Ein sanfter, kaltverarbeiteter Reinigungsriegel, der f\u00fcr das Gesicht entwickelt wurde und sich perfekt f\u00fcr die Anwendung am ganzen K\u00f6rper eignet.","robots":{"index":"index","follow":"follow","max-snippet":"max-snippet:-1","max-image-preview":"max-image-preview:large","max-video-preview":"max-video-preview:-1"},"canonical":"https:\/\/dutchhealthstore.com\/de\/product\/soul-soap-cleansing-bar\/","og_locale":"de_DE","og_type":"article","og_title":"Soul Soap Cleansing Bar - Dutch Health Store","og_description":"Ein sanfter, kaltverarbeiteter Reinigungsriegel, der f\u00fcr das Gesicht entwickelt wurde und sich perfekt f\u00fcr die Anwendung am ganzen K\u00f6rper eignet.","og_url":"https:\/\/dutchhealthstore.com\/de\/product\/soul-soap-cleansing-bar\/","og_site_name":"Dutch Health Store","article_publisher":"https:\/\/www.instagram.com\/dutchhealthstore\/","article_modified_time":"2026-02-06T16:12:21+00:00","og_image":[{"width":530,"height":530,"url":"https:\/\/dutchhealthstore.com\/wp-content\/uploads\/2025\/07\/inbluem-3-soaps.jpg","type":"image\/jpeg"}],"twitter_card":"summary_large_image","twitter_misc":{"Verf\u00fcgbarkeit":"Auf Lager"},"schema":{"@context":"https:\/\/schema.org","@graph":[{"@type":"WebPage","@id":"https:\/\/dutchhealthstore.com\/de\/product\/soul-soap-cleansing-bar\/","url":"https:\/\/dutchhealthstore.com\/de\/product\/soul-soap-cleansing-bar\/","name":"- Inbluem","isPartOf":{"@id":"https:\/\/dutchhealthstore.com\/de\/#website"},"primaryImageOfPage":{"@id":"https:\/\/dutchhealthstore.com\/de\/product\/soul-soap-cleansing-bar\/#primaryimage"},"image":{"@id":"https:\/\/dutchhealthstore.com\/de\/product\/soul-soap-cleansing-bar\/#primaryimage"},"thumbnailUrl":"https:\/\/dutchhealthstore.com\/wp-content\/uploads\/2025\/07\/inbluem-3-soaps.jpg","datePublished":"2025-08-14T07:01:38+00:00","dateModified":"2026-02-06T16:12:21+00:00","description":"Ein sanfter, kaltverarbeiteter Reinigungsriegel, der f\u00fcr das Gesicht entwickelt wurde und sich perfekt f\u00fcr die Anwendung am ganzen K\u00f6rper eignet.","breadcrumb":{"@id":"https:\/\/dutchhealthstore.com\/de\/product\/soul-soap-cleansing-bar\/#breadcrumb"},"inLanguage":"de","potentialAction":[{"@type":"ReadAction","target":["https:\/\/dutchhealthstore.com\/de\/product\/soul-soap-cleansing-bar\/"]}]},{"@type":"ImageObject","inLanguage":"de","@id":"https:\/\/dutchhealthstore.com\/de\/product\/soul-soap-cleansing-bar\/#primaryimage","url":"https:\/\/dutchhealthstore.com\/wp-content\/uploads\/2025\/07\/inbluem-3-soaps.jpg","contentUrl":"https:\/\/dutchhealthstore.com\/wp-content\/uploads\/2025\/07\/inbluem-3-soaps.jpg","width":530,"height":530,"caption":"inbluem-3-soaps"},{"@type":"BreadcrumbList","@id":"https:\/\/dutchhealthstore.com\/de\/product\/soul-soap-cleansing-bar\/#breadcrumb","itemListElement":[{"@type":"ListItem","position":1,"name":"Home","item":"https:\/\/dutchhealthstore.com\/de\/"},{"@type":"ListItem","position":2,"name":"Shop","item":"https:\/\/dutchhealthstore.com\/de\/shop-2\/"},{"@type":"ListItem","position":3,"name":"Soul Soap Cleansing Bar"}]},{"@type":"WebSite","@id":"https:\/\/dutchhealthstore.com\/de\/#website","url":"https:\/\/dutchhealthstore.com\/de\/","name":"Dutch Health Store","description":"Enhance Your Beauty with Organic &amp; Natural Skincare","publisher":{"@id":"https:\/\/dutchhealthstore.com\/de\/#organization"},"potentialAction":[{"@type":"SearchAction","target":{"@type":"EntryPoint","urlTemplate":"https:\/\/dutchhealthstore.com\/de\/?s={search_term_string}"},"query-input":{"@type":"PropertyValueSpecification","valueRequired":true,"valueName":"search_term_string"}}],"inLanguage":"de"},{"@type":"Organization","@id":"https:\/\/dutchhealthstore.com\/de\/#organization","name":"Dutch Health Store","url":"https:\/\/dutchhealthstore.com\/de\/","logo":{"@type":"ImageObject","inLanguage":"de","@id":"https:\/\/dutchhealthstore.com\/de\/#\/schema\/logo\/image\/","url":"https:\/\/dutchhealthstore.com\/wp-content\/uploads\/2020\/08\/logo-dutchhealthstore-jpg-e1599484957574.jpg","contentUrl":"https:\/\/dutchhealthstore.com\/wp-content\/uploads\/2020\/08\/logo-dutchhealthstore-jpg-e1599484957574.jpg","width":400,"height":62,"caption":"Dutch Health Store"},"image":{"@id":"https:\/\/dutchhealthstore.com\/de\/#\/schema\/logo\/image\/"},"sameAs":["https:\/\/www.instagram.com\/dutchhealthstore\/","https:\/\/www.facebook.com\/dutchhealthstore"]}]},"product_brand":"INBLUEM","og_availability":"instock","product_availability":"instock","product_condition":"new"},"_links":{"self":[{"href":"https:\/\/dutchhealthstore.com\/de\/wp-json\/wp\/v2\/product\/352689","targetHints":{"allow":["GET"]}}],"collection":[{"href":"https:\/\/dutchhealthstore.com\/de\/wp-json\/wp\/v2\/product"}],"about":[{"href":"https:\/\/dutchhealthstore.com\/de\/wp-json\/wp\/v2\/types\/product"}],"replies":[{"embeddable":true,"href":"https:\/\/dutchhealthstore.com\/de\/wp-json\/wp\/v2\/comments?post=352689"}],"wp:featuredmedia":[{"embeddable":true,"href":"https:\/\/dutchhealthstore.com\/de\/wp-json\/wp\/v2\/media\/349758"}],"wp:attachment":[{"href":"https:\/\/dutchhealthstore.com\/de\/wp-json\/wp\/v2\/media?parent=352689"}],"wp:term":[{"taxonomy":"product_brand","embeddable":true,"href":"https:\/\/dutchhealthstore.com\/de\/wp-json\/wp\/v2\/product_brand?post=352689"},{"taxonomy":"product_cat","embeddable":true,"href":"https:\/\/dutchhealthstore.com\/de\/wp-json\/wp\/v2\/product_cat?post=352689"},{"taxonomy":"product_tag","embeddable":true,"href":"https:\/\/dutchhealthstore.com\/de\/wp-json\/wp\/v2\/product_tag?post=352689"}],"curies":[{"name":"wp","href":"https:\/\/api.w.org\/{rel}","templated":true}]}}