{"id":352680,"date":"2025-08-14T09:06:11","date_gmt":"2025-08-14T07:06:11","guid":{"rendered":"https:\/\/dutchhealthstore.com\/product\/hydrosoul-cleansing-toning-mist\/"},"modified":"2025-09-04T12:12:00","modified_gmt":"2025-09-04T10:12:00","slug":"hydrosoul-cleansing-toning-mist","status":"publish","type":"product","link":"https:\/\/dutchhealthstore.com\/de\/product\/hydrosoul-cleansing-toning-mist\/","title":{"rendered":"Hydrosoul &#8211; Cleansing &amp; Toning Mist"},"content":{"rendered":"<p>Wichtigste Vorteile<br \/>\nStrafft und erfrischt die Haut sanft<\/p>\n<ul>\n<li>Hilft, die \u00d6lproduktion zu regulieren und Reizungen zu lindern<\/li>\n<li>Nat\u00fcrlich antibakteriell und antimykotisch<\/li>\n<li>Ideal f\u00fcr zu Akne neigende und empfindliche Haut<\/li>\n<li>Spendet Feuchtigkeit und unterst\u00fctzt Klarheit, Ausgeglichenheit und Widerstandsf\u00e4higkeit<\/li>\n<\/ul>\n<p><strong>Gr\u00f6\u00dfe: 100ml (reicht f\u00fcr ca. 2-3 Monate)  <\/strong><\/p>\n<p><em>Formuliert ohne: Synthetik, Tierversuche oder Kohlenstoff-Fu\u00dfabdruck<\/em><\/p>\n<h3>Wie zu verwenden<\/h3>\n<p>Schlie\u00dfen Sie die Augen und spr\u00fchen Sie es gro\u00dfz\u00fcgig ein &#8211; morgens, abends oder wann immer Sie einen Neustart brauchen. Lassen Sie sich vom Eukalyptus beleben und reinigen, damit sich Ihre Haut (und Ihre Stimmung) frisch und erneuert anf\u00fchlt. <\/p>\n<p><strong>Ideal f\u00fcr<\/strong><br \/>\nDiejenigen, die einen sanften, pflanzlichen Nebel suchen, um ihre Haut zu reinigen, zu straffen und mit Feuchtigkeit zu versorgen &#8211; besonders hilfreich bei fettiger, zu Unreinheiten neigender oder leicht reizbarer Haut.<\/p>\n<p><strong>100% Nat\u00fcrlich | Vegan | Grausamkeitsfrei | Kohlenstoffneutral <\/strong><\/p>\n<h2><strong>Nat\u00fcrliche \/ biologische Inhaltsstoffe <\/strong><\/h2>\n<p>Eucalyptus Radiata ist eine australische Pflanze, die f\u00fcr ihre nat\u00fcrlichen antibakteriellen und antimykotischen Eigenschaften bekannt ist. Sein k\u00fchlender und kl\u00e4render Charakter tr\u00e4gt zu einem klareren Hautbild bei, w\u00e4hrend Flavonoide antioxidativen Schutz bieten und die Sinne beruhigen. <\/p>\n<p>Zutaten: Wilder Eukalyptus Radiata, Daylesford Artesisches Quellwasser.<\/p>\n\n\t<section class=\"section\" id=\"section_474636642\">\n\t\t<div class=\"section-bg fill\" >\n\t\t\t\t\t\t\t\t\t\n\t\t\t\n\n\t\t<\/div>\n\n\t\t\n\n\t\t<div class=\"section-content relative\">\n\t\t\t\n\n<div class=\"row\"  id=\"row-1770763527\">\n\n\n\t<div id=\"col-155213158\" class=\"col small-12 large-12\"  >\n\t\t\t\t<div class=\"col-inner\"  >\n\t\t\t\n\t\t\t\n\n<h3>\u00dcber INBLUEM Skincare<\/h3>\n<hr>\n\n<div class=\"row\"  id=\"row-1354061702\">\n\n\n\t<div id=\"col-67662163\" class=\"col medium-9 small-12 large-9\"  >\n\t\t\t\t<div class=\"col-inner\"  >\n\t\t\t\n\t\t\t\n\n<p data-start=\"277\" data-end=\"732\">INBLUEM ist eine bewusst entwickelte Hautpflegemarke, die in <strong data-start=\"333\" data-end=\"357\">Byron Bay, Australien<\/strong>, auf <strong data-start=\"362\" data-end=\"381\">Bundjalung-Land<\/strong> entstanden ist. Gegr\u00fcndet von der Umweltingenieurin und Aktivistin <g id=\"gid_2\">Montana Lower<\/g>, wurde die Marke aus dem Wunsch heraus geschaffen, Hautpflege anzubieten, die wirklich mit der Natur im Einklang steht \u2013 sicher, ethisch und zutiefst n\u00e4hrend. Inspiriert durch ihre Schwangerschaft machte sich Montana daran, Rezepturen zu entwickeln, die sanft genug f\u00fcr Babys und dennoch wirksam genug sind, um die Haut jeden Alters zu unterst\u00fctzen.  <\/p>\n<p data-start=\"734\" data-end=\"1122\">Jedes INBLUEM-Produkt wird aus <strong data-start=\"769\" data-end=\"829\">biologischen, wild geernteten und regional bezogenen Inhaltsstoffen<\/strong> hergestellt \u2013 immer frei von Giftstoffen, synthetischen Zus\u00e4tzen und aggressiven Chemikalien. Die Marke folgt den Prinzipien der <g id=\"gid_1\">Biomimikry<\/g> und entwickelt Hautpflege, die im Einklang mit Ihrem K\u00f6rper und der Erde wirkt. Von den Farmen, mit denen sie zusammenarbeiten, bis hin zu den Verpackungen, die sie verwenden, ist Nachhaltigkeit in jeden Schritt eingewoben.  <\/p>\n<p data-start=\"1124\" data-end=\"1499\">INBLUEM ist stolz darauf, <strong data-start=\"1143\" data-end=\"1152\">vegan<\/strong> und <strong data-start=\"1154\" data-end=\"1197\">von Leaping Bunny als tierversuchsfrei zertifiziert<\/strong> zu sein und sich zu <strong data-start=\"1216\" data-end=\"1230\">fairen Handelspraktiken<\/strong> zu bekennen. Die Marke unterst\u00fctzt <g id=\"gid_3\">First Nations-Bauern<\/g> und w\u00fcrdigt die traditionellen H\u00fcter des Landes, auf dem sie arbeiten. Jedes Produkt spiegelt ihre Mission wider, die Sch\u00f6nheitsindustrie wieder zu beleben \u2013 mit Hautpflege, die sauber, bewusst und in Liebe verwurzelt ist.  <\/p>\n<p data-start=\"1501\" data-end=\"1636\">Dies ist mehr als nur Hautpflege. Dies ist eine R\u00fcckkehr zu dem, was am wichtigsten ist \u2013 <strong data-start=\"1569\" data-end=\"1636\">Ihrem Wohlbefinden, Ihren Werten und Ihrer Verbindung zur Erde.<\/strong> <\/p>\n\n\t\t<\/div>\n\t\t\t\t\t<\/div>\n\n\t\n\n\t<div id=\"col-1382197161\" class=\"col medium-3 small-12 large-3\"  >\n\t\t\t\t<div class=\"col-inner\"  >\n\t\t\t\n\t\t\t\n\n\t<div class=\"img has-hover x md-x lg-x y md-y lg-y\" id=\"image_1106928382\">\n\t\t\t\t\t\t\t\t<div class=\"img-inner dark\" >\n\t\t\t<img fetchpriority=\"high\" decoding=\"async\" width=\"640\" height=\"800\" src=\"https:\/\/dutchhealthstore.com\/wp-content\/uploads\/2025\/07\/inbluem-foto-small.jpg\" class=\"attachment-large size-large\" alt=\"\" srcset=\"https:\/\/dutchhealthstore.com\/wp-content\/uploads\/2025\/07\/inbluem-foto-small.jpg 640w, https:\/\/dutchhealthstore.com\/wp-content\/uploads\/2025\/07\/inbluem-foto-small-320x400.jpg 320w, https:\/\/dutchhealthstore.com\/wp-content\/uploads\/2025\/07\/inbluem-foto-small-40x50.jpg 40w, https:\/\/dutchhealthstore.com\/wp-content\/uploads\/2025\/07\/inbluem-foto-small-530x663.jpg 530w, https:\/\/dutchhealthstore.com\/wp-content\/uploads\/2025\/07\/inbluem-foto-small-64x80.jpg 64w\" sizes=\"(max-width: 640px) 100vw, 640px\" \/>\t\t\t\t\t\t\n\t\t\t\t\t<\/div>\n\t\t\t\t\t\t\t\t\n<style>\n#image_1106928382 {\n  width: 100%;\n}\n<\/style>\n\t<\/div>\n\t\n\n\n\t\t<\/div>\n\t\t\t\t\t<\/div>\n\n\t\n\n<\/div>\n\n\t\t<\/div>\n\t\t\t\t\t<\/div>\n\n\t\n\n<\/div>\n\n\t\t<\/div>\n\n\t\t\n<style>\n#section_474636642 {\n  padding-top: 30px;\n  padding-bottom: 30px;\n}\n<\/style>\n\t<\/section>\n\t\n","protected":false},"excerpt":{"rendered":"<p>Ein revitalisierender pflanzlicher Nebel, der Ihre Haut strafft, mit Feuchtigkeit versorgt und sie wieder ins Gleichgewicht bringt &#8211; mit wildem Eukalyptus Radiata und reinem artesischem Quellwasser f\u00fcr einen Moment der reinen Klarheit und Ruhe f\u00fcr Haut und Geist.<\/p>\n","protected":false},"featured_media":353538,"comment_status":"open","ping_status":"closed","template":"","meta":[],"product_brand":[],"product_cat":[1227,5064,5061,5669,14735,21377,1032,1210,5636,5062,5101,511,5864,5671,4663,5668,5670],"product_tag":[21361,9604,21396,21665],"class_list":{"0":"post-352680","1":"product","2":"type-product","3":"status-publish","4":"has-post-thumbnail","6":"product_cat-sensitive-skin-redness-de","7":"product_cat-sensitive-skin-redness-de-5","8":"product_cat-oily-skin-clogged-pores-de-5","9":"product_cat-oily-skin-clogged-pores-de","10":"product_cat-hautpflege","11":"product_cat-inbluem-de","12":"product_cat-kategorien","13":"product_cat-marken","14":"product_cat-normal-or-combination-skin-de-2","15":"product_cat-normal-or-combination-skin-de-6","16":"product_cat-by-skin-type-de-4","17":"product_cat-produkte","18":"product_cat-sun-outdoor-care-de-2","19":"product_cat-toners-de-2","20":"product_cat-toners-de-3","21":"product_cat-toners-de-5","22":"product_cat-toners-de-6","23":"product_tag-face-care-de","24":"product_tag-hydrating-de","25":"product_tag-reinigen","26":"product_tag-toner-de","27":"pa_brand-inbluem-de","28":"pa_size-100-ml-de","29":"pa_skincare-type-cleansers-de","30":"pa_skincare-type-moisturizers-de","31":"pa_skincare-type-toners-de","33":"first","34":"instock","35":"taxable","36":"shipping-taxable","37":"purchasable","38":"product-type-simple"},"bundled_by":[],"bundle_stock_status":"instock","bundle_stock_quantity":4,"bundle_virtual":false,"bundle_layout":"","bundle_add_to_cart_form_location":"","bundle_editable_in_cart":false,"bundle_sold_individually_context":"","bundle_item_grouping":"","bundle_min_size":"","bundle_max_size":"","bundle_price":[],"bundled_items":[],"bundle_sell_ids":[352703],"atum_controlled":true,"out_stock_date":null,"out_stock_threshold":null,"inheritable":false,"stock_on_hold":0,"sold_today":0,"sales_last_days":0,"out_stock_days":0,"lost_sales":0,"update_date":"2026-04-18T00:05:34","atum_locations":[],"atum_stock_status":"instock","restock_status":false,"low_stock_amount":"","sales_update_date":"2026-04-18T00:05:34","calc_backorders":null,"group_of_quantity":0,"min_quantity":0,"max_quantity":"","exclude_order_quantity_value_rules":"no","exclude_category_quantity_rules":"no","combine_variations":"no","yoast_head":"<!-- This site is optimized with the Yoast SEO Premium plugin v26.5 (Yoast SEO v26.5) - https:\/\/yoast.com\/wordpress\/plugins\/seo\/ -->\n<title>Bestellen Sie Hydrosoul - Cleansing &amp; Toning Mist im niederl\u00e4ndischen Reformhaus. Offizieller H\u00e4ndler &amp; schneller Versand<\/title>\n<meta name=\"description\" content=\"Ein revitalisierender pflanzlicher Nebel, der Ihre Haut strafft, mit Feuchtigkeit versorgt und sie wieder ins Gleichgewicht bringt - mit wildem Eukalyptus Radiata und reinem artesischem Quellwasser f\u00fcr einen Moment der reinen Klarheit und Ruhe f\u00fcr Haut und Geist.\" \/>\n<meta name=\"robots\" content=\"index, follow, max-snippet:-1, max-image-preview:large, max-video-preview:-1\" \/>\n<link rel=\"canonical\" href=\"https:\/\/dutchhealthstore.com\/de\/product\/hydrosoul-cleansing-toning-mist\/\" \/>\n<meta property=\"og:locale\" content=\"de_DE\" \/>\n<meta property=\"og:type\" content=\"article\" \/>\n<meta property=\"og:title\" content=\"Hydrosoul - Cleansing &amp; Toning Mist - Dutch Health Store\" \/>\n<meta property=\"og:description\" content=\"Ein revitalisierender pflanzlicher Nebel, der Ihre Haut strafft, mit Feuchtigkeit versorgt und sie wieder ins Gleichgewicht bringt - mit wildem Eukalyptus Radiata und reinem artesischem Quellwasser f\u00fcr einen Moment der reinen Klarheit und Ruhe f\u00fcr Haut und Geist.\" \/>\n<meta property=\"og:url\" content=\"https:\/\/dutchhealthstore.com\/de\/product\/hydrosoul-cleansing-toning-mist\/\" \/>\n<meta property=\"og:site_name\" content=\"Dutch Health Store\" \/>\n<meta property=\"article:publisher\" content=\"https:\/\/www.instagram.com\/dutchhealthstore\/\" \/>\n<meta property=\"article:modified_time\" content=\"2025-09-04T10:12:00+00:00\" \/>\n<meta property=\"og:image\" content=\"https:\/\/dutchhealthstore.com\/wp-content\/uploads\/2025\/08\/hydrosoul-1.jpg\" \/>\n\t<meta property=\"og:image:width\" content=\"730\" \/>\n\t<meta property=\"og:image:height\" content=\"730\" \/>\n\t<meta property=\"og:image:type\" content=\"image\/jpeg\" \/>\n<meta name=\"twitter:card\" content=\"summary_large_image\" \/>\n<meta name=\"twitter:label1\" content=\"Preis\" \/>\n\t<meta name=\"twitter:data1\" content=\"&euro;45,00\" \/>\n\t<meta name=\"twitter:label2\" content=\"Verf\u00fcgbarkeit\" \/>\n\t<meta name=\"twitter:data2\" content=\"Auf Lager\" \/>\n<script type=\"application\/ld+json\" class=\"yoast-schema-graph\">{\"@context\":\"https:\/\/schema.org\",\"@graph\":[{\"@type\":\"WebPage\",\"@id\":\"https:\/\/dutchhealthstore.com\/de\/product\/hydrosoul-cleansing-toning-mist\/\",\"url\":\"https:\/\/dutchhealthstore.com\/de\/product\/hydrosoul-cleansing-toning-mist\/\",\"name\":\"Bestellen Sie Hydrosoul - Cleansing &amp; Toning Mist im niederl\u00e4ndischen Reformhaus. Offizieller H\u00e4ndler & schneller Versand\",\"isPartOf\":{\"@id\":\"https:\/\/dutchhealthstore.com\/de\/#website\"},\"primaryImageOfPage\":{\"@id\":\"https:\/\/dutchhealthstore.com\/de\/product\/hydrosoul-cleansing-toning-mist\/#primaryimage\"},\"image\":{\"@id\":\"https:\/\/dutchhealthstore.com\/de\/product\/hydrosoul-cleansing-toning-mist\/#primaryimage\"},\"thumbnailUrl\":\"https:\/\/dutchhealthstore.com\/wp-content\/uploads\/2025\/08\/hydrosoul-1.jpg\",\"datePublished\":\"2025-08-14T07:06:11+00:00\",\"dateModified\":\"2025-09-04T10:12:00+00:00\",\"description\":\"Ein revitalisierender pflanzlicher Nebel, der Ihre Haut strafft, mit Feuchtigkeit versorgt und sie wieder ins Gleichgewicht bringt - mit wildem Eukalyptus Radiata und reinem artesischem Quellwasser f\u00fcr einen Moment der reinen Klarheit und Ruhe f\u00fcr Haut und Geist.\",\"breadcrumb\":{\"@id\":\"https:\/\/dutchhealthstore.com\/de\/product\/hydrosoul-cleansing-toning-mist\/#breadcrumb\"},\"inLanguage\":\"de\",\"potentialAction\":[{\"@type\":\"ReadAction\",\"target\":[\"https:\/\/dutchhealthstore.com\/de\/product\/hydrosoul-cleansing-toning-mist\/\"]}]},{\"@type\":\"ImageObject\",\"inLanguage\":\"de\",\"@id\":\"https:\/\/dutchhealthstore.com\/de\/product\/hydrosoul-cleansing-toning-mist\/#primaryimage\",\"url\":\"https:\/\/dutchhealthstore.com\/wp-content\/uploads\/2025\/08\/hydrosoul-1.jpg\",\"contentUrl\":\"https:\/\/dutchhealthstore.com\/wp-content\/uploads\/2025\/08\/hydrosoul-1.jpg\",\"width\":730,\"height\":730},{\"@type\":\"BreadcrumbList\",\"@id\":\"https:\/\/dutchhealthstore.com\/de\/product\/hydrosoul-cleansing-toning-mist\/#breadcrumb\",\"itemListElement\":[{\"@type\":\"ListItem\",\"position\":1,\"name\":\"Home\",\"item\":\"https:\/\/dutchhealthstore.com\/de\/\"},{\"@type\":\"ListItem\",\"position\":2,\"name\":\"Shop\",\"item\":\"https:\/\/dutchhealthstore.com\/de\/shop-2\/\"},{\"@type\":\"ListItem\",\"position\":3,\"name\":\"Hydrosoul &#8211; Cleansing &amp; Toning Mist\"}]},{\"@type\":\"WebSite\",\"@id\":\"https:\/\/dutchhealthstore.com\/de\/#website\",\"url\":\"https:\/\/dutchhealthstore.com\/de\/\",\"name\":\"Dutch Health Store\",\"description\":\"Enhance Your Beauty with Organic &amp; Natural Skincare\",\"publisher\":{\"@id\":\"https:\/\/dutchhealthstore.com\/de\/#organization\"},\"potentialAction\":[{\"@type\":\"SearchAction\",\"target\":{\"@type\":\"EntryPoint\",\"urlTemplate\":\"https:\/\/dutchhealthstore.com\/de\/?s={search_term_string}\"},\"query-input\":{\"@type\":\"PropertyValueSpecification\",\"valueRequired\":true,\"valueName\":\"search_term_string\"}}],\"inLanguage\":\"de\"},{\"@type\":\"Organization\",\"@id\":\"https:\/\/dutchhealthstore.com\/de\/#organization\",\"name\":\"Dutch Health Store\",\"url\":\"https:\/\/dutchhealthstore.com\/de\/\",\"logo\":{\"@type\":\"ImageObject\",\"inLanguage\":\"de\",\"@id\":\"https:\/\/dutchhealthstore.com\/de\/#\/schema\/logo\/image\/\",\"url\":\"https:\/\/dutchhealthstore.com\/wp-content\/uploads\/2020\/08\/logo-dutchhealthstore-jpg-e1599484957574.jpg\",\"contentUrl\":\"https:\/\/dutchhealthstore.com\/wp-content\/uploads\/2020\/08\/logo-dutchhealthstore-jpg-e1599484957574.jpg\",\"width\":400,\"height\":62,\"caption\":\"Dutch Health Store\"},\"image\":{\"@id\":\"https:\/\/dutchhealthstore.com\/de\/#\/schema\/logo\/image\/\"},\"sameAs\":[\"https:\/\/www.instagram.com\/dutchhealthstore\/\",\"https:\/\/www.facebook.com\/dutchhealthstore\"]}]}<\/script>\n<meta property=\"product:brand\" content=\"INBLUEM\" \/>\n<meta property=\"product:price:amount\" content=\"45.00\" \/>\n<meta property=\"product:price:currency\" content=\"EUR\" \/>\n<meta property=\"og:availability\" content=\"instock\" \/>\n<meta property=\"product:availability\" content=\"instock\" \/>\n<meta property=\"product:condition\" content=\"new\" \/>\n<!-- \/ Yoast SEO Premium plugin. -->","yoast_head_json":{"title":"Bestellen Sie Hydrosoul - Cleansing &amp; Toning Mist im niederl\u00e4ndischen Reformhaus. Offizieller H\u00e4ndler & schneller Versand","description":"Ein revitalisierender pflanzlicher Nebel, der Ihre Haut strafft, mit Feuchtigkeit versorgt und sie wieder ins Gleichgewicht bringt - mit wildem Eukalyptus Radiata und reinem artesischem Quellwasser f\u00fcr einen Moment der reinen Klarheit und Ruhe f\u00fcr Haut und Geist.","robots":{"index":"index","follow":"follow","max-snippet":"max-snippet:-1","max-image-preview":"max-image-preview:large","max-video-preview":"max-video-preview:-1"},"canonical":"https:\/\/dutchhealthstore.com\/de\/product\/hydrosoul-cleansing-toning-mist\/","og_locale":"de_DE","og_type":"article","og_title":"Hydrosoul - Cleansing &amp; Toning Mist - Dutch Health Store","og_description":"Ein revitalisierender pflanzlicher Nebel, der Ihre Haut strafft, mit Feuchtigkeit versorgt und sie wieder ins Gleichgewicht bringt - mit wildem Eukalyptus Radiata und reinem artesischem Quellwasser f\u00fcr einen Moment der reinen Klarheit und Ruhe f\u00fcr Haut und Geist.","og_url":"https:\/\/dutchhealthstore.com\/de\/product\/hydrosoul-cleansing-toning-mist\/","og_site_name":"Dutch Health Store","article_publisher":"https:\/\/www.instagram.com\/dutchhealthstore\/","article_modified_time":"2025-09-04T10:12:00+00:00","og_image":[{"width":730,"height":730,"url":"https:\/\/dutchhealthstore.com\/wp-content\/uploads\/2025\/08\/hydrosoul-1.jpg","type":"image\/jpeg"}],"twitter_card":"summary_large_image","twitter_misc":{"Preis":"&euro;45,00","Verf\u00fcgbarkeit":"Auf Lager"},"schema":{"@context":"https:\/\/schema.org","@graph":[{"@type":"WebPage","@id":"https:\/\/dutchhealthstore.com\/de\/product\/hydrosoul-cleansing-toning-mist\/","url":"https:\/\/dutchhealthstore.com\/de\/product\/hydrosoul-cleansing-toning-mist\/","name":"Bestellen Sie Hydrosoul - Cleansing &amp; Toning Mist im niederl\u00e4ndischen Reformhaus. Offizieller H\u00e4ndler & schneller Versand","isPartOf":{"@id":"https:\/\/dutchhealthstore.com\/de\/#website"},"primaryImageOfPage":{"@id":"https:\/\/dutchhealthstore.com\/de\/product\/hydrosoul-cleansing-toning-mist\/#primaryimage"},"image":{"@id":"https:\/\/dutchhealthstore.com\/de\/product\/hydrosoul-cleansing-toning-mist\/#primaryimage"},"thumbnailUrl":"https:\/\/dutchhealthstore.com\/wp-content\/uploads\/2025\/08\/hydrosoul-1.jpg","datePublished":"2025-08-14T07:06:11+00:00","dateModified":"2025-09-04T10:12:00+00:00","description":"Ein revitalisierender pflanzlicher Nebel, der Ihre Haut strafft, mit Feuchtigkeit versorgt und sie wieder ins Gleichgewicht bringt - mit wildem Eukalyptus Radiata und reinem artesischem Quellwasser f\u00fcr einen Moment der reinen Klarheit und Ruhe f\u00fcr Haut und Geist.","breadcrumb":{"@id":"https:\/\/dutchhealthstore.com\/de\/product\/hydrosoul-cleansing-toning-mist\/#breadcrumb"},"inLanguage":"de","potentialAction":[{"@type":"ReadAction","target":["https:\/\/dutchhealthstore.com\/de\/product\/hydrosoul-cleansing-toning-mist\/"]}]},{"@type":"ImageObject","inLanguage":"de","@id":"https:\/\/dutchhealthstore.com\/de\/product\/hydrosoul-cleansing-toning-mist\/#primaryimage","url":"https:\/\/dutchhealthstore.com\/wp-content\/uploads\/2025\/08\/hydrosoul-1.jpg","contentUrl":"https:\/\/dutchhealthstore.com\/wp-content\/uploads\/2025\/08\/hydrosoul-1.jpg","width":730,"height":730},{"@type":"BreadcrumbList","@id":"https:\/\/dutchhealthstore.com\/de\/product\/hydrosoul-cleansing-toning-mist\/#breadcrumb","itemListElement":[{"@type":"ListItem","position":1,"name":"Home","item":"https:\/\/dutchhealthstore.com\/de\/"},{"@type":"ListItem","position":2,"name":"Shop","item":"https:\/\/dutchhealthstore.com\/de\/shop-2\/"},{"@type":"ListItem","position":3,"name":"Hydrosoul &#8211; Cleansing &amp; Toning Mist"}]},{"@type":"WebSite","@id":"https:\/\/dutchhealthstore.com\/de\/#website","url":"https:\/\/dutchhealthstore.com\/de\/","name":"Dutch Health Store","description":"Enhance Your Beauty with Organic &amp; Natural Skincare","publisher":{"@id":"https:\/\/dutchhealthstore.com\/de\/#organization"},"potentialAction":[{"@type":"SearchAction","target":{"@type":"EntryPoint","urlTemplate":"https:\/\/dutchhealthstore.com\/de\/?s={search_term_string}"},"query-input":{"@type":"PropertyValueSpecification","valueRequired":true,"valueName":"search_term_string"}}],"inLanguage":"de"},{"@type":"Organization","@id":"https:\/\/dutchhealthstore.com\/de\/#organization","name":"Dutch Health Store","url":"https:\/\/dutchhealthstore.com\/de\/","logo":{"@type":"ImageObject","inLanguage":"de","@id":"https:\/\/dutchhealthstore.com\/de\/#\/schema\/logo\/image\/","url":"https:\/\/dutchhealthstore.com\/wp-content\/uploads\/2020\/08\/logo-dutchhealthstore-jpg-e1599484957574.jpg","contentUrl":"https:\/\/dutchhealthstore.com\/wp-content\/uploads\/2020\/08\/logo-dutchhealthstore-jpg-e1599484957574.jpg","width":400,"height":62,"caption":"Dutch Health Store"},"image":{"@id":"https:\/\/dutchhealthstore.com\/de\/#\/schema\/logo\/image\/"},"sameAs":["https:\/\/www.instagram.com\/dutchhealthstore\/","https:\/\/www.facebook.com\/dutchhealthstore"]}]},"product_brand":"INBLUEM","product_price_amount":"45.00","product_price_currency":"EUR","og_availability":"instock","product_availability":"instock","product_condition":"new"},"_links":{"self":[{"href":"https:\/\/dutchhealthstore.com\/de\/wp-json\/wp\/v2\/product\/352680","targetHints":{"allow":["GET"]}}],"collection":[{"href":"https:\/\/dutchhealthstore.com\/de\/wp-json\/wp\/v2\/product"}],"about":[{"href":"https:\/\/dutchhealthstore.com\/de\/wp-json\/wp\/v2\/types\/product"}],"replies":[{"embeddable":true,"href":"https:\/\/dutchhealthstore.com\/de\/wp-json\/wp\/v2\/comments?post=352680"}],"wp:featuredmedia":[{"embeddable":true,"href":"https:\/\/dutchhealthstore.com\/de\/wp-json\/wp\/v2\/media\/353538"}],"wp:attachment":[{"href":"https:\/\/dutchhealthstore.com\/de\/wp-json\/wp\/v2\/media?parent=352680"}],"wp:term":[{"taxonomy":"product_brand","embeddable":true,"href":"https:\/\/dutchhealthstore.com\/de\/wp-json\/wp\/v2\/product_brand?post=352680"},{"taxonomy":"product_cat","embeddable":true,"href":"https:\/\/dutchhealthstore.com\/de\/wp-json\/wp\/v2\/product_cat?post=352680"},{"taxonomy":"product_tag","embeddable":true,"href":"https:\/\/dutchhealthstore.com\/de\/wp-json\/wp\/v2\/product_tag?post=352680"}],"curies":[{"name":"wp","href":"https:\/\/api.w.org\/{rel}","templated":true}]}}