{"id":352674,"date":"2025-08-14T08:56:25","date_gmt":"2025-08-14T06:56:25","guid":{"rendered":"https:\/\/dutchhealthstore.com\/product\/konjac-plant-exfoliating-sponge\/"},"modified":"2026-02-06T17:12:25","modified_gmt":"2026-02-06T16:12:25","slug":"konjac-plant-exfoliating-sponge","status":"publish","type":"product","link":"https:\/\/dutchhealthstore.com\/de\/product\/konjac-plant-exfoliating-sponge\/","title":{"rendered":"Konjac Plant Exfoliating Sponge"},"content":{"rendered":"<p>Hergestellt aus 100% biologisch abbaubarer Konjac-Wurzel und angereichert mit hautfreundlichen Antioxidantien, poliert es sanft und erh\u00e4lt gleichzeitig die nat\u00fcrliche Barriere Ihrer Haut.<\/p>\n<h3>Wichtigste Vorteile<\/h3>\n<ul>\n<li>Entfernt sanft abgestorbene Hautzellen und Ablagerungen an der Oberfl\u00e4che<\/li>\n<li>F\u00f6rdert die gesunde Erneuerung der Haut und sorgt f\u00fcr ein weiches, geschmeidiges Gef\u00fchl<\/li>\n<li>Hilft, die Poren zu \u00f6ffnen und die Haut zu kl\u00e4ren<\/li>\n<li>Gleicht \u00d6l aus und reinigt, ohne zu sehr auszutrocknen<\/li>\n<li>Sicher f\u00fcr die t\u00e4gliche Anwendung &#8211; selbst bei empfindlicher Haut<\/li>\n<\/ul>\n<p><em>100% Nat\u00fcrlich | Vegan | Grausamkeitsfrei | Kohlenstoffneutral<\/em><\/p>\n<h3>Wie zu verwenden<\/h3>\n<p>Weichen Sie es in warmem Wasser ein, bis es ganz weich ist. Gleiten Sie in sanft kreisenden Bewegungen \u00fcber die feuchte Haut. Sp\u00fclen Sie sie gr\u00fcndlich aus und h\u00e4ngen Sie sie nach jeder Anwendung zum Trocknen auf. Ersetzen Sie das Tuch alle 6-8 Wochen.   <\/p>\n<p>&nbsp;<\/p>\n<p>&nbsp;<\/p>\n<div style=\"width: 864px;\" class=\"wp-video\"><!--[if lt IE 9]><script>document.createElement('video');<\/script><![endif]-->\n<video class=\"wp-video-shortcode\" id=\"video-352674-1\" width=\"864\" height=\"1080\" preload=\"metadata\" controls=\"controls\"><source type=\"video\/mp4\" src=\"https:\/\/dutchhealthstore.com\/wp-content\/uploads\/2025\/07\/7280efac248a43238cf50f13d6b2dc8a.HD-1080p-7.2Mbps-18747271-1.mp4?_=1\" \/><a href=\"https:\/\/dutchhealthstore.com\/wp-content\/uploads\/2025\/07\/7280efac248a43238cf50f13d6b2dc8a.HD-1080p-7.2Mbps-18747271-1.mp4\">https:\/\/dutchhealthstore.com\/wp-content\/uploads\/2025\/07\/7280efac248a43238cf50f13d6b2dc8a.HD-1080p-7.2Mbps-18747271-1.mp4<\/a><\/video><\/div>\n<p><strong>Ideal f\u00fcr<\/strong><br \/>\nJeder, der eine sanfte, umweltfreundliche Alternative zu scharfen Peelings oder synthetischen Reinigungsmitteln sucht. Perfekt f\u00fcr empfindliche, zu Akne neigende oder minimalistische Routinen. <\/p>\n<h3>Verf\u00fcgbare Varianten<\/h3>\n<p><strong>Green Tea\/Gr\u00fcner Tee<\/strong> &#8211; F\u00fcr empfindliche Haut. Nat\u00fcrlich beruhigend und reich an Antioxidantien f\u00fcr Schutz und Reparatur. <\/p>\n<p><strong>Pink Clay\/Rosa Tonerde<\/strong> &#8211; F\u00fcr normale Haut. Reinigt sanft und unterst\u00fctzt die Elastizit\u00e4t und Erneuerung der Haut. <\/p>\n<p><strong>Charcoal\/Holzkohle<\/strong> &#8211; F\u00fcr fettige oder zu Unreinheiten neigende Haut. Entgiftet tief, verfeinert die Poren und gleicht \u00fcbersch\u00fcssiges \u00d6l aus. <\/p>\n<h2><strong>Nat\u00fcrliche \/ biologische Inhaltsstoffe <\/strong><\/h2>\n<p>Hergestellt aus 100% zertifizierter biologischer Konjakwurzel, einer por\u00f6sen Pflanzenfaser, die aus der asiatischen Konjakpflanze gewonnen wird und f\u00fcr ihre sanften Reinigungseigenschaften bekannt ist. Jeder Schwamm ist mit nat\u00fcrlichen Wirkstoffen angereichert &#8211; Gr\u00fcner Tee, franz\u00f6sische rosa Tonerde oder Aktivkohle, um die spezifischen Bed\u00fcrfnisse der Haut zu unterst\u00fctzen. <\/p>\n<p>Zutaten: 100% zertifizierte biologische Konjakwurzel mit gr\u00fcnem Tee, franz\u00f6sischer Tonerde oder Aktivkohle infundiert.<\/p>\n\n\t<section class=\"section\" id=\"section_382154987\">\n\t\t<div class=\"section-bg fill\" >\n\t\t\t\t\t\t\t\t\t\n\t\t\t\n\n\t\t<\/div>\n\n\t\t\n\n\t\t<div class=\"section-content relative\">\n\t\t\t\n\n<div class=\"row\"  id=\"row-216537844\">\n\n\n\t<div id=\"col-442612123\" class=\"col small-12 large-12\"  >\n\t\t\t\t<div class=\"col-inner\"  >\n\t\t\t\n\t\t\t\n\n<h3>\u00dcber INBLUEM Skincare<\/h3>\n<hr>\n\n<div class=\"row\"  id=\"row-578691838\">\n\n\n\t<div id=\"col-191617988\" class=\"col medium-9 small-12 large-9\"  >\n\t\t\t\t<div class=\"col-inner\"  >\n\t\t\t\n\t\t\t\n\n<p data-start=\"277\" data-end=\"732\">INBLUEM ist eine bewusst entwickelte Hautpflegemarke, die in <strong data-start=\"333\" data-end=\"357\">Byron Bay, Australien<\/strong>, auf <strong data-start=\"362\" data-end=\"381\">Bundjalung-Land<\/strong> entstanden ist. Gegr\u00fcndet von der Umweltingenieurin und Aktivistin <g id=\"gid_2\">Montana Lower<\/g>, wurde die Marke aus dem Wunsch heraus geschaffen, Hautpflege anzubieten, die wirklich mit der Natur im Einklang steht \u2013 sicher, ethisch und zutiefst n\u00e4hrend. Inspiriert durch ihre Schwangerschaft machte sich Montana daran, Rezepturen zu entwickeln, die sanft genug f\u00fcr Babys und dennoch wirksam genug sind, um die Haut jeden Alters zu unterst\u00fctzen.  <\/p>\n<p data-start=\"734\" data-end=\"1122\">Jedes INBLUEM-Produkt wird aus <strong data-start=\"769\" data-end=\"829\">biologischen, wild geernteten und regional bezogenen Inhaltsstoffen<\/strong> hergestellt \u2013 immer frei von Giftstoffen, synthetischen Zus\u00e4tzen und aggressiven Chemikalien. Die Marke folgt den Prinzipien der <g id=\"gid_1\">Biomimikry<\/g> und entwickelt Hautpflege, die im Einklang mit Ihrem K\u00f6rper und der Erde wirkt. Von den Farmen, mit denen sie zusammenarbeiten, bis hin zu den Verpackungen, die sie verwenden, ist Nachhaltigkeit in jeden Schritt eingewoben.  <\/p>\n<p data-start=\"1124\" data-end=\"1499\">INBLUEM ist stolz darauf, <strong data-start=\"1143\" data-end=\"1152\">vegan<\/strong> und <strong data-start=\"1154\" data-end=\"1197\">von Leaping Bunny als tierversuchsfrei zertifiziert<\/strong> zu sein und sich zu <strong data-start=\"1216\" data-end=\"1230\">fairen Handelspraktiken<\/strong> zu bekennen. Die Marke unterst\u00fctzt <g id=\"gid_3\">First Nations-Bauern<\/g> und w\u00fcrdigt die traditionellen H\u00fcter des Landes, auf dem sie arbeiten. Jedes Produkt spiegelt ihre Mission wider, die Sch\u00f6nheitsindustrie wieder zu beleben \u2013 mit Hautpflege, die sauber, bewusst und in Liebe verwurzelt ist.  <\/p>\n<p data-start=\"1501\" data-end=\"1636\">Dies ist mehr als nur Hautpflege. Dies ist eine R\u00fcckkehr zu dem, was am wichtigsten ist \u2013 <strong data-start=\"1569\" data-end=\"1636\">Ihrem Wohlbefinden, Ihren Werten und Ihrer Verbindung zur Erde.<\/strong> <\/p>\n\n\t\t<\/div>\n\t\t\t\t\t<\/div>\n\n\t\n\n\t<div id=\"col-569102817\" class=\"col medium-3 small-12 large-3\"  >\n\t\t\t\t<div class=\"col-inner\"  >\n\t\t\t\n\t\t\t\n\n\t<div class=\"img has-hover x md-x lg-x y md-y lg-y\" id=\"image_520190734\">\n\t\t\t\t\t\t\t\t<div class=\"img-inner dark\" >\n\t\t\t<img fetchpriority=\"high\" decoding=\"async\" width=\"640\" height=\"800\" src=\"https:\/\/dutchhealthstore.com\/wp-content\/uploads\/2025\/07\/inbluem-foto-small.jpg\" class=\"attachment-large size-large\" alt=\"\" srcset=\"https:\/\/dutchhealthstore.com\/wp-content\/uploads\/2025\/07\/inbluem-foto-small.jpg 640w, https:\/\/dutchhealthstore.com\/wp-content\/uploads\/2025\/07\/inbluem-foto-small-320x400.jpg 320w, https:\/\/dutchhealthstore.com\/wp-content\/uploads\/2025\/07\/inbluem-foto-small-40x50.jpg 40w, https:\/\/dutchhealthstore.com\/wp-content\/uploads\/2025\/07\/inbluem-foto-small-530x663.jpg 530w, https:\/\/dutchhealthstore.com\/wp-content\/uploads\/2025\/07\/inbluem-foto-small-64x80.jpg 64w\" sizes=\"(max-width: 640px) 100vw, 640px\" \/>\t\t\t\t\t\t\n\t\t\t\t\t<\/div>\n\t\t\t\t\t\t\t\t\n<style>\n#image_520190734 {\n  width: 100%;\n}\n<\/style>\n\t<\/div>\n\t\n\n\n\t\t<\/div>\n\t\t\t\t\t<\/div>\n\n\t\n\n<\/div>\n\n\t\t<\/div>\n\t\t\t\t\t<\/div>\n\n\t\n\n<\/div>\n\n\t\t<\/div>\n\n\t\t\n<style>\n#section_382154987 {\n  padding-top: 30px;\n  padding-bottom: 30px;\n}\n<\/style>\n\t<\/section>\n\t\n","protected":false},"excerpt":{"rendered":"<p>Ein weicher Schwamm auf pflanzlicher Basis, der Ihre Haut reinigt, peelt und wieder ins Gleichgewicht bringt &#8211; nur mit Wasser.<\/p>\n","protected":false},"featured_media":349790,"comment_status":"open","ping_status":"closed","template":"","meta":[],"product_brand":[],"product_cat":[1227,5633,5071,5068,5669,5678,14735,21377,1032,1210,5637,5638,1119,5635,5679,5636,4985,5632,21011,5101,511,4983,13175,5634,4984,5631],"product_tag":[9629,21361,21396,21440],"class_list":{"0":"post-352674","1":"product","2":"type-product","3":"status-publish","4":"has-post-thumbnail","6":"product_cat-sensitive-skin-redness-de","7":"product_cat-sensitive-skin-redness-de-2","8":"product_cat-sensitive-skin-redness-de-6","9":"product_cat-oily-skin-clogged-pores-de-7","10":"product_cat-oily-skin-clogged-pores-de","11":"product_cat-oily-skin-clogged-pores-de-2","12":"product_cat-hautpflege","13":"product_cat-inbluem-de","14":"product_cat-kategorien","15":"product_cat-marken","16":"product_cat-masks-scrubs-exfoliators-de","17":"product_cat-masks-scrubs-exfoliators-de-4","18":"product_cat-masks-scrubs-exfoliators-de-5","19":"product_cat-masks-scrubs-exfoliators-de-6","20":"product_cat-masks-scrubs-exfoliators-de-2","21":"product_cat-normal-or-combination-skin-de-2","22":"product_cat-normal-or-combination-skin-de-7","23":"product_cat-normal-or-combination-skin-de","24":"product_cat-peelings-peelingsalben","25":"product_cat-by-skin-type-de-4","26":"product_cat-produkte","27":"product_cat-cleansers-de-de-3","28":"product_cat-skincare-de-2","29":"product_cat-dry-mature-ageing-skin-de-2","30":"product_cat-dry-mature-ageing-skin-de-7","31":"product_cat-dry-mature-ageing-skin-de","32":"product_tag-exfoliator-de","33":"product_tag-face-care-de","34":"product_tag-reinigen","35":"product_tag-werkzeuge","36":"pa_brand-inbluem-de","37":"pa_colo-charcoal-de","38":"pa_colo-green-tea-de","39":"pa_colo-pink-clay-de","41":"first","42":"instock","43":"taxable","44":"shipping-taxable","45":"purchasable","46":"product-type-variable"},"bundled_by":[],"bundle_stock_status":"instock","bundle_stock_quantity":null,"bundle_virtual":false,"bundle_layout":"","bundle_add_to_cart_form_location":"","bundle_editable_in_cart":false,"bundle_sold_individually_context":"","bundle_item_grouping":"","bundle_min_size":"","bundle_max_size":"","bundle_price":[],"bundled_items":[],"bundle_sell_ids":[107698],"atum_controlled":true,"out_stock_date":null,"out_stock_threshold":null,"inheritable":true,"stock_on_hold":0,"sold_today":0,"sales_last_days":0,"out_stock_days":0,"lost_sales":0,"update_date":"2026-04-25T00:11:30","atum_locations":[],"atum_stock_status":"instock","restock_status":false,"low_stock_amount":"","sales_update_date":"2026-04-25T00:11:29","calc_backorders":null,"group_of_quantity":0,"min_quantity":0,"max_quantity":"","exclude_order_quantity_value_rules":"no","exclude_category_quantity_rules":"no","combine_variations":"no","yoast_head":"<!-- This site is optimized with the Yoast SEO Premium plugin v26.5 (Yoast SEO v26.5) - https:\/\/yoast.com\/wordpress\/plugins\/seo\/ -->\n<title>- Inbluem<\/title>\n<meta name=\"description\" content=\"Ein weicher Schwamm auf pflanzlicher Basis, der Ihre Haut reinigt, peelt und wieder ins Gleichgewicht bringt - nur mit Wasser.\" \/>\n<meta name=\"robots\" content=\"index, follow, max-snippet:-1, max-image-preview:large, max-video-preview:-1\" \/>\n<link rel=\"canonical\" href=\"https:\/\/dutchhealthstore.com\/de\/product\/konjac-plant-exfoliating-sponge\/\" \/>\n<meta property=\"og:locale\" content=\"de_DE\" \/>\n<meta property=\"og:type\" content=\"article\" \/>\n<meta property=\"og:title\" content=\"Konjac Plant Exfoliating Sponge - Dutch Health Store\" \/>\n<meta property=\"og:description\" content=\"Ein weicher Schwamm auf pflanzlicher Basis, der Ihre Haut reinigt, peelt und wieder ins Gleichgewicht bringt - nur mit Wasser.\" \/>\n<meta property=\"og:url\" content=\"https:\/\/dutchhealthstore.com\/de\/product\/konjac-plant-exfoliating-sponge\/\" \/>\n<meta property=\"og:site_name\" content=\"Dutch Health Store\" \/>\n<meta property=\"article:publisher\" content=\"https:\/\/www.instagram.com\/dutchhealthstore\/\" \/>\n<meta property=\"article:modified_time\" content=\"2026-02-06T16:12:25+00:00\" \/>\n<meta property=\"og:image\" content=\"https:\/\/dutchhealthstore.com\/wp-content\/uploads\/2025\/07\/inbluem-sponges.jpg\" \/>\n\t<meta property=\"og:image:width\" content=\"530\" \/>\n\t<meta property=\"og:image:height\" content=\"530\" \/>\n\t<meta property=\"og:image:type\" content=\"image\/jpeg\" \/>\n<meta name=\"twitter:card\" content=\"summary_large_image\" \/>\n<meta name=\"twitter:label1\" content=\"Verf\u00fcgbarkeit\" \/>\n\t<meta name=\"twitter:data1\" content=\"Auf Lager\" \/>\n<script type=\"application\/ld+json\" class=\"yoast-schema-graph\">{\"@context\":\"https:\/\/schema.org\",\"@graph\":[{\"@type\":\"WebPage\",\"@id\":\"https:\/\/dutchhealthstore.com\/de\/product\/konjac-plant-exfoliating-sponge\/\",\"url\":\"https:\/\/dutchhealthstore.com\/de\/product\/konjac-plant-exfoliating-sponge\/\",\"name\":\"- Inbluem\",\"isPartOf\":{\"@id\":\"https:\/\/dutchhealthstore.com\/de\/#website\"},\"primaryImageOfPage\":{\"@id\":\"https:\/\/dutchhealthstore.com\/de\/product\/konjac-plant-exfoliating-sponge\/#primaryimage\"},\"image\":{\"@id\":\"https:\/\/dutchhealthstore.com\/de\/product\/konjac-plant-exfoliating-sponge\/#primaryimage\"},\"thumbnailUrl\":\"https:\/\/dutchhealthstore.com\/wp-content\/uploads\/2025\/07\/inbluem-sponges.jpg\",\"datePublished\":\"2025-08-14T06:56:25+00:00\",\"dateModified\":\"2026-02-06T16:12:25+00:00\",\"description\":\"Ein weicher Schwamm auf pflanzlicher Basis, der Ihre Haut reinigt, peelt und wieder ins Gleichgewicht bringt - nur mit Wasser.\",\"breadcrumb\":{\"@id\":\"https:\/\/dutchhealthstore.com\/de\/product\/konjac-plant-exfoliating-sponge\/#breadcrumb\"},\"inLanguage\":\"de\",\"potentialAction\":[{\"@type\":\"ReadAction\",\"target\":[\"https:\/\/dutchhealthstore.com\/de\/product\/konjac-plant-exfoliating-sponge\/\"]}]},{\"@type\":\"ImageObject\",\"inLanguage\":\"de\",\"@id\":\"https:\/\/dutchhealthstore.com\/de\/product\/konjac-plant-exfoliating-sponge\/#primaryimage\",\"url\":\"https:\/\/dutchhealthstore.com\/wp-content\/uploads\/2025\/07\/inbluem-sponges.jpg\",\"contentUrl\":\"https:\/\/dutchhealthstore.com\/wp-content\/uploads\/2025\/07\/inbluem-sponges.jpg\",\"width\":530,\"height\":530,\"caption\":\"inbluem-sponges\"},{\"@type\":\"BreadcrumbList\",\"@id\":\"https:\/\/dutchhealthstore.com\/de\/product\/konjac-plant-exfoliating-sponge\/#breadcrumb\",\"itemListElement\":[{\"@type\":\"ListItem\",\"position\":1,\"name\":\"Home\",\"item\":\"https:\/\/dutchhealthstore.com\/de\/\"},{\"@type\":\"ListItem\",\"position\":2,\"name\":\"Shop\",\"item\":\"https:\/\/dutchhealthstore.com\/de\/shop-2\/\"},{\"@type\":\"ListItem\",\"position\":3,\"name\":\"Konjac Plant Exfoliating Sponge\"}]},{\"@type\":\"WebSite\",\"@id\":\"https:\/\/dutchhealthstore.com\/de\/#website\",\"url\":\"https:\/\/dutchhealthstore.com\/de\/\",\"name\":\"Dutch Health Store\",\"description\":\"Enhance Your Beauty with Organic &amp; Natural Skincare\",\"publisher\":{\"@id\":\"https:\/\/dutchhealthstore.com\/de\/#organization\"},\"potentialAction\":[{\"@type\":\"SearchAction\",\"target\":{\"@type\":\"EntryPoint\",\"urlTemplate\":\"https:\/\/dutchhealthstore.com\/de\/?s={search_term_string}\"},\"query-input\":{\"@type\":\"PropertyValueSpecification\",\"valueRequired\":true,\"valueName\":\"search_term_string\"}}],\"inLanguage\":\"de\"},{\"@type\":\"Organization\",\"@id\":\"https:\/\/dutchhealthstore.com\/de\/#organization\",\"name\":\"Dutch Health Store\",\"url\":\"https:\/\/dutchhealthstore.com\/de\/\",\"logo\":{\"@type\":\"ImageObject\",\"inLanguage\":\"de\",\"@id\":\"https:\/\/dutchhealthstore.com\/de\/#\/schema\/logo\/image\/\",\"url\":\"https:\/\/dutchhealthstore.com\/wp-content\/uploads\/2020\/08\/logo-dutchhealthstore-jpg-e1599484957574.jpg\",\"contentUrl\":\"https:\/\/dutchhealthstore.com\/wp-content\/uploads\/2020\/08\/logo-dutchhealthstore-jpg-e1599484957574.jpg\",\"width\":400,\"height\":62,\"caption\":\"Dutch Health Store\"},\"image\":{\"@id\":\"https:\/\/dutchhealthstore.com\/de\/#\/schema\/logo\/image\/\"},\"sameAs\":[\"https:\/\/www.instagram.com\/dutchhealthstore\/\",\"https:\/\/www.facebook.com\/dutchhealthstore\"]}]}<\/script>\n<meta property=\"product:brand\" content=\"INBLUEM\" \/>\n<meta property=\"og:availability\" content=\"instock\" \/>\n<meta property=\"product:availability\" content=\"instock\" \/>\n<meta property=\"product:condition\" content=\"new\" \/>\n<!-- \/ Yoast SEO Premium plugin. -->","yoast_head_json":{"title":"- Inbluem","description":"Ein weicher Schwamm auf pflanzlicher Basis, der Ihre Haut reinigt, peelt und wieder ins Gleichgewicht bringt - nur mit Wasser.","robots":{"index":"index","follow":"follow","max-snippet":"max-snippet:-1","max-image-preview":"max-image-preview:large","max-video-preview":"max-video-preview:-1"},"canonical":"https:\/\/dutchhealthstore.com\/de\/product\/konjac-plant-exfoliating-sponge\/","og_locale":"de_DE","og_type":"article","og_title":"Konjac Plant Exfoliating Sponge - Dutch Health Store","og_description":"Ein weicher Schwamm auf pflanzlicher Basis, der Ihre Haut reinigt, peelt und wieder ins Gleichgewicht bringt - nur mit Wasser.","og_url":"https:\/\/dutchhealthstore.com\/de\/product\/konjac-plant-exfoliating-sponge\/","og_site_name":"Dutch Health Store","article_publisher":"https:\/\/www.instagram.com\/dutchhealthstore\/","article_modified_time":"2026-02-06T16:12:25+00:00","og_image":[{"width":530,"height":530,"url":"https:\/\/dutchhealthstore.com\/wp-content\/uploads\/2025\/07\/inbluem-sponges.jpg","type":"image\/jpeg"}],"twitter_card":"summary_large_image","twitter_misc":{"Verf\u00fcgbarkeit":"Auf Lager"},"schema":{"@context":"https:\/\/schema.org","@graph":[{"@type":"WebPage","@id":"https:\/\/dutchhealthstore.com\/de\/product\/konjac-plant-exfoliating-sponge\/","url":"https:\/\/dutchhealthstore.com\/de\/product\/konjac-plant-exfoliating-sponge\/","name":"- Inbluem","isPartOf":{"@id":"https:\/\/dutchhealthstore.com\/de\/#website"},"primaryImageOfPage":{"@id":"https:\/\/dutchhealthstore.com\/de\/product\/konjac-plant-exfoliating-sponge\/#primaryimage"},"image":{"@id":"https:\/\/dutchhealthstore.com\/de\/product\/konjac-plant-exfoliating-sponge\/#primaryimage"},"thumbnailUrl":"https:\/\/dutchhealthstore.com\/wp-content\/uploads\/2025\/07\/inbluem-sponges.jpg","datePublished":"2025-08-14T06:56:25+00:00","dateModified":"2026-02-06T16:12:25+00:00","description":"Ein weicher Schwamm auf pflanzlicher Basis, der Ihre Haut reinigt, peelt und wieder ins Gleichgewicht bringt - nur mit Wasser.","breadcrumb":{"@id":"https:\/\/dutchhealthstore.com\/de\/product\/konjac-plant-exfoliating-sponge\/#breadcrumb"},"inLanguage":"de","potentialAction":[{"@type":"ReadAction","target":["https:\/\/dutchhealthstore.com\/de\/product\/konjac-plant-exfoliating-sponge\/"]}]},{"@type":"ImageObject","inLanguage":"de","@id":"https:\/\/dutchhealthstore.com\/de\/product\/konjac-plant-exfoliating-sponge\/#primaryimage","url":"https:\/\/dutchhealthstore.com\/wp-content\/uploads\/2025\/07\/inbluem-sponges.jpg","contentUrl":"https:\/\/dutchhealthstore.com\/wp-content\/uploads\/2025\/07\/inbluem-sponges.jpg","width":530,"height":530,"caption":"inbluem-sponges"},{"@type":"BreadcrumbList","@id":"https:\/\/dutchhealthstore.com\/de\/product\/konjac-plant-exfoliating-sponge\/#breadcrumb","itemListElement":[{"@type":"ListItem","position":1,"name":"Home","item":"https:\/\/dutchhealthstore.com\/de\/"},{"@type":"ListItem","position":2,"name":"Shop","item":"https:\/\/dutchhealthstore.com\/de\/shop-2\/"},{"@type":"ListItem","position":3,"name":"Konjac Plant Exfoliating Sponge"}]},{"@type":"WebSite","@id":"https:\/\/dutchhealthstore.com\/de\/#website","url":"https:\/\/dutchhealthstore.com\/de\/","name":"Dutch Health Store","description":"Enhance Your Beauty with Organic &amp; Natural Skincare","publisher":{"@id":"https:\/\/dutchhealthstore.com\/de\/#organization"},"potentialAction":[{"@type":"SearchAction","target":{"@type":"EntryPoint","urlTemplate":"https:\/\/dutchhealthstore.com\/de\/?s={search_term_string}"},"query-input":{"@type":"PropertyValueSpecification","valueRequired":true,"valueName":"search_term_string"}}],"inLanguage":"de"},{"@type":"Organization","@id":"https:\/\/dutchhealthstore.com\/de\/#organization","name":"Dutch Health Store","url":"https:\/\/dutchhealthstore.com\/de\/","logo":{"@type":"ImageObject","inLanguage":"de","@id":"https:\/\/dutchhealthstore.com\/de\/#\/schema\/logo\/image\/","url":"https:\/\/dutchhealthstore.com\/wp-content\/uploads\/2020\/08\/logo-dutchhealthstore-jpg-e1599484957574.jpg","contentUrl":"https:\/\/dutchhealthstore.com\/wp-content\/uploads\/2020\/08\/logo-dutchhealthstore-jpg-e1599484957574.jpg","width":400,"height":62,"caption":"Dutch Health Store"},"image":{"@id":"https:\/\/dutchhealthstore.com\/de\/#\/schema\/logo\/image\/"},"sameAs":["https:\/\/www.instagram.com\/dutchhealthstore\/","https:\/\/www.facebook.com\/dutchhealthstore"]}]},"product_brand":"INBLUEM","og_availability":"instock","product_availability":"instock","product_condition":"new"},"_links":{"self":[{"href":"https:\/\/dutchhealthstore.com\/de\/wp-json\/wp\/v2\/product\/352674","targetHints":{"allow":["GET"]}}],"collection":[{"href":"https:\/\/dutchhealthstore.com\/de\/wp-json\/wp\/v2\/product"}],"about":[{"href":"https:\/\/dutchhealthstore.com\/de\/wp-json\/wp\/v2\/types\/product"}],"replies":[{"embeddable":true,"href":"https:\/\/dutchhealthstore.com\/de\/wp-json\/wp\/v2\/comments?post=352674"}],"wp:featuredmedia":[{"embeddable":true,"href":"https:\/\/dutchhealthstore.com\/de\/wp-json\/wp\/v2\/media\/349790"}],"wp:attachment":[{"href":"https:\/\/dutchhealthstore.com\/de\/wp-json\/wp\/v2\/media?parent=352674"}],"wp:term":[{"taxonomy":"product_brand","embeddable":true,"href":"https:\/\/dutchhealthstore.com\/de\/wp-json\/wp\/v2\/product_brand?post=352674"},{"taxonomy":"product_cat","embeddable":true,"href":"https:\/\/dutchhealthstore.com\/de\/wp-json\/wp\/v2\/product_cat?post=352674"},{"taxonomy":"product_tag","embeddable":true,"href":"https:\/\/dutchhealthstore.com\/de\/wp-json\/wp\/v2\/product_tag?post=352674"}],"curies":[{"name":"wp","href":"https:\/\/api.w.org\/{rel}","templated":true}]}}