{"id":347529,"date":"2025-07-07T08:47:24","date_gmt":"2025-07-07T06:47:24","guid":{"rendered":"https:\/\/dutchhealthstore.com\/product\/100-organic-rosemary-essential-oil\/"},"modified":"2025-11-06T09:04:40","modified_gmt":"2025-11-06T08:04:40","slug":"100-organic-rosemary-essential-oil","status":"publish","type":"product","link":"https:\/\/dutchhealthstore.com\/de\/product\/100-organic-rosemary-essential-oil\/","title":{"rendered":"100% Organic Rosemary Essential Oil"},"content":{"rendered":"<p><strong>Dampfdestilliert | Frisch | Rein  <\/strong><\/p>\n<h3 data-start=\"239\" data-end=\"460\"><strong data-start=\"239\" data-end=\"255\">Wie es funktioniert <\/strong><\/h3>\n<p data-start=\"239\" data-end=\"460\"><br data-start=\"255\" data-end=\"258\">Es ist klinisch erwiesen, dass <strong data-start=\"266\" data-end=\"292\">\u00e4therisches Bio-Rosmarin\u00f6l<\/strong> das Haarwachstum unterst\u00fctzt, indem es als nat\u00fcrlicher <strong data-start=\"359\" data-end=\"374\">Vasodilatator<\/strong> wirkt, die Durchblutung der Kopfhaut verbessert und bei regelm\u00e4\u00dfiger Anwendung die Haardichte erh\u00f6ht.<\/p>\n<p data-start=\"462\" data-end=\"576\">Unser \u00d6l wird aus frischem Rosmarin <strong data-start=\"473\" data-end=\"492\">dampfdestilliert<\/strong> und ist eine wirkungsvolle Erg\u00e4nzung zu Ihrem nat\u00fcrlichen Haarpflegeritual.<\/p>\n<h3 data-start=\"682\" data-end=\"861\"><strong data-start=\"682\" data-end=\"696\">Wie benutzt man <\/strong><\/h3>\n<p data-start=\"682\" data-end=\"861\">Geben Sie 2-3 Tropfen in eine Handvoll Shampoo. Sch\u00e4umen Sie es auf und massieren Sie es in Ihre Kopfhaut ein. Lassen Sie es 5 Minuten einwirken, bevor Sie es aussp\u00fclen. Fahren Sie mit Ihrer \u00fcblichen Haarpflege fort.  <\/p>\n<p data-start=\"682\" data-end=\"861\"><g id=\"gid_0\">Lagerung &amp; Haftungsausschluss<\/g><br data-start=\"892\" data-end=\"895\">Verschlie\u00dfen Sie die Flasche nach dem Gebrauch fest und bewahren Sie sie an einem <g id=\"gid_1\">k\u00fchlen, trockenen und dunklen Ort<\/g> auf, um ihre Reinheit zu erhalten.<\/p>\n<p data-start=\"682\" data-end=\"861\"><strong>Gr\u00f6\u00dfe: 15 ml \/ 0,5 fl. oz. <\/strong><\/p>\n<p data-start=\"682\" data-end=\"861\">Dies ist keine Medizin und behandelt oder heilt keine Krankheit.<\/p>\n<p data-start=\"1067\" data-end=\"1089\"><strong data-start=\"1067\" data-end=\"1087\">Wichtige Hinweise:<\/strong><\/p>\n<ul data-start=\"1090\" data-end=\"1529\">\n<li data-start=\"1090\" data-end=\"1210\">\n<p data-start=\"1092\" data-end=\"1210\">F\u00fchren Sie vor der Anwendung immer <strong data-start=\"1099\" data-end=\"1113\">einen Patch-Test<\/strong> durch: Verd\u00fcnnen Sie es mit einem Tr\u00e4ger\u00f6l und tragen Sie es hinter dem Ohr auf. Beobachten Sie den Bereich 48 Stunden lang. <\/p>\n<\/li>\n<li data-start=\"1211\" data-end=\"1257\">\n<p data-start=\"1213\" data-end=\"1257\"><strong data-start=\"1213\" data-end=\"1238\">Nur zur \u00e4u\u00dferlichen Anwendung<\/strong> &#8211; nicht einnehmen.<\/p>\n<\/li>\n<li data-start=\"1258\" data-end=\"1305\">\n<p data-start=\"1260\" data-end=\"1305\">Au\u00dferhalb der Reichweite von <strong data-start=\"1281\" data-end=\"1302\">Kindern und Haustieren<\/strong> aufbewahren.<\/p>\n<\/li>\n<li data-start=\"1306\" data-end=\"1369\">\n<p data-start=\"1308\" data-end=\"1369\">Bei der Anwendung auf der Haut immer mit einem Tr\u00e4ger\u00f6l <strong data-start=\"1315\" data-end=\"1325\">verd\u00fcnnen<\/strong>.<\/p>\n<\/li>\n<li data-start=\"1370\" data-end=\"1423\">\n<p data-start=\"1372\" data-end=\"1423\">Vermeiden Sie den Kontakt mit <strong data-start=\"1391\" data-end=\"1420\">Augen und Schleimh\u00e4uten.<\/strong><\/p>\n<\/li>\n<li data-start=\"1424\" data-end=\"1489\">\n<p data-start=\"1426\" data-end=\"1489\">Wenn Sie schwanger sind oder stillen, konsultieren Sie vor der Einnahme Ihren Arzt.<\/p>\n<\/li>\n<li data-start=\"1490\" data-end=\"1529\">\n<p data-start=\"1492\" data-end=\"1529\">Beim Auftreten von Reizungen ist die Anwendung abzubrechen.<\/p>\n<\/li>\n<\/ul>\n<h2><strong>Nat\u00fcrliche \/ biologische Inhaltsstoffe <\/strong><\/h2>\n<p>Biologisches Rosmarinus officinalis (Rosmarin) \u00d6l (dampfdestilliert).<\/p>\n\n\t<section class=\"section\" id=\"section_1606055076\">\n\t\t<div class=\"section-bg fill\" >\n\t\t\t\t\t\t\t\t\t\n\t\t\t\n\n\t\t<\/div>\n\n\t\t\t<div class=\"ux-shape-divider ux-shape-divider--top ux-shape-divider--style-waves-opacity\">\n\t\t<svg viewBox=\"0 0 1000 300\" xmlns=\"http:\/\/www.w3.org\/2000\/svg\" preserveAspectRatio=\"none\">\n    <path class=\"ux-shape-fill\" d=\"M0 300L-1 69.71C216 57 299.47 198.86 403 226C506 253 577 196 660 197C740 198 790.09 234.07 874 267C935.23 291 982 282.61 1000 277.61V300H0Z\"\/>\n    <path class=\"ux-shape-fill\" opacity=\"0.5\" d=\"M1 265.094L0 50.5C217 37.79 300.47 186.36 404 213.5C507 240.5 578 196.5 661 197.5C741 198.5 787.59 239.57 871.5 272.5C932.73 296.5 980.5 284.5 998.5 279.5V298.5L1 265.094Z\"\/>\n    <path class=\"ux-shape-fill\" opacity=\"0.15\" d=\"M0.999878 244.094L-0.00012207 27C217 14.29 300.47 173.86 404 201C507 228 578 196 661 197C741 198 787.59 243.07 871.5 276C932.73 300 980.5 284.5 998.5 279.5V299L0.999878 244.094Z\"\/>\n<\/svg>\n\n\t<\/div>\n\n\t<div class=\"ux-shape-divider ux-shape-divider--bottom ux-shape-divider--style-waves-opacity\">\n\t\t<svg viewBox=\"0 0 1000 300\" xmlns=\"http:\/\/www.w3.org\/2000\/svg\" preserveAspectRatio=\"none\">\n    <path class=\"ux-shape-fill\" d=\"M0 300L-1 69.71C216 57 299.47 198.86 403 226C506 253 577 196 660 197C740 198 790.09 234.07 874 267C935.23 291 982 282.61 1000 277.61V300H0Z\"\/>\n    <path class=\"ux-shape-fill\" opacity=\"0.5\" d=\"M1 265.094L0 50.5C217 37.79 300.47 186.36 404 213.5C507 240.5 578 196.5 661 197.5C741 198.5 787.59 239.57 871.5 272.5C932.73 296.5 980.5 284.5 998.5 279.5V298.5L1 265.094Z\"\/>\n    <path class=\"ux-shape-fill\" opacity=\"0.15\" d=\"M0.999878 244.094L-0.00012207 27C217 14.29 300.47 173.86 404 201C507 228 578 196 661 197C741 198 787.59 243.07 871.5 276C932.73 300 980.5 284.5 998.5 279.5V299L0.999878 244.094Z\"\/>\n<\/svg>\n\n\t<\/div>\n\n\t\t<div class=\"section-content relative\">\n\t\t\t\n\n\t<div id=\"gap-1959089770\" class=\"gap-element clearfix\" style=\"display:block; height:auto;\">\n\t\t\n<style>\n#gap-1959089770 {\n  padding-top: 30px;\n}\n<\/style>\n\t<\/div>\n\t\n\n<div class=\"row\"  id=\"row-1704064613\">\n\n\n\t<div id=\"col-77992467\" class=\"col small-12 large-12\"  >\n\t\t\t\t<div class=\"col-inner\"  >\n\t\t\t\n\t\t\t\n\n<h3><strong data-start=\"130\" data-end=\"151\">Lernen Sie Gol\u00e2b Beauty kennen<\/strong><\/h3>\n<hr>\n<p><img decoding=\"async\" class=\"alignright wp-image-347364\" src=\"https:\/\/dutchhealthstore.com\/wp-content\/uploads\/2025\/07\/Golab_NewLogo_png-1400x744.png\" alt=\"\" width=\"120\" height=\"64\" srcset=\"https:\/\/dutchhealthstore.com\/wp-content\/uploads\/2025\/07\/Golab_NewLogo_png-1400x744.png 1400w, https:\/\/dutchhealthstore.com\/wp-content\/uploads\/2025\/07\/Golab_NewLogo_png-752x400.png 752w, https:\/\/dutchhealthstore.com\/wp-content\/uploads\/2025\/07\/Golab_NewLogo_png-768x408.png 768w, https:\/\/dutchhealthstore.com\/wp-content\/uploads\/2025\/07\/Golab_NewLogo_png-1536x817.png 1536w, https:\/\/dutchhealthstore.com\/wp-content\/uploads\/2025\/07\/Golab_NewLogo_png-94x50.png 94w, https:\/\/dutchhealthstore.com\/wp-content\/uploads\/2025\/07\/Golab_NewLogo_png-530x282.png 530w, https:\/\/dutchhealthstore.com\/wp-content\/uploads\/2025\/07\/Golab_NewLogo_png-64x34.png 64w, https:\/\/dutchhealthstore.com\/wp-content\/uploads\/2025\/07\/Golab_NewLogo_png.png 1563w\" sizes=\"(max-width: 120px) 100vw, 120px\" \/>Inspiriert von alten Heilmitteln und mit Sorgfalt hergestellt, bietet Gol\u00e2b Beauty nat\u00fcrliche Haarpflege, die gesundes Wachstum und Glanz unterst\u00fctzt. Ihre veganen, tierversuchsfreien Formeln sind sanft und dennoch wirksam \u2013 entwickelt, um Ihrem Haar Kraft, Dichte und Balance zur\u00fcckzugeben, Tropfen f\u00fcr Tropfen. <\/p>\n<h5>Rein, bewusst und tief in der Tradition verwurzelt \u2013 Gol\u00e2b Beauty ist Ihr neues Ritual f\u00fcr strahlendes Haar.<\/h5>\n\n  \n    <div class=\"row large-columns-3 medium-columns-1 small-columns-1 slider row-slider slider-nav-circle slider-nav-light slider-nav-push\"  data-flickity-options='{&quot;imagesLoaded&quot;: true, &quot;groupCells&quot;: &quot;100%&quot;, &quot;dragThreshold&quot; : 5, &quot;cellAlign&quot;: &quot;left&quot;,&quot;wrapAround&quot;: true,&quot;prevNextButtons&quot;: true,&quot;percentPosition&quot;: true,&quot;pageDots&quot;: true, &quot;rightToLeft&quot;: false, &quot;autoPlay&quot; : false}' >\n\n  <div class=\"col post-item\" >\n\t\t\t<div class=\"col-inner\">\n\t\t\t\t<div class=\"box box-normal box-text-bottom box-blog-post has-hover\">\n            \t\t\t\t\t<div class=\"box-image\" >\n  \t\t\t\t\t\t<div class=\"image-cover\" style=\"padding-top:32.25%;\">\n\t\t\t\t\t\t\t<a href=\"https:\/\/dutchhealthstore.com\/de\/golab-beauty-die-antwort-der-natur-fuer-kraeftigeres-dickeres-und-gesuenderes-haar\/\" class=\"plain\" aria-label=\"Gol\u00e2b Beauty: Die Antwort der Natur f\u00fcr kr\u00e4ftigeres, dickeres und ges\u00fcnderes Haar\">\n\t\t\t\t\t\t\t\t<img fetchpriority=\"high\" decoding=\"async\" width=\"800\" height=\"268\" src=\"https:\/\/dutchhealthstore.com\/wp-content\/uploads\/2025\/07\/golab-header-blog-800x268.jpg\" class=\"attachment-medium size-medium wp-post-image\" alt=\"\" srcset=\"https:\/\/dutchhealthstore.com\/wp-content\/uploads\/2025\/07\/golab-header-blog-800x268.jpg 800w, https:\/\/dutchhealthstore.com\/wp-content\/uploads\/2025\/07\/golab-header-blog-768x257.jpg 768w, https:\/\/dutchhealthstore.com\/wp-content\/uploads\/2025\/07\/golab-header-blog-149x50.jpg 149w, https:\/\/dutchhealthstore.com\/wp-content\/uploads\/2025\/07\/golab-header-blog-530x178.jpg 530w, https:\/\/dutchhealthstore.com\/wp-content\/uploads\/2025\/07\/golab-header-blog-64x21.jpg 64w, https:\/\/dutchhealthstore.com\/wp-content\/uploads\/2025\/07\/golab-header-blog.jpg 1390w\" sizes=\"(max-width: 800px) 100vw, 800px\" \/>\t\t\t\t\t\t\t<\/a>\n  \t\t\t\t\t\t\t  \t\t\t\t\t\t\t  \t\t\t\t\t\t<\/div>\n  \t\t\t\t\t\t  \t\t\t\t\t<\/div>\n          \t\t\t\t\t<div class=\"box-text text-center is-small\" >\n\t\t\t\t\t<div class=\"box-text-inner blog-post-inner\">\n\n\t\t\t\t\t\n\t\t\t\t\t\t\t\t\t\t<h5 class=\"post-title is-large \">\n\t\t\t\t\t\t<a href=\"https:\/\/dutchhealthstore.com\/de\/golab-beauty-die-antwort-der-natur-fuer-kraeftigeres-dickeres-und-gesuenderes-haar\/\" class=\"plain\">Gol\u00e2b Beauty: Die Antwort der Natur f\u00fcr kr\u00e4ftigeres, dickeres und ges\u00fcnderes Haar<\/a>\n\t\t\t\t\t<\/h5>\n\t\t\t\t\t\t\t\t\t\t<div class=\"is-divider\"><\/div>\n\t\t\t\t\t\t\t\t\t\t<p class=\"from_the_blog_excerpt \">\n\t\t\t\t\t\tWenn es um nat\u00fcrliche Haarpflege geht, f\u00fchlen sich nur wenige Marken so bewusst und geerdet [...]\t\t\t\t\t<\/p>\n\t\t\t\t\t                    \n\t\t\t\t\t\n\t\t\t\t\t\n\t\t\t\t\t<\/div>\n\t\t\t\t\t<\/div>\n\t\t\t\t\t\t\t\t\t\t\t\t\t\t\t\t<div class=\"badge absolute top post-date badge-square\">\n\t\t\t\t\t\t\t<div class=\"badge-inner\">\n\t\t\t\t\t\t\t\t<span class=\"post-date-day\">02<\/span><br>\n\t\t\t\t\t\t\t\t<span class=\"post-date-month is-xsmall\">Jan.<\/span>\n\t\t\t\t\t\t\t<\/div>\n\t\t\t\t\t\t<\/div>\n\t\t\t\t\t\t\t\t\t<\/div>\n\t\t\t<\/div>\n\t\t<\/div><\/div>\n\n\n\t\t<\/div>\n\t\t\t\t\t<\/div>\n\n\t\n\n<\/div>\n\t<div id=\"gap-151418454\" class=\"gap-element clearfix\" style=\"display:block; height:auto;\">\n\t\t\n<style>\n#gap-151418454 {\n  padding-top: 30px;\n}\n<\/style>\n\t<\/div>\n\t\n\n\n\t\t<\/div>\n\n\t\t\n<style>\n#section_1606055076 {\n  padding-top: 50px;\n  padding-bottom: 50px;\n  background-color: rgb(250, 239, 239);\n}\n#section_1606055076 .ux-shape-divider--top svg {\n  height: 150px;\n  --divider-top-width: 100%;\n}\n#section_1606055076 .ux-shape-divider--bottom svg {\n  height: 50px;\n  --divider-width: 108%;\n}\n<\/style>\n\t<\/section>\n\t\n","protected":false},"excerpt":{"rendered":"<p>Ein nat\u00fcrlicher DHT-hemmender und antimykotischer Wirkstoff, der das Aussehen von dichterem Haar verbessert.<\/p>\n","protected":false},"featured_media":347386,"comment_status":"open","ping_status":"closed","template":"","meta":[],"product_brand":[],"product_cat":[21312,10089,8580,1032,1210,511],"product_tag":[21529,1547,21535,10172],"class_list":{"0":"post-347529","1":"product","2":"type-product","3":"status-publish","4":"has-post-thumbnail","6":"product_cat-golab-beauty-de","7":"product_cat-hair-oil-de-2","8":"product_cat-hair-de","9":"product_cat-kategorien","10":"product_cat-marken","11":"product_cat-produkte","12":"product_tag-entspannend","13":"product_tag-essential-oil-de","14":"product_tag-geist","15":"product_tag-hair-de","16":"pa_brand-golab-de","17":"pa_gtin-6096440661684-de","18":"pa_haircare-productype-hair-masks-serums-de","19":"pa_haircare-productype-hair-oil-de","20":"pa_size-0-5-oz-15-ml-de","22":"first","23":"instock","24":"taxable","25":"shipping-taxable","26":"purchasable","27":"product-type-simple"},"bundled_by":[],"bundle_stock_status":"instock","bundle_stock_quantity":5,"bundle_virtual":false,"bundle_layout":"","bundle_add_to_cart_form_location":"","bundle_editable_in_cart":false,"bundle_sold_individually_context":"","bundle_item_grouping":"","bundle_min_size":"","bundle_max_size":"","bundle_price":[],"bundled_items":[],"bundle_sell_ids":[247526],"atum_controlled":true,"out_stock_date":null,"out_stock_threshold":null,"inheritable":false,"stock_on_hold":0,"sold_today":0,"sales_last_days":1,"out_stock_days":0,"lost_sales":0,"update_date":"2026-04-16T10:54:15","atum_locations":[],"atum_stock_status":"instock","restock_status":false,"low_stock_amount":"","sales_update_date":"2026-04-16T10:54:15","calc_backorders":null,"group_of_quantity":0,"min_quantity":0,"max_quantity":"","exclude_order_quantity_value_rules":"no","exclude_category_quantity_rules":"no","combine_variations":"no","yoast_head":"<!-- This site is optimized with the Yoast SEO Premium plugin v26.5 (Yoast SEO v26.5) - https:\/\/yoast.com\/wordpress\/plugins\/seo\/ -->\n<title>100% Organic Rosemary Essential Oil - Golab Sch\u00f6nheit<\/title>\n<meta name=\"description\" content=\"Ein nat\u00fcrlicher DHT-hemmender und antimykotischer Wirkstoff, der das Aussehen von dichterem Haar verbessert.\" \/>\n<meta name=\"robots\" content=\"index, follow, max-snippet:-1, max-image-preview:large, max-video-preview:-1\" \/>\n<link rel=\"canonical\" href=\"https:\/\/dutchhealthstore.com\/de\/product\/100-organic-rosemary-essential-oil\/\" \/>\n<meta property=\"og:locale\" content=\"de_DE\" \/>\n<meta property=\"og:type\" content=\"article\" \/>\n<meta property=\"og:title\" content=\"100% Organic Rosemary Essential Oil - Dutch Health Store\" \/>\n<meta property=\"og:description\" content=\"Ein nat\u00fcrlicher DHT-hemmender und antimykotischer Wirkstoff, der das Aussehen von dichterem Haar verbessert.\" \/>\n<meta property=\"og:url\" content=\"https:\/\/dutchhealthstore.com\/de\/product\/100-organic-rosemary-essential-oil\/\" \/>\n<meta property=\"og:site_name\" content=\"Dutch Health Store\" \/>\n<meta property=\"article:publisher\" content=\"https:\/\/www.instagram.com\/dutchhealthstore\/\" \/>\n<meta property=\"article:modified_time\" content=\"2025-11-06T08:04:40+00:00\" \/>\n<meta property=\"og:image\" content=\"https:\/\/dutchhealthstore.com\/wp-content\/uploads\/2025\/07\/golab-2.jpg\" \/>\n\t<meta property=\"og:image:width\" content=\"730\" \/>\n\t<meta property=\"og:image:height\" content=\"730\" \/>\n\t<meta property=\"og:image:type\" content=\"image\/jpeg\" \/>\n<meta name=\"twitter:card\" content=\"summary_large_image\" \/>\n<meta name=\"twitter:label1\" content=\"Preis\" \/>\n\t<meta name=\"twitter:data1\" content=\"&euro;22,50\" \/>\n\t<meta name=\"twitter:label2\" content=\"Verf\u00fcgbarkeit\" \/>\n\t<meta name=\"twitter:data2\" content=\"Auf Lager\" \/>\n<script type=\"application\/ld+json\" class=\"yoast-schema-graph\">{\"@context\":\"https:\/\/schema.org\",\"@graph\":[{\"@type\":\"WebPage\",\"@id\":\"https:\/\/dutchhealthstore.com\/de\/product\/100-organic-rosemary-essential-oil\/\",\"url\":\"https:\/\/dutchhealthstore.com\/de\/product\/100-organic-rosemary-essential-oil\/\",\"name\":\"100% Organic Rosemary Essential Oil - Golab Sch\u00f6nheit\",\"isPartOf\":{\"@id\":\"https:\/\/dutchhealthstore.com\/de\/#website\"},\"primaryImageOfPage\":{\"@id\":\"https:\/\/dutchhealthstore.com\/de\/product\/100-organic-rosemary-essential-oil\/#primaryimage\"},\"image\":{\"@id\":\"https:\/\/dutchhealthstore.com\/de\/product\/100-organic-rosemary-essential-oil\/#primaryimage\"},\"thumbnailUrl\":\"https:\/\/dutchhealthstore.com\/wp-content\/uploads\/2025\/07\/golab-2.jpg\",\"datePublished\":\"2025-07-07T06:47:24+00:00\",\"dateModified\":\"2025-11-06T08:04:40+00:00\",\"description\":\"Ein nat\u00fcrlicher DHT-hemmender und antimykotischer Wirkstoff, der das Aussehen von dichterem Haar verbessert.\",\"breadcrumb\":{\"@id\":\"https:\/\/dutchhealthstore.com\/de\/product\/100-organic-rosemary-essential-oil\/#breadcrumb\"},\"inLanguage\":\"de\",\"potentialAction\":[{\"@type\":\"ReadAction\",\"target\":[\"https:\/\/dutchhealthstore.com\/de\/product\/100-organic-rosemary-essential-oil\/\"]}]},{\"@type\":\"ImageObject\",\"inLanguage\":\"de\",\"@id\":\"https:\/\/dutchhealthstore.com\/de\/product\/100-organic-rosemary-essential-oil\/#primaryimage\",\"url\":\"https:\/\/dutchhealthstore.com\/wp-content\/uploads\/2025\/07\/golab-2.jpg\",\"contentUrl\":\"https:\/\/dutchhealthstore.com\/wp-content\/uploads\/2025\/07\/golab-2.jpg\",\"width\":730,\"height\":730},{\"@type\":\"BreadcrumbList\",\"@id\":\"https:\/\/dutchhealthstore.com\/de\/product\/100-organic-rosemary-essential-oil\/#breadcrumb\",\"itemListElement\":[{\"@type\":\"ListItem\",\"position\":1,\"name\":\"Home\",\"item\":\"https:\/\/dutchhealthstore.com\/de\/\"},{\"@type\":\"ListItem\",\"position\":2,\"name\":\"Shop\",\"item\":\"https:\/\/dutchhealthstore.com\/de\/shop-2\/\"},{\"@type\":\"ListItem\",\"position\":3,\"name\":\"100% Organic Rosemary Essential Oil\"}]},{\"@type\":\"WebSite\",\"@id\":\"https:\/\/dutchhealthstore.com\/de\/#website\",\"url\":\"https:\/\/dutchhealthstore.com\/de\/\",\"name\":\"Dutch Health Store\",\"description\":\"Enhance Your Beauty with Organic &amp; Natural Skincare\",\"publisher\":{\"@id\":\"https:\/\/dutchhealthstore.com\/de\/#organization\"},\"potentialAction\":[{\"@type\":\"SearchAction\",\"target\":{\"@type\":\"EntryPoint\",\"urlTemplate\":\"https:\/\/dutchhealthstore.com\/de\/?s={search_term_string}\"},\"query-input\":{\"@type\":\"PropertyValueSpecification\",\"valueRequired\":true,\"valueName\":\"search_term_string\"}}],\"inLanguage\":\"de\"},{\"@type\":\"Organization\",\"@id\":\"https:\/\/dutchhealthstore.com\/de\/#organization\",\"name\":\"Dutch Health Store\",\"url\":\"https:\/\/dutchhealthstore.com\/de\/\",\"logo\":{\"@type\":\"ImageObject\",\"inLanguage\":\"de\",\"@id\":\"https:\/\/dutchhealthstore.com\/de\/#\/schema\/logo\/image\/\",\"url\":\"https:\/\/dutchhealthstore.com\/wp-content\/uploads\/2020\/08\/logo-dutchhealthstore-jpg-e1599484957574.jpg\",\"contentUrl\":\"https:\/\/dutchhealthstore.com\/wp-content\/uploads\/2020\/08\/logo-dutchhealthstore-jpg-e1599484957574.jpg\",\"width\":400,\"height\":62,\"caption\":\"Dutch Health Store\"},\"image\":{\"@id\":\"https:\/\/dutchhealthstore.com\/de\/#\/schema\/logo\/image\/\"},\"sameAs\":[\"https:\/\/www.instagram.com\/dutchhealthstore\/\",\"https:\/\/www.facebook.com\/dutchhealthstore\"]}]}<\/script>\n<!-- \/ Yoast SEO Premium plugin. -->","yoast_head_json":{"title":"100% Organic Rosemary Essential Oil - Golab Sch\u00f6nheit","description":"Ein nat\u00fcrlicher DHT-hemmender und antimykotischer Wirkstoff, der das Aussehen von dichterem Haar verbessert.","robots":{"index":"index","follow":"follow","max-snippet":"max-snippet:-1","max-image-preview":"max-image-preview:large","max-video-preview":"max-video-preview:-1"},"canonical":"https:\/\/dutchhealthstore.com\/de\/product\/100-organic-rosemary-essential-oil\/","og_locale":"de_DE","og_type":"article","og_title":"100% Organic Rosemary Essential Oil - Dutch Health Store","og_description":"Ein nat\u00fcrlicher DHT-hemmender und antimykotischer Wirkstoff, der das Aussehen von dichterem Haar verbessert.","og_url":"https:\/\/dutchhealthstore.com\/de\/product\/100-organic-rosemary-essential-oil\/","og_site_name":"Dutch Health Store","article_publisher":"https:\/\/www.instagram.com\/dutchhealthstore\/","article_modified_time":"2025-11-06T08:04:40+00:00","og_image":[{"width":730,"height":730,"url":"https:\/\/dutchhealthstore.com\/wp-content\/uploads\/2025\/07\/golab-2.jpg","type":"image\/jpeg"}],"twitter_card":"summary_large_image","twitter_misc":{"Preis":"&euro;22,50","Verf\u00fcgbarkeit":"Auf Lager"},"schema":{"@context":"https:\/\/schema.org","@graph":[{"@type":"WebPage","@id":"https:\/\/dutchhealthstore.com\/de\/product\/100-organic-rosemary-essential-oil\/","url":"https:\/\/dutchhealthstore.com\/de\/product\/100-organic-rosemary-essential-oil\/","name":"100% Organic Rosemary Essential Oil - Golab Sch\u00f6nheit","isPartOf":{"@id":"https:\/\/dutchhealthstore.com\/de\/#website"},"primaryImageOfPage":{"@id":"https:\/\/dutchhealthstore.com\/de\/product\/100-organic-rosemary-essential-oil\/#primaryimage"},"image":{"@id":"https:\/\/dutchhealthstore.com\/de\/product\/100-organic-rosemary-essential-oil\/#primaryimage"},"thumbnailUrl":"https:\/\/dutchhealthstore.com\/wp-content\/uploads\/2025\/07\/golab-2.jpg","datePublished":"2025-07-07T06:47:24+00:00","dateModified":"2025-11-06T08:04:40+00:00","description":"Ein nat\u00fcrlicher DHT-hemmender und antimykotischer Wirkstoff, der das Aussehen von dichterem Haar verbessert.","breadcrumb":{"@id":"https:\/\/dutchhealthstore.com\/de\/product\/100-organic-rosemary-essential-oil\/#breadcrumb"},"inLanguage":"de","potentialAction":[{"@type":"ReadAction","target":["https:\/\/dutchhealthstore.com\/de\/product\/100-organic-rosemary-essential-oil\/"]}]},{"@type":"ImageObject","inLanguage":"de","@id":"https:\/\/dutchhealthstore.com\/de\/product\/100-organic-rosemary-essential-oil\/#primaryimage","url":"https:\/\/dutchhealthstore.com\/wp-content\/uploads\/2025\/07\/golab-2.jpg","contentUrl":"https:\/\/dutchhealthstore.com\/wp-content\/uploads\/2025\/07\/golab-2.jpg","width":730,"height":730},{"@type":"BreadcrumbList","@id":"https:\/\/dutchhealthstore.com\/de\/product\/100-organic-rosemary-essential-oil\/#breadcrumb","itemListElement":[{"@type":"ListItem","position":1,"name":"Home","item":"https:\/\/dutchhealthstore.com\/de\/"},{"@type":"ListItem","position":2,"name":"Shop","item":"https:\/\/dutchhealthstore.com\/de\/shop-2\/"},{"@type":"ListItem","position":3,"name":"100% Organic Rosemary Essential Oil"}]},{"@type":"WebSite","@id":"https:\/\/dutchhealthstore.com\/de\/#website","url":"https:\/\/dutchhealthstore.com\/de\/","name":"Dutch Health Store","description":"Enhance Your Beauty with Organic &amp; Natural Skincare","publisher":{"@id":"https:\/\/dutchhealthstore.com\/de\/#organization"},"potentialAction":[{"@type":"SearchAction","target":{"@type":"EntryPoint","urlTemplate":"https:\/\/dutchhealthstore.com\/de\/?s={search_term_string}"},"query-input":{"@type":"PropertyValueSpecification","valueRequired":true,"valueName":"search_term_string"}}],"inLanguage":"de"},{"@type":"Organization","@id":"https:\/\/dutchhealthstore.com\/de\/#organization","name":"Dutch Health Store","url":"https:\/\/dutchhealthstore.com\/de\/","logo":{"@type":"ImageObject","inLanguage":"de","@id":"https:\/\/dutchhealthstore.com\/de\/#\/schema\/logo\/image\/","url":"https:\/\/dutchhealthstore.com\/wp-content\/uploads\/2020\/08\/logo-dutchhealthstore-jpg-e1599484957574.jpg","contentUrl":"https:\/\/dutchhealthstore.com\/wp-content\/uploads\/2020\/08\/logo-dutchhealthstore-jpg-e1599484957574.jpg","width":400,"height":62,"caption":"Dutch Health Store"},"image":{"@id":"https:\/\/dutchhealthstore.com\/de\/#\/schema\/logo\/image\/"},"sameAs":["https:\/\/www.instagram.com\/dutchhealthstore\/","https:\/\/www.facebook.com\/dutchhealthstore"]}]}},"_links":{"self":[{"href":"https:\/\/dutchhealthstore.com\/de\/wp-json\/wp\/v2\/product\/347529","targetHints":{"allow":["GET"]}}],"collection":[{"href":"https:\/\/dutchhealthstore.com\/de\/wp-json\/wp\/v2\/product"}],"about":[{"href":"https:\/\/dutchhealthstore.com\/de\/wp-json\/wp\/v2\/types\/product"}],"replies":[{"embeddable":true,"href":"https:\/\/dutchhealthstore.com\/de\/wp-json\/wp\/v2\/comments?post=347529"}],"wp:featuredmedia":[{"embeddable":true,"href":"https:\/\/dutchhealthstore.com\/de\/wp-json\/wp\/v2\/media\/347386"}],"wp:attachment":[{"href":"https:\/\/dutchhealthstore.com\/de\/wp-json\/wp\/v2\/media?parent=347529"}],"wp:term":[{"taxonomy":"product_brand","embeddable":true,"href":"https:\/\/dutchhealthstore.com\/de\/wp-json\/wp\/v2\/product_brand?post=347529"},{"taxonomy":"product_cat","embeddable":true,"href":"https:\/\/dutchhealthstore.com\/de\/wp-json\/wp\/v2\/product_cat?post=347529"},{"taxonomy":"product_tag","embeddable":true,"href":"https:\/\/dutchhealthstore.com\/de\/wp-json\/wp\/v2\/product_tag?post=347529"}],"curies":[{"name":"wp","href":"https:\/\/api.w.org\/{rel}","templated":true}]}}