{"id":347522,"date":"2025-07-07T08:49:43","date_gmt":"2025-07-07T06:49:43","guid":{"rendered":"https:\/\/dutchhealthstore.com\/product\/hair-gloss-for-mids-and-ends\/"},"modified":"2026-03-10T09:18:44","modified_gmt":"2026-03-10T08:18:44","slug":"hair-gloss-for-mids-and-ends","status":"publish","type":"product","link":"https:\/\/dutchhealthstore.com\/de\/product\/hair-gloss-for-mids-and-ends\/","title":{"rendered":"HAIR GLOSS for mids and ends"},"content":{"rendered":"<p data-start=\"133\" data-end=\"228\"><strong data-start=\"183\" data-end=\"228\">Reparierend | feuchtigkeitsspendend | glanzf\u00f6rdernd<\/strong><\/p>\n<p>Mit einer n\u00e4hrstoffreichen Mischung aus Aprikose, Avocado, Rizinus, s\u00fc\u00dfer Orange und unserer Hauptzutat &#8211; Granatapfel &#8211; formuliert.<\/p>\n<p><strong>Warum Granatapfel?<\/strong><br \/>\nDiese kraftvolle Frucht ist reich an Omega-6 und Omega-9 und hilft, das Haar weich zu machen, Feuchtigkeit zu speichern und die Str\u00e4hnen vor Umwelteinfl\u00fcssen zu sch\u00fctzen &#8211; sogar nach dem Aussp\u00fclen.<\/p>\n<p>Aprikosen\u00f6l ist reich an den Vitaminen A und E, die auf nat\u00fcrliche Weise vor einer \u00dcberwucherung durch Bakterien und Hefepilze sch\u00fctzen und gleichzeitig das Kollagen st\u00e4rken, um \u00fcberm\u00e4\u00dfig strapaziertes Haar zu reparieren.<\/p>\n<p>Avocado- und Rizinus\u00f6l dringen tief in den Haarschaft ein, um das Haar von innen heraus zu reparieren. Gleichzeitig bilden sie eine sch\u00fctzende Barriere, die Feuchtigkeit speichert und vor Schadstoffen sch\u00fctzt.<\/p>\n<p>Perfekt als Maske f\u00fcr die Nacht oder als Behandlung mit hei\u00dfem \u00d6l.<\/p>\n<h3>Wie zu verwenden<\/h3>\n<p>Verwenden Sie es als Behandlung vor der Haarw\u00e4sche. Tragen Sie es gro\u00dfz\u00fcgig auf die Mittel- und Spitzen des trockenen Haares auf, wo es am meisten Feuchtigkeit ben\u00f6tigt.<br \/>\nLassen Sie es 1-2 Stunden einwirken, bevor Sie es auswaschen. F\u00fcr beste Ergebnisse verwenden Sie es einmal pro Woche.  <\/p>\n<p><strong>Lagerung &amp; Haftungsausschluss<\/strong><br \/>\nVerschlie\u00dfen Sie die Flasche nach dem Gebrauch fest und bewahren Sie sie an einem k\u00fchlen, trockenen und dunklen Ort auf, um die nat\u00fcrlichen Inhaltsstoffe zu sch\u00fctzen.<\/p>\n<p>Dieses Produkt ist nicht zur Diagnose, Behandlung oder Heilung einer Krankheit oder eines medizinischen Zustands bestimmt.<\/p>\n<p><strong>Gr\u00f6\u00dfe: 100 ml \/ 3.38 fl. oz. <\/strong><\/p>\n\n\t<section class=\"section\" id=\"section_1407465691\">\n\t\t<div class=\"section-bg fill\" >\n\t\t\t\t\t\t\t\t\t\n\t\t\t\n\n\t\t<\/div>\n\n\t\t\t<div class=\"ux-shape-divider ux-shape-divider--top ux-shape-divider--style-waves-opacity\">\n\t\t<svg viewBox=\"0 0 1000 300\" xmlns=\"http:\/\/www.w3.org\/2000\/svg\" preserveAspectRatio=\"none\">\n    <path class=\"ux-shape-fill\" d=\"M0 300L-1 69.71C216 57 299.47 198.86 403 226C506 253 577 196 660 197C740 198 790.09 234.07 874 267C935.23 291 982 282.61 1000 277.61V300H0Z\"\/>\n    <path class=\"ux-shape-fill\" opacity=\"0.5\" d=\"M1 265.094L0 50.5C217 37.79 300.47 186.36 404 213.5C507 240.5 578 196.5 661 197.5C741 198.5 787.59 239.57 871.5 272.5C932.73 296.5 980.5 284.5 998.5 279.5V298.5L1 265.094Z\"\/>\n    <path class=\"ux-shape-fill\" opacity=\"0.15\" d=\"M0.999878 244.094L-0.00012207 27C217 14.29 300.47 173.86 404 201C507 228 578 196 661 197C741 198 787.59 243.07 871.5 276C932.73 300 980.5 284.5 998.5 279.5V299L0.999878 244.094Z\"\/>\n<\/svg>\n\n\t<\/div>\n\n\t<div class=\"ux-shape-divider ux-shape-divider--bottom ux-shape-divider--style-waves-opacity\">\n\t\t<svg viewBox=\"0 0 1000 300\" xmlns=\"http:\/\/www.w3.org\/2000\/svg\" preserveAspectRatio=\"none\">\n    <path class=\"ux-shape-fill\" d=\"M0 300L-1 69.71C216 57 299.47 198.86 403 226C506 253 577 196 660 197C740 198 790.09 234.07 874 267C935.23 291 982 282.61 1000 277.61V300H0Z\"\/>\n    <path class=\"ux-shape-fill\" opacity=\"0.5\" d=\"M1 265.094L0 50.5C217 37.79 300.47 186.36 404 213.5C507 240.5 578 196.5 661 197.5C741 198.5 787.59 239.57 871.5 272.5C932.73 296.5 980.5 284.5 998.5 279.5V298.5L1 265.094Z\"\/>\n    <path class=\"ux-shape-fill\" opacity=\"0.15\" d=\"M0.999878 244.094L-0.00012207 27C217 14.29 300.47 173.86 404 201C507 228 578 196 661 197C741 198 787.59 243.07 871.5 276C932.73 300 980.5 284.5 998.5 279.5V299L0.999878 244.094Z\"\/>\n<\/svg>\n\n\t<\/div>\n\n\t\t<div class=\"section-content relative\">\n\t\t\t\n\n\t<div id=\"gap-797228590\" class=\"gap-element clearfix\" style=\"display:block; height:auto;\">\n\t\t\n<style>\n#gap-797228590 {\n  padding-top: 30px;\n}\n<\/style>\n\t<\/div>\n\t\n\n<div class=\"row\"  id=\"row-199644343\">\n\n\n\t<div id=\"col-1293894158\" class=\"col small-12 large-12\"  >\n\t\t\t\t<div class=\"col-inner\"  >\n\t\t\t\n\t\t\t\n\n<h3><strong data-start=\"130\" data-end=\"151\">Lernen Sie Gol\u00e2b Beauty kennen<\/strong><\/h3>\n<hr>\n<p><img decoding=\"async\" class=\"alignright wp-image-347364\" src=\"https:\/\/dutchhealthstore.com\/wp-content\/uploads\/2025\/07\/Golab_NewLogo_png-1400x744.png\" alt=\"\" width=\"120\" height=\"64\" srcset=\"https:\/\/dutchhealthstore.com\/wp-content\/uploads\/2025\/07\/Golab_NewLogo_png-1400x744.png 1400w, https:\/\/dutchhealthstore.com\/wp-content\/uploads\/2025\/07\/Golab_NewLogo_png-752x400.png 752w, https:\/\/dutchhealthstore.com\/wp-content\/uploads\/2025\/07\/Golab_NewLogo_png-768x408.png 768w, https:\/\/dutchhealthstore.com\/wp-content\/uploads\/2025\/07\/Golab_NewLogo_png-1536x817.png 1536w, https:\/\/dutchhealthstore.com\/wp-content\/uploads\/2025\/07\/Golab_NewLogo_png-94x50.png 94w, https:\/\/dutchhealthstore.com\/wp-content\/uploads\/2025\/07\/Golab_NewLogo_png-530x282.png 530w, https:\/\/dutchhealthstore.com\/wp-content\/uploads\/2025\/07\/Golab_NewLogo_png-64x34.png 64w, https:\/\/dutchhealthstore.com\/wp-content\/uploads\/2025\/07\/Golab_NewLogo_png.png 1563w\" sizes=\"(max-width: 120px) 100vw, 120px\" \/>Inspiriert von alten Heilmitteln und mit Sorgfalt hergestellt, bietet Gol\u00e2b Beauty nat\u00fcrliche Haarpflege, die gesundes Wachstum und Glanz unterst\u00fctzt. Ihre veganen, tierversuchsfreien Formeln sind sanft und dennoch wirksam \u2013 entwickelt, um Ihrem Haar Kraft, Dichte und Balance zur\u00fcckzugeben, Tropfen f\u00fcr Tropfen. <\/p>\n<h5>Rein, bewusst und tief in der Tradition verwurzelt \u2013 Gol\u00e2b Beauty ist Ihr neues Ritual f\u00fcr strahlendes Haar.<\/h5>\n\n  \n    <div class=\"row large-columns-3 medium-columns-1 small-columns-1 slider row-slider slider-nav-circle slider-nav-light slider-nav-push\"  data-flickity-options='{&quot;imagesLoaded&quot;: true, &quot;groupCells&quot;: &quot;100%&quot;, &quot;dragThreshold&quot; : 5, &quot;cellAlign&quot;: &quot;left&quot;,&quot;wrapAround&quot;: true,&quot;prevNextButtons&quot;: true,&quot;percentPosition&quot;: true,&quot;pageDots&quot;: true, &quot;rightToLeft&quot;: false, &quot;autoPlay&quot; : false}' >\n\n  <div class=\"col post-item\" >\n\t\t\t<div class=\"col-inner\">\n\t\t\t\t<div class=\"box box-normal box-text-bottom box-blog-post has-hover\">\n            \t\t\t\t\t<div class=\"box-image\" >\n  \t\t\t\t\t\t<div class=\"image-cover\" style=\"padding-top:32.25%;\">\n\t\t\t\t\t\t\t<a href=\"https:\/\/dutchhealthstore.com\/de\/golab-beauty-die-antwort-der-natur-fuer-kraeftigeres-dickeres-und-gesuenderes-haar\/\" class=\"plain\" aria-label=\"Gol\u00e2b Beauty: Die Antwort der Natur f\u00fcr kr\u00e4ftigeres, dickeres und ges\u00fcnderes Haar\">\n\t\t\t\t\t\t\t\t<img fetchpriority=\"high\" decoding=\"async\" width=\"800\" height=\"268\" src=\"https:\/\/dutchhealthstore.com\/wp-content\/uploads\/2025\/07\/golab-header-blog-800x268.jpg\" class=\"attachment-medium size-medium wp-post-image\" alt=\"\" srcset=\"https:\/\/dutchhealthstore.com\/wp-content\/uploads\/2025\/07\/golab-header-blog-800x268.jpg 800w, https:\/\/dutchhealthstore.com\/wp-content\/uploads\/2025\/07\/golab-header-blog-768x257.jpg 768w, https:\/\/dutchhealthstore.com\/wp-content\/uploads\/2025\/07\/golab-header-blog-149x50.jpg 149w, https:\/\/dutchhealthstore.com\/wp-content\/uploads\/2025\/07\/golab-header-blog-530x178.jpg 530w, https:\/\/dutchhealthstore.com\/wp-content\/uploads\/2025\/07\/golab-header-blog-64x21.jpg 64w, https:\/\/dutchhealthstore.com\/wp-content\/uploads\/2025\/07\/golab-header-blog.jpg 1390w\" sizes=\"(max-width: 800px) 100vw, 800px\" \/>\t\t\t\t\t\t\t<\/a>\n  \t\t\t\t\t\t\t  \t\t\t\t\t\t\t  \t\t\t\t\t\t<\/div>\n  \t\t\t\t\t\t  \t\t\t\t\t<\/div>\n          \t\t\t\t\t<div class=\"box-text text-center is-small\" >\n\t\t\t\t\t<div class=\"box-text-inner blog-post-inner\">\n\n\t\t\t\t\t\n\t\t\t\t\t\t\t\t\t\t<h5 class=\"post-title is-large \">\n\t\t\t\t\t\t<a href=\"https:\/\/dutchhealthstore.com\/de\/golab-beauty-die-antwort-der-natur-fuer-kraeftigeres-dickeres-und-gesuenderes-haar\/\" class=\"plain\">Gol\u00e2b Beauty: Die Antwort der Natur f\u00fcr kr\u00e4ftigeres, dickeres und ges\u00fcnderes Haar<\/a>\n\t\t\t\t\t<\/h5>\n\t\t\t\t\t\t\t\t\t\t<div class=\"is-divider\"><\/div>\n\t\t\t\t\t\t\t\t\t\t<p class=\"from_the_blog_excerpt \">\n\t\t\t\t\t\tWenn es um nat\u00fcrliche Haarpflege geht, f\u00fchlen sich nur wenige Marken so bewusst und geerdet [...]\t\t\t\t\t<\/p>\n\t\t\t\t\t                    \n\t\t\t\t\t\n\t\t\t\t\t\n\t\t\t\t\t<\/div>\n\t\t\t\t\t<\/div>\n\t\t\t\t\t\t\t\t\t\t\t\t\t\t\t\t<div class=\"badge absolute top post-date badge-square\">\n\t\t\t\t\t\t\t<div class=\"badge-inner\">\n\t\t\t\t\t\t\t\t<span class=\"post-date-day\">02<\/span><br>\n\t\t\t\t\t\t\t\t<span class=\"post-date-month is-xsmall\">Jan.<\/span>\n\t\t\t\t\t\t\t<\/div>\n\t\t\t\t\t\t<\/div>\n\t\t\t\t\t\t\t\t\t<\/div>\n\t\t\t<\/div>\n\t\t<\/div><\/div>\n\n\n\t\t<\/div>\n\t\t\t\t\t<\/div>\n\n\t\n\n<\/div>\n\t<div id=\"gap-2056040784\" class=\"gap-element clearfix\" style=\"display:block; height:auto;\">\n\t\t\n<style>\n#gap-2056040784 {\n  padding-top: 30px;\n}\n<\/style>\n\t<\/div>\n\t\n\n\n\t\t<\/div>\n\n\t\t\n<style>\n#section_1407465691 {\n  padding-top: 50px;\n  padding-bottom: 50px;\n  background-color: rgb(250, 239, 239);\n}\n#section_1407465691 .ux-shape-divider--top svg {\n  height: 150px;\n  --divider-top-width: 100%;\n}\n#section_1407465691 .ux-shape-divider--bottom svg {\n  height: 50px;\n  --divider-width: 108%;\n}\n<\/style>\n\t<\/section>\n\t\n","protected":false},"excerpt":{"rendered":"<p><strong data-start=\"230\" data-end=\"254\">Trockenes oder gesch\u00e4digtes Haar?<\/strong> Unser <strong data-start=\"273\" data-end=\"287\">Haarglanz<\/strong> auf pflanzlicher Basis ist Ihre erste Wahl vor der Haarw\u00e4sche, um Glanz, Geschmeidigkeit und St\u00e4rke in den Mittel- und Spitzenpartien Ihres Haares wiederherzustellen.<\/p>\n","protected":false},"featured_media":347395,"comment_status":"open","ping_status":"closed","template":"","meta":[],"product_brand":[],"product_cat":[21312,10089,8580,8597,1032,1210,511],"product_tag":[10172,21528,9604,21532],"class_list":{"0":"post-347522","1":"product","2":"type-product","3":"status-publish","4":"has-post-thumbnail","6":"product_cat-golab-beauty-de","7":"product_cat-hair-oil-de-2","8":"product_cat-hair-de","9":"product_cat-hair-masks-serums-de","10":"product_cat-kategorien","11":"product_cat-marken","12":"product_cat-produkte","13":"product_tag-hair-de","14":"product_tag-hair-oil-de","15":"product_tag-hydrating-de","16":"product_tag-reparatur","17":"pa_brand-golab-de","18":"pa_gtin-6096417810886-de","19":"pa_haircare-productype-conditioner-de","20":"pa_haircare-productype-hair-masks-serums-de","21":"pa_haircare-productype-hair-oil-de","22":"pa_size-100-ml-de","24":"first","25":"instock","26":"taxable","27":"shipping-taxable","28":"purchasable","29":"product-type-simple"},"bundled_by":[],"bundle_stock_status":"instock","bundle_stock_quantity":23,"bundle_virtual":false,"bundle_layout":"","bundle_add_to_cart_form_location":"","bundle_editable_in_cart":false,"bundle_sold_individually_context":"","bundle_item_grouping":"","bundle_min_size":"","bundle_max_size":"","bundle_price":[],"bundled_items":[],"bundle_sell_ids":[347526],"atum_controlled":true,"out_stock_date":null,"out_stock_threshold":null,"inheritable":false,"stock_on_hold":0,"sold_today":0,"sales_last_days":3,"out_stock_days":0,"lost_sales":0,"update_date":"2026-05-08T18:24:28","atum_locations":[],"atum_stock_status":"instock","restock_status":false,"low_stock_amount":"","sales_update_date":"2026-05-08T18:24:28","calc_backorders":null,"group_of_quantity":0,"min_quantity":0,"max_quantity":"","exclude_order_quantity_value_rules":"no","exclude_category_quantity_rules":"no","combine_variations":"no","yoast_head":"<!-- This site is optimized with the Yoast SEO Premium plugin v26.5 (Yoast SEO v26.5) - https:\/\/yoast.com\/wordpress\/plugins\/seo\/ -->\n<title>HAIR GLOSS for mids and ends - Golab Sch\u00f6nheit<\/title>\n<meta name=\"description\" content=\"Trockenes oder gesch\u00e4digtes Haar? Unser Haarglanz auf pflanzlicher Basis ist Ihre erste Wahl vor der Haarw\u00e4sche, um Glanz, Geschmeidigkeit und St\u00e4rke in den Mittel- und Spitzenpartien Ihres Haares wiederherzustellen.\" \/>\n<meta name=\"robots\" content=\"index, follow, max-snippet:-1, max-image-preview:large, max-video-preview:-1\" \/>\n<link rel=\"canonical\" href=\"https:\/\/dutchhealthstore.com\/de\/product\/hair-gloss-for-mids-and-ends\/\" \/>\n<meta property=\"og:locale\" content=\"de_DE\" \/>\n<meta property=\"og:type\" content=\"article\" \/>\n<meta property=\"og:title\" content=\"HAIR GLOSS for mids and ends - Dutch Health Store\" \/>\n<meta property=\"og:description\" content=\"Trockenes oder gesch\u00e4digtes Haar? Unser Haarglanz auf pflanzlicher Basis ist Ihre erste Wahl vor der Haarw\u00e4sche, um Glanz, Geschmeidigkeit und St\u00e4rke in den Mittel- und Spitzenpartien Ihres Haares wiederherzustellen.\" \/>\n<meta property=\"og:url\" content=\"https:\/\/dutchhealthstore.com\/de\/product\/hair-gloss-for-mids-and-ends\/\" \/>\n<meta property=\"og:site_name\" content=\"Dutch Health Store\" \/>\n<meta property=\"article:publisher\" content=\"https:\/\/www.instagram.com\/dutchhealthstore\/\" \/>\n<meta property=\"article:modified_time\" content=\"2026-03-10T08:18:44+00:00\" \/>\n<meta property=\"og:image\" content=\"https:\/\/dutchhealthstore.com\/wp-content\/uploads\/2025\/07\/hairgloss.jpg\" \/>\n\t<meta property=\"og:image:width\" content=\"730\" \/>\n\t<meta property=\"og:image:height\" content=\"730\" \/>\n\t<meta property=\"og:image:type\" content=\"image\/jpeg\" \/>\n<meta name=\"twitter:card\" content=\"summary_large_image\" \/>\n<meta name=\"twitter:label1\" content=\"Preis\" \/>\n\t<meta name=\"twitter:data1\" content=\"&euro;38,50\" \/>\n\t<meta name=\"twitter:label2\" content=\"Verf\u00fcgbarkeit\" \/>\n\t<meta name=\"twitter:data2\" content=\"Auf Lager\" \/>\n<script type=\"application\/ld+json\" class=\"yoast-schema-graph\">{\"@context\":\"https:\/\/schema.org\",\"@graph\":[{\"@type\":\"WebPage\",\"@id\":\"https:\/\/dutchhealthstore.com\/de\/product\/hair-gloss-for-mids-and-ends\/\",\"url\":\"https:\/\/dutchhealthstore.com\/de\/product\/hair-gloss-for-mids-and-ends\/\",\"name\":\"HAIR GLOSS for mids and ends - Golab Sch\u00f6nheit\",\"isPartOf\":{\"@id\":\"https:\/\/dutchhealthstore.com\/de\/#website\"},\"primaryImageOfPage\":{\"@id\":\"https:\/\/dutchhealthstore.com\/de\/product\/hair-gloss-for-mids-and-ends\/#primaryimage\"},\"image\":{\"@id\":\"https:\/\/dutchhealthstore.com\/de\/product\/hair-gloss-for-mids-and-ends\/#primaryimage\"},\"thumbnailUrl\":\"https:\/\/dutchhealthstore.com\/wp-content\/uploads\/2025\/07\/hairgloss.jpg\",\"datePublished\":\"2025-07-07T06:49:43+00:00\",\"dateModified\":\"2026-03-10T08:18:44+00:00\",\"description\":\"Trockenes oder gesch\u00e4digtes Haar? Unser Haarglanz auf pflanzlicher Basis ist Ihre erste Wahl vor der Haarw\u00e4sche, um Glanz, Geschmeidigkeit und St\u00e4rke in den Mittel- und Spitzenpartien Ihres Haares wiederherzustellen.\",\"breadcrumb\":{\"@id\":\"https:\/\/dutchhealthstore.com\/de\/product\/hair-gloss-for-mids-and-ends\/#breadcrumb\"},\"inLanguage\":\"de\",\"potentialAction\":[{\"@type\":\"ReadAction\",\"target\":[\"https:\/\/dutchhealthstore.com\/de\/product\/hair-gloss-for-mids-and-ends\/\"]}]},{\"@type\":\"ImageObject\",\"inLanguage\":\"de\",\"@id\":\"https:\/\/dutchhealthstore.com\/de\/product\/hair-gloss-for-mids-and-ends\/#primaryimage\",\"url\":\"https:\/\/dutchhealthstore.com\/wp-content\/uploads\/2025\/07\/hairgloss.jpg\",\"contentUrl\":\"https:\/\/dutchhealthstore.com\/wp-content\/uploads\/2025\/07\/hairgloss.jpg\",\"width\":730,\"height\":730},{\"@type\":\"BreadcrumbList\",\"@id\":\"https:\/\/dutchhealthstore.com\/de\/product\/hair-gloss-for-mids-and-ends\/#breadcrumb\",\"itemListElement\":[{\"@type\":\"ListItem\",\"position\":1,\"name\":\"Home\",\"item\":\"https:\/\/dutchhealthstore.com\/de\/\"},{\"@type\":\"ListItem\",\"position\":2,\"name\":\"Shop\",\"item\":\"https:\/\/dutchhealthstore.com\/de\/shop-2\/\"},{\"@type\":\"ListItem\",\"position\":3,\"name\":\"HAIR GLOSS for mids and ends\"}]},{\"@type\":\"WebSite\",\"@id\":\"https:\/\/dutchhealthstore.com\/de\/#website\",\"url\":\"https:\/\/dutchhealthstore.com\/de\/\",\"name\":\"Dutch Health Store\",\"description\":\"Enhance Your Beauty with Organic &amp; Natural Skincare\",\"publisher\":{\"@id\":\"https:\/\/dutchhealthstore.com\/de\/#organization\"},\"potentialAction\":[{\"@type\":\"SearchAction\",\"target\":{\"@type\":\"EntryPoint\",\"urlTemplate\":\"https:\/\/dutchhealthstore.com\/de\/?s={search_term_string}\"},\"query-input\":{\"@type\":\"PropertyValueSpecification\",\"valueRequired\":true,\"valueName\":\"search_term_string\"}}],\"inLanguage\":\"de\"},{\"@type\":\"Organization\",\"@id\":\"https:\/\/dutchhealthstore.com\/de\/#organization\",\"name\":\"Dutch Health Store\",\"url\":\"https:\/\/dutchhealthstore.com\/de\/\",\"logo\":{\"@type\":\"ImageObject\",\"inLanguage\":\"de\",\"@id\":\"https:\/\/dutchhealthstore.com\/de\/#\/schema\/logo\/image\/\",\"url\":\"https:\/\/dutchhealthstore.com\/wp-content\/uploads\/2020\/08\/logo-dutchhealthstore-jpg-e1599484957574.jpg\",\"contentUrl\":\"https:\/\/dutchhealthstore.com\/wp-content\/uploads\/2020\/08\/logo-dutchhealthstore-jpg-e1599484957574.jpg\",\"width\":400,\"height\":62,\"caption\":\"Dutch Health Store\"},\"image\":{\"@id\":\"https:\/\/dutchhealthstore.com\/de\/#\/schema\/logo\/image\/\"},\"sameAs\":[\"https:\/\/www.instagram.com\/dutchhealthstore\/\",\"https:\/\/www.facebook.com\/dutchhealthstore\"]}]}<\/script>\n<!-- \/ Yoast SEO Premium plugin. -->","yoast_head_json":{"title":"HAIR GLOSS for mids and ends - Golab Sch\u00f6nheit","description":"Trockenes oder gesch\u00e4digtes Haar? Unser Haarglanz auf pflanzlicher Basis ist Ihre erste Wahl vor der Haarw\u00e4sche, um Glanz, Geschmeidigkeit und St\u00e4rke in den Mittel- und Spitzenpartien Ihres Haares wiederherzustellen.","robots":{"index":"index","follow":"follow","max-snippet":"max-snippet:-1","max-image-preview":"max-image-preview:large","max-video-preview":"max-video-preview:-1"},"canonical":"https:\/\/dutchhealthstore.com\/de\/product\/hair-gloss-for-mids-and-ends\/","og_locale":"de_DE","og_type":"article","og_title":"HAIR GLOSS for mids and ends - Dutch Health Store","og_description":"Trockenes oder gesch\u00e4digtes Haar? Unser Haarglanz auf pflanzlicher Basis ist Ihre erste Wahl vor der Haarw\u00e4sche, um Glanz, Geschmeidigkeit und St\u00e4rke in den Mittel- und Spitzenpartien Ihres Haares wiederherzustellen.","og_url":"https:\/\/dutchhealthstore.com\/de\/product\/hair-gloss-for-mids-and-ends\/","og_site_name":"Dutch Health Store","article_publisher":"https:\/\/www.instagram.com\/dutchhealthstore\/","article_modified_time":"2026-03-10T08:18:44+00:00","og_image":[{"width":730,"height":730,"url":"https:\/\/dutchhealthstore.com\/wp-content\/uploads\/2025\/07\/hairgloss.jpg","type":"image\/jpeg"}],"twitter_card":"summary_large_image","twitter_misc":{"Preis":"&euro;38,50","Verf\u00fcgbarkeit":"Auf Lager"},"schema":{"@context":"https:\/\/schema.org","@graph":[{"@type":"WebPage","@id":"https:\/\/dutchhealthstore.com\/de\/product\/hair-gloss-for-mids-and-ends\/","url":"https:\/\/dutchhealthstore.com\/de\/product\/hair-gloss-for-mids-and-ends\/","name":"HAIR GLOSS for mids and ends - Golab Sch\u00f6nheit","isPartOf":{"@id":"https:\/\/dutchhealthstore.com\/de\/#website"},"primaryImageOfPage":{"@id":"https:\/\/dutchhealthstore.com\/de\/product\/hair-gloss-for-mids-and-ends\/#primaryimage"},"image":{"@id":"https:\/\/dutchhealthstore.com\/de\/product\/hair-gloss-for-mids-and-ends\/#primaryimage"},"thumbnailUrl":"https:\/\/dutchhealthstore.com\/wp-content\/uploads\/2025\/07\/hairgloss.jpg","datePublished":"2025-07-07T06:49:43+00:00","dateModified":"2026-03-10T08:18:44+00:00","description":"Trockenes oder gesch\u00e4digtes Haar? Unser Haarglanz auf pflanzlicher Basis ist Ihre erste Wahl vor der Haarw\u00e4sche, um Glanz, Geschmeidigkeit und St\u00e4rke in den Mittel- und Spitzenpartien Ihres Haares wiederherzustellen.","breadcrumb":{"@id":"https:\/\/dutchhealthstore.com\/de\/product\/hair-gloss-for-mids-and-ends\/#breadcrumb"},"inLanguage":"de","potentialAction":[{"@type":"ReadAction","target":["https:\/\/dutchhealthstore.com\/de\/product\/hair-gloss-for-mids-and-ends\/"]}]},{"@type":"ImageObject","inLanguage":"de","@id":"https:\/\/dutchhealthstore.com\/de\/product\/hair-gloss-for-mids-and-ends\/#primaryimage","url":"https:\/\/dutchhealthstore.com\/wp-content\/uploads\/2025\/07\/hairgloss.jpg","contentUrl":"https:\/\/dutchhealthstore.com\/wp-content\/uploads\/2025\/07\/hairgloss.jpg","width":730,"height":730},{"@type":"BreadcrumbList","@id":"https:\/\/dutchhealthstore.com\/de\/product\/hair-gloss-for-mids-and-ends\/#breadcrumb","itemListElement":[{"@type":"ListItem","position":1,"name":"Home","item":"https:\/\/dutchhealthstore.com\/de\/"},{"@type":"ListItem","position":2,"name":"Shop","item":"https:\/\/dutchhealthstore.com\/de\/shop-2\/"},{"@type":"ListItem","position":3,"name":"HAIR GLOSS for mids and ends"}]},{"@type":"WebSite","@id":"https:\/\/dutchhealthstore.com\/de\/#website","url":"https:\/\/dutchhealthstore.com\/de\/","name":"Dutch Health Store","description":"Enhance Your Beauty with Organic &amp; Natural Skincare","publisher":{"@id":"https:\/\/dutchhealthstore.com\/de\/#organization"},"potentialAction":[{"@type":"SearchAction","target":{"@type":"EntryPoint","urlTemplate":"https:\/\/dutchhealthstore.com\/de\/?s={search_term_string}"},"query-input":{"@type":"PropertyValueSpecification","valueRequired":true,"valueName":"search_term_string"}}],"inLanguage":"de"},{"@type":"Organization","@id":"https:\/\/dutchhealthstore.com\/de\/#organization","name":"Dutch Health Store","url":"https:\/\/dutchhealthstore.com\/de\/","logo":{"@type":"ImageObject","inLanguage":"de","@id":"https:\/\/dutchhealthstore.com\/de\/#\/schema\/logo\/image\/","url":"https:\/\/dutchhealthstore.com\/wp-content\/uploads\/2020\/08\/logo-dutchhealthstore-jpg-e1599484957574.jpg","contentUrl":"https:\/\/dutchhealthstore.com\/wp-content\/uploads\/2020\/08\/logo-dutchhealthstore-jpg-e1599484957574.jpg","width":400,"height":62,"caption":"Dutch Health Store"},"image":{"@id":"https:\/\/dutchhealthstore.com\/de\/#\/schema\/logo\/image\/"},"sameAs":["https:\/\/www.instagram.com\/dutchhealthstore\/","https:\/\/www.facebook.com\/dutchhealthstore"]}]}},"_links":{"self":[{"href":"https:\/\/dutchhealthstore.com\/de\/wp-json\/wp\/v2\/product\/347522","targetHints":{"allow":["GET"]}}],"collection":[{"href":"https:\/\/dutchhealthstore.com\/de\/wp-json\/wp\/v2\/product"}],"about":[{"href":"https:\/\/dutchhealthstore.com\/de\/wp-json\/wp\/v2\/types\/product"}],"replies":[{"embeddable":true,"href":"https:\/\/dutchhealthstore.com\/de\/wp-json\/wp\/v2\/comments?post=347522"}],"wp:featuredmedia":[{"embeddable":true,"href":"https:\/\/dutchhealthstore.com\/de\/wp-json\/wp\/v2\/media\/347395"}],"wp:attachment":[{"href":"https:\/\/dutchhealthstore.com\/de\/wp-json\/wp\/v2\/media?parent=347522"}],"wp:term":[{"taxonomy":"product_brand","embeddable":true,"href":"https:\/\/dutchhealthstore.com\/de\/wp-json\/wp\/v2\/product_brand?post=347522"},{"taxonomy":"product_cat","embeddable":true,"href":"https:\/\/dutchhealthstore.com\/de\/wp-json\/wp\/v2\/product_cat?post=347522"},{"taxonomy":"product_tag","embeddable":true,"href":"https:\/\/dutchhealthstore.com\/de\/wp-json\/wp\/v2\/product_tag?post=347522"}],"curies":[{"name":"wp","href":"https:\/\/api.w.org\/{rel}","templated":true}]}}