{"id":336575,"date":"2025-04-10T09:54:08","date_gmt":"2025-04-10T07:54:08","guid":{"rendered":"https:\/\/dutchhealthstore.com\/product\/colon-cleanse-kit\/"},"modified":"2025-07-31T15:36:02","modified_gmt":"2025-07-31T13:36:02","slug":"colon-cleanse-kit","status":"publish","type":"product","link":"https:\/\/dutchhealthstore.com\/de\/product\/colon-cleanse-kit\/","title":{"rendered":"Colon Cleanse Kit"},"content":{"rendered":"<p class=\"\" data-start=\"90\" data-end=\"251\">Dieses effektive 3-teilige System umfasst:<\/p>\n<ul data-start=\"253\" data-end=\"661\">\n<li class=\"\" data-start=\"253\" data-end=\"376\">\n<p class=\"\" data-start=\"255\" data-end=\"376\"><strong data-start=\"255\" data-end=\"294\">1 x Oxy-Powder (120 vegane Kapseln)<\/strong> &#8211; Ein sanftes Reinigungsmittel auf Sauerstoffbasis, um Giftstoffe und Abfallstoffe aus Ihrem Darm zu sp\u00fclen.<\/p>\n<\/li>\n<li class=\"\" data-start=\"377\" data-end=\"503\">\n<p class=\"\" data-start=\"379\" data-end=\"503\"><strong data-start=\"379\" data-end=\"419\">1 x Latero-Flora (60 vegane Kapseln)<\/strong> &#8211; Ein starkes Probiotikum, das eine gesunde Verdauung f\u00f6rdert und die Darmbakterien ins Gleichgewicht bringt.<\/p>\n<\/li>\n<li class=\"\" data-start=\"504\" data-end=\"661\">\n<p class=\"\" data-start=\"506\" data-end=\"661\"><strong data-start=\"506\" data-end=\"553\">1 x <em data-start=\"512\" data-end=\"536\">The Green Body Cleanse<\/em> (PDF, Englisch)<\/strong> &#8211; Ein umfassender Leitfaden f\u00fcr Entgiftung und Wellness.<em data-start=\"602\" data-end=\"660\">(Siehe Registerkarte &#8222;Zus\u00e4tzliche Produktinformationen&#8220; f\u00fcr Details zum Download<\/em>)<\/p>\n<\/li>\n<\/ul>\n<h2><strong>Nat\u00fcrliche \/ biologische Inhaltsstoffe <\/strong><\/h2>\n<p>Oxy Powder: Elementares Magnesium, nat\u00fcrliche Zitronens\u00e4ure, Bio-Akaziengummi, Kosher-zertifizierte Kapseln. Latero Flora: Brevibacillus Laterosporus (Non-Dairy BOD Strain) Andere Zutaten: Gummi-Akazie Kosher zertifiziert Vegane Kapseln<\/p>\n<p><strong>Allergeninformationen<\/strong>: Glutenfrei &#8211; Vegan<\/p>\n<p><strong>Zus\u00e4tzliche Informationen<\/strong>: Aufgrund der europ\u00e4ischen Gesetzgebung bez\u00fcglich gesundheitsbezogener Angaben ist es uns leider nicht gestattet, hier vollst\u00e4ndige Informationen \u00fcber die Anwendung dieses Produkts zu geben. Wir empfehlen Ihnen, im Internet und\/oder auf der Website des Herstellers nach genaueren Informationen zu suchen<\/p>\n<p><strong>Warnhinweise<\/strong>: Eine abwechslungsreiche, ausgewogene Ern\u00e4hrung und eine gesunde Lebensweise sind wichtig. Ein Nahrungserg\u00e4nzungsmittel ist kein Ersatz f\u00fcr eine abwechslungsreiche Ern\u00e4hrung. Au\u00dferhalb der Reichweite von kleinen Kindern aufbewahren. Bei Schwangerschaft, Stillzeit, Krankheit oder Einnahme von Medikamenten konsultieren Sie vor der Anwendung Ihren Arzt, Apotheker oder Gesundheitsdienstleister. \u00dcberschreiten Sie nicht die empfohlene Tagesdosis.<\/p>\n<p><strong>Extra Produktinformation :<\/strong><\/p>\n<p><a href=\"https:\/\/dutchhealthstore.com\/wp-content\/uploads\/2025\/04\/green_body_cleanse_updated.pdf\">green_body_cleanse_updated<\/a><br \/>\n<a href=\"https:\/\/dutchhealthstore.com\/wp-content\/uploads\/2025\/04\/ghc_colon_cleanse_en.pdf\">ghc_colon_cleanse_de<\/a><\/p>\n<p><em>An einem k\u00fchlen und trockenen Ort aufbewahren <\/em><\/p>\n\n\t<section class=\"section\" id=\"section_1590049805\">\n\t\t<div class=\"section-bg fill\" >\n\t\t\t\t\t\t\t\t\t\n\t\t\t\n\n\t\t<\/div>\n\n\t\t\n\n\t\t<div class=\"section-content relative\">\n\t\t\t\r\n\r\n<div class=\"is-divider divider clearfix\" style=\"max-width:100%;height:5px;background-color:rgb(135, 188, 113);\"><\/div>\r\n<h3><strong>Mehr \u00fcber Global Healing<\/strong>: Wo Reinheit auf Potenz trifft<\/h3>\r\n\r\n<hr \/>\r\n\r\n<ul>\r\n \t<li><strong><img decoding=\"async\" class=\"alignright wp-image-259518\" src=\"https:\/\/dutchhealthstore.com\/wp-content\/uploads\/2023\/10\/global-healing-color-web.png\" alt=\"global healing dr edward group\" width=\"146\" height=\"146\" srcset=\"https:\/\/dutchhealthstore.com\/wp-content\/uploads\/2023\/10\/global-healing-color-web.png 250w, https:\/\/dutchhealthstore.com\/wp-content\/uploads\/2023\/10\/global-healing-color-web-100x100.png 100w, https:\/\/dutchhealthstore.com\/wp-content\/uploads\/2023\/10\/global-healing-color-web-64x64.png 64w\" sizes=\"(max-width: 146px) 100vw, 146px\" \/>Rohkr\u00e4uter-Extrakt-Technologie: <\/strong>Unser einzigartiges Extraktionsverfahren bewahrt die nat\u00fcrlichen N\u00e4hrstoffe der Pflanze ohne den Einsatz von Hitze, Alkohol oder scharfen Chemikalien.<strong>\r\n<\/strong><\/li>\r\n \t<li><strong>Umweltvertr\u00e4gliche Beschaffung:<\/strong> Alle Inhaltsstoffe stammen von kleinen, biologischen Bauernh\u00f6fen oder aus Wildsammlung, so dass jedes Produkt sowohl rein als auch im Einklang mit der Natur ist.<\/li>\r\n \t<li><strong>Gr\u00fcndlicher Extraktionsprozess:<\/strong> Durch ein mehrstufiges, kaltes Extraktionsverfahren kombinieren wir die aktiven Pflanzenbestandteile mit biologischem pflanzlichem Glycerin und dreifach destilliertem Wasser, wodurch die Heilkraft der Pflanze eingekapselt wird.<\/li>\r\n \t<li><strong>Fortschrittliche Kaltfiltration:<\/strong> Unsere firmeneigene Technologie der Kaltfiltration stellt sicher, dass das fl\u00fcssige Produkt rein bleibt, ohne W\u00e4rme zu erzeugen, wodurch die empfindlichen Bestandteile der Kr\u00e4uter erhalten bleiben.<\/li>\r\n \t<li><strong>ORMUS Supercharged Mineralien<\/strong>: In einem letzten Schritt machen wir unsere Fl\u00fcssigextrakte durch die Zugabe von ORMUS Supercharged Minerals, die nach alten alchemistischen Methoden hergestellt werden, noch bioverf\u00fcgbarer und stabiler.<\/li>\r\n \t<li><strong>Qualit\u00e4ts- und Reinheitsgarantie<\/strong>: Alle Produkte werden strengen Tests unterzogen, um sicherzustellen, dass die h\u00f6chsten Qualit\u00e4ts- und Reinheitsstandards erf\u00fcllt werden.<\/li>\r\n<\/ul>\r\n\t\t<\/div>\n\n\t\t\n<style>\n#section_1590049805 {\n  padding-top: 30px;\n  padding-bottom: 30px;\n}\n<\/style>\n\t<\/section>\n\t\n<p>&nbsp;<\/p>\n","protected":false},"excerpt":{"rendered":"<p>Unterst\u00fctzen Sie Ihre Darmgesundheit auf nat\u00fcrliche Weise mit dem Colon Cleanse Kit von Global Healing.<\/p>\n","protected":false},"featured_media":336087,"comment_status":"open","ping_status":"closed","template":"","meta":[],"product_brand":[],"product_cat":[8474,8473,18390,6761,1032,1210,8472,511,8993],"product_tag":[9635,21541,21522,21523],"class_list":{"0":"post-336575","1":"product","2":"type-product","3":"status-publish","4":"has-post-thumbnail","6":"product_cat-detox-cleanse-de-2","7":"product_cat-health-de-2","8":"product_cat-global-healing-de","9":"product_cat-remedies-de-2","10":"product_cat-kategorien","11":"product_cat-marken","12":"product_cat-nutrition-de","13":"product_cat-produkte","14":"product_cat-digestion-gut-health-de","15":"product_tag-detox-de","16":"product_tag-erganzung","17":"product_tag-optimale-gesundheit","18":"product_tag-verdauung","19":"pa_brand-global-healing-de","20":"pa_gtin-867574488331-de","21":"pa_health-productype-supplements-de","22":"pa_health-productype-optimum-health-de","23":"pa_health-productype-digestion-gut-health-de","25":"first","26":"instock","27":"taxable","28":"shipping-taxable","29":"purchasable","30":"product-type-simple"},"bundled_by":[],"bundle_stock_status":"instock","bundle_stock_quantity":1,"bundle_virtual":false,"bundle_layout":"","bundle_add_to_cart_form_location":"","bundle_editable_in_cart":false,"bundle_sold_individually_context":"","bundle_item_grouping":"","bundle_min_size":"","bundle_max_size":"","bundle_price":[],"bundled_items":[],"bundle_sell_ids":[275546],"atum_controlled":true,"out_stock_date":null,"out_stock_threshold":null,"inheritable":false,"stock_on_hold":0,"sold_today":0,"sales_last_days":0,"out_stock_days":0,"lost_sales":0,"update_date":"2026-04-11T00:02:20","atum_locations":[],"atum_stock_status":"instock","restock_status":false,"low_stock_amount":"","sales_update_date":"2026-04-11T00:02:20","calc_backorders":null,"group_of_quantity":0,"min_quantity":0,"max_quantity":"","exclude_order_quantity_value_rules":"no","exclude_category_quantity_rules":"no","combine_variations":"no","yoast_head":"<!-- This site is optimized with the Yoast SEO Premium plugin v26.5 (Yoast SEO v26.5) - https:\/\/yoast.com\/wordpress\/plugins\/seo\/ -->\n<title>Colon Cleanse Kit - Global Healing<\/title>\n<meta name=\"description\" content=\"Unterst\u00fctzen Sie Ihre Darmgesundheit auf nat\u00fcrliche Weise mit dem Colon Cleanse Kit von Global Healing.\" \/>\n<meta name=\"robots\" content=\"index, follow, max-snippet:-1, max-image-preview:large, max-video-preview:-1\" \/>\n<link rel=\"canonical\" href=\"https:\/\/dutchhealthstore.com\/de\/product\/colon-cleanse-kit\/\" \/>\n<meta property=\"og:locale\" content=\"de_DE\" \/>\n<meta property=\"og:type\" content=\"article\" \/>\n<meta property=\"og:title\" content=\"Colon Cleanse Kit - Dutch Health Store\" \/>\n<meta property=\"og:description\" content=\"Unterst\u00fctzen Sie Ihre Darmgesundheit auf nat\u00fcrliche Weise mit dem Colon Cleanse Kit von Global Healing.\" \/>\n<meta property=\"og:url\" content=\"https:\/\/dutchhealthstore.com\/de\/product\/colon-cleanse-kit\/\" \/>\n<meta property=\"og:site_name\" content=\"Dutch Health Store\" \/>\n<meta property=\"article:publisher\" content=\"https:\/\/www.instagram.com\/dutchhealthstore\/\" \/>\n<meta property=\"article:modified_time\" content=\"2025-07-31T13:36:02+00:00\" \/>\n<meta property=\"og:image\" content=\"https:\/\/dutchhealthstore.com\/wp-content\/uploads\/2025\/04\/global-healing-darm-detox-kit.jpg\" \/>\n\t<meta property=\"og:image:width\" content=\"530\" \/>\n\t<meta property=\"og:image:height\" content=\"530\" \/>\n\t<meta property=\"og:image:type\" content=\"image\/jpeg\" \/>\n<meta name=\"twitter:card\" content=\"summary_large_image\" \/>\n<meta name=\"twitter:label1\" content=\"Preis\" \/>\n\t<meta name=\"twitter:data1\" content=\"&euro;92,95\" \/>\n\t<meta name=\"twitter:label2\" content=\"Verf\u00fcgbarkeit\" \/>\n\t<meta name=\"twitter:data2\" content=\"Auf Lager\" \/>\n<script type=\"application\/ld+json\" class=\"yoast-schema-graph\">{\"@context\":\"https:\/\/schema.org\",\"@graph\":[{\"@type\":\"WebPage\",\"@id\":\"https:\/\/dutchhealthstore.com\/de\/product\/colon-cleanse-kit\/\",\"url\":\"https:\/\/dutchhealthstore.com\/de\/product\/colon-cleanse-kit\/\",\"name\":\"Colon Cleanse Kit - Global Healing\",\"isPartOf\":{\"@id\":\"https:\/\/dutchhealthstore.com\/de\/#website\"},\"primaryImageOfPage\":{\"@id\":\"https:\/\/dutchhealthstore.com\/de\/product\/colon-cleanse-kit\/#primaryimage\"},\"image\":{\"@id\":\"https:\/\/dutchhealthstore.com\/de\/product\/colon-cleanse-kit\/#primaryimage\"},\"thumbnailUrl\":\"https:\/\/dutchhealthstore.com\/wp-content\/uploads\/2025\/04\/global-healing-darm-detox-kit.jpg\",\"datePublished\":\"2025-04-10T07:54:08+00:00\",\"dateModified\":\"2025-07-31T13:36:02+00:00\",\"description\":\"Unterst\u00fctzen Sie Ihre Darmgesundheit auf nat\u00fcrliche Weise mit dem Colon Cleanse Kit von Global Healing.\",\"breadcrumb\":{\"@id\":\"https:\/\/dutchhealthstore.com\/de\/product\/colon-cleanse-kit\/#breadcrumb\"},\"inLanguage\":\"de\",\"potentialAction\":[{\"@type\":\"ReadAction\",\"target\":[\"https:\/\/dutchhealthstore.com\/de\/product\/colon-cleanse-kit\/\"]}]},{\"@type\":\"ImageObject\",\"inLanguage\":\"de\",\"@id\":\"https:\/\/dutchhealthstore.com\/de\/product\/colon-cleanse-kit\/#primaryimage\",\"url\":\"https:\/\/dutchhealthstore.com\/wp-content\/uploads\/2025\/04\/global-healing-darm-detox-kit.jpg\",\"contentUrl\":\"https:\/\/dutchhealthstore.com\/wp-content\/uploads\/2025\/04\/global-healing-darm-detox-kit.jpg\",\"width\":530,\"height\":530,\"caption\":\"global-healing-darm-detox-kit\"},{\"@type\":\"BreadcrumbList\",\"@id\":\"https:\/\/dutchhealthstore.com\/de\/product\/colon-cleanse-kit\/#breadcrumb\",\"itemListElement\":[{\"@type\":\"ListItem\",\"position\":1,\"name\":\"Home\",\"item\":\"https:\/\/dutchhealthstore.com\/de\/\"},{\"@type\":\"ListItem\",\"position\":2,\"name\":\"Shop\",\"item\":\"https:\/\/dutchhealthstore.com\/de\/shop-2\/\"},{\"@type\":\"ListItem\",\"position\":3,\"name\":\"Colon Cleanse Kit\"}]},{\"@type\":\"WebSite\",\"@id\":\"https:\/\/dutchhealthstore.com\/de\/#website\",\"url\":\"https:\/\/dutchhealthstore.com\/de\/\",\"name\":\"Dutch Health Store\",\"description\":\"Enhance Your Beauty with Organic &amp; Natural Skincare\",\"publisher\":{\"@id\":\"https:\/\/dutchhealthstore.com\/de\/#organization\"},\"potentialAction\":[{\"@type\":\"SearchAction\",\"target\":{\"@type\":\"EntryPoint\",\"urlTemplate\":\"https:\/\/dutchhealthstore.com\/de\/?s={search_term_string}\"},\"query-input\":{\"@type\":\"PropertyValueSpecification\",\"valueRequired\":true,\"valueName\":\"search_term_string\"}}],\"inLanguage\":\"de\"},{\"@type\":\"Organization\",\"@id\":\"https:\/\/dutchhealthstore.com\/de\/#organization\",\"name\":\"Dutch Health Store\",\"url\":\"https:\/\/dutchhealthstore.com\/de\/\",\"logo\":{\"@type\":\"ImageObject\",\"inLanguage\":\"de\",\"@id\":\"https:\/\/dutchhealthstore.com\/de\/#\/schema\/logo\/image\/\",\"url\":\"https:\/\/dutchhealthstore.com\/wp-content\/uploads\/2020\/08\/logo-dutchhealthstore-jpg-e1599484957574.jpg\",\"contentUrl\":\"https:\/\/dutchhealthstore.com\/wp-content\/uploads\/2020\/08\/logo-dutchhealthstore-jpg-e1599484957574.jpg\",\"width\":400,\"height\":62,\"caption\":\"Dutch Health Store\"},\"image\":{\"@id\":\"https:\/\/dutchhealthstore.com\/de\/#\/schema\/logo\/image\/\"},\"sameAs\":[\"https:\/\/www.instagram.com\/dutchhealthstore\/\",\"https:\/\/www.facebook.com\/dutchhealthstore\"]}]}<\/script>\n<meta property=\"product:brand\" content=\"Global Healing\" \/>\n<meta property=\"product:price:amount\" content=\"92.95\" \/>\n<meta property=\"product:price:currency\" content=\"EUR\" \/>\n<meta property=\"og:availability\" content=\"instock\" \/>\n<meta property=\"product:availability\" content=\"instock\" \/>\n<meta property=\"product:retailer_item_id\" content=\"GHCK007\" \/>\n<meta property=\"product:condition\" content=\"new\" \/>\n<!-- \/ Yoast SEO Premium plugin. -->","yoast_head_json":{"title":"Colon Cleanse Kit - Global Healing","description":"Unterst\u00fctzen Sie Ihre Darmgesundheit auf nat\u00fcrliche Weise mit dem Colon Cleanse Kit von Global Healing.","robots":{"index":"index","follow":"follow","max-snippet":"max-snippet:-1","max-image-preview":"max-image-preview:large","max-video-preview":"max-video-preview:-1"},"canonical":"https:\/\/dutchhealthstore.com\/de\/product\/colon-cleanse-kit\/","og_locale":"de_DE","og_type":"article","og_title":"Colon Cleanse Kit - Dutch Health Store","og_description":"Unterst\u00fctzen Sie Ihre Darmgesundheit auf nat\u00fcrliche Weise mit dem Colon Cleanse Kit von Global Healing.","og_url":"https:\/\/dutchhealthstore.com\/de\/product\/colon-cleanse-kit\/","og_site_name":"Dutch Health Store","article_publisher":"https:\/\/www.instagram.com\/dutchhealthstore\/","article_modified_time":"2025-07-31T13:36:02+00:00","og_image":[{"width":530,"height":530,"url":"https:\/\/dutchhealthstore.com\/wp-content\/uploads\/2025\/04\/global-healing-darm-detox-kit.jpg","type":"image\/jpeg"}],"twitter_card":"summary_large_image","twitter_misc":{"Preis":"&euro;92,95","Verf\u00fcgbarkeit":"Auf Lager"},"schema":{"@context":"https:\/\/schema.org","@graph":[{"@type":"WebPage","@id":"https:\/\/dutchhealthstore.com\/de\/product\/colon-cleanse-kit\/","url":"https:\/\/dutchhealthstore.com\/de\/product\/colon-cleanse-kit\/","name":"Colon Cleanse Kit - Global Healing","isPartOf":{"@id":"https:\/\/dutchhealthstore.com\/de\/#website"},"primaryImageOfPage":{"@id":"https:\/\/dutchhealthstore.com\/de\/product\/colon-cleanse-kit\/#primaryimage"},"image":{"@id":"https:\/\/dutchhealthstore.com\/de\/product\/colon-cleanse-kit\/#primaryimage"},"thumbnailUrl":"https:\/\/dutchhealthstore.com\/wp-content\/uploads\/2025\/04\/global-healing-darm-detox-kit.jpg","datePublished":"2025-04-10T07:54:08+00:00","dateModified":"2025-07-31T13:36:02+00:00","description":"Unterst\u00fctzen Sie Ihre Darmgesundheit auf nat\u00fcrliche Weise mit dem Colon Cleanse Kit von Global Healing.","breadcrumb":{"@id":"https:\/\/dutchhealthstore.com\/de\/product\/colon-cleanse-kit\/#breadcrumb"},"inLanguage":"de","potentialAction":[{"@type":"ReadAction","target":["https:\/\/dutchhealthstore.com\/de\/product\/colon-cleanse-kit\/"]}]},{"@type":"ImageObject","inLanguage":"de","@id":"https:\/\/dutchhealthstore.com\/de\/product\/colon-cleanse-kit\/#primaryimage","url":"https:\/\/dutchhealthstore.com\/wp-content\/uploads\/2025\/04\/global-healing-darm-detox-kit.jpg","contentUrl":"https:\/\/dutchhealthstore.com\/wp-content\/uploads\/2025\/04\/global-healing-darm-detox-kit.jpg","width":530,"height":530,"caption":"global-healing-darm-detox-kit"},{"@type":"BreadcrumbList","@id":"https:\/\/dutchhealthstore.com\/de\/product\/colon-cleanse-kit\/#breadcrumb","itemListElement":[{"@type":"ListItem","position":1,"name":"Home","item":"https:\/\/dutchhealthstore.com\/de\/"},{"@type":"ListItem","position":2,"name":"Shop","item":"https:\/\/dutchhealthstore.com\/de\/shop-2\/"},{"@type":"ListItem","position":3,"name":"Colon Cleanse Kit"}]},{"@type":"WebSite","@id":"https:\/\/dutchhealthstore.com\/de\/#website","url":"https:\/\/dutchhealthstore.com\/de\/","name":"Dutch Health Store","description":"Enhance Your Beauty with Organic &amp; Natural Skincare","publisher":{"@id":"https:\/\/dutchhealthstore.com\/de\/#organization"},"potentialAction":[{"@type":"SearchAction","target":{"@type":"EntryPoint","urlTemplate":"https:\/\/dutchhealthstore.com\/de\/?s={search_term_string}"},"query-input":{"@type":"PropertyValueSpecification","valueRequired":true,"valueName":"search_term_string"}}],"inLanguage":"de"},{"@type":"Organization","@id":"https:\/\/dutchhealthstore.com\/de\/#organization","name":"Dutch Health Store","url":"https:\/\/dutchhealthstore.com\/de\/","logo":{"@type":"ImageObject","inLanguage":"de","@id":"https:\/\/dutchhealthstore.com\/de\/#\/schema\/logo\/image\/","url":"https:\/\/dutchhealthstore.com\/wp-content\/uploads\/2020\/08\/logo-dutchhealthstore-jpg-e1599484957574.jpg","contentUrl":"https:\/\/dutchhealthstore.com\/wp-content\/uploads\/2020\/08\/logo-dutchhealthstore-jpg-e1599484957574.jpg","width":400,"height":62,"caption":"Dutch Health Store"},"image":{"@id":"https:\/\/dutchhealthstore.com\/de\/#\/schema\/logo\/image\/"},"sameAs":["https:\/\/www.instagram.com\/dutchhealthstore\/","https:\/\/www.facebook.com\/dutchhealthstore"]}]},"product_brand":"Global Healing","product_price_amount":"92.95","product_price_currency":"EUR","og_availability":"instock","product_availability":"instock","product_retailer_item_id":"GHCK007","product_condition":"new"},"_links":{"self":[{"href":"https:\/\/dutchhealthstore.com\/de\/wp-json\/wp\/v2\/product\/336575","targetHints":{"allow":["GET"]}}],"collection":[{"href":"https:\/\/dutchhealthstore.com\/de\/wp-json\/wp\/v2\/product"}],"about":[{"href":"https:\/\/dutchhealthstore.com\/de\/wp-json\/wp\/v2\/types\/product"}],"replies":[{"embeddable":true,"href":"https:\/\/dutchhealthstore.com\/de\/wp-json\/wp\/v2\/comments?post=336575"}],"wp:featuredmedia":[{"embeddable":true,"href":"https:\/\/dutchhealthstore.com\/de\/wp-json\/wp\/v2\/media\/336087"}],"wp:attachment":[{"href":"https:\/\/dutchhealthstore.com\/de\/wp-json\/wp\/v2\/media?parent=336575"}],"wp:term":[{"taxonomy":"product_brand","embeddable":true,"href":"https:\/\/dutchhealthstore.com\/de\/wp-json\/wp\/v2\/product_brand?post=336575"},{"taxonomy":"product_cat","embeddable":true,"href":"https:\/\/dutchhealthstore.com\/de\/wp-json\/wp\/v2\/product_cat?post=336575"},{"taxonomy":"product_tag","embeddable":true,"href":"https:\/\/dutchhealthstore.com\/de\/wp-json\/wp\/v2\/product_tag?post=336575"}],"curies":[{"name":"wp","href":"https:\/\/api.w.org\/{rel}","templated":true}]}}