{"id":336524,"date":"2024-09-26T12:29:43","date_gmt":"2024-09-26T10:29:43","guid":{"rendered":"https:\/\/dutchhealthstore.com\/product\/holi-sun-spf-50-dewy-tinted-skin-drops\/"},"modified":"2026-04-15T22:51:51","modified_gmt":"2026-04-15T20:51:51","slug":"holi-sun-spf-50-dewy-tinted-skin-drops","status":"publish","type":"product","link":"https:\/\/dutchhealthstore.com\/de\/product\/holi-sun-spf-50-dewy-tinted-skin-drops\/","title":{"rendered":"Holi (Sun) SPF 50 Dewy Tinted Skin Drops"},"content":{"rendered":"<p>Holi (sun) ist ein get\u00f6nter, nicht nanoskaliger Zinkoxid-Sonnenschutztropfen mit LSF 50+, der \u00fcber 98% der UVA- und UVB-Strahlung blockiert. Mit Niacinamid angereichert, hilft es, einen ungleichm\u00e4\u00dfigen Hautton zu reduzieren, sch\u00fctzt vor freien Radikalen und blockiert \u00fcber 35% der blauen Lichtstrahlung (HEVL). Diese ungiftige Formel deckt leicht ab und verleiht dank einer Mischung aus feuchtigkeitsspendendem Squalen auf pflanzlicher Basis und fetts\u00e4urereichem Reiskleieextrakt ein strahlendes Aussehen. Das Ergebnis? Ein Multitasking-Produkt, das Hautpflege, Sonnenschutz und einen Teintverbesserer in einer leicht zu transportierenden Tinktur vereint &#8211; ohne einen wei\u00dfen Fleck zu hinterlassen.<\/p>\n<p>Sie enth\u00e4lt 12% Nicht-Nano-Zinkoxid f\u00fcr einen Breitbandschutz mit LSF 50+, reduziert R\u00f6tungen mit entz\u00fcndungshemmenden Eigenschaften, beruhigt die Haut und verhindert verstopfte Poren. Es bildet einen Schutzschild gegen mehr als 35% des blauen Lichts (HEVL), verst\u00e4rkt die antioxidative Aktivit\u00e4t mit Niacinamid und Tocopherol und verbessert die Feuchtigkeitszufuhr innerhalb von 30 Minuten durch pflanzliches Squalen und Reiskleieextrakt um 60%. Au\u00dferdem mildert es R\u00f6tungen mit Bisabolol, Rosmarinblatt und Gr\u00fcntee-Extrakt, verbessert die Textur mit Niacinamid, minimiert feine Linien mit Allantoin und f\u00f6rdert den Zellumsatz.<\/p>\n<h3><strong>Vorteile<\/strong><\/h3>\n<p>Die Formulierung mit 12% Nicht-Nano-Zinkoxid bietet einen Schutz mit LSF 50+ und blockiert \u00fcber 98% der UVA- und UVB-Strahlen. Seine entz\u00fcndungshemmenden und antimikrobiellen Eigenschaften helfen, R\u00f6tungen zu reduzieren, die Haut zu beruhigen und verstopfte Poren zu verhindern.<\/p>\n<p>Dieser Sonnenschutz bildet au\u00dferdem eine Schutzbarriere gegen mehr als 35% des blauen Lichts (HEVL), verst\u00e4rkt die antioxidative Aktivit\u00e4t mit Vitamin B3-reichem Niacinamid und Tocopherol und verbessert die Hydratation in nur 30 Minuten um 60% mit pflanzlichem Squalen und fetts\u00e4urereichem Reiskleieextrakt. Zus\u00e4tzlich beruhigt es Irritationen mit Bisabolol, Rosmarinblattextrakt und Gr\u00fcntee-Extrakt, w\u00e4hrend Niacinamid die Hautstruktur verbessert und Hyperpigmentierung reduziert. Allantoin minimiert das Erscheinungsbild feiner Linien, indem es den Zellumsatz f\u00f6rdert und die Kollagensynthese stimuliert. Es bietet eine flexible, leichte Abdeckung, die sich den ganzen Tag \u00fcber mit Ihrer Haut bewegt.<\/p>\n<h3><strong>Schattierungen<\/strong><\/h3>\n<p><strong>Ivory<\/strong> &#8211; heller Teint<\/p>\n<p><strong>Beige<\/strong> &#8211; heller Teint<\/p>\n<h3><strong>Gr\u00f6\u00dfe: 30 ml \/ 1 Unze  <\/strong><\/h3>\n<h3>Wie zu verwenden<\/h3>\n<p>F\u00fcr eine optimale Anwendung tragen Sie das Produkt 15 Minuten vor dem Sonnenbad auf Gesicht, Hals, Dekollet\u00e9 und Ohren auf und verreiben es mit den Fingern. Tragen Sie es bei Bedarf alle zwei Stunden erneut auf.<\/p>\n<h3>Zutaten<\/h3>\n<p>Aktiver Inhaltsstoff: Zinkoxid 12% Inaktive Bestandteile Wasser, C12-15 Alkyl Benzoate, Caprylic\/Capric Triglyceride, Jojoba Esters, Polyglyceryl-4 Diisostearate\/Polyhydroxystearate\/Sebacate, Propanediol, Tridecyl Salicylate, Niacinamide, Nylon-12, Methylpropanediol, Silica, Coco-Caprylate, Polyglyceryl-2 Dipolyhydroxystearate, Sodium Chloride, Caprylyl Glycol, Carthamus Tinctorius (Safflower) Seed Oil, Bisabolol, Allantoin, Oryza Sativa (Rice) Bran Extract, Lecithin, Stearalkonium Hectorite, Polyglyceryl-3 Diisostearate, Polyglyceryl-3 Polyricinoleate, Phenylpropanol, Eisenoxide, Helianthus Annuus (Sonnenblume) Extrakt, Citrus Aurantium Bergamia (Bergamotte) Frucht\u00f6l, Salvia Triloba Blattextrakt, Tocopherol, Salvia Officinalis (Salbei) Blattextrakt, Rosmarinus Officinalis (Rosmarin) Blattextrakt, Tetrasodium Glutamate Diacetate, Jasminum Officinale (Jasmine) Flower\/Leaf Extract, Lavandula Angustifolia (Lavender) Flower\/Leaf\/Stem Extract, Rutin, Pelargonium Graveolens (Geranium) Extract, Linalool\u2020, Limonene\u2020, Hydrogenated Lecithin, Sodium Hydroxide \u2020Allergen<\/p>\n<div style=\"width: 360px;\" class=\"wp-video\"><!--[if lt IE 9]><script>document.createElement('video');<\/script><![endif]-->\n<video class=\"wp-video-shortcode\" id=\"video-336524-1\" width=\"360\" height=\"640\" preload=\"metadata\" controls=\"controls\"><source type=\"video\/mp4\" src=\"https:\/\/dutchhealthstore.com\/wp-content\/uploads\/2024\/09\/Untitled-design.mp4?_=1\" \/><a href=\"https:\/\/dutchhealthstore.com\/wp-content\/uploads\/2024\/09\/Untitled-design.mp4\">https:\/\/dutchhealthstore.com\/wp-content\/uploads\/2024\/09\/Untitled-design.mp4<\/a><\/video><\/div>\n","protected":false},"excerpt":{"rendered":"<p>Holi (Sonne) ist ein get\u00f6nter Sonnenschutz mit LSF 50+, der mit nicht-nano Zinkoxid formuliert wurde, um \u00fcber 98% der UVA- und UVB-Strahlen zu blockieren, w\u00e4hrend Niacinamid vor freien Radikalen und blauem Licht sch\u00fctzt. Dank Squalan auf pflanzlicher Basis und Reiskleieextrakt bietet es eine leichte, feuchtigkeitsspendende Abdeckung, die der Haut einen strahlenden Glanz verleiht, ohne einen wei\u00dfen Schimmer zu hinterlassen.<\/p>\n","protected":false},"featured_media":312864,"comment_status":"open","ping_status":"closed","template":"","meta":[],"product_brand":[],"product_cat":[6666,5650,1227,5719,5669,5651,5720,5647,5652,5653,5145,14735,1032,1041,1210,5636,5649,5101,511,5864,5648,5634],"product_tag":[21361,6250,9772,4656],"class_list":{"0":"post-336524","1":"product","2":"type-product","3":"status-publish","4":"has-post-thumbnail","6":"product_cat-agent-nateur-de","7":"product_cat-sensitive-skin-redness-de-3","8":"product_cat-sensitive-skin-redness-de","9":"product_cat-oily-skin-clogged-pores-de-4","10":"product_cat-oily-skin-clogged-pores-de","11":"product_cat-moisturizers-de-de-2","12":"product_cat-moisturizers-de-de-3","13":"product_cat-moisturizers-de-de","14":"product_cat-moisturizers-dde","15":"product_cat-moisturizers-de-de-4","16":"product_cat-foundation-de","17":"product_cat-hautpflege","18":"product_cat-kategorien","19":"product_cat-make-up-de","20":"product_cat-marken","21":"product_cat-normal-or-combination-skin-de-2","22":"product_cat-normal-or-combination-skin-de-3","23":"product_cat-by-skin-type-de-4","24":"product_cat-produkte","25":"product_cat-sun-outdoor-care-de-2","26":"product_cat-dry-mature-ageing-skin-de-3","27":"product_cat-dry-mature-ageing-skin-de-2","28":"product_tag-face-care-de","29":"product_tag-make-up-de","30":"product_tag-moisturizer-de","31":"product_tag-sun-care-de","32":"pa_brand-agent-nateur-de","33":"pa_make-up-productype-foundation-de","34":"pa_shade-beige-de","35":"pa_shade-ivory-de","36":"pa_size-1-oz-30ml-de","37":"pa_skincare-type-face-oil-and-serums-de","38":"pa_skincare-type-moisturizers-de","39":"pa_skincare-type-suncare-de","40":"pa_skintype-normal-combination-skin-de","41":"pa_skintype-oily-skin-de","42":"pa_skintype-sensitive-skin-redness-de","43":"pa_skintype-dry-mature-ageing-skin-de","45":"first","46":"instock","47":"taxable","48":"shipping-taxable","49":"purchasable","50":"product-type-variable"},"bundled_by":[],"bundle_stock_status":"instock","bundle_stock_quantity":null,"bundle_virtual":false,"bundle_layout":"","bundle_add_to_cart_form_location":"","bundle_editable_in_cart":false,"bundle_sold_individually_context":"","bundle_item_grouping":"","bundle_min_size":"","bundle_max_size":"","bundle_price":[],"bundled_items":[],"bundle_sell_ids":[230771],"atum_controlled":true,"out_stock_date":null,"out_stock_threshold":null,"inheritable":true,"stock_on_hold":1,"sold_today":0,"sales_last_days":2,"out_stock_days":0,"lost_sales":0,"update_date":"2026-04-30T12:09:22","atum_locations":[],"atum_stock_status":"instock","restock_status":false,"low_stock_amount":"","sales_update_date":"2026-04-30T12:09:22","calc_backorders":null,"group_of_quantity":0,"min_quantity":0,"max_quantity":"","exclude_order_quantity_value_rules":"no","exclude_category_quantity_rules":"no","combine_variations":"no","yoast_head":"<!-- This site is optimized with the Yoast SEO Premium plugin v26.5 (Yoast SEO v26.5) - https:\/\/yoast.com\/wordpress\/plugins\/seo\/ -->\n<title>Holi (Sun) SPF 50 Dewy Tinted Skin Drops - Agent Nateur<\/title>\n<meta name=\"description\" content=\"Holi (sun) ist ein get\u00f6nter Sonnenschutz mit LSF 50+, der die Haut vor \u00fcber 98% der UVA- und UVB-Strahlen sch\u00fctzt und gleichzeitig ein strahlendes, nicht wei\u00dfes Finish bietet.\" \/>\n<meta name=\"robots\" content=\"index, follow, max-snippet:-1, max-image-preview:large, max-video-preview:-1\" \/>\n<link rel=\"canonical\" href=\"https:\/\/dutchhealthstore.com\/de\/product\/holi-sun-spf-50-dewy-tinted-skin-drops\/\" \/>\n<meta property=\"og:locale\" content=\"de_DE\" \/>\n<meta property=\"og:type\" content=\"article\" \/>\n<meta property=\"og:title\" content=\"Holi (Sun) SPF 50 Dewy Tinted Skin Drops - Dutch Health Store\" \/>\n<meta property=\"og:description\" content=\"Holi (sun) ist ein get\u00f6nter Sonnenschutz mit LSF 50+, der die Haut vor \u00fcber 98% der UVA- und UVB-Strahlen sch\u00fctzt und gleichzeitig ein strahlendes, nicht wei\u00dfes Finish bietet.\" \/>\n<meta property=\"og:url\" content=\"https:\/\/dutchhealthstore.com\/de\/product\/holi-sun-spf-50-dewy-tinted-skin-drops\/\" \/>\n<meta property=\"og:site_name\" content=\"Dutch Health Store\" \/>\n<meta property=\"article:publisher\" content=\"https:\/\/www.instagram.com\/dutchhealthstore\/\" \/>\n<meta property=\"article:modified_time\" content=\"2026-04-15T20:51:51+00:00\" \/>\n<meta property=\"og:image\" content=\"https:\/\/dutchhealthstore.com\/wp-content\/uploads\/2024\/09\/agent-natuer_0000s_0011_holi-sun.jpg\" \/>\n\t<meta property=\"og:image:width\" content=\"530\" \/>\n\t<meta property=\"og:image:height\" content=\"530\" \/>\n\t<meta property=\"og:image:type\" content=\"image\/jpeg\" \/>\n<meta name=\"twitter:card\" content=\"summary_large_image\" \/>\n<meta name=\"twitter:label1\" content=\"Verf\u00fcgbarkeit\" \/>\n\t<meta name=\"twitter:data1\" content=\"Auf Lager\" \/>\n<script type=\"application\/ld+json\" class=\"yoast-schema-graph\">{\"@context\":\"https:\/\/schema.org\",\"@graph\":[{\"@type\":\"WebPage\",\"@id\":\"https:\/\/dutchhealthstore.com\/de\/product\/holi-sun-spf-50-dewy-tinted-skin-drops\/\",\"url\":\"https:\/\/dutchhealthstore.com\/de\/product\/holi-sun-spf-50-dewy-tinted-skin-drops\/\",\"name\":\"Holi (Sun) SPF 50 Dewy Tinted Skin Drops - Agent Nateur\",\"isPartOf\":{\"@id\":\"https:\/\/dutchhealthstore.com\/de\/#website\"},\"primaryImageOfPage\":{\"@id\":\"https:\/\/dutchhealthstore.com\/de\/product\/holi-sun-spf-50-dewy-tinted-skin-drops\/#primaryimage\"},\"image\":{\"@id\":\"https:\/\/dutchhealthstore.com\/de\/product\/holi-sun-spf-50-dewy-tinted-skin-drops\/#primaryimage\"},\"thumbnailUrl\":\"https:\/\/dutchhealthstore.com\/wp-content\/uploads\/2024\/09\/agent-natuer_0000s_0011_holi-sun.jpg\",\"datePublished\":\"2024-09-26T10:29:43+00:00\",\"dateModified\":\"2026-04-15T20:51:51+00:00\",\"description\":\"Holi (sun) ist ein get\u00f6nter Sonnenschutz mit LSF 50+, der die Haut vor \u00fcber 98% der UVA- und UVB-Strahlen sch\u00fctzt und gleichzeitig ein strahlendes, nicht wei\u00dfes Finish bietet.\",\"breadcrumb\":{\"@id\":\"https:\/\/dutchhealthstore.com\/de\/product\/holi-sun-spf-50-dewy-tinted-skin-drops\/#breadcrumb\"},\"inLanguage\":\"de\",\"potentialAction\":[{\"@type\":\"ReadAction\",\"target\":[\"https:\/\/dutchhealthstore.com\/de\/product\/holi-sun-spf-50-dewy-tinted-skin-drops\/\"]}]},{\"@type\":\"ImageObject\",\"inLanguage\":\"de\",\"@id\":\"https:\/\/dutchhealthstore.com\/de\/product\/holi-sun-spf-50-dewy-tinted-skin-drops\/#primaryimage\",\"url\":\"https:\/\/dutchhealthstore.com\/wp-content\/uploads\/2024\/09\/agent-natuer_0000s_0011_holi-sun.jpg\",\"contentUrl\":\"https:\/\/dutchhealthstore.com\/wp-content\/uploads\/2024\/09\/agent-natuer_0000s_0011_holi-sun.jpg\",\"width\":530,\"height\":530},{\"@type\":\"BreadcrumbList\",\"@id\":\"https:\/\/dutchhealthstore.com\/de\/product\/holi-sun-spf-50-dewy-tinted-skin-drops\/#breadcrumb\",\"itemListElement\":[{\"@type\":\"ListItem\",\"position\":1,\"name\":\"Home\",\"item\":\"https:\/\/dutchhealthstore.com\/de\/\"},{\"@type\":\"ListItem\",\"position\":2,\"name\":\"Shop\",\"item\":\"https:\/\/dutchhealthstore.com\/de\/shop-2\/\"},{\"@type\":\"ListItem\",\"position\":3,\"name\":\"Holi (Sun) SPF 50 Dewy Tinted Skin Drops\"}]},{\"@type\":\"WebSite\",\"@id\":\"https:\/\/dutchhealthstore.com\/de\/#website\",\"url\":\"https:\/\/dutchhealthstore.com\/de\/\",\"name\":\"Dutch Health Store\",\"description\":\"Enhance Your Beauty with Organic &amp; Natural Skincare\",\"publisher\":{\"@id\":\"https:\/\/dutchhealthstore.com\/de\/#organization\"},\"potentialAction\":[{\"@type\":\"SearchAction\",\"target\":{\"@type\":\"EntryPoint\",\"urlTemplate\":\"https:\/\/dutchhealthstore.com\/de\/?s={search_term_string}\"},\"query-input\":{\"@type\":\"PropertyValueSpecification\",\"valueRequired\":true,\"valueName\":\"search_term_string\"}}],\"inLanguage\":\"de\"},{\"@type\":\"Organization\",\"@id\":\"https:\/\/dutchhealthstore.com\/de\/#organization\",\"name\":\"Dutch Health Store\",\"url\":\"https:\/\/dutchhealthstore.com\/de\/\",\"logo\":{\"@type\":\"ImageObject\",\"inLanguage\":\"de\",\"@id\":\"https:\/\/dutchhealthstore.com\/de\/#\/schema\/logo\/image\/\",\"url\":\"https:\/\/dutchhealthstore.com\/wp-content\/uploads\/2020\/08\/logo-dutchhealthstore-jpg-e1599484957574.jpg\",\"contentUrl\":\"https:\/\/dutchhealthstore.com\/wp-content\/uploads\/2020\/08\/logo-dutchhealthstore-jpg-e1599484957574.jpg\",\"width\":400,\"height\":62,\"caption\":\"Dutch Health Store\"},\"image\":{\"@id\":\"https:\/\/dutchhealthstore.com\/de\/#\/schema\/logo\/image\/\"},\"sameAs\":[\"https:\/\/www.instagram.com\/dutchhealthstore\/\",\"https:\/\/www.facebook.com\/dutchhealthstore\"]}]}<\/script>\n<meta property=\"product:brand\" content=\"Agent Nateur\" \/>\n<meta property=\"og:availability\" content=\"instock\" \/>\n<meta property=\"product:availability\" content=\"instock\" \/>\n<meta property=\"product:condition\" content=\"new\" \/>\n<!-- \/ Yoast SEO Premium plugin. -->","yoast_head_json":{"title":"Holi (Sun) SPF 50 Dewy Tinted Skin Drops - Agent Nateur","description":"Holi (sun) ist ein get\u00f6nter Sonnenschutz mit LSF 50+, der die Haut vor \u00fcber 98% der UVA- und UVB-Strahlen sch\u00fctzt und gleichzeitig ein strahlendes, nicht wei\u00dfes Finish bietet.","robots":{"index":"index","follow":"follow","max-snippet":"max-snippet:-1","max-image-preview":"max-image-preview:large","max-video-preview":"max-video-preview:-1"},"canonical":"https:\/\/dutchhealthstore.com\/de\/product\/holi-sun-spf-50-dewy-tinted-skin-drops\/","og_locale":"de_DE","og_type":"article","og_title":"Holi (Sun) SPF 50 Dewy Tinted Skin Drops - Dutch Health Store","og_description":"Holi (sun) ist ein get\u00f6nter Sonnenschutz mit LSF 50+, der die Haut vor \u00fcber 98% der UVA- und UVB-Strahlen sch\u00fctzt und gleichzeitig ein strahlendes, nicht wei\u00dfes Finish bietet.","og_url":"https:\/\/dutchhealthstore.com\/de\/product\/holi-sun-spf-50-dewy-tinted-skin-drops\/","og_site_name":"Dutch Health Store","article_publisher":"https:\/\/www.instagram.com\/dutchhealthstore\/","article_modified_time":"2026-04-15T20:51:51+00:00","og_image":[{"width":530,"height":530,"url":"https:\/\/dutchhealthstore.com\/wp-content\/uploads\/2024\/09\/agent-natuer_0000s_0011_holi-sun.jpg","type":"image\/jpeg"}],"twitter_card":"summary_large_image","twitter_misc":{"Verf\u00fcgbarkeit":"Auf Lager"},"schema":{"@context":"https:\/\/schema.org","@graph":[{"@type":"WebPage","@id":"https:\/\/dutchhealthstore.com\/de\/product\/holi-sun-spf-50-dewy-tinted-skin-drops\/","url":"https:\/\/dutchhealthstore.com\/de\/product\/holi-sun-spf-50-dewy-tinted-skin-drops\/","name":"Holi (Sun) SPF 50 Dewy Tinted Skin Drops - Agent Nateur","isPartOf":{"@id":"https:\/\/dutchhealthstore.com\/de\/#website"},"primaryImageOfPage":{"@id":"https:\/\/dutchhealthstore.com\/de\/product\/holi-sun-spf-50-dewy-tinted-skin-drops\/#primaryimage"},"image":{"@id":"https:\/\/dutchhealthstore.com\/de\/product\/holi-sun-spf-50-dewy-tinted-skin-drops\/#primaryimage"},"thumbnailUrl":"https:\/\/dutchhealthstore.com\/wp-content\/uploads\/2024\/09\/agent-natuer_0000s_0011_holi-sun.jpg","datePublished":"2024-09-26T10:29:43+00:00","dateModified":"2026-04-15T20:51:51+00:00","description":"Holi (sun) ist ein get\u00f6nter Sonnenschutz mit LSF 50+, der die Haut vor \u00fcber 98% der UVA- und UVB-Strahlen sch\u00fctzt und gleichzeitig ein strahlendes, nicht wei\u00dfes Finish bietet.","breadcrumb":{"@id":"https:\/\/dutchhealthstore.com\/de\/product\/holi-sun-spf-50-dewy-tinted-skin-drops\/#breadcrumb"},"inLanguage":"de","potentialAction":[{"@type":"ReadAction","target":["https:\/\/dutchhealthstore.com\/de\/product\/holi-sun-spf-50-dewy-tinted-skin-drops\/"]}]},{"@type":"ImageObject","inLanguage":"de","@id":"https:\/\/dutchhealthstore.com\/de\/product\/holi-sun-spf-50-dewy-tinted-skin-drops\/#primaryimage","url":"https:\/\/dutchhealthstore.com\/wp-content\/uploads\/2024\/09\/agent-natuer_0000s_0011_holi-sun.jpg","contentUrl":"https:\/\/dutchhealthstore.com\/wp-content\/uploads\/2024\/09\/agent-natuer_0000s_0011_holi-sun.jpg","width":530,"height":530},{"@type":"BreadcrumbList","@id":"https:\/\/dutchhealthstore.com\/de\/product\/holi-sun-spf-50-dewy-tinted-skin-drops\/#breadcrumb","itemListElement":[{"@type":"ListItem","position":1,"name":"Home","item":"https:\/\/dutchhealthstore.com\/de\/"},{"@type":"ListItem","position":2,"name":"Shop","item":"https:\/\/dutchhealthstore.com\/de\/shop-2\/"},{"@type":"ListItem","position":3,"name":"Holi (Sun) SPF 50 Dewy Tinted Skin Drops"}]},{"@type":"WebSite","@id":"https:\/\/dutchhealthstore.com\/de\/#website","url":"https:\/\/dutchhealthstore.com\/de\/","name":"Dutch Health Store","description":"Enhance Your Beauty with Organic &amp; Natural Skincare","publisher":{"@id":"https:\/\/dutchhealthstore.com\/de\/#organization"},"potentialAction":[{"@type":"SearchAction","target":{"@type":"EntryPoint","urlTemplate":"https:\/\/dutchhealthstore.com\/de\/?s={search_term_string}"},"query-input":{"@type":"PropertyValueSpecification","valueRequired":true,"valueName":"search_term_string"}}],"inLanguage":"de"},{"@type":"Organization","@id":"https:\/\/dutchhealthstore.com\/de\/#organization","name":"Dutch Health Store","url":"https:\/\/dutchhealthstore.com\/de\/","logo":{"@type":"ImageObject","inLanguage":"de","@id":"https:\/\/dutchhealthstore.com\/de\/#\/schema\/logo\/image\/","url":"https:\/\/dutchhealthstore.com\/wp-content\/uploads\/2020\/08\/logo-dutchhealthstore-jpg-e1599484957574.jpg","contentUrl":"https:\/\/dutchhealthstore.com\/wp-content\/uploads\/2020\/08\/logo-dutchhealthstore-jpg-e1599484957574.jpg","width":400,"height":62,"caption":"Dutch Health Store"},"image":{"@id":"https:\/\/dutchhealthstore.com\/de\/#\/schema\/logo\/image\/"},"sameAs":["https:\/\/www.instagram.com\/dutchhealthstore\/","https:\/\/www.facebook.com\/dutchhealthstore"]}]},"product_brand":"Agent Nateur","og_availability":"instock","product_availability":"instock","product_condition":"new"},"_links":{"self":[{"href":"https:\/\/dutchhealthstore.com\/de\/wp-json\/wp\/v2\/product\/336524","targetHints":{"allow":["GET"]}}],"collection":[{"href":"https:\/\/dutchhealthstore.com\/de\/wp-json\/wp\/v2\/product"}],"about":[{"href":"https:\/\/dutchhealthstore.com\/de\/wp-json\/wp\/v2\/types\/product"}],"replies":[{"embeddable":true,"href":"https:\/\/dutchhealthstore.com\/de\/wp-json\/wp\/v2\/comments?post=336524"}],"wp:featuredmedia":[{"embeddable":true,"href":"https:\/\/dutchhealthstore.com\/de\/wp-json\/wp\/v2\/media\/312864"}],"wp:attachment":[{"href":"https:\/\/dutchhealthstore.com\/de\/wp-json\/wp\/v2\/media?parent=336524"}],"wp:term":[{"taxonomy":"product_brand","embeddable":true,"href":"https:\/\/dutchhealthstore.com\/de\/wp-json\/wp\/v2\/product_brand?post=336524"},{"taxonomy":"product_cat","embeddable":true,"href":"https:\/\/dutchhealthstore.com\/de\/wp-json\/wp\/v2\/product_cat?post=336524"},{"taxonomy":"product_tag","embeddable":true,"href":"https:\/\/dutchhealthstore.com\/de\/wp-json\/wp\/v2\/product_tag?post=336524"}],"curies":[{"name":"wp","href":"https:\/\/api.w.org\/{rel}","templated":true}]}}