{"id":323325,"date":"2024-12-17T16:05:00","date_gmt":"2024-12-17T15:05:00","guid":{"rendered":"https:\/\/dutchhealthstore.com\/?post_type=product&#038;p=323325"},"modified":"2025-11-17T22:52:17","modified_gmt":"2025-11-17T21:52:17","slug":"dewdab-ozonated-beauty-balm-copy","status":"publish","type":"product","link":"https:\/\/dutchhealthstore.com\/de\/product\/dewdab-ozonated-beauty-balm-copy\/","title":{"rendered":"Dew Queen &#8211; Ozonated Beauty Balm"},"content":{"rendered":"<p style=\"text-align: left;\">Dieser mit Sauerstoff angereicherte Sch\u00f6nheitsbalsam ist die ultimative L\u00f6sung f\u00fcr eine ruhige, k\u00fchle und gelassene Haut.<\/p>\n<p style=\"text-align: left;\"><strong>Dew Queen<\/strong> dient als luxuri\u00f6ses Heilmittel, das die Haut sanft umh\u00fcllt und eine \u00fcppige Barriere bildet, die die Haut effektiv strafft, Poren verengt, Schwellungen reduziert, R\u00f6tungen mildert und unter anderem Melasma bek\u00e4mpft. Dieser konzentrierte <strong>Dew Queen Ozonated Beauty Balm<\/strong> mit aktiviertem Sauerstoff ist ideal f\u00fcr die n\u00e4chtliche Feuchtigkeitspflege und funktioniert wunderbar als gezieltes Gel-Serum.<\/p>\n<p style=\"text-align: left;\">Die Mischung aus sauerstoffdurchtr\u00e4nktem Jojoba und reichhaltigem Lorbeerwachs schlie\u00dft die Feuchtigkeit ein, w\u00e4hrend die straffenden Eigenschaften von Weihrauch mit der beruhigenden Wirkung von Rose und Immortelle kombiniert werden. Pfefferminze verleiht Ihrem Teint eine erfrischende Note.<\/p>\n<p style=\"text-align: left;\">Eine kleine Menge dieses k\u00fchlenden Balsams beruhigt nicht nur das Erscheinungsbild von Narben, sondern spendet auch tiefenwirksame Feuchtigkeit, gleicht die \u00d6lproduktion aus, beugt Hautunreinheiten vor und revitalisiert die Haut bei der Anwendung.<\/p>\n<h3>Instruktion<\/h3>\n<p class=\"mb-2 mt-6 text-lg first:mt-3\" style=\"text-align: left;\"><strong>Verwendung: <\/strong><\/p>\n<p class=\"mb-2 mt-6 text-lg first:mt-3\" style=\"text-align: left;\">F\u00fcr Pickel und Flecken &#8211; Tragen Sie nach der Reinigung einen beruhigenden Tautropfen direkt auf die betroffenen Stellen auf, um schuppige Haut zu beruhigen und das Erscheinungsbild von Narben und Melasma zu verbessern.<\/p>\n<p class=\"mb-2 mt-6 text-lg first:mt-3\" style=\"text-align: left;\"><strong>Skin Slugging<\/strong><\/p>\n<p style=\"text-align: left;\">Beim Slugging schlie\u00dfen Sie Ihre n\u00e4chtliche Hautpflegeroutine mit einer dicken, reichhaltigen Okklusivschicht ab, die eine atmungsaktive Barriere bildet. Dies hilft, die heilenden \u00d6le und Essenzen Ihrer bevorzugten Behandlungen zu bewahren, w\u00e4hrend die Feuchtigkeit f\u00fcr eine optimale Hydratation am Morgen eingeschlossen wird. Tragen Sie den Dew Queen Dab Ozonated Beauty Balm vor dem Schlafengehen gro\u00dfz\u00fcgig auf Ihre Haut auf, nachdem Sie alle von Ihnen bevorzugten Behandlungen angewendet haben, und lassen Sie ihn \u00fcber Nacht einwirken.<\/p>\n<p><strong>Gr\u00f6\u00dfe: 6 ml<\/strong><\/p>\n<h3 class=\"yikes-custom-woo-tab-title yikes-custom-woo-tab-title-natural-organic-ingredients\">Nat\u00fcrliche\/Organische Inhaltsstoffe<\/h3>\n<p>Ozonisiertes Jojoba &#8211; Simmondsia chinensis O3 &#8211; Golden Jojoba ist mit luxuri\u00f6sem Ozon angereichert, um die Gesundheit der Haut zu verbessern! Die Zugabe von Ozon zu reinem Jojoba erzeugt ein unvergleichliches Ma\u00df an Vitalit\u00e4t. Aktivierter Sauerstoff (Ozon) wird durch die Umwandlung von reinem Sauerstoff (zwei Sauerstoffatome &#8211; O2) in reines Ozon (drei Sauerstoffatome &#8211; O3) hergestellt. Dieser frisch aktivierte Sauerstoff wird nach und nach in das Jojoba\u00f6l eingearbeitet. Indem man Ozon durch Jojoba sprudeln l\u00e4sst, wird das \u00d6l mit einem belebenden Hauch frischer Luft angereichert, der der Haut direkt Leben einhaucht. Jojoba ist reich an Ceramiden und hilft gegen Trockenheit. Es gedeiht inmitten von Sandst\u00fcrmen und Kakteen und wird zu einer lebendigen, geschmeidigen Oase. W\u00e4hrend sich dieser widerstandsf\u00e4hige Strauch in der W\u00fcstensonne sonnt, produziert er in seinen Samen Perlen aus fl\u00fcssigem Gold. Diese Samen setzen ein luxuri\u00f6ses \u00d6l frei, das kalt gepresst wird, um ein Lipid zu gewinnen, das dem nat\u00fcrlichen Talg unserer Haut bemerkenswert \u00e4hnlich ist. Es zieht nahtlos in die Haut ein und liefert Phyton\u00e4hrstoffe, die die Feuchtigkeitsspeicherung und Elastizit\u00e4t der Haut verbessern. Jojoba ist besonders gesundheitsf\u00f6rdernd f\u00fcr die Haut. Es ist reich an N\u00e4hrstoffen und nat\u00fcrlichem Vitamin E Tocopherolen und bietet eine \u00f6l\u00e4hnliche Gleitf\u00e4higkeit, obwohl es ein fl\u00fcssiges Pflanzenwachs ist. Diese einzigartige Eigenschaft erm\u00f6glicht es ihm, fettige Haut auszugleichen, indem es die Talgproduktion reguliert und die Poren reinigt. Jojoba ist reichhaltig und seidig und spendet lang anhaltende Feuchtigkeit.<\/p>\n<p class=\"mb-2 mt-6 text-lg first:mt-3\">Laurel Wax &#8211; Myrica pubescens &#8211; \u00dcppiges Lorbeerwachs schm\u00fcckt anmutig Wangen und Kinn und bildet eine atmungsaktive, pflegende Schicht, die die Haut n\u00e4hrt. Dieses exquisite Fruchtwachs wird aus der Beere eines immergr\u00fcnen Strauches gewonnen, der in den H\u00f6henlagen der Anden gedeiht.<\/p>\n<p class=\"mb-2 mt-6 text-lg first:mt-3\">Weihrauch &#8211; Boswellia carterii &#8211; Weihrauch carterii wird von K\u00f6nigsh\u00e4usern als die ultimative Essenz zur Verbesserung des Teints gesch\u00e4tzt. Weihrauch ist eine kraftvolle balsamische Essenz, die f\u00fcr ihre bemerkenswerte F\u00e4higkeit bekannt ist, Narben zu lindern, die Hautstruktur zu gl\u00e4tten und das Erscheinungsbild von Melasma zu reduzieren. Dieses \u00d6l ist ein au\u00dfergew\u00f6hnliches Adstringens, das seit Jahrtausenden verwendet wird, um die Haut zu n\u00e4hren und zu beleben.<\/p>\n<p class=\"mb-2 mt-6 text-lg first:mt-3\">Rose Otto &#8211; Rosa damascena &#8211; Die Rose damascena ist wirklich eine Ikone der Sch\u00f6nheit! Dieser dampfdestillierte Schatz aus dem bulgarischen Tal der Rosen ist seit Jahrhunderten ein fester Bestandteil von Hautpflegeprodukten. Es wirkt beruhigend auf das Herz und verj\u00fcngend auf die Haut. Es ist ein wichtiger Verb\u00fcndeter bei der Hauterneuerung und f\u00f6rdert das Gleichgewicht und die Heilung bei allen Hauttypen. Die f\u00fcr ihre hautpflegenden Eigenschaften bekannte Rosenotter verbessert die Spannkraft, Elastizit\u00e4t und Gelassenheit der Haut.<\/p>\n<p class=\"mb-2 mt-6 text-lg first:mt-3\">Pfefferminze &#8211; Mentha piperita &#8211; Mit ihren belebenden und k\u00fchlenden Eigenschaften sorgt die Pfefferminze f\u00fcr Ruhe, beruhigt und erfrischt die Haut. Sein herrlich k\u00fchlendes Gef\u00fchl erinnert an Eis und macht es zu einem \u00e4therischen \u00d6l, das in jede Reiseapotheke geh\u00f6rt. Pfefferminze verk\u00f6rpert die Essenz von Gelassenheit und Widerstandsf\u00e4higkeit.<\/p>\n<p class=\"mb-2 mt-6 text-lg first:mt-3\">Immortelle &#8211; Helichrysum italicum &#8211; Die unverg\u00e4ngliche Strohblume gl\u00e4nzt in der Hautpflege. Dieses aromatische Blumen\u00f6l wird nachhaltig auf Korsika geerntet, wo die Blumen unter der Meeresbrise und der Sonne in einer H\u00f6he von 4.000 Fu\u00df auf zerkl\u00fcfteten Klippen gedeihen. Immortelle ist eine der wirksamsten Essenzen f\u00fcr die Hautpflege, die auf elegante Weise die Sichtbarkeit von Narben, Flecken, Melasma, R\u00f6tungen und feinen Linien reduziert. Dieses vielseitige \u00d6l verbessert nicht nur das Aussehen der Haut, sondern hebt auch die Stimmung.<\/p>\n<p><img fetchpriority=\"high\" decoding=\"async\" class=\"size-medium wp-image-68103 aligncenter\" src=\"https:\/\/dutchhealthstore.com\/wp-content\/uploads\/2018\/02\/Living-Libations-Organic-Logo-800x89.png\" alt=\"Living Libations - Organic Logo\" width=\"800\" height=\"89\" srcset=\"https:\/\/dutchhealthstore.com\/wp-content\/uploads\/2018\/02\/Living-Libations-Organic-Logo-800x89.png 800w, https:\/\/dutchhealthstore.com\/wp-content\/uploads\/2018\/02\/Living-Libations-Organic-Logo-510x57.png 510w, https:\/\/dutchhealthstore.com\/wp-content\/uploads\/2018\/02\/Living-Libations-Organic-Logo-768x85.png 768w, https:\/\/dutchhealthstore.com\/wp-content\/uploads\/2018\/02\/Living-Libations-Organic-Logo.png 1400w\" sizes=\"(max-width: 800px) 100vw, 800px\" \/><\/p>\n","protected":false},"excerpt":{"rendered":"<p>Der Dew Queen Ozonated Beauty Balm ist eine luxuri\u00f6se, mit Sauerstoff angereicherte Behandlung, die die Haut mit Feuchtigkeit versorgt, sie strafft und beruhigt, w\u00e4hrend sie gleichzeitig Probleme wie Schwellungen, R\u00f6tungen und Melasma bek\u00e4mpft. Er ist ideal f\u00fcr die Anwendung in der Nacht oder als gezieltes Gel-Serum.<\/p>\n","protected":false},"featured_media":323333,"comment_status":"open","ping_status":"closed","template":"","meta":[],"product_brand":[],"product_cat":[20923,14735,20921,20922,20946,1962,5650,1227,5653,5647,1963,1958,1032,1493,1210,5101,511,2009],"product_tag":[21361,9772,21532,4831],"class_list":{"0":"post-323325","1":"product","2":"type-product","3":"status-publish","4":"has-post-thumbnail","6":"product_cat-feuchtigkeitscremes","7":"product_cat-hautpflege","8":"product_cat-reife-alternde-haut","9":"product_cat-trocken","10":"product_cat-trocken-de","11":"product_cat-elixir-blends","12":"product_cat-sensitive-skin-redness-de-3","13":"product_cat-sensitive-skin-redness-de","14":"product_cat-moisturizers-de-de-4","15":"product_cat-moisturizers-de-de","16":"product_cat-spot-treatments-de","17":"product_cat-gesicht","18":"product_cat-kategorien","19":"product_cat-living-libations-deutschland","20":"product_cat-marken","21":"product_cat-by-skin-type-de-4","22":"product_cat-produkte","23":"product_cat-serums-moisturizers","24":"product_tag-face-care-de","25":"product_tag-moisturizer-de","26":"product_tag-reparatur","27":"product_tag-skin-de","28":"pa_bestsellers-goed-de","29":"pa_brand-livinglibations-de","30":"pa_size-6-ml-de","31":"pa_skincare-type-face-oil-and-serums-de","32":"pa_skincare-type-moisturizers-de","33":"pa_skintype-sensitive-skin-redness-de","34":"pa_skintype-dry-mature-ageing-skin-de","36":"first","37":"instock","38":"taxable","39":"shipping-taxable","40":"purchasable","41":"product-type-simple"},"bundled_by":[],"bundle_stock_status":"instock","bundle_stock_quantity":2,"bundle_virtual":false,"bundle_layout":"","bundle_add_to_cart_form_location":"","bundle_editable_in_cart":false,"bundle_sold_individually_context":"","bundle_item_grouping":"","bundle_min_size":"","bundle_max_size":"","bundle_price":[],"bundled_items":[],"bundle_sell_ids":[106915],"atum_controlled":true,"out_stock_date":null,"out_stock_threshold":null,"inheritable":false,"stock_on_hold":1,"sold_today":1,"sales_last_days":1,"out_stock_days":0,"lost_sales":0,"update_date":"2026-04-09T08:00:50","atum_locations":[],"atum_stock_status":"instock","restock_status":false,"low_stock_amount":"","sales_update_date":"2026-04-09T08:00:50","calc_backorders":null,"group_of_quantity":0,"min_quantity":0,"max_quantity":"","exclude_order_quantity_value_rules":"no","exclude_category_quantity_rules":"no","combine_variations":"no","yoast_head":"<!-- This site is optimized with the Yoast SEO Premium plugin v26.5 (Yoast SEO v26.5) - https:\/\/yoast.com\/wordpress\/plugins\/seo\/ -->\n<title>Dew Queen - Ozonated Beauty Balm - Living Libations<\/title>\n<meta name=\"description\" content=\"Dew Queen Ozonated Beauty Balm ist eine luxuri\u00f6se, mit Sauerstoff angereicherte Behandlung, die Probleme wie Schwellungen, R\u00f6tungen und Melasma bek\u00e4mpft.\" \/>\n<meta name=\"robots\" content=\"index, follow, max-snippet:-1, max-image-preview:large, max-video-preview:-1\" \/>\n<link rel=\"canonical\" href=\"https:\/\/dutchhealthstore.com\/de\/product\/dewdab-ozonated-beauty-balm-copy\/\" \/>\n<meta property=\"og:locale\" content=\"de_DE\" \/>\n<meta property=\"og:type\" content=\"article\" \/>\n<meta property=\"og:title\" content=\"Dew Queen - Ozonated Beauty Balm - Dutch Health Store\" \/>\n<meta property=\"og:description\" content=\"Dew Queen Ozonated Beauty Balm ist eine luxuri\u00f6se, mit Sauerstoff angereicherte Behandlung, die Probleme wie Schwellungen, R\u00f6tungen und Melasma bek\u00e4mpft.\" \/>\n<meta property=\"og:url\" content=\"https:\/\/dutchhealthstore.com\/de\/product\/dewdab-ozonated-beauty-balm-copy\/\" \/>\n<meta property=\"og:site_name\" content=\"Dutch Health Store\" \/>\n<meta property=\"article:publisher\" content=\"https:\/\/www.instagram.com\/dutchhealthstore\/\" \/>\n<meta property=\"article:modified_time\" content=\"2025-11-17T21:52:17+00:00\" \/>\n<meta property=\"og:image\" content=\"https:\/\/dutchhealthstore.com\/wp-content\/uploads\/2024\/12\/6-5.jpg\" \/>\n\t<meta property=\"og:image:width\" content=\"530\" \/>\n\t<meta property=\"og:image:height\" content=\"530\" \/>\n\t<meta property=\"og:image:type\" content=\"image\/jpeg\" \/>\n<meta name=\"twitter:card\" content=\"summary_large_image\" \/>\n<meta name=\"twitter:label1\" content=\"Preis\" \/>\n\t<meta name=\"twitter:data1\" content=\"&euro;49,00\" \/>\n\t<meta name=\"twitter:label2\" content=\"Verf\u00fcgbarkeit\" \/>\n\t<meta name=\"twitter:data2\" content=\"Auf Lager\" \/>\n<script type=\"application\/ld+json\" class=\"yoast-schema-graph\">{\"@context\":\"https:\/\/schema.org\",\"@graph\":[{\"@type\":\"WebPage\",\"@id\":\"https:\/\/dutchhealthstore.com\/de\/product\/dewdab-ozonated-beauty-balm-copy\/\",\"url\":\"https:\/\/dutchhealthstore.com\/de\/product\/dewdab-ozonated-beauty-balm-copy\/\",\"name\":\"Dew Queen - Ozonated Beauty Balm - Living Libations\",\"isPartOf\":{\"@id\":\"https:\/\/dutchhealthstore.com\/de\/#website\"},\"primaryImageOfPage\":{\"@id\":\"https:\/\/dutchhealthstore.com\/de\/product\/dewdab-ozonated-beauty-balm-copy\/#primaryimage\"},\"image\":{\"@id\":\"https:\/\/dutchhealthstore.com\/de\/product\/dewdab-ozonated-beauty-balm-copy\/#primaryimage\"},\"thumbnailUrl\":\"https:\/\/dutchhealthstore.com\/wp-content\/uploads\/2024\/12\/6-5.jpg\",\"datePublished\":\"2024-12-17T15:05:00+00:00\",\"dateModified\":\"2025-11-17T21:52:17+00:00\",\"description\":\"Dew Queen Ozonated Beauty Balm ist eine luxuri\u00f6se, mit Sauerstoff angereicherte Behandlung, die Probleme wie Schwellungen, R\u00f6tungen und Melasma bek\u00e4mpft.\",\"breadcrumb\":{\"@id\":\"https:\/\/dutchhealthstore.com\/de\/product\/dewdab-ozonated-beauty-balm-copy\/#breadcrumb\"},\"inLanguage\":\"de\",\"potentialAction\":[{\"@type\":\"ReadAction\",\"target\":[\"https:\/\/dutchhealthstore.com\/de\/product\/dewdab-ozonated-beauty-balm-copy\/\"]}]},{\"@type\":\"ImageObject\",\"inLanguage\":\"de\",\"@id\":\"https:\/\/dutchhealthstore.com\/de\/product\/dewdab-ozonated-beauty-balm-copy\/#primaryimage\",\"url\":\"https:\/\/dutchhealthstore.com\/wp-content\/uploads\/2024\/12\/6-5.jpg\",\"contentUrl\":\"https:\/\/dutchhealthstore.com\/wp-content\/uploads\/2024\/12\/6-5.jpg\",\"width\":530,\"height\":530,\"caption\":\"Dew-Queen-Ozonated-Beauty-Balm-2\"},{\"@type\":\"BreadcrumbList\",\"@id\":\"https:\/\/dutchhealthstore.com\/de\/product\/dewdab-ozonated-beauty-balm-copy\/#breadcrumb\",\"itemListElement\":[{\"@type\":\"ListItem\",\"position\":1,\"name\":\"Home\",\"item\":\"https:\/\/dutchhealthstore.com\/de\/\"},{\"@type\":\"ListItem\",\"position\":2,\"name\":\"Shop\",\"item\":\"https:\/\/dutchhealthstore.com\/de\/shop-2\/\"},{\"@type\":\"ListItem\",\"position\":3,\"name\":\"Dew Queen &#8211; Ozonated Beauty Balm\"}]},{\"@type\":\"WebSite\",\"@id\":\"https:\/\/dutchhealthstore.com\/de\/#website\",\"url\":\"https:\/\/dutchhealthstore.com\/de\/\",\"name\":\"Dutch Health Store\",\"description\":\"Enhance Your Beauty with Organic &amp; Natural Skincare\",\"publisher\":{\"@id\":\"https:\/\/dutchhealthstore.com\/de\/#organization\"},\"potentialAction\":[{\"@type\":\"SearchAction\",\"target\":{\"@type\":\"EntryPoint\",\"urlTemplate\":\"https:\/\/dutchhealthstore.com\/de\/?s={search_term_string}\"},\"query-input\":{\"@type\":\"PropertyValueSpecification\",\"valueRequired\":true,\"valueName\":\"search_term_string\"}}],\"inLanguage\":\"de\"},{\"@type\":\"Organization\",\"@id\":\"https:\/\/dutchhealthstore.com\/de\/#organization\",\"name\":\"Dutch Health Store\",\"url\":\"https:\/\/dutchhealthstore.com\/de\/\",\"logo\":{\"@type\":\"ImageObject\",\"inLanguage\":\"de\",\"@id\":\"https:\/\/dutchhealthstore.com\/de\/#\/schema\/logo\/image\/\",\"url\":\"https:\/\/dutchhealthstore.com\/wp-content\/uploads\/2020\/08\/logo-dutchhealthstore-jpg-e1599484957574.jpg\",\"contentUrl\":\"https:\/\/dutchhealthstore.com\/wp-content\/uploads\/2020\/08\/logo-dutchhealthstore-jpg-e1599484957574.jpg\",\"width\":400,\"height\":62,\"caption\":\"Dutch Health Store\"},\"image\":{\"@id\":\"https:\/\/dutchhealthstore.com\/de\/#\/schema\/logo\/image\/\"},\"sameAs\":[\"https:\/\/www.instagram.com\/dutchhealthstore\/\",\"https:\/\/www.facebook.com\/dutchhealthstore\"]}]}<\/script>\n<meta property=\"product:brand\" content=\"Living Libations\" \/>\n<meta property=\"product:price:amount\" content=\"49.00\" \/>\n<meta property=\"product:price:currency\" content=\"EUR\" \/>\n<meta property=\"og:availability\" content=\"instock\" \/>\n<meta property=\"product:availability\" content=\"instock\" \/>\n<meta property=\"product:condition\" content=\"new\" \/>\n<!-- \/ Yoast SEO Premium plugin. -->","yoast_head_json":{"title":"Dew Queen - Ozonated Beauty Balm - Living Libations","description":"Dew Queen Ozonated Beauty Balm ist eine luxuri\u00f6se, mit Sauerstoff angereicherte Behandlung, die Probleme wie Schwellungen, R\u00f6tungen und Melasma bek\u00e4mpft.","robots":{"index":"index","follow":"follow","max-snippet":"max-snippet:-1","max-image-preview":"max-image-preview:large","max-video-preview":"max-video-preview:-1"},"canonical":"https:\/\/dutchhealthstore.com\/de\/product\/dewdab-ozonated-beauty-balm-copy\/","og_locale":"de_DE","og_type":"article","og_title":"Dew Queen - Ozonated Beauty Balm - Dutch Health Store","og_description":"Dew Queen Ozonated Beauty Balm ist eine luxuri\u00f6se, mit Sauerstoff angereicherte Behandlung, die Probleme wie Schwellungen, R\u00f6tungen und Melasma bek\u00e4mpft.","og_url":"https:\/\/dutchhealthstore.com\/de\/product\/dewdab-ozonated-beauty-balm-copy\/","og_site_name":"Dutch Health Store","article_publisher":"https:\/\/www.instagram.com\/dutchhealthstore\/","article_modified_time":"2025-11-17T21:52:17+00:00","og_image":[{"width":530,"height":530,"url":"https:\/\/dutchhealthstore.com\/wp-content\/uploads\/2024\/12\/6-5.jpg","type":"image\/jpeg"}],"twitter_card":"summary_large_image","twitter_misc":{"Preis":"&euro;49,00","Verf\u00fcgbarkeit":"Auf Lager"},"schema":{"@context":"https:\/\/schema.org","@graph":[{"@type":"WebPage","@id":"https:\/\/dutchhealthstore.com\/de\/product\/dewdab-ozonated-beauty-balm-copy\/","url":"https:\/\/dutchhealthstore.com\/de\/product\/dewdab-ozonated-beauty-balm-copy\/","name":"Dew Queen - Ozonated Beauty Balm - Living Libations","isPartOf":{"@id":"https:\/\/dutchhealthstore.com\/de\/#website"},"primaryImageOfPage":{"@id":"https:\/\/dutchhealthstore.com\/de\/product\/dewdab-ozonated-beauty-balm-copy\/#primaryimage"},"image":{"@id":"https:\/\/dutchhealthstore.com\/de\/product\/dewdab-ozonated-beauty-balm-copy\/#primaryimage"},"thumbnailUrl":"https:\/\/dutchhealthstore.com\/wp-content\/uploads\/2024\/12\/6-5.jpg","datePublished":"2024-12-17T15:05:00+00:00","dateModified":"2025-11-17T21:52:17+00:00","description":"Dew Queen Ozonated Beauty Balm ist eine luxuri\u00f6se, mit Sauerstoff angereicherte Behandlung, die Probleme wie Schwellungen, R\u00f6tungen und Melasma bek\u00e4mpft.","breadcrumb":{"@id":"https:\/\/dutchhealthstore.com\/de\/product\/dewdab-ozonated-beauty-balm-copy\/#breadcrumb"},"inLanguage":"de","potentialAction":[{"@type":"ReadAction","target":["https:\/\/dutchhealthstore.com\/de\/product\/dewdab-ozonated-beauty-balm-copy\/"]}]},{"@type":"ImageObject","inLanguage":"de","@id":"https:\/\/dutchhealthstore.com\/de\/product\/dewdab-ozonated-beauty-balm-copy\/#primaryimage","url":"https:\/\/dutchhealthstore.com\/wp-content\/uploads\/2024\/12\/6-5.jpg","contentUrl":"https:\/\/dutchhealthstore.com\/wp-content\/uploads\/2024\/12\/6-5.jpg","width":530,"height":530,"caption":"Dew-Queen-Ozonated-Beauty-Balm-2"},{"@type":"BreadcrumbList","@id":"https:\/\/dutchhealthstore.com\/de\/product\/dewdab-ozonated-beauty-balm-copy\/#breadcrumb","itemListElement":[{"@type":"ListItem","position":1,"name":"Home","item":"https:\/\/dutchhealthstore.com\/de\/"},{"@type":"ListItem","position":2,"name":"Shop","item":"https:\/\/dutchhealthstore.com\/de\/shop-2\/"},{"@type":"ListItem","position":3,"name":"Dew Queen &#8211; Ozonated Beauty Balm"}]},{"@type":"WebSite","@id":"https:\/\/dutchhealthstore.com\/de\/#website","url":"https:\/\/dutchhealthstore.com\/de\/","name":"Dutch Health Store","description":"Enhance Your Beauty with Organic &amp; Natural Skincare","publisher":{"@id":"https:\/\/dutchhealthstore.com\/de\/#organization"},"potentialAction":[{"@type":"SearchAction","target":{"@type":"EntryPoint","urlTemplate":"https:\/\/dutchhealthstore.com\/de\/?s={search_term_string}"},"query-input":{"@type":"PropertyValueSpecification","valueRequired":true,"valueName":"search_term_string"}}],"inLanguage":"de"},{"@type":"Organization","@id":"https:\/\/dutchhealthstore.com\/de\/#organization","name":"Dutch Health Store","url":"https:\/\/dutchhealthstore.com\/de\/","logo":{"@type":"ImageObject","inLanguage":"de","@id":"https:\/\/dutchhealthstore.com\/de\/#\/schema\/logo\/image\/","url":"https:\/\/dutchhealthstore.com\/wp-content\/uploads\/2020\/08\/logo-dutchhealthstore-jpg-e1599484957574.jpg","contentUrl":"https:\/\/dutchhealthstore.com\/wp-content\/uploads\/2020\/08\/logo-dutchhealthstore-jpg-e1599484957574.jpg","width":400,"height":62,"caption":"Dutch Health Store"},"image":{"@id":"https:\/\/dutchhealthstore.com\/de\/#\/schema\/logo\/image\/"},"sameAs":["https:\/\/www.instagram.com\/dutchhealthstore\/","https:\/\/www.facebook.com\/dutchhealthstore"]}]},"product_brand":"Living Libations","product_price_amount":"49.00","product_price_currency":"EUR","og_availability":"instock","product_availability":"instock","product_condition":"new"},"_links":{"self":[{"href":"https:\/\/dutchhealthstore.com\/de\/wp-json\/wp\/v2\/product\/323325","targetHints":{"allow":["GET"]}}],"collection":[{"href":"https:\/\/dutchhealthstore.com\/de\/wp-json\/wp\/v2\/product"}],"about":[{"href":"https:\/\/dutchhealthstore.com\/de\/wp-json\/wp\/v2\/types\/product"}],"replies":[{"embeddable":true,"href":"https:\/\/dutchhealthstore.com\/de\/wp-json\/wp\/v2\/comments?post=323325"}],"wp:featuredmedia":[{"embeddable":true,"href":"https:\/\/dutchhealthstore.com\/de\/wp-json\/wp\/v2\/media\/323333"}],"wp:attachment":[{"href":"https:\/\/dutchhealthstore.com\/de\/wp-json\/wp\/v2\/media?parent=323325"}],"wp:term":[{"taxonomy":"product_brand","embeddable":true,"href":"https:\/\/dutchhealthstore.com\/de\/wp-json\/wp\/v2\/product_brand?post=323325"},{"taxonomy":"product_cat","embeddable":true,"href":"https:\/\/dutchhealthstore.com\/de\/wp-json\/wp\/v2\/product_cat?post=323325"},{"taxonomy":"product_tag","embeddable":true,"href":"https:\/\/dutchhealthstore.com\/de\/wp-json\/wp\/v2\/product_tag?post=323325"}],"curies":[{"name":"wp","href":"https:\/\/api.w.org\/{rel}","templated":true}]}}