{"id":310994,"date":"2024-10-10T15:26:17","date_gmt":"2024-10-10T13:26:17","guid":{"rendered":"https:\/\/dutchhealthstore.com\/product\/rusty-houses-with-old-dutch-gables\/"},"modified":"2024-10-10T15:26:17","modified_gmt":"2024-10-10T13:26:17","slug":"rusty-houses-with-old-dutch-gables","status":"publish","type":"product","link":"https:\/\/dutchhealthstore.com\/de\/product\/rusty-houses-with-old-dutch-gables\/","title":{"rendered":"Rusty houses with old-Dutch gables"},"content":{"rendered":"<p>Wir sind nat\u00fcrlich ein niederl\u00e4ndisches Unternehmen und wir sind stolz auf unsere Wurzeln. Obwohl unser Land f\u00fcr viele Menschen bekannt ist als die traditionellen Tulpen, Holzschuhe und Windm\u00fchlen, gibt es nat\u00fcrlich noch mehr typisch holl\u00e4ndische Dinge. Eine davon sind die sch\u00f6nen Fassaden der mittelalterlichen H\u00e4user, die man vor allem in Amsterdam, aber gl\u00fccklicherweise auch in vielen anderen St\u00e4dten unseres sch\u00f6nen Landes noch finden kann. Und als wir diese wundersch\u00f6nen H\u00e4user entdeckten, waren wir sofort begeistert!<\/p>\n<p>Im Herbst, aber vor allem im Winter zur Weihnachtszeit, sind diese sch\u00f6nen rostigen H\u00e4user echte Stimmungsmacher in Ihrem Interieur! Mit einem Licht (LED oder anders) in den H\u00e4usern ist die Atmosph\u00e4re komplett. Das Metall ist sch\u00f6n rostig und verleiht ihm eine authentische Atmosph\u00e4re. Eines oder mehrere dieser H\u00e4user werden Ihren Lebensraum gem\u00fctlich und warm machen! Die H\u00e4user sind einzeln erh\u00e4ltlich, aber auch in einem Set, in dem Sie von jedem Modell 1 Haus erhalten. Die Led-Wachslichter, die wir verwenden, sind ebenfalls bei uns erh\u00e4ltlich.<\/p>\n<p>Wir haben<\/p>\n<ul>\n<li>Stepped Gable (11 cm)<\/li>\n<li>Spout Gable (13 cm)<\/li>\n<li>Neck Gable (13 cm)<\/li>\n<\/ul>\n<p>Dutch Home &amp; Living ist st\u00e4ndig auf der Suche nach sch\u00f6nen Dingen, die nicht nur Ihre innere und \u00e4u\u00dfere Pflege verbessern, sondern auch die Atmosph\u00e4re in und um Ihr Zuhause, denn wir sind der Meinung, dass Ihre Umgebung einen gro\u00dfen Einfluss auf Ihr Wohlbefinden hat.<\/p>\n<p><strong>Warnung:<\/strong> Wenn Sie Teelichter verwenden, werden diese H\u00e4user sehr hei\u00df. Stellen Sie sie daher nicht auf brennbare Oberfl\u00e4chen oder gegen brennbare Produkte.<\/p>\n<p>&nbsp;<\/p>\n","protected":false},"excerpt":{"rendered":"<p>Echte Stimmungsmacher f\u00fcr Ihr Zuhause, die eine gem\u00fctliche Herbst- oder Winteratmosph\u00e4re schaffen.<\/p>\n","protected":false},"featured_media":308420,"comment_status":"open","ping_status":"closed","template":"","meta":[],"product_brand":[],"product_cat":[16020,6645,17401,1032,1210,511,6736],"product_tag":[21317],"class_list":{"0":"post-310994","1":"product","2":"type-product","3":"status-publish","4":"has-post-thumbnail","6":"product_cat-dutch-health-store-de","7":"product_cat-family-de","8":"product_cat-haus-wohnen","9":"product_cat-kategorien","10":"product_cat-marken","11":"product_cat-produkte","12":"product_cat-wellness-de","13":"product_tag-haus-wohnen","14":"pa_brand-dutch-home-living-de","15":"pa_colo-neck-gable-de","16":"pa_colo-set-of-3-gables-de","17":"pa_colo-spout-gable-de","18":"pa_colo-stepped-gable-de","19":"pa_home-living-decoration-de","20":"pa_home-living-seasonal-de","21":"pa_size-11-13-cm-de","23":"first","24":"instock","25":"taxable","26":"shipping-taxable","27":"purchasable","28":"product-type-variable"},"bundled_by":[],"bundle_stock_status":"instock","bundle_stock_quantity":null,"bundle_virtual":false,"bundle_layout":"","bundle_add_to_cart_form_location":"","bundle_editable_in_cart":false,"bundle_sold_individually_context":"","bundle_item_grouping":"","bundle_min_size":"","bundle_max_size":"","bundle_price":[],"bundled_items":[],"bundle_sell_ids":[],"atum_controlled":true,"out_stock_date":null,"out_stock_threshold":null,"inheritable":true,"stock_on_hold":0,"sold_today":0,"sales_last_days":0,"out_stock_days":0,"lost_sales":0,"update_date":"2026-04-27T00:13:25","atum_locations":[],"atum_stock_status":"instock","restock_status":false,"low_stock_amount":"","sales_update_date":"2026-04-27T00:13:25","calc_backorders":null,"group_of_quantity":0,"min_quantity":0,"max_quantity":"","exclude_order_quantity_value_rules":"no","exclude_category_quantity_rules":"no","combine_variations":"no","yoast_head":"<!-- This site is optimized with the Yoast SEO Premium plugin v26.5 (Yoast SEO v26.5) - https:\/\/yoast.com\/wordpress\/plugins\/seo\/ -->\n<title>Rusty houses with old-Dutch gables - Dutch Health Store<\/title>\n<meta name=\"description\" content=\"Echte Feuermacher in Ihrem Haus, die Ihnen ein herrliches Herbst- oder Winterfest bescheren\" \/>\n<meta name=\"robots\" content=\"index, follow, max-snippet:-1, max-image-preview:large, max-video-preview:-1\" \/>\n<link rel=\"canonical\" href=\"https:\/\/dutchhealthstore.com\/de\/product\/rusty-houses-with-old-dutch-gables\/\" \/>\n<meta property=\"og:locale\" content=\"de_DE\" \/>\n<meta property=\"og:type\" content=\"article\" \/>\n<meta property=\"og:title\" content=\"Rusty houses with old-Dutch gables - Dutch Health Store\" \/>\n<meta property=\"og:description\" content=\"Echte Feuermacher in Ihrem Haus, die Ihnen ein herrliches Herbst- oder Winterfest bescheren\" \/>\n<meta property=\"og:url\" content=\"https:\/\/dutchhealthstore.com\/de\/product\/rusty-houses-with-old-dutch-gables\/\" \/>\n<meta property=\"og:site_name\" content=\"Dutch Health Store\" \/>\n<meta property=\"article:publisher\" content=\"https:\/\/www.instagram.com\/dutchhealthstore\/\" \/>\n<meta property=\"og:image\" content=\"https:\/\/dutchhealthstore.com\/wp-content\/uploads\/2024\/10\/1728392189987.jpg\" \/>\n\t<meta property=\"og:image:width\" content=\"530\" \/>\n\t<meta property=\"og:image:height\" content=\"530\" \/>\n\t<meta property=\"og:image:type\" content=\"image\/jpeg\" \/>\n<meta name=\"twitter:card\" content=\"summary_large_image\" \/>\n<meta name=\"twitter:label1\" content=\"Verf\u00fcgbarkeit\" \/>\n\t<meta name=\"twitter:data1\" content=\"Auf Lager\" \/>\n<script type=\"application\/ld+json\" class=\"yoast-schema-graph\">{\"@context\":\"https:\/\/schema.org\",\"@graph\":[{\"@type\":\"WebPage\",\"@id\":\"https:\/\/dutchhealthstore.com\/de\/product\/rusty-houses-with-old-dutch-gables\/\",\"url\":\"https:\/\/dutchhealthstore.com\/de\/product\/rusty-houses-with-old-dutch-gables\/\",\"name\":\"Rusty houses with old-Dutch gables - Dutch Health Store\",\"isPartOf\":{\"@id\":\"https:\/\/dutchhealthstore.com\/de\/#website\"},\"primaryImageOfPage\":{\"@id\":\"https:\/\/dutchhealthstore.com\/de\/product\/rusty-houses-with-old-dutch-gables\/#primaryimage\"},\"image\":{\"@id\":\"https:\/\/dutchhealthstore.com\/de\/product\/rusty-houses-with-old-dutch-gables\/#primaryimage\"},\"thumbnailUrl\":\"https:\/\/dutchhealthstore.com\/wp-content\/uploads\/2024\/10\/1728392189987.jpg\",\"datePublished\":\"2024-10-10T13:26:17+00:00\",\"description\":\"Echte Feuermacher in Ihrem Haus, die Ihnen ein herrliches Herbst- oder Winterfest bescheren\",\"breadcrumb\":{\"@id\":\"https:\/\/dutchhealthstore.com\/de\/product\/rusty-houses-with-old-dutch-gables\/#breadcrumb\"},\"inLanguage\":\"de\",\"potentialAction\":[{\"@type\":\"ReadAction\",\"target\":[\"https:\/\/dutchhealthstore.com\/de\/product\/rusty-houses-with-old-dutch-gables\/\"]}]},{\"@type\":\"ImageObject\",\"inLanguage\":\"de\",\"@id\":\"https:\/\/dutchhealthstore.com\/de\/product\/rusty-houses-with-old-dutch-gables\/#primaryimage\",\"url\":\"https:\/\/dutchhealthstore.com\/wp-content\/uploads\/2024\/10\/1728392189987.jpg\",\"contentUrl\":\"https:\/\/dutchhealthstore.com\/wp-content\/uploads\/2024\/10\/1728392189987.jpg\",\"width\":530,\"height\":530,\"caption\":\"dsh-rusty-houses\"},{\"@type\":\"BreadcrumbList\",\"@id\":\"https:\/\/dutchhealthstore.com\/de\/product\/rusty-houses-with-old-dutch-gables\/#breadcrumb\",\"itemListElement\":[{\"@type\":\"ListItem\",\"position\":1,\"name\":\"Home\",\"item\":\"https:\/\/dutchhealthstore.com\/de\/\"},{\"@type\":\"ListItem\",\"position\":2,\"name\":\"Shop\",\"item\":\"https:\/\/dutchhealthstore.com\/de\/shop-2\/\"},{\"@type\":\"ListItem\",\"position\":3,\"name\":\"Rusty houses with old-Dutch gables\"}]},{\"@type\":\"WebSite\",\"@id\":\"https:\/\/dutchhealthstore.com\/de\/#website\",\"url\":\"https:\/\/dutchhealthstore.com\/de\/\",\"name\":\"Dutch Health Store\",\"description\":\"Enhance Your Beauty with Organic &amp; Natural Skincare\",\"publisher\":{\"@id\":\"https:\/\/dutchhealthstore.com\/de\/#organization\"},\"potentialAction\":[{\"@type\":\"SearchAction\",\"target\":{\"@type\":\"EntryPoint\",\"urlTemplate\":\"https:\/\/dutchhealthstore.com\/de\/?s={search_term_string}\"},\"query-input\":{\"@type\":\"PropertyValueSpecification\",\"valueRequired\":true,\"valueName\":\"search_term_string\"}}],\"inLanguage\":\"de\"},{\"@type\":\"Organization\",\"@id\":\"https:\/\/dutchhealthstore.com\/de\/#organization\",\"name\":\"Dutch Health Store\",\"url\":\"https:\/\/dutchhealthstore.com\/de\/\",\"logo\":{\"@type\":\"ImageObject\",\"inLanguage\":\"de\",\"@id\":\"https:\/\/dutchhealthstore.com\/de\/#\/schema\/logo\/image\/\",\"url\":\"https:\/\/dutchhealthstore.com\/wp-content\/uploads\/2020\/08\/logo-dutchhealthstore-jpg-e1599484957574.jpg\",\"contentUrl\":\"https:\/\/dutchhealthstore.com\/wp-content\/uploads\/2020\/08\/logo-dutchhealthstore-jpg-e1599484957574.jpg\",\"width\":400,\"height\":62,\"caption\":\"Dutch Health Store\"},\"image\":{\"@id\":\"https:\/\/dutchhealthstore.com\/de\/#\/schema\/logo\/image\/\"},\"sameAs\":[\"https:\/\/www.instagram.com\/dutchhealthstore\/\",\"https:\/\/www.facebook.com\/dutchhealthstore\"]}]}<\/script>\n<meta property=\"product:brand\" content=\"Dutch Home &amp; Living\" \/>\n<meta property=\"og:availability\" content=\"instock\" \/>\n<meta property=\"product:availability\" content=\"instock\" \/>\n<meta property=\"product:condition\" content=\"new\" \/>\n<!-- \/ Yoast SEO Premium plugin. -->","yoast_head_json":{"title":"Rusty houses with old-Dutch gables - Dutch Health Store","description":"Echte Feuermacher in Ihrem Haus, die Ihnen ein herrliches Herbst- oder Winterfest bescheren","robots":{"index":"index","follow":"follow","max-snippet":"max-snippet:-1","max-image-preview":"max-image-preview:large","max-video-preview":"max-video-preview:-1"},"canonical":"https:\/\/dutchhealthstore.com\/de\/product\/rusty-houses-with-old-dutch-gables\/","og_locale":"de_DE","og_type":"article","og_title":"Rusty houses with old-Dutch gables - Dutch Health Store","og_description":"Echte Feuermacher in Ihrem Haus, die Ihnen ein herrliches Herbst- oder Winterfest bescheren","og_url":"https:\/\/dutchhealthstore.com\/de\/product\/rusty-houses-with-old-dutch-gables\/","og_site_name":"Dutch Health Store","article_publisher":"https:\/\/www.instagram.com\/dutchhealthstore\/","og_image":[{"width":530,"height":530,"url":"https:\/\/dutchhealthstore.com\/wp-content\/uploads\/2024\/10\/1728392189987.jpg","type":"image\/jpeg"}],"twitter_card":"summary_large_image","twitter_misc":{"Verf\u00fcgbarkeit":"Auf Lager"},"schema":{"@context":"https:\/\/schema.org","@graph":[{"@type":"WebPage","@id":"https:\/\/dutchhealthstore.com\/de\/product\/rusty-houses-with-old-dutch-gables\/","url":"https:\/\/dutchhealthstore.com\/de\/product\/rusty-houses-with-old-dutch-gables\/","name":"Rusty houses with old-Dutch gables - Dutch Health Store","isPartOf":{"@id":"https:\/\/dutchhealthstore.com\/de\/#website"},"primaryImageOfPage":{"@id":"https:\/\/dutchhealthstore.com\/de\/product\/rusty-houses-with-old-dutch-gables\/#primaryimage"},"image":{"@id":"https:\/\/dutchhealthstore.com\/de\/product\/rusty-houses-with-old-dutch-gables\/#primaryimage"},"thumbnailUrl":"https:\/\/dutchhealthstore.com\/wp-content\/uploads\/2024\/10\/1728392189987.jpg","datePublished":"2024-10-10T13:26:17+00:00","description":"Echte Feuermacher in Ihrem Haus, die Ihnen ein herrliches Herbst- oder Winterfest bescheren","breadcrumb":{"@id":"https:\/\/dutchhealthstore.com\/de\/product\/rusty-houses-with-old-dutch-gables\/#breadcrumb"},"inLanguage":"de","potentialAction":[{"@type":"ReadAction","target":["https:\/\/dutchhealthstore.com\/de\/product\/rusty-houses-with-old-dutch-gables\/"]}]},{"@type":"ImageObject","inLanguage":"de","@id":"https:\/\/dutchhealthstore.com\/de\/product\/rusty-houses-with-old-dutch-gables\/#primaryimage","url":"https:\/\/dutchhealthstore.com\/wp-content\/uploads\/2024\/10\/1728392189987.jpg","contentUrl":"https:\/\/dutchhealthstore.com\/wp-content\/uploads\/2024\/10\/1728392189987.jpg","width":530,"height":530,"caption":"dsh-rusty-houses"},{"@type":"BreadcrumbList","@id":"https:\/\/dutchhealthstore.com\/de\/product\/rusty-houses-with-old-dutch-gables\/#breadcrumb","itemListElement":[{"@type":"ListItem","position":1,"name":"Home","item":"https:\/\/dutchhealthstore.com\/de\/"},{"@type":"ListItem","position":2,"name":"Shop","item":"https:\/\/dutchhealthstore.com\/de\/shop-2\/"},{"@type":"ListItem","position":3,"name":"Rusty houses with old-Dutch gables"}]},{"@type":"WebSite","@id":"https:\/\/dutchhealthstore.com\/de\/#website","url":"https:\/\/dutchhealthstore.com\/de\/","name":"Dutch Health Store","description":"Enhance Your Beauty with Organic &amp; Natural Skincare","publisher":{"@id":"https:\/\/dutchhealthstore.com\/de\/#organization"},"potentialAction":[{"@type":"SearchAction","target":{"@type":"EntryPoint","urlTemplate":"https:\/\/dutchhealthstore.com\/de\/?s={search_term_string}"},"query-input":{"@type":"PropertyValueSpecification","valueRequired":true,"valueName":"search_term_string"}}],"inLanguage":"de"},{"@type":"Organization","@id":"https:\/\/dutchhealthstore.com\/de\/#organization","name":"Dutch Health Store","url":"https:\/\/dutchhealthstore.com\/de\/","logo":{"@type":"ImageObject","inLanguage":"de","@id":"https:\/\/dutchhealthstore.com\/de\/#\/schema\/logo\/image\/","url":"https:\/\/dutchhealthstore.com\/wp-content\/uploads\/2020\/08\/logo-dutchhealthstore-jpg-e1599484957574.jpg","contentUrl":"https:\/\/dutchhealthstore.com\/wp-content\/uploads\/2020\/08\/logo-dutchhealthstore-jpg-e1599484957574.jpg","width":400,"height":62,"caption":"Dutch Health Store"},"image":{"@id":"https:\/\/dutchhealthstore.com\/de\/#\/schema\/logo\/image\/"},"sameAs":["https:\/\/www.instagram.com\/dutchhealthstore\/","https:\/\/www.facebook.com\/dutchhealthstore"]}]},"product_brand":"Dutch Home &amp; Living","og_availability":"instock","product_availability":"instock","product_condition":"new"},"_links":{"self":[{"href":"https:\/\/dutchhealthstore.com\/de\/wp-json\/wp\/v2\/product\/310994","targetHints":{"allow":["GET"]}}],"collection":[{"href":"https:\/\/dutchhealthstore.com\/de\/wp-json\/wp\/v2\/product"}],"about":[{"href":"https:\/\/dutchhealthstore.com\/de\/wp-json\/wp\/v2\/types\/product"}],"replies":[{"embeddable":true,"href":"https:\/\/dutchhealthstore.com\/de\/wp-json\/wp\/v2\/comments?post=310994"}],"wp:featuredmedia":[{"embeddable":true,"href":"https:\/\/dutchhealthstore.com\/de\/wp-json\/wp\/v2\/media\/308420"}],"wp:attachment":[{"href":"https:\/\/dutchhealthstore.com\/de\/wp-json\/wp\/v2\/media?parent=310994"}],"wp:term":[{"taxonomy":"product_brand","embeddable":true,"href":"https:\/\/dutchhealthstore.com\/de\/wp-json\/wp\/v2\/product_brand?post=310994"},{"taxonomy":"product_cat","embeddable":true,"href":"https:\/\/dutchhealthstore.com\/de\/wp-json\/wp\/v2\/product_cat?post=310994"},{"taxonomy":"product_tag","embeddable":true,"href":"https:\/\/dutchhealthstore.com\/de\/wp-json\/wp\/v2\/product_tag?post=310994"}],"curies":[{"name":"wp","href":"https:\/\/api.w.org\/{rel}","templated":true}]}}