{"id":306902,"date":"2024-09-24T15:15:54","date_gmt":"2024-09-24T13:15:54","guid":{"rendered":"https:\/\/dutchhealthstore.com\/product\/forest-cologne-sweetgrass-song\/"},"modified":"2026-01-16T00:00:26","modified_gmt":"2026-01-15T23:00:26","slug":"forest-cologne-sweetgrass-song","status":"publish","type":"product","link":"https:\/\/dutchhealthstore.com\/de\/product\/forest-cologne-sweetgrass-song\/","title":{"rendered":"Forest Cologne &#8211; Sweetgrass Song"},"content":{"rendered":"<h3><img decoding=\"async\" class=\"alignright size-full wp-image-37041\" src=\"https:\/\/dutchhealthstore.com\/wp-content\/uploads\/2018\/04\/Living_Libations-1.png\" alt=\"Organic &amp; Natural Beautyproducts - Living Libations\" width=\"175\" height=\"82\">Das Dufterlebnis<\/h3>\n<p>Der erdige, s\u00fc\u00dfe Nachhall dieses reinigenden Elixiers l\u00e4sst Ihren Geist zur Ruhe kommen und l\u00e4dt Sie ein, die beruhigenden Aromen des Sommers tief einzuatmen. Ein Spritzer dieser Kr\u00e4utermischung h\u00fcllt Haut und Geist in eine warme, vanillige Brise ein, die von zeremoniellem Tabak und sonnenbeschienenen Wiesen aus S\u00fc\u00dfgras und Majoran ber\u00fchrt wird. Der Duft von gem\u00e4htem Heu belebt die Sinne und erinnert daran, jeden Moment des Spiels und des Gebets zu genie\u00dfen.<\/p>\n<h3>Instruktion<\/h3>\n<p>Lassen Sie Sweetgrass Song Ihren Geist und Ihre Umgebung reinigen. Spr\u00fchen Sie es auf Ihren K\u00f6rper, Ihren Hals, Ihre Pulspunkte, Ihre H\u00e4nde oder Ihr Haar und genie\u00dfen Sie es als erfrischenden aromatischen Nebel f\u00fcr die Luft und Ihre Aura.<\/p>\n<p><strong>Gr\u00f6\u00dfe: 5 ml<\/strong><\/p>\n<h3 class=\"yikes-custom-woo-tab-title yikes-custom-woo-tab-title-natural-organic-ingredients\">Nat\u00fcrliche\/Organische Inhaltsstoffe<\/h3>\n<p><strong>S\u00fc\u00dfes Vernalgras<\/strong> &#8211; <em>(Anthoxanthum odoratum)<\/em><br \/>\nAuch als Vanille-Gras bekannt, verstr\u00f6mt dieser begehrte Duft die Essenz von s\u00fc\u00dfen Sommerwiesen mit Cumarin-Noten von Klee und frisch gem\u00e4htem Gras. Das aus dem mediterranen Frankreich stammende Sweet Vernal Grass oder Flouve verleiht ihm einen krautigen, heu\u00e4hnlichen Duft mit einem Hauch von Honig und Vanille. Steffen Arctander beschreibt ihn als &#8222;s\u00fc\u00dfen, krautigen, tabak\u00e4hnlichen und kumarinartigen Duft&#8220;, der sowohl komplex als auch kraftvoll durchdringend ist und ihn zu einem Favoriten in der Welt der Parf\u00fcmerie macht.<\/p>\n<p><strong>Heu <\/strong>&#8211; <em>(Hierochloe alpina)<\/em><br \/>\nDieses \u00e4therische \u00d6l f\u00e4ngt das nostalgische Aroma von sonnengetrocknetem Sommerheu ein und verstr\u00f6mt einen sanften, balsamischen Duft, der an die Ruhe eines Tages auf dem Land erinnert. Geerntet und \u00fcber Monate hinweg in der Sonne getrocknet, verleiht das beruhigende und s\u00fc\u00dfe Aroma von Heu diesem Duft eine reiche, anhaltende Herznote.<\/p>\n<p><strong>Gr\u00fcne Zitrone <\/strong>&#8211; <em>(Citrus limon)<\/em><br \/>\nMit einer Schale, die an Bergamotte und Zitronenverbene erinnert, verleiht Green Lemon der Mischung eine helle, sonnenverw\u00f6hnte Kopfnote. Diese Destillation bringt ein erfrischendes Zitrusaroma, das die Luft mit der Essenz eines sizilianischen Sommers f\u00fcllt.<\/p>\n<p><strong>Balsamtanne absolut <\/strong>&#8211; <em>(Abies balsamea)<\/em><br \/>\nDieser festliche Duft verbindet balsamische Noten mit fruchtigen, erdbeerartigen Untert\u00f6nen. Thoreau zufolge verstr\u00f6men die frischen Triebe der Balsam-Tanne einen bemerkenswerten Erdbeerduft. Seine Kraft wird oft untersch\u00e4tzt, aber er verleiht der Basis von Foug\u00e8re und Chypre eine enorme Tiefe.<\/p>\n<p><strong>S\u00fc\u00dfer Majoran <\/strong>&#8211; <em>(Origanum marjorana)<\/em><br \/>\nS\u00fc\u00dfer Majoran ist ein beruhigendes Kraut mit einem warmen, durchdringenden Aroma. Er wird f\u00fcr seine F\u00e4higkeit verehrt, Muskeln zu entspannen, den Geist zu beruhigen und das Herz zu heilen. Sein sanfter Wiesenduft reinigt K\u00f6rper und Geist.<\/p>\n<p><strong>Biodynamischer Traubenalkohol <\/strong>&#8211; Dieser dreifach gefilterte Bio-Alkohol dient als Tr\u00e4ger f\u00fcr die pflanzlichen Essenzen, damit diese in die Haut eindringen k\u00f6nnen. Es wird aus zertifizierten Bio-Weinen hergestellt und erf\u00fcllt die pharmazeutischen Standards f\u00fcr Reinheit.<\/p>\n<p><img fetchpriority=\"high\" decoding=\"async\" class=\"aligncenter size-full wp-image-31577\" src=\"https:\/\/dutchhealthstore.com\/wp-content\/uploads\/2018\/03\/organic_big.png\" alt=\"Organic and Natural - Living Libations\" width=\"623\" height=\"103\" srcset=\"https:\/\/dutchhealthstore.com\/wp-content\/uploads\/2018\/03\/organic_big.png 623w, https:\/\/dutchhealthstore.com\/wp-content\/uploads\/2018\/03\/organic_big-510x84.png 510w, https:\/\/dutchhealthstore.com\/wp-content\/uploads\/2018\/03\/organic_big-600x99.png 600w, https:\/\/dutchhealthstore.com\/wp-content\/uploads\/2018\/03\/organic_big-350x58.png 350w\" sizes=\"(max-width: 623px) 100vw, 623px\" \/><\/p>\n","protected":false},"excerpt":{"rendered":"<p>SweetGrass Song von Living Libations f\u00e4ngt die Essenz des Sommers ein, indem es Noten von s\u00fc\u00dfem Fr\u00fchlings-Vanillegras, Heu, Majoran, gr\u00fcner Zitrone und Balsam-Tannen-Absolue vermischt. Dieses erdige, krautige Eau de Cologne reinigt und harmonisiert und bietet einen spirituellen, friedlichen Duft, der an sonnenbeschienene Wiesen und warme Sommerbrisen erinnert.<\/p>\n","protected":false},"featured_media":354813,"comment_status":"open","ping_status":"closed","template":"","meta":[],"product_brand":[],"product_cat":[1962,1508,6700,1032,1493,1210,511],"product_tag":[6740],"class_list":{"0":"post-306902","1":"product","2":"type-product","3":"status-publish","4":"has-post-thumbnail","6":"product_cat-elixir-blends","7":"product_cat-aetherische-oele-living-libations","8":"product_cat-fragrances-de","9":"product_cat-kategorien","10":"product_cat-living-libations-deutschland","11":"product_cat-marken","12":"product_cat-produkte","13":"product_tag-perfume-de","14":"pa_brand-livinglibations-de","15":"pa_fragrances-product-type-colognes-de","16":"pa_fragrances-product-type-for-him-de","17":"pa_size-5-ml-de","18":"pa_size-30-ml-3-de","20":"first","21":"instock","22":"taxable","23":"shipping-taxable","24":"purchasable","25":"product-type-variable"},"bundled_by":[],"bundle_stock_status":"instock","bundle_stock_quantity":5,"bundle_virtual":false,"bundle_layout":"","bundle_add_to_cart_form_location":"","bundle_editable_in_cart":false,"bundle_sold_individually_context":"","bundle_item_grouping":"","bundle_min_size":"","bundle_max_size":"","bundle_price":[],"bundled_items":[],"bundle_sell_ids":[266284],"atum_controlled":true,"out_stock_date":null,"out_stock_threshold":null,"inheritable":true,"stock_on_hold":0,"sold_today":0,"sales_last_days":0,"out_stock_days":0,"lost_sales":0,"update_date":"2026-04-09T11:41:15","atum_locations":[],"atum_stock_status":"instock","restock_status":false,"low_stock_amount":"","sales_update_date":"2026-04-09T11:41:15","calc_backorders":null,"group_of_quantity":0,"min_quantity":0,"max_quantity":"","exclude_order_quantity_value_rules":"no","exclude_category_quantity_rules":"no","combine_variations":"no","yoast_head":"<!-- This site is optimized with the Yoast SEO Premium plugin v26.5 (Yoast SEO v26.5) - https:\/\/yoast.com\/wordpress\/plugins\/seo\/ -->\n<title>Forest Cologne - Sweetgrass Song | Living Libations<\/title>\n<meta name=\"description\" content=\"SweetGrass Song ist ein belebendes Parf\u00fcm, das die Essenz des Sommers mit Noten von S\u00fc\u00dfgras, Vanille und Majoran f\u00fcr ein erdiges Dufterlebnis heraufbeschw\u00f6rt.\" \/>\n<meta name=\"robots\" content=\"index, follow, max-snippet:-1, max-image-preview:large, max-video-preview:-1\" \/>\n<link rel=\"canonical\" href=\"https:\/\/dutchhealthstore.com\/de\/product\/forest-cologne-sweetgrass-song\/\" \/>\n<meta property=\"og:locale\" content=\"de_DE\" \/>\n<meta property=\"og:type\" content=\"article\" \/>\n<meta property=\"og:title\" content=\"Forest Cologne - Sweetgrass Song - Dutch Health Store\" \/>\n<meta property=\"og:description\" content=\"SweetGrass Song ist ein belebendes Parf\u00fcm, das die Essenz des Sommers mit Noten von S\u00fc\u00dfgras, Vanille und Majoran f\u00fcr ein erdiges Dufterlebnis heraufbeschw\u00f6rt.\" \/>\n<meta property=\"og:url\" content=\"https:\/\/dutchhealthstore.com\/de\/product\/forest-cologne-sweetgrass-song\/\" \/>\n<meta property=\"og:site_name\" content=\"Dutch Health Store\" \/>\n<meta property=\"article:publisher\" content=\"https:\/\/www.instagram.com\/dutchhealthstore\/\" \/>\n<meta property=\"article:modified_time\" content=\"2026-01-15T23:00:26+00:00\" \/>\n<meta property=\"og:image\" content=\"https:\/\/dutchhealthstore.com\/wp-content\/uploads\/2024\/09\/SweetGrassSong5ml_closed_1024x1024@2x.webp\" \/>\n\t<meta property=\"og:image:width\" content=\"1500\" \/>\n\t<meta property=\"og:image:height\" content=\"1500\" \/>\n\t<meta property=\"og:image:type\" content=\"image\/webp\" \/>\n<meta name=\"twitter:card\" content=\"summary_large_image\" \/>\n<meta name=\"twitter:label1\" content=\"Verf\u00fcgbarkeit\" \/>\n\t<meta name=\"twitter:data1\" content=\"Auf Lager\" \/>\n<script type=\"application\/ld+json\" class=\"yoast-schema-graph\">{\"@context\":\"https:\/\/schema.org\",\"@graph\":[{\"@type\":\"WebPage\",\"@id\":\"https:\/\/dutchhealthstore.com\/de\/product\/forest-cologne-sweetgrass-song\/\",\"url\":\"https:\/\/dutchhealthstore.com\/de\/product\/forest-cologne-sweetgrass-song\/\",\"name\":\"Forest Cologne - Sweetgrass Song | Living Libations\",\"isPartOf\":{\"@id\":\"https:\/\/dutchhealthstore.com\/de\/#website\"},\"primaryImageOfPage\":{\"@id\":\"https:\/\/dutchhealthstore.com\/de\/product\/forest-cologne-sweetgrass-song\/#primaryimage\"},\"image\":{\"@id\":\"https:\/\/dutchhealthstore.com\/de\/product\/forest-cologne-sweetgrass-song\/#primaryimage\"},\"thumbnailUrl\":\"https:\/\/dutchhealthstore.com\/wp-content\/uploads\/2025\/09\/living-libations-sweetgrass-song-30ml.jpg\",\"datePublished\":\"2024-09-24T13:15:54+00:00\",\"dateModified\":\"2026-01-15T23:00:26+00:00\",\"description\":\"SweetGrass Song ist ein belebendes Parf\u00fcm, das die Essenz des Sommers mit Noten von S\u00fc\u00dfgras, Vanille und Majoran f\u00fcr ein erdiges Dufterlebnis heraufbeschw\u00f6rt.\",\"breadcrumb\":{\"@id\":\"https:\/\/dutchhealthstore.com\/de\/product\/forest-cologne-sweetgrass-song\/#breadcrumb\"},\"inLanguage\":\"de\",\"potentialAction\":[{\"@type\":\"ReadAction\",\"target\":[\"https:\/\/dutchhealthstore.com\/de\/product\/forest-cologne-sweetgrass-song\/\"]}]},{\"@type\":\"ImageObject\",\"inLanguage\":\"de\",\"@id\":\"https:\/\/dutchhealthstore.com\/de\/product\/forest-cologne-sweetgrass-song\/#primaryimage\",\"url\":\"https:\/\/dutchhealthstore.com\/wp-content\/uploads\/2025\/09\/living-libations-sweetgrass-song-30ml.jpg\",\"contentUrl\":\"https:\/\/dutchhealthstore.com\/wp-content\/uploads\/2025\/09\/living-libations-sweetgrass-song-30ml.jpg\",\"width\":530,\"height\":530,\"caption\":\"living-libations-sweetgrass-song-30ml\"},{\"@type\":\"BreadcrumbList\",\"@id\":\"https:\/\/dutchhealthstore.com\/de\/product\/forest-cologne-sweetgrass-song\/#breadcrumb\",\"itemListElement\":[{\"@type\":\"ListItem\",\"position\":1,\"name\":\"Home\",\"item\":\"https:\/\/dutchhealthstore.com\/de\/\"},{\"@type\":\"ListItem\",\"position\":2,\"name\":\"Shop\",\"item\":\"https:\/\/dutchhealthstore.com\/de\/shop-2\/\"},{\"@type\":\"ListItem\",\"position\":3,\"name\":\"Forest Cologne &#8211; Sweetgrass Song\"}]},{\"@type\":\"WebSite\",\"@id\":\"https:\/\/dutchhealthstore.com\/de\/#website\",\"url\":\"https:\/\/dutchhealthstore.com\/de\/\",\"name\":\"Dutch Health Store\",\"description\":\"Enhance Your Beauty with Organic &amp; Natural Skincare\",\"publisher\":{\"@id\":\"https:\/\/dutchhealthstore.com\/de\/#organization\"},\"potentialAction\":[{\"@type\":\"SearchAction\",\"target\":{\"@type\":\"EntryPoint\",\"urlTemplate\":\"https:\/\/dutchhealthstore.com\/de\/?s={search_term_string}\"},\"query-input\":{\"@type\":\"PropertyValueSpecification\",\"valueRequired\":true,\"valueName\":\"search_term_string\"}}],\"inLanguage\":\"de\"},{\"@type\":\"Organization\",\"@id\":\"https:\/\/dutchhealthstore.com\/de\/#organization\",\"name\":\"Dutch Health Store\",\"url\":\"https:\/\/dutchhealthstore.com\/de\/\",\"logo\":{\"@type\":\"ImageObject\",\"inLanguage\":\"de\",\"@id\":\"https:\/\/dutchhealthstore.com\/de\/#\/schema\/logo\/image\/\",\"url\":\"https:\/\/dutchhealthstore.com\/wp-content\/uploads\/2020\/08\/logo-dutchhealthstore-jpg-e1599484957574.jpg\",\"contentUrl\":\"https:\/\/dutchhealthstore.com\/wp-content\/uploads\/2020\/08\/logo-dutchhealthstore-jpg-e1599484957574.jpg\",\"width\":400,\"height\":62,\"caption\":\"Dutch Health Store\"},\"image\":{\"@id\":\"https:\/\/dutchhealthstore.com\/de\/#\/schema\/logo\/image\/\"},\"sameAs\":[\"https:\/\/www.instagram.com\/dutchhealthstore\/\",\"https:\/\/www.facebook.com\/dutchhealthstore\"]}]}<\/script>\n<meta property=\"product:brand\" content=\"Living Libations\" \/>\n<meta property=\"og:availability\" content=\"instock\" \/>\n<meta property=\"product:availability\" content=\"instock\" \/>\n<meta property=\"product:condition\" content=\"new\" \/>\n<!-- \/ Yoast SEO Premium plugin. -->","yoast_head_json":{"title":"Forest Cologne - Sweetgrass Song | Living Libations","description":"SweetGrass Song ist ein belebendes Parf\u00fcm, das die Essenz des Sommers mit Noten von S\u00fc\u00dfgras, Vanille und Majoran f\u00fcr ein erdiges Dufterlebnis heraufbeschw\u00f6rt.","robots":{"index":"index","follow":"follow","max-snippet":"max-snippet:-1","max-image-preview":"max-image-preview:large","max-video-preview":"max-video-preview:-1"},"canonical":"https:\/\/dutchhealthstore.com\/de\/product\/forest-cologne-sweetgrass-song\/","og_locale":"de_DE","og_type":"article","og_title":"Forest Cologne - Sweetgrass Song - Dutch Health Store","og_description":"SweetGrass Song ist ein belebendes Parf\u00fcm, das die Essenz des Sommers mit Noten von S\u00fc\u00dfgras, Vanille und Majoran f\u00fcr ein erdiges Dufterlebnis heraufbeschw\u00f6rt.","og_url":"https:\/\/dutchhealthstore.com\/de\/product\/forest-cologne-sweetgrass-song\/","og_site_name":"Dutch Health Store","article_publisher":"https:\/\/www.instagram.com\/dutchhealthstore\/","article_modified_time":"2026-01-15T23:00:26+00:00","og_image":[{"width":1500,"height":1500,"url":"https:\/\/dutchhealthstore.com\/wp-content\/uploads\/2024\/09\/SweetGrassSong5ml_closed_1024x1024@2x.webp","type":"image\/webp"}],"twitter_card":"summary_large_image","twitter_misc":{"Verf\u00fcgbarkeit":"Auf Lager"},"schema":{"@context":"https:\/\/schema.org","@graph":[{"@type":"WebPage","@id":"https:\/\/dutchhealthstore.com\/de\/product\/forest-cologne-sweetgrass-song\/","url":"https:\/\/dutchhealthstore.com\/de\/product\/forest-cologne-sweetgrass-song\/","name":"Forest Cologne - Sweetgrass Song | Living Libations","isPartOf":{"@id":"https:\/\/dutchhealthstore.com\/de\/#website"},"primaryImageOfPage":{"@id":"https:\/\/dutchhealthstore.com\/de\/product\/forest-cologne-sweetgrass-song\/#primaryimage"},"image":{"@id":"https:\/\/dutchhealthstore.com\/de\/product\/forest-cologne-sweetgrass-song\/#primaryimage"},"thumbnailUrl":"https:\/\/dutchhealthstore.com\/wp-content\/uploads\/2025\/09\/living-libations-sweetgrass-song-30ml.jpg","datePublished":"2024-09-24T13:15:54+00:00","dateModified":"2026-01-15T23:00:26+00:00","description":"SweetGrass Song ist ein belebendes Parf\u00fcm, das die Essenz des Sommers mit Noten von S\u00fc\u00dfgras, Vanille und Majoran f\u00fcr ein erdiges Dufterlebnis heraufbeschw\u00f6rt.","breadcrumb":{"@id":"https:\/\/dutchhealthstore.com\/de\/product\/forest-cologne-sweetgrass-song\/#breadcrumb"},"inLanguage":"de","potentialAction":[{"@type":"ReadAction","target":["https:\/\/dutchhealthstore.com\/de\/product\/forest-cologne-sweetgrass-song\/"]}]},{"@type":"ImageObject","inLanguage":"de","@id":"https:\/\/dutchhealthstore.com\/de\/product\/forest-cologne-sweetgrass-song\/#primaryimage","url":"https:\/\/dutchhealthstore.com\/wp-content\/uploads\/2025\/09\/living-libations-sweetgrass-song-30ml.jpg","contentUrl":"https:\/\/dutchhealthstore.com\/wp-content\/uploads\/2025\/09\/living-libations-sweetgrass-song-30ml.jpg","width":530,"height":530,"caption":"living-libations-sweetgrass-song-30ml"},{"@type":"BreadcrumbList","@id":"https:\/\/dutchhealthstore.com\/de\/product\/forest-cologne-sweetgrass-song\/#breadcrumb","itemListElement":[{"@type":"ListItem","position":1,"name":"Home","item":"https:\/\/dutchhealthstore.com\/de\/"},{"@type":"ListItem","position":2,"name":"Shop","item":"https:\/\/dutchhealthstore.com\/de\/shop-2\/"},{"@type":"ListItem","position":3,"name":"Forest Cologne &#8211; Sweetgrass Song"}]},{"@type":"WebSite","@id":"https:\/\/dutchhealthstore.com\/de\/#website","url":"https:\/\/dutchhealthstore.com\/de\/","name":"Dutch Health Store","description":"Enhance Your Beauty with Organic &amp; Natural Skincare","publisher":{"@id":"https:\/\/dutchhealthstore.com\/de\/#organization"},"potentialAction":[{"@type":"SearchAction","target":{"@type":"EntryPoint","urlTemplate":"https:\/\/dutchhealthstore.com\/de\/?s={search_term_string}"},"query-input":{"@type":"PropertyValueSpecification","valueRequired":true,"valueName":"search_term_string"}}],"inLanguage":"de"},{"@type":"Organization","@id":"https:\/\/dutchhealthstore.com\/de\/#organization","name":"Dutch Health Store","url":"https:\/\/dutchhealthstore.com\/de\/","logo":{"@type":"ImageObject","inLanguage":"de","@id":"https:\/\/dutchhealthstore.com\/de\/#\/schema\/logo\/image\/","url":"https:\/\/dutchhealthstore.com\/wp-content\/uploads\/2020\/08\/logo-dutchhealthstore-jpg-e1599484957574.jpg","contentUrl":"https:\/\/dutchhealthstore.com\/wp-content\/uploads\/2020\/08\/logo-dutchhealthstore-jpg-e1599484957574.jpg","width":400,"height":62,"caption":"Dutch Health Store"},"image":{"@id":"https:\/\/dutchhealthstore.com\/de\/#\/schema\/logo\/image\/"},"sameAs":["https:\/\/www.instagram.com\/dutchhealthstore\/","https:\/\/www.facebook.com\/dutchhealthstore"]}]},"product_brand":"Living Libations","og_availability":"instock","product_availability":"instock","product_condition":"new"},"_links":{"self":[{"href":"https:\/\/dutchhealthstore.com\/de\/wp-json\/wp\/v2\/product\/306902","targetHints":{"allow":["GET"]}}],"collection":[{"href":"https:\/\/dutchhealthstore.com\/de\/wp-json\/wp\/v2\/product"}],"about":[{"href":"https:\/\/dutchhealthstore.com\/de\/wp-json\/wp\/v2\/types\/product"}],"replies":[{"embeddable":true,"href":"https:\/\/dutchhealthstore.com\/de\/wp-json\/wp\/v2\/comments?post=306902"}],"wp:featuredmedia":[{"embeddable":true,"href":"https:\/\/dutchhealthstore.com\/de\/wp-json\/wp\/v2\/media\/354813"}],"wp:attachment":[{"href":"https:\/\/dutchhealthstore.com\/de\/wp-json\/wp\/v2\/media?parent=306902"}],"wp:term":[{"taxonomy":"product_brand","embeddable":true,"href":"https:\/\/dutchhealthstore.com\/de\/wp-json\/wp\/v2\/product_brand?post=306902"},{"taxonomy":"product_cat","embeddable":true,"href":"https:\/\/dutchhealthstore.com\/de\/wp-json\/wp\/v2\/product_cat?post=306902"},{"taxonomy":"product_tag","embeddable":true,"href":"https:\/\/dutchhealthstore.com\/de\/wp-json\/wp\/v2\/product_tag?post=306902"}],"curies":[{"name":"wp","href":"https:\/\/api.w.org\/{rel}","templated":true}]}}