{"id":302432,"date":"2024-08-20T15:25:43","date_gmt":"2024-08-20T13:25:43","guid":{"rendered":"https:\/\/dutchhealthstore.com\/product\/hydra-setting-powder\/"},"modified":"2025-11-20T20:22:54","modified_gmt":"2025-11-20T19:22:54","slug":"hydra-setting-powder","status":"publish","type":"product","link":"https:\/\/dutchhealthstore.com\/de\/product\/hydra-setting-powder\/","title":{"rendered":"Hydra Setting Powder"},"content":{"rendered":"<p><strong>Was es ist:<\/strong> Ein haltbarer, talkfreier, hautpflegerisch verbesserter loser Puder, der in drei schlichten, weichzeichnenden Farbt\u00f6nen erh\u00e4ltlich ist.<\/p>\n<p><strong>Was es bewirkt:<\/strong> Dieser ultraleichte, \u00f6labsorbierende Puder hilft, das Erscheinungsbild von Poren zu minimieren, Unregelm\u00e4\u00dfigkeiten zu gl\u00e4tten, das Make-up zu fixieren und die Haut leicht mit Feuchtigkeit zu versorgen, so dass ein nat\u00fcrlicher, gl\u00e4nzender Effekt wie ein weicher Filter entsteht.<\/p>\n<p><strong>Was es besonders macht:<\/strong> Die hautperfektionierende, ultrafeine Formel des Puders mit lichtreflektierenden Eigenschaften bietet eine seidige Textur, die nicht verklumpt oder sich in feinen Linien absetzt und f\u00fcr ein makelloses, r\u00fcckstandsloses Finish sorgt. Es enth\u00e4lt HerbalHydrate, eine innovative Mischung aus wasserl\u00f6slichen, pflanzlichen Wirkstoffen in 100% pflanzlichen Kapseln, die seine feuchtigkeitsspendenden Eigenschaften verst\u00e4rken. Hautpflegende Inhaltsstoffe wie pflanzliches Squalan wirken ausgleichend und feuchtigkeitsspendend, w\u00e4hrend antioxidativ wirkende, wildwachsende Buriti- und Bio-Jojoba-\u00d6le vor Umweltsch\u00e4den sch\u00fctzen. Unsere einzigartige Gel2Powder-Technologie erm\u00f6glicht es, dass der gelartige Auftrag in einen langanhaltenden Puder \u00fcbergeht, der ein multidimensionales Finish bietet, das niemals flach ist. Der Hydra Setting Powder wird mit einem von RMS gepr\u00e4gten Sieb und einem Deckel geliefert, in dem der mitgelieferte Wattebausch separat aufbewahrt wird und der bei jeder Anwendung die ideale Menge Puder abgibt. Betrachten Sie dieses Puder als Ihre zweite Haut, die perfekt ist, um Ihren Teint den ganzen Tag \u00fcber zu verwischen, zu fixieren und zu bereichern.<\/p>\n<p><strong>Gr\u00f6\u00dfe: 10 g \/ 0.35 oz  <\/strong><\/p>\n<p>Hydra Setting Powder ist:<\/p>\n<ol>\n<li>-Nat\u00fcrliche, glatte, weichzeichnende Oberfl\u00e4che<\/li>\n<li>-Talc-Free<\/li>\n<li>-nicht komedogen<\/li>\n<li>Fixiert das Make-up, pflegt und h\u00e4lt den ganzen Tag<\/li>\n<li>-Absorbiert \u00fcbersch\u00fcssiges \u00d6l und verkleinert die Poren<\/li>\n<\/ol>\n<p><strong>Leistungsergebnisse:<\/strong><\/p>\n<ul>\n<li>Reduziert sichtbar den Glanz f\u00fcr 8 Stunden*97% stimmen zu, dass das Produkt ein weiches, mattes Finish bietet*.<br \/>\n94% stimmen zu, dass das Produkt gut zu meinem Hautton passt*.<br \/>\n93% stimmen zu, dass das Produkt meine Haut glatter aussehen l\u00e4sst*.<br \/>\n91% stimmen zu, dass das Produkt das Aussehen meines Make-ups perfektioniert*.<br \/>\n90% stimmen zu, dass das Produkt den Glanz auf meiner Haut sichtbar reduziert*.<br \/>\n87% stimmen zu, dass das Produkt das Erscheinungsbild von Poren sichtbar verwischt*.<br \/>\n87% stimmen zu, dass das Produkt einen Weichzeichner-Effekt bietet*.<br \/>\n87% stimmen zu, dass das Produkt \u00fcbersch\u00fcssiges \u00d6l absorbiert*.<br \/>\nNicht komedogen (verstopft die Poren nicht)**<\/p>\n<p><i>*Ergebnisse aus einer 7-t\u00e4gigen Verbraucherstudie an 33 Personen.<\/i><br \/>\n<i>**Ergebnisse aus einer Studie mit 32 Personen.<\/i><\/li>\n<\/ul>\n<h3><strong>Wie benutzt man <\/strong><\/h3>\n<ul>\n<li>Um den Glanz zu kontrollieren, dr\u00fccken Sie den Puder mit der beiliegenden Baumwollquaste auf die Haut und konzentrieren sich dabei auf die T-Zone, um ein nat\u00fcrliches, satiniertes Finish zu erzielen. Klopfen Sie den Puder sanft auf die Haut, um ihn pr\u00e4zise und gezielt aufzutragen.<\/li>\n<\/ul>\n<h2><strong>Nat\u00fcrliche \/ biologische Inhaltsstoffe <\/strong><\/h2>\n<p>Transparentes Licht: Mica, Silica, Cetearyl Ethylhexanoate, Squalane (pflanzlich), 1,2-Hexandiol, Caprylyl Glycol, Ethylhexylglycerin, Glycerin, Lycopodium Clavatum Extract, Imperata Cylindrica Root Extract, *Simmondsia Chinensis (Jojoba) Seed Oil, **Mauritia Flexuosa (Buriti) Fruit Oil, Rosmarinus Officinalis (Rosmarin) Leaf Extract, Helianthus Annuus (Sunflower) Seed Oil, Gellan Gum, Potassium Sorbate, Cellulose, Tocopherol (non-GMO), Wasser\/Aqua\/Eau, Eisenoxide (CI 77491, CI 77492, CI 77499), Yellow 5 Lake (CI 19140).<\/p>\n<p>Sheer Medium &amp; Sheer Deep : Mica, Silica, Cetearyl Ethylhexanoate, Squalane (pflanzlich), 1,2-Hexandiol, Caprylyl Glycol, Ethylhexylglycerin, Glycerin, Lycopodium Clavatum Extract, Imperata Cylindrica Root Extract, *Simmondsia Chinensis (Jojoba) Seed Oil, **Mauritia Flexuosa (Buriti) Fruit Oil, Rosmarinus Officinalis (Rosemary) Leaf Extract, Helianthus Annuus (Sunflower) Seed Oil, Gellan Gum, Potassium Sorbate, Cellulose, Tocopherol (non-GMO), Wasser\/Aqua\/Eau, Eisenoxide (CI 77491, CI 77492, CI 77499).<\/p>\n<p>* Zertifiziert Bio\/Certifi\u00e9 Biologique ** Wildcrafted\/R\u00e9colt\u00e9e \u00e0 L&#8217;\u00e9tat Sauvage&#8220;<\/p>\n<p>&nbsp;<\/p>\n\n\t\t<div class=\"tabbed-content\">\n\t\t\t<h4 class=\"uppercase text-left\">Rose-Marie's Geschichte<\/h4>\n\t\t\t<ul class=\"nav nav-tabs nav-vertical nav-uppercase nav-size-normal nav-left\" role=\"tablist\"><li id=\"tab-rose-marie's-story\" class=\"tab active has-icon\" role=\"presentation\"><a href=\"#tab_rose-marie's-story\" role=\"tab\" aria-selected=\"true\" aria-controls=\"tab_rose-marie's-story\"><span>Rose-Marie's Story<\/span><\/a><\/li>\n<li id=\"tab-unsere-zutaten\" class=\"tab has-icon\" role=\"presentation\"><a href=\"#tab_unsere-zutaten\" tabindex=\"-1\" role=\"tab\" aria-selected=\"false\" aria-controls=\"tab_unsere-zutaten\"><span>Unsere Zutaten<\/span><\/a><\/li>\n<li id=\"tab-unsere-philosophie\" class=\"tab has-icon\" role=\"presentation\"><a href=\"#tab_unsere-philosophie\" tabindex=\"-1\" role=\"tab\" aria-selected=\"false\" aria-controls=\"tab_unsere-philosophie\"><span>Unsere Philosophie<\/span><\/a><\/li><\/ul><div class=\"tab-panels\"><div id=\"tab_rose-marie's-story\" class=\"panel active entry-content\" role=\"tabpanel\" aria-labelledby=\"tab-rose-marie's-story\">\n\n<div class=\"row align-middle\"  id=\"row-336014559\">\n\n\n\t<div id=\"col-479729943\" class=\"col medium-4 small-12 large-4\"  >\n\t\t\t\t<div class=\"col-inner\"  >\n\t\t\t\n\t\t\t\n\n\t<div class=\"img has-hover x md-x lg-x y md-y lg-y\" id=\"image_1687912578\">\n\t\t\t\t\t\t\t\t<div class=\"img-inner image-cover dark\" style=\"padding-top:73%;\">\n\t\t\t<img fetchpriority=\"high\" decoding=\"async\" width=\"515\" height=\"515\" src=\"https:\/\/dutchhealthstore.com\/wp-content\/uploads\/2020\/09\/rose-marie-makeup-artist_900x.jpg\" class=\"attachment-large size-large\" alt=\"RMS Beauty products\" srcset=\"https:\/\/dutchhealthstore.com\/wp-content\/uploads\/2020\/09\/rose-marie-makeup-artist_900x.jpg 515w, https:\/\/dutchhealthstore.com\/wp-content\/uploads\/2020\/09\/rose-marie-makeup-artist_900x-100x100.jpg 100w, https:\/\/dutchhealthstore.com\/wp-content\/uploads\/2020\/09\/rose-marie-makeup-artist_900x-510x510.jpg 510w, https:\/\/dutchhealthstore.com\/wp-content\/uploads\/2020\/09\/rose-marie-makeup-artist_900x-400x400.jpg 400w, https:\/\/dutchhealthstore.com\/wp-content\/uploads\/2020\/09\/rose-marie-makeup-artist_900x-280x280.jpg 280w, https:\/\/dutchhealthstore.com\/wp-content\/uploads\/2020\/09\/rose-marie-makeup-artist_900x-150x150.jpg 150w, https:\/\/dutchhealthstore.com\/wp-content\/uploads\/2020\/09\/rose-marie-makeup-artist_900x-32x32.jpg 32w\" sizes=\"(max-width: 515px) 100vw, 515px\" \/>\t\t\t\t\t\t\n\t\t\t\t\t<\/div>\n\t\t\t\t\t\t\t\t\n<style>\n#image_1687912578 {\n  width: 100%;\n}\n<\/style>\n\t<\/div>\n\t\n\n\n\t\t<\/div>\n\t\t\t\t\t<\/div>\n\n\t\n\n\t<div id=\"col-855286323\" class=\"col medium-8 small-12 large-8\"  >\n\t\t\t\t<div class=\"col-inner\"  >\n\t\t\t\n\t\t\t\n\n<h3><span style=\"color: #333333;\">Rose-Marie's Geschichte<\/span><\/h3>\n<p>Rose-Marie hatte vor ein paar Jahren ernsthafte gesundheitliche Probleme. W\u00e4hrend ihrer Genesung und ausf\u00fchrlichen Untersuchungen stellte sie fest, dass einige der gef\u00e4hrlichen Chemikalien und Schwermetalle in ihrem K\u00f6rper auch in den modernen Kosmetikprodukten enthalten sind, die wir t\u00e4glich verwenden. Rose-Marie gr\u00fcndete die erste rein biologische Farbkosmetikmarke, RMS Beauty, nachdem sie ihre eigene Gesundheit wiedererlangt hatte und erkannte, dass sie andere Frauen dabei unterst\u00fctzen wollte, ihr Recht auf gesunde, reine Sch\u00f6nheit einzufordern. Die weltweiten Verk\u00e4ufe nehmen jetzt zu.<br><a href=\"\/?p=133524\">.<\/a><\/p>\n<p><a href=\"\/?p=133524\"> <strong><span style=\"color: #00aae7;\"><span style=\"color: #333333;\">Weiterlesen<\/span><\/span><\/strong><\/a><\/p>\n\n\t\t<\/div>\n\t\t\t\t\n<style>\n#col-855286323 > .col-inner {\n  padding: 6px 0px 0px 0px;\n}\n<\/style>\n\t<\/div>\n\n\t\n\n<\/div>\n\n<\/div>\n<div id=\"tab_unsere-zutaten\" class=\"panel entry-content\" role=\"tabpanel\" aria-labelledby=\"tab-unsere-zutaten\">\n\n<div class=\"row\"  id=\"row-380065354\">\n\n\n\t<div id=\"col-278875311\" class=\"col medium-4 small-12 large-4\"  >\n\t\t\t\t<div class=\"col-inner\"  >\n\t\t\t\n\t\t\t\n\n\t<div class=\"img has-hover x md-x lg-x y md-y lg-y\" id=\"image_673309247\">\n\t\t\t\t\t\t\t\t<div class=\"img-inner image-cover dark\" style=\"padding-top:71%;\">\n\t\t\t<img decoding=\"async\" width=\"488\" height=\"450\" src=\"https:\/\/dutchhealthstore.com\/wp-content\/uploads\/2020\/09\/RMS-Beauty-Ethereal-Lip-Cheek-Set2.jpg\" class=\"attachment-large size-large\" alt=\"RMS Beauty - Ethereal Lip &amp; Cheek Set2\" srcset=\"https:\/\/dutchhealthstore.com\/wp-content\/uploads\/2020\/09\/RMS-Beauty-Ethereal-Lip-Cheek-Set2.jpg 488w, https:\/\/dutchhealthstore.com\/wp-content\/uploads\/2020\/09\/RMS-Beauty-Ethereal-Lip-Cheek-Set2-434x400.jpg 434w\" sizes=\"(max-width: 488px) 100vw, 488px\" \/>\t\t\t\t\t\t\n\t\t\t\t\t<\/div>\n\t\t\t\t\t\t\t\t\n<style>\n#image_673309247 {\n  width: 100%;\n}\n<\/style>\n\t<\/div>\n\t\n\n\n\t\t<\/div>\n\t\t\t\t\t<\/div>\n\n\t\n\n\t<div id=\"col-1960611976\" class=\"col medium-8 small-12 large-8\"  >\n\t\t\t\t<div class=\"col-inner\"  >\n\t\t\t\n\t\t\t\n\n<h3><span style=\"color: #333333;\">Unsere Zutaten<\/span><\/h3>\n<p>RMS Beauty ist eine unverwechselbare Kosmetikkollektion, die aus Komponenten besteht, die Ihre pers\u00f6nliche Haut erg\u00e4nzen. Das Ergebnis ist ein perfektes, leichtes Make-up, das sich anf\u00fchlt und aussieht wie eine nat\u00fcrliche, junge zweite Haut.<\/p>\n<p><a href=\"\/?p=133671\"><span style=\"color: #333333;\"><strong>Weiterlesen<\/strong><\/span><\/a><\/p>\n\n\t\t<\/div>\n\t\t\t\t\t<\/div>\n\n\t\n\n\n<style>\n#row-380065354 > .col > .col-inner {\n  padding: 19px 0px 0px 0px;\n}\n<\/style>\n<\/div>\n\n<\/div>\n<div id=\"tab_unsere-philosophie\" class=\"panel entry-content\" role=\"tabpanel\" aria-labelledby=\"tab-unsere-philosophie\">\n\n<div class=\"row\"  id=\"row-363890486\">\n\n\n\t<div id=\"col-1900589511\" class=\"col medium-4 small-12 large-4\"  >\n\t\t\t\t<div class=\"col-inner\"  >\n\t\t\t\n\t\t\t\n\n\t<div class=\"img has-hover x md-x lg-x y md-y lg-y\" id=\"image_703872851\">\n\t\t\t\t\t\t\t\t<div class=\"img-inner image-cover dark\" style=\"padding-top:61%;\">\n\t\t\t<img decoding=\"async\" width=\"800\" height=\"800\" src=\"https:\/\/dutchhealthstore.com\/wp-content\/uploads\/2020\/09\/176d0aab71fae871d084fa7d71613b8f-800x800.jpg\" class=\"attachment-large size-large\" alt=\"RMS Beauty products\" srcset=\"https:\/\/dutchhealthstore.com\/wp-content\/uploads\/2020\/09\/176d0aab71fae871d084fa7d71613b8f-800x800.jpg 800w, https:\/\/dutchhealthstore.com\/wp-content\/uploads\/2020\/09\/176d0aab71fae871d084fa7d71613b8f-100x100.jpg 100w, https:\/\/dutchhealthstore.com\/wp-content\/uploads\/2020\/09\/176d0aab71fae871d084fa7d71613b8f-510x510.jpg 510w, https:\/\/dutchhealthstore.com\/wp-content\/uploads\/2020\/09\/176d0aab71fae871d084fa7d71613b8f-400x400.jpg 400w, https:\/\/dutchhealthstore.com\/wp-content\/uploads\/2020\/09\/176d0aab71fae871d084fa7d71613b8f-280x280.jpg 280w, https:\/\/dutchhealthstore.com\/wp-content\/uploads\/2020\/09\/176d0aab71fae871d084fa7d71613b8f-768x768.jpg 768w, https:\/\/dutchhealthstore.com\/wp-content\/uploads\/2020\/09\/176d0aab71fae871d084fa7d71613b8f-150x150.jpg 150w, https:\/\/dutchhealthstore.com\/wp-content\/uploads\/2020\/09\/176d0aab71fae871d084fa7d71613b8f-32x32.jpg 32w, https:\/\/dutchhealthstore.com\/wp-content\/uploads\/2020\/09\/176d0aab71fae871d084fa7d71613b8f.jpg 1080w\" sizes=\"(max-width: 800px) 100vw, 800px\" \/>\t\t\t\t\t\t\n\t\t\t\t\t<\/div>\n\t\t\t\t\t\t\t\t\n<style>\n#image_703872851 {\n  width: 100%;\n}\n<\/style>\n\t<\/div>\n\t\n\n\n\t\t<\/div>\n\t\t\t\t\t<\/div>\n\n\t\n\n\t<div id=\"col-1900354825\" class=\"col medium-8 small-12 large-8\"  >\n\t\t\t\t<div class=\"col-inner\"  >\n\t\t\t\n\t\t\t\n\n<h3><span style=\"color: #333333;\">Unsere Philosophie<\/span><\/h3>\n<p>Damit RMS Beauty die Art und Weise, wie Frauen ihre Kosmetika auftragen, ver\u00e4ndern kann, braucht es mehr als nur die Verwendung von biologischen Inhaltsstoffen. Eigentlich ist das nur der erste Schritt zur Entwicklung eines Produkts, das die Haut nicht nur nicht sch\u00e4digt, sondern sie auch pflegt und heilt.<\/p>\n<p><a href=\"\/?product_cat=rms-beauty-du\"><strong><span style=\"color: #333333;\">Weiterlesen<\/span><\/strong><\/a><\/p>\n\n\t\t<\/div>\n\t\t\t\t\t<\/div>\n\n\t\n\n\n<style>\n#row-363890486 > .col > .col-inner {\n  padding: 19px 0px 0px 0px;\n}\n<\/style>\n<\/div>\n\n<\/div><\/div><\/div>\n<p>&nbsp;<\/p>\n","protected":false},"excerpt":{"rendered":"<p>Ein vielseitiger, nicht komedogener Creme-Concealer, der ein leichtes, haut\u00e4hnliches Finish und eine aufbaubare Deckkraft bietet.<\/p>\n","protected":false},"featured_media":334620,"comment_status":"open","ping_status":"closed","template":"","meta":[],"product_brand":[],"product_cat":[9131,5145,1032,1041,1210,511,9087],"product_tag":[21361,6250],"class_list":{"0":"post-302432","1":"product","2":"type-product","3":"status-publish","4":"has-post-thumbnail","6":"product_cat-face-cheek-de","7":"product_cat-foundation-de","8":"product_cat-kategorien","9":"product_cat-make-up-de","10":"product_cat-marken","11":"product_cat-produkte","12":"product_cat-rms-beauty-du","13":"product_tag-face-care-de","14":"product_tag-make-up-de","15":"pa_brand-rms-beauty-de","16":"pa_colo-deep-de","17":"pa_colo-light-de","18":"pa_colo-medium-de","19":"pa_gtin-816248027750-de","20":"pa_make-up-productype-foundation-de","22":"first","23":"instock","24":"taxable","25":"shipping-taxable","26":"purchasable","27":"product-type-variable"},"bundled_by":[],"bundle_stock_status":"instock","bundle_stock_quantity":null,"bundle_virtual":false,"bundle_layout":"","bundle_add_to_cart_form_location":"","bundle_editable_in_cart":false,"bundle_sold_individually_context":"","bundle_item_grouping":"","bundle_min_size":"","bundle_max_size":"","bundle_price":[],"bundled_items":[],"bundle_sell_ids":[129140],"atum_controlled":true,"out_stock_date":null,"out_stock_threshold":null,"inheritable":true,"stock_on_hold":0,"sold_today":0,"sales_last_days":0,"out_stock_days":0,"lost_sales":0,"update_date":"2026-04-13T00:03:24","atum_locations":[],"atum_stock_status":"instock","restock_status":false,"low_stock_amount":"","sales_update_date":"2026-04-13T00:03:18","calc_backorders":null,"group_of_quantity":0,"min_quantity":0,"max_quantity":"","exclude_order_quantity_value_rules":"no","exclude_category_quantity_rules":"no","combine_variations":"no","yoast_head":"<!-- This site is optimized with the Yoast SEO Premium plugin v26.5 (Yoast SEO v26.5) - https:\/\/yoast.com\/wordpress\/plugins\/seo\/ -->\n<title>Hydra Setting Powder - RMS Sch\u00f6nheit<\/title>\n<meta name=\"description\" content=\"Ein vielseitiger, nicht komedogener Creme-Concealer, der ein leichtes, haut\u00e4hnliches Finish und eine aufbaubare Deckkraft bietet.\" \/>\n<meta name=\"robots\" content=\"index, follow, max-snippet:-1, max-image-preview:large, max-video-preview:-1\" \/>\n<link rel=\"canonical\" href=\"https:\/\/dutchhealthstore.com\/de\/product\/hydra-setting-powder\/\" \/>\n<meta property=\"og:locale\" content=\"de_DE\" \/>\n<meta property=\"og:type\" content=\"article\" \/>\n<meta property=\"og:title\" content=\"Hydra Setting Powder - Dutch Health Store\" \/>\n<meta property=\"og:description\" content=\"Ein vielseitiger, nicht komedogener Creme-Concealer, der ein leichtes, haut\u00e4hnliches Finish und eine aufbaubare Deckkraft bietet.\" \/>\n<meta property=\"og:url\" content=\"https:\/\/dutchhealthstore.com\/de\/product\/hydra-setting-powder\/\" \/>\n<meta property=\"og:site_name\" content=\"Dutch Health Store\" \/>\n<meta property=\"article:publisher\" content=\"https:\/\/www.instagram.com\/dutchhealthstore\/\" \/>\n<meta property=\"article:modified_time\" content=\"2025-11-20T19:22:54+00:00\" \/>\n<meta property=\"og:image\" content=\"https:\/\/dutchhealthstore.com\/wp-content\/uploads\/2024\/08\/rms-hydra-setting-powder-medium.jpg\" \/>\n\t<meta property=\"og:image:width\" content=\"530\" \/>\n\t<meta property=\"og:image:height\" content=\"530\" \/>\n\t<meta property=\"og:image:type\" content=\"image\/jpeg\" \/>\n<meta name=\"twitter:card\" content=\"summary_large_image\" \/>\n<meta name=\"twitter:label1\" content=\"Verf\u00fcgbarkeit\" \/>\n\t<meta name=\"twitter:data1\" content=\"Auf Lager\" \/>\n<script type=\"application\/ld+json\" class=\"yoast-schema-graph\">{\"@context\":\"https:\/\/schema.org\",\"@graph\":[{\"@type\":\"WebPage\",\"@id\":\"https:\/\/dutchhealthstore.com\/de\/product\/hydra-setting-powder\/\",\"url\":\"https:\/\/dutchhealthstore.com\/de\/product\/hydra-setting-powder\/\",\"name\":\"Hydra Setting Powder - RMS Sch\u00f6nheit\",\"isPartOf\":{\"@id\":\"https:\/\/dutchhealthstore.com\/de\/#website\"},\"primaryImageOfPage\":{\"@id\":\"https:\/\/dutchhealthstore.com\/de\/product\/hydra-setting-powder\/#primaryimage\"},\"image\":{\"@id\":\"https:\/\/dutchhealthstore.com\/de\/product\/hydra-setting-powder\/#primaryimage\"},\"thumbnailUrl\":\"https:\/\/dutchhealthstore.com\/wp-content\/uploads\/2024\/08\/hydrasettingpowder.png\",\"datePublished\":\"2024-08-20T13:25:43+00:00\",\"dateModified\":\"2025-11-20T19:22:54+00:00\",\"description\":\"Ein vielseitiger, nicht komedogener Creme-Concealer, der ein leichtes, haut\u00e4hnliches Finish und eine aufbaubare Deckkraft bietet.\",\"breadcrumb\":{\"@id\":\"https:\/\/dutchhealthstore.com\/de\/product\/hydra-setting-powder\/#breadcrumb\"},\"inLanguage\":\"de\",\"potentialAction\":[{\"@type\":\"ReadAction\",\"target\":[\"https:\/\/dutchhealthstore.com\/de\/product\/hydra-setting-powder\/\"]}]},{\"@type\":\"ImageObject\",\"inLanguage\":\"de\",\"@id\":\"https:\/\/dutchhealthstore.com\/de\/product\/hydra-setting-powder\/#primaryimage\",\"url\":\"https:\/\/dutchhealthstore.com\/wp-content\/uploads\/2024\/08\/hydrasettingpowder.png\",\"contentUrl\":\"https:\/\/dutchhealthstore.com\/wp-content\/uploads\/2024\/08\/hydrasettingpowder.png\",\"width\":530,\"height\":530},{\"@type\":\"BreadcrumbList\",\"@id\":\"https:\/\/dutchhealthstore.com\/de\/product\/hydra-setting-powder\/#breadcrumb\",\"itemListElement\":[{\"@type\":\"ListItem\",\"position\":1,\"name\":\"Home\",\"item\":\"https:\/\/dutchhealthstore.com\/de\/\"},{\"@type\":\"ListItem\",\"position\":2,\"name\":\"Shop\",\"item\":\"https:\/\/dutchhealthstore.com\/de\/shop-2\/\"},{\"@type\":\"ListItem\",\"position\":3,\"name\":\"Hydra Setting Powder\"}]},{\"@type\":\"WebSite\",\"@id\":\"https:\/\/dutchhealthstore.com\/de\/#website\",\"url\":\"https:\/\/dutchhealthstore.com\/de\/\",\"name\":\"Dutch Health Store\",\"description\":\"Enhance Your Beauty with Organic &amp; Natural Skincare\",\"publisher\":{\"@id\":\"https:\/\/dutchhealthstore.com\/de\/#organization\"},\"potentialAction\":[{\"@type\":\"SearchAction\",\"target\":{\"@type\":\"EntryPoint\",\"urlTemplate\":\"https:\/\/dutchhealthstore.com\/de\/?s={search_term_string}\"},\"query-input\":{\"@type\":\"PropertyValueSpecification\",\"valueRequired\":true,\"valueName\":\"search_term_string\"}}],\"inLanguage\":\"de\"},{\"@type\":\"Organization\",\"@id\":\"https:\/\/dutchhealthstore.com\/de\/#organization\",\"name\":\"Dutch Health Store\",\"url\":\"https:\/\/dutchhealthstore.com\/de\/\",\"logo\":{\"@type\":\"ImageObject\",\"inLanguage\":\"de\",\"@id\":\"https:\/\/dutchhealthstore.com\/de\/#\/schema\/logo\/image\/\",\"url\":\"https:\/\/dutchhealthstore.com\/wp-content\/uploads\/2020\/08\/logo-dutchhealthstore-jpg-e1599484957574.jpg\",\"contentUrl\":\"https:\/\/dutchhealthstore.com\/wp-content\/uploads\/2020\/08\/logo-dutchhealthstore-jpg-e1599484957574.jpg\",\"width\":400,\"height\":62,\"caption\":\"Dutch Health Store\"},\"image\":{\"@id\":\"https:\/\/dutchhealthstore.com\/de\/#\/schema\/logo\/image\/\"},\"sameAs\":[\"https:\/\/www.instagram.com\/dutchhealthstore\/\",\"https:\/\/www.facebook.com\/dutchhealthstore\"]}]}<\/script>\n<meta property=\"product:brand\" content=\"RMS Beauty\" \/>\n<meta property=\"og:availability\" content=\"instock\" \/>\n<meta property=\"product:availability\" content=\"instock\" \/>\n<meta property=\"product:condition\" content=\"new\" \/>\n<!-- \/ Yoast SEO Premium plugin. -->","yoast_head_json":{"title":"Hydra Setting Powder - RMS Sch\u00f6nheit","description":"Ein vielseitiger, nicht komedogener Creme-Concealer, der ein leichtes, haut\u00e4hnliches Finish und eine aufbaubare Deckkraft bietet.","robots":{"index":"index","follow":"follow","max-snippet":"max-snippet:-1","max-image-preview":"max-image-preview:large","max-video-preview":"max-video-preview:-1"},"canonical":"https:\/\/dutchhealthstore.com\/de\/product\/hydra-setting-powder\/","og_locale":"de_DE","og_type":"article","og_title":"Hydra Setting Powder - Dutch Health Store","og_description":"Ein vielseitiger, nicht komedogener Creme-Concealer, der ein leichtes, haut\u00e4hnliches Finish und eine aufbaubare Deckkraft bietet.","og_url":"https:\/\/dutchhealthstore.com\/de\/product\/hydra-setting-powder\/","og_site_name":"Dutch Health Store","article_publisher":"https:\/\/www.instagram.com\/dutchhealthstore\/","article_modified_time":"2025-11-20T19:22:54+00:00","og_image":[{"width":530,"height":530,"url":"https:\/\/dutchhealthstore.com\/wp-content\/uploads\/2024\/08\/rms-hydra-setting-powder-medium.jpg","type":"image\/jpeg"}],"twitter_card":"summary_large_image","twitter_misc":{"Verf\u00fcgbarkeit":"Auf Lager"},"schema":{"@context":"https:\/\/schema.org","@graph":[{"@type":"WebPage","@id":"https:\/\/dutchhealthstore.com\/de\/product\/hydra-setting-powder\/","url":"https:\/\/dutchhealthstore.com\/de\/product\/hydra-setting-powder\/","name":"Hydra Setting Powder - RMS Sch\u00f6nheit","isPartOf":{"@id":"https:\/\/dutchhealthstore.com\/de\/#website"},"primaryImageOfPage":{"@id":"https:\/\/dutchhealthstore.com\/de\/product\/hydra-setting-powder\/#primaryimage"},"image":{"@id":"https:\/\/dutchhealthstore.com\/de\/product\/hydra-setting-powder\/#primaryimage"},"thumbnailUrl":"https:\/\/dutchhealthstore.com\/wp-content\/uploads\/2024\/08\/hydrasettingpowder.png","datePublished":"2024-08-20T13:25:43+00:00","dateModified":"2025-11-20T19:22:54+00:00","description":"Ein vielseitiger, nicht komedogener Creme-Concealer, der ein leichtes, haut\u00e4hnliches Finish und eine aufbaubare Deckkraft bietet.","breadcrumb":{"@id":"https:\/\/dutchhealthstore.com\/de\/product\/hydra-setting-powder\/#breadcrumb"},"inLanguage":"de","potentialAction":[{"@type":"ReadAction","target":["https:\/\/dutchhealthstore.com\/de\/product\/hydra-setting-powder\/"]}]},{"@type":"ImageObject","inLanguage":"de","@id":"https:\/\/dutchhealthstore.com\/de\/product\/hydra-setting-powder\/#primaryimage","url":"https:\/\/dutchhealthstore.com\/wp-content\/uploads\/2024\/08\/hydrasettingpowder.png","contentUrl":"https:\/\/dutchhealthstore.com\/wp-content\/uploads\/2024\/08\/hydrasettingpowder.png","width":530,"height":530},{"@type":"BreadcrumbList","@id":"https:\/\/dutchhealthstore.com\/de\/product\/hydra-setting-powder\/#breadcrumb","itemListElement":[{"@type":"ListItem","position":1,"name":"Home","item":"https:\/\/dutchhealthstore.com\/de\/"},{"@type":"ListItem","position":2,"name":"Shop","item":"https:\/\/dutchhealthstore.com\/de\/shop-2\/"},{"@type":"ListItem","position":3,"name":"Hydra Setting Powder"}]},{"@type":"WebSite","@id":"https:\/\/dutchhealthstore.com\/de\/#website","url":"https:\/\/dutchhealthstore.com\/de\/","name":"Dutch Health Store","description":"Enhance Your Beauty with Organic &amp; Natural Skincare","publisher":{"@id":"https:\/\/dutchhealthstore.com\/de\/#organization"},"potentialAction":[{"@type":"SearchAction","target":{"@type":"EntryPoint","urlTemplate":"https:\/\/dutchhealthstore.com\/de\/?s={search_term_string}"},"query-input":{"@type":"PropertyValueSpecification","valueRequired":true,"valueName":"search_term_string"}}],"inLanguage":"de"},{"@type":"Organization","@id":"https:\/\/dutchhealthstore.com\/de\/#organization","name":"Dutch Health Store","url":"https:\/\/dutchhealthstore.com\/de\/","logo":{"@type":"ImageObject","inLanguage":"de","@id":"https:\/\/dutchhealthstore.com\/de\/#\/schema\/logo\/image\/","url":"https:\/\/dutchhealthstore.com\/wp-content\/uploads\/2020\/08\/logo-dutchhealthstore-jpg-e1599484957574.jpg","contentUrl":"https:\/\/dutchhealthstore.com\/wp-content\/uploads\/2020\/08\/logo-dutchhealthstore-jpg-e1599484957574.jpg","width":400,"height":62,"caption":"Dutch Health Store"},"image":{"@id":"https:\/\/dutchhealthstore.com\/de\/#\/schema\/logo\/image\/"},"sameAs":["https:\/\/www.instagram.com\/dutchhealthstore\/","https:\/\/www.facebook.com\/dutchhealthstore"]}]},"product_brand":"RMS Beauty","og_availability":"instock","product_availability":"instock","product_condition":"new"},"_links":{"self":[{"href":"https:\/\/dutchhealthstore.com\/de\/wp-json\/wp\/v2\/product\/302432","targetHints":{"allow":["GET"]}}],"collection":[{"href":"https:\/\/dutchhealthstore.com\/de\/wp-json\/wp\/v2\/product"}],"about":[{"href":"https:\/\/dutchhealthstore.com\/de\/wp-json\/wp\/v2\/types\/product"}],"replies":[{"embeddable":true,"href":"https:\/\/dutchhealthstore.com\/de\/wp-json\/wp\/v2\/comments?post=302432"}],"wp:featuredmedia":[{"embeddable":true,"href":"https:\/\/dutchhealthstore.com\/de\/wp-json\/wp\/v2\/media\/334620"}],"wp:attachment":[{"href":"https:\/\/dutchhealthstore.com\/de\/wp-json\/wp\/v2\/media?parent=302432"}],"wp:term":[{"taxonomy":"product_brand","embeddable":true,"href":"https:\/\/dutchhealthstore.com\/de\/wp-json\/wp\/v2\/product_brand?post=302432"},{"taxonomy":"product_cat","embeddable":true,"href":"https:\/\/dutchhealthstore.com\/de\/wp-json\/wp\/v2\/product_cat?post=302432"},{"taxonomy":"product_tag","embeddable":true,"href":"https:\/\/dutchhealthstore.com\/de\/wp-json\/wp\/v2\/product_tag?post=302432"}],"curies":[{"name":"wp","href":"https:\/\/api.w.org\/{rel}","templated":true}]}}