{"id":296616,"date":"2024-07-16T14:34:04","date_gmt":"2024-07-16T12:34:04","guid":{"rendered":"https:\/\/dutchhealthstore.com\/product\/sun-gold-daisy-essential-oil\/"},"modified":"2025-09-18T09:15:18","modified_gmt":"2025-09-18T07:15:18","slug":"sun-gold-daisy-essential-oil","status":"publish","type":"product","link":"https:\/\/dutchhealthstore.com\/de\/product\/sun-gold-daisy-essential-oil\/","title":{"rendered":"Sun Gold Daisy Essential Oil"},"content":{"rendered":"<div id=\"product.info.description\" class=\"data item content\" role=\"tabpanel\" data-role=\"content\" aria-labelledby=\"tab-label-product.info.description\" aria-hidden=\"false\">\n<div class=\"product attribute description\">\n<div class=\"value\">\n<h3><strong><img decoding=\"async\" class=\"alignright size-full wp-image-37041\" src=\"https:\/\/dutchhealthstore.com\/wp-content\/uploads\/2018\/04\/Living_Libations-1.png\" alt=\"Organic &amp; Natural Beautyproducts - Living Libations\" width=\"175\" height=\"82\"><\/strong><\/h3>\n<p><strong>Botanischer Name:<\/strong> Chrysanthemum morifolium<br \/>\n<strong>Botanische Familie:<\/strong> Asteraceae<br \/>\n<strong>Extraktionsmethode:<\/strong> CO2-Extraktion<br \/>\n<strong>Teil der Pflanze Destilliert:<\/strong> Bl\u00fctenbl\u00e4tter und St\u00e4ngel<br \/>\n<strong>Herkunftsland:<\/strong> Bulgarien<br \/>\n<strong>Anbaumethode:<\/strong> Bio<br \/>\n<strong>Zusammensetzung:<\/strong> 100% Chrysanthemum morifolium \u00e4therisches \u00d6l<br \/>\n<strong>Konsistenz:<\/strong> Mittlere Viskosit\u00e4t mit einer hellgelben Farbe<strong>.<\/strong><\/p>\n<\/div>\n<p><strong>Gr\u00f6\u00dfe: 5 ml<\/strong><\/p>\n<div class=\"value\">\n<h3>Beschreibung des Duftes<\/h3>\n<p>\u00c4therisch erdig und leicht blumig mit sauberen, komplexen Kopfnoten und einem Hauch von honigartigem Heu.<\/p>\n<h3>Gut mischbar mit<\/h3>\n<p>Rose, Geranie, Muskatellersalbei, Zeder, Zitrone, Bergamotte, Grapefruit, Zitrone, Koriander, Kardamom, Sandelholz, Spikenard, Jasmin, Tuberose, Veilchen, Patchouli, Gr\u00f6nlandmoos und Mitti Attar.<\/p>\n<a href=\"https:\/\/dutchhealthstore.com\/wp-content\/uploads\/2024\/07\/EO-Sun-Gold-Daisy_CoA.pdf\" class=\"button primary is-primary is-small\"  >\n\t\t<span>ANALYSE DER \u00c4THERISCHEN \u00d6LE &gt;<\/span>\n\t<\/a>\n\n<h3>Verwendet<\/h3>\n<p>Ein eigenst\u00e4ndiges Parf\u00fcm oder Eau de Cologne. Perfekt f\u00fcr Pulspunkte. Geben Sie einen Tropfen auf eine B\u00fcrste oder einen Holzkamm, in einen Diffusor oder unter die Nase, um das Haar zu gl\u00e4tten und zu konzentrieren.<\/p>\n<h3>Organic Ingredients<\/h3>\n<p>100% \u00e4therisches \u00d6l der Sonnenblume (Chrysanthemum morifolium).<\/p>\n<p style=\"text-align: center;\">Die Chrysantheme ist eine sonnenliebende Staude, der in der Traditionellen Chinesischen Medizin und im Ayurveda beruhigende Eigenschaften zugeschrieben werden. Ihre sp\u00e4tbl\u00fchenden gelben Bl\u00fcten, die im Fr\u00fchherbst geerntet werden, werden besonders kritisch extrahiert, um n\u00fctzliche Wachse, \u00d6le und Flavonoide freizusetzen.<\/p>\n<p style=\"text-align: center;\"><em>&#8222;&#8230;sie luden mich ein, diese Chrysanthemen, alle meine Sorgen zu vergessen&#8230;&#8220;<\/em>  <strong>Marcel Proust, Im Schatten der jungen M\u00e4dchen in der Blume <\/strong> <\/p>\n<p style=\"text-align: center;\"><em>&#8222;Ich geh\u00f6re in Chrysanthemenstunden, ordentlich aufgereiht in Blument\u00f6pfen &#8230;&#8220;<\/em> <strong>Fernando Pessoa<\/strong><\/p>\n<\/div>\n<\/div>\n<p><img fetchpriority=\"high\" decoding=\"async\" class=\"size-full wp-image-31577 aligncenter\" src=\"https:\/\/dutchhealthstore.com\/wp-content\/uploads\/2018\/03\/organic_big.png\" alt=\"Organic and Natural - Living Libations\" width=\"623\" height=\"103\" srcset=\"https:\/\/dutchhealthstore.com\/wp-content\/uploads\/2018\/03\/organic_big.png 623w, https:\/\/dutchhealthstore.com\/wp-content\/uploads\/2018\/03\/organic_big-510x84.png 510w, https:\/\/dutchhealthstore.com\/wp-content\/uploads\/2018\/03\/organic_big-600x99.png 600w, https:\/\/dutchhealthstore.com\/wp-content\/uploads\/2018\/03\/organic_big-350x58.png 350w\" sizes=\"(max-width: 623px) 100vw, 623px\" \/><\/p>\n<div class=\"product attribute description\">\n<div class=\"value\"><\/div>\n<\/div>\n<\/div>\n","protected":false},"excerpt":{"rendered":"<p>\u00c4therisches \u00d6l Sun Gold Daisy: Eine bezaubernde Aufnahme von sonnengek\u00fcssten Bl\u00fcten! Dieser warme, blumige Duft mit erdigen Ankl\u00e4ngen belebt Parfums und K\u00f6lnisch Wasser, verleiht ihnen einen Hauch von krautiger Frische und f\u00f6rdert eine ruhige Konzentration.<\/p>\n","protected":false},"featured_media":296157,"comment_status":"open","ping_status":"closed","template":"","meta":[],"product_brand":[],"product_cat":[1508,1546,6737,1032,1493,1210,511,6736],"product_tag":[1547],"class_list":{"0":"post-296616","1":"product","2":"type-product","3":"status-publish","4":"has-post-thumbnail","6":"product_cat-aetherische-oele-living-libations","7":"product_cat-essential-oils-living-libations-de","8":"product_cat-essential-oils-de-2","9":"product_cat-kategorien","10":"product_cat-living-libations-deutschland","11":"product_cat-marken","12":"product_cat-produkte","13":"product_cat-wellness-de","14":"product_tag-essential-oil-de","15":"pa_brand-livinglibations-de","16":"pa_essential-oils-product-type-essential-oils-de","17":"pa_size-5-ml-de","19":"first","20":"instock","21":"taxable","22":"shipping-taxable","23":"purchasable","24":"product-type-simple"},"bundled_by":[],"bundle_stock_status":"instock","bundle_stock_quantity":3,"bundle_virtual":false,"bundle_layout":"","bundle_add_to_cart_form_location":"","bundle_editable_in_cart":false,"bundle_sold_individually_context":"","bundle_item_grouping":"","bundle_min_size":"","bundle_max_size":"","bundle_price":[],"bundled_items":[],"bundle_sell_ids":[],"atum_controlled":true,"out_stock_date":null,"out_stock_threshold":null,"inheritable":false,"stock_on_hold":0,"sold_today":0,"sales_last_days":0,"out_stock_days":0,"lost_sales":0,"update_date":"2026-04-16T09:37:12","atum_locations":[],"atum_stock_status":"instock","restock_status":false,"low_stock_amount":"","sales_update_date":"2026-04-16T09:37:12","calc_backorders":null,"group_of_quantity":0,"min_quantity":0,"max_quantity":"","exclude_order_quantity_value_rules":"no","exclude_category_quantity_rules":"no","combine_variations":"no","yoast_head":"<!-- This site is optimized with the Yoast SEO Premium plugin v26.5 (Yoast SEO v26.5) - https:\/\/yoast.com\/wordpress\/plugins\/seo\/ -->\n<title>Sun Gold Daisy Essential Oil | Living Libations<\/title>\n<meta name=\"description\" content=\"\u00c4therisches \u00d6l Sun Gold Daisy: Abgef\u00fcllter Sonnenschein - ein warmer, blumiger Duft mit erdigen Noten, der Parfums, K\u00f6lnischwasser und Ihren Geist mit ruhiger Konzentration belebt.\" \/>\n<meta name=\"robots\" content=\"index, follow, max-snippet:-1, max-image-preview:large, max-video-preview:-1\" \/>\n<link rel=\"canonical\" href=\"https:\/\/dutchhealthstore.com\/de\/product\/sun-gold-daisy-essential-oil\/\" \/>\n<meta property=\"og:locale\" content=\"de_DE\" \/>\n<meta property=\"og:type\" content=\"article\" \/>\n<meta property=\"og:title\" content=\"Sun Gold Daisy Essential Oil - Dutch Health Store\" \/>\n<meta property=\"og:description\" content=\"\u00c4therisches \u00d6l Sun Gold Daisy: Abgef\u00fcllter Sonnenschein - ein warmer, blumiger Duft mit erdigen Noten, der Parfums, K\u00f6lnischwasser und Ihren Geist mit ruhiger Konzentration belebt.\" \/>\n<meta property=\"og:url\" content=\"https:\/\/dutchhealthstore.com\/de\/product\/sun-gold-daisy-essential-oil\/\" \/>\n<meta property=\"og:site_name\" content=\"Dutch Health Store\" \/>\n<meta property=\"article:publisher\" content=\"https:\/\/www.instagram.com\/dutchhealthstore\/\" \/>\n<meta property=\"article:modified_time\" content=\"2025-09-18T07:15:18+00:00\" \/>\n<meta property=\"og:image\" content=\"https:\/\/dutchhealthstore.com\/wp-content\/uploads\/2024\/07\/oil12.jpg\" \/>\n\t<meta property=\"og:image:width\" content=\"530\" \/>\n\t<meta property=\"og:image:height\" content=\"530\" \/>\n\t<meta property=\"og:image:type\" content=\"image\/jpeg\" \/>\n<meta name=\"twitter:card\" content=\"summary_large_image\" \/>\n<meta name=\"twitter:label1\" content=\"Preis\" \/>\n\t<meta name=\"twitter:data1\" content=\"&euro;44,00\" \/>\n\t<meta name=\"twitter:label2\" content=\"Verf\u00fcgbarkeit\" \/>\n\t<meta name=\"twitter:data2\" content=\"Auf Lager\" \/>\n<script type=\"application\/ld+json\" class=\"yoast-schema-graph\">{\"@context\":\"https:\/\/schema.org\",\"@graph\":[{\"@type\":\"WebPage\",\"@id\":\"https:\/\/dutchhealthstore.com\/de\/product\/sun-gold-daisy-essential-oil\/\",\"url\":\"https:\/\/dutchhealthstore.com\/de\/product\/sun-gold-daisy-essential-oil\/\",\"name\":\"Sun Gold Daisy Essential Oil | Living Libations\",\"isPartOf\":{\"@id\":\"https:\/\/dutchhealthstore.com\/de\/#website\"},\"primaryImageOfPage\":{\"@id\":\"https:\/\/dutchhealthstore.com\/de\/product\/sun-gold-daisy-essential-oil\/#primaryimage\"},\"image\":{\"@id\":\"https:\/\/dutchhealthstore.com\/de\/product\/sun-gold-daisy-essential-oil\/#primaryimage\"},\"thumbnailUrl\":\"https:\/\/dutchhealthstore.com\/wp-content\/uploads\/2024\/07\/oil12.jpg\",\"datePublished\":\"2024-07-16T12:34:04+00:00\",\"dateModified\":\"2025-09-18T07:15:18+00:00\",\"description\":\"\u00c4therisches \u00d6l Sun Gold Daisy: Abgef\u00fcllter Sonnenschein - ein warmer, blumiger Duft mit erdigen Noten, der Parfums, K\u00f6lnischwasser und Ihren Geist mit ruhiger Konzentration belebt.\",\"breadcrumb\":{\"@id\":\"https:\/\/dutchhealthstore.com\/de\/product\/sun-gold-daisy-essential-oil\/#breadcrumb\"},\"inLanguage\":\"de\",\"potentialAction\":[{\"@type\":\"ReadAction\",\"target\":[\"https:\/\/dutchhealthstore.com\/de\/product\/sun-gold-daisy-essential-oil\/\"]}]},{\"@type\":\"ImageObject\",\"inLanguage\":\"de\",\"@id\":\"https:\/\/dutchhealthstore.com\/de\/product\/sun-gold-daisy-essential-oil\/#primaryimage\",\"url\":\"https:\/\/dutchhealthstore.com\/wp-content\/uploads\/2024\/07\/oil12.jpg\",\"contentUrl\":\"https:\/\/dutchhealthstore.com\/wp-content\/uploads\/2024\/07\/oil12.jpg\",\"width\":530,\"height\":530,\"caption\":\"living-libations-Sun-Gold-Daisy-Essential-Oil\"},{\"@type\":\"BreadcrumbList\",\"@id\":\"https:\/\/dutchhealthstore.com\/de\/product\/sun-gold-daisy-essential-oil\/#breadcrumb\",\"itemListElement\":[{\"@type\":\"ListItem\",\"position\":1,\"name\":\"Home\",\"item\":\"https:\/\/dutchhealthstore.com\/de\/\"},{\"@type\":\"ListItem\",\"position\":2,\"name\":\"Shop\",\"item\":\"https:\/\/dutchhealthstore.com\/de\/shop-2\/\"},{\"@type\":\"ListItem\",\"position\":3,\"name\":\"Sun Gold Daisy Essential Oil\"}]},{\"@type\":\"WebSite\",\"@id\":\"https:\/\/dutchhealthstore.com\/de\/#website\",\"url\":\"https:\/\/dutchhealthstore.com\/de\/\",\"name\":\"Dutch Health Store\",\"description\":\"Enhance Your Beauty with Organic &amp; Natural Skincare\",\"publisher\":{\"@id\":\"https:\/\/dutchhealthstore.com\/de\/#organization\"},\"potentialAction\":[{\"@type\":\"SearchAction\",\"target\":{\"@type\":\"EntryPoint\",\"urlTemplate\":\"https:\/\/dutchhealthstore.com\/de\/?s={search_term_string}\"},\"query-input\":{\"@type\":\"PropertyValueSpecification\",\"valueRequired\":true,\"valueName\":\"search_term_string\"}}],\"inLanguage\":\"de\"},{\"@type\":\"Organization\",\"@id\":\"https:\/\/dutchhealthstore.com\/de\/#organization\",\"name\":\"Dutch Health Store\",\"url\":\"https:\/\/dutchhealthstore.com\/de\/\",\"logo\":{\"@type\":\"ImageObject\",\"inLanguage\":\"de\",\"@id\":\"https:\/\/dutchhealthstore.com\/de\/#\/schema\/logo\/image\/\",\"url\":\"https:\/\/dutchhealthstore.com\/wp-content\/uploads\/2020\/08\/logo-dutchhealthstore-jpg-e1599484957574.jpg\",\"contentUrl\":\"https:\/\/dutchhealthstore.com\/wp-content\/uploads\/2020\/08\/logo-dutchhealthstore-jpg-e1599484957574.jpg\",\"width\":400,\"height\":62,\"caption\":\"Dutch Health Store\"},\"image\":{\"@id\":\"https:\/\/dutchhealthstore.com\/de\/#\/schema\/logo\/image\/\"},\"sameAs\":[\"https:\/\/www.instagram.com\/dutchhealthstore\/\",\"https:\/\/www.facebook.com\/dutchhealthstore\"]}]}<\/script>\n<meta property=\"product:brand\" content=\"Living Libations\" \/>\n<meta property=\"product:price:amount\" content=\"44.00\" \/>\n<meta property=\"product:price:currency\" content=\"EUR\" \/>\n<meta property=\"og:availability\" content=\"instock\" \/>\n<meta property=\"product:availability\" content=\"instock\" \/>\n<meta property=\"product:condition\" content=\"new\" \/>\n<!-- \/ Yoast SEO Premium plugin. -->","yoast_head_json":{"title":"Sun Gold Daisy Essential Oil | Living Libations","description":"\u00c4therisches \u00d6l Sun Gold Daisy: Abgef\u00fcllter Sonnenschein - ein warmer, blumiger Duft mit erdigen Noten, der Parfums, K\u00f6lnischwasser und Ihren Geist mit ruhiger Konzentration belebt.","robots":{"index":"index","follow":"follow","max-snippet":"max-snippet:-1","max-image-preview":"max-image-preview:large","max-video-preview":"max-video-preview:-1"},"canonical":"https:\/\/dutchhealthstore.com\/de\/product\/sun-gold-daisy-essential-oil\/","og_locale":"de_DE","og_type":"article","og_title":"Sun Gold Daisy Essential Oil - Dutch Health Store","og_description":"\u00c4therisches \u00d6l Sun Gold Daisy: Abgef\u00fcllter Sonnenschein - ein warmer, blumiger Duft mit erdigen Noten, der Parfums, K\u00f6lnischwasser und Ihren Geist mit ruhiger Konzentration belebt.","og_url":"https:\/\/dutchhealthstore.com\/de\/product\/sun-gold-daisy-essential-oil\/","og_site_name":"Dutch Health Store","article_publisher":"https:\/\/www.instagram.com\/dutchhealthstore\/","article_modified_time":"2025-09-18T07:15:18+00:00","og_image":[{"width":530,"height":530,"url":"https:\/\/dutchhealthstore.com\/wp-content\/uploads\/2024\/07\/oil12.jpg","type":"image\/jpeg"}],"twitter_card":"summary_large_image","twitter_misc":{"Preis":"&euro;44,00","Verf\u00fcgbarkeit":"Auf Lager"},"schema":{"@context":"https:\/\/schema.org","@graph":[{"@type":"WebPage","@id":"https:\/\/dutchhealthstore.com\/de\/product\/sun-gold-daisy-essential-oil\/","url":"https:\/\/dutchhealthstore.com\/de\/product\/sun-gold-daisy-essential-oil\/","name":"Sun Gold Daisy Essential Oil | Living Libations","isPartOf":{"@id":"https:\/\/dutchhealthstore.com\/de\/#website"},"primaryImageOfPage":{"@id":"https:\/\/dutchhealthstore.com\/de\/product\/sun-gold-daisy-essential-oil\/#primaryimage"},"image":{"@id":"https:\/\/dutchhealthstore.com\/de\/product\/sun-gold-daisy-essential-oil\/#primaryimage"},"thumbnailUrl":"https:\/\/dutchhealthstore.com\/wp-content\/uploads\/2024\/07\/oil12.jpg","datePublished":"2024-07-16T12:34:04+00:00","dateModified":"2025-09-18T07:15:18+00:00","description":"\u00c4therisches \u00d6l Sun Gold Daisy: Abgef\u00fcllter Sonnenschein - ein warmer, blumiger Duft mit erdigen Noten, der Parfums, K\u00f6lnischwasser und Ihren Geist mit ruhiger Konzentration belebt.","breadcrumb":{"@id":"https:\/\/dutchhealthstore.com\/de\/product\/sun-gold-daisy-essential-oil\/#breadcrumb"},"inLanguage":"de","potentialAction":[{"@type":"ReadAction","target":["https:\/\/dutchhealthstore.com\/de\/product\/sun-gold-daisy-essential-oil\/"]}]},{"@type":"ImageObject","inLanguage":"de","@id":"https:\/\/dutchhealthstore.com\/de\/product\/sun-gold-daisy-essential-oil\/#primaryimage","url":"https:\/\/dutchhealthstore.com\/wp-content\/uploads\/2024\/07\/oil12.jpg","contentUrl":"https:\/\/dutchhealthstore.com\/wp-content\/uploads\/2024\/07\/oil12.jpg","width":530,"height":530,"caption":"living-libations-Sun-Gold-Daisy-Essential-Oil"},{"@type":"BreadcrumbList","@id":"https:\/\/dutchhealthstore.com\/de\/product\/sun-gold-daisy-essential-oil\/#breadcrumb","itemListElement":[{"@type":"ListItem","position":1,"name":"Home","item":"https:\/\/dutchhealthstore.com\/de\/"},{"@type":"ListItem","position":2,"name":"Shop","item":"https:\/\/dutchhealthstore.com\/de\/shop-2\/"},{"@type":"ListItem","position":3,"name":"Sun Gold Daisy Essential Oil"}]},{"@type":"WebSite","@id":"https:\/\/dutchhealthstore.com\/de\/#website","url":"https:\/\/dutchhealthstore.com\/de\/","name":"Dutch Health Store","description":"Enhance Your Beauty with Organic &amp; Natural Skincare","publisher":{"@id":"https:\/\/dutchhealthstore.com\/de\/#organization"},"potentialAction":[{"@type":"SearchAction","target":{"@type":"EntryPoint","urlTemplate":"https:\/\/dutchhealthstore.com\/de\/?s={search_term_string}"},"query-input":{"@type":"PropertyValueSpecification","valueRequired":true,"valueName":"search_term_string"}}],"inLanguage":"de"},{"@type":"Organization","@id":"https:\/\/dutchhealthstore.com\/de\/#organization","name":"Dutch Health Store","url":"https:\/\/dutchhealthstore.com\/de\/","logo":{"@type":"ImageObject","inLanguage":"de","@id":"https:\/\/dutchhealthstore.com\/de\/#\/schema\/logo\/image\/","url":"https:\/\/dutchhealthstore.com\/wp-content\/uploads\/2020\/08\/logo-dutchhealthstore-jpg-e1599484957574.jpg","contentUrl":"https:\/\/dutchhealthstore.com\/wp-content\/uploads\/2020\/08\/logo-dutchhealthstore-jpg-e1599484957574.jpg","width":400,"height":62,"caption":"Dutch Health Store"},"image":{"@id":"https:\/\/dutchhealthstore.com\/de\/#\/schema\/logo\/image\/"},"sameAs":["https:\/\/www.instagram.com\/dutchhealthstore\/","https:\/\/www.facebook.com\/dutchhealthstore"]}]},"product_brand":"Living Libations","product_price_amount":"44.00","product_price_currency":"EUR","og_availability":"instock","product_availability":"instock","product_condition":"new"},"_links":{"self":[{"href":"https:\/\/dutchhealthstore.com\/de\/wp-json\/wp\/v2\/product\/296616","targetHints":{"allow":["GET"]}}],"collection":[{"href":"https:\/\/dutchhealthstore.com\/de\/wp-json\/wp\/v2\/product"}],"about":[{"href":"https:\/\/dutchhealthstore.com\/de\/wp-json\/wp\/v2\/types\/product"}],"replies":[{"embeddable":true,"href":"https:\/\/dutchhealthstore.com\/de\/wp-json\/wp\/v2\/comments?post=296616"}],"wp:featuredmedia":[{"embeddable":true,"href":"https:\/\/dutchhealthstore.com\/de\/wp-json\/wp\/v2\/media\/296157"}],"wp:attachment":[{"href":"https:\/\/dutchhealthstore.com\/de\/wp-json\/wp\/v2\/media?parent=296616"}],"wp:term":[{"taxonomy":"product_brand","embeddable":true,"href":"https:\/\/dutchhealthstore.com\/de\/wp-json\/wp\/v2\/product_brand?post=296616"},{"taxonomy":"product_cat","embeddable":true,"href":"https:\/\/dutchhealthstore.com\/de\/wp-json\/wp\/v2\/product_cat?post=296616"},{"taxonomy":"product_tag","embeddable":true,"href":"https:\/\/dutchhealthstore.com\/de\/wp-json\/wp\/v2\/product_tag?post=296616"}],"curies":[{"name":"wp","href":"https:\/\/api.w.org\/{rel}","templated":true}]}}