{"id":296506,"date":"2024-07-16T14:07:38","date_gmt":"2024-07-16T12:07:38","guid":{"rendered":"https:\/\/dutchhealthstore.com\/product\/peppermint-willamette-essential-oil\/"},"modified":"2025-12-11T09:43:11","modified_gmt":"2025-12-11T08:43:11","slug":"peppermint-willamette-essential-oil","status":"publish","type":"product","link":"https:\/\/dutchhealthstore.com\/de\/product\/peppermint-willamette-essential-oil\/","title":{"rendered":"Peppermint Willamette Essential Oil"},"content":{"rendered":"<div id=\"product.info.description\" class=\"data item content\" role=\"tabpanel\" data-role=\"content\" aria-labelledby=\"tab-label-product.info.description\" aria-hidden=\"false\">\n<div class=\"product attribute description\">\n<div class=\"value\">\n<h3><strong><img decoding=\"async\" class=\"alignright size-full wp-image-37041\" src=\"https:\/\/dutchhealthstore.com\/wp-content\/uploads\/2018\/04\/Living_Libations-1.png\" alt=\"Organic &amp; Natural Beautyproducts - Living Libations\" width=\"175\" height=\"82\"><\/strong><\/h3>\n<p><strong>Botanischer Name: <\/strong> <strong>Mentha piperita<\/strong><br \/>\n<strong>Botanische Familie: <\/strong> Lamiaceae<br \/>\n<strong>Extraktionsverfahren:<\/strong> Dampfdestilliert<br \/>\n<strong>Teil der Pflanze Destilliert:<\/strong> Bl\u00e4tter<br \/>\n<strong>Herkunftsland: <\/strong>Willamette Valley, Oregon, USA<br \/>\n<strong>Anbaumethode:<\/strong> Bio<br \/>\n<strong>Zusammensetzung:<\/strong> 100% Mentha piperita<br \/>\n<strong>Konsistenz:<\/strong> D\u00fcnne Viskosit\u00e4t<\/p>\n<p><strong style=\"font-size: 14.4px;\">Gr\u00f6\u00dfe &#8211; 5 ml<\/strong><\/p>\n<\/div>\n<\/div>\n<\/div>\n<div id=\"product.info.description\" class=\"data item content\" role=\"tabpanel\" data-role=\"content\" aria-labelledby=\"tab-label-product.info.description\" aria-hidden=\"false\">\n<div class=\"product attribute description\">\n<div class=\"value\">\n<h3>Beschreibung des Duftes<\/h3>\n<p>Seidig weich und gr\u00fcn mit minziger Intensit\u00e4t.<\/p>\n<h3>Gut mischbar mit<\/h3>\n<p>Weihrauch, Minze, Lavendel, Majoran, Zitrone, Bergamotte, Limette, Wei\u00dftanne, Geranie, Ysop, Bergmyrte, Kamille, Rainfarn, Teebaum, Thymian, Oregano, Karottensamen, Fichten und Schafgarbe.<\/p>\n<a href=\"https:\/\/dutchhealthstore.com\/wp-content\/uploads\/2024\/07\/EO_Peppermint-Willamette_CoA.pdf\" class=\"button primary is-primary is-small\"  >\n\t\t<span>Analyse \u00e4therischer \u00d6le<\/span>\n\t<\/a>\n\n<h3>Verwendet<\/h3>\n<p>Neben der Erfrischung des Atems (ein einziger Tropfen gen\u00fcgt!) bietet Pfefferminz Willamette eine Vielzahl von Anwendungsm\u00f6glichkeiten. Diese sanfte Minze belebt kulinarische Kreationen und Tees, beruhigt Magenverstimmungen mit einem Hauch von Honig und k\u00fchlt R\u00f6tungen, wenn sie in Jojoba\u00f6l oder Living Libations&#8216; Best Skin Ever verd\u00fcnnt wird. Verteilen Sie es im Diffusor f\u00fcr eine erfrischende Atmosph\u00e4re oder tragen Sie es direkt auf Schl\u00e4fen, Stirn oder Nacken auf, um ein k\u00fchlendes Gef\u00fchl zu erzeugen. F\u00fcgen Sie es zu einem k\u00fchlenden Spritzer hinzu, um Hitzewallungen zu bek\u00e4mpfen, und machen Sie es zu einer tragbaren L\u00f6sung f\u00fcr den Komfort unterwegs.<\/p>\n<h3>Vorsicht<\/h3>\n<p>Aufgrund seiner k\u00fchlenden Eigenschaften sollte Peppermint Willamette bei Kindern unter f\u00fcnf Jahren nicht unverd\u00fcnnt angewendet werden. Eine kleine, verd\u00fcnnte Menge (1-2%) ist jedoch f\u00fcr kleine Kinder vollkommen sicher.<\/p>\n<h3>Organic Ingredients<\/h3>\n<p>100% \u00c4therisches \u00d6l der Pfefferminze Willamette<em>(Mentha piperita)<\/em>.<\/p>\n<p style=\"text-align: center;\">Wie sein Cousin, das klassische \u00e4therische Pfefferminz\u00f6l, ist Pfefferminze Willamette eine Mentha piperita. Diese einzigartige Minze hat jedoch einen gr\u00fcneren Duft und eine sanftere Note. Diese besondere Pfefferminze wird in den hohen Lagen und den milden, feuchten Wintern des Willamette Valley angebaut und bietet das bekannte k\u00fchlende Gef\u00fchl mit einem weicheren, \u00fcppigeren Geschmack.<\/p>\n<\/div>\n<\/div>\n<p><img fetchpriority=\"high\" decoding=\"async\" class=\"size-full wp-image-31577 aligncenter\" src=\"https:\/\/dutchhealthstore.com\/wp-content\/uploads\/2018\/03\/organic_big.png\" alt=\"Organic and Natural - Living Libations\" width=\"623\" height=\"103\" srcset=\"https:\/\/dutchhealthstore.com\/wp-content\/uploads\/2018\/03\/organic_big.png 623w, https:\/\/dutchhealthstore.com\/wp-content\/uploads\/2018\/03\/organic_big-510x84.png 510w, https:\/\/dutchhealthstore.com\/wp-content\/uploads\/2018\/03\/organic_big-600x99.png 600w, https:\/\/dutchhealthstore.com\/wp-content\/uploads\/2018\/03\/organic_big-350x58.png 350w\" sizes=\"(max-width: 623px) 100vw, 623px\" \/><\/p>\n<div class=\"product attribute description\">\n<div class=\"value\"><\/div>\n<\/div>\n<\/div>\n","protected":false},"excerpt":{"rendered":"<div class=\"avatar-gutter ng-tns-c3082684051-312 ng-star-inserted\">\n<div class=\"resize-observable\"><span style=\"color: #555555; font-size: 14.4px;\">Der Peppermint Willamette von Living Libations stammt aus dem \u00fcppigen Willamette Valley und ist so samtig weich wie kein anderer. Diese einzigartige Minze bietet das vertraute belebende Pfefferminzaroma mit einer sanfteren, glatteren Note.<\/span><\/div>\n<\/div>\n","protected":false},"featured_media":296171,"comment_status":"open","ping_status":"closed","template":"","meta":[],"product_brand":[],"product_cat":[1546,6737,1508,1032,1493,1210,511,6736],"product_tag":[1547],"class_list":{"0":"post-296506","1":"product","2":"type-product","3":"status-publish","4":"has-post-thumbnail","6":"product_cat-essential-oils-living-libations-de","7":"product_cat-essential-oils-de-2","8":"product_cat-aetherische-oele-living-libations","9":"product_cat-kategorien","10":"product_cat-living-libations-deutschland","11":"product_cat-marken","12":"product_cat-produkte","13":"product_cat-wellness-de","14":"product_tag-essential-oil-de","15":"pa_brand-livinglibations-de","16":"pa_essential-oils-product-type-essential-oils-de","17":"pa_size-5-ml-de","19":"first","20":"instock","21":"taxable","22":"shipping-taxable","23":"purchasable","24":"product-type-simple"},"bundled_by":[],"bundle_stock_status":"instock","bundle_stock_quantity":3,"bundle_virtual":false,"bundle_layout":"","bundle_add_to_cart_form_location":"","bundle_editable_in_cart":false,"bundle_sold_individually_context":"","bundle_item_grouping":"","bundle_min_size":"","bundle_max_size":"","bundle_price":[],"bundled_items":[],"bundle_sell_ids":[],"atum_controlled":true,"out_stock_date":null,"out_stock_threshold":null,"inheritable":false,"stock_on_hold":0,"sold_today":0,"sales_last_days":0,"out_stock_days":0,"lost_sales":0,"update_date":"2026-04-08T01:47:47","atum_locations":[],"atum_stock_status":"instock","restock_status":false,"low_stock_amount":"","sales_update_date":"2026-04-08T01:47:47","calc_backorders":null,"group_of_quantity":0,"min_quantity":0,"max_quantity":"","exclude_order_quantity_value_rules":"no","exclude_category_quantity_rules":"no","combine_variations":"no","yoast_head":"<!-- This site is optimized with the Yoast SEO Premium plugin v26.5 (Yoast SEO v26.5) - https:\/\/yoast.com\/wordpress\/plugins\/seo\/ -->\n<title>Peppermint Willamette Essential Oil | Living Libations<\/title>\n<meta name=\"description\" content=\"Die Pfefferminze Willamette von Living Libations stammt aus dem gr\u00fcnen Willamette Valley in Oregon und bietet das wohltuendste Pfefferminzaroma, das Sie je erlebt haben.\" \/>\n<meta name=\"robots\" content=\"index, follow, max-snippet:-1, max-image-preview:large, max-video-preview:-1\" \/>\n<link rel=\"canonical\" href=\"https:\/\/dutchhealthstore.com\/de\/product\/peppermint-willamette-essential-oil\/\" \/>\n<meta property=\"og:locale\" content=\"de_DE\" \/>\n<meta property=\"og:type\" content=\"article\" \/>\n<meta property=\"og:title\" content=\"Peppermint Willamette Essential Oil - Dutch Health Store\" \/>\n<meta property=\"og:description\" content=\"Die Pfefferminze Willamette von Living Libations stammt aus dem gr\u00fcnen Willamette Valley in Oregon und bietet das wohltuendste Pfefferminzaroma, das Sie je erlebt haben.\" \/>\n<meta property=\"og:url\" content=\"https:\/\/dutchhealthstore.com\/de\/product\/peppermint-willamette-essential-oil\/\" \/>\n<meta property=\"og:site_name\" content=\"Dutch Health Store\" \/>\n<meta property=\"article:publisher\" content=\"https:\/\/www.instagram.com\/dutchhealthstore\/\" \/>\n<meta property=\"article:modified_time\" content=\"2025-12-11T08:43:11+00:00\" \/>\n<meta property=\"og:image\" content=\"https:\/\/dutchhealthstore.com\/wp-content\/uploads\/2024\/07\/blue-beautifly-witch-hazel-toner-Recovered.jpg\" \/>\n\t<meta property=\"og:image:width\" content=\"530\" \/>\n\t<meta property=\"og:image:height\" content=\"530\" \/>\n\t<meta property=\"og:image:type\" content=\"image\/jpeg\" \/>\n<meta name=\"twitter:card\" content=\"summary_large_image\" \/>\n<meta name=\"twitter:label1\" content=\"Preis\" \/>\n\t<meta name=\"twitter:data1\" content=\"&euro;17,00\" \/>\n\t<meta name=\"twitter:label2\" content=\"Verf\u00fcgbarkeit\" \/>\n\t<meta name=\"twitter:data2\" content=\"Auf Lager\" \/>\n<script type=\"application\/ld+json\" class=\"yoast-schema-graph\">{\"@context\":\"https:\/\/schema.org\",\"@graph\":[{\"@type\":\"WebPage\",\"@id\":\"https:\/\/dutchhealthstore.com\/de\/product\/peppermint-willamette-essential-oil\/\",\"url\":\"https:\/\/dutchhealthstore.com\/de\/product\/peppermint-willamette-essential-oil\/\",\"name\":\"Peppermint Willamette Essential Oil | Living Libations\",\"isPartOf\":{\"@id\":\"https:\/\/dutchhealthstore.com\/de\/#website\"},\"primaryImageOfPage\":{\"@id\":\"https:\/\/dutchhealthstore.com\/de\/product\/peppermint-willamette-essential-oil\/#primaryimage\"},\"image\":{\"@id\":\"https:\/\/dutchhealthstore.com\/de\/product\/peppermint-willamette-essential-oil\/#primaryimage\"},\"thumbnailUrl\":\"https:\/\/dutchhealthstore.com\/wp-content\/uploads\/2024\/07\/blue-beautifly-witch-hazel-toner-Recovered.jpg\",\"datePublished\":\"2024-07-16T12:07:38+00:00\",\"dateModified\":\"2025-12-11T08:43:11+00:00\",\"description\":\"Die Pfefferminze Willamette von Living Libations stammt aus dem gr\u00fcnen Willamette Valley in Oregon und bietet das wohltuendste Pfefferminzaroma, das Sie je erlebt haben.\",\"breadcrumb\":{\"@id\":\"https:\/\/dutchhealthstore.com\/de\/product\/peppermint-willamette-essential-oil\/#breadcrumb\"},\"inLanguage\":\"de\",\"potentialAction\":[{\"@type\":\"ReadAction\",\"target\":[\"https:\/\/dutchhealthstore.com\/de\/product\/peppermint-willamette-essential-oil\/\"]}]},{\"@type\":\"ImageObject\",\"inLanguage\":\"de\",\"@id\":\"https:\/\/dutchhealthstore.com\/de\/product\/peppermint-willamette-essential-oil\/#primaryimage\",\"url\":\"https:\/\/dutchhealthstore.com\/wp-content\/uploads\/2024\/07\/blue-beautifly-witch-hazel-toner-Recovered.jpg\",\"contentUrl\":\"https:\/\/dutchhealthstore.com\/wp-content\/uploads\/2024\/07\/blue-beautifly-witch-hazel-toner-Recovered.jpg\",\"width\":530,\"height\":530,\"caption\":\"living-libations-Peppermint-Willamette-Essential-Oil\"},{\"@type\":\"BreadcrumbList\",\"@id\":\"https:\/\/dutchhealthstore.com\/de\/product\/peppermint-willamette-essential-oil\/#breadcrumb\",\"itemListElement\":[{\"@type\":\"ListItem\",\"position\":1,\"name\":\"Home\",\"item\":\"https:\/\/dutchhealthstore.com\/de\/\"},{\"@type\":\"ListItem\",\"position\":2,\"name\":\"Shop\",\"item\":\"https:\/\/dutchhealthstore.com\/de\/shop-2\/\"},{\"@type\":\"ListItem\",\"position\":3,\"name\":\"Peppermint Willamette Essential Oil\"}]},{\"@type\":\"WebSite\",\"@id\":\"https:\/\/dutchhealthstore.com\/de\/#website\",\"url\":\"https:\/\/dutchhealthstore.com\/de\/\",\"name\":\"Dutch Health Store\",\"description\":\"Enhance Your Beauty with Organic &amp; Natural Skincare\",\"publisher\":{\"@id\":\"https:\/\/dutchhealthstore.com\/de\/#organization\"},\"potentialAction\":[{\"@type\":\"SearchAction\",\"target\":{\"@type\":\"EntryPoint\",\"urlTemplate\":\"https:\/\/dutchhealthstore.com\/de\/?s={search_term_string}\"},\"query-input\":{\"@type\":\"PropertyValueSpecification\",\"valueRequired\":true,\"valueName\":\"search_term_string\"}}],\"inLanguage\":\"de\"},{\"@type\":\"Organization\",\"@id\":\"https:\/\/dutchhealthstore.com\/de\/#organization\",\"name\":\"Dutch Health Store\",\"url\":\"https:\/\/dutchhealthstore.com\/de\/\",\"logo\":{\"@type\":\"ImageObject\",\"inLanguage\":\"de\",\"@id\":\"https:\/\/dutchhealthstore.com\/de\/#\/schema\/logo\/image\/\",\"url\":\"https:\/\/dutchhealthstore.com\/wp-content\/uploads\/2020\/08\/logo-dutchhealthstore-jpg-e1599484957574.jpg\",\"contentUrl\":\"https:\/\/dutchhealthstore.com\/wp-content\/uploads\/2020\/08\/logo-dutchhealthstore-jpg-e1599484957574.jpg\",\"width\":400,\"height\":62,\"caption\":\"Dutch Health Store\"},\"image\":{\"@id\":\"https:\/\/dutchhealthstore.com\/de\/#\/schema\/logo\/image\/\"},\"sameAs\":[\"https:\/\/www.instagram.com\/dutchhealthstore\/\",\"https:\/\/www.facebook.com\/dutchhealthstore\"]}]}<\/script>\n<meta property=\"product:brand\" content=\"Living Libations\" \/>\n<meta property=\"product:price:amount\" content=\"17.00\" \/>\n<meta property=\"product:price:currency\" content=\"EUR\" \/>\n<meta property=\"og:availability\" content=\"instock\" \/>\n<meta property=\"product:availability\" content=\"instock\" \/>\n<meta property=\"product:condition\" content=\"new\" \/>\n<!-- \/ Yoast SEO Premium plugin. -->","yoast_head_json":{"title":"Peppermint Willamette Essential Oil | Living Libations","description":"Die Pfefferminze Willamette von Living Libations stammt aus dem gr\u00fcnen Willamette Valley in Oregon und bietet das wohltuendste Pfefferminzaroma, das Sie je erlebt haben.","robots":{"index":"index","follow":"follow","max-snippet":"max-snippet:-1","max-image-preview":"max-image-preview:large","max-video-preview":"max-video-preview:-1"},"canonical":"https:\/\/dutchhealthstore.com\/de\/product\/peppermint-willamette-essential-oil\/","og_locale":"de_DE","og_type":"article","og_title":"Peppermint Willamette Essential Oil - Dutch Health Store","og_description":"Die Pfefferminze Willamette von Living Libations stammt aus dem gr\u00fcnen Willamette Valley in Oregon und bietet das wohltuendste Pfefferminzaroma, das Sie je erlebt haben.","og_url":"https:\/\/dutchhealthstore.com\/de\/product\/peppermint-willamette-essential-oil\/","og_site_name":"Dutch Health Store","article_publisher":"https:\/\/www.instagram.com\/dutchhealthstore\/","article_modified_time":"2025-12-11T08:43:11+00:00","og_image":[{"width":530,"height":530,"url":"https:\/\/dutchhealthstore.com\/wp-content\/uploads\/2024\/07\/blue-beautifly-witch-hazel-toner-Recovered.jpg","type":"image\/jpeg"}],"twitter_card":"summary_large_image","twitter_misc":{"Preis":"&euro;17,00","Verf\u00fcgbarkeit":"Auf Lager"},"schema":{"@context":"https:\/\/schema.org","@graph":[{"@type":"WebPage","@id":"https:\/\/dutchhealthstore.com\/de\/product\/peppermint-willamette-essential-oil\/","url":"https:\/\/dutchhealthstore.com\/de\/product\/peppermint-willamette-essential-oil\/","name":"Peppermint Willamette Essential Oil | Living Libations","isPartOf":{"@id":"https:\/\/dutchhealthstore.com\/de\/#website"},"primaryImageOfPage":{"@id":"https:\/\/dutchhealthstore.com\/de\/product\/peppermint-willamette-essential-oil\/#primaryimage"},"image":{"@id":"https:\/\/dutchhealthstore.com\/de\/product\/peppermint-willamette-essential-oil\/#primaryimage"},"thumbnailUrl":"https:\/\/dutchhealthstore.com\/wp-content\/uploads\/2024\/07\/blue-beautifly-witch-hazel-toner-Recovered.jpg","datePublished":"2024-07-16T12:07:38+00:00","dateModified":"2025-12-11T08:43:11+00:00","description":"Die Pfefferminze Willamette von Living Libations stammt aus dem gr\u00fcnen Willamette Valley in Oregon und bietet das wohltuendste Pfefferminzaroma, das Sie je erlebt haben.","breadcrumb":{"@id":"https:\/\/dutchhealthstore.com\/de\/product\/peppermint-willamette-essential-oil\/#breadcrumb"},"inLanguage":"de","potentialAction":[{"@type":"ReadAction","target":["https:\/\/dutchhealthstore.com\/de\/product\/peppermint-willamette-essential-oil\/"]}]},{"@type":"ImageObject","inLanguage":"de","@id":"https:\/\/dutchhealthstore.com\/de\/product\/peppermint-willamette-essential-oil\/#primaryimage","url":"https:\/\/dutchhealthstore.com\/wp-content\/uploads\/2024\/07\/blue-beautifly-witch-hazel-toner-Recovered.jpg","contentUrl":"https:\/\/dutchhealthstore.com\/wp-content\/uploads\/2024\/07\/blue-beautifly-witch-hazel-toner-Recovered.jpg","width":530,"height":530,"caption":"living-libations-Peppermint-Willamette-Essential-Oil"},{"@type":"BreadcrumbList","@id":"https:\/\/dutchhealthstore.com\/de\/product\/peppermint-willamette-essential-oil\/#breadcrumb","itemListElement":[{"@type":"ListItem","position":1,"name":"Home","item":"https:\/\/dutchhealthstore.com\/de\/"},{"@type":"ListItem","position":2,"name":"Shop","item":"https:\/\/dutchhealthstore.com\/de\/shop-2\/"},{"@type":"ListItem","position":3,"name":"Peppermint Willamette Essential Oil"}]},{"@type":"WebSite","@id":"https:\/\/dutchhealthstore.com\/de\/#website","url":"https:\/\/dutchhealthstore.com\/de\/","name":"Dutch Health Store","description":"Enhance Your Beauty with Organic &amp; Natural Skincare","publisher":{"@id":"https:\/\/dutchhealthstore.com\/de\/#organization"},"potentialAction":[{"@type":"SearchAction","target":{"@type":"EntryPoint","urlTemplate":"https:\/\/dutchhealthstore.com\/de\/?s={search_term_string}"},"query-input":{"@type":"PropertyValueSpecification","valueRequired":true,"valueName":"search_term_string"}}],"inLanguage":"de"},{"@type":"Organization","@id":"https:\/\/dutchhealthstore.com\/de\/#organization","name":"Dutch Health Store","url":"https:\/\/dutchhealthstore.com\/de\/","logo":{"@type":"ImageObject","inLanguage":"de","@id":"https:\/\/dutchhealthstore.com\/de\/#\/schema\/logo\/image\/","url":"https:\/\/dutchhealthstore.com\/wp-content\/uploads\/2020\/08\/logo-dutchhealthstore-jpg-e1599484957574.jpg","contentUrl":"https:\/\/dutchhealthstore.com\/wp-content\/uploads\/2020\/08\/logo-dutchhealthstore-jpg-e1599484957574.jpg","width":400,"height":62,"caption":"Dutch Health Store"},"image":{"@id":"https:\/\/dutchhealthstore.com\/de\/#\/schema\/logo\/image\/"},"sameAs":["https:\/\/www.instagram.com\/dutchhealthstore\/","https:\/\/www.facebook.com\/dutchhealthstore"]}]},"product_brand":"Living Libations","product_price_amount":"17.00","product_price_currency":"EUR","og_availability":"instock","product_availability":"instock","product_condition":"new"},"_links":{"self":[{"href":"https:\/\/dutchhealthstore.com\/de\/wp-json\/wp\/v2\/product\/296506","targetHints":{"allow":["GET"]}}],"collection":[{"href":"https:\/\/dutchhealthstore.com\/de\/wp-json\/wp\/v2\/product"}],"about":[{"href":"https:\/\/dutchhealthstore.com\/de\/wp-json\/wp\/v2\/types\/product"}],"replies":[{"embeddable":true,"href":"https:\/\/dutchhealthstore.com\/de\/wp-json\/wp\/v2\/comments?post=296506"}],"wp:featuredmedia":[{"embeddable":true,"href":"https:\/\/dutchhealthstore.com\/de\/wp-json\/wp\/v2\/media\/296171"}],"wp:attachment":[{"href":"https:\/\/dutchhealthstore.com\/de\/wp-json\/wp\/v2\/media?parent=296506"}],"wp:term":[{"taxonomy":"product_brand","embeddable":true,"href":"https:\/\/dutchhealthstore.com\/de\/wp-json\/wp\/v2\/product_brand?post=296506"},{"taxonomy":"product_cat","embeddable":true,"href":"https:\/\/dutchhealthstore.com\/de\/wp-json\/wp\/v2\/product_cat?post=296506"},{"taxonomy":"product_tag","embeddable":true,"href":"https:\/\/dutchhealthstore.com\/de\/wp-json\/wp\/v2\/product_tag?post=296506"}],"curies":[{"name":"wp","href":"https:\/\/api.w.org\/{rel}","templated":true}]}}