{"id":283885,"date":"2024-04-26T10:11:09","date_gmt":"2024-04-26T08:11:09","guid":{"rendered":"https:\/\/dutchhealthstore.com\/product\/sandalwood-traditional-essential-oil\/"},"modified":"2024-11-19T09:19:47","modified_gmt":"2024-11-19T08:19:47","slug":"sandalwood-traditional-essential-oil","status":"publish","type":"product","link":"https:\/\/dutchhealthstore.com\/de\/product\/sandalwood-traditional-essential-oil\/","title":{"rendered":"Sandalwood, Traditional Essential Oil"},"content":{"rendered":"<p>Seit vielen Jahren bieten wir ausgezeichnetes, nachhaltig gewonnenes Sandelholz aus Australien an. Dieses sehr begehrte Holz war lange Zeit Gegenstand von \u00dcberernte und illegaler Wilderei. Wir freuen uns jedoch, die R\u00fcckkehr des originalen traditionellen Sandelholzes aus Indien ank\u00fcndigen zu k\u00f6nnen, das \u00fcber Jahre hinweg kultiviert wurde.<\/p>\n<p>Sandelholz\u00f6l, bekannt f\u00fcr sein ruhiges und verlockendes Aroma, ist seit jeher ein Eckpfeiler der Parf\u00fcmerie. Er wird in alten Sanskrit-Texten und historischen Rezepten erw\u00e4hnt. Unser traditionelles \u00e4therisches Sandelholz\u00f6l, das von Monarchen gesch\u00e4tzt und f\u00fcr seine heiligen Qualit\u00e4ten verehrt wird, ist der Inbegriff von Luxus und Respekt.<\/p>\n<p><strong>Gr\u00f6\u00dfe: 5 ml<\/strong><\/p>\n<p><strong>Botanischer Name<\/strong>: Santalum album<br \/>\n<strong>Botanische Familie:<\/strong> Santalaceae<br \/>\n<strong>Extraktionsverfahren:<\/strong> Dampfdestilliert<br \/>\n<strong>Teil der Pflanze Destilliert:<\/strong> Kernholz<br \/>\n<strong>Herkunftsland:<\/strong> Ostindien<br \/>\n<strong>Anbaumethode:<\/strong> Biologisch und ethisch produziert<br \/>\n<strong>Zusammensetzung:<\/strong> 100% Santalum album<br \/>\n<strong>Konsistenz:<\/strong> Dickfl\u00fcssig<br \/>\n<strong>Beschreibung des Duftes:<\/strong> Sanft, s\u00fc\u00df und heiter mit moschus-balsamischen Untert\u00f6nen.<br \/>\n<strong>Gut mischbar mit:<\/strong> Lavendel, Tuberose, Jasmin, Limette, Grapefruit, Bergamotte, Zimt, Rose Otto, Geranie, Weihrauch, Palo Santo, Kardamom, Zitronengras, Wei\u00dftanne, Myrrhe, Spikenard, Tabak, Majoran, S\u00fc\u00dfes Fr\u00fchlingsgras und Vanille.<br \/>\n<strong>Verwendet:<\/strong> Beruhigendes Tonikum. Eine sch\u00f6ne, hartn\u00e4ckige Basisnote in Parfums und K\u00f6lnisch Wasser. In Shampoos, Sp\u00fclungen und Haar\u00f6len f\u00fcr gl\u00e4nzende, duftende Locken. Effektiv und schneidig als Deodorant. Hervorragend geeignet, um das Erscheinungsbild von Narben, Flecken, feinen Linien, Melasma und der Hauttextur zu mildern. Diffundieren Sie f\u00fcr einen ruhigen Balsam und mystische Meditation. Im Ayurveda beschw\u00f6rt traditionelles Sandelholz Gelassenheit herauf. Ein einziges Schnuppern aus der Flasche oder ein Tupfer unter die Nase bietet eine Flucht aus dem Kampf-oder-Flucht-Paradigma f\u00fcr ein tiefes inneres Ausatmen und Anmut unter Druck.<br \/>\n<strong>Inhaltsstoffe<\/strong>: Eine F\u00fclle von hautfreundlichen Alpha-Santalol- und Beta-Santalol-Sesquiterpenen.<br \/>\nTraditionelles indisches Sandelholz, das seit der Antike wegen seines seelenbefriedigenden Aromas inhaliert wird, verstr\u00f6mt luxuri\u00f6se Ausstrahlung. Sein reichhaltiges, samtiges Aroma beruhigt die Haut, beduftet das Haar und ist ein feines Pflegemittel f\u00fcr den K\u00f6rper. Der Duft ist fesselnd und hat eine lang anhaltende Pr\u00e4senz in der Parf\u00fcmerie. Das ikonische Aroma des traditionellen Sandelholzes kommt kraftvoll aus der Flasche und ist weicher als Royal Hawaiian Sandalwood und s\u00fc\u00dfer als australisches Sandelholz. Es ist ein Aromatherapie-Klassiker f\u00fcr Gelassenheit, Klarheit und inneren Frieden.<\/p>\n<p>Der Reichtum an Alpha-Santalol- und Beta-Santalol-Sesquiterpenen macht traditionelles Sandelholz zu einem unverzichtbaren Mittel f\u00fcr die Hautpflege. Diese hautpflegenden Sesquiterpene sind Pflanzenstoffe, die allen Hauttypen Gleichgewicht, Spannkraft und Gelassenheit verleihen. Es ist subtil und selbst f\u00fcr die empfindlichste Haut geeignet.<\/p>\n\n\t<section class=\"section\" id=\"section_755234121\">\n\t\t<div class=\"section-bg fill\" >\n\t\t\t\t\t\t\t\t\t\n\t\t\t\n\t<div class=\"is-border\"\n\t\tstyle=\"border-color:rgb(235, 235, 235);border-width:0px 0px 0px 0px;\">\n\t<\/div>\n\n\t\t<\/div>\n\n\t\t\n\n\t\t<div class=\"section-content relative\">\n\t\t\t\n\n<div class=\"row row-small align-center\"  id=\"row-223465216\">\n\n\n\t<div id=\"col-260764498\" class=\"col medium-7 small-12 large-7\"  >\n\t\t\t\t<div class=\"col-inner text-center\"  >\n\t\t\t\n\t\t\t\n\n\t<div class=\"img has-hover x md-x lg-x y md-y lg-y\" id=\"image_2027457720\">\n\t\t\t\t\t\t\t\t<div class=\"img-inner dark\" >\n\t\t\t<img fetchpriority=\"high\" decoding=\"async\" width=\"442\" height=\"131\" src=\"https:\/\/dutchhealthstore.com\/wp-content\/uploads\/2020\/09\/logo_2_442x.png\" class=\"attachment-original size-original\" alt=\"\" \/>\t\t\t\t\t\t\n\t\t\t\t\t<\/div>\n\t\t\t\t\t\t\t\t\n<style>\n#image_2027457720 {\n  width: 58%;\n}\n<\/style>\n\t<\/div>\n\t\n\n\t<div id=\"gap-783795935\" class=\"gap-element clearfix\" style=\"display:block; height:auto;\">\n\t\t\n<style>\n#gap-783795935 {\n  padding-top: 50px;\n}\n<\/style>\n\t<\/div>\n\t\n\n<h2 style=\"text-align: center;\">How to Use Our Best Skin Evers<\/h2>\n<p style=\"text-align: center;\">Our Best Skin Evers renew the face and bedew the body and with grace. These all-in-one botanical blends cleanse, moisturize, and nourish the skin. Best Skin Evers are crafted to bring into balance all skin types.<\/p>\n<p style=\"text-align: center;\">Washing the face with pure pressed plant oils is an ancient Ayurvedic and gracious gypsy method to cleanse and gently exfoliate the skin. Nadine designed the Best Skin Evers to be your finest bathing and beauty aide. These oils plus water and a cloth are the simple essentials to cleanse, exfoliate, moisten and bedew.<\/p>\n<h2 style=\"text-align: center;\">Colder Temperature &amp; The Best Skin Evers<\/h2>\n<p>We get almost daily questions about the <a href=\"\/?product_cat=best-skin-ever-2\">Best Skin Evers<\/a>\u00a0and \"bits\" floating in it. I have discussed this before but am more than happy to do it again. The bits you see are pieces of coconut oil. <a href=\"\/?product_cat=best-skin-ever-2\">The Best Skin Evers<\/a> contain coconut oil and this oil (like many others, for that matter) becomes firmer\/harder as the temperature drops. For example; I have a jar of coconut oil in the kitchen drawer at home that is spreadable but definitely not liquid!<\/p>\n<p>We get these bottles delivered this way and it makes sense because on the way on the plane, in the cargo hold, it's cold, in our warehouse it's very cool and dark, so the coconut oil never gets to a point where it can melt.<br \/>And maybe you've experienced it yourself when you've put a bottle, for preservation, in the fridge. Then you can see almost the entire bottle \"solidify\" in a short time.<\/p>\n<p>Fortunately, there is a very simple, effective solution to this; put the bottle in (hand) warm water and the coconut oil (but Tamanu can also cause this problem) will melt. Shake well and it's ready to use!<\/p>\n<p>Pay attention to the pump as well, because you may have tried to use the product and there is also solidified coconut oil in the pump. You can reopen this by putting it in warm water for a while, drying it well and it is ready to use again.<br \/>A bit of work, but yes, it is thanks to the absence of preservatives! And that's a very nice thought then \ud83d\ude09<\/p>\n\t<div id=\"gap-1611621031\" class=\"gap-element clearfix hide-for-small\" style=\"display:block; height:auto;\">\n\t\t\n<style>\n#gap-1611621031 {\n  padding-top: 50px;\n}\n<\/style>\n\t<\/div>\n\t\n\n\n\t\t<\/div>\n\t\t\t\t\t<\/div>\n\n\t\n\n\t<div id=\"col-662881477\" class=\"col medium-5 small-12 large-5\"  >\n\t\t\t\t<div class=\"col-inner box-shadow-2 box-shadow-5-hover\" style=\"background-color:rgb(255, 255, 255);\" >\n\t\t\t\n\t\t\t\n\n\t<div id=\"text-1441879016\" class=\"text\">\n\t\t\n\n<p><span style=\"font-size: 90%;\"><strong>Directions: Washing\/Cleansing your Face with Best Skin Ever<\/strong><\/span><\/p>\n<ol>\n<li><span style=\"font-size: 90%;\">Befeuchte einen kleinen Teil eines Tuchs mit Wasser.<\/span><\/li>\n<li><span style=\"font-size: 90%;\">Geben Sie ein bis zwei Spritzer eines der Best Skin Evers auf den angefeuchteten Teil des Gesichtstuchs.<\/span><\/li>\n<li><span style=\"font-size: 90%;\">Mit dem angefeuchteten Tuch Gesicht, Hals und Nacken sanft massieren. Sanft oder kr\u00e4ftig waschen f\u00fcr einen tieferen Peeling-Effekt. Das Sp\u00fclen des Gesichts ist optional<\/span><\/li>\n<\/ol>\n<p><span style=\"font-size: 90%;\">Wenn Sie mehr Feuchtigkeit ben\u00f6tigen, geben Sie noch ein oder zwei Spritzer eines unserer Best Skin Evers oder Libations Serums (Rose Glow, Soothsayer, Royal Rose, Sandalwood, Chocolate Karat oder Open Sky) auf Ihre Fingerspitzen und massieren Sie Gesicht und Hals ein. Wenn sich Ihre Haut besonders durstig anf\u00fchlt, wird eine Libations Cr\u00e8me (Sundew, Rose Glow, All Seeing oder Maverick) Ihren Durst stillen.<\/span><\/p>\n<p><span style=\"font-size: 90%;\">Sie k\u00f6nnen auch einen oder zwei Tropfen eines der Seren zu einem Tupfer einer der Cr\u00e8mes hinzuf\u00fcgen Sie harmonieren alle wunderbar miteinander.<\/span><\/p>\n<p><span style=\"font-size: 90%;\"><strong>Directions: Using Best Skin Ever on your Body after a Bath or Shower<\/strong><\/span><\/p>\n<ol>\n<li><span style=\"font-size: 90%;\">Lassen Sie den K\u00f6rper nach einem Bad oder einer Dusche nass.<\/span><\/li>\n<li><span style=\"font-size: 90%;\">Befeuchte einen Waschlappen mit Wasser. Dr\u00fccken Sie es aus.<\/span><\/li>\n<li><span style=\"font-size: 90%;\">Geben Sie einige Spritzer auf den feuchten Waschlappen eines der Best Skin Evers.<\/span><\/li>\n<li><span style=\"font-size: 90%;\">Massieren Sie den ganzen K\u00f6rper mit dem Tuch von Kopf bis Fu\u00df. Rub more vigorously to exfoliate.<\/span><\/li>\n<\/ol>\n\t\t\n<style>\n#text-1441879016 {\n  font-size: 1rem;\n  line-height: 1.75;\n}\n<\/style>\n\t<\/div>\n\t\n\n\t\t<\/div>\n\t\t\t\t\n<style>\n#col-662881477 > .col-inner {\n  padding: 15px 15px 15px 15px;\n}\n<\/style>\n\t<\/div>\n\n\t\n\n\n<style>\n#row-223465216 > .col > .col-inner {\n  padding: 35px 50px 48px 44px;\n}\n<\/style>\n<\/div>\n\n\t\t<\/div>\n\n\t\t\n<style>\n#section_755234121 {\n  padding-top: 34px;\n  padding-bottom: 34px;\n  min-height: 300px;\n}\n<\/style>\n\t<\/section>\n\t\n<p><img decoding=\"async\" class=\"size-medium wp-image-68103 aligncenter\" src=\"https:\/\/dutchhealthstore.com\/wp-content\/uploads\/2018\/02\/Living-Libations-Organic-Logo-800x89.png\" alt=\"Living Libations - Organic Logo\" width=\"800\" height=\"89\" srcset=\"https:\/\/dutchhealthstore.com\/wp-content\/uploads\/2018\/02\/Living-Libations-Organic-Logo-800x89.png 800w, https:\/\/dutchhealthstore.com\/wp-content\/uploads\/2018\/02\/Living-Libations-Organic-Logo-510x57.png 510w, https:\/\/dutchhealthstore.com\/wp-content\/uploads\/2018\/02\/Living-Libations-Organic-Logo-768x85.png 768w, https:\/\/dutchhealthstore.com\/wp-content\/uploads\/2018\/02\/Living-Libations-Organic-Logo.png 1400w\" sizes=\"(max-width: 800px) 100vw, 800px\" \/><\/p>\n\t<div id=\"gap-461992613\" class=\"gap-element clearfix\" style=\"display:block; height:auto;\">\n\t\t\n<style>\n#gap-461992613 {\n  padding-top: 50px;\n}\n<\/style>\n\t<\/div>\n\t\n","protected":false},"excerpt":{"rendered":"<p>Schlie\u00dflich sind wir in der Lage, traditionelles Sandelholz, Santalum album, aus Mysore, Indien, dem Geburtsort seines morphogenetischen Feldes, anzubieten.<\/p>\n","protected":false},"featured_media":282049,"comment_status":"open","ping_status":"closed","template":"","meta":[],"product_brand":[],"product_cat":[1508,1546,1032,1493,1210,511],"product_tag":[1547],"class_list":{"0":"post-283885","1":"product","2":"type-product","3":"status-publish","4":"has-post-thumbnail","6":"product_cat-aetherische-oele-living-libations","7":"product_cat-essential-oils-living-libations-de","8":"product_cat-kategorien","9":"product_cat-living-libations-deutschland","10":"product_cat-marken","11":"product_cat-produkte","12":"product_tag-essential-oil-de","13":"pa_brand-livinglibations-de","14":"pa_essential-oils-product-type-essential-oils-de","15":"pa_size-5-ml-de","17":"first","18":"instock","19":"taxable","20":"shipping-taxable","21":"purchasable","22":"product-type-simple"},"bundled_by":[],"bundle_stock_status":"instock","bundle_stock_quantity":3,"bundle_virtual":false,"bundle_layout":"","bundle_add_to_cart_form_location":"","bundle_editable_in_cart":false,"bundle_sold_individually_context":"","bundle_item_grouping":"","bundle_min_size":"","bundle_max_size":"","bundle_price":[],"bundled_items":[],"bundle_sell_ids":[247526],"atum_controlled":true,"out_stock_date":null,"out_stock_threshold":null,"inheritable":false,"stock_on_hold":0,"sold_today":0,"sales_last_days":0,"out_stock_days":0,"lost_sales":0,"update_date":"2026-04-20T07:54:06","atum_locations":[],"atum_stock_status":"instock","restock_status":false,"low_stock_amount":"","sales_update_date":"2026-04-20T07:54:06","calc_backorders":null,"group_of_quantity":0,"min_quantity":0,"max_quantity":"","exclude_order_quantity_value_rules":"no","exclude_category_quantity_rules":"no","combine_variations":"no","yoast_head":"<!-- This site is optimized with the Yoast SEO Premium plugin v26.5 (Yoast SEO v26.5) - https:\/\/yoast.com\/wordpress\/plugins\/seo\/ -->\n<title>Sandalwood, Traditional Essential Oil - Living Libations<\/title>\n<meta name=\"description\" content=\"Schlie\u00dflich sind wir in der Lage, traditionelles Sandelholz, Santalum album, aus Mysore, Indien, dem Geburtsort seines morphogenetischen Feldes, anzubieten.\" \/>\n<meta name=\"robots\" content=\"index, follow, max-snippet:-1, max-image-preview:large, max-video-preview:-1\" \/>\n<link rel=\"canonical\" href=\"https:\/\/dutchhealthstore.com\/de\/product\/sandalwood-traditional-essential-oil\/\" \/>\n<meta property=\"og:locale\" content=\"de_DE\" \/>\n<meta property=\"og:type\" content=\"article\" \/>\n<meta property=\"og:title\" content=\"Sandalwood, Traditional Essential Oil - Dutch Health Store\" \/>\n<meta property=\"og:description\" content=\"Schlie\u00dflich sind wir in der Lage, traditionelles Sandelholz, Santalum album, aus Mysore, Indien, dem Geburtsort seines morphogenetischen Feldes, anzubieten.\" \/>\n<meta property=\"og:url\" content=\"https:\/\/dutchhealthstore.com\/de\/product\/sandalwood-traditional-essential-oil\/\" \/>\n<meta property=\"og:site_name\" content=\"Dutch Health Store\" \/>\n<meta property=\"article:publisher\" content=\"https:\/\/www.instagram.com\/dutchhealthstore\/\" \/>\n<meta property=\"article:modified_time\" content=\"2024-11-19T08:19:47+00:00\" \/>\n<meta property=\"og:image\" content=\"https:\/\/dutchhealthstore.com\/wp-content\/uploads\/2024\/04\/living-libations-sandalwood-traditional.jpg\" \/>\n\t<meta property=\"og:image:width\" content=\"526\" \/>\n\t<meta property=\"og:image:height\" content=\"526\" \/>\n\t<meta property=\"og:image:type\" content=\"image\/jpeg\" \/>\n<meta name=\"twitter:card\" content=\"summary_large_image\" \/>\n<meta name=\"twitter:label1\" content=\"Preis\" \/>\n\t<meta name=\"twitter:data1\" content=\"&euro;108,00\" \/>\n\t<meta name=\"twitter:label2\" content=\"Verf\u00fcgbarkeit\" \/>\n\t<meta name=\"twitter:data2\" content=\"Auf Lager\" \/>\n<script type=\"application\/ld+json\" class=\"yoast-schema-graph\">{\"@context\":\"https:\/\/schema.org\",\"@graph\":[{\"@type\":\"WebPage\",\"@id\":\"https:\/\/dutchhealthstore.com\/de\/product\/sandalwood-traditional-essential-oil\/\",\"url\":\"https:\/\/dutchhealthstore.com\/de\/product\/sandalwood-traditional-essential-oil\/\",\"name\":\"Sandalwood, Traditional Essential Oil - Living Libations\",\"isPartOf\":{\"@id\":\"https:\/\/dutchhealthstore.com\/de\/#website\"},\"primaryImageOfPage\":{\"@id\":\"https:\/\/dutchhealthstore.com\/de\/product\/sandalwood-traditional-essential-oil\/#primaryimage\"},\"image\":{\"@id\":\"https:\/\/dutchhealthstore.com\/de\/product\/sandalwood-traditional-essential-oil\/#primaryimage\"},\"thumbnailUrl\":\"https:\/\/dutchhealthstore.com\/wp-content\/uploads\/2024\/04\/living-libations-sandalwood-traditional.jpg\",\"datePublished\":\"2024-04-26T08:11:09+00:00\",\"dateModified\":\"2024-11-19T08:19:47+00:00\",\"description\":\"Schlie\u00dflich sind wir in der Lage, traditionelles Sandelholz, Santalum album, aus Mysore, Indien, dem Geburtsort seines morphogenetischen Feldes, anzubieten.\",\"breadcrumb\":{\"@id\":\"https:\/\/dutchhealthstore.com\/de\/product\/sandalwood-traditional-essential-oil\/#breadcrumb\"},\"inLanguage\":\"de\",\"potentialAction\":[{\"@type\":\"ReadAction\",\"target\":[\"https:\/\/dutchhealthstore.com\/de\/product\/sandalwood-traditional-essential-oil\/\"]}]},{\"@type\":\"ImageObject\",\"inLanguage\":\"de\",\"@id\":\"https:\/\/dutchhealthstore.com\/de\/product\/sandalwood-traditional-essential-oil\/#primaryimage\",\"url\":\"https:\/\/dutchhealthstore.com\/wp-content\/uploads\/2024\/04\/living-libations-sandalwood-traditional.jpg\",\"contentUrl\":\"https:\/\/dutchhealthstore.com\/wp-content\/uploads\/2024\/04\/living-libations-sandalwood-traditional.jpg\",\"width\":526,\"height\":526,\"caption\":\"living-libations-sandalwood-traditional\"},{\"@type\":\"BreadcrumbList\",\"@id\":\"https:\/\/dutchhealthstore.com\/de\/product\/sandalwood-traditional-essential-oil\/#breadcrumb\",\"itemListElement\":[{\"@type\":\"ListItem\",\"position\":1,\"name\":\"Home\",\"item\":\"https:\/\/dutchhealthstore.com\/de\/\"},{\"@type\":\"ListItem\",\"position\":2,\"name\":\"Shop\",\"item\":\"https:\/\/dutchhealthstore.com\/de\/shop-2\/\"},{\"@type\":\"ListItem\",\"position\":3,\"name\":\"Sandalwood, Traditional Essential Oil\"}]},{\"@type\":\"WebSite\",\"@id\":\"https:\/\/dutchhealthstore.com\/de\/#website\",\"url\":\"https:\/\/dutchhealthstore.com\/de\/\",\"name\":\"Dutch Health Store\",\"description\":\"Enhance Your Beauty with Organic &amp; Natural Skincare\",\"publisher\":{\"@id\":\"https:\/\/dutchhealthstore.com\/de\/#organization\"},\"potentialAction\":[{\"@type\":\"SearchAction\",\"target\":{\"@type\":\"EntryPoint\",\"urlTemplate\":\"https:\/\/dutchhealthstore.com\/de\/?s={search_term_string}\"},\"query-input\":{\"@type\":\"PropertyValueSpecification\",\"valueRequired\":true,\"valueName\":\"search_term_string\"}}],\"inLanguage\":\"de\"},{\"@type\":\"Organization\",\"@id\":\"https:\/\/dutchhealthstore.com\/de\/#organization\",\"name\":\"Dutch Health Store\",\"url\":\"https:\/\/dutchhealthstore.com\/de\/\",\"logo\":{\"@type\":\"ImageObject\",\"inLanguage\":\"de\",\"@id\":\"https:\/\/dutchhealthstore.com\/de\/#\/schema\/logo\/image\/\",\"url\":\"https:\/\/dutchhealthstore.com\/wp-content\/uploads\/2020\/08\/logo-dutchhealthstore-jpg-e1599484957574.jpg\",\"contentUrl\":\"https:\/\/dutchhealthstore.com\/wp-content\/uploads\/2020\/08\/logo-dutchhealthstore-jpg-e1599484957574.jpg\",\"width\":400,\"height\":62,\"caption\":\"Dutch Health Store\"},\"image\":{\"@id\":\"https:\/\/dutchhealthstore.com\/de\/#\/schema\/logo\/image\/\"},\"sameAs\":[\"https:\/\/www.instagram.com\/dutchhealthstore\/\",\"https:\/\/www.facebook.com\/dutchhealthstore\"]}]}<\/script>\n<meta property=\"product:brand\" content=\"Living Libations\" \/>\n<meta property=\"product:price:amount\" content=\"108.00\" \/>\n<meta property=\"product:price:currency\" content=\"EUR\" \/>\n<meta property=\"og:availability\" content=\"instock\" \/>\n<meta property=\"product:availability\" content=\"instock\" \/>\n<meta property=\"product:condition\" content=\"new\" \/>\n<!-- \/ Yoast SEO Premium plugin. -->","yoast_head_json":{"title":"Sandalwood, Traditional Essential Oil - Living Libations","description":"Schlie\u00dflich sind wir in der Lage, traditionelles Sandelholz, Santalum album, aus Mysore, Indien, dem Geburtsort seines morphogenetischen Feldes, anzubieten.","robots":{"index":"index","follow":"follow","max-snippet":"max-snippet:-1","max-image-preview":"max-image-preview:large","max-video-preview":"max-video-preview:-1"},"canonical":"https:\/\/dutchhealthstore.com\/de\/product\/sandalwood-traditional-essential-oil\/","og_locale":"de_DE","og_type":"article","og_title":"Sandalwood, Traditional Essential Oil - Dutch Health Store","og_description":"Schlie\u00dflich sind wir in der Lage, traditionelles Sandelholz, Santalum album, aus Mysore, Indien, dem Geburtsort seines morphogenetischen Feldes, anzubieten.","og_url":"https:\/\/dutchhealthstore.com\/de\/product\/sandalwood-traditional-essential-oil\/","og_site_name":"Dutch Health Store","article_publisher":"https:\/\/www.instagram.com\/dutchhealthstore\/","article_modified_time":"2024-11-19T08:19:47+00:00","og_image":[{"width":526,"height":526,"url":"https:\/\/dutchhealthstore.com\/wp-content\/uploads\/2024\/04\/living-libations-sandalwood-traditional.jpg","type":"image\/jpeg"}],"twitter_card":"summary_large_image","twitter_misc":{"Preis":"&euro;108,00","Verf\u00fcgbarkeit":"Auf Lager"},"schema":{"@context":"https:\/\/schema.org","@graph":[{"@type":"WebPage","@id":"https:\/\/dutchhealthstore.com\/de\/product\/sandalwood-traditional-essential-oil\/","url":"https:\/\/dutchhealthstore.com\/de\/product\/sandalwood-traditional-essential-oil\/","name":"Sandalwood, Traditional Essential Oil - Living Libations","isPartOf":{"@id":"https:\/\/dutchhealthstore.com\/de\/#website"},"primaryImageOfPage":{"@id":"https:\/\/dutchhealthstore.com\/de\/product\/sandalwood-traditional-essential-oil\/#primaryimage"},"image":{"@id":"https:\/\/dutchhealthstore.com\/de\/product\/sandalwood-traditional-essential-oil\/#primaryimage"},"thumbnailUrl":"https:\/\/dutchhealthstore.com\/wp-content\/uploads\/2024\/04\/living-libations-sandalwood-traditional.jpg","datePublished":"2024-04-26T08:11:09+00:00","dateModified":"2024-11-19T08:19:47+00:00","description":"Schlie\u00dflich sind wir in der Lage, traditionelles Sandelholz, Santalum album, aus Mysore, Indien, dem Geburtsort seines morphogenetischen Feldes, anzubieten.","breadcrumb":{"@id":"https:\/\/dutchhealthstore.com\/de\/product\/sandalwood-traditional-essential-oil\/#breadcrumb"},"inLanguage":"de","potentialAction":[{"@type":"ReadAction","target":["https:\/\/dutchhealthstore.com\/de\/product\/sandalwood-traditional-essential-oil\/"]}]},{"@type":"ImageObject","inLanguage":"de","@id":"https:\/\/dutchhealthstore.com\/de\/product\/sandalwood-traditional-essential-oil\/#primaryimage","url":"https:\/\/dutchhealthstore.com\/wp-content\/uploads\/2024\/04\/living-libations-sandalwood-traditional.jpg","contentUrl":"https:\/\/dutchhealthstore.com\/wp-content\/uploads\/2024\/04\/living-libations-sandalwood-traditional.jpg","width":526,"height":526,"caption":"living-libations-sandalwood-traditional"},{"@type":"BreadcrumbList","@id":"https:\/\/dutchhealthstore.com\/de\/product\/sandalwood-traditional-essential-oil\/#breadcrumb","itemListElement":[{"@type":"ListItem","position":1,"name":"Home","item":"https:\/\/dutchhealthstore.com\/de\/"},{"@type":"ListItem","position":2,"name":"Shop","item":"https:\/\/dutchhealthstore.com\/de\/shop-2\/"},{"@type":"ListItem","position":3,"name":"Sandalwood, Traditional Essential Oil"}]},{"@type":"WebSite","@id":"https:\/\/dutchhealthstore.com\/de\/#website","url":"https:\/\/dutchhealthstore.com\/de\/","name":"Dutch Health Store","description":"Enhance Your Beauty with Organic &amp; Natural Skincare","publisher":{"@id":"https:\/\/dutchhealthstore.com\/de\/#organization"},"potentialAction":[{"@type":"SearchAction","target":{"@type":"EntryPoint","urlTemplate":"https:\/\/dutchhealthstore.com\/de\/?s={search_term_string}"},"query-input":{"@type":"PropertyValueSpecification","valueRequired":true,"valueName":"search_term_string"}}],"inLanguage":"de"},{"@type":"Organization","@id":"https:\/\/dutchhealthstore.com\/de\/#organization","name":"Dutch Health Store","url":"https:\/\/dutchhealthstore.com\/de\/","logo":{"@type":"ImageObject","inLanguage":"de","@id":"https:\/\/dutchhealthstore.com\/de\/#\/schema\/logo\/image\/","url":"https:\/\/dutchhealthstore.com\/wp-content\/uploads\/2020\/08\/logo-dutchhealthstore-jpg-e1599484957574.jpg","contentUrl":"https:\/\/dutchhealthstore.com\/wp-content\/uploads\/2020\/08\/logo-dutchhealthstore-jpg-e1599484957574.jpg","width":400,"height":62,"caption":"Dutch Health Store"},"image":{"@id":"https:\/\/dutchhealthstore.com\/de\/#\/schema\/logo\/image\/"},"sameAs":["https:\/\/www.instagram.com\/dutchhealthstore\/","https:\/\/www.facebook.com\/dutchhealthstore"]}]},"product_brand":"Living Libations","product_price_amount":"108.00","product_price_currency":"EUR","og_availability":"instock","product_availability":"instock","product_condition":"new"},"_links":{"self":[{"href":"https:\/\/dutchhealthstore.com\/de\/wp-json\/wp\/v2\/product\/283885","targetHints":{"allow":["GET"]}}],"collection":[{"href":"https:\/\/dutchhealthstore.com\/de\/wp-json\/wp\/v2\/product"}],"about":[{"href":"https:\/\/dutchhealthstore.com\/de\/wp-json\/wp\/v2\/types\/product"}],"replies":[{"embeddable":true,"href":"https:\/\/dutchhealthstore.com\/de\/wp-json\/wp\/v2\/comments?post=283885"}],"wp:featuredmedia":[{"embeddable":true,"href":"https:\/\/dutchhealthstore.com\/de\/wp-json\/wp\/v2\/media\/282049"}],"wp:attachment":[{"href":"https:\/\/dutchhealthstore.com\/de\/wp-json\/wp\/v2\/media?parent=283885"}],"wp:term":[{"taxonomy":"product_brand","embeddable":true,"href":"https:\/\/dutchhealthstore.com\/de\/wp-json\/wp\/v2\/product_brand?post=283885"},{"taxonomy":"product_cat","embeddable":true,"href":"https:\/\/dutchhealthstore.com\/de\/wp-json\/wp\/v2\/product_cat?post=283885"},{"taxonomy":"product_tag","embeddable":true,"href":"https:\/\/dutchhealthstore.com\/de\/wp-json\/wp\/v2\/product_tag?post=283885"}],"curies":[{"name":"wp","href":"https:\/\/api.w.org\/{rel}","templated":true}]}}