{"id":279097,"date":"2024-03-22T08:25:33","date_gmt":"2024-03-22T07:25:33","guid":{"rendered":"https:\/\/dutchhealthstore.com\/product\/superserum-hydrating-mist\/"},"modified":"2024-05-10T09:17:45","modified_gmt":"2024-05-10T09:17:45","slug":"superserum-hydrating-mist","status":"publish","type":"product","link":"https:\/\/dutchhealthstore.com\/de\/product\/superserum-hydrating-mist\/","title":{"rendered":"SuperSerum Hydrating Mist"},"content":{"rendered":"<ul>\n<li>Reichhaltige, strahlende Hydratation<\/li>\n<li>Schnell absorbierend<\/li>\n<li>Ausgewogenheit, Schutz und Verbesserung des Hautbildes<\/li>\n<li>Aufhellung<\/li>\n<\/ul>\n<p>GlowPlex\u2122 mit Niacinamid und nat\u00fcrlichen Peptiden wie Quinoa-Samen-Extrakt und Erbsenextrakt sorgt f\u00fcr einen strahlenden, straffen und hellen Teint. Die Superfrucht Kakadupflaume hilft, die Haut zu straffen und das Erscheinungsbild von feinen Linien und F\u00e4ltchen zu mildern. Zus\u00e4tzlich stabilisieren mineralhaltiges Meerwasser, wildwachsendes Buriti-\u00d6l und die exklusive RMS Adaptogenic Kr\u00e4utermischung das Gleichgewicht der Haut und spenden nachhaltig Feuchtigkeit.<\/p>\n<p><strong>Gr\u00f6\u00dfe: 30 ml <\/strong><\/p>\n<h3><strong>Wie benutzt man <\/strong><\/h3>\n<p>Bi-Phase vor Gebrauch gut sch\u00fctteln, um sie zu vermischen. Morgens oder abends nach der Reinigung auftragen und bei geschlossenen Augen direkt auf Gesicht und Hals spr\u00fchen oder in die Handfl\u00e4chen spr\u00fchen und sanft einklopfen, damit es einzieht. Anschlie\u00dfend die RMS Kakadu Luxe Cream und das Kakadu Beauty Oil auftragen. Es l\u00e4sst sich auch wunderbar \u00fcber dem Make-up auftragen, um die Haut zu erfrischen und ihr den ganzen Tag \u00fcber ein taufrisches, strahlendes Aussehen zu verleihen.<\/p>\n<h3><strong>Dieses SuperSerum Hydrating Mist ist  <\/strong><\/h3>\n<p>Die mit KIND TO BIOME\u00ae gekennzeichneten Produkte sind wissenschaftlich fundierte Produkte, die die Gesundheit des Mikrobioms der Haut ber\u00fccksichtigen. Sie erf\u00fcllen hohe Anforderungen an die wissenschaftliche Bewertung der Auswirkungen auf das Hautmikrobiom. Das KIND TO BIOME\u00ae-Zeichen kennzeichnet Produkte, die das Hautmikrobiom schonen und die wichtigsten heute verf\u00fcgbaren hautmikrobiombezogenen Aussagen unterst\u00fctzen, n\u00e4mlich<\/p>\n<p>&#8211; Hautmikrobiom-freundlich<\/p>\n<p>&#8211; Hautmikrobiom-schonend<\/p>\n<p>&#8211; Freundlich zu Biome<\/p>\n<p>&#8211; Neutral f\u00fcr das Mikrobiom der Haut<\/p>\n<p>&#8211; Erh\u00e4lt ein gesundes Hautmikrobiom<\/p>\n<p>&#8211; St\u00f6rt das Mikrobiom der Haut nicht<\/p>\n<p>&#8211; Beeintr\u00e4chtigt das Mikrobiom der Haut nicht<\/p>\n<h2><strong>Nat\u00fcrliche \/ \u00d3rganische Inhaltsstoffe<\/strong><\/h2>\n<p>Wasser\/Aqua\/Eau, Dodekan, Coco-Caprylate\/Caprate, Crambe Abyssinica Seed Oil, Glycerin, Pentylene Glycol, **Mauritia Flexuosa (Buriti) Fruit Oil, *Simmondsia Chinensis (Jojoba) Seed Oil, Octyldodecanol, Niacinamide, Tocopherol (non-GMO), Ribes Nigrum (Black Currant) Seed Oil, Hydroxyacetophenon, Xanthan Gum, Sodium Phytate, Pisum Sativum (Pea) Extract, Helianthus Annuus (Sunflower) Seed Oil, *Calendula Officinalis (Marigold) Flower Extract, Sea Water\/Maris Aqua\/Eau de mer, Helianthus Annuus (Sunflower) Seed Oil Unsaponifiables, *Hypericum Perforatum (St. John&#8217;s Wort) Flower Extract Johanniskraut) Flower Extract, *Equisetum Arvense (Schachtelhalm) Leaf Extract, Lactic Acid, *Hemidesmus Indicus (Country Sarsaparilla) Root Powder, *Curcuma Longa (Turmeric) Root Extract, *Withania Somnifera (Ashwagandha) Root Extract, *Glycyrrhiza Glabra (Licorice) Root Extract, *Olea Europaea (Olive) Leaf Extract, Benzyl Alcohol, Chenopodium Quinoa Seed Extract, Cardiospermum Halicacabum Flower\/Leaf\/Vine Extract, Potassium Sorbate, Sodium Benzoate, Sodium Chloride, Magnesium Chloride, Rosmarinus Officinalis (Rosemary) Leaf Extract, Terminalia Ferdinandiana (Kakadu Plum) Seed Oil, Zitronens\u00e4ure, Citrus Aurantium Bergamia (Bergamotte) Peel Oil, Citrus Aurantium Dulcis (Orange) Peel Oil, Lavandula Angustifolia (Lavendel) Oil, Juniperus Virginiana (Zedernholz) Oil, Pelargonium Graveolens (Geranium) Flower Oil, Copaifera Officinalis (Balsam Copaiba) Resin, Artemisia Vulgaris (Beifu\u00df) Oil, Myrtus Communis (Myrtle) Oil, Rosa Damascena (Rose) Flower Oil, Ferula Galbaniflua (Galbanum) Resin Oil, Limonene, Linalool, Geraniol.<\/p>\n<p>*Organisch **Handwerklich hergestellt<\/p>\n\n\t\t<div class=\"tabbed-content\">\n\t\t\t<h4 class=\"uppercase text-left\">Rose-Marie's Geschichte<\/h4>\n\t\t\t<ul class=\"nav nav-tabs nav-vertical nav-uppercase nav-size-normal nav-left\" role=\"tablist\"><li id=\"tab-rose-marie's-story\" class=\"tab active has-icon\" role=\"presentation\"><a href=\"#tab_rose-marie's-story\" role=\"tab\" aria-selected=\"true\" aria-controls=\"tab_rose-marie's-story\"><span>Rose-Marie's Story<\/span><\/a><\/li>\n<li id=\"tab-unsere-zutaten\" class=\"tab has-icon\" role=\"presentation\"><a href=\"#tab_unsere-zutaten\" tabindex=\"-1\" role=\"tab\" aria-selected=\"false\" aria-controls=\"tab_unsere-zutaten\"><span>Unsere Zutaten<\/span><\/a><\/li>\n<li id=\"tab-unsere-philosophie\" class=\"tab has-icon\" role=\"presentation\"><a href=\"#tab_unsere-philosophie\" tabindex=\"-1\" role=\"tab\" aria-selected=\"false\" aria-controls=\"tab_unsere-philosophie\"><span>Unsere Philosophie<\/span><\/a><\/li><\/ul><div class=\"tab-panels\"><div id=\"tab_rose-marie's-story\" class=\"panel active entry-content\" role=\"tabpanel\" aria-labelledby=\"tab-rose-marie's-story\">\n\n<div class=\"row align-middle\"  id=\"row-1776106136\">\n\n\n\t<div id=\"col-1609768750\" class=\"col medium-4 small-12 large-4\"  >\n\t\t\t\t<div class=\"col-inner\"  >\n\t\t\t\n\t\t\t\n\n\t<div class=\"img has-hover x md-x lg-x y md-y lg-y\" id=\"image_337812219\">\n\t\t\t\t\t\t\t\t<div class=\"img-inner image-cover dark\" style=\"padding-top:73%;\">\n\t\t\t<img fetchpriority=\"high\" decoding=\"async\" width=\"515\" height=\"515\" src=\"https:\/\/dutchhealthstore.com\/wp-content\/uploads\/2020\/09\/rose-marie-makeup-artist_900x.jpg\" class=\"attachment-large size-large\" alt=\"RMS Beauty products\" srcset=\"https:\/\/dutchhealthstore.com\/wp-content\/uploads\/2020\/09\/rose-marie-makeup-artist_900x.jpg 515w, https:\/\/dutchhealthstore.com\/wp-content\/uploads\/2020\/09\/rose-marie-makeup-artist_900x-100x100.jpg 100w, https:\/\/dutchhealthstore.com\/wp-content\/uploads\/2020\/09\/rose-marie-makeup-artist_900x-510x510.jpg 510w, https:\/\/dutchhealthstore.com\/wp-content\/uploads\/2020\/09\/rose-marie-makeup-artist_900x-400x400.jpg 400w, https:\/\/dutchhealthstore.com\/wp-content\/uploads\/2020\/09\/rose-marie-makeup-artist_900x-280x280.jpg 280w, https:\/\/dutchhealthstore.com\/wp-content\/uploads\/2020\/09\/rose-marie-makeup-artist_900x-150x150.jpg 150w, https:\/\/dutchhealthstore.com\/wp-content\/uploads\/2020\/09\/rose-marie-makeup-artist_900x-32x32.jpg 32w\" sizes=\"(max-width: 515px) 100vw, 515px\" \/>\t\t\t\t\t\t\n\t\t\t\t\t<\/div>\n\t\t\t\t\t\t\t\t\n<style>\n#image_337812219 {\n  width: 100%;\n}\n<\/style>\n\t<\/div>\n\t\n\n\n\t\t<\/div>\n\t\t\t\t\t<\/div>\n\n\t\n\n\t<div id=\"col-1005221866\" class=\"col medium-8 small-12 large-8\"  >\n\t\t\t\t<div class=\"col-inner\"  >\n\t\t\t\n\t\t\t\n\n<h3><span style=\"color: #333333;\">Rose-Marie's Geschichte<\/span><\/h3>\n<p>Rose-Marie hatte vor ein paar Jahren ernsthafte gesundheitliche Probleme. W\u00e4hrend ihrer Genesung und ausf\u00fchrlichen Untersuchungen stellte sie fest, dass einige der gef\u00e4hrlichen Chemikalien und Schwermetalle in ihrem K\u00f6rper auch in den modernen Kosmetikprodukten enthalten sind, die wir t\u00e4glich verwenden. Rose-Marie gr\u00fcndete die erste rein biologische Farbkosmetikmarke, RMS Beauty, nachdem sie ihre eigene Gesundheit wiedererlangt hatte und erkannte, dass sie andere Frauen dabei unterst\u00fctzen wollte, ihr Recht auf gesunde, reine Sch\u00f6nheit einzufordern. Die weltweiten Verk\u00e4ufe nehmen jetzt zu.<br><a href=\"\/?p=133524\">.<\/a><\/p>\n<p><a href=\"\/?p=133524\"> <strong><span style=\"color: #00aae7;\"><span style=\"color: #333333;\">Weiterlesen<\/span><\/span><\/strong><\/a><\/p>\n\n\t\t<\/div>\n\t\t\t\t\n<style>\n#col-1005221866 > .col-inner {\n  padding: 6px 0px 0px 0px;\n}\n<\/style>\n\t<\/div>\n\n\t\n\n<\/div>\n\n<\/div>\n<div id=\"tab_unsere-zutaten\" class=\"panel entry-content\" role=\"tabpanel\" aria-labelledby=\"tab-unsere-zutaten\">\n\n<div class=\"row\"  id=\"row-1778942072\">\n\n\n\t<div id=\"col-980767813\" class=\"col medium-4 small-12 large-4\"  >\n\t\t\t\t<div class=\"col-inner\"  >\n\t\t\t\n\t\t\t\n\n\t<div class=\"img has-hover x md-x lg-x y md-y lg-y\" id=\"image_69606711\">\n\t\t\t\t\t\t\t\t<div class=\"img-inner image-cover dark\" style=\"padding-top:71%;\">\n\t\t\t<img decoding=\"async\" width=\"488\" height=\"450\" src=\"https:\/\/dutchhealthstore.com\/wp-content\/uploads\/2020\/09\/RMS-Beauty-Ethereal-Lip-Cheek-Set2.jpg\" class=\"attachment-large size-large\" alt=\"RMS Beauty - Ethereal Lip &amp; Cheek Set2\" srcset=\"https:\/\/dutchhealthstore.com\/wp-content\/uploads\/2020\/09\/RMS-Beauty-Ethereal-Lip-Cheek-Set2.jpg 488w, https:\/\/dutchhealthstore.com\/wp-content\/uploads\/2020\/09\/RMS-Beauty-Ethereal-Lip-Cheek-Set2-434x400.jpg 434w\" sizes=\"(max-width: 488px) 100vw, 488px\" \/>\t\t\t\t\t\t\n\t\t\t\t\t<\/div>\n\t\t\t\t\t\t\t\t\n<style>\n#image_69606711 {\n  width: 100%;\n}\n<\/style>\n\t<\/div>\n\t\n\n\n\t\t<\/div>\n\t\t\t\t\t<\/div>\n\n\t\n\n\t<div id=\"col-558999169\" class=\"col medium-8 small-12 large-8\"  >\n\t\t\t\t<div class=\"col-inner\"  >\n\t\t\t\n\t\t\t\n\n<h3><span style=\"color: #333333;\">Unsere Zutaten<\/span><\/h3>\n<p>RMS Beauty ist eine unverwechselbare Kosmetikkollektion, die aus Komponenten besteht, die Ihre pers\u00f6nliche Haut erg\u00e4nzen. Das Ergebnis ist ein perfektes, leichtes Make-up, das sich anf\u00fchlt und aussieht wie eine nat\u00fcrliche, junge zweite Haut.<\/p>\n<p><a href=\"\/?p=133671\"><span style=\"color: #333333;\"><strong>Weiterlesen<\/strong><\/span><\/a><\/p>\n\n\t\t<\/div>\n\t\t\t\t\t<\/div>\n\n\t\n\n\n<style>\n#row-1778942072 > .col > .col-inner {\n  padding: 19px 0px 0px 0px;\n}\n<\/style>\n<\/div>\n\n<\/div>\n<div id=\"tab_unsere-philosophie\" class=\"panel entry-content\" role=\"tabpanel\" aria-labelledby=\"tab-unsere-philosophie\">\n\n<div class=\"row\"  id=\"row-411261504\">\n\n\n\t<div id=\"col-49349873\" class=\"col medium-4 small-12 large-4\"  >\n\t\t\t\t<div class=\"col-inner\"  >\n\t\t\t\n\t\t\t\n\n\t<div class=\"img has-hover x md-x lg-x y md-y lg-y\" id=\"image_1549464096\">\n\t\t\t\t\t\t\t\t<div class=\"img-inner image-cover dark\" style=\"padding-top:61%;\">\n\t\t\t<img decoding=\"async\" width=\"800\" height=\"800\" src=\"https:\/\/dutchhealthstore.com\/wp-content\/uploads\/2020\/09\/176d0aab71fae871d084fa7d71613b8f-800x800.jpg\" class=\"attachment-large size-large\" alt=\"RMS Beauty products\" srcset=\"https:\/\/dutchhealthstore.com\/wp-content\/uploads\/2020\/09\/176d0aab71fae871d084fa7d71613b8f-800x800.jpg 800w, https:\/\/dutchhealthstore.com\/wp-content\/uploads\/2020\/09\/176d0aab71fae871d084fa7d71613b8f-100x100.jpg 100w, https:\/\/dutchhealthstore.com\/wp-content\/uploads\/2020\/09\/176d0aab71fae871d084fa7d71613b8f-510x510.jpg 510w, https:\/\/dutchhealthstore.com\/wp-content\/uploads\/2020\/09\/176d0aab71fae871d084fa7d71613b8f-400x400.jpg 400w, https:\/\/dutchhealthstore.com\/wp-content\/uploads\/2020\/09\/176d0aab71fae871d084fa7d71613b8f-280x280.jpg 280w, https:\/\/dutchhealthstore.com\/wp-content\/uploads\/2020\/09\/176d0aab71fae871d084fa7d71613b8f-768x768.jpg 768w, https:\/\/dutchhealthstore.com\/wp-content\/uploads\/2020\/09\/176d0aab71fae871d084fa7d71613b8f-150x150.jpg 150w, https:\/\/dutchhealthstore.com\/wp-content\/uploads\/2020\/09\/176d0aab71fae871d084fa7d71613b8f-32x32.jpg 32w, https:\/\/dutchhealthstore.com\/wp-content\/uploads\/2020\/09\/176d0aab71fae871d084fa7d71613b8f.jpg 1080w\" sizes=\"(max-width: 800px) 100vw, 800px\" \/>\t\t\t\t\t\t\n\t\t\t\t\t<\/div>\n\t\t\t\t\t\t\t\t\n<style>\n#image_1549464096 {\n  width: 100%;\n}\n<\/style>\n\t<\/div>\n\t\n\n\n\t\t<\/div>\n\t\t\t\t\t<\/div>\n\n\t\n\n\t<div id=\"col-1361368362\" class=\"col medium-8 small-12 large-8\"  >\n\t\t\t\t<div class=\"col-inner\"  >\n\t\t\t\n\t\t\t\n\n<h3><span style=\"color: #333333;\">Unsere Philosophie<\/span><\/h3>\n<p>Damit RMS Beauty die Art und Weise, wie Frauen ihre Kosmetika auftragen, ver\u00e4ndern kann, braucht es mehr als nur die Verwendung von biologischen Inhaltsstoffen. Eigentlich ist das nur der erste Schritt zur Entwicklung eines Produkts, das die Haut nicht nur nicht sch\u00e4digt, sondern sie auch pflegt und heilt.<\/p>\n<p><a href=\"\/?product_cat=rms-beauty-du\"><strong><span style=\"color: #333333;\">Weiterlesen<\/span><\/strong><\/a><\/p>\n\n\t\t<\/div>\n\t\t\t\t\t<\/div>\n\n\t\n\n\n<style>\n#row-411261504 > .col > .col-inner {\n  padding: 19px 0px 0px 0px;\n}\n<\/style>\n<\/div>\n\n<\/div><\/div><\/div>\n","protected":false},"excerpt":{"rendered":"<p>Dieses opulente und hochmoderne Zwei-Phasen-Serumnebel verleiht der Haut sofortige Pflege und ein strahlendes Ergebnis.<\/p>\n","protected":false},"featured_media":304033,"comment_status":"open","ping_status":"closed","template":"","meta":[],"product_brand":[],"product_cat":[5064,1227,5669,5061,9170,14735,1032,1210,5062,5636,5101,511,9087,5667,5668,4663,5670,5671,5063,5634],"product_tag":[6317,9604,6797],"class_list":{"0":"post-279097","1":"product","2":"type-product","3":"status-publish","4":"has-post-thumbnail","6":"product_cat-sensitive-skin-redness-de-5","7":"product_cat-sensitive-skin-redness-de","8":"product_cat-oily-skin-clogged-pores-de","9":"product_cat-oily-skin-clogged-pores-de-5","10":"product_cat-skin-beauty-de-2","11":"product_cat-hautpflege","12":"product_cat-kategorien","13":"product_cat-marken","14":"product_cat-normal-or-combination-skin-de-6","15":"product_cat-normal-or-combination-skin-de-2","16":"product_cat-by-skin-type-de-4","17":"product_cat-produkte","18":"product_cat-rms-beauty-du","19":"product_cat-toners-de-4","20":"product_cat-toners-de-5","21":"product_cat-toners-de-3","22":"product_cat-toners-de-6","23":"product_cat-toners-de-2","24":"product_cat-dry-mature-ageing-skin-de-6","25":"product_cat-dry-mature-ageing-skin-de-2","26":"product_tag-glow-de","27":"product_tag-hydrating-de","28":"product_tag-spray-de","29":"pa_brand-rms-beauty-de","30":"pa_gtin-816248022113-de","31":"pa_size-10-ml-de","32":"pa_size-30-ml-de","33":"pa_skincare-type-moisturizers-de","35":"first","36":"instock","37":"taxable","38":"shipping-taxable","39":"purchasable","40":"product-type-variable"},"bundled_by":[],"bundle_stock_status":"instock","bundle_stock_quantity":3,"bundle_virtual":false,"bundle_layout":"","bundle_add_to_cart_form_location":"","bundle_editable_in_cart":false,"bundle_sold_individually_context":"","bundle_item_grouping":"","bundle_min_size":"","bundle_max_size":"","bundle_price":[],"bundled_items":[],"bundle_sell_ids":[],"atum_controlled":true,"out_stock_date":null,"out_stock_threshold":null,"inheritable":true,"stock_on_hold":0,"sold_today":0,"sales_last_days":0,"out_stock_days":0,"lost_sales":0,"update_date":"2026-04-28T00:13:59","atum_locations":[],"atum_stock_status":"instock","restock_status":false,"low_stock_amount":"","sales_update_date":"2026-04-28T00:13:57","calc_backorders":null,"group_of_quantity":0,"min_quantity":0,"max_quantity":"","exclude_order_quantity_value_rules":"no","exclude_category_quantity_rules":"no","combine_variations":"no","yoast_head":"<!-- This site is optimized with the Yoast SEO Premium plugin v26.5 (Yoast SEO v26.5) - https:\/\/yoast.com\/wordpress\/plugins\/seo\/ -->\n<title>SuperSerum Hydrating Mist - RMS Beauty<\/title>\n<meta name=\"description\" content=\"Dieses opulente und hochmoderne Zwei-Phasen-Serumnebel verleiht der Haut sofortige Pflege und ein strahlendes Ergebnis.\" \/>\n<meta name=\"robots\" content=\"index, follow, max-snippet:-1, max-image-preview:large, max-video-preview:-1\" \/>\n<link rel=\"canonical\" href=\"https:\/\/dutchhealthstore.com\/de\/product\/superserum-hydrating-mist\/\" \/>\n<meta property=\"og:locale\" content=\"de_DE\" \/>\n<meta property=\"og:type\" content=\"article\" \/>\n<meta property=\"og:title\" content=\"SuperSerum Hydrating Mist - Dutch Health Store\" \/>\n<meta property=\"og:description\" content=\"Dieses opulente und hochmoderne Zwei-Phasen-Serumnebel verleiht der Haut sofortige Pflege und ein strahlendes Ergebnis.\" \/>\n<meta property=\"og:url\" content=\"https:\/\/dutchhealthstore.com\/de\/product\/superserum-hydrating-mist\/\" \/>\n<meta property=\"og:site_name\" content=\"Dutch Health Store\" \/>\n<meta property=\"article:publisher\" content=\"https:\/\/www.instagram.com\/dutchhealthstore\/\" \/>\n<meta property=\"article:modified_time\" content=\"2024-05-10T09:17:45+00:00\" \/>\n<meta property=\"og:image\" content=\"https:\/\/dutchhealthstore.com\/wp-content\/uploads\/2024\/03\/rms-superserum-hydrating-mist.jpg\" \/>\n\t<meta property=\"og:image:width\" content=\"526\" \/>\n\t<meta property=\"og:image:height\" content=\"526\" \/>\n\t<meta property=\"og:image:type\" content=\"image\/jpeg\" \/>\n<meta name=\"twitter:card\" content=\"summary_large_image\" \/>\n<meta name=\"twitter:label1\" content=\"Verf\u00fcgbarkeit\" \/>\n\t<meta name=\"twitter:data1\" content=\"Auf Lager\" \/>\n<script type=\"application\/ld+json\" class=\"yoast-schema-graph\">{\"@context\":\"https:\/\/schema.org\",\"@graph\":[{\"@type\":\"WebPage\",\"@id\":\"https:\/\/dutchhealthstore.com\/de\/product\/superserum-hydrating-mist\/\",\"url\":\"https:\/\/dutchhealthstore.com\/de\/product\/superserum-hydrating-mist\/\",\"name\":\"SuperSerum Hydrating Mist - RMS Beauty\",\"isPartOf\":{\"@id\":\"https:\/\/dutchhealthstore.com\/de\/#website\"},\"primaryImageOfPage\":{\"@id\":\"https:\/\/dutchhealthstore.com\/de\/product\/superserum-hydrating-mist\/#primaryimage\"},\"image\":{\"@id\":\"https:\/\/dutchhealthstore.com\/de\/product\/superserum-hydrating-mist\/#primaryimage\"},\"thumbnailUrl\":\"https:\/\/dutchhealthstore.com\/wp-content\/uploads\/2024\/03\/superserum.jpg\",\"datePublished\":\"2024-03-22T07:25:33+00:00\",\"dateModified\":\"2024-05-10T09:17:45+00:00\",\"description\":\"Dieses opulente und hochmoderne Zwei-Phasen-Serumnebel verleiht der Haut sofortige Pflege und ein strahlendes Ergebnis.\",\"breadcrumb\":{\"@id\":\"https:\/\/dutchhealthstore.com\/de\/product\/superserum-hydrating-mist\/#breadcrumb\"},\"inLanguage\":\"de\",\"potentialAction\":[{\"@type\":\"ReadAction\",\"target\":[\"https:\/\/dutchhealthstore.com\/de\/product\/superserum-hydrating-mist\/\"]}]},{\"@type\":\"ImageObject\",\"inLanguage\":\"de\",\"@id\":\"https:\/\/dutchhealthstore.com\/de\/product\/superserum-hydrating-mist\/#primaryimage\",\"url\":\"https:\/\/dutchhealthstore.com\/wp-content\/uploads\/2024\/03\/superserum.jpg\",\"contentUrl\":\"https:\/\/dutchhealthstore.com\/wp-content\/uploads\/2024\/03\/superserum.jpg\",\"width\":530,\"height\":530},{\"@type\":\"BreadcrumbList\",\"@id\":\"https:\/\/dutchhealthstore.com\/de\/product\/superserum-hydrating-mist\/#breadcrumb\",\"itemListElement\":[{\"@type\":\"ListItem\",\"position\":1,\"name\":\"Home\",\"item\":\"https:\/\/dutchhealthstore.com\/de\/\"},{\"@type\":\"ListItem\",\"position\":2,\"name\":\"Shop\",\"item\":\"https:\/\/dutchhealthstore.com\/de\/shop-2\/\"},{\"@type\":\"ListItem\",\"position\":3,\"name\":\"SuperSerum Hydrating Mist\"}]},{\"@type\":\"WebSite\",\"@id\":\"https:\/\/dutchhealthstore.com\/de\/#website\",\"url\":\"https:\/\/dutchhealthstore.com\/de\/\",\"name\":\"Dutch Health Store\",\"description\":\"Enhance Your Beauty with Organic &amp; Natural Skincare\",\"publisher\":{\"@id\":\"https:\/\/dutchhealthstore.com\/de\/#organization\"},\"potentialAction\":[{\"@type\":\"SearchAction\",\"target\":{\"@type\":\"EntryPoint\",\"urlTemplate\":\"https:\/\/dutchhealthstore.com\/de\/?s={search_term_string}\"},\"query-input\":{\"@type\":\"PropertyValueSpecification\",\"valueRequired\":true,\"valueName\":\"search_term_string\"}}],\"inLanguage\":\"de\"},{\"@type\":\"Organization\",\"@id\":\"https:\/\/dutchhealthstore.com\/de\/#organization\",\"name\":\"Dutch Health Store\",\"url\":\"https:\/\/dutchhealthstore.com\/de\/\",\"logo\":{\"@type\":\"ImageObject\",\"inLanguage\":\"de\",\"@id\":\"https:\/\/dutchhealthstore.com\/de\/#\/schema\/logo\/image\/\",\"url\":\"https:\/\/dutchhealthstore.com\/wp-content\/uploads\/2020\/08\/logo-dutchhealthstore-jpg-e1599484957574.jpg\",\"contentUrl\":\"https:\/\/dutchhealthstore.com\/wp-content\/uploads\/2020\/08\/logo-dutchhealthstore-jpg-e1599484957574.jpg\",\"width\":400,\"height\":62,\"caption\":\"Dutch Health Store\"},\"image\":{\"@id\":\"https:\/\/dutchhealthstore.com\/de\/#\/schema\/logo\/image\/\"},\"sameAs\":[\"https:\/\/www.instagram.com\/dutchhealthstore\/\",\"https:\/\/www.facebook.com\/dutchhealthstore\"]}]}<\/script>\n<meta property=\"product:brand\" content=\"RMS Beauty\" \/>\n<meta property=\"og:availability\" content=\"instock\" \/>\n<meta property=\"product:availability\" content=\"instock\" \/>\n<meta property=\"product:condition\" content=\"new\" \/>\n<!-- \/ Yoast SEO Premium plugin. -->","yoast_head_json":{"title":"SuperSerum Hydrating Mist - RMS Beauty","description":"Dieses opulente und hochmoderne Zwei-Phasen-Serumnebel verleiht der Haut sofortige Pflege und ein strahlendes Ergebnis.","robots":{"index":"index","follow":"follow","max-snippet":"max-snippet:-1","max-image-preview":"max-image-preview:large","max-video-preview":"max-video-preview:-1"},"canonical":"https:\/\/dutchhealthstore.com\/de\/product\/superserum-hydrating-mist\/","og_locale":"de_DE","og_type":"article","og_title":"SuperSerum Hydrating Mist - Dutch Health Store","og_description":"Dieses opulente und hochmoderne Zwei-Phasen-Serumnebel verleiht der Haut sofortige Pflege und ein strahlendes Ergebnis.","og_url":"https:\/\/dutchhealthstore.com\/de\/product\/superserum-hydrating-mist\/","og_site_name":"Dutch Health Store","article_publisher":"https:\/\/www.instagram.com\/dutchhealthstore\/","article_modified_time":"2024-05-10T09:17:45+00:00","og_image":[{"width":526,"height":526,"url":"https:\/\/dutchhealthstore.com\/wp-content\/uploads\/2024\/03\/rms-superserum-hydrating-mist.jpg","type":"image\/jpeg"}],"twitter_card":"summary_large_image","twitter_misc":{"Verf\u00fcgbarkeit":"Auf Lager"},"schema":{"@context":"https:\/\/schema.org","@graph":[{"@type":"WebPage","@id":"https:\/\/dutchhealthstore.com\/de\/product\/superserum-hydrating-mist\/","url":"https:\/\/dutchhealthstore.com\/de\/product\/superserum-hydrating-mist\/","name":"SuperSerum Hydrating Mist - RMS Beauty","isPartOf":{"@id":"https:\/\/dutchhealthstore.com\/de\/#website"},"primaryImageOfPage":{"@id":"https:\/\/dutchhealthstore.com\/de\/product\/superserum-hydrating-mist\/#primaryimage"},"image":{"@id":"https:\/\/dutchhealthstore.com\/de\/product\/superserum-hydrating-mist\/#primaryimage"},"thumbnailUrl":"https:\/\/dutchhealthstore.com\/wp-content\/uploads\/2024\/03\/superserum.jpg","datePublished":"2024-03-22T07:25:33+00:00","dateModified":"2024-05-10T09:17:45+00:00","description":"Dieses opulente und hochmoderne Zwei-Phasen-Serumnebel verleiht der Haut sofortige Pflege und ein strahlendes Ergebnis.","breadcrumb":{"@id":"https:\/\/dutchhealthstore.com\/de\/product\/superserum-hydrating-mist\/#breadcrumb"},"inLanguage":"de","potentialAction":[{"@type":"ReadAction","target":["https:\/\/dutchhealthstore.com\/de\/product\/superserum-hydrating-mist\/"]}]},{"@type":"ImageObject","inLanguage":"de","@id":"https:\/\/dutchhealthstore.com\/de\/product\/superserum-hydrating-mist\/#primaryimage","url":"https:\/\/dutchhealthstore.com\/wp-content\/uploads\/2024\/03\/superserum.jpg","contentUrl":"https:\/\/dutchhealthstore.com\/wp-content\/uploads\/2024\/03\/superserum.jpg","width":530,"height":530},{"@type":"BreadcrumbList","@id":"https:\/\/dutchhealthstore.com\/de\/product\/superserum-hydrating-mist\/#breadcrumb","itemListElement":[{"@type":"ListItem","position":1,"name":"Home","item":"https:\/\/dutchhealthstore.com\/de\/"},{"@type":"ListItem","position":2,"name":"Shop","item":"https:\/\/dutchhealthstore.com\/de\/shop-2\/"},{"@type":"ListItem","position":3,"name":"SuperSerum Hydrating Mist"}]},{"@type":"WebSite","@id":"https:\/\/dutchhealthstore.com\/de\/#website","url":"https:\/\/dutchhealthstore.com\/de\/","name":"Dutch Health Store","description":"Enhance Your Beauty with Organic &amp; Natural Skincare","publisher":{"@id":"https:\/\/dutchhealthstore.com\/de\/#organization"},"potentialAction":[{"@type":"SearchAction","target":{"@type":"EntryPoint","urlTemplate":"https:\/\/dutchhealthstore.com\/de\/?s={search_term_string}"},"query-input":{"@type":"PropertyValueSpecification","valueRequired":true,"valueName":"search_term_string"}}],"inLanguage":"de"},{"@type":"Organization","@id":"https:\/\/dutchhealthstore.com\/de\/#organization","name":"Dutch Health Store","url":"https:\/\/dutchhealthstore.com\/de\/","logo":{"@type":"ImageObject","inLanguage":"de","@id":"https:\/\/dutchhealthstore.com\/de\/#\/schema\/logo\/image\/","url":"https:\/\/dutchhealthstore.com\/wp-content\/uploads\/2020\/08\/logo-dutchhealthstore-jpg-e1599484957574.jpg","contentUrl":"https:\/\/dutchhealthstore.com\/wp-content\/uploads\/2020\/08\/logo-dutchhealthstore-jpg-e1599484957574.jpg","width":400,"height":62,"caption":"Dutch Health Store"},"image":{"@id":"https:\/\/dutchhealthstore.com\/de\/#\/schema\/logo\/image\/"},"sameAs":["https:\/\/www.instagram.com\/dutchhealthstore\/","https:\/\/www.facebook.com\/dutchhealthstore"]}]},"product_brand":"RMS Beauty","og_availability":"instock","product_availability":"instock","product_condition":"new"},"_links":{"self":[{"href":"https:\/\/dutchhealthstore.com\/de\/wp-json\/wp\/v2\/product\/279097","targetHints":{"allow":["GET"]}}],"collection":[{"href":"https:\/\/dutchhealthstore.com\/de\/wp-json\/wp\/v2\/product"}],"about":[{"href":"https:\/\/dutchhealthstore.com\/de\/wp-json\/wp\/v2\/types\/product"}],"replies":[{"embeddable":true,"href":"https:\/\/dutchhealthstore.com\/de\/wp-json\/wp\/v2\/comments?post=279097"}],"wp:featuredmedia":[{"embeddable":true,"href":"https:\/\/dutchhealthstore.com\/de\/wp-json\/wp\/v2\/media\/304033"}],"wp:attachment":[{"href":"https:\/\/dutchhealthstore.com\/de\/wp-json\/wp\/v2\/media?parent=279097"}],"wp:term":[{"taxonomy":"product_brand","embeddable":true,"href":"https:\/\/dutchhealthstore.com\/de\/wp-json\/wp\/v2\/product_brand?post=279097"},{"taxonomy":"product_cat","embeddable":true,"href":"https:\/\/dutchhealthstore.com\/de\/wp-json\/wp\/v2\/product_cat?post=279097"},{"taxonomy":"product_tag","embeddable":true,"href":"https:\/\/dutchhealthstore.com\/de\/wp-json\/wp\/v2\/product_tag?post=279097"}],"curies":[{"name":"wp","href":"https:\/\/api.w.org\/{rel}","templated":true}]}}