{"id":276154,"date":"2024-02-23T14:48:40","date_gmt":"2024-02-23T13:48:40","guid":{"rendered":"https:\/\/dutchhealthstore.com\/product\/supernatural-radiance-tinted-serum-with-spf-30\/"},"modified":"2026-04-03T13:56:53","modified_gmt":"2026-04-03T11:56:53","slug":"supernatural-radiance-tinted-serum-with-spf-30","status":"publish","type":"product","link":"https:\/\/dutchhealthstore.com\/de\/product\/supernatural-radiance-tinted-serum-with-spf-30\/","title":{"rendered":"SuperNatural Radiance Tinted Serum with SPF 30"},"content":{"rendered":"<p>Es gleicht Ihren Hautton gekonnt aus, verst\u00e4rkt Ihre nat\u00fcrliche Ausstrahlung und minimiert Unvollkommenheiten, alles durch einen sanften, strahlenden Filter mit einem Hauch von Farbe. Der Zusatz von Nicht-Nano-Zinkoxid sorgt daf\u00fcr, dass Ihre Haut vor sch\u00e4dlicher Sonneneinstrahlung gesch\u00fctzt wird.<\/p>\n<p><strong>Warum es einzigartig ist<\/strong><\/p>\n<p>Unsere spezielle Formel wurde mit der Soft-Focus-Technologie verbessert, um Ihren Teint zu perfektionieren, und sie wird durch GlowPlexTM mit Energie versorgt. Diese innovative Mischung enth\u00e4lt Niacinamid und nat\u00fcrliche Peptide wie Quinoa-Samen-Extrakt und Erbsenextrakt und schafft eine leichte L\u00f6sung, die Ihre Haut nicht nur sofort gl\u00e4ttet, sondern auch ihre Leuchtkraft langfristig verbessert.<\/p>\n<h3><strong>Gr\u00f6\u00dfe: 30 ml \/ 1 fl. oz<\/strong><\/h3>\n<h3><strong>Wie benutzt man <\/strong><\/h3>\n<p>Mit den Fingern gleichm\u00e4\u00dfig und gro\u00dfz\u00fcgig auf das gesamte Gesicht und den Hals auftragen. Alleine oder nach dem Auftragen der Foundation tragen. Alle zwei Stunden einmal auftragen. Warum? Wir m\u00f6chten, dass Sie den Lichtschutzfaktor so weit wie m\u00f6glich sch\u00fctzen und bewahren, w\u00e4hrend Ihre Haut weiterhin atmen kann.<\/p>\n<p><strong>Ratschlag von Rosmarin:<\/strong> Um die genaue Menge an Sonnenschutzmittel f\u00fcr Gesicht und Hals zu ermitteln, verwenden Sie die Zwei-Finger-Methode. Tragen Sie einfach zwei d\u00fcnne Linien Sonnenschutzmittel auf Ihren Mittel- und Zeigefinger auf, beginnend am Ansatz und endend an der Spitze.<\/p>\n<p><strong>Farbton: Light Aura: Ein ultraschlichter, champagnerfarbener Glanz (ideal f\u00fcr die UnCoverup-Farben 000-22)  <\/strong><\/p>\n<p><strong>  Medium Aura: Eine ultraschlichte Ausstrahlung (ideal f\u00fcr UnCoverup Concealer &amp; ReEvolve Foundation, Farbt\u00f6ne 22.5- 66)<\/strong><\/p>\n<h2><strong>Nat\u00fcrliche \/ biologische Inhaltsstoffe <\/strong><\/h2>\n<p>Aktive Bestandteile: Zinkoxid 20,4%<\/p>\n<p>Inaktive Bestandteile: Wasser\/Aqua\/Eau, Caprylic\/Capric Triglyceride, Isononyl Isononanoate, C9-12 Alkane, Glycerin, Polyhydroxystearic Acid, Polyglyceryl-4 Diisostearate\/Polyhydroxystearate\/Sebacate, Crambe Abyssinica Seed Oil, Coco-Caprylate\/Caprate, Polyglyceryl-3 Oleate, Magnesium Sulfate, Silica, Diisostearoyl Polyglyceryl-3 Dimer Dilinoleate, Kaliumsorbat, Caprylyl Glycol, Ethylhexylglycerin, Niacinamid, Squalan, Helianthus Annuus (Sonnenblume) Seed Oil, Butylene Glycol, Citrus Aurantium Bergamia (Bergamotte) Fruit Oil, Olea Europaea (Olive) Fruit Oil, Rosmarinus Officinalis (Rosmarin) Leaf Extract, Pisum Sativum (Erbse) Extract, Citrus Aurantium Dulcis (Orange) Peel Oil, Tocopherol, Benzyl Alcohol, Beta-Carotene, Xanthophylle, Chenopodium Quinoa Seed Extract, Lavandula Angustifolia (Lavender) Oil, Juniperus Virginiana Oil, Pelargonium Graveolens Flower Oil, Sodium Benzoate, Copaifera Officinalis (Balsam Copaiba) Resin, Polygonum Cuspidatum Root Extract, Portulaca Oleracea Extract, Glycine Soja (Soybean) Oil, Artemisia Vulgaris Oil, Myrtus Communis Oil, Pelargonium Capitatum Leaf Extract, Rosa Damascena Flower Oil, Ferula Galbaniflua (Galbanum) Resin Oil, Limonene, Linalool, Citronellol, Mica, Titanium Dioxide (CI 77891), Iron Oxides (CI 77491) May Contain: Eisenoxide (CI 77492, CI 77499).<\/p>\n\n\t\t<div class=\"tabbed-content\">\n\t\t\t<h4 class=\"uppercase text-left\">Rose-Marie's Geschichte<\/h4>\n\t\t\t<ul class=\"nav nav-tabs nav-vertical nav-uppercase nav-size-normal nav-left\" role=\"tablist\"><li id=\"tab-rose-marie's-story\" class=\"tab active has-icon\" role=\"presentation\"><a href=\"#tab_rose-marie's-story\" role=\"tab\" aria-selected=\"true\" aria-controls=\"tab_rose-marie's-story\"><span>Rose-Marie's Story<\/span><\/a><\/li>\n<li id=\"tab-unsere-zutaten\" class=\"tab has-icon\" role=\"presentation\"><a href=\"#tab_unsere-zutaten\" tabindex=\"-1\" role=\"tab\" aria-selected=\"false\" aria-controls=\"tab_unsere-zutaten\"><span>Unsere Zutaten<\/span><\/a><\/li>\n<li id=\"tab-unsere-philosophie\" class=\"tab has-icon\" role=\"presentation\"><a href=\"#tab_unsere-philosophie\" tabindex=\"-1\" role=\"tab\" aria-selected=\"false\" aria-controls=\"tab_unsere-philosophie\"><span>Unsere Philosophie<\/span><\/a><\/li><\/ul><div class=\"tab-panels\"><div id=\"tab_rose-marie's-story\" class=\"panel active entry-content\" role=\"tabpanel\" aria-labelledby=\"tab-rose-marie's-story\">\n\n<div class=\"row align-middle\"  id=\"row-1702794456\">\n\n\n\t<div id=\"col-1966894787\" class=\"col medium-4 small-12 large-4\"  >\n\t\t\t\t<div class=\"col-inner\"  >\n\t\t\t\n\t\t\t\n\n\t<div class=\"img has-hover x md-x lg-x y md-y lg-y\" id=\"image_2008341631\">\n\t\t\t\t\t\t\t\t<div class=\"img-inner image-cover dark\" style=\"padding-top:73%;\">\n\t\t\t<img fetchpriority=\"high\" decoding=\"async\" width=\"515\" height=\"515\" src=\"https:\/\/dutchhealthstore.com\/wp-content\/uploads\/2020\/09\/rose-marie-makeup-artist_900x.jpg\" class=\"attachment-large size-large\" alt=\"RMS Beauty products\" srcset=\"https:\/\/dutchhealthstore.com\/wp-content\/uploads\/2020\/09\/rose-marie-makeup-artist_900x.jpg 515w, https:\/\/dutchhealthstore.com\/wp-content\/uploads\/2020\/09\/rose-marie-makeup-artist_900x-100x100.jpg 100w, https:\/\/dutchhealthstore.com\/wp-content\/uploads\/2020\/09\/rose-marie-makeup-artist_900x-510x510.jpg 510w, https:\/\/dutchhealthstore.com\/wp-content\/uploads\/2020\/09\/rose-marie-makeup-artist_900x-400x400.jpg 400w, https:\/\/dutchhealthstore.com\/wp-content\/uploads\/2020\/09\/rose-marie-makeup-artist_900x-280x280.jpg 280w, https:\/\/dutchhealthstore.com\/wp-content\/uploads\/2020\/09\/rose-marie-makeup-artist_900x-150x150.jpg 150w, https:\/\/dutchhealthstore.com\/wp-content\/uploads\/2020\/09\/rose-marie-makeup-artist_900x-32x32.jpg 32w\" sizes=\"(max-width: 515px) 100vw, 515px\" \/>\t\t\t\t\t\t\n\t\t\t\t\t<\/div>\n\t\t\t\t\t\t\t\t\n<style>\n#image_2008341631 {\n  width: 100%;\n}\n<\/style>\n\t<\/div>\n\t\n\n\n\t\t<\/div>\n\t\t\t\t\t<\/div>\n\n\t\n\n\t<div id=\"col-1372523082\" class=\"col medium-8 small-12 large-8\"  >\n\t\t\t\t<div class=\"col-inner\"  >\n\t\t\t\n\t\t\t\n\n<h3><span style=\"color: #333333;\">Rose-Marie's Geschichte<\/span><\/h3>\n<p>Rose-Marie hatte vor ein paar Jahren ernsthafte gesundheitliche Probleme. W\u00e4hrend ihrer Genesung und ausf\u00fchrlichen Untersuchungen stellte sie fest, dass einige der gef\u00e4hrlichen Chemikalien und Schwermetalle in ihrem K\u00f6rper auch in den modernen Kosmetikprodukten enthalten sind, die wir t\u00e4glich verwenden. Rose-Marie gr\u00fcndete die erste rein biologische Farbkosmetikmarke, RMS Beauty, nachdem sie ihre eigene Gesundheit wiedererlangt hatte und erkannte, dass sie andere Frauen dabei unterst\u00fctzen wollte, ihr Recht auf gesunde, reine Sch\u00f6nheit einzufordern. Die weltweiten Verk\u00e4ufe nehmen jetzt zu.<br><a href=\"\/?p=133524\">.<\/a><\/p>\n<p><a href=\"\/?p=133524\"> <strong><span style=\"color: #00aae7;\"><span style=\"color: #333333;\">Weiterlesen<\/span><\/span><\/strong><\/a><\/p>\n\n\t\t<\/div>\n\t\t\t\t\n<style>\n#col-1372523082 > .col-inner {\n  padding: 6px 0px 0px 0px;\n}\n<\/style>\n\t<\/div>\n\n\t\n\n<\/div>\n\n<\/div>\n<div id=\"tab_unsere-zutaten\" class=\"panel entry-content\" role=\"tabpanel\" aria-labelledby=\"tab-unsere-zutaten\">\n\n<div class=\"row\"  id=\"row-623543330\">\n\n\n\t<div id=\"col-810974945\" class=\"col medium-4 small-12 large-4\"  >\n\t\t\t\t<div class=\"col-inner\"  >\n\t\t\t\n\t\t\t\n\n\t<div class=\"img has-hover x md-x lg-x y md-y lg-y\" id=\"image_21653104\">\n\t\t\t\t\t\t\t\t<div class=\"img-inner image-cover dark\" style=\"padding-top:71%;\">\n\t\t\t<img decoding=\"async\" width=\"488\" height=\"450\" src=\"https:\/\/dutchhealthstore.com\/wp-content\/uploads\/2020\/09\/RMS-Beauty-Ethereal-Lip-Cheek-Set2.jpg\" class=\"attachment-large size-large\" alt=\"RMS Beauty - Ethereal Lip &amp; Cheek Set2\" srcset=\"https:\/\/dutchhealthstore.com\/wp-content\/uploads\/2020\/09\/RMS-Beauty-Ethereal-Lip-Cheek-Set2.jpg 488w, https:\/\/dutchhealthstore.com\/wp-content\/uploads\/2020\/09\/RMS-Beauty-Ethereal-Lip-Cheek-Set2-434x400.jpg 434w\" sizes=\"(max-width: 488px) 100vw, 488px\" \/>\t\t\t\t\t\t\n\t\t\t\t\t<\/div>\n\t\t\t\t\t\t\t\t\n<style>\n#image_21653104 {\n  width: 100%;\n}\n<\/style>\n\t<\/div>\n\t\n\n\n\t\t<\/div>\n\t\t\t\t\t<\/div>\n\n\t\n\n\t<div id=\"col-23202439\" class=\"col medium-8 small-12 large-8\"  >\n\t\t\t\t<div class=\"col-inner\"  >\n\t\t\t\n\t\t\t\n\n<h3><span style=\"color: #333333;\">Unsere Zutaten<\/span><\/h3>\n<p>RMS Beauty ist eine unverwechselbare Kosmetikkollektion, die aus Komponenten besteht, die Ihre pers\u00f6nliche Haut erg\u00e4nzen. Das Ergebnis ist ein perfektes, leichtes Make-up, das sich anf\u00fchlt und aussieht wie eine nat\u00fcrliche, junge zweite Haut.<\/p>\n<p><a href=\"\/?p=133671\"><span style=\"color: #333333;\"><strong>Weiterlesen<\/strong><\/span><\/a><\/p>\n\n\t\t<\/div>\n\t\t\t\t\t<\/div>\n\n\t\n\n\n<style>\n#row-623543330 > .col > .col-inner {\n  padding: 19px 0px 0px 0px;\n}\n<\/style>\n<\/div>\n\n<\/div>\n<div id=\"tab_unsere-philosophie\" class=\"panel entry-content\" role=\"tabpanel\" aria-labelledby=\"tab-unsere-philosophie\">\n\n<div class=\"row\"  id=\"row-414146025\">\n\n\n\t<div id=\"col-2074070775\" class=\"col medium-4 small-12 large-4\"  >\n\t\t\t\t<div class=\"col-inner\"  >\n\t\t\t\n\t\t\t\n\n\t<div class=\"img has-hover x md-x lg-x y md-y lg-y\" id=\"image_528702596\">\n\t\t\t\t\t\t\t\t<div class=\"img-inner image-cover dark\" style=\"padding-top:61%;\">\n\t\t\t<img decoding=\"async\" width=\"800\" height=\"800\" src=\"https:\/\/dutchhealthstore.com\/wp-content\/uploads\/2020\/09\/176d0aab71fae871d084fa7d71613b8f-800x800.jpg\" class=\"attachment-large size-large\" alt=\"RMS Beauty products\" srcset=\"https:\/\/dutchhealthstore.com\/wp-content\/uploads\/2020\/09\/176d0aab71fae871d084fa7d71613b8f-800x800.jpg 800w, https:\/\/dutchhealthstore.com\/wp-content\/uploads\/2020\/09\/176d0aab71fae871d084fa7d71613b8f-100x100.jpg 100w, https:\/\/dutchhealthstore.com\/wp-content\/uploads\/2020\/09\/176d0aab71fae871d084fa7d71613b8f-510x510.jpg 510w, https:\/\/dutchhealthstore.com\/wp-content\/uploads\/2020\/09\/176d0aab71fae871d084fa7d71613b8f-400x400.jpg 400w, https:\/\/dutchhealthstore.com\/wp-content\/uploads\/2020\/09\/176d0aab71fae871d084fa7d71613b8f-280x280.jpg 280w, https:\/\/dutchhealthstore.com\/wp-content\/uploads\/2020\/09\/176d0aab71fae871d084fa7d71613b8f-768x768.jpg 768w, https:\/\/dutchhealthstore.com\/wp-content\/uploads\/2020\/09\/176d0aab71fae871d084fa7d71613b8f-150x150.jpg 150w, https:\/\/dutchhealthstore.com\/wp-content\/uploads\/2020\/09\/176d0aab71fae871d084fa7d71613b8f-32x32.jpg 32w, https:\/\/dutchhealthstore.com\/wp-content\/uploads\/2020\/09\/176d0aab71fae871d084fa7d71613b8f.jpg 1080w\" sizes=\"(max-width: 800px) 100vw, 800px\" \/>\t\t\t\t\t\t\n\t\t\t\t\t<\/div>\n\t\t\t\t\t\t\t\t\n<style>\n#image_528702596 {\n  width: 100%;\n}\n<\/style>\n\t<\/div>\n\t\n\n\n\t\t<\/div>\n\t\t\t\t\t<\/div>\n\n\t\n\n\t<div id=\"col-407585693\" class=\"col medium-8 small-12 large-8\"  >\n\t\t\t\t<div class=\"col-inner\"  >\n\t\t\t\n\t\t\t\n\n<h3><span style=\"color: #333333;\">Unsere Philosophie<\/span><\/h3>\n<p>Damit RMS Beauty die Art und Weise, wie Frauen ihre Kosmetika auftragen, ver\u00e4ndern kann, braucht es mehr als nur die Verwendung von biologischen Inhaltsstoffen. Eigentlich ist das nur der erste Schritt zur Entwicklung eines Produkts, das die Haut nicht nur nicht sch\u00e4digt, sondern sie auch pflegt und heilt.<\/p>\n<p><a href=\"\/?product_cat=rms-beauty-du\"><strong><span style=\"color: #333333;\">Weiterlesen<\/span><\/strong><\/a><\/p>\n\n\t\t<\/div>\n\t\t\t\t\t<\/div>\n\n\t\n\n\n<style>\n#row-414146025 > .col > .col-inner {\n  padding: 19px 0px 0px 0px;\n}\n<\/style>\n<\/div>\n\n<\/div><\/div><\/div>\n<p>&nbsp;<\/p>\n","protected":false},"excerpt":{"rendered":"<p>Es handelt sich um einen hautfreundlichen, get\u00f6nten Korrektor, der nicht nur Ihre nat\u00fcrliche Ausstrahlung verst\u00e4rkt, sondern auch einen Lichtschutzfaktor 30 auf der Basis mineralischer Inhaltsstoffe bietet.<\/p>\n","protected":false},"featured_media":303839,"comment_status":"open","ping_status":"closed","template":"","meta":[],"product_brand":[],"product_cat":[5704,1227,5703,5669,14735,9170,1032,1210,5702,5636,5101,511,9087,5707,5708,5705,4758,5706,5864,5634,5701],"product_tag":[21361,6317,6250,6037,4656],"class_list":{"0":"post-276154","1":"product","2":"type-product","3":"status-publish","4":"has-post-thumbnail","6":"product_cat-sensitive-skin-redness-de-4","7":"product_cat-sensitive-skin-redness-de","8":"product_cat-oily-skin-clogged-pores-de-6","9":"product_cat-oily-skin-clogged-pores-de","10":"product_cat-hautpflege","11":"product_cat-skin-beauty-de-2","12":"product_cat-kategorien","13":"product_cat-marken","14":"product_cat-normal-or-combination-skin-de-5","15":"product_cat-normal-or-combination-skin-de-2","16":"product_cat-by-skin-type-de-4","17":"product_cat-produkte","18":"product_cat-rms-beauty-du","19":"product_cat-serums-de-4","20":"product_cat-serums-de-5","21":"product_cat-serums-de","22":"product_cat-serums-de-2","23":"product_cat-serums-de-3","24":"product_cat-sun-outdoor-care-de-2","25":"product_cat-dry-mature-ageing-skin-de-2","26":"product_cat-dry-mature-ageing-skin-de-5","27":"product_tag-face-care-de","28":"product_tag-glow-de","29":"product_tag-make-up-de","30":"product_tag-serum-de","31":"product_tag-sun-care-de","32":"pa_brand-rms-beauty-de","33":"pa_colo-light-aura-de-2","34":"pa_colo-medium-aura-de","35":"pa_gtin-81248026999-de","36":"pa_make-up-productype-foundation-de","37":"pa_size-30-ml-de","38":"pa_skincare-type-face-oil-and-serums-de","39":"pa_skincare-type-suncare-de","41":"first","42":"instock","43":"taxable","44":"shipping-taxable","45":"purchasable","46":"product-type-variable"},"bundled_by":[],"bundle_stock_status":"instock","bundle_stock_quantity":null,"bundle_virtual":false,"bundle_layout":"","bundle_add_to_cart_form_location":"","bundle_editable_in_cart":false,"bundle_sold_individually_context":"","bundle_item_grouping":"","bundle_min_size":"","bundle_max_size":"","bundle_price":[],"bundled_items":[],"bundle_sell_ids":[107698],"atum_controlled":true,"out_stock_date":null,"out_stock_threshold":null,"inheritable":true,"stock_on_hold":1,"sold_today":0,"sales_last_days":0,"out_stock_days":0,"lost_sales":0,"update_date":"2026-05-06T00:19:02","atum_locations":[],"atum_stock_status":"instock","restock_status":false,"low_stock_amount":"","sales_update_date":"2026-05-06T00:19:02","calc_backorders":null,"group_of_quantity":0,"min_quantity":0,"max_quantity":"","exclude_order_quantity_value_rules":"no","exclude_category_quantity_rules":"no","combine_variations":"no","yoast_head":"<!-- This site is optimized with the Yoast SEO Premium plugin v26.5 (Yoast SEO v26.5) - https:\/\/yoast.com\/wordpress\/plugins\/seo\/ -->\n<title>SuperNatural Radiance Tinted Serum with SPF 30 - RMS Beauty<\/title>\n<meta name=\"description\" content=\"Es handelt sich um einen hautfreundlichen, get\u00f6nten Korrektor, der nicht nur Ihre nat\u00fcrliche Ausstrahlung verst\u00e4rkt, sondern auch einen Lichtschutzfaktor 30 auf der Basis mineralischer Inhaltsstoffe bietet.\" \/>\n<meta name=\"robots\" content=\"index, follow, max-snippet:-1, max-image-preview:large, max-video-preview:-1\" \/>\n<link rel=\"canonical\" href=\"https:\/\/dutchhealthstore.com\/de\/product\/supernatural-radiance-tinted-serum-with-spf-30\/\" \/>\n<meta property=\"og:locale\" content=\"de_DE\" \/>\n<meta property=\"og:type\" content=\"article\" \/>\n<meta property=\"og:title\" content=\"SuperNatural Radiance Tinted Serum with SPF 30 - Dutch Health Store\" \/>\n<meta property=\"og:description\" content=\"Es handelt sich um einen hautfreundlichen, get\u00f6nten Korrektor, der nicht nur Ihre nat\u00fcrliche Ausstrahlung verst\u00e4rkt, sondern auch einen Lichtschutzfaktor 30 auf der Basis mineralischer Inhaltsstoffe bietet.\" \/>\n<meta property=\"og:url\" content=\"https:\/\/dutchhealthstore.com\/de\/product\/supernatural-radiance-tinted-serum-with-spf-30\/\" \/>\n<meta property=\"og:site_name\" content=\"Dutch Health Store\" \/>\n<meta property=\"article:publisher\" content=\"https:\/\/www.instagram.com\/dutchhealthstore\/\" \/>\n<meta property=\"article:modified_time\" content=\"2026-04-03T11:56:53+00:00\" \/>\n<meta property=\"og:image\" content=\"https:\/\/dutchhealthstore.com\/wp-content\/uploads\/2024\/02\/supernaturalradiance.jpg\" \/>\n\t<meta property=\"og:image:width\" content=\"530\" \/>\n\t<meta property=\"og:image:height\" content=\"530\" \/>\n\t<meta property=\"og:image:type\" content=\"image\/jpeg\" \/>\n<meta name=\"twitter:card\" content=\"summary_large_image\" \/>\n<meta name=\"twitter:label1\" content=\"Verf\u00fcgbarkeit\" \/>\n\t<meta name=\"twitter:data1\" content=\"Auf Lager\" \/>\n<script type=\"application\/ld+json\" class=\"yoast-schema-graph\">{\"@context\":\"https:\/\/schema.org\",\"@graph\":[{\"@type\":\"WebPage\",\"@id\":\"https:\/\/dutchhealthstore.com\/de\/product\/supernatural-radiance-tinted-serum-with-spf-30\/\",\"url\":\"https:\/\/dutchhealthstore.com\/de\/product\/supernatural-radiance-tinted-serum-with-spf-30\/\",\"name\":\"SuperNatural Radiance Tinted Serum with SPF 30 - RMS Beauty\",\"isPartOf\":{\"@id\":\"https:\/\/dutchhealthstore.com\/de\/#website\"},\"primaryImageOfPage\":{\"@id\":\"https:\/\/dutchhealthstore.com\/de\/product\/supernatural-radiance-tinted-serum-with-spf-30\/#primaryimage\"},\"image\":{\"@id\":\"https:\/\/dutchhealthstore.com\/de\/product\/supernatural-radiance-tinted-serum-with-spf-30\/#primaryimage\"},\"thumbnailUrl\":\"https:\/\/dutchhealthstore.com\/wp-content\/uploads\/2024\/02\/supernaturalradiance.jpg\",\"datePublished\":\"2024-02-23T13:48:40+00:00\",\"dateModified\":\"2026-04-03T11:56:53+00:00\",\"description\":\"Es handelt sich um einen hautfreundlichen, get\u00f6nten Korrektor, der nicht nur Ihre nat\u00fcrliche Ausstrahlung verst\u00e4rkt, sondern auch einen Lichtschutzfaktor 30 auf der Basis mineralischer Inhaltsstoffe bietet.\",\"breadcrumb\":{\"@id\":\"https:\/\/dutchhealthstore.com\/de\/product\/supernatural-radiance-tinted-serum-with-spf-30\/#breadcrumb\"},\"inLanguage\":\"de\",\"potentialAction\":[{\"@type\":\"ReadAction\",\"target\":[\"https:\/\/dutchhealthstore.com\/de\/product\/supernatural-radiance-tinted-serum-with-spf-30\/\"]}]},{\"@type\":\"ImageObject\",\"inLanguage\":\"de\",\"@id\":\"https:\/\/dutchhealthstore.com\/de\/product\/supernatural-radiance-tinted-serum-with-spf-30\/#primaryimage\",\"url\":\"https:\/\/dutchhealthstore.com\/wp-content\/uploads\/2024\/02\/supernaturalradiance.jpg\",\"contentUrl\":\"https:\/\/dutchhealthstore.com\/wp-content\/uploads\/2024\/02\/supernaturalradiance.jpg\",\"width\":530,\"height\":530},{\"@type\":\"BreadcrumbList\",\"@id\":\"https:\/\/dutchhealthstore.com\/de\/product\/supernatural-radiance-tinted-serum-with-spf-30\/#breadcrumb\",\"itemListElement\":[{\"@type\":\"ListItem\",\"position\":1,\"name\":\"Home\",\"item\":\"https:\/\/dutchhealthstore.com\/de\/\"},{\"@type\":\"ListItem\",\"position\":2,\"name\":\"Shop\",\"item\":\"https:\/\/dutchhealthstore.com\/de\/shop-2\/\"},{\"@type\":\"ListItem\",\"position\":3,\"name\":\"SuperNatural Radiance Tinted Serum with SPF 30\"}]},{\"@type\":\"WebSite\",\"@id\":\"https:\/\/dutchhealthstore.com\/de\/#website\",\"url\":\"https:\/\/dutchhealthstore.com\/de\/\",\"name\":\"Dutch Health Store\",\"description\":\"Enhance Your Beauty with Organic &amp; Natural Skincare\",\"publisher\":{\"@id\":\"https:\/\/dutchhealthstore.com\/de\/#organization\"},\"potentialAction\":[{\"@type\":\"SearchAction\",\"target\":{\"@type\":\"EntryPoint\",\"urlTemplate\":\"https:\/\/dutchhealthstore.com\/de\/?s={search_term_string}\"},\"query-input\":{\"@type\":\"PropertyValueSpecification\",\"valueRequired\":true,\"valueName\":\"search_term_string\"}}],\"inLanguage\":\"de\"},{\"@type\":\"Organization\",\"@id\":\"https:\/\/dutchhealthstore.com\/de\/#organization\",\"name\":\"Dutch Health Store\",\"url\":\"https:\/\/dutchhealthstore.com\/de\/\",\"logo\":{\"@type\":\"ImageObject\",\"inLanguage\":\"de\",\"@id\":\"https:\/\/dutchhealthstore.com\/de\/#\/schema\/logo\/image\/\",\"url\":\"https:\/\/dutchhealthstore.com\/wp-content\/uploads\/2020\/08\/logo-dutchhealthstore-jpg-e1599484957574.jpg\",\"contentUrl\":\"https:\/\/dutchhealthstore.com\/wp-content\/uploads\/2020\/08\/logo-dutchhealthstore-jpg-e1599484957574.jpg\",\"width\":400,\"height\":62,\"caption\":\"Dutch Health Store\"},\"image\":{\"@id\":\"https:\/\/dutchhealthstore.com\/de\/#\/schema\/logo\/image\/\"},\"sameAs\":[\"https:\/\/www.instagram.com\/dutchhealthstore\/\",\"https:\/\/www.facebook.com\/dutchhealthstore\"]}]}<\/script>\n<meta property=\"product:brand\" content=\"RMS Beauty\" \/>\n<meta property=\"og:availability\" content=\"instock\" \/>\n<meta property=\"product:availability\" content=\"instock\" \/>\n<meta property=\"product:condition\" content=\"new\" \/>\n<!-- \/ Yoast SEO Premium plugin. -->","yoast_head_json":{"title":"SuperNatural Radiance Tinted Serum with SPF 30 - RMS Beauty","description":"Es handelt sich um einen hautfreundlichen, get\u00f6nten Korrektor, der nicht nur Ihre nat\u00fcrliche Ausstrahlung verst\u00e4rkt, sondern auch einen Lichtschutzfaktor 30 auf der Basis mineralischer Inhaltsstoffe bietet.","robots":{"index":"index","follow":"follow","max-snippet":"max-snippet:-1","max-image-preview":"max-image-preview:large","max-video-preview":"max-video-preview:-1"},"canonical":"https:\/\/dutchhealthstore.com\/de\/product\/supernatural-radiance-tinted-serum-with-spf-30\/","og_locale":"de_DE","og_type":"article","og_title":"SuperNatural Radiance Tinted Serum with SPF 30 - Dutch Health Store","og_description":"Es handelt sich um einen hautfreundlichen, get\u00f6nten Korrektor, der nicht nur Ihre nat\u00fcrliche Ausstrahlung verst\u00e4rkt, sondern auch einen Lichtschutzfaktor 30 auf der Basis mineralischer Inhaltsstoffe bietet.","og_url":"https:\/\/dutchhealthstore.com\/de\/product\/supernatural-radiance-tinted-serum-with-spf-30\/","og_site_name":"Dutch Health Store","article_publisher":"https:\/\/www.instagram.com\/dutchhealthstore\/","article_modified_time":"2026-04-03T11:56:53+00:00","og_image":[{"width":530,"height":530,"url":"https:\/\/dutchhealthstore.com\/wp-content\/uploads\/2024\/02\/supernaturalradiance.jpg","type":"image\/jpeg"}],"twitter_card":"summary_large_image","twitter_misc":{"Verf\u00fcgbarkeit":"Auf Lager"},"schema":{"@context":"https:\/\/schema.org","@graph":[{"@type":"WebPage","@id":"https:\/\/dutchhealthstore.com\/de\/product\/supernatural-radiance-tinted-serum-with-spf-30\/","url":"https:\/\/dutchhealthstore.com\/de\/product\/supernatural-radiance-tinted-serum-with-spf-30\/","name":"SuperNatural Radiance Tinted Serum with SPF 30 - RMS Beauty","isPartOf":{"@id":"https:\/\/dutchhealthstore.com\/de\/#website"},"primaryImageOfPage":{"@id":"https:\/\/dutchhealthstore.com\/de\/product\/supernatural-radiance-tinted-serum-with-spf-30\/#primaryimage"},"image":{"@id":"https:\/\/dutchhealthstore.com\/de\/product\/supernatural-radiance-tinted-serum-with-spf-30\/#primaryimage"},"thumbnailUrl":"https:\/\/dutchhealthstore.com\/wp-content\/uploads\/2024\/02\/supernaturalradiance.jpg","datePublished":"2024-02-23T13:48:40+00:00","dateModified":"2026-04-03T11:56:53+00:00","description":"Es handelt sich um einen hautfreundlichen, get\u00f6nten Korrektor, der nicht nur Ihre nat\u00fcrliche Ausstrahlung verst\u00e4rkt, sondern auch einen Lichtschutzfaktor 30 auf der Basis mineralischer Inhaltsstoffe bietet.","breadcrumb":{"@id":"https:\/\/dutchhealthstore.com\/de\/product\/supernatural-radiance-tinted-serum-with-spf-30\/#breadcrumb"},"inLanguage":"de","potentialAction":[{"@type":"ReadAction","target":["https:\/\/dutchhealthstore.com\/de\/product\/supernatural-radiance-tinted-serum-with-spf-30\/"]}]},{"@type":"ImageObject","inLanguage":"de","@id":"https:\/\/dutchhealthstore.com\/de\/product\/supernatural-radiance-tinted-serum-with-spf-30\/#primaryimage","url":"https:\/\/dutchhealthstore.com\/wp-content\/uploads\/2024\/02\/supernaturalradiance.jpg","contentUrl":"https:\/\/dutchhealthstore.com\/wp-content\/uploads\/2024\/02\/supernaturalradiance.jpg","width":530,"height":530},{"@type":"BreadcrumbList","@id":"https:\/\/dutchhealthstore.com\/de\/product\/supernatural-radiance-tinted-serum-with-spf-30\/#breadcrumb","itemListElement":[{"@type":"ListItem","position":1,"name":"Home","item":"https:\/\/dutchhealthstore.com\/de\/"},{"@type":"ListItem","position":2,"name":"Shop","item":"https:\/\/dutchhealthstore.com\/de\/shop-2\/"},{"@type":"ListItem","position":3,"name":"SuperNatural Radiance Tinted Serum with SPF 30"}]},{"@type":"WebSite","@id":"https:\/\/dutchhealthstore.com\/de\/#website","url":"https:\/\/dutchhealthstore.com\/de\/","name":"Dutch Health Store","description":"Enhance Your Beauty with Organic &amp; Natural Skincare","publisher":{"@id":"https:\/\/dutchhealthstore.com\/de\/#organization"},"potentialAction":[{"@type":"SearchAction","target":{"@type":"EntryPoint","urlTemplate":"https:\/\/dutchhealthstore.com\/de\/?s={search_term_string}"},"query-input":{"@type":"PropertyValueSpecification","valueRequired":true,"valueName":"search_term_string"}}],"inLanguage":"de"},{"@type":"Organization","@id":"https:\/\/dutchhealthstore.com\/de\/#organization","name":"Dutch Health Store","url":"https:\/\/dutchhealthstore.com\/de\/","logo":{"@type":"ImageObject","inLanguage":"de","@id":"https:\/\/dutchhealthstore.com\/de\/#\/schema\/logo\/image\/","url":"https:\/\/dutchhealthstore.com\/wp-content\/uploads\/2020\/08\/logo-dutchhealthstore-jpg-e1599484957574.jpg","contentUrl":"https:\/\/dutchhealthstore.com\/wp-content\/uploads\/2020\/08\/logo-dutchhealthstore-jpg-e1599484957574.jpg","width":400,"height":62,"caption":"Dutch Health Store"},"image":{"@id":"https:\/\/dutchhealthstore.com\/de\/#\/schema\/logo\/image\/"},"sameAs":["https:\/\/www.instagram.com\/dutchhealthstore\/","https:\/\/www.facebook.com\/dutchhealthstore"]}]},"product_brand":"RMS Beauty","og_availability":"instock","product_availability":"instock","product_condition":"new"},"_links":{"self":[{"href":"https:\/\/dutchhealthstore.com\/de\/wp-json\/wp\/v2\/product\/276154","targetHints":{"allow":["GET"]}}],"collection":[{"href":"https:\/\/dutchhealthstore.com\/de\/wp-json\/wp\/v2\/product"}],"about":[{"href":"https:\/\/dutchhealthstore.com\/de\/wp-json\/wp\/v2\/types\/product"}],"replies":[{"embeddable":true,"href":"https:\/\/dutchhealthstore.com\/de\/wp-json\/wp\/v2\/comments?post=276154"}],"wp:featuredmedia":[{"embeddable":true,"href":"https:\/\/dutchhealthstore.com\/de\/wp-json\/wp\/v2\/media\/303839"}],"wp:attachment":[{"href":"https:\/\/dutchhealthstore.com\/de\/wp-json\/wp\/v2\/media?parent=276154"}],"wp:term":[{"taxonomy":"product_brand","embeddable":true,"href":"https:\/\/dutchhealthstore.com\/de\/wp-json\/wp\/v2\/product_brand?post=276154"},{"taxonomy":"product_cat","embeddable":true,"href":"https:\/\/dutchhealthstore.com\/de\/wp-json\/wp\/v2\/product_cat?post=276154"},{"taxonomy":"product_tag","embeddable":true,"href":"https:\/\/dutchhealthstore.com\/de\/wp-json\/wp\/v2\/product_tag?post=276154"}],"curies":[{"name":"wp","href":"https:\/\/api.w.org\/{rel}","templated":true}]}}