{"id":263290,"date":"2023-11-06T13:44:07","date_gmt":"2023-11-06T12:44:07","guid":{"rendered":"https:\/\/dutchhealthstore.com\/product\/brain-health\/"},"modified":"2025-01-07T23:43:44","modified_gmt":"2025-01-07T22:43:44","slug":"brain-health","status":"publish","type":"product","link":"https:\/\/dutchhealthstore.com\/de\/product\/brain-health\/","title":{"rendered":"Brain Health"},"content":{"rendered":"<p>Erschlie\u00dfen Sie das volle Potenzial Ihrer kognitiven Gesundheit mit unserer \u00fcberlegenen Rohkr\u00e4uterextraktmischung, die sorgf\u00e4ltig mit verschiedenen Formen von Kurkuma hergestellt wurde, um die Abgabe und Absorption von aromatischen Kurkumonen, Curcuminen und einer Reihe von lebenswichtigen Phyton\u00e4hrstoffen zu optimieren. Unsere Brain Support Formula ist au\u00dferdem angereichert mit:<\/p>\n<ul>\n<li>KSM-66 Ashwagandha, bekannt f\u00fcr seine stressabbauenden Eigenschaften,<\/li>\n<li>Ginkgo Biloba, bekannt f\u00fcr seine kognitionsf\u00f6rdernden Eigenschaften,<\/li>\n<li>Sanddorn-Extrakt, eine Fundgrube f\u00fcr Omega-Fetts\u00e4uren, und<\/li>\n<li>Schwarzer Pfeffer, um die Absorption und Wirksamkeit zu verst\u00e4rken.<\/li>\n<\/ul>\n<p><strong>Die Entstehungsgeschichte unserer Brain Support Formula<\/strong><\/p>\n<p>Vor etwa einem Jahr erhielt ich einen anregenden Anruf von Sayer Ji von Green Med Info. Er schlug eine Zusammenarbeit vor, um das weltweit wirksamste, rein pflanzliche Nahrungserg\u00e4nzungsmittel f\u00fcr die Gesundheit des Gehirns zu entwickeln. Das Ziel war klar: die gehirnf\u00f6rdernden Eigenschaften von Kurkuma zu nutzen und zu verst\u00e4rken, indem die aromatischen Kurkumastoffe konzentriert und mit anderen erg\u00e4nzenden Inhaltsstoffen kombiniert werden, um maximale Synergie zu erzielen.<\/p>\n<p>Angesichts der weltweiten Verbreitung von kognitiven und Ged\u00e4chtnisproblemen hat mich diese Bitte sehr ber\u00fchrt. Ich wollte unbedingt an der Entwicklung einer L\u00f6sung mitwirken. Was folgte, war eine komplizierte Reise, m\u00f6glicherweise das aufw\u00e4ndigste Unterfangen meiner Karriere. Aber ich freue mich \u00fcber solche Herausforderungen. Ein Jahr, das der Entdeckung der besten Inhaltsstoffe gewidmet war, f\u00fchrte zur Einf\u00fchrung eines bahnbrechenden Glycerin-Verfahrens. Durch diese Technik werden die aromatischen Kurkumone eingekapselt, wodurch ihre Unversehrtheit und die Frische und Wirksamkeit aller anderen Inhaltsstoffe gew\u00e4hrleistet werden.<\/p>\n<p>Durchdrungen von der h\u00f6chsten Schwingungsenergie ist unsere Brain Support Formula der Inbegriff von Nahrung f\u00fcr Ihr geistiges Wohlbefinden und Ihre Langlebigkeit &#8211; eine wahrhaft &#8222;intelligente&#8220; Wahl f\u00fcr Ihre kognitive Vitalit\u00e4t!<\/p>\n<h3><strong>Gr\u00f6\u00dfe: 59 ml  <\/strong><\/h3>\n<h3><strong>Wie benutzt man <\/strong><\/h3>\n<p>Flasche gut sch\u00fctteln. Zweimal t\u00e4glich 1 Tropfer einnehmen.<\/p>\n<p><strong>Informationen \u00fcber Allergene<\/strong><span style=\"font-size: 14.4px;\"> Au\u00dferhalb der Reichweite von Kindern aufbewahren. Wenn Sie schwanger sind oder stillen, fragen Sie vor der Anwendung Ihren Arzt.<\/span><\/p>\n<p><strong>Zus\u00e4tzliche Informationen  <\/strong><\/p>\n<p>Leider ist es uns aufgrund der europ\u00e4ischen Gesetzgebung bez\u00fcglich gesundheitsbezogener Angaben nicht gestattet, hier vollst\u00e4ndige Informationen \u00fcber die Anwendung dieses Produkts zu geben. Wir empfehlen Ihnen, im Internet und\/oder auf der Website des Herstellers nach genaueren Informationen zu suchen.<\/p>\n<p><strong>Warnungen <\/strong><\/p>\n<p>Eine abwechslungsreiche, ausgewogene Ern\u00e4hrung und eine gesunde Lebensweise sind wichtig. Ein Nahrungserg\u00e4nzungsmittel ist kein Ersatz f\u00fcr eine abwechslungsreiche Ern\u00e4hrung. Au\u00dferhalb der Reichweite von kleinen Kindern aufbewahren. Bei Schwangerschaft, Stillzeit, Krankheit oder Einnahme von Medikamenten konsultieren Sie vor der Anwendung Ihren Arzt, Apotheker oder Gesundheitsdienstleister. \u00dcberschreiten Sie nicht die empfohlene Tagesdosis.<\/p>\n<p><strong>An einem k\u00fchlen, trockenen Ort aufbewahren<\/strong><\/p>\n<h2><strong>Nat\u00fcrliche \/ biologische Inhaltsstoffe <\/strong><\/h2>\n<p>Proprietary Blend: Freeze-Dried Turmeric Root Juice Concentrate (80:1), Turmeric (root), Fermented Turmeric (root), KSM-66 Ashwagandha Extract (root), Ginkgo Biloba (leaf), Cyanth0x Sea Buckthorn Extract (fruit), Black Pepper (fruit), Turmeric Essential Oil Other Ingredients: Vegetable Glycerin, Triple-Distilled Biophotonic Structured Water, Plant essence Blend (rosemary, sage, turmeric), Ormus Supercharged Minerals<\/p>\n\n\t<section class=\"section\" id=\"section_771462723\">\n\t\t<div class=\"section-bg fill\" >\n\t\t\t\t\t\t\t\t\t\n\t\t\t\n\n\t\t<\/div>\n\n\t\t\n\n\t\t<div class=\"section-content relative\">\n\t\t\t\r\n\r\n<div class=\"is-divider divider clearfix\" style=\"max-width:100%;height:5px;background-color:rgb(135, 188, 113);\"><\/div>\r\n<h3><strong>Mehr \u00fcber Global Healing<\/strong>: Wo Reinheit auf Potenz trifft<\/h3>\r\n\r\n<hr \/>\r\n\r\n<ul>\r\n \t<li><strong><img decoding=\"async\" class=\"alignright wp-image-259518\" src=\"https:\/\/dutchhealthstore.com\/wp-content\/uploads\/2023\/10\/global-healing-color-web.png\" alt=\"global healing dr edward group\" width=\"146\" height=\"146\" srcset=\"https:\/\/dutchhealthstore.com\/wp-content\/uploads\/2023\/10\/global-healing-color-web.png 250w, https:\/\/dutchhealthstore.com\/wp-content\/uploads\/2023\/10\/global-healing-color-web-100x100.png 100w, https:\/\/dutchhealthstore.com\/wp-content\/uploads\/2023\/10\/global-healing-color-web-64x64.png 64w\" sizes=\"(max-width: 146px) 100vw, 146px\" \/>Rohkr\u00e4uter-Extrakt-Technologie: <\/strong>Unser einzigartiges Extraktionsverfahren bewahrt die nat\u00fcrlichen N\u00e4hrstoffe der Pflanze ohne den Einsatz von Hitze, Alkohol oder scharfen Chemikalien.<strong>\r\n<\/strong><\/li>\r\n \t<li><strong>Umweltvertr\u00e4gliche Beschaffung:<\/strong> Alle Inhaltsstoffe stammen von kleinen, biologischen Bauernh\u00f6fen oder aus Wildsammlung, so dass jedes Produkt sowohl rein als auch im Einklang mit der Natur ist.<\/li>\r\n \t<li><strong>Gr\u00fcndlicher Extraktionsprozess:<\/strong> Durch ein mehrstufiges, kaltes Extraktionsverfahren kombinieren wir die aktiven Pflanzenbestandteile mit biologischem pflanzlichem Glycerin und dreifach destilliertem Wasser, wodurch die Heilkraft der Pflanze eingekapselt wird.<\/li>\r\n \t<li><strong>Fortschrittliche Kaltfiltration:<\/strong> Unsere firmeneigene Technologie der Kaltfiltration stellt sicher, dass das fl\u00fcssige Produkt rein bleibt, ohne W\u00e4rme zu erzeugen, wodurch die empfindlichen Bestandteile der Kr\u00e4uter erhalten bleiben.<\/li>\r\n \t<li><strong>ORMUS Supercharged Mineralien<\/strong>: In einem letzten Schritt machen wir unsere Fl\u00fcssigextrakte durch die Zugabe von ORMUS Supercharged Minerals, die nach alten alchemistischen Methoden hergestellt werden, noch bioverf\u00fcgbarer und stabiler.<\/li>\r\n \t<li><strong>Qualit\u00e4ts- und Reinheitsgarantie<\/strong>: Alle Produkte werden strengen Tests unterzogen, um sicherzustellen, dass die h\u00f6chsten Qualit\u00e4ts- und Reinheitsstandards erf\u00fcllt werden.<\/li>\r\n<\/ul>\r\n\t\t<\/div>\n\n\t\t\n<style>\n#section_771462723 {\n  padding-top: 30px;\n  padding-bottom: 30px;\n}\n<\/style>\n\t<\/section>\n\t\n","protected":false},"excerpt":{"rendered":"<p>Erh\u00f6hen Sie Ihren Geist mit unserer umfassenden Formel zur Unterst\u00fctzung des Gehirns<\/p>\n","protected":false},"featured_media":263238,"comment_status":"open","ping_status":"closed","template":"","meta":[],"product_brand":[],"product_cat":[8509,8456,6766,6645,10164,8473,18390,1032,6748,1210,8472,1048,511,6747,8957],"product_tag":[],"class_list":{"0":"post-263290","1":"product","2":"type-product","3":"status-publish","4":"has-post-thumbnail","6":"product_cat-every-day-solutions-de","7":"product_cat-balance-calm-de-2","8":"product_cat-energy-vitality-de-2","9":"product_cat-family-de","10":"product_cat-brain-mind-de","11":"product_cat-health-de-2","12":"product_cat-global-healing-de","13":"product_cat-kategorien","14":"product_cat-clarity-focus-de-2","15":"product_cat-marken","16":"product_cat-nutrition-de","17":"product_cat-kollektion","18":"product_cat-produkte","19":"product_cat-mood-de-2","20":"product_cat-stress-relief-de","21":"pa_brand-global-healing-de","22":"pa_gtin-811839032045-de","23":"pa_health-productype-brain-mind-de","24":"pa_size-2-oz-59-ml-de","26":"first","27":"instock","28":"taxable","29":"shipping-taxable","30":"purchasable","31":"product-type-simple"},"bundled_by":[],"bundle_stock_status":"instock","bundle_stock_quantity":1,"bundle_virtual":false,"bundle_layout":"","bundle_add_to_cart_form_location":"","bundle_editable_in_cart":false,"bundle_sold_individually_context":"","bundle_item_grouping":"","bundle_min_size":"","bundle_max_size":"","bundle_price":[],"bundled_items":[],"bundle_sell_ids":[],"atum_controlled":true,"out_stock_date":null,"out_stock_threshold":null,"inheritable":false,"stock_on_hold":0,"sold_today":0,"sales_last_days":0,"out_stock_days":0,"lost_sales":0,"update_date":"2026-04-03T01:44:43","atum_locations":[],"atum_stock_status":"instock","restock_status":false,"low_stock_amount":"","sales_update_date":"2026-04-03T01:44:43","calc_backorders":null,"group_of_quantity":0,"min_quantity":0,"max_quantity":"","exclude_order_quantity_value_rules":"no","exclude_category_quantity_rules":"no","combine_variations":"no","yoast_head":"<!-- This site is optimized with the Yoast SEO Premium plugin v26.5 (Yoast SEO v26.5) - https:\/\/yoast.com\/wordpress\/plugins\/seo\/ -->\n<title>Brain Health - Global Healing<\/title>\n<meta name=\"description\" content=\"Erh\u00f6hen Sie Ihren Geist mit unserer umfassenden Formel zur Unterst\u00fctzung des Gehirns\" \/>\n<meta name=\"robots\" content=\"index, follow, max-snippet:-1, max-image-preview:large, max-video-preview:-1\" \/>\n<link rel=\"canonical\" href=\"https:\/\/dutchhealthstore.com\/de\/product\/brain-health\/\" \/>\n<meta property=\"og:locale\" content=\"de_DE\" \/>\n<meta property=\"og:type\" content=\"article\" \/>\n<meta property=\"og:title\" content=\"Brain Health - Dutch Health Store\" \/>\n<meta property=\"og:description\" content=\"Erh\u00f6hen Sie Ihren Geist mit unserer umfassenden Formel zur Unterst\u00fctzung des Gehirns\" \/>\n<meta property=\"og:url\" content=\"https:\/\/dutchhealthstore.com\/de\/product\/brain-health\/\" \/>\n<meta property=\"og:site_name\" content=\"Dutch Health Store\" \/>\n<meta property=\"article:publisher\" content=\"https:\/\/www.instagram.com\/dutchhealthstore\/\" \/>\n<meta property=\"article:modified_time\" content=\"2025-01-07T22:43:44+00:00\" \/>\n<meta property=\"og:image\" content=\"https:\/\/dutchhealthstore.com\/wp-content\/uploads\/2023\/11\/globalhealingbrainhealth.jpg\" \/>\n\t<meta property=\"og:image:width\" content=\"510\" \/>\n\t<meta property=\"og:image:height\" content=\"510\" \/>\n\t<meta property=\"og:image:type\" content=\"image\/jpeg\" \/>\n<meta name=\"twitter:card\" content=\"summary_large_image\" \/>\n<meta name=\"twitter:label1\" content=\"Preis\" \/>\n\t<meta name=\"twitter:data1\" content=\"&euro;62,95\" \/>\n\t<meta name=\"twitter:label2\" content=\"Verf\u00fcgbarkeit\" \/>\n\t<meta name=\"twitter:data2\" content=\"Auf Lager\" \/>\n<script type=\"application\/ld+json\" class=\"yoast-schema-graph\">{\"@context\":\"https:\/\/schema.org\",\"@graph\":[{\"@type\":\"WebPage\",\"@id\":\"https:\/\/dutchhealthstore.com\/de\/product\/brain-health\/\",\"url\":\"https:\/\/dutchhealthstore.com\/de\/product\/brain-health\/\",\"name\":\"Brain Health - Global Healing\",\"isPartOf\":{\"@id\":\"https:\/\/dutchhealthstore.com\/de\/#website\"},\"primaryImageOfPage\":{\"@id\":\"https:\/\/dutchhealthstore.com\/de\/product\/brain-health\/#primaryimage\"},\"image\":{\"@id\":\"https:\/\/dutchhealthstore.com\/de\/product\/brain-health\/#primaryimage\"},\"thumbnailUrl\":\"https:\/\/dutchhealthstore.com\/wp-content\/uploads\/2023\/11\/globalhealingbrainhealth.jpg\",\"datePublished\":\"2023-11-06T12:44:07+00:00\",\"dateModified\":\"2025-01-07T22:43:44+00:00\",\"description\":\"Erh\u00f6hen Sie Ihren Geist mit unserer umfassenden Formel zur Unterst\u00fctzung des Gehirns\",\"breadcrumb\":{\"@id\":\"https:\/\/dutchhealthstore.com\/de\/product\/brain-health\/#breadcrumb\"},\"inLanguage\":\"de\",\"potentialAction\":[{\"@type\":\"ReadAction\",\"target\":[\"https:\/\/dutchhealthstore.com\/de\/product\/brain-health\/\"]}]},{\"@type\":\"ImageObject\",\"inLanguage\":\"de\",\"@id\":\"https:\/\/dutchhealthstore.com\/de\/product\/brain-health\/#primaryimage\",\"url\":\"https:\/\/dutchhealthstore.com\/wp-content\/uploads\/2023\/11\/globalhealingbrainhealth.jpg\",\"contentUrl\":\"https:\/\/dutchhealthstore.com\/wp-content\/uploads\/2023\/11\/globalhealingbrainhealth.jpg\",\"width\":510,\"height\":510,\"caption\":\"globalhealingbrainhealth\"},{\"@type\":\"BreadcrumbList\",\"@id\":\"https:\/\/dutchhealthstore.com\/de\/product\/brain-health\/#breadcrumb\",\"itemListElement\":[{\"@type\":\"ListItem\",\"position\":1,\"name\":\"Home\",\"item\":\"https:\/\/dutchhealthstore.com\/de\/\"},{\"@type\":\"ListItem\",\"position\":2,\"name\":\"Shop\",\"item\":\"https:\/\/dutchhealthstore.com\/de\/shop-2\/\"},{\"@type\":\"ListItem\",\"position\":3,\"name\":\"Brain Health\"}]},{\"@type\":\"WebSite\",\"@id\":\"https:\/\/dutchhealthstore.com\/de\/#website\",\"url\":\"https:\/\/dutchhealthstore.com\/de\/\",\"name\":\"Dutch Health Store\",\"description\":\"Enhance Your Beauty with Organic &amp; Natural Skincare\",\"publisher\":{\"@id\":\"https:\/\/dutchhealthstore.com\/de\/#organization\"},\"potentialAction\":[{\"@type\":\"SearchAction\",\"target\":{\"@type\":\"EntryPoint\",\"urlTemplate\":\"https:\/\/dutchhealthstore.com\/de\/?s={search_term_string}\"},\"query-input\":{\"@type\":\"PropertyValueSpecification\",\"valueRequired\":true,\"valueName\":\"search_term_string\"}}],\"inLanguage\":\"de\"},{\"@type\":\"Organization\",\"@id\":\"https:\/\/dutchhealthstore.com\/de\/#organization\",\"name\":\"Dutch Health Store\",\"url\":\"https:\/\/dutchhealthstore.com\/de\/\",\"logo\":{\"@type\":\"ImageObject\",\"inLanguage\":\"de\",\"@id\":\"https:\/\/dutchhealthstore.com\/de\/#\/schema\/logo\/image\/\",\"url\":\"https:\/\/dutchhealthstore.com\/wp-content\/uploads\/2020\/08\/logo-dutchhealthstore-jpg-e1599484957574.jpg\",\"contentUrl\":\"https:\/\/dutchhealthstore.com\/wp-content\/uploads\/2020\/08\/logo-dutchhealthstore-jpg-e1599484957574.jpg\",\"width\":400,\"height\":62,\"caption\":\"Dutch Health Store\"},\"image\":{\"@id\":\"https:\/\/dutchhealthstore.com\/de\/#\/schema\/logo\/image\/\"},\"sameAs\":[\"https:\/\/www.instagram.com\/dutchhealthstore\/\",\"https:\/\/www.facebook.com\/dutchhealthstore\"]}]}<\/script>\n<meta property=\"product:brand\" content=\"Global Healing\" \/>\n<meta property=\"product:price:amount\" content=\"62.95\" \/>\n<meta property=\"product:price:currency\" content=\"EUR\" \/>\n<meta property=\"og:availability\" content=\"instock\" \/>\n<meta property=\"product:availability\" content=\"instock\" \/>\n<meta property=\"product:condition\" content=\"new\" \/>\n<!-- \/ Yoast SEO Premium plugin. -->","yoast_head_json":{"title":"Brain Health - Global Healing","description":"Erh\u00f6hen Sie Ihren Geist mit unserer umfassenden Formel zur Unterst\u00fctzung des Gehirns","robots":{"index":"index","follow":"follow","max-snippet":"max-snippet:-1","max-image-preview":"max-image-preview:large","max-video-preview":"max-video-preview:-1"},"canonical":"https:\/\/dutchhealthstore.com\/de\/product\/brain-health\/","og_locale":"de_DE","og_type":"article","og_title":"Brain Health - Dutch Health Store","og_description":"Erh\u00f6hen Sie Ihren Geist mit unserer umfassenden Formel zur Unterst\u00fctzung des Gehirns","og_url":"https:\/\/dutchhealthstore.com\/de\/product\/brain-health\/","og_site_name":"Dutch Health Store","article_publisher":"https:\/\/www.instagram.com\/dutchhealthstore\/","article_modified_time":"2025-01-07T22:43:44+00:00","og_image":[{"width":510,"height":510,"url":"https:\/\/dutchhealthstore.com\/wp-content\/uploads\/2023\/11\/globalhealingbrainhealth.jpg","type":"image\/jpeg"}],"twitter_card":"summary_large_image","twitter_misc":{"Preis":"&euro;62,95","Verf\u00fcgbarkeit":"Auf Lager"},"schema":{"@context":"https:\/\/schema.org","@graph":[{"@type":"WebPage","@id":"https:\/\/dutchhealthstore.com\/de\/product\/brain-health\/","url":"https:\/\/dutchhealthstore.com\/de\/product\/brain-health\/","name":"Brain Health - Global Healing","isPartOf":{"@id":"https:\/\/dutchhealthstore.com\/de\/#website"},"primaryImageOfPage":{"@id":"https:\/\/dutchhealthstore.com\/de\/product\/brain-health\/#primaryimage"},"image":{"@id":"https:\/\/dutchhealthstore.com\/de\/product\/brain-health\/#primaryimage"},"thumbnailUrl":"https:\/\/dutchhealthstore.com\/wp-content\/uploads\/2023\/11\/globalhealingbrainhealth.jpg","datePublished":"2023-11-06T12:44:07+00:00","dateModified":"2025-01-07T22:43:44+00:00","description":"Erh\u00f6hen Sie Ihren Geist mit unserer umfassenden Formel zur Unterst\u00fctzung des Gehirns","breadcrumb":{"@id":"https:\/\/dutchhealthstore.com\/de\/product\/brain-health\/#breadcrumb"},"inLanguage":"de","potentialAction":[{"@type":"ReadAction","target":["https:\/\/dutchhealthstore.com\/de\/product\/brain-health\/"]}]},{"@type":"ImageObject","inLanguage":"de","@id":"https:\/\/dutchhealthstore.com\/de\/product\/brain-health\/#primaryimage","url":"https:\/\/dutchhealthstore.com\/wp-content\/uploads\/2023\/11\/globalhealingbrainhealth.jpg","contentUrl":"https:\/\/dutchhealthstore.com\/wp-content\/uploads\/2023\/11\/globalhealingbrainhealth.jpg","width":510,"height":510,"caption":"globalhealingbrainhealth"},{"@type":"BreadcrumbList","@id":"https:\/\/dutchhealthstore.com\/de\/product\/brain-health\/#breadcrumb","itemListElement":[{"@type":"ListItem","position":1,"name":"Home","item":"https:\/\/dutchhealthstore.com\/de\/"},{"@type":"ListItem","position":2,"name":"Shop","item":"https:\/\/dutchhealthstore.com\/de\/shop-2\/"},{"@type":"ListItem","position":3,"name":"Brain Health"}]},{"@type":"WebSite","@id":"https:\/\/dutchhealthstore.com\/de\/#website","url":"https:\/\/dutchhealthstore.com\/de\/","name":"Dutch Health Store","description":"Enhance Your Beauty with Organic &amp; Natural Skincare","publisher":{"@id":"https:\/\/dutchhealthstore.com\/de\/#organization"},"potentialAction":[{"@type":"SearchAction","target":{"@type":"EntryPoint","urlTemplate":"https:\/\/dutchhealthstore.com\/de\/?s={search_term_string}"},"query-input":{"@type":"PropertyValueSpecification","valueRequired":true,"valueName":"search_term_string"}}],"inLanguage":"de"},{"@type":"Organization","@id":"https:\/\/dutchhealthstore.com\/de\/#organization","name":"Dutch Health Store","url":"https:\/\/dutchhealthstore.com\/de\/","logo":{"@type":"ImageObject","inLanguage":"de","@id":"https:\/\/dutchhealthstore.com\/de\/#\/schema\/logo\/image\/","url":"https:\/\/dutchhealthstore.com\/wp-content\/uploads\/2020\/08\/logo-dutchhealthstore-jpg-e1599484957574.jpg","contentUrl":"https:\/\/dutchhealthstore.com\/wp-content\/uploads\/2020\/08\/logo-dutchhealthstore-jpg-e1599484957574.jpg","width":400,"height":62,"caption":"Dutch Health Store"},"image":{"@id":"https:\/\/dutchhealthstore.com\/de\/#\/schema\/logo\/image\/"},"sameAs":["https:\/\/www.instagram.com\/dutchhealthstore\/","https:\/\/www.facebook.com\/dutchhealthstore"]}]},"product_brand":"Global Healing","product_price_amount":"62.95","product_price_currency":"EUR","og_availability":"instock","product_availability":"instock","product_condition":"new"},"_links":{"self":[{"href":"https:\/\/dutchhealthstore.com\/de\/wp-json\/wp\/v2\/product\/263290","targetHints":{"allow":["GET"]}}],"collection":[{"href":"https:\/\/dutchhealthstore.com\/de\/wp-json\/wp\/v2\/product"}],"about":[{"href":"https:\/\/dutchhealthstore.com\/de\/wp-json\/wp\/v2\/types\/product"}],"replies":[{"embeddable":true,"href":"https:\/\/dutchhealthstore.com\/de\/wp-json\/wp\/v2\/comments?post=263290"}],"wp:featuredmedia":[{"embeddable":true,"href":"https:\/\/dutchhealthstore.com\/de\/wp-json\/wp\/v2\/media\/263238"}],"wp:attachment":[{"href":"https:\/\/dutchhealthstore.com\/de\/wp-json\/wp\/v2\/media?parent=263290"}],"wp:term":[{"taxonomy":"product_brand","embeddable":true,"href":"https:\/\/dutchhealthstore.com\/de\/wp-json\/wp\/v2\/product_brand?post=263290"},{"taxonomy":"product_cat","embeddable":true,"href":"https:\/\/dutchhealthstore.com\/de\/wp-json\/wp\/v2\/product_cat?post=263290"},{"taxonomy":"product_tag","embeddable":true,"href":"https:\/\/dutchhealthstore.com\/de\/wp-json\/wp\/v2\/product_tag?post=263290"}],"curies":[{"name":"wp","href":"https:\/\/api.w.org\/{rel}","templated":true}]}}