{"id":263287,"date":"2023-11-06T14:01:00","date_gmt":"2023-11-06T13:01:00","guid":{"rendered":"https:\/\/dutchhealthstore.com\/product\/turmeric-2\/"},"modified":"2025-04-13T17:34:57","modified_gmt":"2025-04-13T15:34:57","slug":"kurkuma-2","status":"publish","type":"product","link":"https:\/\/dutchhealthstore.com\/de\/product\/kurkuma-2\/","title":{"rendered":"Turmeric"},"content":{"rendered":"<p>Dieses energiegeladene Gebr\u00e4u enth\u00e4lt die gesamte Palette an Antioxidantien, die in Kurkuma enthalten sind, und wird durch schwarzen Pfeffer f\u00fcr eine optimale Aufnahme erg\u00e4nzt.<\/p>\n<p>Kurkuma wird seit Jahrtausenden verehrt und seine Geschichte reicht \u00fcber 4.000 Jahre zur\u00fcck. Allein im letzten Vierteljahrhundert war dieses ber\u00fchmte Gew\u00fcrz Gegenstand von fast 3.000 wissenschaftlichen Untersuchungen, in denen seine vielf\u00e4ltigen Verwendungsm\u00f6glichkeiten erforscht wurden.<\/p>\n<p>Durch die Kombination von frisch geerntetem, n\u00e4hrstoffreichem Kurkuma mit unserer einzigartigen Rohkr\u00e4uter-Extrakt-Technologie haben wir eine wirksame Fl\u00fcssigmischung entwickelt, die die gesamte Bandbreite der gesundheitsf\u00f6rdernden Verbindungen und Antioxidantien von Kurkuma einkapselt. Wir haben die Bioverf\u00fcgbarkeit dieser Formel mit Energized Trace Minerals\u2122 und einem Hauch von schwarzem Pfeffer weiter verbessert.<\/p>\n<h3><strong>Gr\u00f6\u00dfe: 59,2 ml \/ 2 fl oz <\/strong><\/h3>\n<h3><strong>Wie benutzt man <\/strong><\/h3>\n<p>Nehmen Sie 1\/4 Teel\u00f6ffel (etwa 2 Tropfen) morgens und abends ein.<\/p>\n<p><strong>Informationen zu Allergenen<\/strong>: Frei von Gluten und Tierversuchen. Dieses Produkt ist vegan.<\/p>\n<p><strong>Zus\u00e4tzliche Informationen <\/strong><\/p>\n<p>Leider ist es uns aufgrund der europ\u00e4ischen Gesetzgebung bez\u00fcglich gesundheitsbezogener Angaben nicht gestattet, hier vollst\u00e4ndige Informationen \u00fcber die Anwendung dieses Produkts zu geben. Wir empfehlen Ihnen, im Internet und\/oder auf der Website des Herstellers nach genaueren Informationen zu suchen.<\/p>\n<p><strong>Warnungen <\/strong><\/p>\n<p>Eine abwechslungsreiche, ausgewogene Ern\u00e4hrung und eine gesunde Lebensweise sind wichtig. Ein Nahrungserg\u00e4nzungsmittel ist kein Ersatz f\u00fcr eine abwechslungsreiche Ern\u00e4hrung. Au\u00dferhalb der Reichweite von kleinen Kindern aufbewahren. Bei Schwangerschaft, Stillzeit, Krankheit oder Einnahme von Medikamenten konsultieren Sie vor der Anwendung Ihren Arzt, Apotheker oder Gesundheitsdienstleister. \u00dcberschreiten Sie nicht die empfohlene Tagesdosis.<\/p>\n<p><strong>An einem k\u00fchlen und trockenen Ort aufbewahren <\/strong><\/p>\n<h2><strong>Nat\u00fcrliche \/ biologische Inhaltsstoffe <\/strong><\/h2>\n<p>Organic Turmeric Root (Curcuma longa), Black Pepper (Piper nigrum). Andere Zutaten: Zertifiziertes pflanzliches Bio-Glycerin, dreifach destilliertes Wasser, energetisierte Spurenelemente<\/p>\n\n\t<section class=\"section\" id=\"section_1115512552\">\n\t\t<div class=\"section-bg fill\" >\n\t\t\t\t\t\t\t\t\t\n\t\t\t\n\n\t\t<\/div>\n\n\t\t\n\n\t\t<div class=\"section-content relative\">\n\t\t\t\r\n\r\n<div class=\"is-divider divider clearfix\" style=\"max-width:100%;height:5px;background-color:rgb(135, 188, 113);\"><\/div>\r\n<h3><strong>Mehr \u00fcber Global Healing<\/strong>: Wo Reinheit auf Potenz trifft<\/h3>\r\n\r\n<hr \/>\r\n\r\n<ul>\r\n \t<li><strong><img decoding=\"async\" class=\"alignright wp-image-259518\" src=\"https:\/\/dutchhealthstore.com\/wp-content\/uploads\/2023\/10\/global-healing-color-web.png\" alt=\"global healing dr edward group\" width=\"146\" height=\"146\" srcset=\"https:\/\/dutchhealthstore.com\/wp-content\/uploads\/2023\/10\/global-healing-color-web.png 250w, https:\/\/dutchhealthstore.com\/wp-content\/uploads\/2023\/10\/global-healing-color-web-100x100.png 100w, https:\/\/dutchhealthstore.com\/wp-content\/uploads\/2023\/10\/global-healing-color-web-64x64.png 64w\" sizes=\"(max-width: 146px) 100vw, 146px\" \/>Rohkr\u00e4uter-Extrakt-Technologie: <\/strong>Unser einzigartiges Extraktionsverfahren bewahrt die nat\u00fcrlichen N\u00e4hrstoffe der Pflanze ohne den Einsatz von Hitze, Alkohol oder scharfen Chemikalien.<strong>\r\n<\/strong><\/li>\r\n \t<li><strong>Umweltvertr\u00e4gliche Beschaffung:<\/strong> Alle Inhaltsstoffe stammen von kleinen, biologischen Bauernh\u00f6fen oder aus Wildsammlung, so dass jedes Produkt sowohl rein als auch im Einklang mit der Natur ist.<\/li>\r\n \t<li><strong>Gr\u00fcndlicher Extraktionsprozess:<\/strong> Durch ein mehrstufiges, kaltes Extraktionsverfahren kombinieren wir die aktiven Pflanzenbestandteile mit biologischem pflanzlichem Glycerin und dreifach destilliertem Wasser, wodurch die Heilkraft der Pflanze eingekapselt wird.<\/li>\r\n \t<li><strong>Fortschrittliche Kaltfiltration:<\/strong> Unsere firmeneigene Technologie der Kaltfiltration stellt sicher, dass das fl\u00fcssige Produkt rein bleibt, ohne W\u00e4rme zu erzeugen, wodurch die empfindlichen Bestandteile der Kr\u00e4uter erhalten bleiben.<\/li>\r\n \t<li><strong>ORMUS Supercharged Mineralien<\/strong>: In einem letzten Schritt machen wir unsere Fl\u00fcssigextrakte durch die Zugabe von ORMUS Supercharged Minerals, die nach alten alchemistischen Methoden hergestellt werden, noch bioverf\u00fcgbarer und stabiler.<\/li>\r\n \t<li><strong>Qualit\u00e4ts- und Reinheitsgarantie<\/strong>: Alle Produkte werden strengen Tests unterzogen, um sicherzustellen, dass die h\u00f6chsten Qualit\u00e4ts- und Reinheitsstandards erf\u00fcllt werden.<\/li>\r\n<\/ul>\r\n\t\t<\/div>\n\n\t\t\n<style>\n#section_1115512552 {\n  padding-top: 30px;\n  padding-bottom: 30px;\n}\n<\/style>\n\t<\/section>\n\t\n","protected":false},"excerpt":{"rendered":"<p>Entdecken Sie die Potenz von reinem Kurkuma, das auf seinem H\u00f6hepunkt geerntet und durch unser spezielles Rohkr\u00e4uter-Extrakt-Verfahren verarbeitet wird.<\/p>\n","protected":false},"featured_media":263249,"comment_status":"open","ping_status":"closed","template":"","meta":[],"product_brand":[],"product_cat":[6764,8473,18390,6761,1032,1210,8472,8982,511,6747,6736],"product_tag":[21541,21523],"class_list":{"0":"post-263287","1":"product","2":"type-product","3":"status-publish","4":"has-post-thumbnail","6":"product_cat-colds-flu-de-2","7":"product_cat-health-de-2","8":"product_cat-global-healing-de","9":"product_cat-remedies-de-2","10":"product_cat-kategorien","11":"product_cat-marken","12":"product_cat-nutrition-de","13":"product_cat-optimum-health-de-2","14":"product_cat-produkte","15":"product_cat-mood-de-2","16":"product_cat-wellness-de","17":"product_tag-erganzung","18":"product_tag-verdauung","19":"pa_brand-global-healing-de","20":"pa_gtin-811839032670-de","21":"pa_health-productype-supplements-de","22":"pa_health-productype-optimum-health-de","23":"pa_size-2-oz-59-ml-de","25":"first","26":"instock","27":"taxable","28":"shipping-taxable","29":"purchasable","30":"product-type-simple"},"bundled_by":[],"bundle_stock_status":"instock","bundle_stock_quantity":1,"bundle_virtual":false,"bundle_layout":"","bundle_add_to_cart_form_location":"","bundle_editable_in_cart":false,"bundle_sold_individually_context":"","bundle_item_grouping":"","bundle_min_size":"","bundle_max_size":"","bundle_price":[],"bundled_items":[],"bundle_sell_ids":[],"atum_controlled":true,"out_stock_date":null,"out_stock_threshold":null,"inheritable":false,"stock_on_hold":0,"sold_today":0,"sales_last_days":0,"out_stock_days":0,"lost_sales":0,"update_date":"2026-04-11T00:02:04","atum_locations":[],"atum_stock_status":"instock","restock_status":false,"low_stock_amount":"","sales_update_date":"2026-04-11T00:02:04","calc_backorders":null,"group_of_quantity":0,"min_quantity":0,"max_quantity":"","exclude_order_quantity_value_rules":"no","exclude_category_quantity_rules":"no","combine_variations":"no","yoast_head":"<!-- This site is optimized with the Yoast SEO Premium plugin v26.5 (Yoast SEO v26.5) - https:\/\/yoast.com\/wordpress\/plugins\/seo\/ -->\n<title>Turmeric - Global Healing<\/title>\n<meta name=\"description\" content=\"Entdecken Sie die Potenz von reinem Kurkuma, das auf seinem H\u00f6hepunkt geerntet und durch unser spezielles Rohkr\u00e4uter-Extrakt-Verfahren verarbeitet wird.\" \/>\n<meta name=\"robots\" content=\"index, follow, max-snippet:-1, max-image-preview:large, max-video-preview:-1\" \/>\n<link rel=\"canonical\" href=\"https:\/\/dutchhealthstore.com\/de\/product\/kurkuma-2\/\" \/>\n<meta property=\"og:locale\" content=\"de_DE\" \/>\n<meta property=\"og:type\" content=\"article\" \/>\n<meta property=\"og:title\" content=\"Turmeric - Dutch Health Store\" \/>\n<meta property=\"og:description\" content=\"Entdecken Sie die Potenz von reinem Kurkuma, das auf seinem H\u00f6hepunkt geerntet und durch unser spezielles Rohkr\u00e4uter-Extrakt-Verfahren verarbeitet wird.\" \/>\n<meta property=\"og:url\" content=\"https:\/\/dutchhealthstore.com\/de\/product\/kurkuma-2\/\" \/>\n<meta property=\"og:site_name\" content=\"Dutch Health Store\" \/>\n<meta property=\"article:publisher\" content=\"https:\/\/www.instagram.com\/dutchhealthstore\/\" \/>\n<meta property=\"article:modified_time\" content=\"2025-04-13T15:34:57+00:00\" \/>\n<meta property=\"og:image\" content=\"https:\/\/dutchhealthstore.com\/wp-content\/uploads\/2023\/11\/globalhealingturmeric.jpg\" \/>\n\t<meta property=\"og:image:width\" content=\"510\" \/>\n\t<meta property=\"og:image:height\" content=\"510\" \/>\n\t<meta property=\"og:image:type\" content=\"image\/jpeg\" \/>\n<meta name=\"twitter:card\" content=\"summary_large_image\" \/>\n<meta name=\"twitter:label1\" content=\"Preis\" \/>\n\t<meta name=\"twitter:data1\" content=\"&euro;35,95\" \/>\n\t<meta name=\"twitter:label2\" content=\"Verf\u00fcgbarkeit\" \/>\n\t<meta name=\"twitter:data2\" content=\"Auf Lager\" \/>\n<script type=\"application\/ld+json\" class=\"yoast-schema-graph\">{\"@context\":\"https:\/\/schema.org\",\"@graph\":[{\"@type\":\"WebPage\",\"@id\":\"https:\/\/dutchhealthstore.com\/de\/product\/kurkuma-2\/\",\"url\":\"https:\/\/dutchhealthstore.com\/de\/product\/kurkuma-2\/\",\"name\":\"Turmeric - Global Healing\",\"isPartOf\":{\"@id\":\"https:\/\/dutchhealthstore.com\/de\/#website\"},\"primaryImageOfPage\":{\"@id\":\"https:\/\/dutchhealthstore.com\/de\/product\/kurkuma-2\/#primaryimage\"},\"image\":{\"@id\":\"https:\/\/dutchhealthstore.com\/de\/product\/kurkuma-2\/#primaryimage\"},\"thumbnailUrl\":\"https:\/\/dutchhealthstore.com\/wp-content\/uploads\/2023\/11\/globalhealingturmeric.jpg\",\"datePublished\":\"2023-11-06T13:01:00+00:00\",\"dateModified\":\"2025-04-13T15:34:57+00:00\",\"description\":\"Entdecken Sie die Potenz von reinem Kurkuma, das auf seinem H\u00f6hepunkt geerntet und durch unser spezielles Rohkr\u00e4uter-Extrakt-Verfahren verarbeitet wird.\",\"breadcrumb\":{\"@id\":\"https:\/\/dutchhealthstore.com\/de\/product\/kurkuma-2\/#breadcrumb\"},\"inLanguage\":\"de\",\"potentialAction\":[{\"@type\":\"ReadAction\",\"target\":[\"https:\/\/dutchhealthstore.com\/de\/product\/kurkuma-2\/\"]}]},{\"@type\":\"ImageObject\",\"inLanguage\":\"de\",\"@id\":\"https:\/\/dutchhealthstore.com\/de\/product\/kurkuma-2\/#primaryimage\",\"url\":\"https:\/\/dutchhealthstore.com\/wp-content\/uploads\/2023\/11\/globalhealingturmeric.jpg\",\"contentUrl\":\"https:\/\/dutchhealthstore.com\/wp-content\/uploads\/2023\/11\/globalhealingturmeric.jpg\",\"width\":510,\"height\":510,\"caption\":\"globalhealingturmeric\"},{\"@type\":\"BreadcrumbList\",\"@id\":\"https:\/\/dutchhealthstore.com\/de\/product\/kurkuma-2\/#breadcrumb\",\"itemListElement\":[{\"@type\":\"ListItem\",\"position\":1,\"name\":\"Home\",\"item\":\"https:\/\/dutchhealthstore.com\/de\/\"},{\"@type\":\"ListItem\",\"position\":2,\"name\":\"Shop\",\"item\":\"https:\/\/dutchhealthstore.com\/de\/shop-2\/\"},{\"@type\":\"ListItem\",\"position\":3,\"name\":\"Turmeric\"}]},{\"@type\":\"WebSite\",\"@id\":\"https:\/\/dutchhealthstore.com\/de\/#website\",\"url\":\"https:\/\/dutchhealthstore.com\/de\/\",\"name\":\"Dutch Health Store\",\"description\":\"Enhance Your Beauty with Organic &amp; Natural Skincare\",\"publisher\":{\"@id\":\"https:\/\/dutchhealthstore.com\/de\/#organization\"},\"potentialAction\":[{\"@type\":\"SearchAction\",\"target\":{\"@type\":\"EntryPoint\",\"urlTemplate\":\"https:\/\/dutchhealthstore.com\/de\/?s={search_term_string}\"},\"query-input\":{\"@type\":\"PropertyValueSpecification\",\"valueRequired\":true,\"valueName\":\"search_term_string\"}}],\"inLanguage\":\"de\"},{\"@type\":\"Organization\",\"@id\":\"https:\/\/dutchhealthstore.com\/de\/#organization\",\"name\":\"Dutch Health Store\",\"url\":\"https:\/\/dutchhealthstore.com\/de\/\",\"logo\":{\"@type\":\"ImageObject\",\"inLanguage\":\"de\",\"@id\":\"https:\/\/dutchhealthstore.com\/de\/#\/schema\/logo\/image\/\",\"url\":\"https:\/\/dutchhealthstore.com\/wp-content\/uploads\/2020\/08\/logo-dutchhealthstore-jpg-e1599484957574.jpg\",\"contentUrl\":\"https:\/\/dutchhealthstore.com\/wp-content\/uploads\/2020\/08\/logo-dutchhealthstore-jpg-e1599484957574.jpg\",\"width\":400,\"height\":62,\"caption\":\"Dutch Health Store\"},\"image\":{\"@id\":\"https:\/\/dutchhealthstore.com\/de\/#\/schema\/logo\/image\/\"},\"sameAs\":[\"https:\/\/www.instagram.com\/dutchhealthstore\/\",\"https:\/\/www.facebook.com\/dutchhealthstore\"]}]}<\/script>\n<meta property=\"product:brand\" content=\"Global Healing\" \/>\n<meta property=\"product:price:amount\" content=\"35.95\" \/>\n<meta property=\"product:price:currency\" content=\"EUR\" \/>\n<meta property=\"og:availability\" content=\"instock\" \/>\n<meta property=\"product:availability\" content=\"instock\" \/>\n<meta property=\"product:condition\" content=\"new\" \/>\n<!-- \/ Yoast SEO Premium plugin. -->","yoast_head_json":{"title":"Turmeric - Global Healing","description":"Entdecken Sie die Potenz von reinem Kurkuma, das auf seinem H\u00f6hepunkt geerntet und durch unser spezielles Rohkr\u00e4uter-Extrakt-Verfahren verarbeitet wird.","robots":{"index":"index","follow":"follow","max-snippet":"max-snippet:-1","max-image-preview":"max-image-preview:large","max-video-preview":"max-video-preview:-1"},"canonical":"https:\/\/dutchhealthstore.com\/de\/product\/kurkuma-2\/","og_locale":"de_DE","og_type":"article","og_title":"Turmeric - Dutch Health Store","og_description":"Entdecken Sie die Potenz von reinem Kurkuma, das auf seinem H\u00f6hepunkt geerntet und durch unser spezielles Rohkr\u00e4uter-Extrakt-Verfahren verarbeitet wird.","og_url":"https:\/\/dutchhealthstore.com\/de\/product\/kurkuma-2\/","og_site_name":"Dutch Health Store","article_publisher":"https:\/\/www.instagram.com\/dutchhealthstore\/","article_modified_time":"2025-04-13T15:34:57+00:00","og_image":[{"width":510,"height":510,"url":"https:\/\/dutchhealthstore.com\/wp-content\/uploads\/2023\/11\/globalhealingturmeric.jpg","type":"image\/jpeg"}],"twitter_card":"summary_large_image","twitter_misc":{"Preis":"&euro;35,95","Verf\u00fcgbarkeit":"Auf Lager"},"schema":{"@context":"https:\/\/schema.org","@graph":[{"@type":"WebPage","@id":"https:\/\/dutchhealthstore.com\/de\/product\/kurkuma-2\/","url":"https:\/\/dutchhealthstore.com\/de\/product\/kurkuma-2\/","name":"Turmeric - Global Healing","isPartOf":{"@id":"https:\/\/dutchhealthstore.com\/de\/#website"},"primaryImageOfPage":{"@id":"https:\/\/dutchhealthstore.com\/de\/product\/kurkuma-2\/#primaryimage"},"image":{"@id":"https:\/\/dutchhealthstore.com\/de\/product\/kurkuma-2\/#primaryimage"},"thumbnailUrl":"https:\/\/dutchhealthstore.com\/wp-content\/uploads\/2023\/11\/globalhealingturmeric.jpg","datePublished":"2023-11-06T13:01:00+00:00","dateModified":"2025-04-13T15:34:57+00:00","description":"Entdecken Sie die Potenz von reinem Kurkuma, das auf seinem H\u00f6hepunkt geerntet und durch unser spezielles Rohkr\u00e4uter-Extrakt-Verfahren verarbeitet wird.","breadcrumb":{"@id":"https:\/\/dutchhealthstore.com\/de\/product\/kurkuma-2\/#breadcrumb"},"inLanguage":"de","potentialAction":[{"@type":"ReadAction","target":["https:\/\/dutchhealthstore.com\/de\/product\/kurkuma-2\/"]}]},{"@type":"ImageObject","inLanguage":"de","@id":"https:\/\/dutchhealthstore.com\/de\/product\/kurkuma-2\/#primaryimage","url":"https:\/\/dutchhealthstore.com\/wp-content\/uploads\/2023\/11\/globalhealingturmeric.jpg","contentUrl":"https:\/\/dutchhealthstore.com\/wp-content\/uploads\/2023\/11\/globalhealingturmeric.jpg","width":510,"height":510,"caption":"globalhealingturmeric"},{"@type":"BreadcrumbList","@id":"https:\/\/dutchhealthstore.com\/de\/product\/kurkuma-2\/#breadcrumb","itemListElement":[{"@type":"ListItem","position":1,"name":"Home","item":"https:\/\/dutchhealthstore.com\/de\/"},{"@type":"ListItem","position":2,"name":"Shop","item":"https:\/\/dutchhealthstore.com\/de\/shop-2\/"},{"@type":"ListItem","position":3,"name":"Turmeric"}]},{"@type":"WebSite","@id":"https:\/\/dutchhealthstore.com\/de\/#website","url":"https:\/\/dutchhealthstore.com\/de\/","name":"Dutch Health Store","description":"Enhance Your Beauty with Organic &amp; Natural Skincare","publisher":{"@id":"https:\/\/dutchhealthstore.com\/de\/#organization"},"potentialAction":[{"@type":"SearchAction","target":{"@type":"EntryPoint","urlTemplate":"https:\/\/dutchhealthstore.com\/de\/?s={search_term_string}"},"query-input":{"@type":"PropertyValueSpecification","valueRequired":true,"valueName":"search_term_string"}}],"inLanguage":"de"},{"@type":"Organization","@id":"https:\/\/dutchhealthstore.com\/de\/#organization","name":"Dutch Health Store","url":"https:\/\/dutchhealthstore.com\/de\/","logo":{"@type":"ImageObject","inLanguage":"de","@id":"https:\/\/dutchhealthstore.com\/de\/#\/schema\/logo\/image\/","url":"https:\/\/dutchhealthstore.com\/wp-content\/uploads\/2020\/08\/logo-dutchhealthstore-jpg-e1599484957574.jpg","contentUrl":"https:\/\/dutchhealthstore.com\/wp-content\/uploads\/2020\/08\/logo-dutchhealthstore-jpg-e1599484957574.jpg","width":400,"height":62,"caption":"Dutch Health Store"},"image":{"@id":"https:\/\/dutchhealthstore.com\/de\/#\/schema\/logo\/image\/"},"sameAs":["https:\/\/www.instagram.com\/dutchhealthstore\/","https:\/\/www.facebook.com\/dutchhealthstore"]}]},"product_brand":"Global Healing","product_price_amount":"35.95","product_price_currency":"EUR","og_availability":"instock","product_availability":"instock","product_condition":"new"},"_links":{"self":[{"href":"https:\/\/dutchhealthstore.com\/de\/wp-json\/wp\/v2\/product\/263287","targetHints":{"allow":["GET"]}}],"collection":[{"href":"https:\/\/dutchhealthstore.com\/de\/wp-json\/wp\/v2\/product"}],"about":[{"href":"https:\/\/dutchhealthstore.com\/de\/wp-json\/wp\/v2\/types\/product"}],"replies":[{"embeddable":true,"href":"https:\/\/dutchhealthstore.com\/de\/wp-json\/wp\/v2\/comments?post=263287"}],"wp:featuredmedia":[{"embeddable":true,"href":"https:\/\/dutchhealthstore.com\/de\/wp-json\/wp\/v2\/media\/263249"}],"wp:attachment":[{"href":"https:\/\/dutchhealthstore.com\/de\/wp-json\/wp\/v2\/media?parent=263287"}],"wp:term":[{"taxonomy":"product_brand","embeddable":true,"href":"https:\/\/dutchhealthstore.com\/de\/wp-json\/wp\/v2\/product_brand?post=263287"},{"taxonomy":"product_cat","embeddable":true,"href":"https:\/\/dutchhealthstore.com\/de\/wp-json\/wp\/v2\/product_cat?post=263287"},{"taxonomy":"product_tag","embeddable":true,"href":"https:\/\/dutchhealthstore.com\/de\/wp-json\/wp\/v2\/product_tag?post=263287"}],"curies":[{"name":"wp","href":"https:\/\/api.w.org\/{rel}","templated":true}]}}