{"id":263284,"date":"2023-11-06T14:17:22","date_gmt":"2023-11-06T13:17:22","guid":{"rendered":"https:\/\/dutchhealthstore.com\/product\/multivitamin-with-minerals\/"},"modified":"2026-04-02T12:06:21","modified_gmt":"2026-04-02T10:06:21","slug":"multivitamin-with-minerals","status":"publish","type":"product","link":"https:\/\/dutchhealthstore.com\/de\/product\/multivitamin-with-minerals\/","title":{"rendered":"Multivitamin with Minerals"},"content":{"rendered":"<p>Unser umfassendes Multivitaminpr\u00e4parat enth\u00e4lt mehr als 30 lebenswichtige Vitamine und Mineralstoffe, die durch eine wirksame Antioxidantienmischung erg\u00e4nzt werden. Unser Ziel ist es, Ihnen ein t\u00e4gliches Nahrungserg\u00e4nzungsmittel anzubieten, das Ihre gesundheitlichen Ziele erf\u00fcllt, ohne den \u00dcberschuss an teuren und unn\u00f6tigen Zusatzstoffen, die Ihr K\u00f6rper weder braucht noch verwertet.<\/p>\n<p>100% vegan<br \/>\nFrei von GMOs<br \/>\nKeine Zusatzstoffe<br \/>\nHergestellt mit rein pflanzlichen Zutaten<br \/>\nUnsere Formel legt Wert auf Reinheit und besteht ausschlie\u00dflich aus pflanzlichen Inhaltsstoffen, die frei von k\u00fcnstlichen \u00dcberz\u00fcgen, F\u00fcllstoffen oder synthetischen Konservierungsmitteln sind. Es ist Ern\u00e4hrung in ihrer unverf\u00e4lschten Form, die Sie mit dem Wesentlichen versorgt, um Ern\u00e4hrungsdefizite auszugleichen, Ihr Wohlbefinden zu steigern und Ihre allgemeine Gesundheit zu verbessern.<\/p>\n<h3><strong>Gr\u00f6\u00dfe: 120 V-Kapseln <\/strong><\/h3>\n<h3><strong>Wie benutzt man <\/strong><\/h3>\n<p>Nehmen Sie 4 Kapseln t\u00e4glich oder wie von Ihrem medizinischen Betreuer empfohlen ein.<\/p>\n<p><strong>Allergeninformationen<\/strong>: Enth\u00e4lt Kokosnuss<\/p>\n<p><strong>Zus\u00e4tzliche Informationen <\/strong><\/p>\n<p>Leider ist es uns aufgrund der europ\u00e4ischen Gesetzgebung bez\u00fcglich gesundheitsbezogener Angaben nicht gestattet, hier vollst\u00e4ndige Informationen \u00fcber die Anwendung dieses Produkts zu geben. Wir empfehlen Ihnen, im Internet und\/oder auf der Website des Herstellers nach genaueren Informationen zu suchen.<\/p>\n<p><strong>Warnungen <\/strong><\/p>\n<p>Eine abwechslungsreiche, ausgewogene Ern\u00e4hrung und eine gesunde Lebensweise sind wichtig. Ein Nahrungserg\u00e4nzungsmittel ist kein Ersatz f\u00fcr eine abwechslungsreiche Ern\u00e4hrung. Au\u00dferhalb der Reichweite von kleinen Kindern aufbewahren. Bei Schwangerschaft, Stillzeit, Krankheit oder Einnahme von Medikamenten konsultieren Sie vor der Anwendung Ihren Arzt, Apotheker oder Gesundheitsdienstleister. \u00dcberschreiten Sie nicht die empfohlene Tagesdosis.<\/p>\n<p><strong>An einem k\u00fchlen, trockenen Ort aufbewahren  <\/strong><\/p>\n<h2><strong>Nat\u00fcrliche \/ biologische Inhaltsstoffe <\/strong><\/h2>\n<p>Vitamin A (Beta-Carotin), Vitamin C (Areola-Extrakt), Vitamin D (als D3-Flechtenextrakt), Vitamin E, Vitamin K, Thiamin, Riboflavin, Niacin, Vitamin B6, Folat, Vitamin B12, Biotin, Pantothens\u00e4ure, Cholin, Jod, Zink, Selen, Mangan, Chrom, Omega 3,6,9, Betain, Antioxidantienmischung: Erdbeere, Mango, Orange, Zitronensaft, Apfel, Karotte, Ananas, Cranberry, Papaya, Gr\u00fcnkohl, gefriergetrocknete Fr\u00fcchte Beldn: Goji, Acai, Maqui, Heidelbeere, Brombeere, Erdbeere, Rote Himbeere, Acerola, Kurkumawurzel, Inositol, Tulsi, energetisierte Spurenelemente<br \/>\nAndere Zutaten; Reish\u00fclsen, Gem\u00fcsekapseln<\/p>\n\n\t<section class=\"section\" id=\"section_1046951490\">\n\t\t<div class=\"section-bg fill\" >\n\t\t\t\t\t\t\t\t\t\n\t\t\t\n\n\t\t<\/div>\n\n\t\t\n\n\t\t<div class=\"section-content relative\">\n\t\t\t\r\n\r\n<div class=\"is-divider divider clearfix\" style=\"max-width:100%;height:5px;background-color:rgb(135, 188, 113);\"><\/div>\r\n<h3><strong>Mehr \u00fcber Global Healing<\/strong>: Wo Reinheit auf Potenz trifft<\/h3>\r\n\r\n<hr \/>\r\n\r\n<ul>\r\n \t<li><strong><img decoding=\"async\" class=\"alignright wp-image-259518\" src=\"https:\/\/dutchhealthstore.com\/wp-content\/uploads\/2023\/10\/global-healing-color-web.png\" alt=\"global healing dr edward group\" width=\"146\" height=\"146\" srcset=\"https:\/\/dutchhealthstore.com\/wp-content\/uploads\/2023\/10\/global-healing-color-web.png 250w, https:\/\/dutchhealthstore.com\/wp-content\/uploads\/2023\/10\/global-healing-color-web-100x100.png 100w, https:\/\/dutchhealthstore.com\/wp-content\/uploads\/2023\/10\/global-healing-color-web-64x64.png 64w\" sizes=\"(max-width: 146px) 100vw, 146px\" \/>Rohkr\u00e4uter-Extrakt-Technologie: <\/strong>Unser einzigartiges Extraktionsverfahren bewahrt die nat\u00fcrlichen N\u00e4hrstoffe der Pflanze ohne den Einsatz von Hitze, Alkohol oder scharfen Chemikalien.<strong>\r\n<\/strong><\/li>\r\n \t<li><strong>Umweltvertr\u00e4gliche Beschaffung:<\/strong> Alle Inhaltsstoffe stammen von kleinen, biologischen Bauernh\u00f6fen oder aus Wildsammlung, so dass jedes Produkt sowohl rein als auch im Einklang mit der Natur ist.<\/li>\r\n \t<li><strong>Gr\u00fcndlicher Extraktionsprozess:<\/strong> Durch ein mehrstufiges, kaltes Extraktionsverfahren kombinieren wir die aktiven Pflanzenbestandteile mit biologischem pflanzlichem Glycerin und dreifach destilliertem Wasser, wodurch die Heilkraft der Pflanze eingekapselt wird.<\/li>\r\n \t<li><strong>Fortschrittliche Kaltfiltration:<\/strong> Unsere firmeneigene Technologie der Kaltfiltration stellt sicher, dass das fl\u00fcssige Produkt rein bleibt, ohne W\u00e4rme zu erzeugen, wodurch die empfindlichen Bestandteile der Kr\u00e4uter erhalten bleiben.<\/li>\r\n \t<li><strong>ORMUS Supercharged Mineralien<\/strong>: In einem letzten Schritt machen wir unsere Fl\u00fcssigextrakte durch die Zugabe von ORMUS Supercharged Minerals, die nach alten alchemistischen Methoden hergestellt werden, noch bioverf\u00fcgbarer und stabiler.<\/li>\r\n \t<li><strong>Qualit\u00e4ts- und Reinheitsgarantie<\/strong>: Alle Produkte werden strengen Tests unterzogen, um sicherzustellen, dass die h\u00f6chsten Qualit\u00e4ts- und Reinheitsstandards erf\u00fcllt werden.<\/li>\r\n<\/ul>\r\n\t\t<\/div>\n\n\t\t\n<style>\n#section_1046951490 {\n  padding-top: 30px;\n  padding-bottom: 30px;\n}\n<\/style>\n\t<\/section>\n\t\n","protected":false},"excerpt":{"rendered":"<p>Auch wenn unsere Mahlzeiten nicht immer alle N\u00e4hrwertkriterien erf\u00fcllen, gibt es eine L\u00f6sung, um die L\u00fccke zu schlie\u00dfen<\/p>\n","protected":false},"featured_media":263259,"comment_status":"open","ping_status":"closed","template":"","meta":[],"product_brand":[],"product_cat":[8509,6645,8473,18390,6761,10913,1032,1210,8472,8982,511,6736],"product_tag":[21541,21522,21301],"class_list":{"0":"post-263284","1":"product","2":"type-product","3":"status-publish","4":"has-post-thumbnail","6":"product_cat-every-day-solutions-de","7":"product_cat-family-de","8":"product_cat-health-de-2","9":"product_cat-global-healing-de","10":"product_cat-remedies-de-2","11":"product_cat-immunity-colds-de","12":"product_cat-kategorien","13":"product_cat-marken","14":"product_cat-nutrition-de","15":"product_cat-optimum-health-de-2","16":"product_cat-produkte","17":"product_cat-wellness-de","18":"product_tag-erganzung","19":"product_tag-optimale-gesundheit","20":"product_tag-vitamins","21":"pa_brand-global-healing-de","22":"pa_gtin-811839032472-de","23":"pa_health-productype-supplements-de","24":"pa_health-productype-optimum-health-de","25":"pa_size-120-capsules-de","27":"first","28":"instock","29":"taxable","30":"shipping-taxable","31":"purchasable","32":"product-type-simple"},"bundled_by":[],"bundle_stock_status":"instock","bundle_stock_quantity":1,"bundle_virtual":false,"bundle_layout":"","bundle_add_to_cart_form_location":"","bundle_editable_in_cart":false,"bundle_sold_individually_context":"","bundle_item_grouping":"","bundle_min_size":"","bundle_max_size":"","bundle_price":[],"bundled_items":[],"bundle_sell_ids":[],"atum_controlled":true,"out_stock_date":null,"out_stock_threshold":null,"inheritable":false,"stock_on_hold":0,"sold_today":0,"sales_last_days":0,"out_stock_days":0,"lost_sales":0,"update_date":"2026-04-02T10:06:31","atum_locations":[],"atum_stock_status":"instock","restock_status":false,"low_stock_amount":"","sales_update_date":"2026-04-02T10:06:06","calc_backorders":null,"group_of_quantity":0,"min_quantity":0,"max_quantity":"","exclude_order_quantity_value_rules":"no","exclude_category_quantity_rules":"no","combine_variations":"no","yoast_head":"<!-- This site is optimized with the Yoast SEO Premium plugin v26.5 (Yoast SEO v26.5) - https:\/\/yoast.com\/wordpress\/plugins\/seo\/ -->\n<title>Multivitamin with Minerals - Global Healing<\/title>\n<meta name=\"description\" content=\"Auch wenn unsere Mahlzeiten nicht immer alle N\u00e4hrwertkriterien erf\u00fcllen, gibt es eine L\u00f6sung, um die L\u00fccke zu schlie\u00dfen\" \/>\n<meta name=\"robots\" content=\"index, follow, max-snippet:-1, max-image-preview:large, max-video-preview:-1\" \/>\n<link rel=\"canonical\" href=\"https:\/\/dutchhealthstore.com\/de\/product\/multivitamin-with-minerals\/\" \/>\n<meta property=\"og:locale\" content=\"de_DE\" \/>\n<meta property=\"og:type\" content=\"article\" \/>\n<meta property=\"og:title\" content=\"Multivitamin with Minerals - Dutch Health Store\" \/>\n<meta property=\"og:description\" content=\"Auch wenn unsere Mahlzeiten nicht immer alle N\u00e4hrwertkriterien erf\u00fcllen, gibt es eine L\u00f6sung, um die L\u00fccke zu schlie\u00dfen\" \/>\n<meta property=\"og:url\" content=\"https:\/\/dutchhealthstore.com\/de\/product\/multivitamin-with-minerals\/\" \/>\n<meta property=\"og:site_name\" content=\"Dutch Health Store\" \/>\n<meta property=\"article:publisher\" content=\"https:\/\/www.instagram.com\/dutchhealthstore\/\" \/>\n<meta property=\"article:modified_time\" content=\"2026-04-02T10:06:21+00:00\" \/>\n<meta property=\"og:image\" content=\"https:\/\/dutchhealthstore.com\/wp-content\/uploads\/2023\/11\/globalhealingmultivitaminwithminerals.jpg\" \/>\n\t<meta property=\"og:image:width\" content=\"510\" \/>\n\t<meta property=\"og:image:height\" content=\"510\" \/>\n\t<meta property=\"og:image:type\" content=\"image\/jpeg\" \/>\n<meta name=\"twitter:card\" content=\"summary_large_image\" \/>\n<meta name=\"twitter:label1\" content=\"Preis\" \/>\n\t<meta name=\"twitter:data1\" content=\"&euro;89,95\" \/>\n\t<meta name=\"twitter:label2\" content=\"Verf\u00fcgbarkeit\" \/>\n\t<meta name=\"twitter:data2\" content=\"Auf Lager\" \/>\n<script type=\"application\/ld+json\" class=\"yoast-schema-graph\">{\"@context\":\"https:\/\/schema.org\",\"@graph\":[{\"@type\":\"WebPage\",\"@id\":\"https:\/\/dutchhealthstore.com\/de\/product\/multivitamin-with-minerals\/\",\"url\":\"https:\/\/dutchhealthstore.com\/de\/product\/multivitamin-with-minerals\/\",\"name\":\"Multivitamin with Minerals - Global Healing\",\"isPartOf\":{\"@id\":\"https:\/\/dutchhealthstore.com\/de\/#website\"},\"primaryImageOfPage\":{\"@id\":\"https:\/\/dutchhealthstore.com\/de\/product\/multivitamin-with-minerals\/#primaryimage\"},\"image\":{\"@id\":\"https:\/\/dutchhealthstore.com\/de\/product\/multivitamin-with-minerals\/#primaryimage\"},\"thumbnailUrl\":\"https:\/\/dutchhealthstore.com\/wp-content\/uploads\/2023\/11\/globalhealingmultivitaminwithminerals.jpg\",\"datePublished\":\"2023-11-06T13:17:22+00:00\",\"dateModified\":\"2026-04-02T10:06:21+00:00\",\"description\":\"Auch wenn unsere Mahlzeiten nicht immer alle N\u00e4hrwertkriterien erf\u00fcllen, gibt es eine L\u00f6sung, um die L\u00fccke zu schlie\u00dfen\",\"breadcrumb\":{\"@id\":\"https:\/\/dutchhealthstore.com\/de\/product\/multivitamin-with-minerals\/#breadcrumb\"},\"inLanguage\":\"de\",\"potentialAction\":[{\"@type\":\"ReadAction\",\"target\":[\"https:\/\/dutchhealthstore.com\/de\/product\/multivitamin-with-minerals\/\"]}]},{\"@type\":\"ImageObject\",\"inLanguage\":\"de\",\"@id\":\"https:\/\/dutchhealthstore.com\/de\/product\/multivitamin-with-minerals\/#primaryimage\",\"url\":\"https:\/\/dutchhealthstore.com\/wp-content\/uploads\/2023\/11\/globalhealingmultivitaminwithminerals.jpg\",\"contentUrl\":\"https:\/\/dutchhealthstore.com\/wp-content\/uploads\/2023\/11\/globalhealingmultivitaminwithminerals.jpg\",\"width\":510,\"height\":510,\"caption\":\"globalhealingmultivitaminwithminerals\"},{\"@type\":\"BreadcrumbList\",\"@id\":\"https:\/\/dutchhealthstore.com\/de\/product\/multivitamin-with-minerals\/#breadcrumb\",\"itemListElement\":[{\"@type\":\"ListItem\",\"position\":1,\"name\":\"Home\",\"item\":\"https:\/\/dutchhealthstore.com\/de\/\"},{\"@type\":\"ListItem\",\"position\":2,\"name\":\"Shop\",\"item\":\"https:\/\/dutchhealthstore.com\/de\/shop-2\/\"},{\"@type\":\"ListItem\",\"position\":3,\"name\":\"Multivitamin with Minerals\"}]},{\"@type\":\"WebSite\",\"@id\":\"https:\/\/dutchhealthstore.com\/de\/#website\",\"url\":\"https:\/\/dutchhealthstore.com\/de\/\",\"name\":\"Dutch Health Store\",\"description\":\"Enhance Your Beauty with Organic &amp; Natural Skincare\",\"publisher\":{\"@id\":\"https:\/\/dutchhealthstore.com\/de\/#organization\"},\"potentialAction\":[{\"@type\":\"SearchAction\",\"target\":{\"@type\":\"EntryPoint\",\"urlTemplate\":\"https:\/\/dutchhealthstore.com\/de\/?s={search_term_string}\"},\"query-input\":{\"@type\":\"PropertyValueSpecification\",\"valueRequired\":true,\"valueName\":\"search_term_string\"}}],\"inLanguage\":\"de\"},{\"@type\":\"Organization\",\"@id\":\"https:\/\/dutchhealthstore.com\/de\/#organization\",\"name\":\"Dutch Health Store\",\"url\":\"https:\/\/dutchhealthstore.com\/de\/\",\"logo\":{\"@type\":\"ImageObject\",\"inLanguage\":\"de\",\"@id\":\"https:\/\/dutchhealthstore.com\/de\/#\/schema\/logo\/image\/\",\"url\":\"https:\/\/dutchhealthstore.com\/wp-content\/uploads\/2020\/08\/logo-dutchhealthstore-jpg-e1599484957574.jpg\",\"contentUrl\":\"https:\/\/dutchhealthstore.com\/wp-content\/uploads\/2020\/08\/logo-dutchhealthstore-jpg-e1599484957574.jpg\",\"width\":400,\"height\":62,\"caption\":\"Dutch Health Store\"},\"image\":{\"@id\":\"https:\/\/dutchhealthstore.com\/de\/#\/schema\/logo\/image\/\"},\"sameAs\":[\"https:\/\/www.instagram.com\/dutchhealthstore\/\",\"https:\/\/www.facebook.com\/dutchhealthstore\"]}]}<\/script>\n<meta property=\"product:brand\" content=\"Global Healing\" \/>\n<meta property=\"product:price:amount\" content=\"89.95\" \/>\n<meta property=\"product:price:currency\" content=\"EUR\" \/>\n<meta property=\"og:availability\" content=\"instock\" \/>\n<meta property=\"product:availability\" content=\"instock\" \/>\n<meta property=\"product:condition\" content=\"new\" \/>\n<!-- \/ Yoast SEO Premium plugin. -->","yoast_head_json":{"title":"Multivitamin with Minerals - Global Healing","description":"Auch wenn unsere Mahlzeiten nicht immer alle N\u00e4hrwertkriterien erf\u00fcllen, gibt es eine L\u00f6sung, um die L\u00fccke zu schlie\u00dfen","robots":{"index":"index","follow":"follow","max-snippet":"max-snippet:-1","max-image-preview":"max-image-preview:large","max-video-preview":"max-video-preview:-1"},"canonical":"https:\/\/dutchhealthstore.com\/de\/product\/multivitamin-with-minerals\/","og_locale":"de_DE","og_type":"article","og_title":"Multivitamin with Minerals - Dutch Health Store","og_description":"Auch wenn unsere Mahlzeiten nicht immer alle N\u00e4hrwertkriterien erf\u00fcllen, gibt es eine L\u00f6sung, um die L\u00fccke zu schlie\u00dfen","og_url":"https:\/\/dutchhealthstore.com\/de\/product\/multivitamin-with-minerals\/","og_site_name":"Dutch Health Store","article_publisher":"https:\/\/www.instagram.com\/dutchhealthstore\/","article_modified_time":"2026-04-02T10:06:21+00:00","og_image":[{"width":510,"height":510,"url":"https:\/\/dutchhealthstore.com\/wp-content\/uploads\/2023\/11\/globalhealingmultivitaminwithminerals.jpg","type":"image\/jpeg"}],"twitter_card":"summary_large_image","twitter_misc":{"Preis":"&euro;89,95","Verf\u00fcgbarkeit":"Auf Lager"},"schema":{"@context":"https:\/\/schema.org","@graph":[{"@type":"WebPage","@id":"https:\/\/dutchhealthstore.com\/de\/product\/multivitamin-with-minerals\/","url":"https:\/\/dutchhealthstore.com\/de\/product\/multivitamin-with-minerals\/","name":"Multivitamin with Minerals - Global Healing","isPartOf":{"@id":"https:\/\/dutchhealthstore.com\/de\/#website"},"primaryImageOfPage":{"@id":"https:\/\/dutchhealthstore.com\/de\/product\/multivitamin-with-minerals\/#primaryimage"},"image":{"@id":"https:\/\/dutchhealthstore.com\/de\/product\/multivitamin-with-minerals\/#primaryimage"},"thumbnailUrl":"https:\/\/dutchhealthstore.com\/wp-content\/uploads\/2023\/11\/globalhealingmultivitaminwithminerals.jpg","datePublished":"2023-11-06T13:17:22+00:00","dateModified":"2026-04-02T10:06:21+00:00","description":"Auch wenn unsere Mahlzeiten nicht immer alle N\u00e4hrwertkriterien erf\u00fcllen, gibt es eine L\u00f6sung, um die L\u00fccke zu schlie\u00dfen","breadcrumb":{"@id":"https:\/\/dutchhealthstore.com\/de\/product\/multivitamin-with-minerals\/#breadcrumb"},"inLanguage":"de","potentialAction":[{"@type":"ReadAction","target":["https:\/\/dutchhealthstore.com\/de\/product\/multivitamin-with-minerals\/"]}]},{"@type":"ImageObject","inLanguage":"de","@id":"https:\/\/dutchhealthstore.com\/de\/product\/multivitamin-with-minerals\/#primaryimage","url":"https:\/\/dutchhealthstore.com\/wp-content\/uploads\/2023\/11\/globalhealingmultivitaminwithminerals.jpg","contentUrl":"https:\/\/dutchhealthstore.com\/wp-content\/uploads\/2023\/11\/globalhealingmultivitaminwithminerals.jpg","width":510,"height":510,"caption":"globalhealingmultivitaminwithminerals"},{"@type":"BreadcrumbList","@id":"https:\/\/dutchhealthstore.com\/de\/product\/multivitamin-with-minerals\/#breadcrumb","itemListElement":[{"@type":"ListItem","position":1,"name":"Home","item":"https:\/\/dutchhealthstore.com\/de\/"},{"@type":"ListItem","position":2,"name":"Shop","item":"https:\/\/dutchhealthstore.com\/de\/shop-2\/"},{"@type":"ListItem","position":3,"name":"Multivitamin with Minerals"}]},{"@type":"WebSite","@id":"https:\/\/dutchhealthstore.com\/de\/#website","url":"https:\/\/dutchhealthstore.com\/de\/","name":"Dutch Health Store","description":"Enhance Your Beauty with Organic &amp; Natural Skincare","publisher":{"@id":"https:\/\/dutchhealthstore.com\/de\/#organization"},"potentialAction":[{"@type":"SearchAction","target":{"@type":"EntryPoint","urlTemplate":"https:\/\/dutchhealthstore.com\/de\/?s={search_term_string}"},"query-input":{"@type":"PropertyValueSpecification","valueRequired":true,"valueName":"search_term_string"}}],"inLanguage":"de"},{"@type":"Organization","@id":"https:\/\/dutchhealthstore.com\/de\/#organization","name":"Dutch Health Store","url":"https:\/\/dutchhealthstore.com\/de\/","logo":{"@type":"ImageObject","inLanguage":"de","@id":"https:\/\/dutchhealthstore.com\/de\/#\/schema\/logo\/image\/","url":"https:\/\/dutchhealthstore.com\/wp-content\/uploads\/2020\/08\/logo-dutchhealthstore-jpg-e1599484957574.jpg","contentUrl":"https:\/\/dutchhealthstore.com\/wp-content\/uploads\/2020\/08\/logo-dutchhealthstore-jpg-e1599484957574.jpg","width":400,"height":62,"caption":"Dutch Health Store"},"image":{"@id":"https:\/\/dutchhealthstore.com\/de\/#\/schema\/logo\/image\/"},"sameAs":["https:\/\/www.instagram.com\/dutchhealthstore\/","https:\/\/www.facebook.com\/dutchhealthstore"]}]},"product_brand":"Global Healing","product_price_amount":"89.95","product_price_currency":"EUR","og_availability":"instock","product_availability":"instock","product_condition":"new"},"_links":{"self":[{"href":"https:\/\/dutchhealthstore.com\/de\/wp-json\/wp\/v2\/product\/263284","targetHints":{"allow":["GET"]}}],"collection":[{"href":"https:\/\/dutchhealthstore.com\/de\/wp-json\/wp\/v2\/product"}],"about":[{"href":"https:\/\/dutchhealthstore.com\/de\/wp-json\/wp\/v2\/types\/product"}],"replies":[{"embeddable":true,"href":"https:\/\/dutchhealthstore.com\/de\/wp-json\/wp\/v2\/comments?post=263284"}],"wp:featuredmedia":[{"embeddable":true,"href":"https:\/\/dutchhealthstore.com\/de\/wp-json\/wp\/v2\/media\/263259"}],"wp:attachment":[{"href":"https:\/\/dutchhealthstore.com\/de\/wp-json\/wp\/v2\/media?parent=263284"}],"wp:term":[{"taxonomy":"product_brand","embeddable":true,"href":"https:\/\/dutchhealthstore.com\/de\/wp-json\/wp\/v2\/product_brand?post=263284"},{"taxonomy":"product_cat","embeddable":true,"href":"https:\/\/dutchhealthstore.com\/de\/wp-json\/wp\/v2\/product_cat?post=263284"},{"taxonomy":"product_tag","embeddable":true,"href":"https:\/\/dutchhealthstore.com\/de\/wp-json\/wp\/v2\/product_tag?post=263284"}],"curies":[{"name":"wp","href":"https:\/\/api.w.org\/{rel}","templated":true}]}}