{"id":260186,"date":"2023-10-03T12:26:58","date_gmt":"2023-10-03T10:26:58","guid":{"rendered":"https:\/\/dutchhealthstore.com\/product\/tulsi\/"},"modified":"2023-12-07T11:14:04","modified_gmt":"2023-12-07T11:14:04","slug":"tulsi","status":"publish","type":"product","link":"https:\/\/dutchhealthstore.com\/de\/product\/tulsi\/","title":{"rendered":"Tulsi"},"content":{"rendered":"<p>Die Tulsi-Rezeptur von Global Healing Center wird aus frischen Bl\u00e4ttern unter Verwendung unserer Raw Herbal ExtractTM Technologie und Energized Trace MineralsTM hergestellt.<\/p>\n<ul>\n<li>Beruhigt die Nerven<\/li>\n<li>Unterst\u00fctzt das Immunsystem<\/li>\n<li>Gleicht Energieniveaus aus<\/li>\n<\/ul>\n<p>Wir werden niemals Komponenten oder Verpackungen verwenden, die f\u00fcr die Umwelt oder Ihre Gesundheit gef\u00e4hrlich sein k\u00f6nnten. Tulsi ist frei von:<\/p>\n<ul>\n<li>GVO<\/li>\n<li>Alkohol<\/li>\n<li>Tierische Nebenprodukte<\/li>\n<li>Allergene<\/li>\n<li>Gluten<\/li>\n<li>Soja<\/li>\n<li>Molkerei<\/li>\n<\/ul>\n<p><strong>Warum unser Tulsi anders ist<\/strong><\/p>\n<p>Dieser konzentrierte, bioverf\u00fcgbare rohe Kr\u00e4uterextrakt bietet Ihnen die beste verf\u00fcgbare Tulsi-Erg\u00e4nzung.<\/p>\n<p><strong>Frische, biologische Bl\u00e4tter und Blumen<\/strong><\/p>\n<p>Global Healing verwendet ausschlie\u00dflich frische Tulsi-Bl\u00e4tter und -Bl\u00fcten, die direkt von Bio-Z\u00fcchtern bezogen werden, die zum perfekten Zeitpunkt von Hand ernten, um ein Maximum an N\u00e4hrstoffen zu gew\u00e4hrleisten.<\/p>\n<p><strong>Alkoholfrei<\/strong><\/p>\n<p>Unsere Raw Herbal Extract-Technologie verwendet zertifiziertes Bio-Glycerin aus Senfsaat, um die lebenswichtigen N\u00e4hrstoffe und die Lebensenergie der Pflanze zu erhalten.<\/p>\n<p><strong>Hohe Bioverf\u00fcgbarkeit<\/strong><\/p>\n<p>Exklusiv f\u00fcr unsere Raw Herbal Extract-Technologie wird der Kr\u00e4uterextrakt mit Energized Trace Minerals kombiniert &#8211; einer kohlenstoff- und schwefelhaltigen Mineralienmischung, die die energetische Struktur und Bioverf\u00fcgbarkeit des Extrakts verbessert.<\/p>\n<h3><strong>Gr\u00f6\u00dfe: 59 ml<\/strong><\/h3>\n<h3>Wie benutzt man<\/h3>\n<p>Nehmen Sie 1 ML morgens und abends ein.<\/p>\n<p>Au\u00dferhalb der Reichweite von Kindern aufbewahren. Konsultieren Sie vor der Einnahme Ihren Arzt, wenn Sie schwanger sind oder stillen.<\/p>\n<p><strong>Zus\u00e4tzliche Informationen<\/strong> Aufgrund der europ\u00e4ischen Gesetzgebung bez\u00fcglich gesundheitsbezogener Angaben ist es uns leider nicht gestattet, hier vollst\u00e4ndige Informationen \u00fcber die Anwendung dieses Produkts zu geben. Wir empfehlen Ihnen, im Internet und\/oder auf der Website des Herstellers nach genaueren Informationen zu suchen.<\/p>\n<p><strong>Warnhinweise<\/strong> Eine abwechslungsreiche, ausgewogene Ern\u00e4hrung und eine gesunde Lebensweise sind wichtig. Ein Nahrungserg\u00e4nzungsmittel ist kein Ersatz f\u00fcr eine abwechslungsreiche Ern\u00e4hrung. Au\u00dferhalb der Reichweite von kleinen Kindern aufbewahren. Bei Schwangerschaft, Stillzeit, Krankheit oder Einnahme von Medikamenten konsultieren Sie vor der Anwendung Ihren Arzt, Apotheker oder Gesundheitsdienstleister. \u00dcberschreiten Sie nicht die empfohlene Tagesdosis.<\/p>\n<h2><strong>Nat\u00fcrliche \/ biologische Inhaltsstoffe <\/strong><\/h2>\n<p>Tulsi Herb (Ocimum sanctum) Other Ingredients: Vegetable Glycerin, Triple Distilled Water, Energized Trace Minerals<\/p>\n\n\t<section class=\"section\" id=\"section_5810203\">\n\t\t<div class=\"section-bg fill\" >\n\t\t\t\t\t\t\t\t\t\n\t\t\t\n\n\t\t<\/div>\n\n\t\t\n\n\t\t<div class=\"section-content relative\">\n\t\t\t\r\n\r\n<div class=\"is-divider divider clearfix\" style=\"max-width:100%;height:5px;background-color:rgb(135, 188, 113);\"><\/div>\r\n<h3><strong>Mehr \u00fcber Global Healing<\/strong>: Wo Reinheit auf Potenz trifft<\/h3>\r\n\r\n<hr \/>\r\n\r\n<ul>\r\n \t<li><strong><img decoding=\"async\" class=\"alignright wp-image-259518\" src=\"https:\/\/dutchhealthstore.com\/wp-content\/uploads\/2023\/10\/global-healing-color-web.png\" alt=\"global healing dr edward group\" width=\"146\" height=\"146\" srcset=\"https:\/\/dutchhealthstore.com\/wp-content\/uploads\/2023\/10\/global-healing-color-web.png 250w, https:\/\/dutchhealthstore.com\/wp-content\/uploads\/2023\/10\/global-healing-color-web-100x100.png 100w, https:\/\/dutchhealthstore.com\/wp-content\/uploads\/2023\/10\/global-healing-color-web-64x64.png 64w\" sizes=\"(max-width: 146px) 100vw, 146px\" \/>Rohkr\u00e4uter-Extrakt-Technologie: <\/strong>Unser einzigartiges Extraktionsverfahren bewahrt die nat\u00fcrlichen N\u00e4hrstoffe der Pflanze ohne den Einsatz von Hitze, Alkohol oder scharfen Chemikalien.<strong>\r\n<\/strong><\/li>\r\n \t<li><strong>Umweltvertr\u00e4gliche Beschaffung:<\/strong> Alle Inhaltsstoffe stammen von kleinen, biologischen Bauernh\u00f6fen oder aus Wildsammlung, so dass jedes Produkt sowohl rein als auch im Einklang mit der Natur ist.<\/li>\r\n \t<li><strong>Gr\u00fcndlicher Extraktionsprozess:<\/strong> Durch ein mehrstufiges, kaltes Extraktionsverfahren kombinieren wir die aktiven Pflanzenbestandteile mit biologischem pflanzlichem Glycerin und dreifach destilliertem Wasser, wodurch die Heilkraft der Pflanze eingekapselt wird.<\/li>\r\n \t<li><strong>Fortschrittliche Kaltfiltration:<\/strong> Unsere firmeneigene Technologie der Kaltfiltration stellt sicher, dass das fl\u00fcssige Produkt rein bleibt, ohne W\u00e4rme zu erzeugen, wodurch die empfindlichen Bestandteile der Kr\u00e4uter erhalten bleiben.<\/li>\r\n \t<li><strong>ORMUS Supercharged Mineralien<\/strong>: In einem letzten Schritt machen wir unsere Fl\u00fcssigextrakte durch die Zugabe von ORMUS Supercharged Minerals, die nach alten alchemistischen Methoden hergestellt werden, noch bioverf\u00fcgbarer und stabiler.<\/li>\r\n \t<li><strong>Qualit\u00e4ts- und Reinheitsgarantie<\/strong>: Alle Produkte werden strengen Tests unterzogen, um sicherzustellen, dass die h\u00f6chsten Qualit\u00e4ts- und Reinheitsstandards erf\u00fcllt werden.<\/li>\r\n<\/ul>\r\n\t\t<\/div>\n\n\t\t\n<style>\n#section_5810203 {\n  padding-top: 30px;\n  padding-bottom: 30px;\n}\n<\/style>\n\t<\/section>\n\t\n","protected":false},"excerpt":{"rendered":"<p>Tulsi, auch bekannt als Heiliges Basilikum, gilt in der ayurvedischen Medizin als heilige Pflanze und wird gelegentlich auch als &#8222;K\u00f6nigin der Kr\u00e4uter&#8220; bezeichnet.<\/p>\n","protected":false},"featured_media":259942,"comment_status":"open","ping_status":"closed","template":"","meta":[],"product_brand":[],"product_cat":[8456,6766,8473,18390,10206,1032,1210,8472,8982,511,6747,8957],"product_tag":[21522],"class_list":{"0":"post-260186","1":"product","2":"type-product","3":"status-publish","4":"has-post-thumbnail","6":"product_cat-balance-calm-de-2","7":"product_cat-energy-vitality-de-2","8":"product_cat-health-de-2","9":"product_cat-global-healing-de","10":"product_cat-inner-peace-de","11":"product_cat-kategorien","12":"product_cat-marken","13":"product_cat-nutrition-de","14":"product_cat-optimum-health-de-2","15":"product_cat-produkte","16":"product_cat-mood-de-2","17":"product_cat-stress-relief-de","18":"product_tag-optimale-gesundheit","19":"pa_brand-global-healing-de","20":"pa_gtin-8118390300265-de","21":"pa_health-productype-supplements-de","22":"pa_health-productype-immunity-colds-de","23":"pa_health-productype-optimum-health-de","24":"pa_size-59-ml-2-oz-de","26":"first","27":"instock","28":"taxable","29":"shipping-taxable","30":"purchasable","31":"product-type-simple"},"bundled_by":[],"bundle_stock_status":"instock","bundle_stock_quantity":2,"bundle_virtual":false,"bundle_layout":"","bundle_add_to_cart_form_location":"","bundle_editable_in_cart":false,"bundle_sold_individually_context":"","bundle_item_grouping":"","bundle_min_size":"","bundle_max_size":"","bundle_price":[],"bundled_items":[],"bundle_sell_ids":[],"atum_controlled":true,"out_stock_date":null,"out_stock_threshold":null,"inheritable":false,"stock_on_hold":0,"sold_today":0,"sales_last_days":0,"out_stock_days":0,"lost_sales":0,"update_date":"2026-04-10T00:01:50","atum_locations":[],"atum_stock_status":"instock","restock_status":false,"low_stock_amount":"","sales_update_date":"2026-04-10T00:01:50","calc_backorders":null,"group_of_quantity":0,"min_quantity":0,"max_quantity":"","exclude_order_quantity_value_rules":"no","exclude_category_quantity_rules":"no","combine_variations":"no","yoast_head":"<!-- This site is optimized with the Yoast SEO Premium plugin v26.5 (Yoast SEO v26.5) - https:\/\/yoast.com\/wordpress\/plugins\/seo\/ -->\n<title>Tulsi - Global Healing<\/title>\n<meta name=\"description\" content=\"Tulsi, auch bekannt als Heiliges Basilikum, gilt in der ayurvedischen Medizin als heilige Pflanze und wird gelegentlich auch als &quot;K\u00f6nigin der Kr\u00e4uter&quot; bezeichnet.\" \/>\n<meta name=\"robots\" content=\"index, follow, max-snippet:-1, max-image-preview:large, max-video-preview:-1\" \/>\n<link rel=\"canonical\" href=\"https:\/\/dutchhealthstore.com\/de\/product\/tulsi\/\" \/>\n<meta property=\"og:locale\" content=\"de_DE\" \/>\n<meta property=\"og:type\" content=\"article\" \/>\n<meta property=\"og:title\" content=\"Tulsi - Dutch Health Store\" \/>\n<meta property=\"og:description\" content=\"Tulsi, auch bekannt als Heiliges Basilikum, gilt in der ayurvedischen Medizin als heilige Pflanze und wird gelegentlich auch als &quot;K\u00f6nigin der Kr\u00e4uter&quot; bezeichnet.\" \/>\n<meta property=\"og:url\" content=\"https:\/\/dutchhealthstore.com\/de\/product\/tulsi\/\" \/>\n<meta property=\"og:site_name\" content=\"Dutch Health Store\" \/>\n<meta property=\"article:publisher\" content=\"https:\/\/www.instagram.com\/dutchhealthstore\/\" \/>\n<meta property=\"article:modified_time\" content=\"2023-12-07T11:14:04+00:00\" \/>\n<meta property=\"og:image\" content=\"https:\/\/dutchhealthstore.com\/wp-content\/uploads\/2023\/10\/globalhealingtulsi.jpg\" \/>\n\t<meta property=\"og:image:width\" content=\"510\" \/>\n\t<meta property=\"og:image:height\" content=\"510\" \/>\n\t<meta property=\"og:image:type\" content=\"image\/jpeg\" \/>\n<meta name=\"twitter:card\" content=\"summary_large_image\" \/>\n<meta name=\"twitter:label1\" content=\"Preis\" \/>\n\t<meta name=\"twitter:data1\" content=\"&euro;34,95\" \/>\n\t<meta name=\"twitter:label2\" content=\"Verf\u00fcgbarkeit\" \/>\n\t<meta name=\"twitter:data2\" content=\"Auf Lager\" \/>\n<script type=\"application\/ld+json\" class=\"yoast-schema-graph\">{\"@context\":\"https:\/\/schema.org\",\"@graph\":[{\"@type\":\"WebPage\",\"@id\":\"https:\/\/dutchhealthstore.com\/de\/product\/tulsi\/\",\"url\":\"https:\/\/dutchhealthstore.com\/de\/product\/tulsi\/\",\"name\":\"Tulsi - Global Healing\",\"isPartOf\":{\"@id\":\"https:\/\/dutchhealthstore.com\/de\/#website\"},\"primaryImageOfPage\":{\"@id\":\"https:\/\/dutchhealthstore.com\/de\/product\/tulsi\/#primaryimage\"},\"image\":{\"@id\":\"https:\/\/dutchhealthstore.com\/de\/product\/tulsi\/#primaryimage\"},\"thumbnailUrl\":\"https:\/\/dutchhealthstore.com\/wp-content\/uploads\/2023\/10\/globalhealingtulsi.jpg\",\"datePublished\":\"2023-10-03T10:26:58+00:00\",\"dateModified\":\"2023-12-07T11:14:04+00:00\",\"description\":\"Tulsi, auch bekannt als Heiliges Basilikum, gilt in der ayurvedischen Medizin als heilige Pflanze und wird gelegentlich auch als \\\"K\u00f6nigin der Kr\u00e4uter\\\" bezeichnet.\",\"breadcrumb\":{\"@id\":\"https:\/\/dutchhealthstore.com\/de\/product\/tulsi\/#breadcrumb\"},\"inLanguage\":\"de\",\"potentialAction\":[{\"@type\":\"ReadAction\",\"target\":[\"https:\/\/dutchhealthstore.com\/de\/product\/tulsi\/\"]}]},{\"@type\":\"ImageObject\",\"inLanguage\":\"de\",\"@id\":\"https:\/\/dutchhealthstore.com\/de\/product\/tulsi\/#primaryimage\",\"url\":\"https:\/\/dutchhealthstore.com\/wp-content\/uploads\/2023\/10\/globalhealingtulsi.jpg\",\"contentUrl\":\"https:\/\/dutchhealthstore.com\/wp-content\/uploads\/2023\/10\/globalhealingtulsi.jpg\",\"width\":510,\"height\":510,\"caption\":\"globalhealingtulsi\"},{\"@type\":\"BreadcrumbList\",\"@id\":\"https:\/\/dutchhealthstore.com\/de\/product\/tulsi\/#breadcrumb\",\"itemListElement\":[{\"@type\":\"ListItem\",\"position\":1,\"name\":\"Home\",\"item\":\"https:\/\/dutchhealthstore.com\/de\/\"},{\"@type\":\"ListItem\",\"position\":2,\"name\":\"Shop\",\"item\":\"https:\/\/dutchhealthstore.com\/de\/shop-2\/\"},{\"@type\":\"ListItem\",\"position\":3,\"name\":\"Tulsi\"}]},{\"@type\":\"WebSite\",\"@id\":\"https:\/\/dutchhealthstore.com\/de\/#website\",\"url\":\"https:\/\/dutchhealthstore.com\/de\/\",\"name\":\"Dutch Health Store\",\"description\":\"Enhance Your Beauty with Organic &amp; Natural Skincare\",\"publisher\":{\"@id\":\"https:\/\/dutchhealthstore.com\/de\/#organization\"},\"potentialAction\":[{\"@type\":\"SearchAction\",\"target\":{\"@type\":\"EntryPoint\",\"urlTemplate\":\"https:\/\/dutchhealthstore.com\/de\/?s={search_term_string}\"},\"query-input\":{\"@type\":\"PropertyValueSpecification\",\"valueRequired\":true,\"valueName\":\"search_term_string\"}}],\"inLanguage\":\"de\"},{\"@type\":\"Organization\",\"@id\":\"https:\/\/dutchhealthstore.com\/de\/#organization\",\"name\":\"Dutch Health Store\",\"url\":\"https:\/\/dutchhealthstore.com\/de\/\",\"logo\":{\"@type\":\"ImageObject\",\"inLanguage\":\"de\",\"@id\":\"https:\/\/dutchhealthstore.com\/de\/#\/schema\/logo\/image\/\",\"url\":\"https:\/\/dutchhealthstore.com\/wp-content\/uploads\/2020\/08\/logo-dutchhealthstore-jpg-e1599484957574.jpg\",\"contentUrl\":\"https:\/\/dutchhealthstore.com\/wp-content\/uploads\/2020\/08\/logo-dutchhealthstore-jpg-e1599484957574.jpg\",\"width\":400,\"height\":62,\"caption\":\"Dutch Health Store\"},\"image\":{\"@id\":\"https:\/\/dutchhealthstore.com\/de\/#\/schema\/logo\/image\/\"},\"sameAs\":[\"https:\/\/www.instagram.com\/dutchhealthstore\/\",\"https:\/\/www.facebook.com\/dutchhealthstore\"]}]}<\/script>\n<meta property=\"product:brand\" content=\"Global Healing\" \/>\n<meta property=\"product:price:amount\" content=\"34.95\" \/>\n<meta property=\"product:price:currency\" content=\"EUR\" \/>\n<meta property=\"og:availability\" content=\"instock\" \/>\n<meta property=\"product:availability\" content=\"instock\" \/>\n<meta property=\"product:condition\" content=\"new\" \/>\n<!-- \/ Yoast SEO Premium plugin. -->","yoast_head_json":{"title":"Tulsi - Global Healing","description":"Tulsi, auch bekannt als Heiliges Basilikum, gilt in der ayurvedischen Medizin als heilige Pflanze und wird gelegentlich auch als \"K\u00f6nigin der Kr\u00e4uter\" bezeichnet.","robots":{"index":"index","follow":"follow","max-snippet":"max-snippet:-1","max-image-preview":"max-image-preview:large","max-video-preview":"max-video-preview:-1"},"canonical":"https:\/\/dutchhealthstore.com\/de\/product\/tulsi\/","og_locale":"de_DE","og_type":"article","og_title":"Tulsi - Dutch Health Store","og_description":"Tulsi, auch bekannt als Heiliges Basilikum, gilt in der ayurvedischen Medizin als heilige Pflanze und wird gelegentlich auch als \"K\u00f6nigin der Kr\u00e4uter\" bezeichnet.","og_url":"https:\/\/dutchhealthstore.com\/de\/product\/tulsi\/","og_site_name":"Dutch Health Store","article_publisher":"https:\/\/www.instagram.com\/dutchhealthstore\/","article_modified_time":"2023-12-07T11:14:04+00:00","og_image":[{"width":510,"height":510,"url":"https:\/\/dutchhealthstore.com\/wp-content\/uploads\/2023\/10\/globalhealingtulsi.jpg","type":"image\/jpeg"}],"twitter_card":"summary_large_image","twitter_misc":{"Preis":"&euro;34,95","Verf\u00fcgbarkeit":"Auf Lager"},"schema":{"@context":"https:\/\/schema.org","@graph":[{"@type":"WebPage","@id":"https:\/\/dutchhealthstore.com\/de\/product\/tulsi\/","url":"https:\/\/dutchhealthstore.com\/de\/product\/tulsi\/","name":"Tulsi - Global Healing","isPartOf":{"@id":"https:\/\/dutchhealthstore.com\/de\/#website"},"primaryImageOfPage":{"@id":"https:\/\/dutchhealthstore.com\/de\/product\/tulsi\/#primaryimage"},"image":{"@id":"https:\/\/dutchhealthstore.com\/de\/product\/tulsi\/#primaryimage"},"thumbnailUrl":"https:\/\/dutchhealthstore.com\/wp-content\/uploads\/2023\/10\/globalhealingtulsi.jpg","datePublished":"2023-10-03T10:26:58+00:00","dateModified":"2023-12-07T11:14:04+00:00","description":"Tulsi, auch bekannt als Heiliges Basilikum, gilt in der ayurvedischen Medizin als heilige Pflanze und wird gelegentlich auch als \"K\u00f6nigin der Kr\u00e4uter\" bezeichnet.","breadcrumb":{"@id":"https:\/\/dutchhealthstore.com\/de\/product\/tulsi\/#breadcrumb"},"inLanguage":"de","potentialAction":[{"@type":"ReadAction","target":["https:\/\/dutchhealthstore.com\/de\/product\/tulsi\/"]}]},{"@type":"ImageObject","inLanguage":"de","@id":"https:\/\/dutchhealthstore.com\/de\/product\/tulsi\/#primaryimage","url":"https:\/\/dutchhealthstore.com\/wp-content\/uploads\/2023\/10\/globalhealingtulsi.jpg","contentUrl":"https:\/\/dutchhealthstore.com\/wp-content\/uploads\/2023\/10\/globalhealingtulsi.jpg","width":510,"height":510,"caption":"globalhealingtulsi"},{"@type":"BreadcrumbList","@id":"https:\/\/dutchhealthstore.com\/de\/product\/tulsi\/#breadcrumb","itemListElement":[{"@type":"ListItem","position":1,"name":"Home","item":"https:\/\/dutchhealthstore.com\/de\/"},{"@type":"ListItem","position":2,"name":"Shop","item":"https:\/\/dutchhealthstore.com\/de\/shop-2\/"},{"@type":"ListItem","position":3,"name":"Tulsi"}]},{"@type":"WebSite","@id":"https:\/\/dutchhealthstore.com\/de\/#website","url":"https:\/\/dutchhealthstore.com\/de\/","name":"Dutch Health Store","description":"Enhance Your Beauty with Organic &amp; Natural Skincare","publisher":{"@id":"https:\/\/dutchhealthstore.com\/de\/#organization"},"potentialAction":[{"@type":"SearchAction","target":{"@type":"EntryPoint","urlTemplate":"https:\/\/dutchhealthstore.com\/de\/?s={search_term_string}"},"query-input":{"@type":"PropertyValueSpecification","valueRequired":true,"valueName":"search_term_string"}}],"inLanguage":"de"},{"@type":"Organization","@id":"https:\/\/dutchhealthstore.com\/de\/#organization","name":"Dutch Health Store","url":"https:\/\/dutchhealthstore.com\/de\/","logo":{"@type":"ImageObject","inLanguage":"de","@id":"https:\/\/dutchhealthstore.com\/de\/#\/schema\/logo\/image\/","url":"https:\/\/dutchhealthstore.com\/wp-content\/uploads\/2020\/08\/logo-dutchhealthstore-jpg-e1599484957574.jpg","contentUrl":"https:\/\/dutchhealthstore.com\/wp-content\/uploads\/2020\/08\/logo-dutchhealthstore-jpg-e1599484957574.jpg","width":400,"height":62,"caption":"Dutch Health Store"},"image":{"@id":"https:\/\/dutchhealthstore.com\/de\/#\/schema\/logo\/image\/"},"sameAs":["https:\/\/www.instagram.com\/dutchhealthstore\/","https:\/\/www.facebook.com\/dutchhealthstore"]}]},"product_brand":"Global Healing","product_price_amount":"34.95","product_price_currency":"EUR","og_availability":"instock","product_availability":"instock","product_condition":"new"},"_links":{"self":[{"href":"https:\/\/dutchhealthstore.com\/de\/wp-json\/wp\/v2\/product\/260186","targetHints":{"allow":["GET"]}}],"collection":[{"href":"https:\/\/dutchhealthstore.com\/de\/wp-json\/wp\/v2\/product"}],"about":[{"href":"https:\/\/dutchhealthstore.com\/de\/wp-json\/wp\/v2\/types\/product"}],"replies":[{"embeddable":true,"href":"https:\/\/dutchhealthstore.com\/de\/wp-json\/wp\/v2\/comments?post=260186"}],"wp:featuredmedia":[{"embeddable":true,"href":"https:\/\/dutchhealthstore.com\/de\/wp-json\/wp\/v2\/media\/259942"}],"wp:attachment":[{"href":"https:\/\/dutchhealthstore.com\/de\/wp-json\/wp\/v2\/media?parent=260186"}],"wp:term":[{"taxonomy":"product_brand","embeddable":true,"href":"https:\/\/dutchhealthstore.com\/de\/wp-json\/wp\/v2\/product_brand?post=260186"},{"taxonomy":"product_cat","embeddable":true,"href":"https:\/\/dutchhealthstore.com\/de\/wp-json\/wp\/v2\/product_cat?post=260186"},{"taxonomy":"product_tag","embeddable":true,"href":"https:\/\/dutchhealthstore.com\/de\/wp-json\/wp\/v2\/product_tag?post=260186"}],"curies":[{"name":"wp","href":"https:\/\/api.w.org\/{rel}","templated":true}]}}