{"id":259996,"date":"2023-10-02T14:05:48","date_gmt":"2023-10-02T12:05:48","guid":{"rendered":"https:\/\/dutchhealthstore.com\/product\/oxy-powder\/"},"modified":"2025-08-11T14:18:06","modified_gmt":"2025-08-11T12:18:06","slug":"oxy-powder","status":"publish","type":"product","link":"https:\/\/dutchhealthstore.com\/de\/product\/oxy-powder\/","title":{"rendered":"Oxy-Powder"},"content":{"rendered":"<p>Zitronens\u00e4ure und nat\u00fcrlich ozonisiertes Magnesium sind vorhanden. Ohne die Gefahr einer Abh\u00e4ngigkeit k\u00f6nnen Sie Oxy-Powder nach Bedarf verwenden.<\/p>\n<p>F\u00fcr die Herstellung von Oxy-Powder werden pflanzliche Kapseln verwendet, die weich, einfach zu schlucken und leicht aufzul\u00f6sen sind. Sie lassen sich bequem \u00fcberallhin mitnehmen und sind geschmacks- und geruchsneutral.<\/p>\n<p><strong>Zitronens\u00e4ure<br \/>\n<\/strong>Die Zitronens\u00e4ure wird hinzugef\u00fcgt, um den K\u00f6rper dabei zu unterst\u00fctzen, die Bindungen zwischen dem Magnesium und dem Sauerstoff\/Ozon aufzubrechen, um mehr Sauerstoff und Ozon freizusetzen. Die Zitronens\u00e4ure ist nicht gentechnisch ver\u00e4ndert und wird aus Tapioka gewonnen.<\/p>\n<h3>\u00dcber Oxy-Powder<\/h3>\n<ul>\n<li>Entgiften Sie Ihren Dickdarm schnell, w\u00e4hrend Sie schlafen. Wie einfach war das?<\/li>\n<li>Reduziert das S\u00e4ttigungsgef\u00fchl und f\u00f6rdert eine gesunde Verdauung.<br \/>\nZitronens\u00e4ure und mit Ozon angereichertes Magnesium sind beide Bestandteile von einfachen Tabletten. Die Bestandteile von Oxy-Powder haben sich in klinischen Studien als sicher und effizient erwiesen.<\/li>\n<li>Reduktion und Oxidation von harten Schlagwerkstoffen. entwickelt, um die nat\u00fcrlichen Bakterien Ihres Darms nicht zu st\u00f6ren.<\/li>\n<li>Oxy-Powder beseitigt Schadstoffe sanft mit Hilfe von Sauerstoff. keine Beurlaubung oder eine \u00c4nderung Ihres Zeitplans erfordert.<\/li>\n<\/ul>\n<h3><strong>Gr\u00f6\u00dfe: 120 V-Kapseln  <\/strong><\/h3>\n<h3>Wie benutzt man<\/h3>\n<p>Trinken Sie w\u00e4hrend der Anwendung von Oxy-Powder viel Wasser.<\/p>\n<p>Nehmen Sie zun\u00e4chst 2 Kapseln mit einem 8 oz. Glas gereinigtes oder destilliertes Wasser auf n\u00fcchternen Magen vor dem Schlafengehen. Wenn Sie am n\u00e4chsten Tag nicht 3 bis 5 Mal Stuhlgang haben, erh\u00f6hen Sie die Portionsgr\u00f6\u00dfe jede Nacht um 2 Kapseln, bis Sie 3 bis 5 Mal Stuhlgang haben. Setzen Sie diese Menge 7 aufeinanderfolgende Tage lang fort.<\/p>\n<p><strong>Tipp: <\/strong> W\u00e4hrend der Einnahme der Kapseln kann der Saft einer halben Zitrone in das Wasser gegeben werden.<\/p>\n<p><strong>Hinweis:<\/strong> Ersetzen Sie Ihre t\u00e4gliche Ern\u00e4hrung nicht durch ein Nahrungserg\u00e4nzungsmittel. Dieses Produkt ist kein Arzneimittel. \u00dcberschreiten Sie die empfohlene Menge nicht. Dicht verschlossen, au\u00dferhalb der Reichweite von Kindern an einem k\u00fchlen, trockenen Ort und vor direkter Sonneneinstrahlung gesch\u00fctzt aufbewahren.<\/p>\n<h2><strong>Nat\u00fcrliche \/ biologische Inhaltsstoffe<\/strong><\/h2>\n<p>Elementares Magnesium, nat\u00fcrliche Zitronens\u00e4ure, Akaziengummi, Kosher-zertifizierte Kapseln.<\/p>\n<p><strong>Informationen \u00fcber Allergene <\/strong><\/p>\n<p>Frei von Gluten. Dieses Produkt ist vegan.<\/p>\n\n\t<section class=\"section\" id=\"section_1966213793\">\n\t\t<div class=\"section-bg fill\" >\n\t\t\t\t\t\t\t\t\t\n\t\t\t\n\n\t\t<\/div>\n\n\t\t\n\n\t\t<div class=\"section-content relative\">\n\t\t\t\r\n\r\n<div class=\"is-divider divider clearfix\" style=\"max-width:100%;height:5px;background-color:rgb(135, 188, 113);\"><\/div>\r\n<h3><strong>Mehr \u00fcber Global Healing<\/strong>: Wo Reinheit auf Potenz trifft<\/h3>\r\n\r\n<hr \/>\r\n\r\n<ul>\r\n \t<li><strong><img decoding=\"async\" class=\"alignright wp-image-259518\" src=\"https:\/\/dutchhealthstore.com\/wp-content\/uploads\/2023\/10\/global-healing-color-web.png\" alt=\"global healing dr edward group\" width=\"146\" height=\"146\" srcset=\"https:\/\/dutchhealthstore.com\/wp-content\/uploads\/2023\/10\/global-healing-color-web.png 250w, https:\/\/dutchhealthstore.com\/wp-content\/uploads\/2023\/10\/global-healing-color-web-100x100.png 100w, https:\/\/dutchhealthstore.com\/wp-content\/uploads\/2023\/10\/global-healing-color-web-64x64.png 64w\" sizes=\"(max-width: 146px) 100vw, 146px\" \/>Rohkr\u00e4uter-Extrakt-Technologie: <\/strong>Unser einzigartiges Extraktionsverfahren bewahrt die nat\u00fcrlichen N\u00e4hrstoffe der Pflanze ohne den Einsatz von Hitze, Alkohol oder scharfen Chemikalien.<strong>\r\n<\/strong><\/li>\r\n \t<li><strong>Umweltvertr\u00e4gliche Beschaffung:<\/strong> Alle Inhaltsstoffe stammen von kleinen, biologischen Bauernh\u00f6fen oder aus Wildsammlung, so dass jedes Produkt sowohl rein als auch im Einklang mit der Natur ist.<\/li>\r\n \t<li><strong>Gr\u00fcndlicher Extraktionsprozess:<\/strong> Durch ein mehrstufiges, kaltes Extraktionsverfahren kombinieren wir die aktiven Pflanzenbestandteile mit biologischem pflanzlichem Glycerin und dreifach destilliertem Wasser, wodurch die Heilkraft der Pflanze eingekapselt wird.<\/li>\r\n \t<li><strong>Fortschrittliche Kaltfiltration:<\/strong> Unsere firmeneigene Technologie der Kaltfiltration stellt sicher, dass das fl\u00fcssige Produkt rein bleibt, ohne W\u00e4rme zu erzeugen, wodurch die empfindlichen Bestandteile der Kr\u00e4uter erhalten bleiben.<\/li>\r\n \t<li><strong>ORMUS Supercharged Mineralien<\/strong>: In einem letzten Schritt machen wir unsere Fl\u00fcssigextrakte durch die Zugabe von ORMUS Supercharged Minerals, die nach alten alchemistischen Methoden hergestellt werden, noch bioverf\u00fcgbarer und stabiler.<\/li>\r\n \t<li><strong>Qualit\u00e4ts- und Reinheitsgarantie<\/strong>: Alle Produkte werden strengen Tests unterzogen, um sicherzustellen, dass die h\u00f6chsten Qualit\u00e4ts- und Reinheitsstandards erf\u00fcllt werden.<\/li>\r\n<\/ul>\r\n\t\t<\/div>\n\n\t\t\n<style>\n#section_1966213793 {\n  padding-top: 30px;\n  padding-bottom: 30px;\n}\n<\/style>\n\t<\/section>\n\t\n","protected":false},"excerpt":{"rendered":"<p>Menschen auf der ganzen Welt bevorzugen Oxy-Powder seit mehr als 20 Jahren.<\/p>\n","protected":false},"featured_media":283739,"comment_status":"open","ping_status":"closed","template":"","meta":[],"product_brand":[],"product_cat":[8474,8473,18390,1032,1210,8472,511,8993,6736],"product_tag":[9635,21541,21523],"class_list":{"0":"post-259996","1":"product","2":"type-product","3":"status-publish","4":"has-post-thumbnail","6":"product_cat-detox-cleanse-de-2","7":"product_cat-health-de-2","8":"product_cat-global-healing-de","9":"product_cat-kategorien","10":"product_cat-marken","11":"product_cat-nutrition-de","12":"product_cat-produkte","13":"product_cat-digestion-gut-health-de","14":"product_cat-wellness-de","15":"product_tag-detox-de","16":"product_tag-erganzung","17":"product_tag-verdauung","18":"pa_brand-global-healing-de","19":"pa_gtin-811839030256-de","20":"pa_health-productype-supplements-de","21":"pa_health-productype-optimum-health-de","22":"pa_health-productype-digestion-gut-health-de","23":"pa_size-60-capsules-de","24":"pa_size-120-capsules-de","26":"first","27":"outofstock","28":"taxable","29":"shipping-taxable","30":"purchasable","31":"product-type-variable"},"bundled_by":[],"bundle_stock_status":"outofstock","bundle_stock_quantity":null,"bundle_virtual":false,"bundle_layout":"","bundle_add_to_cart_form_location":"","bundle_editable_in_cart":false,"bundle_sold_individually_context":"","bundle_item_grouping":"","bundle_min_size":"","bundle_max_size":"","bundle_price":[],"bundled_items":[],"bundle_sell_ids":[],"atum_controlled":true,"out_stock_date":null,"out_stock_threshold":null,"inheritable":true,"stock_on_hold":2,"sold_today":0,"sales_last_days":0,"out_stock_days":0,"lost_sales":0,"update_date":"2026-04-04T01:45:54","atum_locations":[],"atum_stock_status":"outofstock","restock_status":false,"low_stock_amount":"","sales_update_date":"2026-04-04T01:45:54","calc_backorders":null,"group_of_quantity":0,"min_quantity":0,"max_quantity":"","exclude_order_quantity_value_rules":"no","exclude_category_quantity_rules":"no","combine_variations":"no","yoast_head":"<!-- This site is optimized with the Yoast SEO Premium plugin v26.5 (Yoast SEO v26.5) - https:\/\/yoast.com\/wordpress\/plugins\/seo\/ -->\n<title>Oxy-Powder - Global Healing<\/title>\n<meta name=\"description\" content=\"Entgiften Sie Ihren Darm m\u00fchelos mit Oxy-Powder, sogar w\u00e4hrend Sie schlafen! Dieses Nahrungserg\u00e4nzungsmittel mit sicheren, klinisch erprobten Inhaltsstoffen wie ozonangereichertem Magnesium f\u00f6rdert eine gesunde Verdauung, ohne Ihren Tagesablauf zu st\u00f6ren.\" \/>\n<meta name=\"robots\" content=\"index, follow, max-snippet:-1, max-image-preview:large, max-video-preview:-1\" \/>\n<link rel=\"canonical\" href=\"https:\/\/dutchhealthstore.com\/de\/product\/oxy-powder\/\" \/>\n<meta property=\"og:locale\" content=\"de_DE\" \/>\n<meta property=\"og:type\" content=\"article\" \/>\n<meta property=\"og:title\" content=\"Oxy-Powder - Dutch Health Store\" \/>\n<meta property=\"og:description\" content=\"Entgiften Sie Ihren Darm m\u00fchelos mit Oxy-Powder, sogar w\u00e4hrend Sie schlafen! Dieses Nahrungserg\u00e4nzungsmittel mit sicheren, klinisch erprobten Inhaltsstoffen wie ozonangereichertem Magnesium f\u00f6rdert eine gesunde Verdauung, ohne Ihren Tagesablauf zu st\u00f6ren.\" \/>\n<meta property=\"og:url\" content=\"https:\/\/dutchhealthstore.com\/de\/product\/oxy-powder\/\" \/>\n<meta property=\"og:site_name\" content=\"Dutch Health Store\" \/>\n<meta property=\"article:publisher\" content=\"https:\/\/www.instagram.com\/dutchhealthstore\/\" \/>\n<meta property=\"article:modified_time\" content=\"2025-08-11T12:18:06+00:00\" \/>\n<meta property=\"og:image\" content=\"https:\/\/dutchhealthstore.com\/wp-content\/uploads\/2023\/10\/global-healing-oxy-powder-new.jpg\" \/>\n\t<meta property=\"og:image:width\" content=\"526\" \/>\n\t<meta property=\"og:image:height\" content=\"526\" \/>\n\t<meta property=\"og:image:type\" content=\"image\/jpeg\" \/>\n<meta name=\"twitter:card\" content=\"summary_large_image\" \/>\n<meta name=\"twitter:label1\" content=\"Verf\u00fcgbarkeit\" \/>\n\t<meta name=\"twitter:data1\" content=\"ausverkauft\" \/>\n<script type=\"application\/ld+json\" class=\"yoast-schema-graph\">{\"@context\":\"https:\/\/schema.org\",\"@graph\":[{\"@type\":\"WebPage\",\"@id\":\"https:\/\/dutchhealthstore.com\/de\/product\/oxy-powder\/\",\"url\":\"https:\/\/dutchhealthstore.com\/de\/product\/oxy-powder\/\",\"name\":\"Oxy-Powder - Global Healing\",\"isPartOf\":{\"@id\":\"https:\/\/dutchhealthstore.com\/de\/#website\"},\"primaryImageOfPage\":{\"@id\":\"https:\/\/dutchhealthstore.com\/de\/product\/oxy-powder\/#primaryimage\"},\"image\":{\"@id\":\"https:\/\/dutchhealthstore.com\/de\/product\/oxy-powder\/#primaryimage\"},\"thumbnailUrl\":\"https:\/\/dutchhealthstore.com\/wp-content\/uploads\/2023\/10\/global-healing-oxy-powder-new.jpg\",\"datePublished\":\"2023-10-02T12:05:48+00:00\",\"dateModified\":\"2025-08-11T12:18:06+00:00\",\"description\":\"Entgiften Sie Ihren Darm m\u00fchelos mit Oxy-Powder, sogar w\u00e4hrend Sie schlafen! Dieses Nahrungserg\u00e4nzungsmittel mit sicheren, klinisch erprobten Inhaltsstoffen wie ozonangereichertem Magnesium f\u00f6rdert eine gesunde Verdauung, ohne Ihren Tagesablauf zu st\u00f6ren.\",\"breadcrumb\":{\"@id\":\"https:\/\/dutchhealthstore.com\/de\/product\/oxy-powder\/#breadcrumb\"},\"inLanguage\":\"de\",\"potentialAction\":[{\"@type\":\"ReadAction\",\"target\":[\"https:\/\/dutchhealthstore.com\/de\/product\/oxy-powder\/\"]}]},{\"@type\":\"ImageObject\",\"inLanguage\":\"de\",\"@id\":\"https:\/\/dutchhealthstore.com\/de\/product\/oxy-powder\/#primaryimage\",\"url\":\"https:\/\/dutchhealthstore.com\/wp-content\/uploads\/2023\/10\/global-healing-oxy-powder-new.jpg\",\"contentUrl\":\"https:\/\/dutchhealthstore.com\/wp-content\/uploads\/2023\/10\/global-healing-oxy-powder-new.jpg\",\"width\":526,\"height\":526,\"caption\":\"global-healing-oxy-powder-new\"},{\"@type\":\"BreadcrumbList\",\"@id\":\"https:\/\/dutchhealthstore.com\/de\/product\/oxy-powder\/#breadcrumb\",\"itemListElement\":[{\"@type\":\"ListItem\",\"position\":1,\"name\":\"Home\",\"item\":\"https:\/\/dutchhealthstore.com\/de\/\"},{\"@type\":\"ListItem\",\"position\":2,\"name\":\"Shop\",\"item\":\"https:\/\/dutchhealthstore.com\/de\/shop-2\/\"},{\"@type\":\"ListItem\",\"position\":3,\"name\":\"Oxy-Powder\"}]},{\"@type\":\"WebSite\",\"@id\":\"https:\/\/dutchhealthstore.com\/de\/#website\",\"url\":\"https:\/\/dutchhealthstore.com\/de\/\",\"name\":\"Dutch Health Store\",\"description\":\"Enhance Your Beauty with Organic &amp; Natural Skincare\",\"publisher\":{\"@id\":\"https:\/\/dutchhealthstore.com\/de\/#organization\"},\"potentialAction\":[{\"@type\":\"SearchAction\",\"target\":{\"@type\":\"EntryPoint\",\"urlTemplate\":\"https:\/\/dutchhealthstore.com\/de\/?s={search_term_string}\"},\"query-input\":{\"@type\":\"PropertyValueSpecification\",\"valueRequired\":true,\"valueName\":\"search_term_string\"}}],\"inLanguage\":\"de\"},{\"@type\":\"Organization\",\"@id\":\"https:\/\/dutchhealthstore.com\/de\/#organization\",\"name\":\"Dutch Health Store\",\"url\":\"https:\/\/dutchhealthstore.com\/de\/\",\"logo\":{\"@type\":\"ImageObject\",\"inLanguage\":\"de\",\"@id\":\"https:\/\/dutchhealthstore.com\/de\/#\/schema\/logo\/image\/\",\"url\":\"https:\/\/dutchhealthstore.com\/wp-content\/uploads\/2020\/08\/logo-dutchhealthstore-jpg-e1599484957574.jpg\",\"contentUrl\":\"https:\/\/dutchhealthstore.com\/wp-content\/uploads\/2020\/08\/logo-dutchhealthstore-jpg-e1599484957574.jpg\",\"width\":400,\"height\":62,\"caption\":\"Dutch Health Store\"},\"image\":{\"@id\":\"https:\/\/dutchhealthstore.com\/de\/#\/schema\/logo\/image\/\"},\"sameAs\":[\"https:\/\/www.instagram.com\/dutchhealthstore\/\",\"https:\/\/www.facebook.com\/dutchhealthstore\"]}]}<\/script>\n<meta property=\"product:brand\" content=\"Global Healing\" \/>\n<meta property=\"og:availability\" content=\"out of stock\" \/>\n<meta property=\"product:availability\" content=\"out of stock\" \/>\n<meta property=\"product:condition\" content=\"new\" \/>\n<!-- \/ Yoast SEO Premium plugin. -->","yoast_head_json":{"title":"Oxy-Powder - Global Healing","description":"Entgiften Sie Ihren Darm m\u00fchelos mit Oxy-Powder, sogar w\u00e4hrend Sie schlafen! Dieses Nahrungserg\u00e4nzungsmittel mit sicheren, klinisch erprobten Inhaltsstoffen wie ozonangereichertem Magnesium f\u00f6rdert eine gesunde Verdauung, ohne Ihren Tagesablauf zu st\u00f6ren.","robots":{"index":"index","follow":"follow","max-snippet":"max-snippet:-1","max-image-preview":"max-image-preview:large","max-video-preview":"max-video-preview:-1"},"canonical":"https:\/\/dutchhealthstore.com\/de\/product\/oxy-powder\/","og_locale":"de_DE","og_type":"article","og_title":"Oxy-Powder - Dutch Health Store","og_description":"Entgiften Sie Ihren Darm m\u00fchelos mit Oxy-Powder, sogar w\u00e4hrend Sie schlafen! Dieses Nahrungserg\u00e4nzungsmittel mit sicheren, klinisch erprobten Inhaltsstoffen wie ozonangereichertem Magnesium f\u00f6rdert eine gesunde Verdauung, ohne Ihren Tagesablauf zu st\u00f6ren.","og_url":"https:\/\/dutchhealthstore.com\/de\/product\/oxy-powder\/","og_site_name":"Dutch Health Store","article_publisher":"https:\/\/www.instagram.com\/dutchhealthstore\/","article_modified_time":"2025-08-11T12:18:06+00:00","og_image":[{"width":526,"height":526,"url":"https:\/\/dutchhealthstore.com\/wp-content\/uploads\/2023\/10\/global-healing-oxy-powder-new.jpg","type":"image\/jpeg"}],"twitter_card":"summary_large_image","twitter_misc":{"Verf\u00fcgbarkeit":"ausverkauft"},"schema":{"@context":"https:\/\/schema.org","@graph":[{"@type":"WebPage","@id":"https:\/\/dutchhealthstore.com\/de\/product\/oxy-powder\/","url":"https:\/\/dutchhealthstore.com\/de\/product\/oxy-powder\/","name":"Oxy-Powder - Global Healing","isPartOf":{"@id":"https:\/\/dutchhealthstore.com\/de\/#website"},"primaryImageOfPage":{"@id":"https:\/\/dutchhealthstore.com\/de\/product\/oxy-powder\/#primaryimage"},"image":{"@id":"https:\/\/dutchhealthstore.com\/de\/product\/oxy-powder\/#primaryimage"},"thumbnailUrl":"https:\/\/dutchhealthstore.com\/wp-content\/uploads\/2023\/10\/global-healing-oxy-powder-new.jpg","datePublished":"2023-10-02T12:05:48+00:00","dateModified":"2025-08-11T12:18:06+00:00","description":"Entgiften Sie Ihren Darm m\u00fchelos mit Oxy-Powder, sogar w\u00e4hrend Sie schlafen! Dieses Nahrungserg\u00e4nzungsmittel mit sicheren, klinisch erprobten Inhaltsstoffen wie ozonangereichertem Magnesium f\u00f6rdert eine gesunde Verdauung, ohne Ihren Tagesablauf zu st\u00f6ren.","breadcrumb":{"@id":"https:\/\/dutchhealthstore.com\/de\/product\/oxy-powder\/#breadcrumb"},"inLanguage":"de","potentialAction":[{"@type":"ReadAction","target":["https:\/\/dutchhealthstore.com\/de\/product\/oxy-powder\/"]}]},{"@type":"ImageObject","inLanguage":"de","@id":"https:\/\/dutchhealthstore.com\/de\/product\/oxy-powder\/#primaryimage","url":"https:\/\/dutchhealthstore.com\/wp-content\/uploads\/2023\/10\/global-healing-oxy-powder-new.jpg","contentUrl":"https:\/\/dutchhealthstore.com\/wp-content\/uploads\/2023\/10\/global-healing-oxy-powder-new.jpg","width":526,"height":526,"caption":"global-healing-oxy-powder-new"},{"@type":"BreadcrumbList","@id":"https:\/\/dutchhealthstore.com\/de\/product\/oxy-powder\/#breadcrumb","itemListElement":[{"@type":"ListItem","position":1,"name":"Home","item":"https:\/\/dutchhealthstore.com\/de\/"},{"@type":"ListItem","position":2,"name":"Shop","item":"https:\/\/dutchhealthstore.com\/de\/shop-2\/"},{"@type":"ListItem","position":3,"name":"Oxy-Powder"}]},{"@type":"WebSite","@id":"https:\/\/dutchhealthstore.com\/de\/#website","url":"https:\/\/dutchhealthstore.com\/de\/","name":"Dutch Health Store","description":"Enhance Your Beauty with Organic &amp; Natural Skincare","publisher":{"@id":"https:\/\/dutchhealthstore.com\/de\/#organization"},"potentialAction":[{"@type":"SearchAction","target":{"@type":"EntryPoint","urlTemplate":"https:\/\/dutchhealthstore.com\/de\/?s={search_term_string}"},"query-input":{"@type":"PropertyValueSpecification","valueRequired":true,"valueName":"search_term_string"}}],"inLanguage":"de"},{"@type":"Organization","@id":"https:\/\/dutchhealthstore.com\/de\/#organization","name":"Dutch Health Store","url":"https:\/\/dutchhealthstore.com\/de\/","logo":{"@type":"ImageObject","inLanguage":"de","@id":"https:\/\/dutchhealthstore.com\/de\/#\/schema\/logo\/image\/","url":"https:\/\/dutchhealthstore.com\/wp-content\/uploads\/2020\/08\/logo-dutchhealthstore-jpg-e1599484957574.jpg","contentUrl":"https:\/\/dutchhealthstore.com\/wp-content\/uploads\/2020\/08\/logo-dutchhealthstore-jpg-e1599484957574.jpg","width":400,"height":62,"caption":"Dutch Health Store"},"image":{"@id":"https:\/\/dutchhealthstore.com\/de\/#\/schema\/logo\/image\/"},"sameAs":["https:\/\/www.instagram.com\/dutchhealthstore\/","https:\/\/www.facebook.com\/dutchhealthstore"]}]},"product_brand":"Global Healing","og_availability":"out of stock","product_availability":"out of stock","product_condition":"new"},"_links":{"self":[{"href":"https:\/\/dutchhealthstore.com\/de\/wp-json\/wp\/v2\/product\/259996","targetHints":{"allow":["GET"]}}],"collection":[{"href":"https:\/\/dutchhealthstore.com\/de\/wp-json\/wp\/v2\/product"}],"about":[{"href":"https:\/\/dutchhealthstore.com\/de\/wp-json\/wp\/v2\/types\/product"}],"replies":[{"embeddable":true,"href":"https:\/\/dutchhealthstore.com\/de\/wp-json\/wp\/v2\/comments?post=259996"}],"wp:featuredmedia":[{"embeddable":true,"href":"https:\/\/dutchhealthstore.com\/de\/wp-json\/wp\/v2\/media\/283739"}],"wp:attachment":[{"href":"https:\/\/dutchhealthstore.com\/de\/wp-json\/wp\/v2\/media?parent=259996"}],"wp:term":[{"taxonomy":"product_brand","embeddable":true,"href":"https:\/\/dutchhealthstore.com\/de\/wp-json\/wp\/v2\/product_brand?post=259996"},{"taxonomy":"product_cat","embeddable":true,"href":"https:\/\/dutchhealthstore.com\/de\/wp-json\/wp\/v2\/product_cat?post=259996"},{"taxonomy":"product_tag","embeddable":true,"href":"https:\/\/dutchhealthstore.com\/de\/wp-json\/wp\/v2\/product_tag?post=259996"}],"curies":[{"name":"wp","href":"https:\/\/api.w.org\/{rel}","templated":true}]}}