{"id":245722,"date":"2023-05-25T13:21:16","date_gmt":"2023-05-25T11:21:16","guid":{"rendered":"https:\/\/dutchhealthstore.com\/product\/full-spectrum-turkey-tail-mushroom-extract-powder\/"},"modified":"2026-02-24T11:05:12","modified_gmt":"2026-02-24T10:05:12","slug":"full-spectrum-turkey-tail-mushroom-extract-powder","status":"publish","type":"product","link":"https:\/\/dutchhealthstore.com\/de\/product\/full-spectrum-turkey-tail-mushroom-extract-powder\/","title":{"rendered":"Full Spectrum Turkey Tail Mushroom Extract Powder"},"content":{"rendered":"<h3 class=\"product-title\"><strong>Wild Harvested<\/strong><\/h3>\n<p>Jedes Pulver wird gr\u00fcndlich auf Schwermetalle, Pestizide und andere Verunreinigungen getestet; ein Analysezertifikat ist auf Anfrage f\u00fcr jeden Kr\u00e4uterextrakt erh\u00e4ltlich. Sie werden in dunklen Glasbeh\u00e4ltern geliefert und sind v\u00f6llig frei von Zusatz- und F\u00fcllstoffen, synthetischen Zutaten, Konservierungsmitteln, Mehlen und anderen F\u00fcllstoffen, GVO, Milchprodukten und Gluten.<\/p>\n<h3><strong>Gr\u00f6\u00dfe: 80 g  <\/strong><\/h3>\n<ul>\n<li>Wild geerntet<\/li>\n<li>Frei von Zusatzstoffen und F\u00fcllstoffen<\/li>\n<li>Glutenfrei<\/li>\n<li>In Glas verpackt<\/li>\n<li>Vollspektrum-Extrakt<\/li>\n<\/ul>\n<h3>Wie benutzt man<\/h3>\n<p>1 g (ca. \u00bd gestrichener Teel\u00f6ffel) mit warmem Wasser oder als Zusatz zu Ihrem Lieblingstee, Smoothie oder Getr\u00e4nk Ihrer Wahl. Kann auch \u00fcber Salat oder warme Speisen gestreut werden.<\/p>\n<p>&nbsp;<\/p>\n<h3>Nat\u00fcrliche \/ biologische Inhaltsstoffe<\/h3>\n<p>&nbsp;<\/p>\n<ul>\n<li>10:1 <span id=\":7q.co\" class=\"tL8wMe EMoHub\" dir=\"ltr\">Vollspektrumextrakt aus <\/span><em><br \/>\n  <span id=\":7q.co\" dir=\"ltr\">Coriolus versicolor<\/span><br \/>\n<\/em><span id=\":7q.co\" class=\"tL8wMe EMoHub\" dir=\"ltr\"><br \/>\n100% reines Fruchtk\u00f6rper-Pilzextrakt-Pulver<\/span><\/li>\n<\/ul>\n<p>Keine zugesetzten F\u00fcll- oder Konservierungsstoffe<br \/>\nSorgf\u00e4ltig aus dem Changbai-Gebirge, China, bezogenes Produkt<\/p>\n<p><a href=\"https:\/\/dutchhealthstore.com\/wp-content\/uploads\/2023\/05\/navimountainjingthumb-e1656422601212.jpg\"><img fetchpriority=\"high\" decoding=\"async\" class=\"alignnone size-full wp-image-245621\" src=\"https:\/\/dutchhealthstore.com\/wp-content\/uploads\/2023\/05\/navimountainjingthumb-e1656422601212.jpg\" alt=\"navimountainjingthumb-e1656422601212\" width=\"500\" height=\"215\" srcset=\"https:\/\/dutchhealthstore.com\/wp-content\/uploads\/2023\/05\/navimountainjingthumb-e1656422601212.jpg 500w, https:\/\/dutchhealthstore.com\/wp-content\/uploads\/2023\/05\/navimountainjingthumb-e1656422601212-64x28.jpg 64w\" sizes=\"(max-width: 500px) 100vw, 500px\" \/><\/a><\/p>\n<p>&nbsp;<\/p>\n","protected":false},"excerpt":{"rendered":"<p>Alle unsere Tonic-Kr\u00e4uter-Extrakt-Pulver werden nach den h\u00f6chsten Standards mit Hilfe modernster Spr\u00fchtechnologie hergestellt, die es erm\u00f6glicht, den fl\u00fcssigen Extrakt sorgf\u00e4ltig zu einem mikrofeinen Pulver zu trocknen, das sich in jeder Fl\u00fcssigkeit oder in warmem Wasser wieder aufl\u00f6st.<\/p>\n","protected":false},"featured_media":245628,"comment_status":"open","ping_status":"closed","template":"","meta":[],"product_brand":[],"product_cat":[8473,10913,1032,1210,4618,8472,8982,9967,511,8789,4619,6736],"product_tag":[21792,21522,21521],"class_list":{"0":"post-245722","1":"product","2":"type-product","3":"status-publish","4":"has-post-thumbnail","6":"product_cat-health-de-2","7":"product_cat-immunity-colds-de","8":"product_cat-kategorien","9":"product_cat-marken","10":"product_cat-navi-organics-de","11":"product_cat-nutrition-de","12":"product_cat-optimum-health-de-2","13":"product_cat-mushrooms-de-2","14":"product_cat-produkte","15":"product_cat-superfoods-herbals-de-2","16":"product_cat-tonic-herbs-de-2","17":"product_cat-wellness-de","18":"product_tag-immununterstutzung","19":"product_tag-optimale-gesundheit","20":"product_tag-superfood-de","21":"pa_brand-naviorganics-de","22":"pa_gtin-6096412270296-de","23":"pa_health-productype-supplements-de","24":"pa_health-productype-optimum-health-de","25":"pa_size-80-g-de","27":"first","28":"outofstock","29":"taxable","30":"shipping-taxable","31":"purchasable","32":"product-type-simple"},"bundled_by":[],"bundle_stock_status":"outofstock","bundle_stock_quantity":0,"bundle_virtual":false,"bundle_layout":"","bundle_add_to_cart_form_location":"","bundle_editable_in_cart":false,"bundle_sold_individually_context":"","bundle_item_grouping":"","bundle_min_size":"","bundle_max_size":"","bundle_price":[],"bundled_items":[],"bundle_sell_ids":[],"atum_controlled":true,"out_stock_date":"2026-03-10 18:40:54","out_stock_threshold":null,"inheritable":false,"stock_on_hold":0,"sold_today":0,"sales_last_days":0,"out_stock_days":39,"lost_sales":0,"update_date":"2026-04-19T00:06:01","atum_locations":[],"atum_stock_status":"outofstock","restock_status":false,"low_stock_amount":"","sales_update_date":"2026-04-19T00:06:01","calc_backorders":null,"group_of_quantity":0,"min_quantity":0,"max_quantity":"","exclude_order_quantity_value_rules":"no","exclude_category_quantity_rules":"no","combine_variations":"no","yoast_head":"<!-- This site is optimized with the Yoast SEO Premium plugin v26.5 (Yoast SEO v26.5) - https:\/\/yoast.com\/wordpress\/plugins\/seo\/ -->\n<title>Full Spectrum Turkey Tail Mushroom Extract Powder - Na&#039;vi Organics<\/title>\n<meta name=\"description\" content=\"Alle unsere Tonic-Kr\u00e4uter-Extrakt-Pulver werden nach den h\u00f6chsten Standards mit Hilfe modernster Spr\u00fchtechnologie hergestellt, die es erm\u00f6glicht, den fl\u00fcssigen Extrakt sorgf\u00e4ltig zu einem mikrofeinen Pulver zu trocknen, das sich in jeder Fl\u00fcssigkeit oder in warmem Wasser wieder aufl\u00f6st.\" \/>\n<meta name=\"robots\" content=\"index, follow, max-snippet:-1, max-image-preview:large, max-video-preview:-1\" \/>\n<link rel=\"canonical\" href=\"https:\/\/dutchhealthstore.com\/de\/product\/full-spectrum-turkey-tail-mushroom-extract-powder\/\" \/>\n<meta property=\"og:locale\" content=\"de_DE\" \/>\n<meta property=\"og:type\" content=\"article\" \/>\n<meta property=\"og:title\" content=\"Full Spectrum Turkey Tail Mushroom Extract Powder - Dutch Health Store\" \/>\n<meta property=\"og:description\" content=\"Alle unsere Tonic-Kr\u00e4uter-Extrakt-Pulver werden nach den h\u00f6chsten Standards mit Hilfe modernster Spr\u00fchtechnologie hergestellt, die es erm\u00f6glicht, den fl\u00fcssigen Extrakt sorgf\u00e4ltig zu einem mikrofeinen Pulver zu trocknen, das sich in jeder Fl\u00fcssigkeit oder in warmem Wasser wieder aufl\u00f6st.\" \/>\n<meta property=\"og:url\" content=\"https:\/\/dutchhealthstore.com\/de\/product\/full-spectrum-turkey-tail-mushroom-extract-powder\/\" \/>\n<meta property=\"og:site_name\" content=\"Dutch Health Store\" \/>\n<meta property=\"article:publisher\" content=\"https:\/\/www.instagram.com\/dutchhealthstore\/\" \/>\n<meta property=\"article:modified_time\" content=\"2026-02-24T10:05:12+00:00\" \/>\n<meta property=\"og:image\" content=\"https:\/\/dutchhealthstore.com\/wp-content\/uploads\/2023\/05\/naviturkeytailmushroom.jpg\" \/>\n\t<meta property=\"og:image:width\" content=\"510\" \/>\n\t<meta property=\"og:image:height\" content=\"510\" \/>\n\t<meta property=\"og:image:type\" content=\"image\/jpeg\" \/>\n<meta name=\"twitter:card\" content=\"summary_large_image\" \/>\n<meta name=\"twitter:label1\" content=\"Preis\" \/>\n\t<meta name=\"twitter:data1\" content=\"&euro;35,00\" \/>\n\t<meta name=\"twitter:label2\" content=\"Verf\u00fcgbarkeit\" \/>\n\t<meta name=\"twitter:data2\" content=\"ausverkauft\" \/>\n<script type=\"application\/ld+json\" class=\"yoast-schema-graph\">{\"@context\":\"https:\/\/schema.org\",\"@graph\":[{\"@type\":\"WebPage\",\"@id\":\"https:\/\/dutchhealthstore.com\/de\/product\/full-spectrum-turkey-tail-mushroom-extract-powder\/\",\"url\":\"https:\/\/dutchhealthstore.com\/de\/product\/full-spectrum-turkey-tail-mushroom-extract-powder\/\",\"name\":\"Full Spectrum Turkey Tail Mushroom Extract Powder - Na'vi Organics\",\"isPartOf\":{\"@id\":\"https:\/\/dutchhealthstore.com\/de\/#website\"},\"primaryImageOfPage\":{\"@id\":\"https:\/\/dutchhealthstore.com\/de\/product\/full-spectrum-turkey-tail-mushroom-extract-powder\/#primaryimage\"},\"image\":{\"@id\":\"https:\/\/dutchhealthstore.com\/de\/product\/full-spectrum-turkey-tail-mushroom-extract-powder\/#primaryimage\"},\"thumbnailUrl\":\"https:\/\/dutchhealthstore.com\/wp-content\/uploads\/2023\/05\/naviturkeytailmushroom.jpg\",\"datePublished\":\"2023-05-25T11:21:16+00:00\",\"dateModified\":\"2026-02-24T10:05:12+00:00\",\"description\":\"Alle unsere Tonic-Kr\u00e4uter-Extrakt-Pulver werden nach den h\u00f6chsten Standards mit Hilfe modernster Spr\u00fchtechnologie hergestellt, die es erm\u00f6glicht, den fl\u00fcssigen Extrakt sorgf\u00e4ltig zu einem mikrofeinen Pulver zu trocknen, das sich in jeder Fl\u00fcssigkeit oder in warmem Wasser wieder aufl\u00f6st.\",\"breadcrumb\":{\"@id\":\"https:\/\/dutchhealthstore.com\/de\/product\/full-spectrum-turkey-tail-mushroom-extract-powder\/#breadcrumb\"},\"inLanguage\":\"de\",\"potentialAction\":[{\"@type\":\"ReadAction\",\"target\":[\"https:\/\/dutchhealthstore.com\/de\/product\/full-spectrum-turkey-tail-mushroom-extract-powder\/\"]}]},{\"@type\":\"ImageObject\",\"inLanguage\":\"de\",\"@id\":\"https:\/\/dutchhealthstore.com\/de\/product\/full-spectrum-turkey-tail-mushroom-extract-powder\/#primaryimage\",\"url\":\"https:\/\/dutchhealthstore.com\/wp-content\/uploads\/2023\/05\/naviturkeytailmushroom.jpg\",\"contentUrl\":\"https:\/\/dutchhealthstore.com\/wp-content\/uploads\/2023\/05\/naviturkeytailmushroom.jpg\",\"width\":510,\"height\":510,\"caption\":\"naviturkeytailmushroom\"},{\"@type\":\"BreadcrumbList\",\"@id\":\"https:\/\/dutchhealthstore.com\/de\/product\/full-spectrum-turkey-tail-mushroom-extract-powder\/#breadcrumb\",\"itemListElement\":[{\"@type\":\"ListItem\",\"position\":1,\"name\":\"Home\",\"item\":\"https:\/\/dutchhealthstore.com\/de\/\"},{\"@type\":\"ListItem\",\"position\":2,\"name\":\"Shop\",\"item\":\"https:\/\/dutchhealthstore.com\/de\/shop-2\/\"},{\"@type\":\"ListItem\",\"position\":3,\"name\":\"Full Spectrum Turkey Tail Mushroom Extract Powder\"}]},{\"@type\":\"WebSite\",\"@id\":\"https:\/\/dutchhealthstore.com\/de\/#website\",\"url\":\"https:\/\/dutchhealthstore.com\/de\/\",\"name\":\"Dutch Health Store\",\"description\":\"Enhance Your Beauty with Organic &amp; Natural Skincare\",\"publisher\":{\"@id\":\"https:\/\/dutchhealthstore.com\/de\/#organization\"},\"potentialAction\":[{\"@type\":\"SearchAction\",\"target\":{\"@type\":\"EntryPoint\",\"urlTemplate\":\"https:\/\/dutchhealthstore.com\/de\/?s={search_term_string}\"},\"query-input\":{\"@type\":\"PropertyValueSpecification\",\"valueRequired\":true,\"valueName\":\"search_term_string\"}}],\"inLanguage\":\"de\"},{\"@type\":\"Organization\",\"@id\":\"https:\/\/dutchhealthstore.com\/de\/#organization\",\"name\":\"Dutch Health Store\",\"url\":\"https:\/\/dutchhealthstore.com\/de\/\",\"logo\":{\"@type\":\"ImageObject\",\"inLanguage\":\"de\",\"@id\":\"https:\/\/dutchhealthstore.com\/de\/#\/schema\/logo\/image\/\",\"url\":\"https:\/\/dutchhealthstore.com\/wp-content\/uploads\/2020\/08\/logo-dutchhealthstore-jpg-e1599484957574.jpg\",\"contentUrl\":\"https:\/\/dutchhealthstore.com\/wp-content\/uploads\/2020\/08\/logo-dutchhealthstore-jpg-e1599484957574.jpg\",\"width\":400,\"height\":62,\"caption\":\"Dutch Health Store\"},\"image\":{\"@id\":\"https:\/\/dutchhealthstore.com\/de\/#\/schema\/logo\/image\/\"},\"sameAs\":[\"https:\/\/www.instagram.com\/dutchhealthstore\/\",\"https:\/\/www.facebook.com\/dutchhealthstore\"]}]}<\/script>\n<meta property=\"product:brand\" content=\"Na\u00b4Vi Organics\" \/>\n<meta property=\"product:price:amount\" content=\"35.00\" \/>\n<meta property=\"product:price:currency\" content=\"EUR\" \/>\n<meta property=\"og:availability\" content=\"out of stock\" \/>\n<meta property=\"product:availability\" content=\"out of stock\" \/>\n<meta property=\"product:condition\" content=\"new\" \/>\n<!-- \/ Yoast SEO Premium plugin. -->","yoast_head_json":{"title":"Full Spectrum Turkey Tail Mushroom Extract Powder - Na'vi Organics","description":"Alle unsere Tonic-Kr\u00e4uter-Extrakt-Pulver werden nach den h\u00f6chsten Standards mit Hilfe modernster Spr\u00fchtechnologie hergestellt, die es erm\u00f6glicht, den fl\u00fcssigen Extrakt sorgf\u00e4ltig zu einem mikrofeinen Pulver zu trocknen, das sich in jeder Fl\u00fcssigkeit oder in warmem Wasser wieder aufl\u00f6st.","robots":{"index":"index","follow":"follow","max-snippet":"max-snippet:-1","max-image-preview":"max-image-preview:large","max-video-preview":"max-video-preview:-1"},"canonical":"https:\/\/dutchhealthstore.com\/de\/product\/full-spectrum-turkey-tail-mushroom-extract-powder\/","og_locale":"de_DE","og_type":"article","og_title":"Full Spectrum Turkey Tail Mushroom Extract Powder - Dutch Health Store","og_description":"Alle unsere Tonic-Kr\u00e4uter-Extrakt-Pulver werden nach den h\u00f6chsten Standards mit Hilfe modernster Spr\u00fchtechnologie hergestellt, die es erm\u00f6glicht, den fl\u00fcssigen Extrakt sorgf\u00e4ltig zu einem mikrofeinen Pulver zu trocknen, das sich in jeder Fl\u00fcssigkeit oder in warmem Wasser wieder aufl\u00f6st.","og_url":"https:\/\/dutchhealthstore.com\/de\/product\/full-spectrum-turkey-tail-mushroom-extract-powder\/","og_site_name":"Dutch Health Store","article_publisher":"https:\/\/www.instagram.com\/dutchhealthstore\/","article_modified_time":"2026-02-24T10:05:12+00:00","og_image":[{"width":510,"height":510,"url":"https:\/\/dutchhealthstore.com\/wp-content\/uploads\/2023\/05\/naviturkeytailmushroom.jpg","type":"image\/jpeg"}],"twitter_card":"summary_large_image","twitter_misc":{"Preis":"&euro;35,00","Verf\u00fcgbarkeit":"ausverkauft"},"schema":{"@context":"https:\/\/schema.org","@graph":[{"@type":"WebPage","@id":"https:\/\/dutchhealthstore.com\/de\/product\/full-spectrum-turkey-tail-mushroom-extract-powder\/","url":"https:\/\/dutchhealthstore.com\/de\/product\/full-spectrum-turkey-tail-mushroom-extract-powder\/","name":"Full Spectrum Turkey Tail Mushroom Extract Powder - Na'vi Organics","isPartOf":{"@id":"https:\/\/dutchhealthstore.com\/de\/#website"},"primaryImageOfPage":{"@id":"https:\/\/dutchhealthstore.com\/de\/product\/full-spectrum-turkey-tail-mushroom-extract-powder\/#primaryimage"},"image":{"@id":"https:\/\/dutchhealthstore.com\/de\/product\/full-spectrum-turkey-tail-mushroom-extract-powder\/#primaryimage"},"thumbnailUrl":"https:\/\/dutchhealthstore.com\/wp-content\/uploads\/2023\/05\/naviturkeytailmushroom.jpg","datePublished":"2023-05-25T11:21:16+00:00","dateModified":"2026-02-24T10:05:12+00:00","description":"Alle unsere Tonic-Kr\u00e4uter-Extrakt-Pulver werden nach den h\u00f6chsten Standards mit Hilfe modernster Spr\u00fchtechnologie hergestellt, die es erm\u00f6glicht, den fl\u00fcssigen Extrakt sorgf\u00e4ltig zu einem mikrofeinen Pulver zu trocknen, das sich in jeder Fl\u00fcssigkeit oder in warmem Wasser wieder aufl\u00f6st.","breadcrumb":{"@id":"https:\/\/dutchhealthstore.com\/de\/product\/full-spectrum-turkey-tail-mushroom-extract-powder\/#breadcrumb"},"inLanguage":"de","potentialAction":[{"@type":"ReadAction","target":["https:\/\/dutchhealthstore.com\/de\/product\/full-spectrum-turkey-tail-mushroom-extract-powder\/"]}]},{"@type":"ImageObject","inLanguage":"de","@id":"https:\/\/dutchhealthstore.com\/de\/product\/full-spectrum-turkey-tail-mushroom-extract-powder\/#primaryimage","url":"https:\/\/dutchhealthstore.com\/wp-content\/uploads\/2023\/05\/naviturkeytailmushroom.jpg","contentUrl":"https:\/\/dutchhealthstore.com\/wp-content\/uploads\/2023\/05\/naviturkeytailmushroom.jpg","width":510,"height":510,"caption":"naviturkeytailmushroom"},{"@type":"BreadcrumbList","@id":"https:\/\/dutchhealthstore.com\/de\/product\/full-spectrum-turkey-tail-mushroom-extract-powder\/#breadcrumb","itemListElement":[{"@type":"ListItem","position":1,"name":"Home","item":"https:\/\/dutchhealthstore.com\/de\/"},{"@type":"ListItem","position":2,"name":"Shop","item":"https:\/\/dutchhealthstore.com\/de\/shop-2\/"},{"@type":"ListItem","position":3,"name":"Full Spectrum Turkey Tail Mushroom Extract Powder"}]},{"@type":"WebSite","@id":"https:\/\/dutchhealthstore.com\/de\/#website","url":"https:\/\/dutchhealthstore.com\/de\/","name":"Dutch Health Store","description":"Enhance Your Beauty with Organic &amp; Natural Skincare","publisher":{"@id":"https:\/\/dutchhealthstore.com\/de\/#organization"},"potentialAction":[{"@type":"SearchAction","target":{"@type":"EntryPoint","urlTemplate":"https:\/\/dutchhealthstore.com\/de\/?s={search_term_string}"},"query-input":{"@type":"PropertyValueSpecification","valueRequired":true,"valueName":"search_term_string"}}],"inLanguage":"de"},{"@type":"Organization","@id":"https:\/\/dutchhealthstore.com\/de\/#organization","name":"Dutch Health Store","url":"https:\/\/dutchhealthstore.com\/de\/","logo":{"@type":"ImageObject","inLanguage":"de","@id":"https:\/\/dutchhealthstore.com\/de\/#\/schema\/logo\/image\/","url":"https:\/\/dutchhealthstore.com\/wp-content\/uploads\/2020\/08\/logo-dutchhealthstore-jpg-e1599484957574.jpg","contentUrl":"https:\/\/dutchhealthstore.com\/wp-content\/uploads\/2020\/08\/logo-dutchhealthstore-jpg-e1599484957574.jpg","width":400,"height":62,"caption":"Dutch Health Store"},"image":{"@id":"https:\/\/dutchhealthstore.com\/de\/#\/schema\/logo\/image\/"},"sameAs":["https:\/\/www.instagram.com\/dutchhealthstore\/","https:\/\/www.facebook.com\/dutchhealthstore"]}]},"product_brand":"Na\u00b4Vi Organics","product_price_amount":"35.00","product_price_currency":"EUR","og_availability":"out of stock","product_availability":"out of stock","product_condition":"new"},"_links":{"self":[{"href":"https:\/\/dutchhealthstore.com\/de\/wp-json\/wp\/v2\/product\/245722","targetHints":{"allow":["GET"]}}],"collection":[{"href":"https:\/\/dutchhealthstore.com\/de\/wp-json\/wp\/v2\/product"}],"about":[{"href":"https:\/\/dutchhealthstore.com\/de\/wp-json\/wp\/v2\/types\/product"}],"replies":[{"embeddable":true,"href":"https:\/\/dutchhealthstore.com\/de\/wp-json\/wp\/v2\/comments?post=245722"}],"wp:featuredmedia":[{"embeddable":true,"href":"https:\/\/dutchhealthstore.com\/de\/wp-json\/wp\/v2\/media\/245628"}],"wp:attachment":[{"href":"https:\/\/dutchhealthstore.com\/de\/wp-json\/wp\/v2\/media?parent=245722"}],"wp:term":[{"taxonomy":"product_brand","embeddable":true,"href":"https:\/\/dutchhealthstore.com\/de\/wp-json\/wp\/v2\/product_brand?post=245722"},{"taxonomy":"product_cat","embeddable":true,"href":"https:\/\/dutchhealthstore.com\/de\/wp-json\/wp\/v2\/product_cat?post=245722"},{"taxonomy":"product_tag","embeddable":true,"href":"https:\/\/dutchhealthstore.com\/de\/wp-json\/wp\/v2\/product_tag?post=245722"}],"curies":[{"name":"wp","href":"https:\/\/api.w.org\/{rel}","templated":true}]}}