{"id":236725,"date":"2023-03-21T10:56:21","date_gmt":"2023-03-21T09:56:21","guid":{"rendered":"https:\/\/dutchhealthstore.com\/product\/h-o-l-i-m-a-n-e-hair-skin-nails-2-daily-combined\/"},"modified":"2026-04-20T15:46:36","modified_gmt":"2026-04-20T13:46:36","slug":"holi-mane-hair-skin-nails-2-daily-combined","status":"publish","type":"product","link":"https:\/\/dutchhealthstore.com\/de\/product\/holi-mane-hair-skin-nails-2-daily-combined\/","title":{"rendered":"holi (mane) hair, skin, nails, 2 daily combined"},"content":{"rendered":"<p>Meereskollagen und Perlenpulver, zwei t\u00e4gliche Supernahrungsmittel, sind in unserem einzigartigen Produkt kombiniert. Diese geschmacks- und geruchsneutrale Mischung ist reich an mehr als 30 Spurenelementen wie Kiesels\u00e4ure, Magnesium, Kalzium und Kalium, die das Erscheinungsbild von gesundem Haar, Haut und N\u00e4geln f\u00f6rdern. Bioverf\u00fcgbare Aminos\u00e4uren stimulieren die Bildung von Kollagen und Feuchtigkeit in Haar-, Haut- und Nagelzellen. Perlmutt, eine nat\u00fcrlich vorkommende Substanz, die im Perlenpulver enthalten ist, f\u00f6rdert die Regeneration von Kollagen. Zwei wichtige Antioxidantien, Glutathion und Superoxiddismutase, die beide f\u00fcr die Vitalit\u00e4t entscheidend sind, werden durch die Synergie dieser n\u00e4hrstoffreichen Kombination unterst\u00fctzt.<\/p>\n<p><strong>vorteilhaft f\u00fcr die folgenden Themen:<\/strong><\/p>\n<ul>\n<li>Hautvolumen<\/li>\n<li>Feine Linien und Falten<\/li>\n<li>stumpfes, br\u00fcchiges Haar<\/li>\n<li>Hyperpigmentierung<\/li>\n<li>ungleichm\u00e4\u00dfiger Hautton<\/li>\n<li>und trockene Haut<\/li>\n<li>abgebrochene N\u00e4gel<\/li>\n<li>ausd\u00fcnnendes Haar<\/li>\n<\/ul>\n<h3>Wie benutzt man<\/h3>\n<p>Jede rohe Mahlzeit oder jedes rohe Getr\u00e4nk, wie Matcha, Kaffee, Smoothies, Saucen, Desserts und Dressings, kann mit 1 Messl\u00f6ffel zubereitet werden.<\/p>\n<h3>Key Ingredients<\/h3>\n<ul>\n<li>Perlenpulver ist die reichste Kalziumquelle der Welt. Dieses ozeanische Adaptogen steigert die Kollagenproduktion und -regeneration, wenn es eingenommen wird, was zu jugendlicher, klarer Haut, kr\u00e4ftigem Haar und N\u00e4geln f\u00fchrt. Seine hohe Magnesiumkonzentration erh\u00f6ht den GABA-Spiegel, wodurch der oxidative Stress, der zu vorzeitiger Alterung f\u00fchrt, vermindert und die Stimmung verbessert wird.<\/li>\n<li>Meereskollagen ist ein Kollagen des Typs 1, 2, 3 und 4, das nachhaltig und resorbierbar ist und aus Tiefseefischen gewonnen wird, die in freier Wildbahn gefangen wurden. Es ist erwiesen, dass die nat\u00fcrlichen Bestandteile die Haut verbessern, die Gelenke gesund erhalten, das Wachstum von Haaren und N\u00e4geln beschleunigen und Entz\u00fcndungen im K\u00f6rper verringern. aus koscherem, gentechnikfreiem Tiefseefisch, Seelachs und Schellfisch.<\/li>\n<\/ul>\n<h3>Inhaltsstoffe<\/h3>\n<div>zerkleinertes Perlenpulver, *Marine Kollagen.<\/div>\n<div><\/div>\n<div>*aus gentechnikfreiem, wild gefangenem, koscherem Fisch hergestellt.<\/div>\n<div>\n<ul>\n<li>gentechnikfrei und glutenfrei<\/li>\n<li>frei von Petrochemikalien<\/li>\n<li>geeignet f\u00fcr Schwangerschaft und Stillzeit, aber fragen Sie immer zuerst Ihren Arzt<\/li>\n<\/ul>\n<p>&nbsp;<\/p>\n<\/div>\n","protected":false},"excerpt":{"rendered":"<p>Holi (mane) verhilft Ihnen zu bl\u00fchendem Haar, strahlender Haut und kr\u00e4ftigen N\u00e4geln und unterstreicht gleichzeitig Ihre angeborene Sch\u00f6nheit.<\/p>\n","protected":false},"featured_media":312809,"comment_status":"open","ping_status":"closed","template":"","meta":[],"product_brand":[],"product_cat":[6666,8473,10032,14735,1032,16752,1210,8472,511,10031,6736],"product_tag":[21541,10172,21936,4831],"class_list":{"0":"post-236725","1":"product","2":"type-product","3":"status-publish","4":"has-post-thumbnail","6":"product_cat-agent-nateur-de","7":"product_cat-health-de-2","8":"product_cat-hair-skin-nails-eyes-de-2","9":"product_cat-hautpflege","10":"product_cat-kategorien","11":"product_cat-kollagen-de","12":"product_cat-marken","13":"product_cat-nutrition-de","14":"product_cat-produkte","15":"product_cat-beauty-antiaging-de-2","16":"product_cat-wellness-de","17":"product_tag-erganzung","18":"product_tag-hair-de","19":"product_tag-kollagen","20":"product_tag-skin-de","21":"pa_brand-agent-nateur-de","22":"pa_gtin-860002595115-de","23":"pa_health-productype-supplements-de","24":"pa_health-productype-hair-skin-nails-eyes-de","25":"pa_health-productype-beauty-anti-aging-de","26":"pa_remedies-gelenke","27":"pa_size-300-gr-30-portionen","29":"first","30":"instock","31":"taxable","32":"shipping-taxable","33":"purchasable","34":"product-type-simple"},"bundled_by":[],"bundle_stock_status":"instock","bundle_stock_quantity":2,"bundle_virtual":false,"bundle_layout":"","bundle_add_to_cart_form_location":"","bundle_editable_in_cart":false,"bundle_sold_individually_context":"","bundle_item_grouping":"","bundle_min_size":"","bundle_max_size":"","bundle_price":[],"bundled_items":[],"bundle_sell_ids":[107698],"atum_controlled":true,"out_stock_date":null,"out_stock_threshold":null,"inheritable":false,"stock_on_hold":0,"sold_today":0,"sales_last_days":0,"out_stock_days":0,"lost_sales":0,"update_date":"2026-05-06T00:18:55","atum_locations":[],"atum_stock_status":"instock","restock_status":false,"low_stock_amount":"","sales_update_date":"2026-05-06T00:18:55","calc_backorders":null,"group_of_quantity":0,"min_quantity":0,"max_quantity":"","exclude_order_quantity_value_rules":"no","exclude_category_quantity_rules":"no","combine_variations":"no","yoast_head":"<!-- This site is optimized with the Yoast SEO Premium plugin v26.5 (Yoast SEO v26.5) - https:\/\/yoast.com\/wordpress\/plugins\/seo\/ -->\n<title>Auf der Suche nach holi (mane) hair, skin, nails, 2 daily combined? Bestellen Sie holi (mane) hair, skin, nails, 2 daily combined heute bei Dutch Health Store. Pers\u00f6nlicher Kontakt &amp; schnelle Versand.<\/title>\n<meta name=\"description\" content=\"Holi (mane) verhilft Ihnen zu bl\u00fchendem Haar, strahlender Haut und kr\u00e4ftigen N\u00e4geln und unterstreicht gleichzeitig Ihre angeborene Sch\u00f6nheit.\" \/>\n<meta name=\"robots\" content=\"index, follow, max-snippet:-1, max-image-preview:large, max-video-preview:-1\" \/>\n<link rel=\"canonical\" href=\"https:\/\/dutchhealthstore.com\/de\/product\/holi-mane-hair-skin-nails-2-daily-combined\/\" \/>\n<meta property=\"og:locale\" content=\"de_DE\" \/>\n<meta property=\"og:type\" content=\"article\" \/>\n<meta property=\"og:title\" content=\"holi (mane) hair, skin, nails, 2 daily combined - Dutch Health Store\" \/>\n<meta property=\"og:description\" content=\"Holi (mane) verhilft Ihnen zu bl\u00fchendem Haar, strahlender Haut und kr\u00e4ftigen N\u00e4geln und unterstreicht gleichzeitig Ihre angeborene Sch\u00f6nheit.\" \/>\n<meta property=\"og:url\" content=\"https:\/\/dutchhealthstore.com\/de\/product\/holi-mane-hair-skin-nails-2-daily-combined\/\" \/>\n<meta property=\"og:site_name\" content=\"Dutch Health Store\" \/>\n<meta property=\"article:publisher\" content=\"https:\/\/www.instagram.com\/dutchhealthstore\/\" \/>\n<meta property=\"article:modified_time\" content=\"2026-04-20T13:46:36+00:00\" \/>\n<meta property=\"og:image\" content=\"https:\/\/dutchhealthstore.com\/wp-content\/uploads\/2023\/03\/agentnateurholimanenew.jpg\" \/>\n\t<meta property=\"og:image:width\" content=\"510\" \/>\n\t<meta property=\"og:image:height\" content=\"510\" \/>\n\t<meta property=\"og:image:type\" content=\"image\/jpeg\" \/>\n<meta name=\"twitter:card\" content=\"summary_large_image\" \/>\n<meta name=\"twitter:label1\" content=\"Preis\" \/>\n\t<meta name=\"twitter:data1\" content=\"&euro;95,00\" \/>\n\t<meta name=\"twitter:label2\" content=\"Verf\u00fcgbarkeit\" \/>\n\t<meta name=\"twitter:data2\" content=\"Auf Lager\" \/>\n<script type=\"application\/ld+json\" class=\"yoast-schema-graph\">{\"@context\":\"https:\/\/schema.org\",\"@graph\":[{\"@type\":\"WebPage\",\"@id\":\"https:\/\/dutchhealthstore.com\/de\/product\/holi-mane-hair-skin-nails-2-daily-combined\/\",\"url\":\"https:\/\/dutchhealthstore.com\/de\/product\/holi-mane-hair-skin-nails-2-daily-combined\/\",\"name\":\"Auf der Suche nach holi (mane) hair, skin, nails, 2 daily combined? Bestellen Sie holi (mane) hair, skin, nails, 2 daily combined heute bei Dutch Health Store. Pers\u00f6nlicher Kontakt & schnelle Versand.\",\"isPartOf\":{\"@id\":\"https:\/\/dutchhealthstore.com\/de\/#website\"},\"primaryImageOfPage\":{\"@id\":\"https:\/\/dutchhealthstore.com\/de\/product\/holi-mane-hair-skin-nails-2-daily-combined\/#primaryimage\"},\"image\":{\"@id\":\"https:\/\/dutchhealthstore.com\/de\/product\/holi-mane-hair-skin-nails-2-daily-combined\/#primaryimage\"},\"thumbnailUrl\":\"https:\/\/dutchhealthstore.com\/wp-content\/uploads\/2023\/03\/agent-natuer_0000s_0006_holi-mane.jpg\",\"datePublished\":\"2023-03-21T09:56:21+00:00\",\"dateModified\":\"2026-04-20T13:46:36+00:00\",\"description\":\"Holi (mane) verhilft Ihnen zu bl\u00fchendem Haar, strahlender Haut und kr\u00e4ftigen N\u00e4geln und unterstreicht gleichzeitig Ihre angeborene Sch\u00f6nheit.\",\"breadcrumb\":{\"@id\":\"https:\/\/dutchhealthstore.com\/de\/product\/holi-mane-hair-skin-nails-2-daily-combined\/#breadcrumb\"},\"inLanguage\":\"de\",\"potentialAction\":[{\"@type\":\"ReadAction\",\"target\":[\"https:\/\/dutchhealthstore.com\/de\/product\/holi-mane-hair-skin-nails-2-daily-combined\/\"]}]},{\"@type\":\"ImageObject\",\"inLanguage\":\"de\",\"@id\":\"https:\/\/dutchhealthstore.com\/de\/product\/holi-mane-hair-skin-nails-2-daily-combined\/#primaryimage\",\"url\":\"https:\/\/dutchhealthstore.com\/wp-content\/uploads\/2023\/03\/agent-natuer_0000s_0006_holi-mane.jpg\",\"contentUrl\":\"https:\/\/dutchhealthstore.com\/wp-content\/uploads\/2023\/03\/agent-natuer_0000s_0006_holi-mane.jpg\",\"width\":530,\"height\":530},{\"@type\":\"BreadcrumbList\",\"@id\":\"https:\/\/dutchhealthstore.com\/de\/product\/holi-mane-hair-skin-nails-2-daily-combined\/#breadcrumb\",\"itemListElement\":[{\"@type\":\"ListItem\",\"position\":1,\"name\":\"Home\",\"item\":\"https:\/\/dutchhealthstore.com\/de\/\"},{\"@type\":\"ListItem\",\"position\":2,\"name\":\"Shop\",\"item\":\"https:\/\/dutchhealthstore.com\/de\/shop-2\/\"},{\"@type\":\"ListItem\",\"position\":3,\"name\":\"holi (mane) hair, skin, nails, 2 daily combined\"}]},{\"@type\":\"WebSite\",\"@id\":\"https:\/\/dutchhealthstore.com\/de\/#website\",\"url\":\"https:\/\/dutchhealthstore.com\/de\/\",\"name\":\"Dutch Health Store\",\"description\":\"Enhance Your Beauty with Organic &amp; Natural Skincare\",\"publisher\":{\"@id\":\"https:\/\/dutchhealthstore.com\/de\/#organization\"},\"potentialAction\":[{\"@type\":\"SearchAction\",\"target\":{\"@type\":\"EntryPoint\",\"urlTemplate\":\"https:\/\/dutchhealthstore.com\/de\/?s={search_term_string}\"},\"query-input\":{\"@type\":\"PropertyValueSpecification\",\"valueRequired\":true,\"valueName\":\"search_term_string\"}}],\"inLanguage\":\"de\"},{\"@type\":\"Organization\",\"@id\":\"https:\/\/dutchhealthstore.com\/de\/#organization\",\"name\":\"Dutch Health Store\",\"url\":\"https:\/\/dutchhealthstore.com\/de\/\",\"logo\":{\"@type\":\"ImageObject\",\"inLanguage\":\"de\",\"@id\":\"https:\/\/dutchhealthstore.com\/de\/#\/schema\/logo\/image\/\",\"url\":\"https:\/\/dutchhealthstore.com\/wp-content\/uploads\/2020\/08\/logo-dutchhealthstore-jpg-e1599484957574.jpg\",\"contentUrl\":\"https:\/\/dutchhealthstore.com\/wp-content\/uploads\/2020\/08\/logo-dutchhealthstore-jpg-e1599484957574.jpg\",\"width\":400,\"height\":62,\"caption\":\"Dutch Health Store\"},\"image\":{\"@id\":\"https:\/\/dutchhealthstore.com\/de\/#\/schema\/logo\/image\/\"},\"sameAs\":[\"https:\/\/www.instagram.com\/dutchhealthstore\/\",\"https:\/\/www.facebook.com\/dutchhealthstore\"]}]}<\/script>\n<meta property=\"product:brand\" content=\"Agent Nateur\" \/>\n<meta property=\"product:price:amount\" content=\"95.00\" \/>\n<meta property=\"product:price:currency\" content=\"EUR\" \/>\n<meta property=\"og:availability\" content=\"instock\" \/>\n<meta property=\"product:availability\" content=\"instock\" \/>\n<meta property=\"product:condition\" content=\"new\" \/>\n<!-- \/ Yoast SEO Premium plugin. -->","yoast_head_json":{"title":"Auf der Suche nach holi (mane) hair, skin, nails, 2 daily combined? Bestellen Sie holi (mane) hair, skin, nails, 2 daily combined heute bei Dutch Health Store. Pers\u00f6nlicher Kontakt & schnelle Versand.","description":"Holi (mane) verhilft Ihnen zu bl\u00fchendem Haar, strahlender Haut und kr\u00e4ftigen N\u00e4geln und unterstreicht gleichzeitig Ihre angeborene Sch\u00f6nheit.","robots":{"index":"index","follow":"follow","max-snippet":"max-snippet:-1","max-image-preview":"max-image-preview:large","max-video-preview":"max-video-preview:-1"},"canonical":"https:\/\/dutchhealthstore.com\/de\/product\/holi-mane-hair-skin-nails-2-daily-combined\/","og_locale":"de_DE","og_type":"article","og_title":"holi (mane) hair, skin, nails, 2 daily combined - Dutch Health Store","og_description":"Holi (mane) verhilft Ihnen zu bl\u00fchendem Haar, strahlender Haut und kr\u00e4ftigen N\u00e4geln und unterstreicht gleichzeitig Ihre angeborene Sch\u00f6nheit.","og_url":"https:\/\/dutchhealthstore.com\/de\/product\/holi-mane-hair-skin-nails-2-daily-combined\/","og_site_name":"Dutch Health Store","article_publisher":"https:\/\/www.instagram.com\/dutchhealthstore\/","article_modified_time":"2026-04-20T13:46:36+00:00","og_image":[{"width":510,"height":510,"url":"https:\/\/dutchhealthstore.com\/wp-content\/uploads\/2023\/03\/agentnateurholimanenew.jpg","type":"image\/jpeg"}],"twitter_card":"summary_large_image","twitter_misc":{"Preis":"&euro;95,00","Verf\u00fcgbarkeit":"Auf Lager"},"schema":{"@context":"https:\/\/schema.org","@graph":[{"@type":"WebPage","@id":"https:\/\/dutchhealthstore.com\/de\/product\/holi-mane-hair-skin-nails-2-daily-combined\/","url":"https:\/\/dutchhealthstore.com\/de\/product\/holi-mane-hair-skin-nails-2-daily-combined\/","name":"Auf der Suche nach holi (mane) hair, skin, nails, 2 daily combined? Bestellen Sie holi (mane) hair, skin, nails, 2 daily combined heute bei Dutch Health Store. Pers\u00f6nlicher Kontakt & schnelle Versand.","isPartOf":{"@id":"https:\/\/dutchhealthstore.com\/de\/#website"},"primaryImageOfPage":{"@id":"https:\/\/dutchhealthstore.com\/de\/product\/holi-mane-hair-skin-nails-2-daily-combined\/#primaryimage"},"image":{"@id":"https:\/\/dutchhealthstore.com\/de\/product\/holi-mane-hair-skin-nails-2-daily-combined\/#primaryimage"},"thumbnailUrl":"https:\/\/dutchhealthstore.com\/wp-content\/uploads\/2023\/03\/agent-natuer_0000s_0006_holi-mane.jpg","datePublished":"2023-03-21T09:56:21+00:00","dateModified":"2026-04-20T13:46:36+00:00","description":"Holi (mane) verhilft Ihnen zu bl\u00fchendem Haar, strahlender Haut und kr\u00e4ftigen N\u00e4geln und unterstreicht gleichzeitig Ihre angeborene Sch\u00f6nheit.","breadcrumb":{"@id":"https:\/\/dutchhealthstore.com\/de\/product\/holi-mane-hair-skin-nails-2-daily-combined\/#breadcrumb"},"inLanguage":"de","potentialAction":[{"@type":"ReadAction","target":["https:\/\/dutchhealthstore.com\/de\/product\/holi-mane-hair-skin-nails-2-daily-combined\/"]}]},{"@type":"ImageObject","inLanguage":"de","@id":"https:\/\/dutchhealthstore.com\/de\/product\/holi-mane-hair-skin-nails-2-daily-combined\/#primaryimage","url":"https:\/\/dutchhealthstore.com\/wp-content\/uploads\/2023\/03\/agent-natuer_0000s_0006_holi-mane.jpg","contentUrl":"https:\/\/dutchhealthstore.com\/wp-content\/uploads\/2023\/03\/agent-natuer_0000s_0006_holi-mane.jpg","width":530,"height":530},{"@type":"BreadcrumbList","@id":"https:\/\/dutchhealthstore.com\/de\/product\/holi-mane-hair-skin-nails-2-daily-combined\/#breadcrumb","itemListElement":[{"@type":"ListItem","position":1,"name":"Home","item":"https:\/\/dutchhealthstore.com\/de\/"},{"@type":"ListItem","position":2,"name":"Shop","item":"https:\/\/dutchhealthstore.com\/de\/shop-2\/"},{"@type":"ListItem","position":3,"name":"holi (mane) hair, skin, nails, 2 daily combined"}]},{"@type":"WebSite","@id":"https:\/\/dutchhealthstore.com\/de\/#website","url":"https:\/\/dutchhealthstore.com\/de\/","name":"Dutch Health Store","description":"Enhance Your Beauty with Organic &amp; Natural Skincare","publisher":{"@id":"https:\/\/dutchhealthstore.com\/de\/#organization"},"potentialAction":[{"@type":"SearchAction","target":{"@type":"EntryPoint","urlTemplate":"https:\/\/dutchhealthstore.com\/de\/?s={search_term_string}"},"query-input":{"@type":"PropertyValueSpecification","valueRequired":true,"valueName":"search_term_string"}}],"inLanguage":"de"},{"@type":"Organization","@id":"https:\/\/dutchhealthstore.com\/de\/#organization","name":"Dutch Health Store","url":"https:\/\/dutchhealthstore.com\/de\/","logo":{"@type":"ImageObject","inLanguage":"de","@id":"https:\/\/dutchhealthstore.com\/de\/#\/schema\/logo\/image\/","url":"https:\/\/dutchhealthstore.com\/wp-content\/uploads\/2020\/08\/logo-dutchhealthstore-jpg-e1599484957574.jpg","contentUrl":"https:\/\/dutchhealthstore.com\/wp-content\/uploads\/2020\/08\/logo-dutchhealthstore-jpg-e1599484957574.jpg","width":400,"height":62,"caption":"Dutch Health Store"},"image":{"@id":"https:\/\/dutchhealthstore.com\/de\/#\/schema\/logo\/image\/"},"sameAs":["https:\/\/www.instagram.com\/dutchhealthstore\/","https:\/\/www.facebook.com\/dutchhealthstore"]}]},"product_brand":"Agent Nateur","product_price_amount":"95.00","product_price_currency":"EUR","og_availability":"instock","product_availability":"instock","product_condition":"new"},"_links":{"self":[{"href":"https:\/\/dutchhealthstore.com\/de\/wp-json\/wp\/v2\/product\/236725","targetHints":{"allow":["GET"]}}],"collection":[{"href":"https:\/\/dutchhealthstore.com\/de\/wp-json\/wp\/v2\/product"}],"about":[{"href":"https:\/\/dutchhealthstore.com\/de\/wp-json\/wp\/v2\/types\/product"}],"replies":[{"embeddable":true,"href":"https:\/\/dutchhealthstore.com\/de\/wp-json\/wp\/v2\/comments?post=236725"}],"wp:featuredmedia":[{"embeddable":true,"href":"https:\/\/dutchhealthstore.com\/de\/wp-json\/wp\/v2\/media\/312809"}],"wp:attachment":[{"href":"https:\/\/dutchhealthstore.com\/de\/wp-json\/wp\/v2\/media?parent=236725"}],"wp:term":[{"taxonomy":"product_brand","embeddable":true,"href":"https:\/\/dutchhealthstore.com\/de\/wp-json\/wp\/v2\/product_brand?post=236725"},{"taxonomy":"product_cat","embeddable":true,"href":"https:\/\/dutchhealthstore.com\/de\/wp-json\/wp\/v2\/product_cat?post=236725"},{"taxonomy":"product_tag","embeddable":true,"href":"https:\/\/dutchhealthstore.com\/de\/wp-json\/wp\/v2\/product_tag?post=236725"}],"curies":[{"name":"wp","href":"https:\/\/api.w.org\/{rel}","templated":true}]}}