{"id":231219,"date":"2023-01-02T11:00:46","date_gmt":"2023-01-02T10:00:46","guid":{"rendered":"https:\/\/dutchhealthstore.com\/product\/verbena-honey-essential-oil\/"},"modified":"2023-03-02T10:21:38","modified_gmt":"2023-03-02T10:21:38","slug":"verbena-honey-essential-oil","status":"publish","type":"product","link":"https:\/\/dutchhealthstore.com\/de\/product\/verbena-honey-essential-oil\/","title":{"rendered":"Verbena, Honey Essential Oil"},"content":{"rendered":"<p>Eine attraktive Erg\u00e4nzung jeder Apotheke f\u00fcr die Aromatherapie ist dieses edle \u00e4therische \u00d6l. Diese h\u00fcbsche Pionierpflanze passt sich leicht an ein breites Spektrum von Klimazonen und Gel\u00e4ndeformen an und gedeiht gerne als Salbe f\u00fcr gest\u00f6rte B\u00f6den. Dieses mehrj\u00e4hrige australische Kraut hat reiche, cremewei\u00dfe Bl\u00fctenk\u00f6pfe, die reichlich bl\u00fchen, duftendes Laub und einen Zitronenduft, der an eine krautige Zitronen-Meringue-Torte erinnert.<\/p>\n<p><strong>Botanischer Name: <\/strong><em>Lippia javanica<\/em><br \/>\n<strong>Botanische Familie: <\/strong><em>Verbenaceae<\/em><br \/>\n<strong>Extraktionsverfahren:<\/strong> Dampfdestilliert<br \/>\n<strong>Teil der Pflanze Destilliert:<\/strong> Bl\u00fcten<br \/>\n<strong>Herkunftsland: <\/strong>S\u00fcdafrika<br \/>\n<strong>Anbaumethode:<\/strong> Bio<br \/>\n<strong>Zusammensetzung: <\/strong>100% <em>Lippia javanica<\/em><br \/>\n<strong>Konsistenz:<\/strong> Mittlere Viskosit\u00e4t, blassgr\u00fcn<br \/>\n<strong>Beschreibung des Duftes<\/strong>: Sehr frisch, gr\u00fcn, fruchtig, zitronig und leicht honigartig.<br \/>\n<strong>Gut mischbar mit: <\/strong>Koriander, Kardamom, Lavendel, Zitrone, Bergamotte, Ysop, Weihrauch, Majoran, Myrte, Magnolie, Rose, Ylang, Geranie, Kamille, Kap-Kamille, Neroli, Petitgrain und Palmarosa<\/p>\n<p><strong>Verwendungen: <\/strong>Kopfnote in Parf\u00fcms. Ein Spritzer wird \u00f6rtlich aufgetragen, um fliegende Sch\u00e4dlinge abzuschrecken, und in einem Schrank aufbewahrt, damit er frisch bleibt und Sch\u00e4dlinge bek\u00e4mpft. Um die Tiefenatmung zu f\u00f6rdern, k\u00f6nnen Sie einen Tropfen Kokos\u00f6l auf die Brust geben oder es als Salbe f\u00fcr gereizte Haut verwenden. F\u00fcr eine straffende Wirkung verd\u00fcnnen Sie es und verwenden Sie es f\u00fcr beeindruckende Hautpflegeanwendungen.<\/p>\n<p>Im tropischen Afrika und in Australien wird die Honig-Eisenkrautpflanze seit langem als Heilpflanze verwendet. Zu den beliebten regionalen Zubereitungen aus den Bl\u00e4ttern, St\u00e4ngeln, Bl\u00fcten und Wurzeln dieser aromatischen Pflanze geh\u00f6ren Kr\u00e4utergetr\u00e4nke, Tisane, Nahrungserg\u00e4nzungsmittel, Salben f\u00fcr gereizte Haut und Atembalsame.<\/p>\n<p>Die Bl\u00fcten des Eisenkrauts werden dampfdestilliert, um ein \u00e4therisches \u00d6l zu gewinnen, das reich an hautfreundlichen Linalool-Komponenten und frisch duftendem Myrcen ist. Das \u00e4therische \u00d6l der Honigverbene ist eine clevere Pflanze, die angenehme D\u00fcfte erzeugt, die Menschen genie\u00dfen und fliegende Sch\u00e4dlinge meiden.<\/p>\n<p><strong>Gr\u00f6\u00dfe: 5 ml<\/strong><\/p>\n<p><em>Der schwache Duft von Eisenkraut umgab sie und schwebte sanft von Eleanor Butlers Seidenkleid und ihrem seidenen Haar. Es war der Duft, der immer ein Teil von Ellen O&#8217;Hara gewesen war, der Duft f\u00fcr Scarlett von Behaglichkeit, von Sicherheit, von Liebe, vom Leben vor dem Krieg&#8220;.<\/em><br \/>\n~ Alexandra Ripley, Scarlett: Die Fortsetzung von Margaret Mitchells Vom Winde verweht Teil zwei<\/p>\n<p><em>&#8222;Es war der Tag der Zitronenverbene, so dass das Haus von einem s\u00fc\u00dflich-herben Duft erf\u00fcllt war, der Bilder von Picknickdecken und wei\u00dfen Wolken in Form von Herzen der wahren Liebe heraufbeschwor.<\/em><br \/>\n~ Sarah Addison Allen, First Frost<\/p>\n","protected":false},"excerpt":{"rendered":"<p>Leicht und luftig Der Duft von Honig-Eisenkraut erinnert an den fr\u00fchen Morgen, wenn alles neu und frisch ist.<\/p>\n","protected":false},"featured_media":337473,"comment_status":"open","ping_status":"closed","template":"","meta":[],"product_brand":[],"product_cat":[6737,1508,1546,1032,1493,1210,511,6736],"product_tag":[1547],"class_list":{"0":"post-231219","1":"product","2":"type-product","3":"status-publish","4":"has-post-thumbnail","6":"product_cat-essential-oils-de-2","7":"product_cat-aetherische-oele-living-libations","8":"product_cat-essential-oils-living-libations-de","9":"product_cat-kategorien","10":"product_cat-living-libations-deutschland","11":"product_cat-marken","12":"product_cat-produkte","13":"product_cat-wellness-de","14":"product_tag-essential-oil-de","15":"pa_brand-livinglibations-de","16":"pa_essential-oils-product-type-essential-oils-de","17":"pa_gtin-6096411833867-de","18":"pa_size-5-ml-de","20":"first","21":"instock","22":"taxable","23":"shipping-taxable","24":"purchasable","25":"product-type-simple"},"bundled_by":[],"bundle_stock_status":"instock","bundle_stock_quantity":1,"bundle_virtual":false,"bundle_layout":"","bundle_add_to_cart_form_location":"","bundle_editable_in_cart":false,"bundle_sold_individually_context":"","bundle_item_grouping":"","bundle_min_size":"","bundle_max_size":"","bundle_price":[],"bundled_items":[],"bundle_sell_ids":[],"atum_controlled":true,"out_stock_date":null,"out_stock_threshold":null,"inheritable":false,"stock_on_hold":1,"sold_today":0,"sales_last_days":1,"out_stock_days":0,"lost_sales":0,"update_date":"2026-04-09T11:36:04","atum_locations":[],"atum_stock_status":"instock","restock_status":true,"low_stock_amount":"","sales_update_date":"2026-04-09T11:36:04","calc_backorders":null,"group_of_quantity":0,"min_quantity":0,"max_quantity":"","exclude_order_quantity_value_rules":"no","exclude_category_quantity_rules":"no","combine_variations":"no","yoast_head":"<!-- This site is optimized with the Yoast SEO Premium plugin v26.5 (Yoast SEO v26.5) - https:\/\/yoast.com\/wordpress\/plugins\/seo\/ -->\n<title>Verbena, Honey Essential Oil - Living Libations<\/title>\n<meta name=\"description\" content=\"Leicht und luftig Der Duft von Honig-Eisenkraut erinnert an den fr\u00fchen Morgen, wenn alles neu und frisch ist.\" \/>\n<meta name=\"robots\" content=\"index, follow, max-snippet:-1, max-image-preview:large, max-video-preview:-1\" \/>\n<link rel=\"canonical\" href=\"https:\/\/dutchhealthstore.com\/de\/product\/verbena-honey-essential-oil\/\" \/>\n<meta property=\"og:locale\" content=\"de_DE\" \/>\n<meta property=\"og:type\" content=\"article\" \/>\n<meta property=\"og:title\" content=\"Verbena, Honey Essential Oil - Dutch Health Store\" \/>\n<meta property=\"og:description\" content=\"Leicht und luftig Der Duft von Honig-Eisenkraut erinnert an den fr\u00fchen Morgen, wenn alles neu und frisch ist.\" \/>\n<meta property=\"og:url\" content=\"https:\/\/dutchhealthstore.com\/de\/product\/verbena-honey-essential-oil\/\" \/>\n<meta property=\"og:site_name\" content=\"Dutch Health Store\" \/>\n<meta property=\"article:publisher\" content=\"https:\/\/www.instagram.com\/dutchhealthstore\/\" \/>\n<meta property=\"article:modified_time\" content=\"2023-03-02T10:21:38+00:00\" \/>\n<meta property=\"og:image\" content=\"https:\/\/dutchhealthstore.com\/wp-content\/uploads\/2023\/01\/2025-04-15-13_44_37-Honey-Verbena-Essential-Oil-\u2013-Living-Libations-INT.jpg\" \/>\n\t<meta property=\"og:image:width\" content=\"530\" \/>\n\t<meta property=\"og:image:height\" content=\"529\" \/>\n\t<meta property=\"og:image:type\" content=\"image\/jpeg\" \/>\n<meta name=\"twitter:card\" content=\"summary_large_image\" \/>\n<meta name=\"twitter:label1\" content=\"Preis\" \/>\n\t<meta name=\"twitter:data1\" content=\"&euro;26,00\" \/>\n\t<meta name=\"twitter:label2\" content=\"Verf\u00fcgbarkeit\" \/>\n\t<meta name=\"twitter:data2\" content=\"Auf Lager\" \/>\n<script type=\"application\/ld+json\" class=\"yoast-schema-graph\">{\"@context\":\"https:\/\/schema.org\",\"@graph\":[{\"@type\":\"WebPage\",\"@id\":\"https:\/\/dutchhealthstore.com\/de\/product\/verbena-honey-essential-oil\/\",\"url\":\"https:\/\/dutchhealthstore.com\/de\/product\/verbena-honey-essential-oil\/\",\"name\":\"Verbena, Honey Essential Oil - Living Libations\",\"isPartOf\":{\"@id\":\"https:\/\/dutchhealthstore.com\/de\/#website\"},\"primaryImageOfPage\":{\"@id\":\"https:\/\/dutchhealthstore.com\/de\/product\/verbena-honey-essential-oil\/#primaryimage\"},\"image\":{\"@id\":\"https:\/\/dutchhealthstore.com\/de\/product\/verbena-honey-essential-oil\/#primaryimage\"},\"thumbnailUrl\":\"https:\/\/dutchhealthstore.com\/wp-content\/uploads\/2023\/01\/2025-04-15-13_44_37-Honey-Verbena-Essential-Oil-\u2013-Living-Libations-INT.jpg\",\"datePublished\":\"2023-01-02T10:00:46+00:00\",\"dateModified\":\"2023-03-02T10:21:38+00:00\",\"description\":\"Leicht und luftig Der Duft von Honig-Eisenkraut erinnert an den fr\u00fchen Morgen, wenn alles neu und frisch ist.\",\"breadcrumb\":{\"@id\":\"https:\/\/dutchhealthstore.com\/de\/product\/verbena-honey-essential-oil\/#breadcrumb\"},\"inLanguage\":\"de\",\"potentialAction\":[{\"@type\":\"ReadAction\",\"target\":[\"https:\/\/dutchhealthstore.com\/de\/product\/verbena-honey-essential-oil\/\"]}]},{\"@type\":\"ImageObject\",\"inLanguage\":\"de\",\"@id\":\"https:\/\/dutchhealthstore.com\/de\/product\/verbena-honey-essential-oil\/#primaryimage\",\"url\":\"https:\/\/dutchhealthstore.com\/wp-content\/uploads\/2023\/01\/2025-04-15-13_44_37-Honey-Verbena-Essential-Oil-\u2013-Living-Libations-INT.jpg\",\"contentUrl\":\"https:\/\/dutchhealthstore.com\/wp-content\/uploads\/2023\/01\/2025-04-15-13_44_37-Honey-Verbena-Essential-Oil-\u2013-Living-Libations-INT.jpg\",\"width\":530,\"height\":529},{\"@type\":\"BreadcrumbList\",\"@id\":\"https:\/\/dutchhealthstore.com\/de\/product\/verbena-honey-essential-oil\/#breadcrumb\",\"itemListElement\":[{\"@type\":\"ListItem\",\"position\":1,\"name\":\"Home\",\"item\":\"https:\/\/dutchhealthstore.com\/de\/\"},{\"@type\":\"ListItem\",\"position\":2,\"name\":\"Shop\",\"item\":\"https:\/\/dutchhealthstore.com\/de\/shop-2\/\"},{\"@type\":\"ListItem\",\"position\":3,\"name\":\"Verbena, Honey Essential Oil\"}]},{\"@type\":\"WebSite\",\"@id\":\"https:\/\/dutchhealthstore.com\/de\/#website\",\"url\":\"https:\/\/dutchhealthstore.com\/de\/\",\"name\":\"Dutch Health Store\",\"description\":\"Enhance Your Beauty with Organic &amp; Natural Skincare\",\"publisher\":{\"@id\":\"https:\/\/dutchhealthstore.com\/de\/#organization\"},\"potentialAction\":[{\"@type\":\"SearchAction\",\"target\":{\"@type\":\"EntryPoint\",\"urlTemplate\":\"https:\/\/dutchhealthstore.com\/de\/?s={search_term_string}\"},\"query-input\":{\"@type\":\"PropertyValueSpecification\",\"valueRequired\":true,\"valueName\":\"search_term_string\"}}],\"inLanguage\":\"de\"},{\"@type\":\"Organization\",\"@id\":\"https:\/\/dutchhealthstore.com\/de\/#organization\",\"name\":\"Dutch Health Store\",\"url\":\"https:\/\/dutchhealthstore.com\/de\/\",\"logo\":{\"@type\":\"ImageObject\",\"inLanguage\":\"de\",\"@id\":\"https:\/\/dutchhealthstore.com\/de\/#\/schema\/logo\/image\/\",\"url\":\"https:\/\/dutchhealthstore.com\/wp-content\/uploads\/2020\/08\/logo-dutchhealthstore-jpg-e1599484957574.jpg\",\"contentUrl\":\"https:\/\/dutchhealthstore.com\/wp-content\/uploads\/2020\/08\/logo-dutchhealthstore-jpg-e1599484957574.jpg\",\"width\":400,\"height\":62,\"caption\":\"Dutch Health Store\"},\"image\":{\"@id\":\"https:\/\/dutchhealthstore.com\/de\/#\/schema\/logo\/image\/\"},\"sameAs\":[\"https:\/\/www.instagram.com\/dutchhealthstore\/\",\"https:\/\/www.facebook.com\/dutchhealthstore\"]}]}<\/script>\n<meta property=\"product:brand\" content=\"Living Libations\" \/>\n<meta property=\"product:price:amount\" content=\"26.00\" \/>\n<meta property=\"product:price:currency\" content=\"EUR\" \/>\n<meta property=\"og:availability\" content=\"instock\" \/>\n<meta property=\"product:availability\" content=\"instock\" \/>\n<meta property=\"product:condition\" content=\"new\" \/>\n<!-- \/ Yoast SEO Premium plugin. -->","yoast_head_json":{"title":"Verbena, Honey Essential Oil - Living Libations","description":"Leicht und luftig Der Duft von Honig-Eisenkraut erinnert an den fr\u00fchen Morgen, wenn alles neu und frisch ist.","robots":{"index":"index","follow":"follow","max-snippet":"max-snippet:-1","max-image-preview":"max-image-preview:large","max-video-preview":"max-video-preview:-1"},"canonical":"https:\/\/dutchhealthstore.com\/de\/product\/verbena-honey-essential-oil\/","og_locale":"de_DE","og_type":"article","og_title":"Verbena, Honey Essential Oil - Dutch Health Store","og_description":"Leicht und luftig Der Duft von Honig-Eisenkraut erinnert an den fr\u00fchen Morgen, wenn alles neu und frisch ist.","og_url":"https:\/\/dutchhealthstore.com\/de\/product\/verbena-honey-essential-oil\/","og_site_name":"Dutch Health Store","article_publisher":"https:\/\/www.instagram.com\/dutchhealthstore\/","article_modified_time":"2023-03-02T10:21:38+00:00","og_image":[{"width":530,"height":529,"url":"https:\/\/dutchhealthstore.com\/wp-content\/uploads\/2023\/01\/2025-04-15-13_44_37-Honey-Verbena-Essential-Oil-\u2013-Living-Libations-INT.jpg","type":"image\/jpeg"}],"twitter_card":"summary_large_image","twitter_misc":{"Preis":"&euro;26,00","Verf\u00fcgbarkeit":"Auf Lager"},"schema":{"@context":"https:\/\/schema.org","@graph":[{"@type":"WebPage","@id":"https:\/\/dutchhealthstore.com\/de\/product\/verbena-honey-essential-oil\/","url":"https:\/\/dutchhealthstore.com\/de\/product\/verbena-honey-essential-oil\/","name":"Verbena, Honey Essential Oil - Living Libations","isPartOf":{"@id":"https:\/\/dutchhealthstore.com\/de\/#website"},"primaryImageOfPage":{"@id":"https:\/\/dutchhealthstore.com\/de\/product\/verbena-honey-essential-oil\/#primaryimage"},"image":{"@id":"https:\/\/dutchhealthstore.com\/de\/product\/verbena-honey-essential-oil\/#primaryimage"},"thumbnailUrl":"https:\/\/dutchhealthstore.com\/wp-content\/uploads\/2023\/01\/2025-04-15-13_44_37-Honey-Verbena-Essential-Oil-\u2013-Living-Libations-INT.jpg","datePublished":"2023-01-02T10:00:46+00:00","dateModified":"2023-03-02T10:21:38+00:00","description":"Leicht und luftig Der Duft von Honig-Eisenkraut erinnert an den fr\u00fchen Morgen, wenn alles neu und frisch ist.","breadcrumb":{"@id":"https:\/\/dutchhealthstore.com\/de\/product\/verbena-honey-essential-oil\/#breadcrumb"},"inLanguage":"de","potentialAction":[{"@type":"ReadAction","target":["https:\/\/dutchhealthstore.com\/de\/product\/verbena-honey-essential-oil\/"]}]},{"@type":"ImageObject","inLanguage":"de","@id":"https:\/\/dutchhealthstore.com\/de\/product\/verbena-honey-essential-oil\/#primaryimage","url":"https:\/\/dutchhealthstore.com\/wp-content\/uploads\/2023\/01\/2025-04-15-13_44_37-Honey-Verbena-Essential-Oil-\u2013-Living-Libations-INT.jpg","contentUrl":"https:\/\/dutchhealthstore.com\/wp-content\/uploads\/2023\/01\/2025-04-15-13_44_37-Honey-Verbena-Essential-Oil-\u2013-Living-Libations-INT.jpg","width":530,"height":529},{"@type":"BreadcrumbList","@id":"https:\/\/dutchhealthstore.com\/de\/product\/verbena-honey-essential-oil\/#breadcrumb","itemListElement":[{"@type":"ListItem","position":1,"name":"Home","item":"https:\/\/dutchhealthstore.com\/de\/"},{"@type":"ListItem","position":2,"name":"Shop","item":"https:\/\/dutchhealthstore.com\/de\/shop-2\/"},{"@type":"ListItem","position":3,"name":"Verbena, Honey Essential Oil"}]},{"@type":"WebSite","@id":"https:\/\/dutchhealthstore.com\/de\/#website","url":"https:\/\/dutchhealthstore.com\/de\/","name":"Dutch Health Store","description":"Enhance Your Beauty with Organic &amp; Natural Skincare","publisher":{"@id":"https:\/\/dutchhealthstore.com\/de\/#organization"},"potentialAction":[{"@type":"SearchAction","target":{"@type":"EntryPoint","urlTemplate":"https:\/\/dutchhealthstore.com\/de\/?s={search_term_string}"},"query-input":{"@type":"PropertyValueSpecification","valueRequired":true,"valueName":"search_term_string"}}],"inLanguage":"de"},{"@type":"Organization","@id":"https:\/\/dutchhealthstore.com\/de\/#organization","name":"Dutch Health Store","url":"https:\/\/dutchhealthstore.com\/de\/","logo":{"@type":"ImageObject","inLanguage":"de","@id":"https:\/\/dutchhealthstore.com\/de\/#\/schema\/logo\/image\/","url":"https:\/\/dutchhealthstore.com\/wp-content\/uploads\/2020\/08\/logo-dutchhealthstore-jpg-e1599484957574.jpg","contentUrl":"https:\/\/dutchhealthstore.com\/wp-content\/uploads\/2020\/08\/logo-dutchhealthstore-jpg-e1599484957574.jpg","width":400,"height":62,"caption":"Dutch Health Store"},"image":{"@id":"https:\/\/dutchhealthstore.com\/de\/#\/schema\/logo\/image\/"},"sameAs":["https:\/\/www.instagram.com\/dutchhealthstore\/","https:\/\/www.facebook.com\/dutchhealthstore"]}]},"product_brand":"Living Libations","product_price_amount":"26.00","product_price_currency":"EUR","og_availability":"instock","product_availability":"instock","product_condition":"new"},"_links":{"self":[{"href":"https:\/\/dutchhealthstore.com\/de\/wp-json\/wp\/v2\/product\/231219","targetHints":{"allow":["GET"]}}],"collection":[{"href":"https:\/\/dutchhealthstore.com\/de\/wp-json\/wp\/v2\/product"}],"about":[{"href":"https:\/\/dutchhealthstore.com\/de\/wp-json\/wp\/v2\/types\/product"}],"replies":[{"embeddable":true,"href":"https:\/\/dutchhealthstore.com\/de\/wp-json\/wp\/v2\/comments?post=231219"}],"wp:featuredmedia":[{"embeddable":true,"href":"https:\/\/dutchhealthstore.com\/de\/wp-json\/wp\/v2\/media\/337473"}],"wp:attachment":[{"href":"https:\/\/dutchhealthstore.com\/de\/wp-json\/wp\/v2\/media?parent=231219"}],"wp:term":[{"taxonomy":"product_brand","embeddable":true,"href":"https:\/\/dutchhealthstore.com\/de\/wp-json\/wp\/v2\/product_brand?post=231219"},{"taxonomy":"product_cat","embeddable":true,"href":"https:\/\/dutchhealthstore.com\/de\/wp-json\/wp\/v2\/product_cat?post=231219"},{"taxonomy":"product_tag","embeddable":true,"href":"https:\/\/dutchhealthstore.com\/de\/wp-json\/wp\/v2\/product_tag?post=231219"}],"curies":[{"name":"wp","href":"https:\/\/api.w.org\/{rel}","templated":true}]}}