{"id":229449,"date":"2023-01-02T10:52:00","date_gmt":"2023-01-02T09:52:00","guid":{"rendered":"https:\/\/dutchhealthstore.com\/product\/eucalyptus-kochii-essential-oil\/"},"modified":"2024-10-21T10:26:18","modified_gmt":"2024-10-21T08:26:18","slug":"eucalyptus-kochii-essential-oil","status":"publish","type":"product","link":"https:\/\/dutchhealthstore.com\/de\/product\/eucalyptus-kochii-essential-oil\/","title":{"rendered":"Eucalyptus Kochii Essential Oil"},"content":{"rendered":"<p>Eukalyptus ist bekannt f\u00fcr seine enorme Konzentration an Cineol, einem besonderen Pflanzeninhaltsstoff, der ein samtweiches, gr\u00fcnes Aroma mit einem herrlich-amphorischen Kern und einem Hauch von w\u00fcrziger Minze verstr\u00f6mt. Der hohe Gehalt an Cineol macht diesen Eukalyptus zum st\u00e4rksten der Welt. Sein Duft ist jedoch k\u00f6stlich ausgewogen, nur ein wenig s\u00fc\u00df, und seine vibrierenden Molek\u00fcle schweben \u00fcber die geweitete Brust und die Atemwege.<\/p>\n<p>Die biologischen, wachsartigen, blauen Bl\u00e4tter und gr\u00fcnen Zweige des sehr nachhaltigen Kochii-Baums liefern eine F\u00fclle von therapeutischen \u00d6len. Es ist erfrischend, die aktivierende Essenz zu verwenden.<\/p>\n<p><strong>Botanischer Name: <\/strong><em>Eukalyptus kochii<\/em><br \/>\n<strong>Botanische Familie:<\/strong> <em>Myrtaceae<\/em><br \/>\n<strong>Extraktionsverfahren: <\/strong>Dampfdestilliert<br \/>\n<strong>Destillierter Teil der Pflanze: <\/strong>Bl\u00e4tter und Zweige<br \/>\n<strong>Herkunftsland: <\/strong>Australien<br \/>\n<strong>Anbaumethode: <\/strong>Wildsammlung<br \/>\n<strong>Zusammensetzung: <\/strong>100% <em>Eukalyptus kochii<\/em><br \/>\n<strong>Konsistenz: <\/strong>D\u00fcnn, hellgr\u00fcne bis gelbe Farbe<br \/>\n<strong>Beschreibung des Duftes: <\/strong>Gr\u00fcner Samt mit einem knackigen Kampferkern, der die T\u00fcr zu neuem Schwung und neuer Vitalit\u00e4t \u00f6ffnet.<br \/>\n<strong>Gut mischbar mit: <\/strong>Zitrone, Sandelholz, Rosmarin, Orange, Zypresse, Wacholder, Ravensara, Schwarze Fichte, Eukalyptus, Ysop, Inula, Blauer Busch, Bergamotte, Majoran, Pfefferminze, Minze, Douglasie, Wei\u00dftanne, Salbei, Blauer Berg-Salbei, Kamille und Grapefruit.<\/p>\n<p><strong>Verwendet: <\/strong>Wirkt abschwellend und beruhigend auf die Haut. energetisierende Brustlotion. Die Verwendung mit einer Salzpfeife und einem Aromadiffusor wird dringend empfohlen. robust in Massage- und Trockenb\u00fcrsten\u00f6len. ideal bei verstopften Nasennebenh\u00f6hlen. ein traditioneller Kampferduft f\u00fcr Saunen. Baden zum Reinigen. hervorragend in der Mundhygiene. Bel\u00fcftung zur Verwendung im Flug. verleiht K\u00f6lnischwasser einen frischen, luftigen Duft, der auch als Linderungsmittel beruhigend wirkt.<\/p>\n<p><strong>Bestandteile<\/strong>: 90-95% Cineol<\/p>\n<p>Seien Sie selbstbewusst bei der Hautreinigung, der Haushaltsreinigung und der Mundpflege, und seien Sie mutig bei Balsamen, B\u00e4dern und Trockenb\u00fcrsten. Das ist die Kraft der Dampfreinigung, der Kampfer der Brustsalbe und das lebendige \u00d6l der muskelschmelzenden Massage\u00f6le. Besseres Atmen, ge\u00f6ffnete Atemwege und eine abschwellende Umgebung werden durch einen Tropfen Eukalyptus Kochii in einem Salzrohr, einer warmen Dusche oder einem Diffusor erreicht. Sein beschwingter, sauberer Duft verleiht Einreibemitteln und Parf\u00fcms eine leichte, lebhafte Mittelnote.<\/p>\n<p>100 % australisches Eukalyptus\u00f6l wird als Eukalyptus Kochii bezeichnet. Der Kochii-Baum gedeiht in der hei\u00dfen und trockenen s\u00fcdwestlichen Region von Perth. Die australische Regierung zerst\u00f6rte Ende des 19. Jahrhunderts die lokale Umwelt, um mehr Platz f\u00fcr die Weizenproduktion zu schaffen. Infolgedessen begann das Meerwasser durch den Boden zu sickern, was zu versalzten B\u00f6den f\u00fchrte, die das Land f\u00fcr die Landwirtschaft unbrauchbar machten. Die Landwirte pflanzten 25.000 bis 30.000 Hektar mit salzresistenten Eukalyptus Kochii-B\u00e4umen um, um die Ausbreitung des Salzes zu verhindern. Diese ausgewachsenen B\u00e4ume gelten heute als rentable Pflanze f\u00fcr die Herstellung dieses zuverl\u00e4ssigen und beruhigenden \u00e4therischen Eukalyptus\u00f6ls.<\/p>\n<p>Da Eucalyptus Kochii-B\u00e4ume schnell wachsen, wird jedes Jahr ein Teil der ausgewachsenen B\u00e4ume abgeholzt, und der Stumpf wird belassen, um neue Triebe zu produzieren, was ein gesundes, robustes Nachwachsen f\u00f6rdert. Zur Herstellung unserer kl\u00e4renden Kochii-Essenz sammeln die Destillateure die Bl\u00e4tter und kleinen Zweige. Bei der Destillation werden der Stamm und die gr\u00f6\u00dferen \u00c4ste als Brennstoff verbrannt, und die verbleibende Biokohle wird zur Bodenverbesserung verwendet.<\/p>\n<p><strong>Gr\u00f6\u00dfe: 5 ml<\/strong><\/p>\n","protected":false},"excerpt":{"rendered":"<p>Die Eukalyptusart Kochii verk\u00f6rpert mit ihrer Kraft und Ehrlichkeit Sauberkeit.<\/p>\n","protected":false},"featured_media":337453,"comment_status":"open","ping_status":"closed","template":"","meta":[],"product_brand":[],"product_cat":[6737,1508,1546,1032,1493,1210,511],"product_tag":[1547],"class_list":{"0":"post-229449","1":"product","2":"type-product","3":"status-publish","4":"has-post-thumbnail","6":"product_cat-essential-oils-de-2","7":"product_cat-aetherische-oele-living-libations","8":"product_cat-essential-oils-living-libations-de","9":"product_cat-kategorien","10":"product_cat-living-libations-deutschland","11":"product_cat-marken","12":"product_cat-produkte","13":"product_tag-essential-oil-de","14":"pa_brand-livinglibations-de","15":"pa_essential-oils-product-type-essential-oils-de","16":"pa_gtin-6096429043012-de","17":"pa_size-5-ml-de","19":"first","20":"instock","21":"taxable","22":"shipping-taxable","23":"purchasable","24":"product-type-simple"},"bundled_by":[],"bundle_stock_status":"instock","bundle_stock_quantity":1,"bundle_virtual":false,"bundle_layout":"","bundle_add_to_cart_form_location":"","bundle_editable_in_cart":false,"bundle_sold_individually_context":"","bundle_item_grouping":"","bundle_min_size":"","bundle_max_size":"","bundle_price":[],"bundled_items":[],"bundle_sell_ids":[],"atum_controlled":true,"out_stock_date":null,"out_stock_threshold":null,"inheritable":false,"stock_on_hold":0,"sold_today":0,"sales_last_days":0,"out_stock_days":0,"lost_sales":0,"update_date":"2026-04-09T07:23:38","atum_locations":[],"atum_stock_status":"instock","restock_status":false,"low_stock_amount":"","sales_update_date":"2026-04-09T07:23:38","calc_backorders":null,"group_of_quantity":0,"min_quantity":0,"max_quantity":"","exclude_order_quantity_value_rules":"no","exclude_category_quantity_rules":"no","combine_variations":"no","yoast_head":"<!-- This site is optimized with the Yoast SEO Premium plugin v26.5 (Yoast SEO v26.5) - https:\/\/yoast.com\/wordpress\/plugins\/seo\/ -->\n<title>Eucalyptus Kochii Essential Oil - Living Libations<\/title>\n<meta name=\"description\" content=\"Die Eukalyptusart Kochii verk\u00f6rpert mit ihrer Kraft und Ehrlichkeit Sauberkeit.\" \/>\n<meta name=\"robots\" content=\"index, follow, max-snippet:-1, max-image-preview:large, max-video-preview:-1\" \/>\n<link rel=\"canonical\" href=\"https:\/\/dutchhealthstore.com\/de\/product\/eucalyptus-kochii-essential-oil\/\" \/>\n<meta property=\"og:locale\" content=\"de_DE\" \/>\n<meta property=\"og:type\" content=\"article\" \/>\n<meta property=\"og:title\" content=\"Eucalyptus Kochii Essential Oil - Dutch Health Store\" \/>\n<meta property=\"og:description\" content=\"Die Eukalyptusart Kochii verk\u00f6rpert mit ihrer Kraft und Ehrlichkeit Sauberkeit.\" \/>\n<meta property=\"og:url\" content=\"https:\/\/dutchhealthstore.com\/de\/product\/eucalyptus-kochii-essential-oil\/\" \/>\n<meta property=\"og:site_name\" content=\"Dutch Health Store\" \/>\n<meta property=\"article:publisher\" content=\"https:\/\/www.instagram.com\/dutchhealthstore\/\" \/>\n<meta property=\"article:modified_time\" content=\"2024-10-21T08:26:18+00:00\" \/>\n<meta property=\"og:image\" content=\"https:\/\/dutchhealthstore.com\/wp-content\/uploads\/2023\/01\/2025-04-15-13_40_35-Eucalyptus-Kochii-Essential-Oil-\u2013-Living-Libations-INT.jpg\" \/>\n\t<meta property=\"og:image:width\" content=\"530\" \/>\n\t<meta property=\"og:image:height\" content=\"530\" \/>\n\t<meta property=\"og:image:type\" content=\"image\/jpeg\" \/>\n<meta name=\"twitter:card\" content=\"summary_large_image\" \/>\n<meta name=\"twitter:label1\" content=\"Preis\" \/>\n\t<meta name=\"twitter:data1\" content=\"&euro;12,00\" \/>\n\t<meta name=\"twitter:label2\" content=\"Verf\u00fcgbarkeit\" \/>\n\t<meta name=\"twitter:data2\" content=\"Auf Lager\" \/>\n<script type=\"application\/ld+json\" class=\"yoast-schema-graph\">{\"@context\":\"https:\/\/schema.org\",\"@graph\":[{\"@type\":\"WebPage\",\"@id\":\"https:\/\/dutchhealthstore.com\/de\/product\/eucalyptus-kochii-essential-oil\/\",\"url\":\"https:\/\/dutchhealthstore.com\/de\/product\/eucalyptus-kochii-essential-oil\/\",\"name\":\"Eucalyptus Kochii Essential Oil - Living Libations\",\"isPartOf\":{\"@id\":\"https:\/\/dutchhealthstore.com\/de\/#website\"},\"primaryImageOfPage\":{\"@id\":\"https:\/\/dutchhealthstore.com\/de\/product\/eucalyptus-kochii-essential-oil\/#primaryimage\"},\"image\":{\"@id\":\"https:\/\/dutchhealthstore.com\/de\/product\/eucalyptus-kochii-essential-oil\/#primaryimage\"},\"thumbnailUrl\":\"https:\/\/dutchhealthstore.com\/wp-content\/uploads\/2023\/01\/2025-04-15-13_40_35-Eucalyptus-Kochii-Essential-Oil-\u2013-Living-Libations-INT.jpg\",\"datePublished\":\"2023-01-02T09:52:00+00:00\",\"dateModified\":\"2024-10-21T08:26:18+00:00\",\"description\":\"Die Eukalyptusart Kochii verk\u00f6rpert mit ihrer Kraft und Ehrlichkeit Sauberkeit.\",\"breadcrumb\":{\"@id\":\"https:\/\/dutchhealthstore.com\/de\/product\/eucalyptus-kochii-essential-oil\/#breadcrumb\"},\"inLanguage\":\"de\",\"potentialAction\":[{\"@type\":\"ReadAction\",\"target\":[\"https:\/\/dutchhealthstore.com\/de\/product\/eucalyptus-kochii-essential-oil\/\"]}]},{\"@type\":\"ImageObject\",\"inLanguage\":\"de\",\"@id\":\"https:\/\/dutchhealthstore.com\/de\/product\/eucalyptus-kochii-essential-oil\/#primaryimage\",\"url\":\"https:\/\/dutchhealthstore.com\/wp-content\/uploads\/2023\/01\/2025-04-15-13_40_35-Eucalyptus-Kochii-Essential-Oil-\u2013-Living-Libations-INT.jpg\",\"contentUrl\":\"https:\/\/dutchhealthstore.com\/wp-content\/uploads\/2023\/01\/2025-04-15-13_40_35-Eucalyptus-Kochii-Essential-Oil-\u2013-Living-Libations-INT.jpg\",\"width\":530,\"height\":530},{\"@type\":\"BreadcrumbList\",\"@id\":\"https:\/\/dutchhealthstore.com\/de\/product\/eucalyptus-kochii-essential-oil\/#breadcrumb\",\"itemListElement\":[{\"@type\":\"ListItem\",\"position\":1,\"name\":\"Home\",\"item\":\"https:\/\/dutchhealthstore.com\/de\/\"},{\"@type\":\"ListItem\",\"position\":2,\"name\":\"Shop\",\"item\":\"https:\/\/dutchhealthstore.com\/de\/shop-2\/\"},{\"@type\":\"ListItem\",\"position\":3,\"name\":\"Eucalyptus Kochii Essential Oil\"}]},{\"@type\":\"WebSite\",\"@id\":\"https:\/\/dutchhealthstore.com\/de\/#website\",\"url\":\"https:\/\/dutchhealthstore.com\/de\/\",\"name\":\"Dutch Health Store\",\"description\":\"Enhance Your Beauty with Organic &amp; Natural Skincare\",\"publisher\":{\"@id\":\"https:\/\/dutchhealthstore.com\/de\/#organization\"},\"potentialAction\":[{\"@type\":\"SearchAction\",\"target\":{\"@type\":\"EntryPoint\",\"urlTemplate\":\"https:\/\/dutchhealthstore.com\/de\/?s={search_term_string}\"},\"query-input\":{\"@type\":\"PropertyValueSpecification\",\"valueRequired\":true,\"valueName\":\"search_term_string\"}}],\"inLanguage\":\"de\"},{\"@type\":\"Organization\",\"@id\":\"https:\/\/dutchhealthstore.com\/de\/#organization\",\"name\":\"Dutch Health Store\",\"url\":\"https:\/\/dutchhealthstore.com\/de\/\",\"logo\":{\"@type\":\"ImageObject\",\"inLanguage\":\"de\",\"@id\":\"https:\/\/dutchhealthstore.com\/de\/#\/schema\/logo\/image\/\",\"url\":\"https:\/\/dutchhealthstore.com\/wp-content\/uploads\/2020\/08\/logo-dutchhealthstore-jpg-e1599484957574.jpg\",\"contentUrl\":\"https:\/\/dutchhealthstore.com\/wp-content\/uploads\/2020\/08\/logo-dutchhealthstore-jpg-e1599484957574.jpg\",\"width\":400,\"height\":62,\"caption\":\"Dutch Health Store\"},\"image\":{\"@id\":\"https:\/\/dutchhealthstore.com\/de\/#\/schema\/logo\/image\/\"},\"sameAs\":[\"https:\/\/www.instagram.com\/dutchhealthstore\/\",\"https:\/\/www.facebook.com\/dutchhealthstore\"]}]}<\/script>\n<meta property=\"product:brand\" content=\"Living Libations\" \/>\n<meta property=\"product:price:amount\" content=\"12.00\" \/>\n<meta property=\"product:price:currency\" content=\"EUR\" \/>\n<meta property=\"og:availability\" content=\"instock\" \/>\n<meta property=\"product:availability\" content=\"instock\" \/>\n<meta property=\"product:condition\" content=\"new\" \/>\n<!-- \/ Yoast SEO Premium plugin. -->","yoast_head_json":{"title":"Eucalyptus Kochii Essential Oil - Living Libations","description":"Die Eukalyptusart Kochii verk\u00f6rpert mit ihrer Kraft und Ehrlichkeit Sauberkeit.","robots":{"index":"index","follow":"follow","max-snippet":"max-snippet:-1","max-image-preview":"max-image-preview:large","max-video-preview":"max-video-preview:-1"},"canonical":"https:\/\/dutchhealthstore.com\/de\/product\/eucalyptus-kochii-essential-oil\/","og_locale":"de_DE","og_type":"article","og_title":"Eucalyptus Kochii Essential Oil - Dutch Health Store","og_description":"Die Eukalyptusart Kochii verk\u00f6rpert mit ihrer Kraft und Ehrlichkeit Sauberkeit.","og_url":"https:\/\/dutchhealthstore.com\/de\/product\/eucalyptus-kochii-essential-oil\/","og_site_name":"Dutch Health Store","article_publisher":"https:\/\/www.instagram.com\/dutchhealthstore\/","article_modified_time":"2024-10-21T08:26:18+00:00","og_image":[{"width":530,"height":530,"url":"https:\/\/dutchhealthstore.com\/wp-content\/uploads\/2023\/01\/2025-04-15-13_40_35-Eucalyptus-Kochii-Essential-Oil-\u2013-Living-Libations-INT.jpg","type":"image\/jpeg"}],"twitter_card":"summary_large_image","twitter_misc":{"Preis":"&euro;12,00","Verf\u00fcgbarkeit":"Auf Lager"},"schema":{"@context":"https:\/\/schema.org","@graph":[{"@type":"WebPage","@id":"https:\/\/dutchhealthstore.com\/de\/product\/eucalyptus-kochii-essential-oil\/","url":"https:\/\/dutchhealthstore.com\/de\/product\/eucalyptus-kochii-essential-oil\/","name":"Eucalyptus Kochii Essential Oil - Living Libations","isPartOf":{"@id":"https:\/\/dutchhealthstore.com\/de\/#website"},"primaryImageOfPage":{"@id":"https:\/\/dutchhealthstore.com\/de\/product\/eucalyptus-kochii-essential-oil\/#primaryimage"},"image":{"@id":"https:\/\/dutchhealthstore.com\/de\/product\/eucalyptus-kochii-essential-oil\/#primaryimage"},"thumbnailUrl":"https:\/\/dutchhealthstore.com\/wp-content\/uploads\/2023\/01\/2025-04-15-13_40_35-Eucalyptus-Kochii-Essential-Oil-\u2013-Living-Libations-INT.jpg","datePublished":"2023-01-02T09:52:00+00:00","dateModified":"2024-10-21T08:26:18+00:00","description":"Die Eukalyptusart Kochii verk\u00f6rpert mit ihrer Kraft und Ehrlichkeit Sauberkeit.","breadcrumb":{"@id":"https:\/\/dutchhealthstore.com\/de\/product\/eucalyptus-kochii-essential-oil\/#breadcrumb"},"inLanguage":"de","potentialAction":[{"@type":"ReadAction","target":["https:\/\/dutchhealthstore.com\/de\/product\/eucalyptus-kochii-essential-oil\/"]}]},{"@type":"ImageObject","inLanguage":"de","@id":"https:\/\/dutchhealthstore.com\/de\/product\/eucalyptus-kochii-essential-oil\/#primaryimage","url":"https:\/\/dutchhealthstore.com\/wp-content\/uploads\/2023\/01\/2025-04-15-13_40_35-Eucalyptus-Kochii-Essential-Oil-\u2013-Living-Libations-INT.jpg","contentUrl":"https:\/\/dutchhealthstore.com\/wp-content\/uploads\/2023\/01\/2025-04-15-13_40_35-Eucalyptus-Kochii-Essential-Oil-\u2013-Living-Libations-INT.jpg","width":530,"height":530},{"@type":"BreadcrumbList","@id":"https:\/\/dutchhealthstore.com\/de\/product\/eucalyptus-kochii-essential-oil\/#breadcrumb","itemListElement":[{"@type":"ListItem","position":1,"name":"Home","item":"https:\/\/dutchhealthstore.com\/de\/"},{"@type":"ListItem","position":2,"name":"Shop","item":"https:\/\/dutchhealthstore.com\/de\/shop-2\/"},{"@type":"ListItem","position":3,"name":"Eucalyptus Kochii Essential Oil"}]},{"@type":"WebSite","@id":"https:\/\/dutchhealthstore.com\/de\/#website","url":"https:\/\/dutchhealthstore.com\/de\/","name":"Dutch Health Store","description":"Enhance Your Beauty with Organic &amp; Natural Skincare","publisher":{"@id":"https:\/\/dutchhealthstore.com\/de\/#organization"},"potentialAction":[{"@type":"SearchAction","target":{"@type":"EntryPoint","urlTemplate":"https:\/\/dutchhealthstore.com\/de\/?s={search_term_string}"},"query-input":{"@type":"PropertyValueSpecification","valueRequired":true,"valueName":"search_term_string"}}],"inLanguage":"de"},{"@type":"Organization","@id":"https:\/\/dutchhealthstore.com\/de\/#organization","name":"Dutch Health Store","url":"https:\/\/dutchhealthstore.com\/de\/","logo":{"@type":"ImageObject","inLanguage":"de","@id":"https:\/\/dutchhealthstore.com\/de\/#\/schema\/logo\/image\/","url":"https:\/\/dutchhealthstore.com\/wp-content\/uploads\/2020\/08\/logo-dutchhealthstore-jpg-e1599484957574.jpg","contentUrl":"https:\/\/dutchhealthstore.com\/wp-content\/uploads\/2020\/08\/logo-dutchhealthstore-jpg-e1599484957574.jpg","width":400,"height":62,"caption":"Dutch Health Store"},"image":{"@id":"https:\/\/dutchhealthstore.com\/de\/#\/schema\/logo\/image\/"},"sameAs":["https:\/\/www.instagram.com\/dutchhealthstore\/","https:\/\/www.facebook.com\/dutchhealthstore"]}]},"product_brand":"Living Libations","product_price_amount":"12.00","product_price_currency":"EUR","og_availability":"instock","product_availability":"instock","product_condition":"new"},"_links":{"self":[{"href":"https:\/\/dutchhealthstore.com\/de\/wp-json\/wp\/v2\/product\/229449","targetHints":{"allow":["GET"]}}],"collection":[{"href":"https:\/\/dutchhealthstore.com\/de\/wp-json\/wp\/v2\/product"}],"about":[{"href":"https:\/\/dutchhealthstore.com\/de\/wp-json\/wp\/v2\/types\/product"}],"replies":[{"embeddable":true,"href":"https:\/\/dutchhealthstore.com\/de\/wp-json\/wp\/v2\/comments?post=229449"}],"wp:featuredmedia":[{"embeddable":true,"href":"https:\/\/dutchhealthstore.com\/de\/wp-json\/wp\/v2\/media\/337453"}],"wp:attachment":[{"href":"https:\/\/dutchhealthstore.com\/de\/wp-json\/wp\/v2\/media?parent=229449"}],"wp:term":[{"taxonomy":"product_brand","embeddable":true,"href":"https:\/\/dutchhealthstore.com\/de\/wp-json\/wp\/v2\/product_brand?post=229449"},{"taxonomy":"product_cat","embeddable":true,"href":"https:\/\/dutchhealthstore.com\/de\/wp-json\/wp\/v2\/product_cat?post=229449"},{"taxonomy":"product_tag","embeddable":true,"href":"https:\/\/dutchhealthstore.com\/de\/wp-json\/wp\/v2\/product_tag?post=229449"}],"curies":[{"name":"wp","href":"https:\/\/api.w.org\/{rel}","templated":true}]}}