{"id":227620,"date":"2022-12-15T13:57:14","date_gmt":"2022-12-15T12:57:14","guid":{"rendered":"https:\/\/dutchhealthstore.com\/product\/full-spectrum-lions-mane-mushroom-dual-extraction-extract-powder-superior-quality\/"},"modified":"2026-02-13T10:03:34","modified_gmt":"2026-02-13T09:03:34","slug":"full-spectrum-lions-mane-mushroom-dual-extraction-extract-powder-superior-quality","status":"publish","type":"product","link":"https:\/\/dutchhealthstore.com\/de\/product\/full-spectrum-lions-mane-mushroom-dual-extraction-extract-powder-superior-quality\/","title":{"rendered":"Full Spectrum Lions Mane Mushroom (Dual Extraction) Extract Powder &#8211; Superior Quality"},"content":{"rendered":"<p>Um alle nat\u00fcrlich vorkommenden und besonders n\u00fctzlichen Bestandteile des Extrakts in der gleichen Menge wie in der Originalpflanze zu erhalten, wird ein spezielles temperaturgesteuertes Verfahren angewandt, das den Eigenschaften des Pilzes vollst\u00e4ndig entspricht. Dies f\u00fchrt zu einem idealen Vollspektrumextrakt.<\/p>\n<p>Unsere L\u00f6wenm\u00e4hnenpilze werden in unber\u00fchrter, nat\u00fcrlicher Umgebung wild gez\u00fcchtet. F\u00fcr die Extraktion wird nur der Fruchtk\u00f6rper verwendet; die Sporen werden auf Hartholzst\u00e4mme geimpft.<\/p>\n<p>Jedes Pulver wird gr\u00fcndlich auf Schwermetalle, Pestizide und andere Verunreinigungen untersucht; ein Analysezertifikat ist auf Anfrage f\u00fcr jeden Kr\u00e4uterextrakt erh\u00e4ltlich. Sie werden in dunklen Glasbeh\u00e4ltern verpackt und sind v\u00f6llig frei von Zusatzstoffen, F\u00fcllstoffen, synthetischen Zutaten, Konservierungsmitteln, Mehlen und anderen F\u00fcllstoffen, GVO, Milchprodukten und Gluten.<\/p>\n<h3>Wie benutzt man<\/h3>\n<p>1 g, d. h. etwa einen halben Teel\u00f6ffel, mit warmem Wasser einnehmen oder in Ihren Lieblingstee, Smoothie oder ein anderes Getr\u00e4nk mischen. Kann auch \u00fcber warme Speisen oder Salat gestreut werden.<\/p>\n<h3><strong>Gr\u00f6\u00dfe: 80 gr <\/strong><\/h3>\n<h3>Nat\u00fcrliche\/Organische Inhaltsstoffe<\/h3>\n<ul>\n<li>10:1 Vollspektrum-Extrakt, hergestellt aus den Fruchtk\u00f6rpern des L\u00f6wenm\u00e4hnenpilzes (Hericium erinaceus)<\/li>\n<\/ul>\n<p>Ohne Zusatz von F\u00fcllstoffen oder Konservierungsmitteln.<br \/>\nDas Produkt wird sorgf\u00e4ltig aus den Dabai-Bergen in China bezogen.<\/p>\n","protected":false},"excerpt":{"rendered":"<p>Unser Superior Quality Lions Mane Mushroom 10:1 Extract Powder wird in einem zweistufigen Verfahren hergestellt, das zwei verschiedene Extraktionen mit reinem Wasser und Alkohol umfasst, die beide nach dem uralten Wissen der traditionellen chinesischen Medizin verarbeitet werden.<\/p>\n","protected":false},"featured_media":227613,"comment_status":"open","ping_status":"closed","template":"","meta":[],"product_brand":[],"product_cat":[8473,1032,1210,4618,8472,8982,9967,511,4632,8789,4619],"product_tag":[21541,21535,21522,21521],"class_list":{"0":"post-227620","1":"product","2":"type-product","3":"status-publish","4":"has-post-thumbnail","6":"product_cat-health-de-2","7":"product_cat-kategorien","8":"product_cat-marken","9":"product_cat-navi-organics-de","10":"product_cat-nutrition-de","11":"product_cat-optimum-health-de-2","12":"product_cat-mushrooms-de-2","13":"product_cat-produkte","14":"product_cat-superfoods-de-2","15":"product_cat-superfoods-herbals-de-2","16":"product_cat-tonic-herbs-de-2","17":"product_tag-erganzung","18":"product_tag-geist","19":"product_tag-optimale-gesundheit","20":"product_tag-superfood-de","21":"pa_brand-naviorganics-de","22":"pa_gtin-6096414351382-de","23":"pa_health-productype-supplements-de","24":"pa_health-productype-optimum-health-de","25":"pa_size-225-gr-de","26":"pa_size-80-gr-de","28":"first","29":"outofstock","30":"taxable","31":"shipping-taxable","32":"purchasable","33":"product-type-variable"},"bundled_by":[],"bundle_stock_status":"outofstock","bundle_stock_quantity":null,"bundle_virtual":false,"bundle_layout":"","bundle_add_to_cart_form_location":"","bundle_editable_in_cart":false,"bundle_sold_individually_context":"","bundle_item_grouping":"","bundle_min_size":"","bundle_max_size":"","bundle_price":[],"bundled_items":[],"bundle_sell_ids":[],"atum_controlled":true,"out_stock_date":null,"out_stock_threshold":null,"inheritable":true,"stock_on_hold":0,"sold_today":0,"sales_last_days":0,"out_stock_days":0,"lost_sales":0,"update_date":"2026-04-13T00:03:52","atum_locations":[],"atum_stock_status":"outofstock","restock_status":false,"low_stock_amount":"","sales_update_date":"2026-04-13T00:03:52","calc_backorders":null,"group_of_quantity":0,"min_quantity":0,"max_quantity":"","exclude_order_quantity_value_rules":"no","exclude_category_quantity_rules":"no","combine_variations":"no","yoast_head":"<!-- This site is optimized with the Yoast SEO Premium plugin v26.5 (Yoast SEO v26.5) - https:\/\/yoast.com\/wordpress\/plugins\/seo\/ -->\n<title>Full Spectrum Lions Mane Mushroom (Dual Extraction) Extract Powder - Superior Quality - Na&#039;vi Organics<\/title>\n<meta name=\"description\" content=\"Unser Superior Quality Lions Mane Mushroom 10:1 Extract Powder wird in einem zweistufigen Verfahren hergestellt, das zwei verschiedene Extraktionen mit reinem Wasser und Alkohol umfasst, die beide nach dem uralten Wissen der traditionellen chinesischen Medizin verarbeitet werden.\" \/>\n<meta name=\"robots\" content=\"index, follow, max-snippet:-1, max-image-preview:large, max-video-preview:-1\" \/>\n<link rel=\"canonical\" href=\"https:\/\/dutchhealthstore.com\/de\/product\/full-spectrum-lions-mane-mushroom-dual-extraction-extract-powder-superior-quality\/\" \/>\n<meta property=\"og:locale\" content=\"de_DE\" \/>\n<meta property=\"og:type\" content=\"article\" \/>\n<meta property=\"og:title\" content=\"Full Spectrum Lions Mane Mushroom (Dual Extraction) Extract Powder - Superior Quality - Dutch Health Store\" \/>\n<meta property=\"og:description\" content=\"Unser Superior Quality Lions Mane Mushroom 10:1 Extract Powder wird in einem zweistufigen Verfahren hergestellt, das zwei verschiedene Extraktionen mit reinem Wasser und Alkohol umfasst, die beide nach dem uralten Wissen der traditionellen chinesischen Medizin verarbeitet werden.\" \/>\n<meta property=\"og:url\" content=\"https:\/\/dutchhealthstore.com\/de\/product\/full-spectrum-lions-mane-mushroom-dual-extraction-extract-powder-superior-quality\/\" \/>\n<meta property=\"og:site_name\" content=\"Dutch Health Store\" \/>\n<meta property=\"article:publisher\" content=\"https:\/\/www.instagram.com\/dutchhealthstore\/\" \/>\n<meta property=\"article:modified_time\" content=\"2026-02-13T09:03:34+00:00\" \/>\n<meta property=\"og:image\" content=\"https:\/\/dutchhealthstore.com\/wp-content\/uploads\/2022\/12\/navilionsmane.jpg\" \/>\n\t<meta property=\"og:image:width\" content=\"510\" \/>\n\t<meta property=\"og:image:height\" content=\"510\" \/>\n\t<meta property=\"og:image:type\" content=\"image\/jpeg\" \/>\n<meta name=\"twitter:card\" content=\"summary_large_image\" \/>\n<meta name=\"twitter:label1\" content=\"Verf\u00fcgbarkeit\" \/>\n\t<meta name=\"twitter:data1\" content=\"ausverkauft\" \/>\n<script type=\"application\/ld+json\" class=\"yoast-schema-graph\">{\"@context\":\"https:\/\/schema.org\",\"@graph\":[{\"@type\":\"WebPage\",\"@id\":\"https:\/\/dutchhealthstore.com\/de\/product\/full-spectrum-lions-mane-mushroom-dual-extraction-extract-powder-superior-quality\/\",\"url\":\"https:\/\/dutchhealthstore.com\/de\/product\/full-spectrum-lions-mane-mushroom-dual-extraction-extract-powder-superior-quality\/\",\"name\":\"Full Spectrum Lions Mane Mushroom (Dual Extraction) Extract Powder - Superior Quality - Na'vi Organics\",\"isPartOf\":{\"@id\":\"https:\/\/dutchhealthstore.com\/de\/#website\"},\"primaryImageOfPage\":{\"@id\":\"https:\/\/dutchhealthstore.com\/de\/product\/full-spectrum-lions-mane-mushroom-dual-extraction-extract-powder-superior-quality\/#primaryimage\"},\"image\":{\"@id\":\"https:\/\/dutchhealthstore.com\/de\/product\/full-spectrum-lions-mane-mushroom-dual-extraction-extract-powder-superior-quality\/#primaryimage\"},\"thumbnailUrl\":\"https:\/\/dutchhealthstore.com\/wp-content\/uploads\/2022\/12\/navilionsmane.jpg\",\"datePublished\":\"2022-12-15T12:57:14+00:00\",\"dateModified\":\"2026-02-13T09:03:34+00:00\",\"description\":\"Unser Superior Quality Lions Mane Mushroom 10:1 Extract Powder wird in einem zweistufigen Verfahren hergestellt, das zwei verschiedene Extraktionen mit reinem Wasser und Alkohol umfasst, die beide nach dem uralten Wissen der traditionellen chinesischen Medizin verarbeitet werden.\",\"breadcrumb\":{\"@id\":\"https:\/\/dutchhealthstore.com\/de\/product\/full-spectrum-lions-mane-mushroom-dual-extraction-extract-powder-superior-quality\/#breadcrumb\"},\"inLanguage\":\"de\",\"potentialAction\":[{\"@type\":\"ReadAction\",\"target\":[\"https:\/\/dutchhealthstore.com\/de\/product\/full-spectrum-lions-mane-mushroom-dual-extraction-extract-powder-superior-quality\/\"]}]},{\"@type\":\"ImageObject\",\"inLanguage\":\"de\",\"@id\":\"https:\/\/dutchhealthstore.com\/de\/product\/full-spectrum-lions-mane-mushroom-dual-extraction-extract-powder-superior-quality\/#primaryimage\",\"url\":\"https:\/\/dutchhealthstore.com\/wp-content\/uploads\/2022\/12\/navilionsmane.jpg\",\"contentUrl\":\"https:\/\/dutchhealthstore.com\/wp-content\/uploads\/2022\/12\/navilionsmane.jpg\",\"width\":510,\"height\":510,\"caption\":\"navilionsmane\"},{\"@type\":\"BreadcrumbList\",\"@id\":\"https:\/\/dutchhealthstore.com\/de\/product\/full-spectrum-lions-mane-mushroom-dual-extraction-extract-powder-superior-quality\/#breadcrumb\",\"itemListElement\":[{\"@type\":\"ListItem\",\"position\":1,\"name\":\"Home\",\"item\":\"https:\/\/dutchhealthstore.com\/de\/\"},{\"@type\":\"ListItem\",\"position\":2,\"name\":\"Shop\",\"item\":\"https:\/\/dutchhealthstore.com\/de\/shop-2\/\"},{\"@type\":\"ListItem\",\"position\":3,\"name\":\"Full Spectrum Lions Mane Mushroom (Dual Extraction) Extract Powder &#8211; Superior Quality\"}]},{\"@type\":\"WebSite\",\"@id\":\"https:\/\/dutchhealthstore.com\/de\/#website\",\"url\":\"https:\/\/dutchhealthstore.com\/de\/\",\"name\":\"Dutch Health Store\",\"description\":\"Enhance Your Beauty with Organic &amp; Natural Skincare\",\"publisher\":{\"@id\":\"https:\/\/dutchhealthstore.com\/de\/#organization\"},\"potentialAction\":[{\"@type\":\"SearchAction\",\"target\":{\"@type\":\"EntryPoint\",\"urlTemplate\":\"https:\/\/dutchhealthstore.com\/de\/?s={search_term_string}\"},\"query-input\":{\"@type\":\"PropertyValueSpecification\",\"valueRequired\":true,\"valueName\":\"search_term_string\"}}],\"inLanguage\":\"de\"},{\"@type\":\"Organization\",\"@id\":\"https:\/\/dutchhealthstore.com\/de\/#organization\",\"name\":\"Dutch Health Store\",\"url\":\"https:\/\/dutchhealthstore.com\/de\/\",\"logo\":{\"@type\":\"ImageObject\",\"inLanguage\":\"de\",\"@id\":\"https:\/\/dutchhealthstore.com\/de\/#\/schema\/logo\/image\/\",\"url\":\"https:\/\/dutchhealthstore.com\/wp-content\/uploads\/2020\/08\/logo-dutchhealthstore-jpg-e1599484957574.jpg\",\"contentUrl\":\"https:\/\/dutchhealthstore.com\/wp-content\/uploads\/2020\/08\/logo-dutchhealthstore-jpg-e1599484957574.jpg\",\"width\":400,\"height\":62,\"caption\":\"Dutch Health Store\"},\"image\":{\"@id\":\"https:\/\/dutchhealthstore.com\/de\/#\/schema\/logo\/image\/\"},\"sameAs\":[\"https:\/\/www.instagram.com\/dutchhealthstore\/\",\"https:\/\/www.facebook.com\/dutchhealthstore\"]}]}<\/script>\n<meta property=\"product:brand\" content=\"Na\u00b4Vi Organics\" \/>\n<meta property=\"og:availability\" content=\"out of stock\" \/>\n<meta property=\"product:availability\" content=\"out of stock\" \/>\n<meta property=\"product:condition\" content=\"new\" \/>\n<!-- \/ Yoast SEO Premium plugin. -->","yoast_head_json":{"title":"Full Spectrum Lions Mane Mushroom (Dual Extraction) Extract Powder - Superior Quality - Na'vi Organics","description":"Unser Superior Quality Lions Mane Mushroom 10:1 Extract Powder wird in einem zweistufigen Verfahren hergestellt, das zwei verschiedene Extraktionen mit reinem Wasser und Alkohol umfasst, die beide nach dem uralten Wissen der traditionellen chinesischen Medizin verarbeitet werden.","robots":{"index":"index","follow":"follow","max-snippet":"max-snippet:-1","max-image-preview":"max-image-preview:large","max-video-preview":"max-video-preview:-1"},"canonical":"https:\/\/dutchhealthstore.com\/de\/product\/full-spectrum-lions-mane-mushroom-dual-extraction-extract-powder-superior-quality\/","og_locale":"de_DE","og_type":"article","og_title":"Full Spectrum Lions Mane Mushroom (Dual Extraction) Extract Powder - Superior Quality - Dutch Health Store","og_description":"Unser Superior Quality Lions Mane Mushroom 10:1 Extract Powder wird in einem zweistufigen Verfahren hergestellt, das zwei verschiedene Extraktionen mit reinem Wasser und Alkohol umfasst, die beide nach dem uralten Wissen der traditionellen chinesischen Medizin verarbeitet werden.","og_url":"https:\/\/dutchhealthstore.com\/de\/product\/full-spectrum-lions-mane-mushroom-dual-extraction-extract-powder-superior-quality\/","og_site_name":"Dutch Health Store","article_publisher":"https:\/\/www.instagram.com\/dutchhealthstore\/","article_modified_time":"2026-02-13T09:03:34+00:00","og_image":[{"width":510,"height":510,"url":"https:\/\/dutchhealthstore.com\/wp-content\/uploads\/2022\/12\/navilionsmane.jpg","type":"image\/jpeg"}],"twitter_card":"summary_large_image","twitter_misc":{"Verf\u00fcgbarkeit":"ausverkauft"},"schema":{"@context":"https:\/\/schema.org","@graph":[{"@type":"WebPage","@id":"https:\/\/dutchhealthstore.com\/de\/product\/full-spectrum-lions-mane-mushroom-dual-extraction-extract-powder-superior-quality\/","url":"https:\/\/dutchhealthstore.com\/de\/product\/full-spectrum-lions-mane-mushroom-dual-extraction-extract-powder-superior-quality\/","name":"Full Spectrum Lions Mane Mushroom (Dual Extraction) Extract Powder - Superior Quality - Na'vi Organics","isPartOf":{"@id":"https:\/\/dutchhealthstore.com\/de\/#website"},"primaryImageOfPage":{"@id":"https:\/\/dutchhealthstore.com\/de\/product\/full-spectrum-lions-mane-mushroom-dual-extraction-extract-powder-superior-quality\/#primaryimage"},"image":{"@id":"https:\/\/dutchhealthstore.com\/de\/product\/full-spectrum-lions-mane-mushroom-dual-extraction-extract-powder-superior-quality\/#primaryimage"},"thumbnailUrl":"https:\/\/dutchhealthstore.com\/wp-content\/uploads\/2022\/12\/navilionsmane.jpg","datePublished":"2022-12-15T12:57:14+00:00","dateModified":"2026-02-13T09:03:34+00:00","description":"Unser Superior Quality Lions Mane Mushroom 10:1 Extract Powder wird in einem zweistufigen Verfahren hergestellt, das zwei verschiedene Extraktionen mit reinem Wasser und Alkohol umfasst, die beide nach dem uralten Wissen der traditionellen chinesischen Medizin verarbeitet werden.","breadcrumb":{"@id":"https:\/\/dutchhealthstore.com\/de\/product\/full-spectrum-lions-mane-mushroom-dual-extraction-extract-powder-superior-quality\/#breadcrumb"},"inLanguage":"de","potentialAction":[{"@type":"ReadAction","target":["https:\/\/dutchhealthstore.com\/de\/product\/full-spectrum-lions-mane-mushroom-dual-extraction-extract-powder-superior-quality\/"]}]},{"@type":"ImageObject","inLanguage":"de","@id":"https:\/\/dutchhealthstore.com\/de\/product\/full-spectrum-lions-mane-mushroom-dual-extraction-extract-powder-superior-quality\/#primaryimage","url":"https:\/\/dutchhealthstore.com\/wp-content\/uploads\/2022\/12\/navilionsmane.jpg","contentUrl":"https:\/\/dutchhealthstore.com\/wp-content\/uploads\/2022\/12\/navilionsmane.jpg","width":510,"height":510,"caption":"navilionsmane"},{"@type":"BreadcrumbList","@id":"https:\/\/dutchhealthstore.com\/de\/product\/full-spectrum-lions-mane-mushroom-dual-extraction-extract-powder-superior-quality\/#breadcrumb","itemListElement":[{"@type":"ListItem","position":1,"name":"Home","item":"https:\/\/dutchhealthstore.com\/de\/"},{"@type":"ListItem","position":2,"name":"Shop","item":"https:\/\/dutchhealthstore.com\/de\/shop-2\/"},{"@type":"ListItem","position":3,"name":"Full Spectrum Lions Mane Mushroom (Dual Extraction) Extract Powder &#8211; Superior Quality"}]},{"@type":"WebSite","@id":"https:\/\/dutchhealthstore.com\/de\/#website","url":"https:\/\/dutchhealthstore.com\/de\/","name":"Dutch Health Store","description":"Enhance Your Beauty with Organic &amp; Natural Skincare","publisher":{"@id":"https:\/\/dutchhealthstore.com\/de\/#organization"},"potentialAction":[{"@type":"SearchAction","target":{"@type":"EntryPoint","urlTemplate":"https:\/\/dutchhealthstore.com\/de\/?s={search_term_string}"},"query-input":{"@type":"PropertyValueSpecification","valueRequired":true,"valueName":"search_term_string"}}],"inLanguage":"de"},{"@type":"Organization","@id":"https:\/\/dutchhealthstore.com\/de\/#organization","name":"Dutch Health Store","url":"https:\/\/dutchhealthstore.com\/de\/","logo":{"@type":"ImageObject","inLanguage":"de","@id":"https:\/\/dutchhealthstore.com\/de\/#\/schema\/logo\/image\/","url":"https:\/\/dutchhealthstore.com\/wp-content\/uploads\/2020\/08\/logo-dutchhealthstore-jpg-e1599484957574.jpg","contentUrl":"https:\/\/dutchhealthstore.com\/wp-content\/uploads\/2020\/08\/logo-dutchhealthstore-jpg-e1599484957574.jpg","width":400,"height":62,"caption":"Dutch Health Store"},"image":{"@id":"https:\/\/dutchhealthstore.com\/de\/#\/schema\/logo\/image\/"},"sameAs":["https:\/\/www.instagram.com\/dutchhealthstore\/","https:\/\/www.facebook.com\/dutchhealthstore"]}]},"product_brand":"Na\u00b4Vi Organics","og_availability":"out of stock","product_availability":"out of stock","product_condition":"new"},"_links":{"self":[{"href":"https:\/\/dutchhealthstore.com\/de\/wp-json\/wp\/v2\/product\/227620","targetHints":{"allow":["GET"]}}],"collection":[{"href":"https:\/\/dutchhealthstore.com\/de\/wp-json\/wp\/v2\/product"}],"about":[{"href":"https:\/\/dutchhealthstore.com\/de\/wp-json\/wp\/v2\/types\/product"}],"replies":[{"embeddable":true,"href":"https:\/\/dutchhealthstore.com\/de\/wp-json\/wp\/v2\/comments?post=227620"}],"wp:featuredmedia":[{"embeddable":true,"href":"https:\/\/dutchhealthstore.com\/de\/wp-json\/wp\/v2\/media\/227613"}],"wp:attachment":[{"href":"https:\/\/dutchhealthstore.com\/de\/wp-json\/wp\/v2\/media?parent=227620"}],"wp:term":[{"taxonomy":"product_brand","embeddable":true,"href":"https:\/\/dutchhealthstore.com\/de\/wp-json\/wp\/v2\/product_brand?post=227620"},{"taxonomy":"product_cat","embeddable":true,"href":"https:\/\/dutchhealthstore.com\/de\/wp-json\/wp\/v2\/product_cat?post=227620"},{"taxonomy":"product_tag","embeddable":true,"href":"https:\/\/dutchhealthstore.com\/de\/wp-json\/wp\/v2\/product_tag?post=227620"}],"curies":[{"name":"wp","href":"https:\/\/api.w.org\/{rel}","templated":true}]}}