{"id":219497,"date":"2022-09-02T13:28:14","date_gmt":"2022-09-02T11:28:14","guid":{"rendered":"https:\/\/dutchhealthstore.com\/product\/myrtle-mountain-essential-oil\/"},"modified":"2023-02-28T15:13:35","modified_gmt":"2023-02-28T15:13:35","slug":"myrtle-mountain-essential-oil","status":"publish","type":"product","link":"https:\/\/dutchhealthstore.com\/de\/product\/myrtle-mountain-essential-oil\/","title":{"rendered":"Myrtle, Mountain Essential Oil"},"content":{"rendered":"<p>Handgepfl\u00fcckte duftende Bl\u00e4tter setzen ihre melodischen Molek\u00fcle in einer Essenz frei, die tonisiert, reinigt, harmonisiert und inspiriert.<\/p>\n<p><strong>Botanischer Name:<\/strong> Luma chequen<br \/>\n<strong>Botanische Familie:<\/strong> Myrtaceae<br \/>\n<strong>Extraktionsverfahren:<\/strong> Wasserdampf-Destillation<br \/>\n<strong>Teil der Pflanze Destilliert:<\/strong> Bl\u00e4tter und St\u00e4ngel<br \/>\n<strong>Herkunftsland:<\/strong> Peru<br \/>\n<strong>Anbaumethode:<\/strong> Wild geerntet<br \/>\n<strong>Zusammensetzung<\/strong>: 100% Luma Karo<br \/>\n<strong>Konsistenz<\/strong>: D\u00fcnn<\/p>\n<p><strong>Beschreibung des Duftes:<\/strong> Erfrischend wie der Biss in einen frischen gr\u00fcnen Apfel. Knackig und fruchtig mit holzigen, kampferartigen Noten.<br \/>\n<strong>Gut mischbar mit:<\/strong> Lavendel, Ysop, Majoran, Weihrauch, Tannen, Zitrusfr\u00fcchte, Rose, Lorbeer, Ylang, Koriander, Myrte, Thymian und Inula. L\u00e4sst sich sehr gut mit Zitrus\u00f6len und anderen cineolreichen \u00d6len wie Eukalyptus, Ravensara und Rosmarin kombinieren.<br \/>\n<strong>Bestandteile:<\/strong> 60% Monoterpene, davon 30% Limonen. 15% Cineol und 9% Linalool.<br \/>\n<strong>Anwendung:<\/strong> Toner f\u00fcr Haut und Kopfhaut. Diffusor. Meditationsessenz f\u00fcr das Gleichgewicht. Ausgezeichnet in Salzpfeifen. Ein Vergn\u00fcgen in den B\u00e4dern. Reinigt Herz- und Kehlkopfchakra.<br \/>\n<strong>Kontraindikation:<\/strong> Auf mindestens 2% in Tr\u00e4ger\u00f6l verd\u00fcnnen.<\/p>\n<p>Auf den fruchtbaren B\u00f6den der Anden gedeihen uralte <em>Luma-B\u00e4ume<\/em> an den blauen Wasserl\u00e4ufen. Die sich abl\u00f6sende graue Rinde der B\u00e4ume offenbart einen leuchtend glatten orange-wei\u00dfen Stamm, und die duftenden, gl\u00e4nzenden Bl\u00e4tter schm\u00fccken die Zweige, w\u00e4hrend sich die flauschigen, mit Quasten versehenen wei\u00dfen Bl\u00fcten in essbare Fr\u00fcchte verwandeln, die f\u00fcr Getr\u00e4nke und zum Backen gesammelt werden.<\/p>\n<p>Die immergr\u00fcnen Bl\u00e4tter und St\u00e4ngel werden von wilden B\u00e4umen gesammelt und dann mit Wasserdampf destilliert, um unser \u00e4therisches Berg\u00f6l herzustellen. Das kr\u00e4ftige Aroma und die bioaktiven Eigenschaften \u00e4hneln unserer mediterranen Myrte (Myrtus communis), jedoch ist diese Essenz fruchtiger, knackiger und waldiger. Diese melodische Bergmyrte verleiht Mischungen f\u00fcr K\u00f6rper und B\u00e4der eine einladende, sauerstoffreiche Klarheit. Es ist \u00fcber ein Jahrzehnt her, dass wir diese besondere Myrte anbieten konnten, und sie ist eine von Nadines Lieblingsblumen.<\/p>\n<p>Das \u00e4therische \u00d6l der Bergmyrte ist reich an Monoterpenen, die belebend, anregend und energetisierend wirken. Verteilt oder eingeatmet helfen diese Molek\u00fcle, geistige und k\u00f6rperliche Gef\u00fchle von M\u00fcdigkeit und Ersch\u00f6pfung zu \u00fcberwinden. Der Reichtum an hautfreundlichem Linalool macht es optimal f\u00fcr einen strahlenden, ausgeglichenen Teint. Es ist eine gro\u00dfartige Erg\u00e4nzung zu Gesichtswasser f\u00fcr zu Akne neigende Haut. Als Zusatz zu Kopfhautmasken und Haarpflegeseren gleicht es die \u00d6lproduktion aus und sorgt f\u00fcr schuppenfreies Haar. Um ein optimales Ergebnis zu erzielen, verd\u00fcnnen Sie es immer auf 2 % in Tr\u00e4ger\u00f6l oder Ihrem Lieblingsserum.<\/p>\n<p><strong>Gr\u00f6\u00dfe: 5 ml<\/strong><\/p>\n<p style=\"text-align: center;\"><em>&#8222;Ihr komplexer, raffinierter und zus\u00e4tzlich verfeinerter Duft ist Ausdruck ihres breiten Spektrums an Inhaltsstoffen. In den Worten des Heilkr\u00e4uterspezialisten Andr\u00e9 Bitsas (2009): &#8222;Der Duft der Myrte ist balsamisch, frisch, sauerstoffhaltig&#8230; aber mit einer zus\u00e4tzlichen Verfeinerung, die wie immer das Bild einer komplexen Biochemie und einer intensiven Potenz der inneren Synergie ist&#8220;. Die vorherrschenden Monoterpene, Oxide und Ester werden hier durch Vertreter aller wichtigen chemischen Familien abgerundet.&#8220;<\/em><br \/>\n<em>~Peter Holmes, Aromatica<\/em><\/p>\n<p>&nbsp;<\/p>\n","protected":false},"excerpt":{"rendered":"<p>Die Bergmyrte ist ein knackiger, kampferprobter Tanz aus Gleichgewicht und Sch\u00f6nheit, der Klarheit, Kreativit\u00e4t und St\u00e4rke verk\u00f6rpert.<\/p>\n","protected":false},"featured_media":217946,"comment_status":"open","ping_status":"closed","template":"","meta":[],"product_brand":[],"product_cat":[1508,1546,6737,1032,1493,1210,511,6736],"product_tag":[1547],"class_list":{"0":"post-219497","1":"product","2":"type-product","3":"status-publish","4":"has-post-thumbnail","6":"product_cat-aetherische-oele-living-libations","7":"product_cat-essential-oils-living-libations-de","8":"product_cat-essential-oils-de-2","9":"product_cat-kategorien","10":"product_cat-living-libations-deutschland","11":"product_cat-marken","12":"product_cat-produkte","13":"product_cat-wellness-de","14":"product_tag-essential-oil-de","15":"pa_brand-livinglibations-de","16":"pa_essential-oils-product-type-essential-oils-de","17":"pa_size-5-ml-de","19":"first","20":"instock","21":"taxable","22":"shipping-taxable","23":"purchasable","24":"product-type-simple"},"bundled_by":[],"bundle_stock_status":"instock","bundle_stock_quantity":2,"bundle_virtual":false,"bundle_layout":"","bundle_add_to_cart_form_location":"","bundle_editable_in_cart":false,"bundle_sold_individually_context":"","bundle_item_grouping":"","bundle_min_size":"","bundle_max_size":"","bundle_price":[],"bundled_items":[],"bundle_sell_ids":[],"atum_controlled":true,"out_stock_date":null,"out_stock_threshold":null,"inheritable":false,"stock_on_hold":0,"sold_today":0,"sales_last_days":0,"out_stock_days":0,"lost_sales":0,"update_date":"2026-04-14T11:56:30","atum_locations":[],"atum_stock_status":"instock","restock_status":false,"low_stock_amount":"","sales_update_date":"2026-04-14T11:56:30","calc_backorders":null,"group_of_quantity":0,"min_quantity":0,"max_quantity":"","exclude_order_quantity_value_rules":"no","exclude_category_quantity_rules":"no","combine_variations":"no","yoast_head":"<!-- This site is optimized with the Yoast SEO Premium plugin v26.5 (Yoast SEO v26.5) - https:\/\/yoast.com\/wordpress\/plugins\/seo\/ -->\n<title>Looking for Myrtle, Mountain Essential Oil ? - Living Libations<\/title>\n<meta name=\"description\" content=\"Die Bergmyrte ist ein knackiger, kampferprobter Tanz aus Gleichgewicht und Sch\u00f6nheit, der Klarheit, Kreativit\u00e4t und St\u00e4rke verk\u00f6rpert.\" \/>\n<meta name=\"robots\" content=\"index, follow, max-snippet:-1, max-image-preview:large, max-video-preview:-1\" \/>\n<link rel=\"canonical\" href=\"https:\/\/dutchhealthstore.com\/de\/product\/myrtle-mountain-essential-oil\/\" \/>\n<meta property=\"og:locale\" content=\"de_DE\" \/>\n<meta property=\"og:type\" content=\"article\" \/>\n<meta property=\"og:title\" content=\"Myrtle, Mountain Essential Oil - Dutch Health Store\" \/>\n<meta property=\"og:description\" content=\"Die Bergmyrte ist ein knackiger, kampferprobter Tanz aus Gleichgewicht und Sch\u00f6nheit, der Klarheit, Kreativit\u00e4t und St\u00e4rke verk\u00f6rpert.\" \/>\n<meta property=\"og:url\" content=\"https:\/\/dutchhealthstore.com\/de\/product\/myrtle-mountain-essential-oil\/\" \/>\n<meta property=\"og:site_name\" content=\"Dutch Health Store\" \/>\n<meta property=\"article:publisher\" content=\"https:\/\/www.instagram.com\/dutchhealthstore\/\" \/>\n<meta property=\"article:modified_time\" content=\"2023-02-28T15:13:35+00:00\" \/>\n<meta property=\"og:image\" content=\"https:\/\/dutchhealthstore.com\/wp-content\/uploads\/2022\/09\/LLmountainmyrtle.jpg\" \/>\n\t<meta property=\"og:image:width\" content=\"500\" \/>\n\t<meta property=\"og:image:height\" content=\"500\" \/>\n\t<meta property=\"og:image:type\" content=\"image\/jpeg\" \/>\n<meta name=\"twitter:card\" content=\"summary_large_image\" \/>\n<meta name=\"twitter:label1\" content=\"Preis\" \/>\n\t<meta name=\"twitter:data1\" content=\"&euro;34,00\" \/>\n\t<meta name=\"twitter:label2\" content=\"Verf\u00fcgbarkeit\" \/>\n\t<meta name=\"twitter:data2\" content=\"Auf Lager\" \/>\n<script type=\"application\/ld+json\" class=\"yoast-schema-graph\">{\"@context\":\"https:\/\/schema.org\",\"@graph\":[{\"@type\":\"WebPage\",\"@id\":\"https:\/\/dutchhealthstore.com\/de\/product\/myrtle-mountain-essential-oil\/\",\"url\":\"https:\/\/dutchhealthstore.com\/de\/product\/myrtle-mountain-essential-oil\/\",\"name\":\"Looking for Myrtle, Mountain Essential Oil ? - Living Libations\",\"isPartOf\":{\"@id\":\"https:\/\/dutchhealthstore.com\/de\/#website\"},\"primaryImageOfPage\":{\"@id\":\"https:\/\/dutchhealthstore.com\/de\/product\/myrtle-mountain-essential-oil\/#primaryimage\"},\"image\":{\"@id\":\"https:\/\/dutchhealthstore.com\/de\/product\/myrtle-mountain-essential-oil\/#primaryimage\"},\"thumbnailUrl\":\"https:\/\/dutchhealthstore.com\/wp-content\/uploads\/2022\/09\/LLmountainmyrtle.jpg\",\"datePublished\":\"2022-09-02T11:28:14+00:00\",\"dateModified\":\"2023-02-28T15:13:35+00:00\",\"description\":\"Die Bergmyrte ist ein knackiger, kampferprobter Tanz aus Gleichgewicht und Sch\u00f6nheit, der Klarheit, Kreativit\u00e4t und St\u00e4rke verk\u00f6rpert.\",\"breadcrumb\":{\"@id\":\"https:\/\/dutchhealthstore.com\/de\/product\/myrtle-mountain-essential-oil\/#breadcrumb\"},\"inLanguage\":\"de\",\"potentialAction\":[{\"@type\":\"ReadAction\",\"target\":[\"https:\/\/dutchhealthstore.com\/de\/product\/myrtle-mountain-essential-oil\/\"]}]},{\"@type\":\"ImageObject\",\"inLanguage\":\"de\",\"@id\":\"https:\/\/dutchhealthstore.com\/de\/product\/myrtle-mountain-essential-oil\/#primaryimage\",\"url\":\"https:\/\/dutchhealthstore.com\/wp-content\/uploads\/2022\/09\/LLmountainmyrtle.jpg\",\"contentUrl\":\"https:\/\/dutchhealthstore.com\/wp-content\/uploads\/2022\/09\/LLmountainmyrtle.jpg\",\"width\":500,\"height\":500,\"caption\":\"LL-Bergmyrte\"},{\"@type\":\"BreadcrumbList\",\"@id\":\"https:\/\/dutchhealthstore.com\/de\/product\/myrtle-mountain-essential-oil\/#breadcrumb\",\"itemListElement\":[{\"@type\":\"ListItem\",\"position\":1,\"name\":\"Home\",\"item\":\"https:\/\/dutchhealthstore.com\/de\/\"},{\"@type\":\"ListItem\",\"position\":2,\"name\":\"Shop\",\"item\":\"https:\/\/dutchhealthstore.com\/de\/shop-2\/\"},{\"@type\":\"ListItem\",\"position\":3,\"name\":\"Myrtle, Mountain Essential Oil\"}]},{\"@type\":\"WebSite\",\"@id\":\"https:\/\/dutchhealthstore.com\/de\/#website\",\"url\":\"https:\/\/dutchhealthstore.com\/de\/\",\"name\":\"Dutch Health Store\",\"description\":\"Enhance Your Beauty with Organic &amp; Natural Skincare\",\"publisher\":{\"@id\":\"https:\/\/dutchhealthstore.com\/de\/#organization\"},\"potentialAction\":[{\"@type\":\"SearchAction\",\"target\":{\"@type\":\"EntryPoint\",\"urlTemplate\":\"https:\/\/dutchhealthstore.com\/de\/?s={search_term_string}\"},\"query-input\":{\"@type\":\"PropertyValueSpecification\",\"valueRequired\":true,\"valueName\":\"search_term_string\"}}],\"inLanguage\":\"de\"},{\"@type\":\"Organization\",\"@id\":\"https:\/\/dutchhealthstore.com\/de\/#organization\",\"name\":\"Dutch Health Store\",\"url\":\"https:\/\/dutchhealthstore.com\/de\/\",\"logo\":{\"@type\":\"ImageObject\",\"inLanguage\":\"de\",\"@id\":\"https:\/\/dutchhealthstore.com\/de\/#\/schema\/logo\/image\/\",\"url\":\"https:\/\/dutchhealthstore.com\/wp-content\/uploads\/2020\/08\/logo-dutchhealthstore-jpg-e1599484957574.jpg\",\"contentUrl\":\"https:\/\/dutchhealthstore.com\/wp-content\/uploads\/2020\/08\/logo-dutchhealthstore-jpg-e1599484957574.jpg\",\"width\":400,\"height\":62,\"caption\":\"Dutch Health Store\"},\"image\":{\"@id\":\"https:\/\/dutchhealthstore.com\/de\/#\/schema\/logo\/image\/\"},\"sameAs\":[\"https:\/\/www.instagram.com\/dutchhealthstore\/\",\"https:\/\/www.facebook.com\/dutchhealthstore\"]}]}<\/script>\n<meta property=\"product:brand\" content=\"Living Libations\" \/>\n<meta property=\"product:price:amount\" content=\"34.00\" \/>\n<meta property=\"product:price:currency\" content=\"EUR\" \/>\n<meta property=\"og:availability\" content=\"instock\" \/>\n<meta property=\"product:availability\" content=\"instock\" \/>\n<meta property=\"product:condition\" content=\"new\" \/>\n<!-- \/ Yoast SEO Premium plugin. -->","yoast_head_json":{"title":"Looking for Myrtle, Mountain Essential Oil ? - Living Libations","description":"Die Bergmyrte ist ein knackiger, kampferprobter Tanz aus Gleichgewicht und Sch\u00f6nheit, der Klarheit, Kreativit\u00e4t und St\u00e4rke verk\u00f6rpert.","robots":{"index":"index","follow":"follow","max-snippet":"max-snippet:-1","max-image-preview":"max-image-preview:large","max-video-preview":"max-video-preview:-1"},"canonical":"https:\/\/dutchhealthstore.com\/de\/product\/myrtle-mountain-essential-oil\/","og_locale":"de_DE","og_type":"article","og_title":"Myrtle, Mountain Essential Oil - Dutch Health Store","og_description":"Die Bergmyrte ist ein knackiger, kampferprobter Tanz aus Gleichgewicht und Sch\u00f6nheit, der Klarheit, Kreativit\u00e4t und St\u00e4rke verk\u00f6rpert.","og_url":"https:\/\/dutchhealthstore.com\/de\/product\/myrtle-mountain-essential-oil\/","og_site_name":"Dutch Health Store","article_publisher":"https:\/\/www.instagram.com\/dutchhealthstore\/","article_modified_time":"2023-02-28T15:13:35+00:00","og_image":[{"width":500,"height":500,"url":"https:\/\/dutchhealthstore.com\/wp-content\/uploads\/2022\/09\/LLmountainmyrtle.jpg","type":"image\/jpeg"}],"twitter_card":"summary_large_image","twitter_misc":{"Preis":"&euro;34,00","Verf\u00fcgbarkeit":"Auf Lager"},"schema":{"@context":"https:\/\/schema.org","@graph":[{"@type":"WebPage","@id":"https:\/\/dutchhealthstore.com\/de\/product\/myrtle-mountain-essential-oil\/","url":"https:\/\/dutchhealthstore.com\/de\/product\/myrtle-mountain-essential-oil\/","name":"Looking for Myrtle, Mountain Essential Oil ? - Living Libations","isPartOf":{"@id":"https:\/\/dutchhealthstore.com\/de\/#website"},"primaryImageOfPage":{"@id":"https:\/\/dutchhealthstore.com\/de\/product\/myrtle-mountain-essential-oil\/#primaryimage"},"image":{"@id":"https:\/\/dutchhealthstore.com\/de\/product\/myrtle-mountain-essential-oil\/#primaryimage"},"thumbnailUrl":"https:\/\/dutchhealthstore.com\/wp-content\/uploads\/2022\/09\/LLmountainmyrtle.jpg","datePublished":"2022-09-02T11:28:14+00:00","dateModified":"2023-02-28T15:13:35+00:00","description":"Die Bergmyrte ist ein knackiger, kampferprobter Tanz aus Gleichgewicht und Sch\u00f6nheit, der Klarheit, Kreativit\u00e4t und St\u00e4rke verk\u00f6rpert.","breadcrumb":{"@id":"https:\/\/dutchhealthstore.com\/de\/product\/myrtle-mountain-essential-oil\/#breadcrumb"},"inLanguage":"de","potentialAction":[{"@type":"ReadAction","target":["https:\/\/dutchhealthstore.com\/de\/product\/myrtle-mountain-essential-oil\/"]}]},{"@type":"ImageObject","inLanguage":"de","@id":"https:\/\/dutchhealthstore.com\/de\/product\/myrtle-mountain-essential-oil\/#primaryimage","url":"https:\/\/dutchhealthstore.com\/wp-content\/uploads\/2022\/09\/LLmountainmyrtle.jpg","contentUrl":"https:\/\/dutchhealthstore.com\/wp-content\/uploads\/2022\/09\/LLmountainmyrtle.jpg","width":500,"height":500,"caption":"LL-Bergmyrte"},{"@type":"BreadcrumbList","@id":"https:\/\/dutchhealthstore.com\/de\/product\/myrtle-mountain-essential-oil\/#breadcrumb","itemListElement":[{"@type":"ListItem","position":1,"name":"Home","item":"https:\/\/dutchhealthstore.com\/de\/"},{"@type":"ListItem","position":2,"name":"Shop","item":"https:\/\/dutchhealthstore.com\/de\/shop-2\/"},{"@type":"ListItem","position":3,"name":"Myrtle, Mountain Essential Oil"}]},{"@type":"WebSite","@id":"https:\/\/dutchhealthstore.com\/de\/#website","url":"https:\/\/dutchhealthstore.com\/de\/","name":"Dutch Health Store","description":"Enhance Your Beauty with Organic &amp; Natural Skincare","publisher":{"@id":"https:\/\/dutchhealthstore.com\/de\/#organization"},"potentialAction":[{"@type":"SearchAction","target":{"@type":"EntryPoint","urlTemplate":"https:\/\/dutchhealthstore.com\/de\/?s={search_term_string}"},"query-input":{"@type":"PropertyValueSpecification","valueRequired":true,"valueName":"search_term_string"}}],"inLanguage":"de"},{"@type":"Organization","@id":"https:\/\/dutchhealthstore.com\/de\/#organization","name":"Dutch Health Store","url":"https:\/\/dutchhealthstore.com\/de\/","logo":{"@type":"ImageObject","inLanguage":"de","@id":"https:\/\/dutchhealthstore.com\/de\/#\/schema\/logo\/image\/","url":"https:\/\/dutchhealthstore.com\/wp-content\/uploads\/2020\/08\/logo-dutchhealthstore-jpg-e1599484957574.jpg","contentUrl":"https:\/\/dutchhealthstore.com\/wp-content\/uploads\/2020\/08\/logo-dutchhealthstore-jpg-e1599484957574.jpg","width":400,"height":62,"caption":"Dutch Health Store"},"image":{"@id":"https:\/\/dutchhealthstore.com\/de\/#\/schema\/logo\/image\/"},"sameAs":["https:\/\/www.instagram.com\/dutchhealthstore\/","https:\/\/www.facebook.com\/dutchhealthstore"]}]},"product_brand":"Living Libations","product_price_amount":"34.00","product_price_currency":"EUR","og_availability":"instock","product_availability":"instock","product_condition":"new"},"_links":{"self":[{"href":"https:\/\/dutchhealthstore.com\/de\/wp-json\/wp\/v2\/product\/219497","targetHints":{"allow":["GET"]}}],"collection":[{"href":"https:\/\/dutchhealthstore.com\/de\/wp-json\/wp\/v2\/product"}],"about":[{"href":"https:\/\/dutchhealthstore.com\/de\/wp-json\/wp\/v2\/types\/product"}],"replies":[{"embeddable":true,"href":"https:\/\/dutchhealthstore.com\/de\/wp-json\/wp\/v2\/comments?post=219497"}],"wp:featuredmedia":[{"embeddable":true,"href":"https:\/\/dutchhealthstore.com\/de\/wp-json\/wp\/v2\/media\/217946"}],"wp:attachment":[{"href":"https:\/\/dutchhealthstore.com\/de\/wp-json\/wp\/v2\/media?parent=219497"}],"wp:term":[{"taxonomy":"product_brand","embeddable":true,"href":"https:\/\/dutchhealthstore.com\/de\/wp-json\/wp\/v2\/product_brand?post=219497"},{"taxonomy":"product_cat","embeddable":true,"href":"https:\/\/dutchhealthstore.com\/de\/wp-json\/wp\/v2\/product_cat?post=219497"},{"taxonomy":"product_tag","embeddable":true,"href":"https:\/\/dutchhealthstore.com\/de\/wp-json\/wp\/v2\/product_tag?post=219497"}],"curies":[{"name":"wp","href":"https:\/\/api.w.org\/{rel}","templated":true}]}}