{"id":219494,"date":"2022-09-02T13:38:53","date_gmt":"2022-09-02T11:38:53","guid":{"rendered":"https:\/\/dutchhealthstore.com\/product\/frankincense-rivae-essential-oil\/"},"modified":"2024-07-18T10:25:01","modified_gmt":"2024-07-18T08:25:01","slug":"frankincense-rivae-essential-oil","status":"publish","type":"product","link":"https:\/\/dutchhealthstore.com\/de\/product\/frankincense-rivae-essential-oil\/","title":{"rendered":"Frankincense, Rivae Essential Oil"},"content":{"rendered":"<p>Dieser komplexe, beeindruckende Duft von Erde und Holz, umh\u00fcllt von einer bonbonartigen S\u00fc\u00dfe, ist ein Sirenengesang f\u00fcr Parf\u00fcmeure.<\/p>\n<p>Seltener Rivae Frankincense weckt die ganze olfaktorische Faszination des klassischen Weihrauchs mit einer gewagten Portion dunkler und intensiv weihrauchartiger Noten, die sich zu Zedernholz und Cypriol mit einem noch gro\u00dfartigeren harzigen Duft verst\u00e4rken.<\/p>\n<p>Dieser leidenschaftlichste Weihrauch ist eine aromatische Errungenschaft \u00c4thiopiens, wo die bernsteinfarbenen \u00d6le des Boswellia-Baums von den Hirtenv\u00f6lkern, die ihre Herden in den Tieflandw\u00e4ldern der Ogaden-Region h\u00fcten, wild gesammelt werden. Im Sommer saugen die Boswellia rivae-B\u00e4ume ihr Harz auf die Rinde, wo es zu d\u00fcsteren Perlen trocknet. Die Perlen werden von Hand gesammelt und anschlie\u00dfend mit Wasserdampf destilliert, um die wertvollen, kr\u00e4ftigen Aroma\u00f6le freizusetzen.<\/p>\n<p><strong>Botanischer Name:<\/strong> Boswellia rivae<br \/>\n<strong>Botanische Familie:<\/strong> Burseraceae<br \/>\n<strong>Extraktionsverfahren:<\/strong> Dampfdestilliert<br \/>\n<strong>Teil der Pflanze Destilliert:<\/strong> Harz<br \/>\n<strong>Herkunftsland:<\/strong> \u00c4thiopien<br \/>\n<strong>Anbaumethode:<\/strong> Wild gesammelt<br \/>\n<strong>Beschreibung des Duftes:<\/strong> Tiefe, dunkle, intensive s\u00fc\u00dfe und w\u00fcrzige balsamische D\u00fcfte kombiniert mit reichen und dunklen Harzen.<br \/>\n<strong>Zusammensetzung:<\/strong> 100% Boswellia rivae<br \/>\n<strong>Farbe:<\/strong> Transparente Fl\u00fcssigkeit mit einem Hauch von Bernstein.<br \/>\n<strong>Konsistenz:<\/strong> D\u00fcnne Viskosit\u00e4t<br \/>\n<strong>Gut mischbar mit:<\/strong> Sandelholz, Grapefruit, Rose Otto, Ylang, Tannen, Fichten, Sanddorn, Strohblume, Zitrone, Bergamotte, Spikenard, Vetiver, Majoran, Lavendel, Oregano und Kamille.<br \/>\n<strong>Verwendung:<\/strong> Eine Beschw\u00f6rung der Verst\u00e4rkung und in Riten der pers\u00f6nlichen Reinigung. Dieser feinste Weihrauch f\u00fcr die Parf\u00fcmerie ist ebenso geeignet, um Spannungen zu lindern und das Erscheinungsbild von R\u00f6tungen, Hitze, trockener Haut, feinen Linien und Schwellungen zu verbessern. Tupfen Sie sie auf feine Linien, Narben und Anzeichen vorzeitiger Hautalterung auf, um zus\u00e4tzliche Feuchtigkeit zu erhalten. G\u00f6ttlich in Diffusoren. Fantastisch in Salzpfeifen. Achtsam in der Mediation.<br \/>\n<strong>Inhaltsstoffe:<\/strong> Rivae enth\u00e4lt reichlich Terpene, vor allem \u03b2-Amyrin, \u03b1-Amyrin, \u03b2-Amyrenon und \u03b1-Amyrenon sowie einzigartig gro\u00dfe Mengen an 24% \u03b1-Pinen, 17% Limonen und 9% p-Cymol.<\/p>\n<p>Rivae Frankincense, ein seltenes Juwel in unserer Weihrauch-Kollektion und ein Muss f\u00fcr Boswellia-Liebhaber. Seine suggestive Essenz setzt sich aus \u00fcber 200 pflanzlichen Bestandteilen zusammen, darunter ungew\u00f6hnliche Mengen an aromatischem Alpha-Pinen und Para-Cymol, die f\u00fcr das stark duftende holzige, w\u00fcrzige und balsamische Aroma sorgen, gemischt mit \u00fcppigem Limonen f\u00fcr die S\u00fc\u00dfe. Er ist dunkler, s\u00fc\u00dfer, weniger zitronig und ledriger als andere Weihrauchessenzen.<\/p>\n<p>In der Aromatherapie ist Rivae Weihrauch eine sichtbare Vesper der g\u00f6ttlichen Kommunikation und ein un\u00fcbertroffenes Kraftpaket f\u00fcr die spirituelle Reinigung. In der Parf\u00fcmerie kann es pur auf Handgelenke, Hals und Pulspunkte aufgetragen oder mit anderen aromatischen Essenzen kombiniert werden; das z\u00e4he und terreuxartige Aroma bleibt von Anfang bis Ende komplex und unvergesslich. Wie alle Weihrauch-Essenzen bietet sie eine sanfte Ber\u00fchrung f\u00fcr bed\u00fcrftige Haut und beruhigt und gl\u00e4ttet Falten, Flecken und Narben.<\/p>\n<p>Rivae Weihrauch ist in Ogaden, \u00c4thiopien, unter dem Namen &#8222;Mirafur&#8220; bekannt. Unser \u00e4therisches \u00d6l ist ein fair gehandeltes Produkt, und da die B\u00e4ume nie angezapft werden, ist es unendlich nachhaltig, aber auch ziemlich selten. Wilde Boswellia rivae-B\u00e4ume wachsen in der Natur in Dickichten, und das getrocknete Harz wird von einer kleinen Genossenschaft lokaler Dorfbewohner und Schafhirten von Hand gesammelt, was der Region ein notwendiges Einkommen verschafft.<\/p>\n<p><strong>Gr\u00f6\u00dfe: 5 ml<\/strong><\/p>\n","protected":false},"excerpt":{"rendered":"<p>Rivae Frankincense ist ein robustes, harziges Aroma mit tiefen Dimensionen, das zum G\u00f6ttlichen einl\u00e4dt.<\/p>\n","protected":false},"featured_media":217953,"comment_status":"open","ping_status":"closed","template":"","meta":[],"product_brand":[],"product_cat":[1508,1546,6737,1032,1493,1210,511,6736],"product_tag":[1547],"class_list":{"0":"post-219494","1":"product","2":"type-product","3":"status-publish","4":"has-post-thumbnail","6":"product_cat-aetherische-oele-living-libations","7":"product_cat-essential-oils-living-libations-de","8":"product_cat-essential-oils-de-2","9":"product_cat-kategorien","10":"product_cat-living-libations-deutschland","11":"product_cat-marken","12":"product_cat-produkte","13":"product_cat-wellness-de","14":"product_tag-essential-oil-de","15":"pa_brand-livinglibations-de","16":"pa_essential-oils-product-type-essential-oils-de","17":"pa_size-5-ml-de","19":"first","20":"instock","21":"taxable","22":"shipping-taxable","23":"purchasable","24":"product-type-simple"},"bundled_by":[],"bundle_stock_status":"instock","bundle_stock_quantity":4,"bundle_virtual":false,"bundle_layout":"","bundle_add_to_cart_form_location":"","bundle_editable_in_cart":false,"bundle_sold_individually_context":"","bundle_item_grouping":"","bundle_min_size":"","bundle_max_size":"","bundle_price":[],"bundled_items":[],"bundle_sell_ids":[],"atum_controlled":true,"out_stock_date":null,"out_stock_threshold":null,"inheritable":false,"stock_on_hold":0,"sold_today":0,"sales_last_days":0,"out_stock_days":0,"lost_sales":0,"update_date":"2026-04-09T08:27:36","atum_locations":[],"atum_stock_status":"instock","restock_status":false,"low_stock_amount":"","sales_update_date":"2026-04-09T08:27:36","calc_backorders":null,"group_of_quantity":0,"min_quantity":0,"max_quantity":"","exclude_order_quantity_value_rules":"no","exclude_category_quantity_rules":"no","combine_variations":"no","yoast_head":"<!-- This site is optimized with the Yoast SEO Premium plugin v26.5 (Yoast SEO v26.5) - https:\/\/yoast.com\/wordpress\/plugins\/seo\/ -->\n<title>Looking for Frankincense, Rivae Essential Oil ? - Living Libations<\/title>\n<meta name=\"description\" content=\"Rivae Frankincense ist ein robustes, harziges Aroma mit tiefen Dimensionen, das zum G\u00f6ttlichen einl\u00e4dt.\" \/>\n<meta name=\"robots\" content=\"index, follow, max-snippet:-1, max-image-preview:large, max-video-preview:-1\" \/>\n<link rel=\"canonical\" href=\"https:\/\/dutchhealthstore.com\/de\/product\/frankincense-rivae-essential-oil\/\" \/>\n<meta property=\"og:locale\" content=\"de_DE\" \/>\n<meta property=\"og:type\" content=\"article\" \/>\n<meta property=\"og:title\" content=\"Frankincense, Rivae Essential Oil - Dutch Health Store\" \/>\n<meta property=\"og:description\" content=\"Rivae Frankincense ist ein robustes, harziges Aroma mit tiefen Dimensionen, das zum G\u00f6ttlichen einl\u00e4dt.\" \/>\n<meta property=\"og:url\" content=\"https:\/\/dutchhealthstore.com\/de\/product\/frankincense-rivae-essential-oil\/\" \/>\n<meta property=\"og:site_name\" content=\"Dutch Health Store\" \/>\n<meta property=\"article:publisher\" content=\"https:\/\/www.instagram.com\/dutchhealthstore\/\" \/>\n<meta property=\"article:modified_time\" content=\"2024-07-18T08:25:01+00:00\" \/>\n<meta property=\"og:image\" content=\"https:\/\/dutchhealthstore.com\/wp-content\/uploads\/2022\/09\/LLfrankincenserivae.jpg\" \/>\n\t<meta property=\"og:image:width\" content=\"500\" \/>\n\t<meta property=\"og:image:height\" content=\"500\" \/>\n\t<meta property=\"og:image:type\" content=\"image\/jpeg\" \/>\n<meta name=\"twitter:card\" content=\"summary_large_image\" \/>\n<meta name=\"twitter:label1\" content=\"Preis\" \/>\n\t<meta name=\"twitter:data1\" content=\"&euro;44,00\" \/>\n\t<meta name=\"twitter:label2\" content=\"Verf\u00fcgbarkeit\" \/>\n\t<meta name=\"twitter:data2\" content=\"Auf Lager\" \/>\n<script type=\"application\/ld+json\" class=\"yoast-schema-graph\">{\"@context\":\"https:\/\/schema.org\",\"@graph\":[{\"@type\":\"WebPage\",\"@id\":\"https:\/\/dutchhealthstore.com\/de\/product\/frankincense-rivae-essential-oil\/\",\"url\":\"https:\/\/dutchhealthstore.com\/de\/product\/frankincense-rivae-essential-oil\/\",\"name\":\"Looking for Frankincense, Rivae Essential Oil ? - Living Libations\",\"isPartOf\":{\"@id\":\"https:\/\/dutchhealthstore.com\/de\/#website\"},\"primaryImageOfPage\":{\"@id\":\"https:\/\/dutchhealthstore.com\/de\/product\/frankincense-rivae-essential-oil\/#primaryimage\"},\"image\":{\"@id\":\"https:\/\/dutchhealthstore.com\/de\/product\/frankincense-rivae-essential-oil\/#primaryimage\"},\"thumbnailUrl\":\"https:\/\/dutchhealthstore.com\/wp-content\/uploads\/2022\/09\/LLfrankincenserivae.jpg\",\"datePublished\":\"2022-09-02T11:38:53+00:00\",\"dateModified\":\"2024-07-18T08:25:01+00:00\",\"description\":\"Rivae Frankincense ist ein robustes, harziges Aroma mit tiefen Dimensionen, das zum G\u00f6ttlichen einl\u00e4dt.\",\"breadcrumb\":{\"@id\":\"https:\/\/dutchhealthstore.com\/de\/product\/frankincense-rivae-essential-oil\/#breadcrumb\"},\"inLanguage\":\"de\",\"potentialAction\":[{\"@type\":\"ReadAction\",\"target\":[\"https:\/\/dutchhealthstore.com\/de\/product\/frankincense-rivae-essential-oil\/\"]}]},{\"@type\":\"ImageObject\",\"inLanguage\":\"de\",\"@id\":\"https:\/\/dutchhealthstore.com\/de\/product\/frankincense-rivae-essential-oil\/#primaryimage\",\"url\":\"https:\/\/dutchhealthstore.com\/wp-content\/uploads\/2022\/09\/LLfrankincenserivae.jpg\",\"contentUrl\":\"https:\/\/dutchhealthstore.com\/wp-content\/uploads\/2022\/09\/LLfrankincenserivae.jpg\",\"width\":500,\"height\":500,\"caption\":\"LLfrankincenserivae\"},{\"@type\":\"BreadcrumbList\",\"@id\":\"https:\/\/dutchhealthstore.com\/de\/product\/frankincense-rivae-essential-oil\/#breadcrumb\",\"itemListElement\":[{\"@type\":\"ListItem\",\"position\":1,\"name\":\"Home\",\"item\":\"https:\/\/dutchhealthstore.com\/de\/\"},{\"@type\":\"ListItem\",\"position\":2,\"name\":\"Shop\",\"item\":\"https:\/\/dutchhealthstore.com\/de\/shop-2\/\"},{\"@type\":\"ListItem\",\"position\":3,\"name\":\"Frankincense, Rivae Essential Oil\"}]},{\"@type\":\"WebSite\",\"@id\":\"https:\/\/dutchhealthstore.com\/de\/#website\",\"url\":\"https:\/\/dutchhealthstore.com\/de\/\",\"name\":\"Dutch Health Store\",\"description\":\"Enhance Your Beauty with Organic &amp; Natural Skincare\",\"publisher\":{\"@id\":\"https:\/\/dutchhealthstore.com\/de\/#organization\"},\"potentialAction\":[{\"@type\":\"SearchAction\",\"target\":{\"@type\":\"EntryPoint\",\"urlTemplate\":\"https:\/\/dutchhealthstore.com\/de\/?s={search_term_string}\"},\"query-input\":{\"@type\":\"PropertyValueSpecification\",\"valueRequired\":true,\"valueName\":\"search_term_string\"}}],\"inLanguage\":\"de\"},{\"@type\":\"Organization\",\"@id\":\"https:\/\/dutchhealthstore.com\/de\/#organization\",\"name\":\"Dutch Health Store\",\"url\":\"https:\/\/dutchhealthstore.com\/de\/\",\"logo\":{\"@type\":\"ImageObject\",\"inLanguage\":\"de\",\"@id\":\"https:\/\/dutchhealthstore.com\/de\/#\/schema\/logo\/image\/\",\"url\":\"https:\/\/dutchhealthstore.com\/wp-content\/uploads\/2020\/08\/logo-dutchhealthstore-jpg-e1599484957574.jpg\",\"contentUrl\":\"https:\/\/dutchhealthstore.com\/wp-content\/uploads\/2020\/08\/logo-dutchhealthstore-jpg-e1599484957574.jpg\",\"width\":400,\"height\":62,\"caption\":\"Dutch Health Store\"},\"image\":{\"@id\":\"https:\/\/dutchhealthstore.com\/de\/#\/schema\/logo\/image\/\"},\"sameAs\":[\"https:\/\/www.instagram.com\/dutchhealthstore\/\",\"https:\/\/www.facebook.com\/dutchhealthstore\"]}]}<\/script>\n<meta property=\"product:brand\" content=\"Living Libations\" \/>\n<meta property=\"product:price:amount\" content=\"44.00\" \/>\n<meta property=\"product:price:currency\" content=\"EUR\" \/>\n<meta property=\"og:availability\" content=\"instock\" \/>\n<meta property=\"product:availability\" content=\"instock\" \/>\n<meta property=\"product:condition\" content=\"new\" \/>\n<!-- \/ Yoast SEO Premium plugin. -->","yoast_head_json":{"title":"Looking for Frankincense, Rivae Essential Oil ? - Living Libations","description":"Rivae Frankincense ist ein robustes, harziges Aroma mit tiefen Dimensionen, das zum G\u00f6ttlichen einl\u00e4dt.","robots":{"index":"index","follow":"follow","max-snippet":"max-snippet:-1","max-image-preview":"max-image-preview:large","max-video-preview":"max-video-preview:-1"},"canonical":"https:\/\/dutchhealthstore.com\/de\/product\/frankincense-rivae-essential-oil\/","og_locale":"de_DE","og_type":"article","og_title":"Frankincense, Rivae Essential Oil - Dutch Health Store","og_description":"Rivae Frankincense ist ein robustes, harziges Aroma mit tiefen Dimensionen, das zum G\u00f6ttlichen einl\u00e4dt.","og_url":"https:\/\/dutchhealthstore.com\/de\/product\/frankincense-rivae-essential-oil\/","og_site_name":"Dutch Health Store","article_publisher":"https:\/\/www.instagram.com\/dutchhealthstore\/","article_modified_time":"2024-07-18T08:25:01+00:00","og_image":[{"width":500,"height":500,"url":"https:\/\/dutchhealthstore.com\/wp-content\/uploads\/2022\/09\/LLfrankincenserivae.jpg","type":"image\/jpeg"}],"twitter_card":"summary_large_image","twitter_misc":{"Preis":"&euro;44,00","Verf\u00fcgbarkeit":"Auf Lager"},"schema":{"@context":"https:\/\/schema.org","@graph":[{"@type":"WebPage","@id":"https:\/\/dutchhealthstore.com\/de\/product\/frankincense-rivae-essential-oil\/","url":"https:\/\/dutchhealthstore.com\/de\/product\/frankincense-rivae-essential-oil\/","name":"Looking for Frankincense, Rivae Essential Oil ? - Living Libations","isPartOf":{"@id":"https:\/\/dutchhealthstore.com\/de\/#website"},"primaryImageOfPage":{"@id":"https:\/\/dutchhealthstore.com\/de\/product\/frankincense-rivae-essential-oil\/#primaryimage"},"image":{"@id":"https:\/\/dutchhealthstore.com\/de\/product\/frankincense-rivae-essential-oil\/#primaryimage"},"thumbnailUrl":"https:\/\/dutchhealthstore.com\/wp-content\/uploads\/2022\/09\/LLfrankincenserivae.jpg","datePublished":"2022-09-02T11:38:53+00:00","dateModified":"2024-07-18T08:25:01+00:00","description":"Rivae Frankincense ist ein robustes, harziges Aroma mit tiefen Dimensionen, das zum G\u00f6ttlichen einl\u00e4dt.","breadcrumb":{"@id":"https:\/\/dutchhealthstore.com\/de\/product\/frankincense-rivae-essential-oil\/#breadcrumb"},"inLanguage":"de","potentialAction":[{"@type":"ReadAction","target":["https:\/\/dutchhealthstore.com\/de\/product\/frankincense-rivae-essential-oil\/"]}]},{"@type":"ImageObject","inLanguage":"de","@id":"https:\/\/dutchhealthstore.com\/de\/product\/frankincense-rivae-essential-oil\/#primaryimage","url":"https:\/\/dutchhealthstore.com\/wp-content\/uploads\/2022\/09\/LLfrankincenserivae.jpg","contentUrl":"https:\/\/dutchhealthstore.com\/wp-content\/uploads\/2022\/09\/LLfrankincenserivae.jpg","width":500,"height":500,"caption":"LLfrankincenserivae"},{"@type":"BreadcrumbList","@id":"https:\/\/dutchhealthstore.com\/de\/product\/frankincense-rivae-essential-oil\/#breadcrumb","itemListElement":[{"@type":"ListItem","position":1,"name":"Home","item":"https:\/\/dutchhealthstore.com\/de\/"},{"@type":"ListItem","position":2,"name":"Shop","item":"https:\/\/dutchhealthstore.com\/de\/shop-2\/"},{"@type":"ListItem","position":3,"name":"Frankincense, Rivae Essential Oil"}]},{"@type":"WebSite","@id":"https:\/\/dutchhealthstore.com\/de\/#website","url":"https:\/\/dutchhealthstore.com\/de\/","name":"Dutch Health Store","description":"Enhance Your Beauty with Organic &amp; Natural Skincare","publisher":{"@id":"https:\/\/dutchhealthstore.com\/de\/#organization"},"potentialAction":[{"@type":"SearchAction","target":{"@type":"EntryPoint","urlTemplate":"https:\/\/dutchhealthstore.com\/de\/?s={search_term_string}"},"query-input":{"@type":"PropertyValueSpecification","valueRequired":true,"valueName":"search_term_string"}}],"inLanguage":"de"},{"@type":"Organization","@id":"https:\/\/dutchhealthstore.com\/de\/#organization","name":"Dutch Health Store","url":"https:\/\/dutchhealthstore.com\/de\/","logo":{"@type":"ImageObject","inLanguage":"de","@id":"https:\/\/dutchhealthstore.com\/de\/#\/schema\/logo\/image\/","url":"https:\/\/dutchhealthstore.com\/wp-content\/uploads\/2020\/08\/logo-dutchhealthstore-jpg-e1599484957574.jpg","contentUrl":"https:\/\/dutchhealthstore.com\/wp-content\/uploads\/2020\/08\/logo-dutchhealthstore-jpg-e1599484957574.jpg","width":400,"height":62,"caption":"Dutch Health Store"},"image":{"@id":"https:\/\/dutchhealthstore.com\/de\/#\/schema\/logo\/image\/"},"sameAs":["https:\/\/www.instagram.com\/dutchhealthstore\/","https:\/\/www.facebook.com\/dutchhealthstore"]}]},"product_brand":"Living Libations","product_price_amount":"44.00","product_price_currency":"EUR","og_availability":"instock","product_availability":"instock","product_condition":"new"},"_links":{"self":[{"href":"https:\/\/dutchhealthstore.com\/de\/wp-json\/wp\/v2\/product\/219494","targetHints":{"allow":["GET"]}}],"collection":[{"href":"https:\/\/dutchhealthstore.com\/de\/wp-json\/wp\/v2\/product"}],"about":[{"href":"https:\/\/dutchhealthstore.com\/de\/wp-json\/wp\/v2\/types\/product"}],"replies":[{"embeddable":true,"href":"https:\/\/dutchhealthstore.com\/de\/wp-json\/wp\/v2\/comments?post=219494"}],"wp:featuredmedia":[{"embeddable":true,"href":"https:\/\/dutchhealthstore.com\/de\/wp-json\/wp\/v2\/media\/217953"}],"wp:attachment":[{"href":"https:\/\/dutchhealthstore.com\/de\/wp-json\/wp\/v2\/media?parent=219494"}],"wp:term":[{"taxonomy":"product_brand","embeddable":true,"href":"https:\/\/dutchhealthstore.com\/de\/wp-json\/wp\/v2\/product_brand?post=219494"},{"taxonomy":"product_cat","embeddable":true,"href":"https:\/\/dutchhealthstore.com\/de\/wp-json\/wp\/v2\/product_cat?post=219494"},{"taxonomy":"product_tag","embeddable":true,"href":"https:\/\/dutchhealthstore.com\/de\/wp-json\/wp\/v2\/product_tag?post=219494"}],"curies":[{"name":"wp","href":"https:\/\/api.w.org\/{rel}","templated":true}]}}