{"id":219489,"date":"2022-09-05T07:59:24","date_gmt":"2022-09-05T05:59:24","guid":{"rendered":"https:\/\/dutchhealthstore.com\/product\/peppermint-yakima-valley-essential-oil\/"},"modified":"2025-12-11T09:43:27","modified_gmt":"2025-12-11T08:43:27","slug":"peppermint-yakima-valley-essential-oil","status":"publish","type":"product","link":"https:\/\/dutchhealthstore.com\/de\/product\/peppermint-yakima-valley-essential-oil\/","title":{"rendered":"Peppermint, Yakima Valley Essential Oil"},"content":{"rendered":"<p>Bei Pfefferminz\u00f6len spielt die Herkunft eine wichtige Rolle, da die Inhaltsstoffe der \u00d6le stark von der Geografie, dem Wetter und der Anbaumethode beeinflusst werden. Die langen Tage und k\u00fchleren N\u00e4chte der Sommer in Yakima, Washington, beg\u00fcnstigen die Ausstr\u00f6mung von s\u00fc\u00dfen, pflanzlichen Monoterpenen und Laktonen, die die Yakima Valley Peppermint so besonders machen.<\/p>\n<p><strong>Botanischer Name:<\/strong> Mentha piperita L.<br \/>\n<strong>Botanische Familie<\/strong>: Lamiaceae<br \/>\n<strong>Extraktionsverfahren:<\/strong> Dampfdestilliert<br \/>\n<strong>Teil der Pflanze Destilliert:<\/strong> Bl\u00e4tter<br \/>\n<strong>Herkunftsland:<\/strong> Yakima, Washington, USA<br \/>\n<strong>Anbaumethode<\/strong>: Bio, Plantage<br \/>\n<strong>Zusammensetzung:<\/strong> 100% Mentha piperita<br \/>\n<strong>Konsistenz:<\/strong> D\u00fcnne Viskosit\u00e4t<br \/>\n<strong>Beschreibung des Duftes:<\/strong> S\u00fc\u00df, frisch und krautig.<br \/>\n<strong>In Living Libations:<\/strong> Dreifach-Minze-Zahnpasta<br \/>\n<strong>Gut mischbar mit:<\/strong> Weihrauch, Minze, Lavendel, Majoran, Zitrone, Bergamotte, Limette, Wei\u00dftanne, Geranie, Kamille, Rainfarn, Teebaum, Thymian, Oregano, Karottensamen, Fichten und Schafgarbe.<br \/>\n<strong>Verwendungen:<\/strong> Eine spritzige Erg\u00e4nzung zu kulinarischen Kreationen und Tees. Bei unruhigem Magen einen Tropfen in den Honig geben. Verd\u00fcnnen und in Jojoba oder Best Skin Ever verwenden, um R\u00f6tungen zu k\u00fchlen. Super duper in einer Salzpfeife. Kristallklar in Diffusoren. F\u00fchlt sich gut an auf Stirnen, die zu viel nachgedacht haben. Wirkt wie tragbares Pfefferminz-Eis: Einfach auf die Haut auftragen, die eine k\u00fchle Streicheleinheit braucht.<br \/>\n<strong>Kontraindikation<\/strong>: Aufgrund seiner k\u00fchlenden Eigenschaften nicht unverd\u00fcnnt bei Kindern unter f\u00fcnf Jahren anwenden, da es die K\u00f6rpertemperatur senken kann. Es ist in Ordnung, eine kleine Menge (1-2%) verd\u00fcnnt zu verwenden.<\/p>\n<p>Zarte Gaumen und empfindliche Nasen sch\u00e4tzen besonders die etwas sanftere Minzigkeit unseres \u00e4therischen Pfefferminz\u00f6ls aus dem Yakima Valley. Es ist eine Salbe f\u00fcr hei\u00dfe, ger\u00f6tete Haut und eine k\u00fchlende, entspannende Wohltat f\u00fcr verspannte Nacken und hitzegeplagte K\u00f6pfe. Ein Tropfen direkt in den Mund oder auf die Zahnb\u00fcrste vers\u00fc\u00dft den Atem, und ein Tropfen in Honig oder in einem Glas Wasser kann den m\u00fcrrischen Magen beruhigen. Als Zusatz zu s\u00fc\u00dfen Leckereien und Tees bringt es die perfekte Portion Pfeffrigkeit mit, die man von der Pfefferminze erwartet.<\/p>\n<p><strong>Gr\u00f6\u00dfe: 5 ml und 15 ml<\/strong><\/p>\n","protected":false},"excerpt":{"rendered":"<p>Diese sommerliche, weichere und s\u00fc\u00dfere Version unserer starken, durchdringenden Pfefferminze hat ein erfrischendes, krautiges Aroma mit einem klassischen, kandierten Hauch von Minze.<\/p>\n","protected":false},"featured_media":217961,"comment_status":"open","ping_status":"closed","template":"","meta":[],"product_brand":[],"product_cat":[1508,1546,6737,1032,1493,1210,511,6736],"product_tag":[1547],"class_list":{"0":"post-219489","1":"product","2":"type-product","3":"status-publish","4":"has-post-thumbnail","6":"product_cat-aetherische-oele-living-libations","7":"product_cat-essential-oils-living-libations-de","8":"product_cat-essential-oils-de-2","9":"product_cat-kategorien","10":"product_cat-living-libations-deutschland","11":"product_cat-marken","12":"product_cat-produkte","13":"product_cat-wellness-de","14":"product_tag-essential-oil-de","15":"pa_brand-livinglibations-de","16":"pa_essential-oils-product-type-essential-oil-blends-de","17":"pa_size-5-ml-de","18":"pa_size-15-ml-de-2","20":"first","21":"instock","22":"taxable","23":"shipping-taxable","24":"purchasable","25":"product-type-variable"},"bundled_by":[],"bundle_stock_status":"instock","bundle_stock_quantity":null,"bundle_virtual":false,"bundle_layout":"","bundle_add_to_cart_form_location":"","bundle_editable_in_cart":false,"bundle_sold_individually_context":"","bundle_item_grouping":"","bundle_min_size":"","bundle_max_size":"","bundle_price":[],"bundled_items":[],"bundle_sell_ids":[],"atum_controlled":true,"out_stock_date":null,"out_stock_threshold":null,"inheritable":true,"stock_on_hold":0,"sold_today":0,"sales_last_days":0,"out_stock_days":0,"lost_sales":0,"update_date":"2026-04-05T01:46:15","atum_locations":[],"atum_stock_status":"instock","restock_status":false,"low_stock_amount":"","sales_update_date":"2026-04-05T01:46:15","calc_backorders":null,"group_of_quantity":0,"min_quantity":0,"max_quantity":"","exclude_order_quantity_value_rules":"no","exclude_category_quantity_rules":"no","combine_variations":"no","yoast_head":"<!-- This site is optimized with the Yoast SEO Premium plugin v26.5 (Yoast SEO v26.5) - https:\/\/yoast.com\/wordpress\/plugins\/seo\/ -->\n<title>Looking for Peppermint, Yakima Valley Essential Oil ? - Living Libations<\/title>\n<meta name=\"description\" content=\"Diese sommerliche, weichere und s\u00fc\u00dfere Version unserer starken, durchdringenden Pfefferminze hat ein erfrischendes, krautiges Aroma mit einem klassischen, kandierten Hauch von Minze.\" \/>\n<meta name=\"robots\" content=\"index, follow, max-snippet:-1, max-image-preview:large, max-video-preview:-1\" \/>\n<link rel=\"canonical\" href=\"https:\/\/dutchhealthstore.com\/de\/product\/peppermint-yakima-valley-essential-oil\/\" \/>\n<meta property=\"og:locale\" content=\"de_DE\" \/>\n<meta property=\"og:type\" content=\"article\" \/>\n<meta property=\"og:title\" content=\"Peppermint, Yakima Valley Essential Oil - Dutch Health Store\" \/>\n<meta property=\"og:description\" content=\"Diese sommerliche, weichere und s\u00fc\u00dfere Version unserer starken, durchdringenden Pfefferminze hat ein erfrischendes, krautiges Aroma mit einem klassischen, kandierten Hauch von Minze.\" \/>\n<meta property=\"og:url\" content=\"https:\/\/dutchhealthstore.com\/de\/product\/peppermint-yakima-valley-essential-oil\/\" \/>\n<meta property=\"og:site_name\" content=\"Dutch Health Store\" \/>\n<meta property=\"article:publisher\" content=\"https:\/\/www.instagram.com\/dutchhealthstore\/\" \/>\n<meta property=\"article:modified_time\" content=\"2025-12-11T08:43:27+00:00\" \/>\n<meta property=\"og:image\" content=\"https:\/\/dutchhealthstore.com\/wp-content\/uploads\/2022\/09\/LLpeppermintyakima.jpg\" \/>\n\t<meta property=\"og:image:width\" content=\"500\" \/>\n\t<meta property=\"og:image:height\" content=\"500\" \/>\n\t<meta property=\"og:image:type\" content=\"image\/jpeg\" \/>\n<meta name=\"twitter:card\" content=\"summary_large_image\" \/>\n<meta name=\"twitter:label1\" content=\"Verf\u00fcgbarkeit\" \/>\n\t<meta name=\"twitter:data1\" content=\"Auf Lager\" \/>\n<script type=\"application\/ld+json\" class=\"yoast-schema-graph\">{\"@context\":\"https:\/\/schema.org\",\"@graph\":[{\"@type\":\"WebPage\",\"@id\":\"https:\/\/dutchhealthstore.com\/de\/product\/peppermint-yakima-valley-essential-oil\/\",\"url\":\"https:\/\/dutchhealthstore.com\/de\/product\/peppermint-yakima-valley-essential-oil\/\",\"name\":\"Looking for Peppermint, Yakima Valley Essential Oil ? - Living Libations\",\"isPartOf\":{\"@id\":\"https:\/\/dutchhealthstore.com\/de\/#website\"},\"primaryImageOfPage\":{\"@id\":\"https:\/\/dutchhealthstore.com\/de\/product\/peppermint-yakima-valley-essential-oil\/#primaryimage\"},\"image\":{\"@id\":\"https:\/\/dutchhealthstore.com\/de\/product\/peppermint-yakima-valley-essential-oil\/#primaryimage\"},\"thumbnailUrl\":\"https:\/\/dutchhealthstore.com\/wp-content\/uploads\/2022\/09\/LLpeppermintyakima.jpg\",\"datePublished\":\"2022-09-05T05:59:24+00:00\",\"dateModified\":\"2025-12-11T08:43:27+00:00\",\"description\":\"Diese sommerliche, weichere und s\u00fc\u00dfere Version unserer starken, durchdringenden Pfefferminze hat ein erfrischendes, krautiges Aroma mit einem klassischen, kandierten Hauch von Minze.\",\"breadcrumb\":{\"@id\":\"https:\/\/dutchhealthstore.com\/de\/product\/peppermint-yakima-valley-essential-oil\/#breadcrumb\"},\"inLanguage\":\"de\",\"potentialAction\":[{\"@type\":\"ReadAction\",\"target\":[\"https:\/\/dutchhealthstore.com\/de\/product\/peppermint-yakima-valley-essential-oil\/\"]}]},{\"@type\":\"ImageObject\",\"inLanguage\":\"de\",\"@id\":\"https:\/\/dutchhealthstore.com\/de\/product\/peppermint-yakima-valley-essential-oil\/#primaryimage\",\"url\":\"https:\/\/dutchhealthstore.com\/wp-content\/uploads\/2022\/09\/LLpeppermintyakima.jpg\",\"contentUrl\":\"https:\/\/dutchhealthstore.com\/wp-content\/uploads\/2022\/09\/LLpeppermintyakima.jpg\",\"width\":500,\"height\":500,\"caption\":\"LLpeppermintyakima\"},{\"@type\":\"BreadcrumbList\",\"@id\":\"https:\/\/dutchhealthstore.com\/de\/product\/peppermint-yakima-valley-essential-oil\/#breadcrumb\",\"itemListElement\":[{\"@type\":\"ListItem\",\"position\":1,\"name\":\"Home\",\"item\":\"https:\/\/dutchhealthstore.com\/de\/\"},{\"@type\":\"ListItem\",\"position\":2,\"name\":\"Shop\",\"item\":\"https:\/\/dutchhealthstore.com\/de\/shop-2\/\"},{\"@type\":\"ListItem\",\"position\":3,\"name\":\"Peppermint, Yakima Valley Essential Oil\"}]},{\"@type\":\"WebSite\",\"@id\":\"https:\/\/dutchhealthstore.com\/de\/#website\",\"url\":\"https:\/\/dutchhealthstore.com\/de\/\",\"name\":\"Dutch Health Store\",\"description\":\"Enhance Your Beauty with Organic &amp; Natural Skincare\",\"publisher\":{\"@id\":\"https:\/\/dutchhealthstore.com\/de\/#organization\"},\"potentialAction\":[{\"@type\":\"SearchAction\",\"target\":{\"@type\":\"EntryPoint\",\"urlTemplate\":\"https:\/\/dutchhealthstore.com\/de\/?s={search_term_string}\"},\"query-input\":{\"@type\":\"PropertyValueSpecification\",\"valueRequired\":true,\"valueName\":\"search_term_string\"}}],\"inLanguage\":\"de\"},{\"@type\":\"Organization\",\"@id\":\"https:\/\/dutchhealthstore.com\/de\/#organization\",\"name\":\"Dutch Health Store\",\"url\":\"https:\/\/dutchhealthstore.com\/de\/\",\"logo\":{\"@type\":\"ImageObject\",\"inLanguage\":\"de\",\"@id\":\"https:\/\/dutchhealthstore.com\/de\/#\/schema\/logo\/image\/\",\"url\":\"https:\/\/dutchhealthstore.com\/wp-content\/uploads\/2020\/08\/logo-dutchhealthstore-jpg-e1599484957574.jpg\",\"contentUrl\":\"https:\/\/dutchhealthstore.com\/wp-content\/uploads\/2020\/08\/logo-dutchhealthstore-jpg-e1599484957574.jpg\",\"width\":400,\"height\":62,\"caption\":\"Dutch Health Store\"},\"image\":{\"@id\":\"https:\/\/dutchhealthstore.com\/de\/#\/schema\/logo\/image\/\"},\"sameAs\":[\"https:\/\/www.instagram.com\/dutchhealthstore\/\",\"https:\/\/www.facebook.com\/dutchhealthstore\"]}]}<\/script>\n<meta property=\"product:brand\" content=\"Living Libations\" \/>\n<meta property=\"og:availability\" content=\"instock\" \/>\n<meta property=\"product:availability\" content=\"instock\" \/>\n<meta property=\"product:condition\" content=\"new\" \/>\n<!-- \/ Yoast SEO Premium plugin. -->","yoast_head_json":{"title":"Looking for Peppermint, Yakima Valley Essential Oil ? - Living Libations","description":"Diese sommerliche, weichere und s\u00fc\u00dfere Version unserer starken, durchdringenden Pfefferminze hat ein erfrischendes, krautiges Aroma mit einem klassischen, kandierten Hauch von Minze.","robots":{"index":"index","follow":"follow","max-snippet":"max-snippet:-1","max-image-preview":"max-image-preview:large","max-video-preview":"max-video-preview:-1"},"canonical":"https:\/\/dutchhealthstore.com\/de\/product\/peppermint-yakima-valley-essential-oil\/","og_locale":"de_DE","og_type":"article","og_title":"Peppermint, Yakima Valley Essential Oil - Dutch Health Store","og_description":"Diese sommerliche, weichere und s\u00fc\u00dfere Version unserer starken, durchdringenden Pfefferminze hat ein erfrischendes, krautiges Aroma mit einem klassischen, kandierten Hauch von Minze.","og_url":"https:\/\/dutchhealthstore.com\/de\/product\/peppermint-yakima-valley-essential-oil\/","og_site_name":"Dutch Health Store","article_publisher":"https:\/\/www.instagram.com\/dutchhealthstore\/","article_modified_time":"2025-12-11T08:43:27+00:00","og_image":[{"width":500,"height":500,"url":"https:\/\/dutchhealthstore.com\/wp-content\/uploads\/2022\/09\/LLpeppermintyakima.jpg","type":"image\/jpeg"}],"twitter_card":"summary_large_image","twitter_misc":{"Verf\u00fcgbarkeit":"Auf Lager"},"schema":{"@context":"https:\/\/schema.org","@graph":[{"@type":"WebPage","@id":"https:\/\/dutchhealthstore.com\/de\/product\/peppermint-yakima-valley-essential-oil\/","url":"https:\/\/dutchhealthstore.com\/de\/product\/peppermint-yakima-valley-essential-oil\/","name":"Looking for Peppermint, Yakima Valley Essential Oil ? - Living Libations","isPartOf":{"@id":"https:\/\/dutchhealthstore.com\/de\/#website"},"primaryImageOfPage":{"@id":"https:\/\/dutchhealthstore.com\/de\/product\/peppermint-yakima-valley-essential-oil\/#primaryimage"},"image":{"@id":"https:\/\/dutchhealthstore.com\/de\/product\/peppermint-yakima-valley-essential-oil\/#primaryimage"},"thumbnailUrl":"https:\/\/dutchhealthstore.com\/wp-content\/uploads\/2022\/09\/LLpeppermintyakima.jpg","datePublished":"2022-09-05T05:59:24+00:00","dateModified":"2025-12-11T08:43:27+00:00","description":"Diese sommerliche, weichere und s\u00fc\u00dfere Version unserer starken, durchdringenden Pfefferminze hat ein erfrischendes, krautiges Aroma mit einem klassischen, kandierten Hauch von Minze.","breadcrumb":{"@id":"https:\/\/dutchhealthstore.com\/de\/product\/peppermint-yakima-valley-essential-oil\/#breadcrumb"},"inLanguage":"de","potentialAction":[{"@type":"ReadAction","target":["https:\/\/dutchhealthstore.com\/de\/product\/peppermint-yakima-valley-essential-oil\/"]}]},{"@type":"ImageObject","inLanguage":"de","@id":"https:\/\/dutchhealthstore.com\/de\/product\/peppermint-yakima-valley-essential-oil\/#primaryimage","url":"https:\/\/dutchhealthstore.com\/wp-content\/uploads\/2022\/09\/LLpeppermintyakima.jpg","contentUrl":"https:\/\/dutchhealthstore.com\/wp-content\/uploads\/2022\/09\/LLpeppermintyakima.jpg","width":500,"height":500,"caption":"LLpeppermintyakima"},{"@type":"BreadcrumbList","@id":"https:\/\/dutchhealthstore.com\/de\/product\/peppermint-yakima-valley-essential-oil\/#breadcrumb","itemListElement":[{"@type":"ListItem","position":1,"name":"Home","item":"https:\/\/dutchhealthstore.com\/de\/"},{"@type":"ListItem","position":2,"name":"Shop","item":"https:\/\/dutchhealthstore.com\/de\/shop-2\/"},{"@type":"ListItem","position":3,"name":"Peppermint, Yakima Valley Essential Oil"}]},{"@type":"WebSite","@id":"https:\/\/dutchhealthstore.com\/de\/#website","url":"https:\/\/dutchhealthstore.com\/de\/","name":"Dutch Health Store","description":"Enhance Your Beauty with Organic &amp; Natural Skincare","publisher":{"@id":"https:\/\/dutchhealthstore.com\/de\/#organization"},"potentialAction":[{"@type":"SearchAction","target":{"@type":"EntryPoint","urlTemplate":"https:\/\/dutchhealthstore.com\/de\/?s={search_term_string}"},"query-input":{"@type":"PropertyValueSpecification","valueRequired":true,"valueName":"search_term_string"}}],"inLanguage":"de"},{"@type":"Organization","@id":"https:\/\/dutchhealthstore.com\/de\/#organization","name":"Dutch Health Store","url":"https:\/\/dutchhealthstore.com\/de\/","logo":{"@type":"ImageObject","inLanguage":"de","@id":"https:\/\/dutchhealthstore.com\/de\/#\/schema\/logo\/image\/","url":"https:\/\/dutchhealthstore.com\/wp-content\/uploads\/2020\/08\/logo-dutchhealthstore-jpg-e1599484957574.jpg","contentUrl":"https:\/\/dutchhealthstore.com\/wp-content\/uploads\/2020\/08\/logo-dutchhealthstore-jpg-e1599484957574.jpg","width":400,"height":62,"caption":"Dutch Health Store"},"image":{"@id":"https:\/\/dutchhealthstore.com\/de\/#\/schema\/logo\/image\/"},"sameAs":["https:\/\/www.instagram.com\/dutchhealthstore\/","https:\/\/www.facebook.com\/dutchhealthstore"]}]},"product_brand":"Living Libations","og_availability":"instock","product_availability":"instock","product_condition":"new"},"_links":{"self":[{"href":"https:\/\/dutchhealthstore.com\/de\/wp-json\/wp\/v2\/product\/219489","targetHints":{"allow":["GET"]}}],"collection":[{"href":"https:\/\/dutchhealthstore.com\/de\/wp-json\/wp\/v2\/product"}],"about":[{"href":"https:\/\/dutchhealthstore.com\/de\/wp-json\/wp\/v2\/types\/product"}],"replies":[{"embeddable":true,"href":"https:\/\/dutchhealthstore.com\/de\/wp-json\/wp\/v2\/comments?post=219489"}],"wp:featuredmedia":[{"embeddable":true,"href":"https:\/\/dutchhealthstore.com\/de\/wp-json\/wp\/v2\/media\/217961"}],"wp:attachment":[{"href":"https:\/\/dutchhealthstore.com\/de\/wp-json\/wp\/v2\/media?parent=219489"}],"wp:term":[{"taxonomy":"product_brand","embeddable":true,"href":"https:\/\/dutchhealthstore.com\/de\/wp-json\/wp\/v2\/product_brand?post=219489"},{"taxonomy":"product_cat","embeddable":true,"href":"https:\/\/dutchhealthstore.com\/de\/wp-json\/wp\/v2\/product_cat?post=219489"},{"taxonomy":"product_tag","embeddable":true,"href":"https:\/\/dutchhealthstore.com\/de\/wp-json\/wp\/v2\/product_tag?post=219489"}],"curies":[{"name":"wp","href":"https:\/\/api.w.org\/{rel}","templated":true}]}}