{"id":219462,"date":"2022-09-05T13:48:17","date_gmt":"2022-09-05T13:48:17","guid":{"rendered":"https:\/\/dutchhealthstore.com\/product\/premium-bee-bread-ambrosia-perga-medicinal-quality\/"},"modified":"2026-01-05T15:06:18","modified_gmt":"2026-01-05T14:06:18","slug":"premium-bee-bread-ambrosia-perga-medicinal-quality","status":"publish","type":"product","link":"https:\/\/dutchhealthstore.com\/de\/product\/premium-bee-bread-ambrosia-perga-medicinal-quality\/","title":{"rendered":"Premium Bee Bread (Ambrosia \/ Perga) Medicinal Quality"},"content":{"rendered":"<p>Es handelt sich um eine nat\u00fcrlich vorkommende Chemikalie, die die Bienen als leistungsstarke Nahrungsquelle f\u00fcr ihre Nachkommen produzieren. Es ist eine alchemistische Mischung aus etwa 25 % Honig und 75 % von Bienen gesammelten Pollen.<\/p>\n<p>Diese Mischung wird durch die im Bienenspeichel enthaltenen Enzyme zusammengehalten, die den Pollen mit einer Vielzahl nat\u00fcrlicher probiotischer Bakterien und Hefen durchtr\u00e4nken und den Prozess der Fermentation und Vorverdauung in Gang setzen, was zu einem hochgradig bioverf\u00fcgbaren Endprodukt f\u00fcr Bienen und Menschen f\u00fchrt!<\/p>\n<p>Sie k\u00f6nnen sicher sein, ein reines, hochwirksames, von Bienen hergestelltes Heilmittel f\u00fcr Ihr Wohlbefinden und Ihre Gesundheit zu erhalten, wenn Sie unser nat\u00fcrlich gesammeltes Bienenbrot verwenden, das direkt aus den Bienenst\u00f6cken entnommen, kurz vor der Verwendung gepfl\u00fcckt und aus einem Gebiet ohne Verschmutzung und Verst\u00e4dterung gewonnen wird.<\/p>\n<p>Bee bread ist eines der \u00e4ltesten bekannten Nahrungserg\u00e4nzungsmittel der Welt und wird seit Jahrtausenden verwendet und gesch\u00e4tzt. Im Vergleich zu Bienenpollen hat Bienenbrot die vierfache Bioverf\u00fcgbarkeit. Die American Apitherapy Society behauptet, dass fast alle olympischen Athleten in der Welt diese Methode anwenden. Sowohl die alten Chinesen als auch die fr\u00fchen \u00c4gypter hielten ihn f\u00fcr ein Heilmittel und ein Verj\u00fcngungsmittel.<\/p>\n<h3><strong>Wie benutzt man <\/strong><\/h3>\n<p>Das Bee bread kann direkt aus dem Beutel verzehrt werden. Wir raten davon ab, mehr als 1 Teel\u00f6ffel dreimal t\u00e4glich einzunehmen, da es sich um einen starken Inhaltsstoff handelt.<\/p>\n<p>Wir empfehlen, das Granulat so lange wie m\u00f6glich im Mund aufzul\u00f6sen, um den maximalen Geschmack aus dem Bienenbrot herauszuholen. Auf diese Weise werden die n\u00fctzlichen Stoffe schon in der Mundschleimhaut aufgenommen, bevor sie in den Verdauungsprozess \u00fcbergehen.<\/p>\n<p>Ein traditionelles Sprichwort lautet: &#8222;A teaspoon of bee bread a day, keeps a doctor away&#8220;.<\/p>\n<h3><strong>Gr\u00f6\u00dfe: 100 gr und 250 gr<\/strong><\/h3>\n<h3><strong>Zutaten <\/strong><\/h3>\n<p>Reines Bienenbrot<\/p>\n<p>Schonend getrocknet, ohne Zusatz von F\u00fcllstoffen oder Konservierungsmitteln.<br \/>\nDas Produkt wird sorgf\u00e4ltig aus Lettland bezogen.<\/p>\n<p>&nbsp;<\/p>\n","protected":false},"excerpt":{"rendered":"<p>Bienenbrot wird auch als Perga oder Ambrosia (Speise der G\u00f6tter) bezeichnet. Es handelt sich um eine nat\u00fcrlich vorkommende Chemikalie, die die Bienen als leistungsstarke Nahrungsquelle f\u00fcr ihre Nachkommen produzieren. Es ist eine alchemistische Mischung aus etwa 25 % Honig und 75 % von Bienen gesammelten Pollen.<\/p>\n","protected":false},"featured_media":218235,"comment_status":"open","ping_status":"closed","template":"","meta":[],"product_brand":[],"product_cat":[9694,6766,8473,6761,1032,1210,4618,8472,8982,511,6747,4632,8789,6736],"product_tag":[21605,21522,21521,21523],"class_list":{"0":"post-219462","1":"product","2":"type-product","3":"status-publish","4":"has-post-thumbnail","6":"product_cat-berries-fruits-other-food-de-2","7":"product_cat-energy-vitality-de-2","8":"product_cat-health-de-2","9":"product_cat-remedies-de-2","10":"product_cat-kategorien","11":"product_cat-marken","12":"product_cat-navi-organics-de","13":"product_cat-nutrition-de","14":"product_cat-optimum-health-de-2","15":"product_cat-produkte","16":"product_cat-mood-de-2","17":"product_cat-superfoods-de-2","18":"product_cat-superfoods-herbals-de-2","19":"product_cat-wellness-de","20":"product_tag-energie-de","21":"product_tag-optimale-gesundheit","22":"product_tag-superfood-de","23":"product_tag-verdauung","24":"pa_brand-naviorganics-de","25":"pa_gtin-6096415182107-de","26":"pa_size-100-gr-de","27":"pa_size-250-gr-de","29":"first","30":"outofstock","31":"taxable","32":"shipping-taxable","33":"purchasable","34":"product-type-variable"},"bundled_by":[],"bundle_stock_status":"outofstock","bundle_stock_quantity":null,"bundle_virtual":false,"bundle_layout":"","bundle_add_to_cart_form_location":"","bundle_editable_in_cart":false,"bundle_sold_individually_context":"","bundle_item_grouping":"","bundle_min_size":"","bundle_max_size":"","bundle_price":[],"bundled_items":[],"bundle_sell_ids":[351314],"atum_controlled":true,"out_stock_date":null,"out_stock_threshold":null,"inheritable":true,"stock_on_hold":0,"sold_today":0,"sales_last_days":0,"out_stock_days":0,"lost_sales":0,"update_date":"2026-04-06T01:47:02","atum_locations":[],"atum_stock_status":"outofstock","restock_status":false,"low_stock_amount":"","sales_update_date":"2026-04-06T01:47:02","calc_backorders":null,"group_of_quantity":0,"min_quantity":0,"max_quantity":"","exclude_order_quantity_value_rules":"no","exclude_category_quantity_rules":"no","combine_variations":"no","yoast_head":"<!-- This site is optimized with the Yoast SEO Premium plugin v26.5 (Yoast SEO v26.5) - https:\/\/yoast.com\/wordpress\/plugins\/seo\/ -->\n<title>Auf der Suche nach Premium Bee Bread (Ambrosia \/ Perga) Medicinal Quality? Bestellen Sie Premium Bee Bread (Ambrosia \/ Perga) Medicinal Quality heute bei Dutch Health Store. Pers\u00f6nlicher Kontakt &amp; schnelle Versand.<\/title>\n<meta name=\"description\" content=\"Bee Bread wird auch als Perga oder Ambrosia (Speise der G\u00f6tter) bezeichnet.\" \/>\n<meta name=\"robots\" content=\"index, follow, max-snippet:-1, max-image-preview:large, max-video-preview:-1\" \/>\n<link rel=\"canonical\" href=\"https:\/\/dutchhealthstore.com\/de\/product\/premium-bee-bread-ambrosia-perga-medicinal-quality\/\" \/>\n<meta property=\"og:locale\" content=\"de_DE\" \/>\n<meta property=\"og:type\" content=\"article\" \/>\n<meta property=\"og:title\" content=\"Premium Bee Bread (Ambrosia \/ Perga) Medicinal Quality - Dutch Health Store\" \/>\n<meta property=\"og:description\" content=\"Bee Bread wird auch als Perga oder Ambrosia (Speise der G\u00f6tter) bezeichnet.\" \/>\n<meta property=\"og:url\" content=\"https:\/\/dutchhealthstore.com\/de\/product\/premium-bee-bread-ambrosia-perga-medicinal-quality\/\" \/>\n<meta property=\"og:site_name\" content=\"Dutch Health Store\" \/>\n<meta property=\"article:publisher\" content=\"https:\/\/www.instagram.com\/dutchhealthstore\/\" \/>\n<meta property=\"article:modified_time\" content=\"2026-01-05T14:06:18+00:00\" \/>\n<meta property=\"og:image\" content=\"https:\/\/dutchhealthstore.com\/wp-content\/uploads\/2022\/09\/navibeebread10gram.jpg\" \/>\n\t<meta property=\"og:image:width\" content=\"500\" \/>\n\t<meta property=\"og:image:height\" content=\"500\" \/>\n\t<meta property=\"og:image:type\" content=\"image\/jpeg\" \/>\n<meta name=\"twitter:card\" content=\"summary_large_image\" \/>\n<meta name=\"twitter:label1\" content=\"Verf\u00fcgbarkeit\" \/>\n\t<meta name=\"twitter:data1\" content=\"ausverkauft\" \/>\n<script type=\"application\/ld+json\" class=\"yoast-schema-graph\">{\"@context\":\"https:\/\/schema.org\",\"@graph\":[{\"@type\":\"WebPage\",\"@id\":\"https:\/\/dutchhealthstore.com\/de\/product\/premium-bee-bread-ambrosia-perga-medicinal-quality\/\",\"url\":\"https:\/\/dutchhealthstore.com\/de\/product\/premium-bee-bread-ambrosia-perga-medicinal-quality\/\",\"name\":\"Auf der Suche nach Premium Bee Bread (Ambrosia \/ Perga) Medicinal Quality? Bestellen Sie Premium Bee Bread (Ambrosia \/ Perga) Medicinal Quality heute bei Dutch Health Store. Pers\u00f6nlicher Kontakt & schnelle Versand.\",\"isPartOf\":{\"@id\":\"https:\/\/dutchhealthstore.com\/de\/#website\"},\"primaryImageOfPage\":{\"@id\":\"https:\/\/dutchhealthstore.com\/de\/product\/premium-bee-bread-ambrosia-perga-medicinal-quality\/#primaryimage\"},\"image\":{\"@id\":\"https:\/\/dutchhealthstore.com\/de\/product\/premium-bee-bread-ambrosia-perga-medicinal-quality\/#primaryimage\"},\"thumbnailUrl\":\"https:\/\/dutchhealthstore.com\/wp-content\/uploads\/2022\/09\/navibeebread10gram.jpg\",\"datePublished\":\"2022-09-05T13:48:17+00:00\",\"dateModified\":\"2026-01-05T14:06:18+00:00\",\"description\":\"Bee Bread wird auch als Perga oder Ambrosia (Speise der G\u00f6tter) bezeichnet.\",\"breadcrumb\":{\"@id\":\"https:\/\/dutchhealthstore.com\/de\/product\/premium-bee-bread-ambrosia-perga-medicinal-quality\/#breadcrumb\"},\"inLanguage\":\"de\",\"potentialAction\":[{\"@type\":\"ReadAction\",\"target\":[\"https:\/\/dutchhealthstore.com\/de\/product\/premium-bee-bread-ambrosia-perga-medicinal-quality\/\"]}]},{\"@type\":\"ImageObject\",\"inLanguage\":\"de\",\"@id\":\"https:\/\/dutchhealthstore.com\/de\/product\/premium-bee-bread-ambrosia-perga-medicinal-quality\/#primaryimage\",\"url\":\"https:\/\/dutchhealthstore.com\/wp-content\/uploads\/2022\/09\/navibeebread10gram.jpg\",\"contentUrl\":\"https:\/\/dutchhealthstore.com\/wp-content\/uploads\/2022\/09\/navibeebread10gram.jpg\",\"width\":500,\"height\":500,\"caption\":\"navibeebread10gram\"},{\"@type\":\"BreadcrumbList\",\"@id\":\"https:\/\/dutchhealthstore.com\/de\/product\/premium-bee-bread-ambrosia-perga-medicinal-quality\/#breadcrumb\",\"itemListElement\":[{\"@type\":\"ListItem\",\"position\":1,\"name\":\"Home\",\"item\":\"https:\/\/dutchhealthstore.com\/de\/\"},{\"@type\":\"ListItem\",\"position\":2,\"name\":\"Shop\",\"item\":\"https:\/\/dutchhealthstore.com\/de\/shop-2\/\"},{\"@type\":\"ListItem\",\"position\":3,\"name\":\"Premium Bee Bread (Ambrosia \/ Perga) Medicinal Quality\"}]},{\"@type\":\"WebSite\",\"@id\":\"https:\/\/dutchhealthstore.com\/de\/#website\",\"url\":\"https:\/\/dutchhealthstore.com\/de\/\",\"name\":\"Dutch Health Store\",\"description\":\"Enhance Your Beauty with Organic &amp; Natural Skincare\",\"publisher\":{\"@id\":\"https:\/\/dutchhealthstore.com\/de\/#organization\"},\"potentialAction\":[{\"@type\":\"SearchAction\",\"target\":{\"@type\":\"EntryPoint\",\"urlTemplate\":\"https:\/\/dutchhealthstore.com\/de\/?s={search_term_string}\"},\"query-input\":{\"@type\":\"PropertyValueSpecification\",\"valueRequired\":true,\"valueName\":\"search_term_string\"}}],\"inLanguage\":\"de\"},{\"@type\":\"Organization\",\"@id\":\"https:\/\/dutchhealthstore.com\/de\/#organization\",\"name\":\"Dutch Health Store\",\"url\":\"https:\/\/dutchhealthstore.com\/de\/\",\"logo\":{\"@type\":\"ImageObject\",\"inLanguage\":\"de\",\"@id\":\"https:\/\/dutchhealthstore.com\/de\/#\/schema\/logo\/image\/\",\"url\":\"https:\/\/dutchhealthstore.com\/wp-content\/uploads\/2020\/08\/logo-dutchhealthstore-jpg-e1599484957574.jpg\",\"contentUrl\":\"https:\/\/dutchhealthstore.com\/wp-content\/uploads\/2020\/08\/logo-dutchhealthstore-jpg-e1599484957574.jpg\",\"width\":400,\"height\":62,\"caption\":\"Dutch Health Store\"},\"image\":{\"@id\":\"https:\/\/dutchhealthstore.com\/de\/#\/schema\/logo\/image\/\"},\"sameAs\":[\"https:\/\/www.instagram.com\/dutchhealthstore\/\",\"https:\/\/www.facebook.com\/dutchhealthstore\"]}]}<\/script>\n<meta property=\"product:brand\" content=\"Na\u00b4Vi Organics\" \/>\n<meta property=\"og:availability\" content=\"out of stock\" \/>\n<meta property=\"product:availability\" content=\"out of stock\" \/>\n<meta property=\"product:condition\" content=\"new\" \/>\n<!-- \/ Yoast SEO Premium plugin. -->","yoast_head_json":{"title":"Auf der Suche nach Premium Bee Bread (Ambrosia \/ Perga) Medicinal Quality? Bestellen Sie Premium Bee Bread (Ambrosia \/ Perga) Medicinal Quality heute bei Dutch Health Store. Pers\u00f6nlicher Kontakt & schnelle Versand.","description":"Bee Bread wird auch als Perga oder Ambrosia (Speise der G\u00f6tter) bezeichnet.","robots":{"index":"index","follow":"follow","max-snippet":"max-snippet:-1","max-image-preview":"max-image-preview:large","max-video-preview":"max-video-preview:-1"},"canonical":"https:\/\/dutchhealthstore.com\/de\/product\/premium-bee-bread-ambrosia-perga-medicinal-quality\/","og_locale":"de_DE","og_type":"article","og_title":"Premium Bee Bread (Ambrosia \/ Perga) Medicinal Quality - Dutch Health Store","og_description":"Bee Bread wird auch als Perga oder Ambrosia (Speise der G\u00f6tter) bezeichnet.","og_url":"https:\/\/dutchhealthstore.com\/de\/product\/premium-bee-bread-ambrosia-perga-medicinal-quality\/","og_site_name":"Dutch Health Store","article_publisher":"https:\/\/www.instagram.com\/dutchhealthstore\/","article_modified_time":"2026-01-05T14:06:18+00:00","og_image":[{"width":500,"height":500,"url":"https:\/\/dutchhealthstore.com\/wp-content\/uploads\/2022\/09\/navibeebread10gram.jpg","type":"image\/jpeg"}],"twitter_card":"summary_large_image","twitter_misc":{"Verf\u00fcgbarkeit":"ausverkauft"},"schema":{"@context":"https:\/\/schema.org","@graph":[{"@type":"WebPage","@id":"https:\/\/dutchhealthstore.com\/de\/product\/premium-bee-bread-ambrosia-perga-medicinal-quality\/","url":"https:\/\/dutchhealthstore.com\/de\/product\/premium-bee-bread-ambrosia-perga-medicinal-quality\/","name":"Auf der Suche nach Premium Bee Bread (Ambrosia \/ Perga) Medicinal Quality? Bestellen Sie Premium Bee Bread (Ambrosia \/ Perga) Medicinal Quality heute bei Dutch Health Store. Pers\u00f6nlicher Kontakt & schnelle Versand.","isPartOf":{"@id":"https:\/\/dutchhealthstore.com\/de\/#website"},"primaryImageOfPage":{"@id":"https:\/\/dutchhealthstore.com\/de\/product\/premium-bee-bread-ambrosia-perga-medicinal-quality\/#primaryimage"},"image":{"@id":"https:\/\/dutchhealthstore.com\/de\/product\/premium-bee-bread-ambrosia-perga-medicinal-quality\/#primaryimage"},"thumbnailUrl":"https:\/\/dutchhealthstore.com\/wp-content\/uploads\/2022\/09\/navibeebread10gram.jpg","datePublished":"2022-09-05T13:48:17+00:00","dateModified":"2026-01-05T14:06:18+00:00","description":"Bee Bread wird auch als Perga oder Ambrosia (Speise der G\u00f6tter) bezeichnet.","breadcrumb":{"@id":"https:\/\/dutchhealthstore.com\/de\/product\/premium-bee-bread-ambrosia-perga-medicinal-quality\/#breadcrumb"},"inLanguage":"de","potentialAction":[{"@type":"ReadAction","target":["https:\/\/dutchhealthstore.com\/de\/product\/premium-bee-bread-ambrosia-perga-medicinal-quality\/"]}]},{"@type":"ImageObject","inLanguage":"de","@id":"https:\/\/dutchhealthstore.com\/de\/product\/premium-bee-bread-ambrosia-perga-medicinal-quality\/#primaryimage","url":"https:\/\/dutchhealthstore.com\/wp-content\/uploads\/2022\/09\/navibeebread10gram.jpg","contentUrl":"https:\/\/dutchhealthstore.com\/wp-content\/uploads\/2022\/09\/navibeebread10gram.jpg","width":500,"height":500,"caption":"navibeebread10gram"},{"@type":"BreadcrumbList","@id":"https:\/\/dutchhealthstore.com\/de\/product\/premium-bee-bread-ambrosia-perga-medicinal-quality\/#breadcrumb","itemListElement":[{"@type":"ListItem","position":1,"name":"Home","item":"https:\/\/dutchhealthstore.com\/de\/"},{"@type":"ListItem","position":2,"name":"Shop","item":"https:\/\/dutchhealthstore.com\/de\/shop-2\/"},{"@type":"ListItem","position":3,"name":"Premium Bee Bread (Ambrosia \/ Perga) Medicinal Quality"}]},{"@type":"WebSite","@id":"https:\/\/dutchhealthstore.com\/de\/#website","url":"https:\/\/dutchhealthstore.com\/de\/","name":"Dutch Health Store","description":"Enhance Your Beauty with Organic &amp; Natural Skincare","publisher":{"@id":"https:\/\/dutchhealthstore.com\/de\/#organization"},"potentialAction":[{"@type":"SearchAction","target":{"@type":"EntryPoint","urlTemplate":"https:\/\/dutchhealthstore.com\/de\/?s={search_term_string}"},"query-input":{"@type":"PropertyValueSpecification","valueRequired":true,"valueName":"search_term_string"}}],"inLanguage":"de"},{"@type":"Organization","@id":"https:\/\/dutchhealthstore.com\/de\/#organization","name":"Dutch Health Store","url":"https:\/\/dutchhealthstore.com\/de\/","logo":{"@type":"ImageObject","inLanguage":"de","@id":"https:\/\/dutchhealthstore.com\/de\/#\/schema\/logo\/image\/","url":"https:\/\/dutchhealthstore.com\/wp-content\/uploads\/2020\/08\/logo-dutchhealthstore-jpg-e1599484957574.jpg","contentUrl":"https:\/\/dutchhealthstore.com\/wp-content\/uploads\/2020\/08\/logo-dutchhealthstore-jpg-e1599484957574.jpg","width":400,"height":62,"caption":"Dutch Health Store"},"image":{"@id":"https:\/\/dutchhealthstore.com\/de\/#\/schema\/logo\/image\/"},"sameAs":["https:\/\/www.instagram.com\/dutchhealthstore\/","https:\/\/www.facebook.com\/dutchhealthstore"]}]},"product_brand":"Na\u00b4Vi Organics","og_availability":"out of stock","product_availability":"out of stock","product_condition":"new"},"_links":{"self":[{"href":"https:\/\/dutchhealthstore.com\/de\/wp-json\/wp\/v2\/product\/219462","targetHints":{"allow":["GET"]}}],"collection":[{"href":"https:\/\/dutchhealthstore.com\/de\/wp-json\/wp\/v2\/product"}],"about":[{"href":"https:\/\/dutchhealthstore.com\/de\/wp-json\/wp\/v2\/types\/product"}],"replies":[{"embeddable":true,"href":"https:\/\/dutchhealthstore.com\/de\/wp-json\/wp\/v2\/comments?post=219462"}],"wp:featuredmedia":[{"embeddable":true,"href":"https:\/\/dutchhealthstore.com\/de\/wp-json\/wp\/v2\/media\/218235"}],"wp:attachment":[{"href":"https:\/\/dutchhealthstore.com\/de\/wp-json\/wp\/v2\/media?parent=219462"}],"wp:term":[{"taxonomy":"product_brand","embeddable":true,"href":"https:\/\/dutchhealthstore.com\/de\/wp-json\/wp\/v2\/product_brand?post=219462"},{"taxonomy":"product_cat","embeddable":true,"href":"https:\/\/dutchhealthstore.com\/de\/wp-json\/wp\/v2\/product_cat?post=219462"},{"taxonomy":"product_tag","embeddable":true,"href":"https:\/\/dutchhealthstore.com\/de\/wp-json\/wp\/v2\/product_tag?post=219462"}],"curies":[{"name":"wp","href":"https:\/\/api.w.org\/{rel}","templated":true}]}}