{"id":219455,"date":"2022-09-05T14:13:51","date_gmt":"2022-09-05T14:13:51","guid":{"rendered":"https:\/\/dutchhealthstore.com\/product\/ixcacao-heavenly-cacao-drops-from-hispaniola-fermented-beans\/"},"modified":"2026-01-05T15:06:23","modified_gmt":"2026-01-05T14:06:23","slug":"ixcacao-heavenly-cacao-drops-from-hispaniola-fermented-beans","status":"publish","type":"product","link":"https:\/\/dutchhealthstore.com\/de\/product\/ixcacao-heavenly-cacao-drops-from-hispaniola-fermented-beans\/","title":{"rendered":"IxCacao Heavenly Cacao Drops &#8211; from Hispaniola Fermented Beans"},"content":{"rendered":"<p>Reine, opulente Kakaopaste oder Lik\u00f6r. Reichhaltig, tiefgr\u00fcndig und angenehm fruchtig. Hergestellt mit der begehrten Bio-Hispaniola-Bohne.<\/p>\n<p>Kleine Kn\u00f6pfe, die in hei\u00dfer Milch schmelzen, um die beste hei\u00dfe Schokolade und alle Ihre Lieblingsrezepte zuzubereiten, sind perfekt zum Naschen.<\/p>\n<p>&#8222;Ixcacao&#8220; ist der Name der G\u00f6ttin des Kakaos, der Fortpflanzung, des Reichtums und der Freude. Eine geliebte G\u00f6ttin, die wegen ihres Mitgef\u00fchls verehrt wurde und \u00fcber die Felder wachte, wurde auch als K\u00f6nigin der Liebe und der Lust bezeichnet. Diese k\u00f6stlichen Kakaotropfen, die von Natur aus reich an Antioxidantien sind und gleichzeitig k\u00f6stlich n\u00e4hren, k\u00f6nnten nicht besser sein.<\/p>\n<p>Hergestellt auf familiengef\u00fchrten Farmen in der Dominikanischen Republik, wo die Kakaopflanzen zum Schutz der Artenvielfalt unter einem Baldachin aus lokalen Avocado-, Zitrus- und Bananenb\u00e4umen angebaut werden.<\/p>\n<h3><strong>Wie benutzt man <\/strong><\/h3>\n<p>Diese opulenten Tr\u00f6pfchen haben einen reichen, nat\u00fcrlich fruchtigen Geschmack, der Ihnen einen wunderbaren Genuss direkt aus der T\u00fcte erm\u00f6glicht.<\/p>\n<p>Erzeugt die ideale, echte hei\u00dfe Schokolade! Etwa 10 Tropfen in Milch schmelzen lassen; sowohl in Nuss- als auch in Molkereimilch hervorragend. Zum S\u00fc\u00dfen k\u00f6nnen Sie unseren Bio-Rapadura verwenden. Reine G\u00fcte, frei von jeglichen Zusatzstoffen f\u00fcr eine beruhigende und vollst\u00e4ndig biologische hei\u00dfe Schokolade.<\/p>\n<p>Ideal f\u00fcr die Verwendung beim Backen und in Ihren Lieblingsrezepten.<\/p>\n<h3><strong>Gr\u00f6\u00dfe: 500 gr<\/strong><\/h3>\n<h3><strong>Zutaten <\/strong><\/h3>\n<ul>\n<li><span style=\"line-height: 1.4;\"><span style=\"line-height: 1.4;\">100% reiner Kakao &#8211; aus der Dominikanischen Republik.<br \/>\n<em>Ausschlie\u00dflich aus Bio-Hispaniola-Bohnen hergestellt (fermentiert und sonnengetrocknet)<\/em><\/span><\/span><\/li>\n<\/ul>\n<ul>\n<li><span style=\"line-height: 1.4;\">Bio<\/span><\/li>\n<li><span style=\"line-height: 1.4;\">Molkereifrei<\/span><\/li>\n<li><span style=\"line-height: 1.4;\">Zuckerfrei<\/span><\/li>\n<li><span style=\"line-height: 1.4;\">Glutenfrei  <\/span><\/li>\n<li><span style=\"line-height: 1.4;\">Vegetarisch &amp; Vegan<\/span><\/li>\n<li><span style=\"line-height: 1.4;\">Enth\u00e4lt keine Zusatzstoffe &#8211; 100% nat\u00fcrlich<\/span><\/li>\n<\/ul>\n<p>Ohne Zusatz von F\u00fcllstoffen oder Konservierungsmitteln.<br \/>\nSorgf\u00e4ltig ausgew\u00e4hltes Produkt aus der Dominikanischen Republik.<\/p>\n","protected":false},"excerpt":{"rendered":"<p>Reine, opulente Kakaopaste oder Lik\u00f6r. Reichhaltig, tiefgr\u00fcndig und angenehm fruchtig. Hergestellt mit der begehrten Bio-Hispaniola-Bohne.<\/p>\n","protected":false},"featured_media":218246,"comment_status":"open","ping_status":"closed","template":"","meta":[],"product_brand":[],"product_cat":[9694,8473,1032,1210,4618,8472,511,8790,6747,4632,8789,6736],"product_tag":[21605,21535,21522,21521],"class_list":{"0":"post-219455","1":"product","2":"type-product","3":"status-publish","4":"has-post-thumbnail","6":"product_cat-berries-fruits-other-food-de-2","7":"product_cat-health-de-2","8":"product_cat-kategorien","9":"product_cat-marken","10":"product_cat-navi-organics-de","11":"product_cat-nutrition-de","12":"product_cat-produkte","13":"product_cat-chocolate-de","14":"product_cat-mood-de-2","15":"product_cat-superfoods-de-2","16":"product_cat-superfoods-herbals-de-2","17":"product_cat-wellness-de","18":"product_tag-energie-de","19":"product_tag-geist","20":"product_tag-optimale-gesundheit","21":"product_tag-superfood-de","22":"pa_brand-naviorganics-de","23":"pa_gtin-6096423969905-de","24":"pa_size-500-g-de","26":"first","27":"instock","28":"taxable","29":"shipping-taxable","30":"purchasable","31":"product-type-variable"},"bundled_by":[],"bundle_stock_status":"instock","bundle_stock_quantity":null,"bundle_virtual":false,"bundle_layout":"","bundle_add_to_cart_form_location":"","bundle_editable_in_cart":false,"bundle_sold_individually_context":"","bundle_item_grouping":"","bundle_min_size":"","bundle_max_size":"","bundle_price":[],"bundled_items":[],"bundle_sell_ids":[351314],"atum_controlled":true,"out_stock_date":null,"out_stock_threshold":null,"inheritable":true,"stock_on_hold":0,"sold_today":0,"sales_last_days":0,"out_stock_days":0,"lost_sales":0,"update_date":"2026-04-09T01:48:44","atum_locations":[],"atum_stock_status":"instock","restock_status":false,"low_stock_amount":"","sales_update_date":"2026-04-09T01:48:44","calc_backorders":null,"group_of_quantity":0,"min_quantity":0,"max_quantity":"","exclude_order_quantity_value_rules":"no","exclude_category_quantity_rules":"no","combine_variations":"no","yoast_head":"<!-- This site is optimized with the Yoast SEO Premium plugin v26.5 (Yoast SEO v26.5) - https:\/\/yoast.com\/wordpress\/plugins\/seo\/ -->\n<title>Looking for IxCacao Heavenly Cacao Drops - from Hispaniola Fermented Beans ? - Na&#039;vi Organics<\/title>\n<meta name=\"description\" content=\"Reine, opulente Kakaopaste oder Lik\u00f6r. Reichhaltig, tiefgr\u00fcndig und angenehm fruchtig. Hergestellt mit der begehrten Bio-Hispaniola-Bohne.\" \/>\n<meta name=\"robots\" content=\"index, follow, max-snippet:-1, max-image-preview:large, max-video-preview:-1\" \/>\n<link rel=\"canonical\" href=\"https:\/\/dutchhealthstore.com\/de\/product\/ixcacao-heavenly-cacao-drops-from-hispaniola-fermented-beans\/\" \/>\n<meta property=\"og:locale\" content=\"de_DE\" \/>\n<meta property=\"og:type\" content=\"article\" \/>\n<meta property=\"og:title\" content=\"IxCacao Heavenly Cacao Drops - from Hispaniola Fermented Beans - Dutch Health Store\" \/>\n<meta property=\"og:description\" content=\"Reine, opulente Kakaopaste oder Lik\u00f6r. Reichhaltig, tiefgr\u00fcndig und angenehm fruchtig. Hergestellt mit der begehrten Bio-Hispaniola-Bohne.\" \/>\n<meta property=\"og:url\" content=\"https:\/\/dutchhealthstore.com\/de\/product\/ixcacao-heavenly-cacao-drops-from-hispaniola-fermented-beans\/\" \/>\n<meta property=\"og:site_name\" content=\"Dutch Health Store\" \/>\n<meta property=\"article:publisher\" content=\"https:\/\/www.instagram.com\/dutchhealthstore\/\" \/>\n<meta property=\"article:modified_time\" content=\"2026-01-05T14:06:23+00:00\" \/>\n<meta property=\"og:image\" content=\"https:\/\/dutchhealthstore.com\/wp-content\/uploads\/2022\/09\/navicacaoheavenlydrops.jpg\" \/>\n\t<meta property=\"og:image:width\" content=\"500\" \/>\n\t<meta property=\"og:image:height\" content=\"500\" \/>\n\t<meta property=\"og:image:type\" content=\"image\/jpeg\" \/>\n<meta name=\"twitter:card\" content=\"summary_large_image\" \/>\n<meta name=\"twitter:label1\" content=\"Verf\u00fcgbarkeit\" \/>\n\t<meta name=\"twitter:data1\" content=\"Auf Lager\" \/>\n<script type=\"application\/ld+json\" class=\"yoast-schema-graph\">{\"@context\":\"https:\/\/schema.org\",\"@graph\":[{\"@type\":\"WebPage\",\"@id\":\"https:\/\/dutchhealthstore.com\/de\/product\/ixcacao-heavenly-cacao-drops-from-hispaniola-fermented-beans\/\",\"url\":\"https:\/\/dutchhealthstore.com\/de\/product\/ixcacao-heavenly-cacao-drops-from-hispaniola-fermented-beans\/\",\"name\":\"Looking for IxCacao Heavenly Cacao Drops - from Hispaniola Fermented Beans ? - Na'vi Organics\",\"isPartOf\":{\"@id\":\"https:\/\/dutchhealthstore.com\/de\/#website\"},\"primaryImageOfPage\":{\"@id\":\"https:\/\/dutchhealthstore.com\/de\/product\/ixcacao-heavenly-cacao-drops-from-hispaniola-fermented-beans\/#primaryimage\"},\"image\":{\"@id\":\"https:\/\/dutchhealthstore.com\/de\/product\/ixcacao-heavenly-cacao-drops-from-hispaniola-fermented-beans\/#primaryimage\"},\"thumbnailUrl\":\"https:\/\/dutchhealthstore.com\/wp-content\/uploads\/2022\/09\/navicacaoheavenlydrops.jpg\",\"datePublished\":\"2022-09-05T14:13:51+00:00\",\"dateModified\":\"2026-01-05T14:06:23+00:00\",\"description\":\"Reine, opulente Kakaopaste oder Lik\u00f6r. Reichhaltig, tiefgr\u00fcndig und angenehm fruchtig. Hergestellt mit der begehrten Bio-Hispaniola-Bohne.\",\"breadcrumb\":{\"@id\":\"https:\/\/dutchhealthstore.com\/de\/product\/ixcacao-heavenly-cacao-drops-from-hispaniola-fermented-beans\/#breadcrumb\"},\"inLanguage\":\"de\",\"potentialAction\":[{\"@type\":\"ReadAction\",\"target\":[\"https:\/\/dutchhealthstore.com\/de\/product\/ixcacao-heavenly-cacao-drops-from-hispaniola-fermented-beans\/\"]}]},{\"@type\":\"ImageObject\",\"inLanguage\":\"de\",\"@id\":\"https:\/\/dutchhealthstore.com\/de\/product\/ixcacao-heavenly-cacao-drops-from-hispaniola-fermented-beans\/#primaryimage\",\"url\":\"https:\/\/dutchhealthstore.com\/wp-content\/uploads\/2022\/09\/navicacaoheavenlydrops.jpg\",\"contentUrl\":\"https:\/\/dutchhealthstore.com\/wp-content\/uploads\/2022\/09\/navicacaoheavenlydrops.jpg\",\"width\":500,\"height\":500,\"caption\":\"navicacaoheavenlydrops\"},{\"@type\":\"BreadcrumbList\",\"@id\":\"https:\/\/dutchhealthstore.com\/de\/product\/ixcacao-heavenly-cacao-drops-from-hispaniola-fermented-beans\/#breadcrumb\",\"itemListElement\":[{\"@type\":\"ListItem\",\"position\":1,\"name\":\"Home\",\"item\":\"https:\/\/dutchhealthstore.com\/de\/\"},{\"@type\":\"ListItem\",\"position\":2,\"name\":\"Shop\",\"item\":\"https:\/\/dutchhealthstore.com\/de\/shop-2\/\"},{\"@type\":\"ListItem\",\"position\":3,\"name\":\"IxCacao Heavenly Cacao Drops &#8211; from Hispaniola Fermented Beans\"}]},{\"@type\":\"WebSite\",\"@id\":\"https:\/\/dutchhealthstore.com\/de\/#website\",\"url\":\"https:\/\/dutchhealthstore.com\/de\/\",\"name\":\"Dutch Health Store\",\"description\":\"Enhance Your Beauty with Organic &amp; Natural Skincare\",\"publisher\":{\"@id\":\"https:\/\/dutchhealthstore.com\/de\/#organization\"},\"potentialAction\":[{\"@type\":\"SearchAction\",\"target\":{\"@type\":\"EntryPoint\",\"urlTemplate\":\"https:\/\/dutchhealthstore.com\/de\/?s={search_term_string}\"},\"query-input\":{\"@type\":\"PropertyValueSpecification\",\"valueRequired\":true,\"valueName\":\"search_term_string\"}}],\"inLanguage\":\"de\"},{\"@type\":\"Organization\",\"@id\":\"https:\/\/dutchhealthstore.com\/de\/#organization\",\"name\":\"Dutch Health Store\",\"url\":\"https:\/\/dutchhealthstore.com\/de\/\",\"logo\":{\"@type\":\"ImageObject\",\"inLanguage\":\"de\",\"@id\":\"https:\/\/dutchhealthstore.com\/de\/#\/schema\/logo\/image\/\",\"url\":\"https:\/\/dutchhealthstore.com\/wp-content\/uploads\/2020\/08\/logo-dutchhealthstore-jpg-e1599484957574.jpg\",\"contentUrl\":\"https:\/\/dutchhealthstore.com\/wp-content\/uploads\/2020\/08\/logo-dutchhealthstore-jpg-e1599484957574.jpg\",\"width\":400,\"height\":62,\"caption\":\"Dutch Health Store\"},\"image\":{\"@id\":\"https:\/\/dutchhealthstore.com\/de\/#\/schema\/logo\/image\/\"},\"sameAs\":[\"https:\/\/www.instagram.com\/dutchhealthstore\/\",\"https:\/\/www.facebook.com\/dutchhealthstore\"]}]}<\/script>\n<meta property=\"product:brand\" content=\"Na\u00b4Vi Organics\" \/>\n<meta property=\"og:availability\" content=\"instock\" \/>\n<meta property=\"product:availability\" content=\"instock\" \/>\n<meta property=\"product:condition\" content=\"new\" \/>\n<!-- \/ Yoast SEO Premium plugin. -->","yoast_head_json":{"title":"Looking for IxCacao Heavenly Cacao Drops - from Hispaniola Fermented Beans ? - Na'vi Organics","description":"Reine, opulente Kakaopaste oder Lik\u00f6r. Reichhaltig, tiefgr\u00fcndig und angenehm fruchtig. Hergestellt mit der begehrten Bio-Hispaniola-Bohne.","robots":{"index":"index","follow":"follow","max-snippet":"max-snippet:-1","max-image-preview":"max-image-preview:large","max-video-preview":"max-video-preview:-1"},"canonical":"https:\/\/dutchhealthstore.com\/de\/product\/ixcacao-heavenly-cacao-drops-from-hispaniola-fermented-beans\/","og_locale":"de_DE","og_type":"article","og_title":"IxCacao Heavenly Cacao Drops - from Hispaniola Fermented Beans - Dutch Health Store","og_description":"Reine, opulente Kakaopaste oder Lik\u00f6r. Reichhaltig, tiefgr\u00fcndig und angenehm fruchtig. Hergestellt mit der begehrten Bio-Hispaniola-Bohne.","og_url":"https:\/\/dutchhealthstore.com\/de\/product\/ixcacao-heavenly-cacao-drops-from-hispaniola-fermented-beans\/","og_site_name":"Dutch Health Store","article_publisher":"https:\/\/www.instagram.com\/dutchhealthstore\/","article_modified_time":"2026-01-05T14:06:23+00:00","og_image":[{"width":500,"height":500,"url":"https:\/\/dutchhealthstore.com\/wp-content\/uploads\/2022\/09\/navicacaoheavenlydrops.jpg","type":"image\/jpeg"}],"twitter_card":"summary_large_image","twitter_misc":{"Verf\u00fcgbarkeit":"Auf Lager"},"schema":{"@context":"https:\/\/schema.org","@graph":[{"@type":"WebPage","@id":"https:\/\/dutchhealthstore.com\/de\/product\/ixcacao-heavenly-cacao-drops-from-hispaniola-fermented-beans\/","url":"https:\/\/dutchhealthstore.com\/de\/product\/ixcacao-heavenly-cacao-drops-from-hispaniola-fermented-beans\/","name":"Looking for IxCacao Heavenly Cacao Drops - from Hispaniola Fermented Beans ? - Na'vi Organics","isPartOf":{"@id":"https:\/\/dutchhealthstore.com\/de\/#website"},"primaryImageOfPage":{"@id":"https:\/\/dutchhealthstore.com\/de\/product\/ixcacao-heavenly-cacao-drops-from-hispaniola-fermented-beans\/#primaryimage"},"image":{"@id":"https:\/\/dutchhealthstore.com\/de\/product\/ixcacao-heavenly-cacao-drops-from-hispaniola-fermented-beans\/#primaryimage"},"thumbnailUrl":"https:\/\/dutchhealthstore.com\/wp-content\/uploads\/2022\/09\/navicacaoheavenlydrops.jpg","datePublished":"2022-09-05T14:13:51+00:00","dateModified":"2026-01-05T14:06:23+00:00","description":"Reine, opulente Kakaopaste oder Lik\u00f6r. Reichhaltig, tiefgr\u00fcndig und angenehm fruchtig. Hergestellt mit der begehrten Bio-Hispaniola-Bohne.","breadcrumb":{"@id":"https:\/\/dutchhealthstore.com\/de\/product\/ixcacao-heavenly-cacao-drops-from-hispaniola-fermented-beans\/#breadcrumb"},"inLanguage":"de","potentialAction":[{"@type":"ReadAction","target":["https:\/\/dutchhealthstore.com\/de\/product\/ixcacao-heavenly-cacao-drops-from-hispaniola-fermented-beans\/"]}]},{"@type":"ImageObject","inLanguage":"de","@id":"https:\/\/dutchhealthstore.com\/de\/product\/ixcacao-heavenly-cacao-drops-from-hispaniola-fermented-beans\/#primaryimage","url":"https:\/\/dutchhealthstore.com\/wp-content\/uploads\/2022\/09\/navicacaoheavenlydrops.jpg","contentUrl":"https:\/\/dutchhealthstore.com\/wp-content\/uploads\/2022\/09\/navicacaoheavenlydrops.jpg","width":500,"height":500,"caption":"navicacaoheavenlydrops"},{"@type":"BreadcrumbList","@id":"https:\/\/dutchhealthstore.com\/de\/product\/ixcacao-heavenly-cacao-drops-from-hispaniola-fermented-beans\/#breadcrumb","itemListElement":[{"@type":"ListItem","position":1,"name":"Home","item":"https:\/\/dutchhealthstore.com\/de\/"},{"@type":"ListItem","position":2,"name":"Shop","item":"https:\/\/dutchhealthstore.com\/de\/shop-2\/"},{"@type":"ListItem","position":3,"name":"IxCacao Heavenly Cacao Drops &#8211; from Hispaniola Fermented Beans"}]},{"@type":"WebSite","@id":"https:\/\/dutchhealthstore.com\/de\/#website","url":"https:\/\/dutchhealthstore.com\/de\/","name":"Dutch Health Store","description":"Enhance Your Beauty with Organic &amp; Natural Skincare","publisher":{"@id":"https:\/\/dutchhealthstore.com\/de\/#organization"},"potentialAction":[{"@type":"SearchAction","target":{"@type":"EntryPoint","urlTemplate":"https:\/\/dutchhealthstore.com\/de\/?s={search_term_string}"},"query-input":{"@type":"PropertyValueSpecification","valueRequired":true,"valueName":"search_term_string"}}],"inLanguage":"de"},{"@type":"Organization","@id":"https:\/\/dutchhealthstore.com\/de\/#organization","name":"Dutch Health Store","url":"https:\/\/dutchhealthstore.com\/de\/","logo":{"@type":"ImageObject","inLanguage":"de","@id":"https:\/\/dutchhealthstore.com\/de\/#\/schema\/logo\/image\/","url":"https:\/\/dutchhealthstore.com\/wp-content\/uploads\/2020\/08\/logo-dutchhealthstore-jpg-e1599484957574.jpg","contentUrl":"https:\/\/dutchhealthstore.com\/wp-content\/uploads\/2020\/08\/logo-dutchhealthstore-jpg-e1599484957574.jpg","width":400,"height":62,"caption":"Dutch Health Store"},"image":{"@id":"https:\/\/dutchhealthstore.com\/de\/#\/schema\/logo\/image\/"},"sameAs":["https:\/\/www.instagram.com\/dutchhealthstore\/","https:\/\/www.facebook.com\/dutchhealthstore"]}]},"product_brand":"Na\u00b4Vi Organics","og_availability":"instock","product_availability":"instock","product_condition":"new"},"_links":{"self":[{"href":"https:\/\/dutchhealthstore.com\/de\/wp-json\/wp\/v2\/product\/219455","targetHints":{"allow":["GET"]}}],"collection":[{"href":"https:\/\/dutchhealthstore.com\/de\/wp-json\/wp\/v2\/product"}],"about":[{"href":"https:\/\/dutchhealthstore.com\/de\/wp-json\/wp\/v2\/types\/product"}],"replies":[{"embeddable":true,"href":"https:\/\/dutchhealthstore.com\/de\/wp-json\/wp\/v2\/comments?post=219455"}],"wp:featuredmedia":[{"embeddable":true,"href":"https:\/\/dutchhealthstore.com\/de\/wp-json\/wp\/v2\/media\/218246"}],"wp:attachment":[{"href":"https:\/\/dutchhealthstore.com\/de\/wp-json\/wp\/v2\/media?parent=219455"}],"wp:term":[{"taxonomy":"product_brand","embeddable":true,"href":"https:\/\/dutchhealthstore.com\/de\/wp-json\/wp\/v2\/product_brand?post=219455"},{"taxonomy":"product_cat","embeddable":true,"href":"https:\/\/dutchhealthstore.com\/de\/wp-json\/wp\/v2\/product_cat?post=219455"},{"taxonomy":"product_tag","embeddable":true,"href":"https:\/\/dutchhealthstore.com\/de\/wp-json\/wp\/v2\/product_tag?post=219455"}],"curies":[{"name":"wp","href":"https:\/\/api.w.org\/{rel}","templated":true}]}}