{"id":219433,"date":"2022-09-15T13:59:37","date_gmt":"2022-09-15T13:59:37","guid":{"rendered":"https:\/\/dutchhealthstore.com\/product\/monoi-rescue-natural-shampoo\/"},"modified":"2025-11-30T17:58:11","modified_gmt":"2025-11-30T16:58:11","slug":"monoi-rescue-natural-shampoo","status":"publish","type":"product","link":"https:\/\/dutchhealthstore.com\/de\/product\/monoi-rescue-natural-shampoo\/","title":{"rendered":"Monoi Rescue Natural Shampoo"},"content":{"rendered":"<p>Unser rein nat\u00fcrliches, biologisches Produkt setzt an der Ursache des Problems an und verbessert sanft den Zustand der Kopfhaut, w\u00e4hrend es in den Haarschaft eindringt, um ihn zu befeuchten und zu gl\u00e4tten. Das Haar wird mit Feuchtigkeit versorgt, seidig, gl\u00e4nzend und duftet himmlisch. Komplette Haarzauberei<\/p>\n<p>Dieses feuchtigkeitsspendende Shampoo kommt ALLEN Haartypen zugute, ist aber besonders f\u00fcr trockenes oder farbbehandeltes Haar geeignet, da es die Farbaufnahme und -erhaltung verbessert.<\/p>\n<p>Unser Monoi Rescue Shampoo enth\u00e4lt Monoi, das Glanz und Brillanz verleiht und gleichzeitig Kr\u00e4useln reduziert &#8211; f\u00fcr ges\u00fcnderes Haar. Au\u00dferdem enth\u00e4lt es Karkadebl\u00fctens\u00e4ure, die die Haarkutikula abflacht und die Kopfhaut sanft exfoliert, um die Geschmeidigkeit und den Zustand des Haares zu verbessern. Quinoa-Proteine erh\u00f6hen au\u00dferdem den Feuchtigkeitsgehalt des Haares und sch\u00fctzen es vor Umwelteinfl\u00fcssen, indem sie die Feuchtigkeit speichern.<\/p>\n<p><em><strong>Mit dem Monoi Rescue Shampoo wird Ihr Haar jeden Tag fantastisch aussehen!<\/strong><\/em><\/p>\n<p><strong>Nat\u00fcrlich:<\/strong> 98%<\/p>\n<p><strong>Organisch: <\/strong>50,60%<\/p>\n<h3>Ergebnisse des Evolve-Kundenpanels<\/h3>\n<p>&#8211; <b> <span style=\"font-weight: 400;\">100 % der Befragten gaben an, dass ihr Haar nach der Anwendung <strong>weniger kraus<\/strong><\/span><\/b> war.<\/p>\n<p>&#8211; 94.<span style=\"font-weight: 400;\">1%<\/span><strong><span style=\"font-weight: 400;\"> der Personen stimmten zu, dass sich ihr Haar leichter, glatter und hydratisiert anf\u00fchlt<\/span><\/strong>.<\/p>\n<p>&#8211;<strong> <\/strong>94.1<strong><span style=\"font-weight: 400;\">% der Personen stimmten zu, dass ihr Haar gl\u00e4nzender und gepflegter aussieht.<\/span><\/strong><\/p>\n<p>&#8211; 93,<strong><span style=\"font-weight: 400;\">8 % der Befragten w\u00fcrden das Monoi Shampoo &amp; Conditioner an Freunde und Verwandte weiterempfehlen<\/span><\/strong>.<\/p>\n<p>&#8211;<strong> <\/strong>82,<strong><span style=\"font-weight: 400;\">4 % der Personen w\u00fcrden dieses Produkt wieder kaufen<\/span><\/strong>.<\/p>\n<p><em>Interne Studie, die an einer Gruppe von Evolve Organic Beauty Kunden durchgef\u00fchrt wurde, nachdem sie das Monoi Rescue Shampoo &amp; Conditioner Duo im Jahr 2022 verwendet hatten.<\/em><\/p>\n<h3>Wie benutzt man<\/h3>\n<p>Durch Einmassieren in das nasse Haar kann ein reichhaltiger Schaum erzeugt werden. Deutlich aussp\u00fclen. In Kombination mit unserem Monoi Rescue Conditioner entfaltet dieses Produkt eine wunderbare Wirkung in der Haarpflege.<\/p>\n<p><strong>Gr\u00f6\u00dfe: 250 ml<\/strong><\/p>\n<h3>Hauptzutaten<\/h3>\n<p><strong>Monoi<\/strong> Das polynesische Sch\u00f6nheitsgeheimnis Monoi hilft, Haarsch\u00e4den zu verlangsamen, indem es das Haar n\u00e4hrt und gl\u00e4ttet.<\/p>\n<p><strong>Karkade Bl\u00fctens\u00e4ure<\/strong> Sie f\u00f6rdert die sanfte Exfoliation der Kopfhaut und verbessert den Glanz, die Geschmeidigkeit und die Geschmeidigkeit des Haares.<\/p>\n<p><strong>Quinoa-Proteine<\/strong> Sie erh\u00f6hen den Feuchtigkeitsgehalt des Haares enorm und bilden eine sch\u00fctzende Barriere, die Umwelteinfl\u00fcsse abwehrt und gleichzeitig Feuchtigkeit einschlie\u00dft. Dadurch wird gesch\u00e4digtes Haar mit N\u00e4hrstoffen versorgt und sieht ges\u00fcnder aus.<\/p>\n<h3>Nat\u00fcrliche\/Organische Inhaltsstoffe<\/h3>\n<p>Aqua (water), Sodium coco-sulfate, Coco-glucoside, Cocamidopropyl betaine, Caprylyl \/ capryl glucoside, Gluconolactone, Parfum (naturally derived fragrance), Gardenia Taitensis flower extract, Hydrolyzed quinoa, Aloe barbadensis leaf juice powder*, Hibiscus sabdariffa flower extract, Cocos nucifera (Coconut) Oil, Glycerin, Sodium chloride, Sodium benzoate, Glyceryl oleate, Guar hydroxypropyltrimonium chloride, Coconut acid, Citric acid, Hydrogenated castor oil, Calcium gluconate, Phytic acid, Benzyl alcohol, Benzoic acid, Potassium sorbate, Tocopherol, Hydrogenated palm glycerides citrate, Linalool.<\/p>\n<p>&nbsp;<\/p>\n","protected":false},"excerpt":{"rendered":"<p>Ein revolution\u00e4res, rein nat\u00fcrliches Shampoo zur Verbesserung des Zustands von trockenem, gesch\u00e4digtem und coloriertem Haar.<\/p>\n","protected":false},"featured_media":303653,"comment_status":"open","ping_status":"closed","template":"","meta":[],"product_brand":[],"product_cat":[8509,11190,6645,8580,1032,1210,511,8581],"product_tag":[10172,21532,4226],"class_list":{"0":"post-219433","1":"product","2":"type-product","3":"status-publish","4":"has-post-thumbnail","6":"product_cat-every-day-solutions-de","7":"product_cat-evolve-beauty-de","8":"product_cat-family-de","9":"product_cat-hair-de","10":"product_cat-kategorien","11":"product_cat-marken","12":"product_cat-produkte","13":"product_cat-shampoo-de-2","14":"product_tag-hair-de","15":"product_tag-reparatur","16":"product_tag-shampoo-de","17":"pa_brand-evolve-organic-beauty-de","18":"pa_gtin-5060200046197-de","19":"pa_haircare-productype-shampoo-de","20":"pa_size-250-ml-de","22":"first","23":"outofstock","24":"taxable","25":"shipping-taxable","26":"purchasable","27":"product-type-simple"},"bundled_by":[],"bundle_stock_status":"outofstock","bundle_stock_quantity":0,"bundle_virtual":false,"bundle_layout":"","bundle_add_to_cart_form_location":"","bundle_editable_in_cart":false,"bundle_sold_individually_context":"","bundle_item_grouping":"","bundle_min_size":"","bundle_max_size":"","bundle_price":[],"bundled_items":[],"bundle_sell_ids":[230723],"atum_controlled":true,"out_stock_date":"2026-01-02 05:06:15","out_stock_threshold":null,"inheritable":false,"stock_on_hold":0,"sold_today":0,"sales_last_days":0,"out_stock_days":92,"lost_sales":0,"update_date":"2026-04-05T01:46:52","atum_locations":[],"atum_stock_status":"outofstock","restock_status":false,"low_stock_amount":"","sales_update_date":"2026-04-05T01:46:52","calc_backorders":null,"group_of_quantity":0,"min_quantity":0,"max_quantity":"","exclude_order_quantity_value_rules":"no","exclude_category_quantity_rules":"no","combine_variations":"no","yoast_head":"<!-- This site is optimized with the Yoast SEO Premium plugin v26.5 (Yoast SEO v26.5) - https:\/\/yoast.com\/wordpress\/plugins\/seo\/ -->\n<title>Suchen Sie einen Monoi Rescue Natural Shampoo? - Evolve Beauty<\/title>\n<meta name=\"description\" content=\"Ein revolution\u00e4res, rein nat\u00fcrliches Shampoo zur Verbesserung des Zustands von trockenem, gesch\u00e4digtem und coloriertem Haar.\" \/>\n<meta name=\"robots\" content=\"index, follow, max-snippet:-1, max-image-preview:large, max-video-preview:-1\" \/>\n<link rel=\"canonical\" href=\"https:\/\/dutchhealthstore.com\/de\/product\/monoi-rescue-natural-shampoo\/\" \/>\n<meta property=\"og:locale\" content=\"de_DE\" \/>\n<meta property=\"og:type\" content=\"article\" \/>\n<meta property=\"og:title\" content=\"Monoi Rescue Natural Shampoo - Dutch Health Store\" \/>\n<meta property=\"og:description\" content=\"Ein revolution\u00e4res, rein nat\u00fcrliches Shampoo zur Verbesserung des Zustands von trockenem, gesch\u00e4digtem und coloriertem Haar.\" \/>\n<meta property=\"og:url\" content=\"https:\/\/dutchhealthstore.com\/de\/product\/monoi-rescue-natural-shampoo\/\" \/>\n<meta property=\"og:site_name\" content=\"Dutch Health Store\" \/>\n<meta property=\"article:publisher\" content=\"https:\/\/www.instagram.com\/dutchhealthstore\/\" \/>\n<meta property=\"article:modified_time\" content=\"2025-11-30T16:58:11+00:00\" \/>\n<meta property=\"og:image\" content=\"https:\/\/dutchhealthstore.com\/wp-content\/uploads\/2022\/09\/monoi-rescue-natural-shampoo.jpg\" \/>\n\t<meta property=\"og:image:width\" content=\"530\" \/>\n\t<meta property=\"og:image:height\" content=\"530\" \/>\n\t<meta property=\"og:image:type\" content=\"image\/jpeg\" \/>\n<meta name=\"twitter:card\" content=\"summary_large_image\" \/>\n<meta name=\"twitter:label1\" content=\"Preis\" \/>\n\t<meta name=\"twitter:data1\" content=\"&euro;18,50\" \/>\n\t<meta name=\"twitter:label2\" content=\"Verf\u00fcgbarkeit\" \/>\n\t<meta name=\"twitter:data2\" content=\"ausverkauft\" \/>\n<script type=\"application\/ld+json\" class=\"yoast-schema-graph\">{\"@context\":\"https:\/\/schema.org\",\"@graph\":[{\"@type\":\"WebPage\",\"@id\":\"https:\/\/dutchhealthstore.com\/de\/product\/monoi-rescue-natural-shampoo\/\",\"url\":\"https:\/\/dutchhealthstore.com\/de\/product\/monoi-rescue-natural-shampoo\/\",\"name\":\"Suchen Sie einen Monoi Rescue Natural Shampoo? - Evolve Beauty\",\"isPartOf\":{\"@id\":\"https:\/\/dutchhealthstore.com\/de\/#website\"},\"primaryImageOfPage\":{\"@id\":\"https:\/\/dutchhealthstore.com\/de\/product\/monoi-rescue-natural-shampoo\/#primaryimage\"},\"image\":{\"@id\":\"https:\/\/dutchhealthstore.com\/de\/product\/monoi-rescue-natural-shampoo\/#primaryimage\"},\"thumbnailUrl\":\"https:\/\/dutchhealthstore.com\/wp-content\/uploads\/2022\/09\/monoi-rescue-natural-shampoo.jpg\",\"datePublished\":\"2022-09-15T13:59:37+00:00\",\"dateModified\":\"2025-11-30T16:58:11+00:00\",\"description\":\"Ein revolution\u00e4res, rein nat\u00fcrliches Shampoo zur Verbesserung des Zustands von trockenem, gesch\u00e4digtem und coloriertem Haar.\",\"breadcrumb\":{\"@id\":\"https:\/\/dutchhealthstore.com\/de\/product\/monoi-rescue-natural-shampoo\/#breadcrumb\"},\"inLanguage\":\"de\",\"potentialAction\":[{\"@type\":\"ReadAction\",\"target\":[\"https:\/\/dutchhealthstore.com\/de\/product\/monoi-rescue-natural-shampoo\/\"]}]},{\"@type\":\"ImageObject\",\"inLanguage\":\"de\",\"@id\":\"https:\/\/dutchhealthstore.com\/de\/product\/monoi-rescue-natural-shampoo\/#primaryimage\",\"url\":\"https:\/\/dutchhealthstore.com\/wp-content\/uploads\/2022\/09\/monoi-rescue-natural-shampoo.jpg\",\"contentUrl\":\"https:\/\/dutchhealthstore.com\/wp-content\/uploads\/2022\/09\/monoi-rescue-natural-shampoo.jpg\",\"width\":530,\"height\":530},{\"@type\":\"BreadcrumbList\",\"@id\":\"https:\/\/dutchhealthstore.com\/de\/product\/monoi-rescue-natural-shampoo\/#breadcrumb\",\"itemListElement\":[{\"@type\":\"ListItem\",\"position\":1,\"name\":\"Home\",\"item\":\"https:\/\/dutchhealthstore.com\/de\/\"},{\"@type\":\"ListItem\",\"position\":2,\"name\":\"Shop\",\"item\":\"https:\/\/dutchhealthstore.com\/de\/shop-2\/\"},{\"@type\":\"ListItem\",\"position\":3,\"name\":\"Monoi Rescue Natural Shampoo\"}]},{\"@type\":\"WebSite\",\"@id\":\"https:\/\/dutchhealthstore.com\/de\/#website\",\"url\":\"https:\/\/dutchhealthstore.com\/de\/\",\"name\":\"Dutch Health Store\",\"description\":\"Enhance Your Beauty with Organic &amp; Natural Skincare\",\"publisher\":{\"@id\":\"https:\/\/dutchhealthstore.com\/de\/#organization\"},\"potentialAction\":[{\"@type\":\"SearchAction\",\"target\":{\"@type\":\"EntryPoint\",\"urlTemplate\":\"https:\/\/dutchhealthstore.com\/de\/?s={search_term_string}\"},\"query-input\":{\"@type\":\"PropertyValueSpecification\",\"valueRequired\":true,\"valueName\":\"search_term_string\"}}],\"inLanguage\":\"de\"},{\"@type\":\"Organization\",\"@id\":\"https:\/\/dutchhealthstore.com\/de\/#organization\",\"name\":\"Dutch Health Store\",\"url\":\"https:\/\/dutchhealthstore.com\/de\/\",\"logo\":{\"@type\":\"ImageObject\",\"inLanguage\":\"de\",\"@id\":\"https:\/\/dutchhealthstore.com\/de\/#\/schema\/logo\/image\/\",\"url\":\"https:\/\/dutchhealthstore.com\/wp-content\/uploads\/2020\/08\/logo-dutchhealthstore-jpg-e1599484957574.jpg\",\"contentUrl\":\"https:\/\/dutchhealthstore.com\/wp-content\/uploads\/2020\/08\/logo-dutchhealthstore-jpg-e1599484957574.jpg\",\"width\":400,\"height\":62,\"caption\":\"Dutch Health Store\"},\"image\":{\"@id\":\"https:\/\/dutchhealthstore.com\/de\/#\/schema\/logo\/image\/\"},\"sameAs\":[\"https:\/\/www.instagram.com\/dutchhealthstore\/\",\"https:\/\/www.facebook.com\/dutchhealthstore\"]}]}<\/script>\n<meta property=\"product:brand\" content=\"Evolve Organic Beauty\" \/>\n<meta property=\"product:price:amount\" content=\"18.50\" \/>\n<meta property=\"product:price:currency\" content=\"EUR\" \/>\n<meta property=\"og:availability\" content=\"out of stock\" \/>\n<meta property=\"product:availability\" content=\"out of stock\" \/>\n<meta property=\"product:condition\" content=\"new\" \/>\n<!-- \/ Yoast SEO Premium plugin. -->","yoast_head_json":{"title":"Suchen Sie einen Monoi Rescue Natural Shampoo? - Evolve Beauty","description":"Ein revolution\u00e4res, rein nat\u00fcrliches Shampoo zur Verbesserung des Zustands von trockenem, gesch\u00e4digtem und coloriertem Haar.","robots":{"index":"index","follow":"follow","max-snippet":"max-snippet:-1","max-image-preview":"max-image-preview:large","max-video-preview":"max-video-preview:-1"},"canonical":"https:\/\/dutchhealthstore.com\/de\/product\/monoi-rescue-natural-shampoo\/","og_locale":"de_DE","og_type":"article","og_title":"Monoi Rescue Natural Shampoo - Dutch Health Store","og_description":"Ein revolution\u00e4res, rein nat\u00fcrliches Shampoo zur Verbesserung des Zustands von trockenem, gesch\u00e4digtem und coloriertem Haar.","og_url":"https:\/\/dutchhealthstore.com\/de\/product\/monoi-rescue-natural-shampoo\/","og_site_name":"Dutch Health Store","article_publisher":"https:\/\/www.instagram.com\/dutchhealthstore\/","article_modified_time":"2025-11-30T16:58:11+00:00","og_image":[{"width":530,"height":530,"url":"https:\/\/dutchhealthstore.com\/wp-content\/uploads\/2022\/09\/monoi-rescue-natural-shampoo.jpg","type":"image\/jpeg"}],"twitter_card":"summary_large_image","twitter_misc":{"Preis":"&euro;18,50","Verf\u00fcgbarkeit":"ausverkauft"},"schema":{"@context":"https:\/\/schema.org","@graph":[{"@type":"WebPage","@id":"https:\/\/dutchhealthstore.com\/de\/product\/monoi-rescue-natural-shampoo\/","url":"https:\/\/dutchhealthstore.com\/de\/product\/monoi-rescue-natural-shampoo\/","name":"Suchen Sie einen Monoi Rescue Natural Shampoo? - Evolve Beauty","isPartOf":{"@id":"https:\/\/dutchhealthstore.com\/de\/#website"},"primaryImageOfPage":{"@id":"https:\/\/dutchhealthstore.com\/de\/product\/monoi-rescue-natural-shampoo\/#primaryimage"},"image":{"@id":"https:\/\/dutchhealthstore.com\/de\/product\/monoi-rescue-natural-shampoo\/#primaryimage"},"thumbnailUrl":"https:\/\/dutchhealthstore.com\/wp-content\/uploads\/2022\/09\/monoi-rescue-natural-shampoo.jpg","datePublished":"2022-09-15T13:59:37+00:00","dateModified":"2025-11-30T16:58:11+00:00","description":"Ein revolution\u00e4res, rein nat\u00fcrliches Shampoo zur Verbesserung des Zustands von trockenem, gesch\u00e4digtem und coloriertem Haar.","breadcrumb":{"@id":"https:\/\/dutchhealthstore.com\/de\/product\/monoi-rescue-natural-shampoo\/#breadcrumb"},"inLanguage":"de","potentialAction":[{"@type":"ReadAction","target":["https:\/\/dutchhealthstore.com\/de\/product\/monoi-rescue-natural-shampoo\/"]}]},{"@type":"ImageObject","inLanguage":"de","@id":"https:\/\/dutchhealthstore.com\/de\/product\/monoi-rescue-natural-shampoo\/#primaryimage","url":"https:\/\/dutchhealthstore.com\/wp-content\/uploads\/2022\/09\/monoi-rescue-natural-shampoo.jpg","contentUrl":"https:\/\/dutchhealthstore.com\/wp-content\/uploads\/2022\/09\/monoi-rescue-natural-shampoo.jpg","width":530,"height":530},{"@type":"BreadcrumbList","@id":"https:\/\/dutchhealthstore.com\/de\/product\/monoi-rescue-natural-shampoo\/#breadcrumb","itemListElement":[{"@type":"ListItem","position":1,"name":"Home","item":"https:\/\/dutchhealthstore.com\/de\/"},{"@type":"ListItem","position":2,"name":"Shop","item":"https:\/\/dutchhealthstore.com\/de\/shop-2\/"},{"@type":"ListItem","position":3,"name":"Monoi Rescue Natural Shampoo"}]},{"@type":"WebSite","@id":"https:\/\/dutchhealthstore.com\/de\/#website","url":"https:\/\/dutchhealthstore.com\/de\/","name":"Dutch Health Store","description":"Enhance Your Beauty with Organic &amp; Natural Skincare","publisher":{"@id":"https:\/\/dutchhealthstore.com\/de\/#organization"},"potentialAction":[{"@type":"SearchAction","target":{"@type":"EntryPoint","urlTemplate":"https:\/\/dutchhealthstore.com\/de\/?s={search_term_string}"},"query-input":{"@type":"PropertyValueSpecification","valueRequired":true,"valueName":"search_term_string"}}],"inLanguage":"de"},{"@type":"Organization","@id":"https:\/\/dutchhealthstore.com\/de\/#organization","name":"Dutch Health Store","url":"https:\/\/dutchhealthstore.com\/de\/","logo":{"@type":"ImageObject","inLanguage":"de","@id":"https:\/\/dutchhealthstore.com\/de\/#\/schema\/logo\/image\/","url":"https:\/\/dutchhealthstore.com\/wp-content\/uploads\/2020\/08\/logo-dutchhealthstore-jpg-e1599484957574.jpg","contentUrl":"https:\/\/dutchhealthstore.com\/wp-content\/uploads\/2020\/08\/logo-dutchhealthstore-jpg-e1599484957574.jpg","width":400,"height":62,"caption":"Dutch Health Store"},"image":{"@id":"https:\/\/dutchhealthstore.com\/de\/#\/schema\/logo\/image\/"},"sameAs":["https:\/\/www.instagram.com\/dutchhealthstore\/","https:\/\/www.facebook.com\/dutchhealthstore"]}]},"product_brand":"Evolve Organic Beauty","product_price_amount":"18.50","product_price_currency":"EUR","og_availability":"out of stock","product_availability":"out of stock","product_condition":"new"},"_links":{"self":[{"href":"https:\/\/dutchhealthstore.com\/de\/wp-json\/wp\/v2\/product\/219433","targetHints":{"allow":["GET"]}}],"collection":[{"href":"https:\/\/dutchhealthstore.com\/de\/wp-json\/wp\/v2\/product"}],"about":[{"href":"https:\/\/dutchhealthstore.com\/de\/wp-json\/wp\/v2\/types\/product"}],"replies":[{"embeddable":true,"href":"https:\/\/dutchhealthstore.com\/de\/wp-json\/wp\/v2\/comments?post=219433"}],"wp:featuredmedia":[{"embeddable":true,"href":"https:\/\/dutchhealthstore.com\/de\/wp-json\/wp\/v2\/media\/303653"}],"wp:attachment":[{"href":"https:\/\/dutchhealthstore.com\/de\/wp-json\/wp\/v2\/media?parent=219433"}],"wp:term":[{"taxonomy":"product_brand","embeddable":true,"href":"https:\/\/dutchhealthstore.com\/de\/wp-json\/wp\/v2\/product_brand?post=219433"},{"taxonomy":"product_cat","embeddable":true,"href":"https:\/\/dutchhealthstore.com\/de\/wp-json\/wp\/v2\/product_cat?post=219433"},{"taxonomy":"product_tag","embeddable":true,"href":"https:\/\/dutchhealthstore.com\/de\/wp-json\/wp\/v2\/product_tag?post=219433"}],"curies":[{"name":"wp","href":"https:\/\/api.w.org\/{rel}","templated":true}]}}