{"id":217059,"date":"2022-08-04T09:30:27","date_gmt":"2022-08-04T07:30:27","guid":{"rendered":"https:\/\/dutchhealthstore.com\/product\/frankincense-occulta-essential-oil\/"},"modified":"2023-12-28T10:01:05","modified_gmt":"2023-12-28T10:01:05","slug":"frankincense-occulta-essential-oil","status":"publish","type":"product","link":"https:\/\/dutchhealthstore.com\/de\/product\/frankincense-occulta-essential-oil\/","title":{"rendered":"Frankincense, Occulta Essential Oil"},"content":{"rendered":"<p>Dieses harzige, w\u00e4ssrige, jenseitige und atmosph\u00e4rische Aroma enth\u00e4lt r\u00e4tselhafte Ester, die ein phytochemisches Ph\u00e4nomen in der Welt der Boswellia und der Botanik sind. Der nat\u00fcrlich s\u00fc\u00dfe, frische Duft dieser Methylester zeigt sich im frischen Duft von Occulta &#8211; eine unerwartete Essenz, die man am besten als Parf\u00fcm von Petrichor beschreiben kann. Dieser neu entdeckte, entschl\u00fcsselte und destillierte Weihrauch ist aus den Tiefen uralter Samen und Kalksteinb\u00f6den aufgestiegen, um unsere Introspektion zu bereichern und unseren Teint mit einem Klassiker des Weihrauchkults zu weihen.<\/p>\n<p><em>&#8222;Und vor allem, beobachte mit funkelnden Augen die ganze Welt um dich herum, denn die gr\u00f6\u00dften Geheimnisse sind immer an den unwahrscheinlichsten Orten versteckt<\/em>.&#8220; ~ Roald Dahl<\/p>\n<p><strong>Botanischer Name:<\/strong> <em>Boswellia occulta<\/em><br \/>\n<strong>Botanische Familie:<\/strong> <em>Burseraceae<\/em><br \/>\n<strong>Extraktionsverfahren:<\/strong> Wasserdampf-Destillation<br \/>\n<strong>Teil der Pflanze Destilliert:<\/strong> Harz<br \/>\n<strong>Herkunftsland: <\/strong>El Afweyn, Somaliland<br \/>\n<strong>Anbaumethode:<\/strong> Wild geerntet<br \/>\n<strong>Zusammensetzung:<\/strong> 100% <em>Boswellia occulta<\/em><br \/>\n<strong>Konsistenz:<\/strong> Transluzente gelbe mobile Fl\u00fcssigkeit<br \/>\n<strong>Beschreibung des Duftes:<\/strong> Entschl\u00fcsselbares Weihrauch-Harz-Aroma mit jenseitigen, luftig-zonigen Noten, die h\u00fcbsch petrichor sind. Leicht s\u00fc\u00df, leicht knackig, leicht w\u00e4rmende Noten von Balsamico-Basis.<\/p>\n<p><strong>Gut mischbar mit: <\/strong><a title=\"Grapefruit Essential Oil\" href=\"https:\/\/int.livinglibations.com\/products\/grapefruit-essential-oil\" target=\"_blank\" rel=\"noopener\" aria-describedby=\"a11y-new-window-message\">Grapefruit<\/a>,  <a title=\"Essentielles \u00d6l Opopanax\" href=\"https:\/\/int.livinglibations.com\/products\/opopanax-essential-oil\" target=\"_blank\" rel=\"noopener\" aria-describedby=\"a11y-new-window-message\">Opopanax<\/a>,  <a title=\"Weihrauch essentielles \u00d6le\" href=\"https:\/\/int.livinglibations.com\/collections\/frankincense-essential-oils\" target=\"_blank\" rel=\"noopener\" aria-describedby=\"a11y-new-window-message\">Weihrauch<\/a>, <a title=\"essentielles Tannen\u00f6le\" href=\"https:\/\/int.livinglibations.com\/collections\/fir-essential-oils\" target=\"_blank\" rel=\"noopener noreferrer\" aria-describedby=\"a11y-new-window-message\">Tannen<\/a>, <a title=\"Fichte essentielles \u00d6le\" href=\"https:\/\/int.livinglibations.com\/collections\/spruce-essential-oils\" target=\"_blank\" rel=\"noopener noreferrer\" aria-describedby=\"a11y-new-window-message\">Fichten<\/a>, <a title=\"Hyssop Essential Oil\" href=\"https:\/\/int.livinglibations.com\/products\/hyssop-essential-oil\" target=\"_blank\" rel=\"noopener\" aria-describedby=\"a11y-new-window-message\">Ysop<\/a>, <a title=\"Marjoram Essential Oil\" href=\"https:\/\/int.livinglibations.com\/products\/marjoram-essential-oil\" target=\"_blank\" rel=\"noopener\" aria-describedby=\"a11y-new-window-message\">Majoran<\/a>, <a title=\"Inula Essential Oil\" href=\"https:\/\/int.livinglibations.com\/products\/inula-essential-oil\" target=\"_blank\" rel=\"noopener\" aria-describedby=\"a11y-new-window-message\">Inula<\/a>, <a title=\"Rose Otto Essential Oil\" href=\"https:\/\/int.livinglibations.com\/products\/rose-otto-essential-oil\" target=\"_blank\" rel=\"noopener\" aria-describedby=\"a11y-new-window-message\">Rose Otto<\/a>, <a title=\"Fragonia Essential Oil\" href=\"https:\/\/int.livinglibations.com\/products\/fragonia-essential-oil\" target=\"_blank\" rel=\"noopener\" aria-describedby=\"a11y-new-window-message\">Fragonia<\/a>, <a title=\"Myrrh Essential Oil\" href=\"https:\/\/int.livinglibations.com\/products\/myrrh-essential-oil\" target=\"_blank\" rel=\"noopener\" aria-describedby=\"a11y-new-window-message\">Myrrhe<\/a>, <a title=\"Seabuckthorn Berry Essential Oil\" href=\"https:\/\/int.livinglibations.com\/products\/seabuckthorn-berry-essential-oil\" target=\"_blank\" rel=\"noopener\" aria-describedby=\"a11y-new-window-message\">Sanddorn<\/a>, <a title=\"Immortelle Essential Oil\" href=\"https:\/\/int.livinglibations.com\/products\/immortelle-essential-oil\" target=\"_blank\" rel=\"noopener\" aria-describedby=\"a11y-new-window-message\"> Strohblume<\/a>,  <a title=\"Ylang Essential Oil\" href=\"https:\/\/int.livinglibations.com\/products\/ylang-essential-oil\" target=\"_blank\" rel=\"noopener\" aria-describedby=\"a11y-new-window-message\">Ylang<\/a>, <a title=\"Sandalwood Essential Oil\" href=\"https:\/\/int.livinglibations.com\/products\/sandalwood-essential-oil\" target=\"_blank\" rel=\"noopener\" aria-describedby=\"a11y-new-window-message\">Sandelholz<\/a>, <a title=\"Palo Santo Essential Oil\" href=\"https:\/\/int.livinglibations.com\/products\/palo-santo-essential-oil\" target=\"_blank\" rel=\"noopener\" aria-describedby=\"a11y-new-window-message\">Palo Santo<\/a>, <a title=\"Yarrow Essential Oil\" href=\"https:\/\/int.livinglibations.com\/products\/yarrow-essential-oil\" target=\"_blank\" rel=\"noopener\" aria-describedby=\"a11y-new-window-message\">Schafgarbe<\/a>, <a title=\"Vetiver Essential Oil\" href=\"https:\/\/int.livinglibations.com\/products\/vetiver-essential-oil\" target=\"_blank\" rel=\"noopener\" aria-describedby=\"a11y-new-window-message\">Vetiver,<\/a> <a title=\"Myrtle Essential Oil\" href=\"https:\/\/int.livinglibations.com\/products\/myrtle-essential-oil\" target=\"_blank\" rel=\"noopener\" aria-describedby=\"a11y-new-window-message\">Myrte<\/a>, <a title=\"Bergamot Essential Oil\" href=\"https:\/\/int.livinglibations.com\/products\/bergamot-essential-oil\" target=\"_blank\" rel=\"noopener\" aria-describedby=\"a11y-new-window-message\">Bergamotte<\/a> und <a title=\"Essentielles \u00d6le Kamille\" href=\"https:\/\/int.livinglibations.com\/collections\/chamomile-essential-oils\" target=\"_blank\" rel=\"noopener noreferrer\" aria-describedby=\"a11y-new-window-message\">Kamille<\/a>.<\/p>\n<p><strong>Anwendung:<\/strong> Dieser feine Weihrauch beruhigt die Gem\u00fcter, l\u00f6st Spannungen und entf\u00fchrt Sie in eine andere Dimension. Ein Superheld der Hautpflege. Tupfen Sie es auf feine Linien, Narben, Hautunreinheiten und Anzeichen eines Hautungleichgewichts. Hervorragend f\u00fcr die Mundpflege. Das G\u00f6ttliche zu verbreiten weckt die Muse. Eine klassische Badesch\u00f6nheit. Zufriedenstellend in Salzpfeifen. Achtsam in der Mediation. Manna f\u00fcr Muskeln und Massagen&#8230; und der Rest muss noch mit unserem neuen Weihrauchfreund herausgefunden werden.<\/p>\n<p><strong>Inhaltsstoffe: <\/strong>Faszinierend einzigartige Methylester (Methoxyalkane und Methoxydecane), Serratol, \u03b1-Pinen, \u03b1-Thujen, Limonen, Sabinen, Myrcen, \u03b2-Caryophyllen und p-Cymol. Die chemische Zusammensetzung des hydrodestillierten Harzes<em> von Boswellia occulta<\/em> oleogum besteht haupts\u00e4chlich aus den seltenen, botanisch nicht bekannten Methylethern (34,5-62%-62.6%), 1-Methoxydecan (26,6-47%-47.9%) und 1-Methoxyoctan (3,6-8%-8.6%). Weitere wichtige Bestandteile sind der Diterpenalkohol Serratol (2,7%-31,8%) und der Sesquiterpenalkohol 4,10-Di-<em>epi<\/em>-guaiol (bis zu 15.1%). <em>Occulta<\/em> enth\u00e4lt einen Hauch von Monoterpenkohlenwasserstoffen und sauerstoffhaltigen Monoterpenen (0,3%-11,6% bzw. 0,1%-1,0%). Die hautliebenden Sesquiterpene sind mit Konzentrationen von 1,2% bis 23,0% Sesquiterpenkohlenwasserstoffen und 1,9% bis 28,6% sauerstoffhaltigen Sesquiterpenen etwas h\u00f6her.<\/p>\n<p>Diese neu entdeckte Weihrauchart hat sich im Verborgenen gehalten. Der Weihrauch mit dem treffenden Namen Occulta ist so alt wie alle anderen <em>Boswellia-Arten<\/em>, blieb aber bis vor kurzem den Botanikern verborgen. Dieser fabelhafte neue Fund hat die Destillateure von Somali Sacra, Carterii und Frereana Weihrauch jahrzehntelang vor ein R\u00e4tsel gestellt, da seltene Verbindungen, die zuvor in der Pflanzenwelt unbekannt waren, auf unerkl\u00e4rliche Weise als Bestandteil in ihren \u00e4therischen \u00d6len auftauchten. Ohne es zu wissen, hatten sie Harz von nicht identifizierten Occulta-B\u00e4umen gesammelt, die eine ph\u00e4nomenale Phyto-Chemie haben.<\/p>\n<p>Occulta Weihrauch unterscheidet sich morphologisch von allen anderen <em>Boswellia-Arten <\/em>durch das Vorhandensein seltener Methoxyalkane und Methoxydecane (Methylester), die normalerweise in der Insektenwelt bei Spinnenseiden und Tausendf\u00fc\u00dflern vorkommen. Diese Ester wirken wie ein chemischer Regenmantel, der Wanzen vor Wassers\u00e4ttigung sch\u00fctzt, und dieselben Ester haben sich m\u00f6glicherweise in Occulta-Weihrauch entwickelt, um ihn vor der Austrocknung in der W\u00fcste zu sch\u00fctzen, indem sie das Wasser im Pflanzenmaterial einschlie\u00dfen. Der nat\u00fcrlich s\u00fc\u00dfe, frische Duft dieser Methylester zeigt sich im harzigen Aroma von Occulta &#8211; eine unerwartete atmosph\u00e4rische und w\u00e4ssrige Essenz, die man am besten als Parf\u00fcm von Petrichor beschreiben kann.<\/p>\n<p>Dieser imposante Weihrauchbaum w\u00e4chst an den H\u00e4ngen der trockenen, nach Westen ausgerichteten Kalksteinfelsen in der Region El Afweyn im Nordwesten Somalilands. Seine botanische Einzigartigkeit unter den <em>Boswellia-Arten<\/em> erstreckt sich auch auf seine ph\u00e4notypischen Merkmale; im Unterschied zu anderen<em> Boswellia-Arten <\/em>hat Weihrauch Occulta gewellte, gefiederte Bl\u00e4tter mit einem endst\u00e4ndigen Fiederblatt und wei\u00dfe r\u00f6hrenf\u00f6rmige Bl\u00fcten, die sich in kleinere Fr\u00fcchte verwandeln.<\/p>\n<p>Occulta Weihrauch ist ein st\u00e4rkendes Tonikum, ein pflanzliches Arzneibuch und eine neue alte Waschung zur Versch\u00f6nerung des K\u00f6rpers. Genie\u00dfen Sie den Duft und seine beruhigende, bewegende Wirkung mit wohltuenden Salzpfeifen-Inhalationen, die die kreativen Kr\u00e4fte anregen. Tupfen Sie es auf Unebenheiten und Hautunreinheiten und geben Sie es in Seren, um die Feuchtigkeit der Haut mit den besonders weichmachenden und einzigartigen Methylestern dieses neu entdeckten Weihrauch-Freundes zu binden. Welch ein Segen, neue Str\u00e4nge dieser alten Telegramme zu finden!<\/p>\n<p><strong>Gr\u00f6\u00dfe: 5 ml<\/strong><\/p>\n<p style=\"text-align: center;\"><em>&#8222;Ich will mit denen zusammen sein, die geheime Dinge wissen, sonst bin ich allein<\/em>.&#8220; ~ Rainer Maria Rilke<\/p>\n","protected":false},"excerpt":{"rendered":"<p>Alles Verborgene wird enth\u00fcllt, und das faszinierende, duftende essentielles Weihrauch\u00f6l von Occulta ist endlich ans Licht gekommen.<\/p>\n","protected":false},"featured_media":214040,"comment_status":"open","ping_status":"closed","template":"","meta":[],"product_brand":[],"product_cat":[1508,1546,6737,1032,1493,1210,511,6736],"product_tag":[1547],"class_list":{"0":"post-217059","1":"product","2":"type-product","3":"status-publish","4":"has-post-thumbnail","6":"product_cat-aetherische-oele-living-libations","7":"product_cat-essential-oils-living-libations-de","8":"product_cat-essential-oils-de-2","9":"product_cat-kategorien","10":"product_cat-living-libations-deutschland","11":"product_cat-marken","12":"product_cat-produkte","13":"product_cat-wellness-de","14":"product_tag-essential-oil-de","15":"pa_brand-livinglibations-de","16":"pa_essential-oils-product-type-essential-oils-de","17":"pa_size-15-ml-de-2","18":"pa_size-5-ml-de","20":"first","21":"instock","22":"taxable","23":"shipping-taxable","24":"purchasable","25":"product-type-variable"},"bundled_by":[],"bundle_stock_status":"instock","bundle_stock_quantity":3,"bundle_virtual":false,"bundle_layout":"","bundle_add_to_cart_form_location":"","bundle_editable_in_cart":false,"bundle_sold_individually_context":"","bundle_item_grouping":"","bundle_min_size":"","bundle_max_size":"","bundle_price":[],"bundled_items":[],"bundle_sell_ids":[],"atum_controlled":true,"out_stock_date":null,"out_stock_threshold":null,"inheritable":true,"stock_on_hold":1,"sold_today":1,"sales_last_days":1,"out_stock_days":0,"lost_sales":0,"update_date":"2026-04-30T13:31:57","atum_locations":[],"atum_stock_status":"instock","restock_status":false,"low_stock_amount":"","sales_update_date":"2026-04-30T00:13:57","calc_backorders":null,"group_of_quantity":0,"min_quantity":0,"max_quantity":"","exclude_order_quantity_value_rules":"no","exclude_category_quantity_rules":"no","combine_variations":"no","yoast_head":"<!-- This site is optimized with the Yoast SEO Premium plugin v26.5 (Yoast SEO v26.5) - https:\/\/yoast.com\/wordpress\/plugins\/seo\/ -->\n<title>Looking for Frankincense, Occulta Essential Oil ? - Living Libations<\/title>\n<meta name=\"description\" content=\"Alles Verborgene wird enth\u00fcllt, und das faszinierende, duftende essentielles Weihrauch\u00f6l von Occulta ist endlich ans Licht gekommen.\" \/>\n<meta name=\"robots\" content=\"index, follow, max-snippet:-1, max-image-preview:large, max-video-preview:-1\" \/>\n<link rel=\"canonical\" href=\"https:\/\/dutchhealthstore.com\/de\/product\/frankincense-occulta-essential-oil\/\" \/>\n<meta property=\"og:locale\" content=\"de_DE\" \/>\n<meta property=\"og:type\" content=\"article\" \/>\n<meta property=\"og:title\" content=\"Frankincense, Occulta Essential Oil - Dutch Health Store\" \/>\n<meta property=\"og:description\" content=\"Alles Verborgene wird enth\u00fcllt, und das faszinierende, duftende essentielles Weihrauch\u00f6l von Occulta ist endlich ans Licht gekommen.\" \/>\n<meta property=\"og:url\" content=\"https:\/\/dutchhealthstore.com\/de\/product\/frankincense-occulta-essential-oil\/\" \/>\n<meta property=\"og:site_name\" content=\"Dutch Health Store\" \/>\n<meta property=\"article:publisher\" content=\"https:\/\/www.instagram.com\/dutchhealthstore\/\" \/>\n<meta property=\"article:modified_time\" content=\"2023-12-28T10:01:05+00:00\" \/>\n<meta property=\"og:image\" content=\"https:\/\/dutchhealthstore.com\/wp-content\/uploads\/2022\/07\/frankincenseocculta.jpg\" \/>\n\t<meta property=\"og:image:width\" content=\"500\" \/>\n\t<meta property=\"og:image:height\" content=\"500\" \/>\n\t<meta property=\"og:image:type\" content=\"image\/jpeg\" \/>\n<meta name=\"twitter:card\" content=\"summary_large_image\" \/>\n<meta name=\"twitter:label1\" content=\"Verf\u00fcgbarkeit\" \/>\n\t<meta name=\"twitter:data1\" content=\"Auf Lager\" \/>\n<script type=\"application\/ld+json\" class=\"yoast-schema-graph\">{\"@context\":\"https:\/\/schema.org\",\"@graph\":[{\"@type\":\"WebPage\",\"@id\":\"https:\/\/dutchhealthstore.com\/de\/product\/frankincense-occulta-essential-oil\/\",\"url\":\"https:\/\/dutchhealthstore.com\/de\/product\/frankincense-occulta-essential-oil\/\",\"name\":\"Looking for Frankincense, Occulta Essential Oil ? - Living Libations\",\"isPartOf\":{\"@id\":\"https:\/\/dutchhealthstore.com\/de\/#website\"},\"primaryImageOfPage\":{\"@id\":\"https:\/\/dutchhealthstore.com\/de\/product\/frankincense-occulta-essential-oil\/#primaryimage\"},\"image\":{\"@id\":\"https:\/\/dutchhealthstore.com\/de\/product\/frankincense-occulta-essential-oil\/#primaryimage\"},\"thumbnailUrl\":\"https:\/\/dutchhealthstore.com\/wp-content\/uploads\/2022\/07\/frankincenseocculta.jpg\",\"datePublished\":\"2022-08-04T07:30:27+00:00\",\"dateModified\":\"2023-12-28T10:01:05+00:00\",\"description\":\"Alles Verborgene wird enth\u00fcllt, und das faszinierende, duftende essentielles Weihrauch\u00f6l von Occulta ist endlich ans Licht gekommen.\",\"breadcrumb\":{\"@id\":\"https:\/\/dutchhealthstore.com\/de\/product\/frankincense-occulta-essential-oil\/#breadcrumb\"},\"inLanguage\":\"de\",\"potentialAction\":[{\"@type\":\"ReadAction\",\"target\":[\"https:\/\/dutchhealthstore.com\/de\/product\/frankincense-occulta-essential-oil\/\"]}]},{\"@type\":\"ImageObject\",\"inLanguage\":\"de\",\"@id\":\"https:\/\/dutchhealthstore.com\/de\/product\/frankincense-occulta-essential-oil\/#primaryimage\",\"url\":\"https:\/\/dutchhealthstore.com\/wp-content\/uploads\/2022\/07\/frankincenseocculta.jpg\",\"contentUrl\":\"https:\/\/dutchhealthstore.com\/wp-content\/uploads\/2022\/07\/frankincenseocculta.jpg\",\"width\":500,\"height\":500,\"caption\":\"frankincenseocculta\"},{\"@type\":\"BreadcrumbList\",\"@id\":\"https:\/\/dutchhealthstore.com\/de\/product\/frankincense-occulta-essential-oil\/#breadcrumb\",\"itemListElement\":[{\"@type\":\"ListItem\",\"position\":1,\"name\":\"Home\",\"item\":\"https:\/\/dutchhealthstore.com\/de\/\"},{\"@type\":\"ListItem\",\"position\":2,\"name\":\"Shop\",\"item\":\"https:\/\/dutchhealthstore.com\/de\/shop-2\/\"},{\"@type\":\"ListItem\",\"position\":3,\"name\":\"Frankincense, Occulta Essential Oil\"}]},{\"@type\":\"WebSite\",\"@id\":\"https:\/\/dutchhealthstore.com\/de\/#website\",\"url\":\"https:\/\/dutchhealthstore.com\/de\/\",\"name\":\"Dutch Health Store\",\"description\":\"Enhance Your Beauty with Organic &amp; Natural Skincare\",\"publisher\":{\"@id\":\"https:\/\/dutchhealthstore.com\/de\/#organization\"},\"potentialAction\":[{\"@type\":\"SearchAction\",\"target\":{\"@type\":\"EntryPoint\",\"urlTemplate\":\"https:\/\/dutchhealthstore.com\/de\/?s={search_term_string}\"},\"query-input\":{\"@type\":\"PropertyValueSpecification\",\"valueRequired\":true,\"valueName\":\"search_term_string\"}}],\"inLanguage\":\"de\"},{\"@type\":\"Organization\",\"@id\":\"https:\/\/dutchhealthstore.com\/de\/#organization\",\"name\":\"Dutch Health Store\",\"url\":\"https:\/\/dutchhealthstore.com\/de\/\",\"logo\":{\"@type\":\"ImageObject\",\"inLanguage\":\"de\",\"@id\":\"https:\/\/dutchhealthstore.com\/de\/#\/schema\/logo\/image\/\",\"url\":\"https:\/\/dutchhealthstore.com\/wp-content\/uploads\/2020\/08\/logo-dutchhealthstore-jpg-e1599484957574.jpg\",\"contentUrl\":\"https:\/\/dutchhealthstore.com\/wp-content\/uploads\/2020\/08\/logo-dutchhealthstore-jpg-e1599484957574.jpg\",\"width\":400,\"height\":62,\"caption\":\"Dutch Health Store\"},\"image\":{\"@id\":\"https:\/\/dutchhealthstore.com\/de\/#\/schema\/logo\/image\/\"},\"sameAs\":[\"https:\/\/www.instagram.com\/dutchhealthstore\/\",\"https:\/\/www.facebook.com\/dutchhealthstore\"]}]}<\/script>\n<meta property=\"product:brand\" content=\"Living Libations\" \/>\n<meta property=\"og:availability\" content=\"instock\" \/>\n<meta property=\"product:availability\" content=\"instock\" \/>\n<meta property=\"product:condition\" content=\"new\" \/>\n<!-- \/ Yoast SEO Premium plugin. -->","yoast_head_json":{"title":"Looking for Frankincense, Occulta Essential Oil ? - Living Libations","description":"Alles Verborgene wird enth\u00fcllt, und das faszinierende, duftende essentielles Weihrauch\u00f6l von Occulta ist endlich ans Licht gekommen.","robots":{"index":"index","follow":"follow","max-snippet":"max-snippet:-1","max-image-preview":"max-image-preview:large","max-video-preview":"max-video-preview:-1"},"canonical":"https:\/\/dutchhealthstore.com\/de\/product\/frankincense-occulta-essential-oil\/","og_locale":"de_DE","og_type":"article","og_title":"Frankincense, Occulta Essential Oil - Dutch Health Store","og_description":"Alles Verborgene wird enth\u00fcllt, und das faszinierende, duftende essentielles Weihrauch\u00f6l von Occulta ist endlich ans Licht gekommen.","og_url":"https:\/\/dutchhealthstore.com\/de\/product\/frankincense-occulta-essential-oil\/","og_site_name":"Dutch Health Store","article_publisher":"https:\/\/www.instagram.com\/dutchhealthstore\/","article_modified_time":"2023-12-28T10:01:05+00:00","og_image":[{"width":500,"height":500,"url":"https:\/\/dutchhealthstore.com\/wp-content\/uploads\/2022\/07\/frankincenseocculta.jpg","type":"image\/jpeg"}],"twitter_card":"summary_large_image","twitter_misc":{"Verf\u00fcgbarkeit":"Auf Lager"},"schema":{"@context":"https:\/\/schema.org","@graph":[{"@type":"WebPage","@id":"https:\/\/dutchhealthstore.com\/de\/product\/frankincense-occulta-essential-oil\/","url":"https:\/\/dutchhealthstore.com\/de\/product\/frankincense-occulta-essential-oil\/","name":"Looking for Frankincense, Occulta Essential Oil ? - Living Libations","isPartOf":{"@id":"https:\/\/dutchhealthstore.com\/de\/#website"},"primaryImageOfPage":{"@id":"https:\/\/dutchhealthstore.com\/de\/product\/frankincense-occulta-essential-oil\/#primaryimage"},"image":{"@id":"https:\/\/dutchhealthstore.com\/de\/product\/frankincense-occulta-essential-oil\/#primaryimage"},"thumbnailUrl":"https:\/\/dutchhealthstore.com\/wp-content\/uploads\/2022\/07\/frankincenseocculta.jpg","datePublished":"2022-08-04T07:30:27+00:00","dateModified":"2023-12-28T10:01:05+00:00","description":"Alles Verborgene wird enth\u00fcllt, und das faszinierende, duftende essentielles Weihrauch\u00f6l von Occulta ist endlich ans Licht gekommen.","breadcrumb":{"@id":"https:\/\/dutchhealthstore.com\/de\/product\/frankincense-occulta-essential-oil\/#breadcrumb"},"inLanguage":"de","potentialAction":[{"@type":"ReadAction","target":["https:\/\/dutchhealthstore.com\/de\/product\/frankincense-occulta-essential-oil\/"]}]},{"@type":"ImageObject","inLanguage":"de","@id":"https:\/\/dutchhealthstore.com\/de\/product\/frankincense-occulta-essential-oil\/#primaryimage","url":"https:\/\/dutchhealthstore.com\/wp-content\/uploads\/2022\/07\/frankincenseocculta.jpg","contentUrl":"https:\/\/dutchhealthstore.com\/wp-content\/uploads\/2022\/07\/frankincenseocculta.jpg","width":500,"height":500,"caption":"frankincenseocculta"},{"@type":"BreadcrumbList","@id":"https:\/\/dutchhealthstore.com\/de\/product\/frankincense-occulta-essential-oil\/#breadcrumb","itemListElement":[{"@type":"ListItem","position":1,"name":"Home","item":"https:\/\/dutchhealthstore.com\/de\/"},{"@type":"ListItem","position":2,"name":"Shop","item":"https:\/\/dutchhealthstore.com\/de\/shop-2\/"},{"@type":"ListItem","position":3,"name":"Frankincense, Occulta Essential Oil"}]},{"@type":"WebSite","@id":"https:\/\/dutchhealthstore.com\/de\/#website","url":"https:\/\/dutchhealthstore.com\/de\/","name":"Dutch Health Store","description":"Enhance Your Beauty with Organic &amp; Natural Skincare","publisher":{"@id":"https:\/\/dutchhealthstore.com\/de\/#organization"},"potentialAction":[{"@type":"SearchAction","target":{"@type":"EntryPoint","urlTemplate":"https:\/\/dutchhealthstore.com\/de\/?s={search_term_string}"},"query-input":{"@type":"PropertyValueSpecification","valueRequired":true,"valueName":"search_term_string"}}],"inLanguage":"de"},{"@type":"Organization","@id":"https:\/\/dutchhealthstore.com\/de\/#organization","name":"Dutch Health Store","url":"https:\/\/dutchhealthstore.com\/de\/","logo":{"@type":"ImageObject","inLanguage":"de","@id":"https:\/\/dutchhealthstore.com\/de\/#\/schema\/logo\/image\/","url":"https:\/\/dutchhealthstore.com\/wp-content\/uploads\/2020\/08\/logo-dutchhealthstore-jpg-e1599484957574.jpg","contentUrl":"https:\/\/dutchhealthstore.com\/wp-content\/uploads\/2020\/08\/logo-dutchhealthstore-jpg-e1599484957574.jpg","width":400,"height":62,"caption":"Dutch Health Store"},"image":{"@id":"https:\/\/dutchhealthstore.com\/de\/#\/schema\/logo\/image\/"},"sameAs":["https:\/\/www.instagram.com\/dutchhealthstore\/","https:\/\/www.facebook.com\/dutchhealthstore"]}]},"product_brand":"Living Libations","og_availability":"instock","product_availability":"instock","product_condition":"new"},"_links":{"self":[{"href":"https:\/\/dutchhealthstore.com\/de\/wp-json\/wp\/v2\/product\/217059","targetHints":{"allow":["GET"]}}],"collection":[{"href":"https:\/\/dutchhealthstore.com\/de\/wp-json\/wp\/v2\/product"}],"about":[{"href":"https:\/\/dutchhealthstore.com\/de\/wp-json\/wp\/v2\/types\/product"}],"replies":[{"embeddable":true,"href":"https:\/\/dutchhealthstore.com\/de\/wp-json\/wp\/v2\/comments?post=217059"}],"wp:featuredmedia":[{"embeddable":true,"href":"https:\/\/dutchhealthstore.com\/de\/wp-json\/wp\/v2\/media\/214040"}],"wp:attachment":[{"href":"https:\/\/dutchhealthstore.com\/de\/wp-json\/wp\/v2\/media?parent=217059"}],"wp:term":[{"taxonomy":"product_brand","embeddable":true,"href":"https:\/\/dutchhealthstore.com\/de\/wp-json\/wp\/v2\/product_brand?post=217059"},{"taxonomy":"product_cat","embeddable":true,"href":"https:\/\/dutchhealthstore.com\/de\/wp-json\/wp\/v2\/product_cat?post=217059"},{"taxonomy":"product_tag","embeddable":true,"href":"https:\/\/dutchhealthstore.com\/de\/wp-json\/wp\/v2\/product_tag?post=217059"}],"curies":[{"name":"wp","href":"https:\/\/api.w.org\/{rel}","templated":true}]}}