{"id":215339,"date":"2022-06-17T07:27:04","date_gmt":"2022-06-17T05:27:04","guid":{"rendered":"https:\/\/dutchhealthstore.com\/product\/cilantro-leaf-essential-oil\/"},"modified":"2026-01-24T11:45:29","modified_gmt":"2026-01-24T10:45:29","slug":"cilantro-leaf-essential-oil","status":"publish","type":"product","link":"https:\/\/dutchhealthstore.com\/de\/product\/cilantro-leaf-essential-oil\/","title":{"rendered":"Cilantro Leaf Essential oil"},"content":{"rendered":"<p>Das saubere und gr\u00fcne <strong>Cilantro Essential oil<\/strong> bietet das vertraute Aroma von taufrischem Gras, ein w\u00fcrziger Duft, der seit Jahrhunderten in Parf\u00fcms und in der K\u00fcche gemischt und abgef\u00fcllt wird. Cilantro wird aus biologisch angebauten Bl\u00e4ttern aus \u00c4gypten destilliert und f\u00fchlt sich frisch an, w\u00e4hrend es den Teint strafft und belebt. Das krautige Aroma beruhigt die Gem\u00fcter und macht den Kopf frei f\u00fcr ruhige Konzentration.<\/p>\n<p>Siehe Coriander Essential oil f\u00fcr die destillierte Essenz aus den Samen dieses Krauts.<\/p>\n<p><strong>Botanischer Name: <\/strong><em>Coriandrum sativum<\/em><br \/>\n<strong>Botanische Familie: <\/strong><em>Umbelliferae<\/em><br \/>\n<strong>Extraktionsverfahren: <\/strong>Dampfdestilliert<br \/>\n<strong>Teil der Pflanze Destilliert:<\/strong> Bl\u00e4tter<br \/>\n<strong>Herkunftsland: <\/strong>\u00c4gypten<br \/>\n<strong>Anbaumethode: <\/strong>Bio<br \/>\n<strong>Zusammensetzung: <\/strong>100% <em>Coriandrum sativum<\/em><br \/>\n<strong>Konsistenz:<\/strong> Hellgelb mit d\u00fcnner Viskosit\u00e4t.<br \/>\n<strong>Beschreibung des Duftes: <\/strong>Pikant und sauber. Gr\u00fcnes, frisches Gras mit einem Hauch von Moschus.<br \/>\n<strong>Gut mischbar mit: <\/strong>Basilikum, Koriander, Muskatellersalbei, Jasmin, Zitrone, Orange, Curryblatt, Sandelholz, Rose, Ylang, Vetiver, Strohblume, Bergamotte, Orange und Gew\u00fcrzen wie schwarzem Pfeffer, Ingwer und Zimt<br \/>\n<strong>Verwendung: <\/strong>Fesselnde Frische in Parf\u00fcms und Deodorants. Als belebender und erfrischender Teintnebel verwenden. Geben Sie einen k\u00f6stlichen Tropfen als kulinarische Kr\u00f6nung in Dressings und So\u00dfen. Diffundiert, um die Stimmung zu heben und R\u00e4ume zu erfrischen.<br \/>\n<strong>Inhaltsstoffe: <\/strong>Reich an Aldehyden und Monoterpenen.<\/p>\n<p>&nbsp;<\/p>\n<p>Ein dynamisches Kraut, <em>Coriandrum sativum,<\/em> bietet zwei \u00e4therische \u00d6le: \u00c4therisches Koriander\u00f6l, destilliert aus den gr\u00fcnen Bl\u00e4ttern, und \u00e4therisches Koriander\u00f6l, destilliert aus den kleinen Samen.<\/p>\n<p>Koriander war im Alten Testament einer der Stars unter den Kr\u00e4utern, der bei den Pessachfeiern gegessen und als Geschenk Gottes genossen wurde. Heute ist Cilantro eines der beliebtesten Kr\u00e4uter und wird in den K\u00fcchen der ganzen Welt gesch\u00e4tzt. \u00c4therisches Koriander\u00f6l hat GRAS-Status bei der FDA, und ein oder zwei Tropfen, die kurz vor dem Servieren hinzugef\u00fcgt werden, sind ein vollwertiger Ersatz f\u00fcr frischen Koriander in vielen Gerichten, einschlie\u00dflich Guacamole, Suppen, Fr\u00fchlingsrollen und Pfannengerichten.<\/p>\n<p>Der frische, helle Duft von Cilantro eignet sich hervorragend f\u00fcr leichte und saubere Parfums, K\u00f6rper\u00f6le und Deodorants. Das \u00d6l ist eine wahre Fundgrube an Monoterpenen, was es zu einer hervorragenden Wahl f\u00fcr porenverfeinernde und teintaufhellende Seren macht, und es ist besonders gut in Kombination mit Immortelle, Rose Otto oder Ylang.<\/p>\n<p>In der Mundpflege kann das \u00e4therische \u00d6l von Cilantro die \u00e4therischen \u00d6le von Pfefferminze oder Koriander als bakterienhemmendes Atembalsam ersetzen. Das herrlich gr\u00fcne Aroma in Kombination mit Zitrusfr\u00fcchten und Lavendel in einem Diffusor oder einer Reinigungsl\u00f6sung f\u00fcr zu Hause sorgt f\u00fcr eine beruhigende, reinigende und kl\u00e4rende Atmosph\u00e4re.<\/p>\n<p><strong>Gr\u00f6\u00dfe: 5 ml und 15 ml<\/strong><\/p>\n","protected":false},"excerpt":{"rendered":"<p>Korianderliebhaber, freut euch!<\/p>\n","protected":false},"featured_media":211582,"comment_status":"open","ping_status":"closed","template":"","meta":[],"product_brand":[],"product_cat":[1546,6737,1508,1032,1493,1210,511],"product_tag":[1547],"class_list":{"0":"post-215339","1":"product","2":"type-product","3":"status-publish","4":"has-post-thumbnail","6":"product_cat-essential-oils-living-libations-de","7":"product_cat-essential-oils-de-2","8":"product_cat-aetherische-oele-living-libations","9":"product_cat-kategorien","10":"product_cat-living-libations-deutschland","11":"product_cat-marken","12":"product_cat-produkte","13":"product_tag-essential-oil-de","14":"pa_brand-livinglibations-de","15":"pa_essential-oils-product-type-essential-oils-de","16":"pa_size-15-ml-de-2","17":"pa_size-5-ml-de","19":"first","20":"instock","21":"taxable","22":"shipping-taxable","23":"purchasable","24":"product-type-variable"},"bundled_by":[],"bundle_stock_status":"instock","bundle_stock_quantity":null,"bundle_virtual":false,"bundle_layout":"","bundle_add_to_cart_form_location":"","bundle_editable_in_cart":false,"bundle_sold_individually_context":"","bundle_item_grouping":"","bundle_min_size":"","bundle_max_size":"","bundle_price":[],"bundled_items":[],"bundle_sell_ids":[],"atum_controlled":true,"out_stock_date":null,"out_stock_threshold":null,"inheritable":true,"stock_on_hold":0,"sold_today":0,"sales_last_days":0,"out_stock_days":0,"lost_sales":0,"update_date":"2026-04-22T00:10:38","atum_locations":[],"atum_stock_status":"instock","restock_status":false,"low_stock_amount":"","sales_update_date":"2026-04-22T00:10:38","calc_backorders":null,"group_of_quantity":0,"min_quantity":0,"max_quantity":"","exclude_order_quantity_value_rules":"no","exclude_category_quantity_rules":"no","combine_variations":"no","yoast_head":"<!-- This site is optimized with the Yoast SEO Premium plugin v26.5 (Yoast SEO v26.5) - https:\/\/yoast.com\/wordpress\/plugins\/seo\/ -->\n<title>Cilantro Leaf Essential oil - Living Libations<\/title>\n<meta name=\"description\" content=\"Korianderliebhaber, freut euch!\" \/>\n<meta name=\"robots\" content=\"index, follow, max-snippet:-1, max-image-preview:large, max-video-preview:-1\" \/>\n<link rel=\"canonical\" href=\"https:\/\/dutchhealthstore.com\/de\/product\/cilantro-leaf-essential-oil\/\" \/>\n<meta property=\"og:locale\" content=\"de_DE\" \/>\n<meta property=\"og:type\" content=\"article\" \/>\n<meta property=\"og:title\" content=\"Cilantro Leaf Essential oil - Dutch Health Store\" \/>\n<meta property=\"og:description\" content=\"Korianderliebhaber, freut euch!\" \/>\n<meta property=\"og:url\" content=\"https:\/\/dutchhealthstore.com\/de\/product\/cilantro-leaf-essential-oil\/\" \/>\n<meta property=\"og:site_name\" content=\"Dutch Health Store\" \/>\n<meta property=\"article:publisher\" content=\"https:\/\/www.instagram.com\/dutchhealthstore\/\" \/>\n<meta property=\"article:modified_time\" content=\"2026-01-24T10:45:29+00:00\" \/>\n<meta property=\"og:image\" content=\"https:\/\/dutchhealthstore.com\/wp-content\/uploads\/2022\/06\/cilantroessential-oil.jpg\" \/>\n\t<meta property=\"og:image:width\" content=\"500\" \/>\n\t<meta property=\"og:image:height\" content=\"500\" \/>\n\t<meta property=\"og:image:type\" content=\"image\/jpeg\" \/>\n<meta name=\"twitter:card\" content=\"summary_large_image\" \/>\n<meta name=\"twitter:label1\" content=\"Verf\u00fcgbarkeit\" \/>\n\t<meta name=\"twitter:data1\" content=\"Auf Lager\" \/>\n<script type=\"application\/ld+json\" class=\"yoast-schema-graph\">{\"@context\":\"https:\/\/schema.org\",\"@graph\":[{\"@type\":\"WebPage\",\"@id\":\"https:\/\/dutchhealthstore.com\/de\/product\/cilantro-leaf-essential-oil\/\",\"url\":\"https:\/\/dutchhealthstore.com\/de\/product\/cilantro-leaf-essential-oil\/\",\"name\":\"Cilantro Leaf Essential oil - Living Libations\",\"isPartOf\":{\"@id\":\"https:\/\/dutchhealthstore.com\/de\/#website\"},\"primaryImageOfPage\":{\"@id\":\"https:\/\/dutchhealthstore.com\/de\/product\/cilantro-leaf-essential-oil\/#primaryimage\"},\"image\":{\"@id\":\"https:\/\/dutchhealthstore.com\/de\/product\/cilantro-leaf-essential-oil\/#primaryimage\"},\"thumbnailUrl\":\"https:\/\/dutchhealthstore.com\/wp-content\/uploads\/2022\/06\/cilantroessential-oil.jpg\",\"datePublished\":\"2022-06-17T05:27:04+00:00\",\"dateModified\":\"2026-01-24T10:45:29+00:00\",\"description\":\"Korianderliebhaber, freut euch!\",\"breadcrumb\":{\"@id\":\"https:\/\/dutchhealthstore.com\/de\/product\/cilantro-leaf-essential-oil\/#breadcrumb\"},\"inLanguage\":\"de\",\"potentialAction\":[{\"@type\":\"ReadAction\",\"target\":[\"https:\/\/dutchhealthstore.com\/de\/product\/cilantro-leaf-essential-oil\/\"]}]},{\"@type\":\"ImageObject\",\"inLanguage\":\"de\",\"@id\":\"https:\/\/dutchhealthstore.com\/de\/product\/cilantro-leaf-essential-oil\/#primaryimage\",\"url\":\"https:\/\/dutchhealthstore.com\/wp-content\/uploads\/2022\/06\/cilantroessential-oil.jpg\",\"contentUrl\":\"https:\/\/dutchhealthstore.com\/wp-content\/uploads\/2022\/06\/cilantroessential-oil.jpg\",\"width\":500,\"height\":500,\"caption\":\"cilantroessential oil\"},{\"@type\":\"BreadcrumbList\",\"@id\":\"https:\/\/dutchhealthstore.com\/de\/product\/cilantro-leaf-essential-oil\/#breadcrumb\",\"itemListElement\":[{\"@type\":\"ListItem\",\"position\":1,\"name\":\"Home\",\"item\":\"https:\/\/dutchhealthstore.com\/de\/\"},{\"@type\":\"ListItem\",\"position\":2,\"name\":\"Shop\",\"item\":\"https:\/\/dutchhealthstore.com\/de\/shop-2\/\"},{\"@type\":\"ListItem\",\"position\":3,\"name\":\"Cilantro Leaf Essential oil\"}]},{\"@type\":\"WebSite\",\"@id\":\"https:\/\/dutchhealthstore.com\/de\/#website\",\"url\":\"https:\/\/dutchhealthstore.com\/de\/\",\"name\":\"Dutch Health Store\",\"description\":\"Enhance Your Beauty with Organic &amp; Natural Skincare\",\"publisher\":{\"@id\":\"https:\/\/dutchhealthstore.com\/de\/#organization\"},\"potentialAction\":[{\"@type\":\"SearchAction\",\"target\":{\"@type\":\"EntryPoint\",\"urlTemplate\":\"https:\/\/dutchhealthstore.com\/de\/?s={search_term_string}\"},\"query-input\":{\"@type\":\"PropertyValueSpecification\",\"valueRequired\":true,\"valueName\":\"search_term_string\"}}],\"inLanguage\":\"de\"},{\"@type\":\"Organization\",\"@id\":\"https:\/\/dutchhealthstore.com\/de\/#organization\",\"name\":\"Dutch Health Store\",\"url\":\"https:\/\/dutchhealthstore.com\/de\/\",\"logo\":{\"@type\":\"ImageObject\",\"inLanguage\":\"de\",\"@id\":\"https:\/\/dutchhealthstore.com\/de\/#\/schema\/logo\/image\/\",\"url\":\"https:\/\/dutchhealthstore.com\/wp-content\/uploads\/2020\/08\/logo-dutchhealthstore-jpg-e1599484957574.jpg\",\"contentUrl\":\"https:\/\/dutchhealthstore.com\/wp-content\/uploads\/2020\/08\/logo-dutchhealthstore-jpg-e1599484957574.jpg\",\"width\":400,\"height\":62,\"caption\":\"Dutch Health Store\"},\"image\":{\"@id\":\"https:\/\/dutchhealthstore.com\/de\/#\/schema\/logo\/image\/\"},\"sameAs\":[\"https:\/\/www.instagram.com\/dutchhealthstore\/\",\"https:\/\/www.facebook.com\/dutchhealthstore\"]}]}<\/script>\n<meta property=\"product:brand\" content=\"Living Libations\" \/>\n<meta property=\"og:availability\" content=\"instock\" \/>\n<meta property=\"product:availability\" content=\"instock\" \/>\n<meta property=\"product:condition\" content=\"new\" \/>\n<!-- \/ Yoast SEO Premium plugin. -->","yoast_head_json":{"title":"Cilantro Leaf Essential oil - Living Libations","description":"Korianderliebhaber, freut euch!","robots":{"index":"index","follow":"follow","max-snippet":"max-snippet:-1","max-image-preview":"max-image-preview:large","max-video-preview":"max-video-preview:-1"},"canonical":"https:\/\/dutchhealthstore.com\/de\/product\/cilantro-leaf-essential-oil\/","og_locale":"de_DE","og_type":"article","og_title":"Cilantro Leaf Essential oil - Dutch Health Store","og_description":"Korianderliebhaber, freut euch!","og_url":"https:\/\/dutchhealthstore.com\/de\/product\/cilantro-leaf-essential-oil\/","og_site_name":"Dutch Health Store","article_publisher":"https:\/\/www.instagram.com\/dutchhealthstore\/","article_modified_time":"2026-01-24T10:45:29+00:00","og_image":[{"width":500,"height":500,"url":"https:\/\/dutchhealthstore.com\/wp-content\/uploads\/2022\/06\/cilantroessential-oil.jpg","type":"image\/jpeg"}],"twitter_card":"summary_large_image","twitter_misc":{"Verf\u00fcgbarkeit":"Auf Lager"},"schema":{"@context":"https:\/\/schema.org","@graph":[{"@type":"WebPage","@id":"https:\/\/dutchhealthstore.com\/de\/product\/cilantro-leaf-essential-oil\/","url":"https:\/\/dutchhealthstore.com\/de\/product\/cilantro-leaf-essential-oil\/","name":"Cilantro Leaf Essential oil - Living Libations","isPartOf":{"@id":"https:\/\/dutchhealthstore.com\/de\/#website"},"primaryImageOfPage":{"@id":"https:\/\/dutchhealthstore.com\/de\/product\/cilantro-leaf-essential-oil\/#primaryimage"},"image":{"@id":"https:\/\/dutchhealthstore.com\/de\/product\/cilantro-leaf-essential-oil\/#primaryimage"},"thumbnailUrl":"https:\/\/dutchhealthstore.com\/wp-content\/uploads\/2022\/06\/cilantroessential-oil.jpg","datePublished":"2022-06-17T05:27:04+00:00","dateModified":"2026-01-24T10:45:29+00:00","description":"Korianderliebhaber, freut euch!","breadcrumb":{"@id":"https:\/\/dutchhealthstore.com\/de\/product\/cilantro-leaf-essential-oil\/#breadcrumb"},"inLanguage":"de","potentialAction":[{"@type":"ReadAction","target":["https:\/\/dutchhealthstore.com\/de\/product\/cilantro-leaf-essential-oil\/"]}]},{"@type":"ImageObject","inLanguage":"de","@id":"https:\/\/dutchhealthstore.com\/de\/product\/cilantro-leaf-essential-oil\/#primaryimage","url":"https:\/\/dutchhealthstore.com\/wp-content\/uploads\/2022\/06\/cilantroessential-oil.jpg","contentUrl":"https:\/\/dutchhealthstore.com\/wp-content\/uploads\/2022\/06\/cilantroessential-oil.jpg","width":500,"height":500,"caption":"cilantroessential oil"},{"@type":"BreadcrumbList","@id":"https:\/\/dutchhealthstore.com\/de\/product\/cilantro-leaf-essential-oil\/#breadcrumb","itemListElement":[{"@type":"ListItem","position":1,"name":"Home","item":"https:\/\/dutchhealthstore.com\/de\/"},{"@type":"ListItem","position":2,"name":"Shop","item":"https:\/\/dutchhealthstore.com\/de\/shop-2\/"},{"@type":"ListItem","position":3,"name":"Cilantro Leaf Essential oil"}]},{"@type":"WebSite","@id":"https:\/\/dutchhealthstore.com\/de\/#website","url":"https:\/\/dutchhealthstore.com\/de\/","name":"Dutch Health Store","description":"Enhance Your Beauty with Organic &amp; Natural Skincare","publisher":{"@id":"https:\/\/dutchhealthstore.com\/de\/#organization"},"potentialAction":[{"@type":"SearchAction","target":{"@type":"EntryPoint","urlTemplate":"https:\/\/dutchhealthstore.com\/de\/?s={search_term_string}"},"query-input":{"@type":"PropertyValueSpecification","valueRequired":true,"valueName":"search_term_string"}}],"inLanguage":"de"},{"@type":"Organization","@id":"https:\/\/dutchhealthstore.com\/de\/#organization","name":"Dutch Health Store","url":"https:\/\/dutchhealthstore.com\/de\/","logo":{"@type":"ImageObject","inLanguage":"de","@id":"https:\/\/dutchhealthstore.com\/de\/#\/schema\/logo\/image\/","url":"https:\/\/dutchhealthstore.com\/wp-content\/uploads\/2020\/08\/logo-dutchhealthstore-jpg-e1599484957574.jpg","contentUrl":"https:\/\/dutchhealthstore.com\/wp-content\/uploads\/2020\/08\/logo-dutchhealthstore-jpg-e1599484957574.jpg","width":400,"height":62,"caption":"Dutch Health Store"},"image":{"@id":"https:\/\/dutchhealthstore.com\/de\/#\/schema\/logo\/image\/"},"sameAs":["https:\/\/www.instagram.com\/dutchhealthstore\/","https:\/\/www.facebook.com\/dutchhealthstore"]}]},"product_brand":"Living Libations","og_availability":"instock","product_availability":"instock","product_condition":"new"},"_links":{"self":[{"href":"https:\/\/dutchhealthstore.com\/de\/wp-json\/wp\/v2\/product\/215339","targetHints":{"allow":["GET"]}}],"collection":[{"href":"https:\/\/dutchhealthstore.com\/de\/wp-json\/wp\/v2\/product"}],"about":[{"href":"https:\/\/dutchhealthstore.com\/de\/wp-json\/wp\/v2\/types\/product"}],"replies":[{"embeddable":true,"href":"https:\/\/dutchhealthstore.com\/de\/wp-json\/wp\/v2\/comments?post=215339"}],"wp:featuredmedia":[{"embeddable":true,"href":"https:\/\/dutchhealthstore.com\/de\/wp-json\/wp\/v2\/media\/211582"}],"wp:attachment":[{"href":"https:\/\/dutchhealthstore.com\/de\/wp-json\/wp\/v2\/media?parent=215339"}],"wp:term":[{"taxonomy":"product_brand","embeddable":true,"href":"https:\/\/dutchhealthstore.com\/de\/wp-json\/wp\/v2\/product_brand?post=215339"},{"taxonomy":"product_cat","embeddable":true,"href":"https:\/\/dutchhealthstore.com\/de\/wp-json\/wp\/v2\/product_cat?post=215339"},{"taxonomy":"product_tag","embeddable":true,"href":"https:\/\/dutchhealthstore.com\/de\/wp-json\/wp\/v2\/product_tag?post=215339"}],"curies":[{"name":"wp","href":"https:\/\/api.w.org\/{rel}","templated":true}]}}