{"id":213957,"date":"2022-06-28T11:35:32","date_gmt":"2022-06-28T09:35:32","guid":{"rendered":"https:\/\/dutchhealthstore.com\/product\/full-spectrum-he-shou-wu-foti-root-extract-powder-superior-quality\/"},"modified":"2026-01-05T15:05:38","modified_gmt":"2026-01-05T14:05:38","slug":"full-spectrum-he-shou-wu-foti-root-extract-powder-superior-quality","status":"publish","type":"product","link":"https:\/\/dutchhealthstore.com\/de\/product\/full-spectrum-he-shou-wu-foti-root-extract-powder-superior-quality\/","title":{"rendered":"Full Spectrum He Shou Wu (Foti) Root Extract Powder &#8211; Superior Quality"},"content":{"rendered":"<p>Ein spezielles temperaturgesteuertes Verfahren wird angewandt, um die Eigenschaften der Wurzel perfekt zu ber\u00fccksichtigen und sicherzustellen, dass alle nat\u00fcrlich vorkommenden und wertvollsten Bestandteile im Extrakt in denselben Anteilen wie in der urspr\u00fcnglichen Pflanze enthalten sind, wodurch ein perfekter Extrakt mit vollem Spektrum entsteht.<\/p>\n<p>Alle unsere Tonic-Kr\u00e4uter-Extrakt-Pulver werden in h\u00f6chster Qualit\u00e4t mit modernster Technologie hergestellt, die es erm\u00f6glicht, die Extraktfl\u00fcssigkeiten sorgf\u00e4ltig zu einem mikrofeinen Pulver zu dehydrieren, das sich in jeder Fl\u00fcssigkeit oder in warmem Wasser wieder aufl\u00f6st.<\/p>\n<p>Sie werden in dunklen Glasbeh\u00e4ltern geliefert und sind absolut frei von jeglichen Zusatz- und F\u00fcllstoffen, synthetischen Zutaten, Konservierungsmitteln, Mehlen und anderen F\u00fcllstoffen, GVOs, Milchprodukten und Gluten. Jedes Pulver wird gr\u00fcndlich auf Schwermetalle, Pestizide und andere Verunreinigungen getestet &#8211; ein Analysezertifikat ist auf Anfrage f\u00fcr jeden Kr\u00e4uterextrakt erh\u00e4ltlich.<\/p>\n<h3><strong>Gr\u00f6\u00dfe: 80 gr<\/strong><\/h3>\n<h3><strong>Nat\u00fcrliche\/Bio-Zutaten <\/strong><\/h3>\n<ul>\n<li>10:1 Vollspektrum-Extrakt aus pr\u00e4parierter* He Shou Wu-Wurzel<em>(Polygonum multiflorum<\/em>)<\/li>\n<\/ul>\n<p>* Zubereitet durch Kochen mit einer schwarzen Bohnensuppe vor dem Herausnehmen.<\/p>\n<p>Ohne Zusatz von F\u00fcllstoffen oder Konservierungsmitteln.<br \/>\nDas Produkt wird sorgf\u00e4ltig aus den Changbai-Bergen in China bezogen.<\/p>\n<h3><strong>Wie benutzt man <\/strong><\/h3>\n<p>1 g (ca. \u00bd gestrichener Teel\u00f6ffel) mit warmem Wasser oder als Zusatz zu Ihrem Lieblingstee, Smoothie oder Getr\u00e4nk Ihrer Wahl. Kann auch \u00fcber Salat oder warme Speisen gestreut werden.<\/p>\n<p><a href=\"https:\/\/dutchhealthstore.com\/wp-content\/uploads\/2022\/06\/navimountainjingthumb-e1656422601212.jpg\"><img fetchpriority=\"high\" decoding=\"async\" class=\"alignnone wp-image-213072 size-full\" src=\"https:\/\/dutchhealthstore.com\/wp-content\/uploads\/2022\/06\/navimountainjingthumb-e1656422601212.jpg\" alt=\"navimountainjingthumb\" width=\"500\" height=\"215\" srcset=\"https:\/\/dutchhealthstore.com\/wp-content\/uploads\/2022\/06\/navimountainjingthumb-e1656422601212.jpg 500w, https:\/\/dutchhealthstore.com\/wp-content\/uploads\/2022\/06\/navimountainjingthumb-e1656422601212-64x28.jpg 64w\" sizes=\"(max-width: 500px) 100vw, 500px\" \/><\/a><\/p>\n","protected":false},"excerpt":{"rendered":"<p>Unsere He Shou Wu Root wird zun\u00e4chst in einer schwarzen Bohnensuppe ged\u00fcnstet und dann mit gereinigtem Wasser extrahiert und nach den alten Weisheiten der traditionellen chinesischen Medizin verarbeitet.<\/p>\n","protected":false},"featured_media":212976,"comment_status":"open","ping_status":"closed","template":"","meta":[],"product_brand":[],"product_cat":[6766,8473,1032,1210,4618,8472,8982,9967,511,6747,4632,8789,6736],"product_tag":[21362,21541,21538,21522,21521],"class_list":{"0":"post-213957","1":"product","2":"type-product","3":"status-publish","4":"has-post-thumbnail","6":"product_cat-energy-vitality-de-2","7":"product_cat-health-de-2","8":"product_cat-kategorien","9":"product_cat-marken","10":"product_cat-navi-organics-de","11":"product_cat-nutrition-de","12":"product_cat-optimum-health-de-2","13":"product_cat-mushrooms-de-2","14":"product_cat-produkte","15":"product_cat-mood-de-2","16":"product_cat-superfoods-de-2","17":"product_cat-superfoods-herbals-de-2","18":"product_cat-wellness-de","19":"product_tag-anti-aging-de","20":"product_tag-erganzung","21":"product_tag-haarwachstum","22":"product_tag-optimale-gesundheit","23":"product_tag-superfood-de","24":"pa_brand-naviorganics-de","25":"pa_gtin-6096417086076-de","26":"pa_health-productype-supplements-de","27":"pa_size-80-gr-de","29":"first","30":"instock","31":"taxable","32":"shipping-taxable","33":"purchasable","34":"product-type-simple"},"bundled_by":[],"bundle_stock_status":"instock","bundle_stock_quantity":3,"bundle_virtual":false,"bundle_layout":"","bundle_add_to_cart_form_location":"","bundle_editable_in_cart":false,"bundle_sold_individually_context":"","bundle_item_grouping":"","bundle_min_size":"","bundle_max_size":"","bundle_price":[],"bundled_items":[],"bundle_sell_ids":[],"atum_controlled":true,"out_stock_date":null,"out_stock_threshold":null,"inheritable":false,"stock_on_hold":0,"sold_today":0,"sales_last_days":0,"out_stock_days":0,"lost_sales":0,"update_date":"2026-04-13T07:21:18","atum_locations":[],"atum_stock_status":"instock","restock_status":false,"low_stock_amount":"","sales_update_date":"2026-04-13T07:21:18","calc_backorders":null,"group_of_quantity":0,"min_quantity":0,"max_quantity":"","exclude_order_quantity_value_rules":"no","exclude_category_quantity_rules":"no","combine_variations":"no","yoast_head":"<!-- This site is optimized with the Yoast SEO Premium plugin v26.5 (Yoast SEO v26.5) - https:\/\/yoast.com\/wordpress\/plugins\/seo\/ -->\n<title>Full Spectrum He Shou Wu (Foti) Root Extract Powder - Superior Quality - &#039;Vi Organics<\/title>\n<meta name=\"description\" content=\"Unsere He Shou Wu Root wird zun\u00e4chst in einer schwarzen Bohnensuppe ged\u00fcnstet und dann mit gereinigtem Wasser extrahiert und nach den alten Weisheiten der traditionellen chinesischen Medizin verarbeitet.\" \/>\n<meta name=\"robots\" content=\"index, follow, max-snippet:-1, max-image-preview:large, max-video-preview:-1\" \/>\n<link rel=\"canonical\" href=\"https:\/\/dutchhealthstore.com\/de\/product\/full-spectrum-he-shou-wu-foti-root-extract-powder-superior-quality\/\" \/>\n<meta property=\"og:locale\" content=\"de_DE\" \/>\n<meta property=\"og:type\" content=\"article\" \/>\n<meta property=\"og:title\" content=\"Full Spectrum He Shou Wu (Foti) Root Extract Powder - Superior Quality - Dutch Health Store\" \/>\n<meta property=\"og:description\" content=\"Unsere He Shou Wu Root wird zun\u00e4chst in einer schwarzen Bohnensuppe ged\u00fcnstet und dann mit gereinigtem Wasser extrahiert und nach den alten Weisheiten der traditionellen chinesischen Medizin verarbeitet.\" \/>\n<meta property=\"og:url\" content=\"https:\/\/dutchhealthstore.com\/de\/product\/full-spectrum-he-shou-wu-foti-root-extract-powder-superior-quality\/\" \/>\n<meta property=\"og:site_name\" content=\"Dutch Health Store\" \/>\n<meta property=\"article:publisher\" content=\"https:\/\/www.instagram.com\/dutchhealthstore\/\" \/>\n<meta property=\"article:modified_time\" content=\"2026-01-05T14:05:38+00:00\" \/>\n<meta property=\"og:image\" content=\"https:\/\/dutchhealthstore.com\/wp-content\/uploads\/2022\/06\/naviheshouwurootextract.jpg\" \/>\n\t<meta property=\"og:image:width\" content=\"500\" \/>\n\t<meta property=\"og:image:height\" content=\"500\" \/>\n\t<meta property=\"og:image:type\" content=\"image\/jpeg\" \/>\n<meta name=\"twitter:card\" content=\"summary_large_image\" \/>\n<meta name=\"twitter:label1\" content=\"Preis\" \/>\n\t<meta name=\"twitter:data1\" content=\"&euro;31,00\" \/>\n\t<meta name=\"twitter:label2\" content=\"Verf\u00fcgbarkeit\" \/>\n\t<meta name=\"twitter:data2\" content=\"Auf Lager\" \/>\n<script type=\"application\/ld+json\" class=\"yoast-schema-graph\">{\"@context\":\"https:\/\/schema.org\",\"@graph\":[{\"@type\":\"WebPage\",\"@id\":\"https:\/\/dutchhealthstore.com\/de\/product\/full-spectrum-he-shou-wu-foti-root-extract-powder-superior-quality\/\",\"url\":\"https:\/\/dutchhealthstore.com\/de\/product\/full-spectrum-he-shou-wu-foti-root-extract-powder-superior-quality\/\",\"name\":\"Full Spectrum He Shou Wu (Foti) Root Extract Powder - Superior Quality - 'Vi Organics\",\"isPartOf\":{\"@id\":\"https:\/\/dutchhealthstore.com\/de\/#website\"},\"primaryImageOfPage\":{\"@id\":\"https:\/\/dutchhealthstore.com\/de\/product\/full-spectrum-he-shou-wu-foti-root-extract-powder-superior-quality\/#primaryimage\"},\"image\":{\"@id\":\"https:\/\/dutchhealthstore.com\/de\/product\/full-spectrum-he-shou-wu-foti-root-extract-powder-superior-quality\/#primaryimage\"},\"thumbnailUrl\":\"https:\/\/dutchhealthstore.com\/wp-content\/uploads\/2022\/06\/naviheshouwurootextract.jpg\",\"datePublished\":\"2022-06-28T09:35:32+00:00\",\"dateModified\":\"2026-01-05T14:05:38+00:00\",\"description\":\"Unsere He Shou Wu Root wird zun\u00e4chst in einer schwarzen Bohnensuppe ged\u00fcnstet und dann mit gereinigtem Wasser extrahiert und nach den alten Weisheiten der traditionellen chinesischen Medizin verarbeitet.\",\"breadcrumb\":{\"@id\":\"https:\/\/dutchhealthstore.com\/de\/product\/full-spectrum-he-shou-wu-foti-root-extract-powder-superior-quality\/#breadcrumb\"},\"inLanguage\":\"de\",\"potentialAction\":[{\"@type\":\"ReadAction\",\"target\":[\"https:\/\/dutchhealthstore.com\/de\/product\/full-spectrum-he-shou-wu-foti-root-extract-powder-superior-quality\/\"]}]},{\"@type\":\"ImageObject\",\"inLanguage\":\"de\",\"@id\":\"https:\/\/dutchhealthstore.com\/de\/product\/full-spectrum-he-shou-wu-foti-root-extract-powder-superior-quality\/#primaryimage\",\"url\":\"https:\/\/dutchhealthstore.com\/wp-content\/uploads\/2022\/06\/naviheshouwurootextract.jpg\",\"contentUrl\":\"https:\/\/dutchhealthstore.com\/wp-content\/uploads\/2022\/06\/naviheshouwurootextract.jpg\",\"width\":500,\"height\":500,\"caption\":\"naviheshouwurootextrakt\"},{\"@type\":\"BreadcrumbList\",\"@id\":\"https:\/\/dutchhealthstore.com\/de\/product\/full-spectrum-he-shou-wu-foti-root-extract-powder-superior-quality\/#breadcrumb\",\"itemListElement\":[{\"@type\":\"ListItem\",\"position\":1,\"name\":\"Home\",\"item\":\"https:\/\/dutchhealthstore.com\/de\/\"},{\"@type\":\"ListItem\",\"position\":2,\"name\":\"Shop\",\"item\":\"https:\/\/dutchhealthstore.com\/de\/shop-2\/\"},{\"@type\":\"ListItem\",\"position\":3,\"name\":\"Full Spectrum He Shou Wu (Foti) Root Extract Powder &#8211; Superior Quality\"}]},{\"@type\":\"WebSite\",\"@id\":\"https:\/\/dutchhealthstore.com\/de\/#website\",\"url\":\"https:\/\/dutchhealthstore.com\/de\/\",\"name\":\"Dutch Health Store\",\"description\":\"Enhance Your Beauty with Organic &amp; Natural Skincare\",\"publisher\":{\"@id\":\"https:\/\/dutchhealthstore.com\/de\/#organization\"},\"potentialAction\":[{\"@type\":\"SearchAction\",\"target\":{\"@type\":\"EntryPoint\",\"urlTemplate\":\"https:\/\/dutchhealthstore.com\/de\/?s={search_term_string}\"},\"query-input\":{\"@type\":\"PropertyValueSpecification\",\"valueRequired\":true,\"valueName\":\"search_term_string\"}}],\"inLanguage\":\"de\"},{\"@type\":\"Organization\",\"@id\":\"https:\/\/dutchhealthstore.com\/de\/#organization\",\"name\":\"Dutch Health Store\",\"url\":\"https:\/\/dutchhealthstore.com\/de\/\",\"logo\":{\"@type\":\"ImageObject\",\"inLanguage\":\"de\",\"@id\":\"https:\/\/dutchhealthstore.com\/de\/#\/schema\/logo\/image\/\",\"url\":\"https:\/\/dutchhealthstore.com\/wp-content\/uploads\/2020\/08\/logo-dutchhealthstore-jpg-e1599484957574.jpg\",\"contentUrl\":\"https:\/\/dutchhealthstore.com\/wp-content\/uploads\/2020\/08\/logo-dutchhealthstore-jpg-e1599484957574.jpg\",\"width\":400,\"height\":62,\"caption\":\"Dutch Health Store\"},\"image\":{\"@id\":\"https:\/\/dutchhealthstore.com\/de\/#\/schema\/logo\/image\/\"},\"sameAs\":[\"https:\/\/www.instagram.com\/dutchhealthstore\/\",\"https:\/\/www.facebook.com\/dutchhealthstore\"]}]}<\/script>\n<meta property=\"product:brand\" content=\"Na\u00b4Vi Organics\" \/>\n<meta property=\"product:price:amount\" content=\"31.00\" \/>\n<meta property=\"product:price:currency\" content=\"EUR\" \/>\n<meta property=\"og:availability\" content=\"instock\" \/>\n<meta property=\"product:availability\" content=\"instock\" \/>\n<meta property=\"product:condition\" content=\"new\" \/>\n<!-- \/ Yoast SEO Premium plugin. -->","yoast_head_json":{"title":"Full Spectrum He Shou Wu (Foti) Root Extract Powder - Superior Quality - 'Vi Organics","description":"Unsere He Shou Wu Root wird zun\u00e4chst in einer schwarzen Bohnensuppe ged\u00fcnstet und dann mit gereinigtem Wasser extrahiert und nach den alten Weisheiten der traditionellen chinesischen Medizin verarbeitet.","robots":{"index":"index","follow":"follow","max-snippet":"max-snippet:-1","max-image-preview":"max-image-preview:large","max-video-preview":"max-video-preview:-1"},"canonical":"https:\/\/dutchhealthstore.com\/de\/product\/full-spectrum-he-shou-wu-foti-root-extract-powder-superior-quality\/","og_locale":"de_DE","og_type":"article","og_title":"Full Spectrum He Shou Wu (Foti) Root Extract Powder - Superior Quality - Dutch Health Store","og_description":"Unsere He Shou Wu Root wird zun\u00e4chst in einer schwarzen Bohnensuppe ged\u00fcnstet und dann mit gereinigtem Wasser extrahiert und nach den alten Weisheiten der traditionellen chinesischen Medizin verarbeitet.","og_url":"https:\/\/dutchhealthstore.com\/de\/product\/full-spectrum-he-shou-wu-foti-root-extract-powder-superior-quality\/","og_site_name":"Dutch Health Store","article_publisher":"https:\/\/www.instagram.com\/dutchhealthstore\/","article_modified_time":"2026-01-05T14:05:38+00:00","og_image":[{"width":500,"height":500,"url":"https:\/\/dutchhealthstore.com\/wp-content\/uploads\/2022\/06\/naviheshouwurootextract.jpg","type":"image\/jpeg"}],"twitter_card":"summary_large_image","twitter_misc":{"Preis":"&euro;31,00","Verf\u00fcgbarkeit":"Auf Lager"},"schema":{"@context":"https:\/\/schema.org","@graph":[{"@type":"WebPage","@id":"https:\/\/dutchhealthstore.com\/de\/product\/full-spectrum-he-shou-wu-foti-root-extract-powder-superior-quality\/","url":"https:\/\/dutchhealthstore.com\/de\/product\/full-spectrum-he-shou-wu-foti-root-extract-powder-superior-quality\/","name":"Full Spectrum He Shou Wu (Foti) Root Extract Powder - Superior Quality - 'Vi Organics","isPartOf":{"@id":"https:\/\/dutchhealthstore.com\/de\/#website"},"primaryImageOfPage":{"@id":"https:\/\/dutchhealthstore.com\/de\/product\/full-spectrum-he-shou-wu-foti-root-extract-powder-superior-quality\/#primaryimage"},"image":{"@id":"https:\/\/dutchhealthstore.com\/de\/product\/full-spectrum-he-shou-wu-foti-root-extract-powder-superior-quality\/#primaryimage"},"thumbnailUrl":"https:\/\/dutchhealthstore.com\/wp-content\/uploads\/2022\/06\/naviheshouwurootextract.jpg","datePublished":"2022-06-28T09:35:32+00:00","dateModified":"2026-01-05T14:05:38+00:00","description":"Unsere He Shou Wu Root wird zun\u00e4chst in einer schwarzen Bohnensuppe ged\u00fcnstet und dann mit gereinigtem Wasser extrahiert und nach den alten Weisheiten der traditionellen chinesischen Medizin verarbeitet.","breadcrumb":{"@id":"https:\/\/dutchhealthstore.com\/de\/product\/full-spectrum-he-shou-wu-foti-root-extract-powder-superior-quality\/#breadcrumb"},"inLanguage":"de","potentialAction":[{"@type":"ReadAction","target":["https:\/\/dutchhealthstore.com\/de\/product\/full-spectrum-he-shou-wu-foti-root-extract-powder-superior-quality\/"]}]},{"@type":"ImageObject","inLanguage":"de","@id":"https:\/\/dutchhealthstore.com\/de\/product\/full-spectrum-he-shou-wu-foti-root-extract-powder-superior-quality\/#primaryimage","url":"https:\/\/dutchhealthstore.com\/wp-content\/uploads\/2022\/06\/naviheshouwurootextract.jpg","contentUrl":"https:\/\/dutchhealthstore.com\/wp-content\/uploads\/2022\/06\/naviheshouwurootextract.jpg","width":500,"height":500,"caption":"naviheshouwurootextrakt"},{"@type":"BreadcrumbList","@id":"https:\/\/dutchhealthstore.com\/de\/product\/full-spectrum-he-shou-wu-foti-root-extract-powder-superior-quality\/#breadcrumb","itemListElement":[{"@type":"ListItem","position":1,"name":"Home","item":"https:\/\/dutchhealthstore.com\/de\/"},{"@type":"ListItem","position":2,"name":"Shop","item":"https:\/\/dutchhealthstore.com\/de\/shop-2\/"},{"@type":"ListItem","position":3,"name":"Full Spectrum He Shou Wu (Foti) Root Extract Powder &#8211; Superior Quality"}]},{"@type":"WebSite","@id":"https:\/\/dutchhealthstore.com\/de\/#website","url":"https:\/\/dutchhealthstore.com\/de\/","name":"Dutch Health Store","description":"Enhance Your Beauty with Organic &amp; Natural Skincare","publisher":{"@id":"https:\/\/dutchhealthstore.com\/de\/#organization"},"potentialAction":[{"@type":"SearchAction","target":{"@type":"EntryPoint","urlTemplate":"https:\/\/dutchhealthstore.com\/de\/?s={search_term_string}"},"query-input":{"@type":"PropertyValueSpecification","valueRequired":true,"valueName":"search_term_string"}}],"inLanguage":"de"},{"@type":"Organization","@id":"https:\/\/dutchhealthstore.com\/de\/#organization","name":"Dutch Health Store","url":"https:\/\/dutchhealthstore.com\/de\/","logo":{"@type":"ImageObject","inLanguage":"de","@id":"https:\/\/dutchhealthstore.com\/de\/#\/schema\/logo\/image\/","url":"https:\/\/dutchhealthstore.com\/wp-content\/uploads\/2020\/08\/logo-dutchhealthstore-jpg-e1599484957574.jpg","contentUrl":"https:\/\/dutchhealthstore.com\/wp-content\/uploads\/2020\/08\/logo-dutchhealthstore-jpg-e1599484957574.jpg","width":400,"height":62,"caption":"Dutch Health Store"},"image":{"@id":"https:\/\/dutchhealthstore.com\/de\/#\/schema\/logo\/image\/"},"sameAs":["https:\/\/www.instagram.com\/dutchhealthstore\/","https:\/\/www.facebook.com\/dutchhealthstore"]}]},"product_brand":"Na\u00b4Vi Organics","product_price_amount":"31.00","product_price_currency":"EUR","og_availability":"instock","product_availability":"instock","product_condition":"new"},"_links":{"self":[{"href":"https:\/\/dutchhealthstore.com\/de\/wp-json\/wp\/v2\/product\/213957","targetHints":{"allow":["GET"]}}],"collection":[{"href":"https:\/\/dutchhealthstore.com\/de\/wp-json\/wp\/v2\/product"}],"about":[{"href":"https:\/\/dutchhealthstore.com\/de\/wp-json\/wp\/v2\/types\/product"}],"replies":[{"embeddable":true,"href":"https:\/\/dutchhealthstore.com\/de\/wp-json\/wp\/v2\/comments?post=213957"}],"wp:featuredmedia":[{"embeddable":true,"href":"https:\/\/dutchhealthstore.com\/de\/wp-json\/wp\/v2\/media\/212976"}],"wp:attachment":[{"href":"https:\/\/dutchhealthstore.com\/de\/wp-json\/wp\/v2\/media?parent=213957"}],"wp:term":[{"taxonomy":"product_brand","embeddable":true,"href":"https:\/\/dutchhealthstore.com\/de\/wp-json\/wp\/v2\/product_brand?post=213957"},{"taxonomy":"product_cat","embeddable":true,"href":"https:\/\/dutchhealthstore.com\/de\/wp-json\/wp\/v2\/product_cat?post=213957"},{"taxonomy":"product_tag","embeddable":true,"href":"https:\/\/dutchhealthstore.com\/de\/wp-json\/wp\/v2\/product_tag?post=213957"}],"curies":[{"name":"wp","href":"https:\/\/api.w.org\/{rel}","templated":true}]}}