{"id":213951,"date":"2022-06-28T13:30:33","date_gmt":"2022-06-28T11:30:33","guid":{"rendered":"https:\/\/dutchhealthstore.com\/product\/mountain-jing-polyrhachis-vicina-extrakt-pulver-aus-wildsammlung\/"},"modified":"2025-06-07T12:52:30","modified_gmt":"2025-06-07T10:52:30","slug":"mountain-jing-polyrhachis-vicina-extract-powder-wild-sourced","status":"publish","type":"product","link":"https:\/\/dutchhealthstore.com\/de\/product\/mountain-jing-polyrhachis-vicina-extract-powder-wild-sourced\/","title":{"rendered":"Mountain Jing &#8211; Polyrhachis vicina Extract Powder &#8211; Wild Sourced"},"content":{"rendered":"<p>Ausschlie\u00dflich aus dem Changbai-Gebirge stammend und traditionell nur dem K\u00f6nigshaus vorbehalten.<\/p>\n<p>Mountain Jing ist ein ganz spezieller Extrakt aus Vollkr\u00e4utern, der nach den alten Weisheiten der traditionellen chinesischen Medizin hergestellt wird. Ein temperaturkontrollierter Prozess f\u00e4ngt alle nat\u00fcrlich vorkommenden und wertvollsten Verbindungen ein, um unser v\u00f6llig reines und sehr starkes 10:1 Extraktpulver herzustellen.<\/p>\n<h3><strong>Gr\u00f6\u00dfe: 90 gr<\/strong><\/h3>\n<h3><strong>Nat\u00fcrliche\/Bio-Zutaten <\/strong><\/h3>\n<ul>\n<li>10:1 Vollspektrum-Extrakt der Schwarzen Bergameise <em>(Polyrhachis vicina)<\/em> aus Wildsammlung<\/li>\n<\/ul>\n<p>Ohne Zusatz von F\u00fcllstoffen oder Konservierungsmitteln.<br \/>\nDas Produkt wird sorgf\u00e4ltig aus China bezogen.<\/p>\n<h3><strong>Wie benutzt man <\/strong><\/h3>\n<p>1 g (ca. \u00bd gestrichener Teel\u00f6ffel) direkt oder als Zusatz zu Ihrem Lieblingstee, Smoothie oder Getr\u00e4nk Ihrer Wahl. Kann auch \u00fcber Salat oder warme Speisen gestreut werden.<\/p>\n<p><a href=\"https:\/\/dutchhealthstore.com\/wp-content\/uploads\/2022\/06\/navimountainjingthumb-e1656422601212.jpg\"><img fetchpriority=\"high\" decoding=\"async\" class=\"alignnone wp-image-213072 size-full\" src=\"https:\/\/dutchhealthstore.com\/wp-content\/uploads\/2022\/06\/navimountainjingthumb-e1656422601212.jpg\" alt=\"navimountainjingthumb\" width=\"500\" height=\"215\" srcset=\"https:\/\/dutchhealthstore.com\/wp-content\/uploads\/2022\/06\/navimountainjingthumb-e1656422601212.jpg 500w, https:\/\/dutchhealthstore.com\/wp-content\/uploads\/2022\/06\/navimountainjingthumb-e1656422601212-64x28.jpg 64w\" sizes=\"(max-width: 500px) 100vw, 500px\" \/><\/a><\/p>\n","protected":false},"excerpt":{"rendered":"<p>Der Extrakt aus der wilden Polyrhacis-Ameise ist ein erstklassiges Adoptogen.<\/p>\n","protected":false},"featured_media":213027,"comment_status":"open","ping_status":"closed","template":"","meta":[],"product_brand":[],"product_cat":[8456,8473,10206,1032,8983,1210,4618,8472,8982,511,6747,4632,8789,4619,6736],"product_tag":[21605,21541,21522,21521],"class_list":{"0":"post-213951","1":"product","2":"type-product","3":"status-publish","4":"has-post-thumbnail","6":"product_cat-balance-calm-de-2","7":"product_cat-health-de-2","8":"product_cat-inner-peace-de","9":"product_cat-kategorien","10":"product_cat-herbal-blends-de-2","11":"product_cat-marken","12":"product_cat-navi-organics-de","13":"product_cat-nutrition-de","14":"product_cat-optimum-health-de-2","15":"product_cat-produkte","16":"product_cat-mood-de-2","17":"product_cat-superfoods-de-2","18":"product_cat-superfoods-herbals-de-2","19":"product_cat-tonic-herbs-de-2","20":"product_cat-wellness-de","21":"product_tag-energie-de","22":"product_tag-erganzung","23":"product_tag-optimale-gesundheit","24":"product_tag-superfood-de","25":"pa_brand-naviorganics-de","26":"pa_gtin-6096431310331-de","27":"pa_health-productype-supplements-de","28":"pa_size-90-gr-de","30":"first","31":"outofstock","32":"taxable","33":"shipping-taxable","34":"purchasable","35":"product-type-simple"},"bundled_by":[],"bundle_stock_status":"outofstock","bundle_stock_quantity":0,"bundle_virtual":false,"bundle_layout":"","bundle_add_to_cart_form_location":"","bundle_editable_in_cart":false,"bundle_sold_individually_context":"","bundle_item_grouping":"","bundle_min_size":"","bundle_max_size":"","bundle_price":[],"bundled_items":[],"bundle_sell_ids":[],"atum_controlled":true,"out_stock_date":"2026-02-24 21:36:28","out_stock_threshold":null,"inheritable":false,"stock_on_hold":0,"sold_today":0,"sales_last_days":0,"out_stock_days":43,"lost_sales":0,"update_date":"2026-04-09T01:48:43","atum_locations":[],"atum_stock_status":"outofstock","restock_status":false,"low_stock_amount":"","sales_update_date":"2026-04-09T01:48:43","calc_backorders":null,"group_of_quantity":0,"min_quantity":0,"max_quantity":"","exclude_order_quantity_value_rules":"no","exclude_category_quantity_rules":"no","combine_variations":"no","yoast_head":"<!-- This site is optimized with the Yoast SEO Premium plugin v26.5 (Yoast SEO v26.5) - https:\/\/yoast.com\/wordpress\/plugins\/seo\/ -->\n<title>Na&#039;vi Organics - Mountain Jing<\/title>\n<meta name=\"description\" content=\"Unser wildes Polyrhacis-Ameisen-Extrakt ist ein erstklassiges Adaptogen. Er stammt ausschlie\u00dflich aus den Changbai-Bergen, die traditionell nur dem K\u00f6nigshaus vorbehalten sind.\" \/>\n<meta name=\"robots\" content=\"index, follow, max-snippet:-1, max-image-preview:large, max-video-preview:-1\" \/>\n<link rel=\"canonical\" href=\"https:\/\/dutchhealthstore.com\/de\/product\/mountain-jing-polyrhachis-vicina-extract-powder-wild-sourced\/\" \/>\n<meta property=\"og:locale\" content=\"de_DE\" \/>\n<meta property=\"og:type\" content=\"article\" \/>\n<meta property=\"og:title\" content=\"Mountain Jing - Polyrhachis vicina Extract Powder - Wild Sourced - Dutch Health Store\" \/>\n<meta property=\"og:description\" content=\"Unser wildes Polyrhacis-Ameisen-Extrakt ist ein erstklassiges Adaptogen. Er stammt ausschlie\u00dflich aus den Changbai-Bergen, die traditionell nur dem K\u00f6nigshaus vorbehalten sind.\" \/>\n<meta property=\"og:url\" content=\"https:\/\/dutchhealthstore.com\/de\/product\/mountain-jing-polyrhachis-vicina-extract-powder-wild-sourced\/\" \/>\n<meta property=\"og:site_name\" content=\"Dutch Health Store\" \/>\n<meta property=\"article:publisher\" content=\"https:\/\/www.instagram.com\/dutchhealthstore\/\" \/>\n<meta property=\"article:modified_time\" content=\"2025-06-07T10:52:30+00:00\" \/>\n<meta property=\"og:image\" content=\"https:\/\/dutchhealthstore.com\/wp-content\/uploads\/2022\/06\/navimountainjing.jpg\" \/>\n\t<meta property=\"og:image:width\" content=\"500\" \/>\n\t<meta property=\"og:image:height\" content=\"500\" \/>\n\t<meta property=\"og:image:type\" content=\"image\/jpeg\" \/>\n<meta name=\"twitter:card\" content=\"summary_large_image\" \/>\n<meta name=\"twitter:label1\" content=\"Preis\" \/>\n\t<meta name=\"twitter:data1\" content=\"&euro;36,00\" \/>\n\t<meta name=\"twitter:label2\" content=\"Verf\u00fcgbarkeit\" \/>\n\t<meta name=\"twitter:data2\" content=\"ausverkauft\" \/>\n<script type=\"application\/ld+json\" class=\"yoast-schema-graph\">{\"@context\":\"https:\/\/schema.org\",\"@graph\":[{\"@type\":\"WebPage\",\"@id\":\"https:\/\/dutchhealthstore.com\/de\/product\/mountain-jing-polyrhachis-vicina-extract-powder-wild-sourced\/\",\"url\":\"https:\/\/dutchhealthstore.com\/de\/product\/mountain-jing-polyrhachis-vicina-extract-powder-wild-sourced\/\",\"name\":\"Na'vi Organics - Mountain Jing\",\"isPartOf\":{\"@id\":\"https:\/\/dutchhealthstore.com\/de\/#website\"},\"primaryImageOfPage\":{\"@id\":\"https:\/\/dutchhealthstore.com\/de\/product\/mountain-jing-polyrhachis-vicina-extract-powder-wild-sourced\/#primaryimage\"},\"image\":{\"@id\":\"https:\/\/dutchhealthstore.com\/de\/product\/mountain-jing-polyrhachis-vicina-extract-powder-wild-sourced\/#primaryimage\"},\"thumbnailUrl\":\"https:\/\/dutchhealthstore.com\/wp-content\/uploads\/2022\/06\/navimountainjing.jpg\",\"datePublished\":\"2022-06-28T11:30:33+00:00\",\"dateModified\":\"2025-06-07T10:52:30+00:00\",\"description\":\"Unser wildes Polyrhacis-Ameisen-Extrakt ist ein erstklassiges Adaptogen. Er stammt ausschlie\u00dflich aus den Changbai-Bergen, die traditionell nur dem K\u00f6nigshaus vorbehalten sind.\",\"breadcrumb\":{\"@id\":\"https:\/\/dutchhealthstore.com\/de\/product\/mountain-jing-polyrhachis-vicina-extract-powder-wild-sourced\/#breadcrumb\"},\"inLanguage\":\"de\",\"potentialAction\":[{\"@type\":\"ReadAction\",\"target\":[\"https:\/\/dutchhealthstore.com\/de\/product\/mountain-jing-polyrhachis-vicina-extract-powder-wild-sourced\/\"]}]},{\"@type\":\"ImageObject\",\"inLanguage\":\"de\",\"@id\":\"https:\/\/dutchhealthstore.com\/de\/product\/mountain-jing-polyrhachis-vicina-extract-powder-wild-sourced\/#primaryimage\",\"url\":\"https:\/\/dutchhealthstore.com\/wp-content\/uploads\/2022\/06\/navimountainjing.jpg\",\"contentUrl\":\"https:\/\/dutchhealthstore.com\/wp-content\/uploads\/2022\/06\/navimountainjing.jpg\",\"width\":500,\"height\":500,\"caption\":\"navimountainjing\"},{\"@type\":\"BreadcrumbList\",\"@id\":\"https:\/\/dutchhealthstore.com\/de\/product\/mountain-jing-polyrhachis-vicina-extract-powder-wild-sourced\/#breadcrumb\",\"itemListElement\":[{\"@type\":\"ListItem\",\"position\":1,\"name\":\"Home\",\"item\":\"https:\/\/dutchhealthstore.com\/de\/\"},{\"@type\":\"ListItem\",\"position\":2,\"name\":\"Shop\",\"item\":\"https:\/\/dutchhealthstore.com\/de\/shop-2\/\"},{\"@type\":\"ListItem\",\"position\":3,\"name\":\"Mountain Jing &#8211; Polyrhachis vicina Extract Powder &#8211; Wild Sourced\"}]},{\"@type\":\"WebSite\",\"@id\":\"https:\/\/dutchhealthstore.com\/de\/#website\",\"url\":\"https:\/\/dutchhealthstore.com\/de\/\",\"name\":\"Dutch Health Store\",\"description\":\"Enhance Your Beauty with Organic &amp; Natural Skincare\",\"publisher\":{\"@id\":\"https:\/\/dutchhealthstore.com\/de\/#organization\"},\"potentialAction\":[{\"@type\":\"SearchAction\",\"target\":{\"@type\":\"EntryPoint\",\"urlTemplate\":\"https:\/\/dutchhealthstore.com\/de\/?s={search_term_string}\"},\"query-input\":{\"@type\":\"PropertyValueSpecification\",\"valueRequired\":true,\"valueName\":\"search_term_string\"}}],\"inLanguage\":\"de\"},{\"@type\":\"Organization\",\"@id\":\"https:\/\/dutchhealthstore.com\/de\/#organization\",\"name\":\"Dutch Health Store\",\"url\":\"https:\/\/dutchhealthstore.com\/de\/\",\"logo\":{\"@type\":\"ImageObject\",\"inLanguage\":\"de\",\"@id\":\"https:\/\/dutchhealthstore.com\/de\/#\/schema\/logo\/image\/\",\"url\":\"https:\/\/dutchhealthstore.com\/wp-content\/uploads\/2020\/08\/logo-dutchhealthstore-jpg-e1599484957574.jpg\",\"contentUrl\":\"https:\/\/dutchhealthstore.com\/wp-content\/uploads\/2020\/08\/logo-dutchhealthstore-jpg-e1599484957574.jpg\",\"width\":400,\"height\":62,\"caption\":\"Dutch Health Store\"},\"image\":{\"@id\":\"https:\/\/dutchhealthstore.com\/de\/#\/schema\/logo\/image\/\"},\"sameAs\":[\"https:\/\/www.instagram.com\/dutchhealthstore\/\",\"https:\/\/www.facebook.com\/dutchhealthstore\"]}]}<\/script>\n<meta property=\"product:brand\" content=\"Na\u00b4Vi Organics\" \/>\n<meta property=\"product:price:amount\" content=\"36.00\" \/>\n<meta property=\"product:price:currency\" content=\"EUR\" \/>\n<meta property=\"og:availability\" content=\"out of stock\" \/>\n<meta property=\"product:availability\" content=\"out of stock\" \/>\n<meta property=\"product:condition\" content=\"new\" \/>\n<!-- \/ Yoast SEO Premium plugin. -->","yoast_head_json":{"title":"Na'vi Organics - Mountain Jing","description":"Unser wildes Polyrhacis-Ameisen-Extrakt ist ein erstklassiges Adaptogen. Er stammt ausschlie\u00dflich aus den Changbai-Bergen, die traditionell nur dem K\u00f6nigshaus vorbehalten sind.","robots":{"index":"index","follow":"follow","max-snippet":"max-snippet:-1","max-image-preview":"max-image-preview:large","max-video-preview":"max-video-preview:-1"},"canonical":"https:\/\/dutchhealthstore.com\/de\/product\/mountain-jing-polyrhachis-vicina-extract-powder-wild-sourced\/","og_locale":"de_DE","og_type":"article","og_title":"Mountain Jing - Polyrhachis vicina Extract Powder - Wild Sourced - Dutch Health Store","og_description":"Unser wildes Polyrhacis-Ameisen-Extrakt ist ein erstklassiges Adaptogen. Er stammt ausschlie\u00dflich aus den Changbai-Bergen, die traditionell nur dem K\u00f6nigshaus vorbehalten sind.","og_url":"https:\/\/dutchhealthstore.com\/de\/product\/mountain-jing-polyrhachis-vicina-extract-powder-wild-sourced\/","og_site_name":"Dutch Health Store","article_publisher":"https:\/\/www.instagram.com\/dutchhealthstore\/","article_modified_time":"2025-06-07T10:52:30+00:00","og_image":[{"width":500,"height":500,"url":"https:\/\/dutchhealthstore.com\/wp-content\/uploads\/2022\/06\/navimountainjing.jpg","type":"image\/jpeg"}],"twitter_card":"summary_large_image","twitter_misc":{"Preis":"&euro;36,00","Verf\u00fcgbarkeit":"ausverkauft"},"schema":{"@context":"https:\/\/schema.org","@graph":[{"@type":"WebPage","@id":"https:\/\/dutchhealthstore.com\/de\/product\/mountain-jing-polyrhachis-vicina-extract-powder-wild-sourced\/","url":"https:\/\/dutchhealthstore.com\/de\/product\/mountain-jing-polyrhachis-vicina-extract-powder-wild-sourced\/","name":"Na'vi Organics - Mountain Jing","isPartOf":{"@id":"https:\/\/dutchhealthstore.com\/de\/#website"},"primaryImageOfPage":{"@id":"https:\/\/dutchhealthstore.com\/de\/product\/mountain-jing-polyrhachis-vicina-extract-powder-wild-sourced\/#primaryimage"},"image":{"@id":"https:\/\/dutchhealthstore.com\/de\/product\/mountain-jing-polyrhachis-vicina-extract-powder-wild-sourced\/#primaryimage"},"thumbnailUrl":"https:\/\/dutchhealthstore.com\/wp-content\/uploads\/2022\/06\/navimountainjing.jpg","datePublished":"2022-06-28T11:30:33+00:00","dateModified":"2025-06-07T10:52:30+00:00","description":"Unser wildes Polyrhacis-Ameisen-Extrakt ist ein erstklassiges Adaptogen. Er stammt ausschlie\u00dflich aus den Changbai-Bergen, die traditionell nur dem K\u00f6nigshaus vorbehalten sind.","breadcrumb":{"@id":"https:\/\/dutchhealthstore.com\/de\/product\/mountain-jing-polyrhachis-vicina-extract-powder-wild-sourced\/#breadcrumb"},"inLanguage":"de","potentialAction":[{"@type":"ReadAction","target":["https:\/\/dutchhealthstore.com\/de\/product\/mountain-jing-polyrhachis-vicina-extract-powder-wild-sourced\/"]}]},{"@type":"ImageObject","inLanguage":"de","@id":"https:\/\/dutchhealthstore.com\/de\/product\/mountain-jing-polyrhachis-vicina-extract-powder-wild-sourced\/#primaryimage","url":"https:\/\/dutchhealthstore.com\/wp-content\/uploads\/2022\/06\/navimountainjing.jpg","contentUrl":"https:\/\/dutchhealthstore.com\/wp-content\/uploads\/2022\/06\/navimountainjing.jpg","width":500,"height":500,"caption":"navimountainjing"},{"@type":"BreadcrumbList","@id":"https:\/\/dutchhealthstore.com\/de\/product\/mountain-jing-polyrhachis-vicina-extract-powder-wild-sourced\/#breadcrumb","itemListElement":[{"@type":"ListItem","position":1,"name":"Home","item":"https:\/\/dutchhealthstore.com\/de\/"},{"@type":"ListItem","position":2,"name":"Shop","item":"https:\/\/dutchhealthstore.com\/de\/shop-2\/"},{"@type":"ListItem","position":3,"name":"Mountain Jing &#8211; Polyrhachis vicina Extract Powder &#8211; Wild Sourced"}]},{"@type":"WebSite","@id":"https:\/\/dutchhealthstore.com\/de\/#website","url":"https:\/\/dutchhealthstore.com\/de\/","name":"Dutch Health Store","description":"Enhance Your Beauty with Organic &amp; Natural Skincare","publisher":{"@id":"https:\/\/dutchhealthstore.com\/de\/#organization"},"potentialAction":[{"@type":"SearchAction","target":{"@type":"EntryPoint","urlTemplate":"https:\/\/dutchhealthstore.com\/de\/?s={search_term_string}"},"query-input":{"@type":"PropertyValueSpecification","valueRequired":true,"valueName":"search_term_string"}}],"inLanguage":"de"},{"@type":"Organization","@id":"https:\/\/dutchhealthstore.com\/de\/#organization","name":"Dutch Health Store","url":"https:\/\/dutchhealthstore.com\/de\/","logo":{"@type":"ImageObject","inLanguage":"de","@id":"https:\/\/dutchhealthstore.com\/de\/#\/schema\/logo\/image\/","url":"https:\/\/dutchhealthstore.com\/wp-content\/uploads\/2020\/08\/logo-dutchhealthstore-jpg-e1599484957574.jpg","contentUrl":"https:\/\/dutchhealthstore.com\/wp-content\/uploads\/2020\/08\/logo-dutchhealthstore-jpg-e1599484957574.jpg","width":400,"height":62,"caption":"Dutch Health Store"},"image":{"@id":"https:\/\/dutchhealthstore.com\/de\/#\/schema\/logo\/image\/"},"sameAs":["https:\/\/www.instagram.com\/dutchhealthstore\/","https:\/\/www.facebook.com\/dutchhealthstore"]}]},"product_brand":"Na\u00b4Vi Organics","product_price_amount":"36.00","product_price_currency":"EUR","og_availability":"out of stock","product_availability":"out of stock","product_condition":"new"},"_links":{"self":[{"href":"https:\/\/dutchhealthstore.com\/de\/wp-json\/wp\/v2\/product\/213951","targetHints":{"allow":["GET"]}}],"collection":[{"href":"https:\/\/dutchhealthstore.com\/de\/wp-json\/wp\/v2\/product"}],"about":[{"href":"https:\/\/dutchhealthstore.com\/de\/wp-json\/wp\/v2\/types\/product"}],"replies":[{"embeddable":true,"href":"https:\/\/dutchhealthstore.com\/de\/wp-json\/wp\/v2\/comments?post=213951"}],"wp:featuredmedia":[{"embeddable":true,"href":"https:\/\/dutchhealthstore.com\/de\/wp-json\/wp\/v2\/media\/213027"}],"wp:attachment":[{"href":"https:\/\/dutchhealthstore.com\/de\/wp-json\/wp\/v2\/media?parent=213951"}],"wp:term":[{"taxonomy":"product_brand","embeddable":true,"href":"https:\/\/dutchhealthstore.com\/de\/wp-json\/wp\/v2\/product_brand?post=213951"},{"taxonomy":"product_cat","embeddable":true,"href":"https:\/\/dutchhealthstore.com\/de\/wp-json\/wp\/v2\/product_cat?post=213951"},{"taxonomy":"product_tag","embeddable":true,"href":"https:\/\/dutchhealthstore.com\/de\/wp-json\/wp\/v2\/product_tag?post=213951"}],"curies":[{"name":"wp","href":"https:\/\/api.w.org\/{rel}","templated":true}]}}