{"id":212493,"date":"2022-06-24T11:33:47","date_gmt":"2022-06-24T11:33:47","guid":{"rendered":"https:\/\/dutchhealthstore.com\/product\/skin2skin-beauty-sponge\/"},"modified":"2026-04-03T13:56:04","modified_gmt":"2026-04-03T11:56:04","slug":"skin2skin-beauty-sponge","status":"publish","type":"product","link":"https:\/\/dutchhealthstore.com\/de\/product\/skin2skin-beauty-sponge\/","title":{"rendered":"Skin2Skin Beauty Sponge"},"content":{"rendered":"<h3><strong>WAS SIE BESONDERS MACHT<\/strong><\/h3>\n<p>Die Oberseite ist mit dem f\u00fcr rms charakteristischen Wirbelmuster versehen, das einem Fingerabdruck \u00e4hnelt, um den Auftrag auf die Haut zu imitieren und f\u00fcr eine gezielte Abdeckung zu sorgen, w\u00e4hrend die glatte, abgerundete Seite perfekt zum Verblenden und Verwischen mit maximaler Kontrolle geeignet ist. Dieser Pl\u00fcschschwamm aus hochwertigem antimikrobiellem Schaumstoff sorgt daf\u00fcr, dass die Produktaufnahme auf ein Minimum reduziert wird.<\/p>\n<p>Ein Schwamm der n\u00e4chsten Generation von rms beauty, der fachm\u00e4nnisch entwickelt wurde, um die Anwendung von Haut zu Haut zu imitieren und Ergebnisse auf K\u00fcnstlerniveau zu erzielen.<\/p>\n<p>Von Rose-Marie: <i>Dieser Schwamm ist mein neues Must-Have, weil er das Auftragen von fl\u00fcssiger Foundation so viel einfacher und makelloser macht. Latexfrei, antimykotisch und antibakteriell, mit dem magischen Wirbel in der Spitze wie bei meinem skin2skin Foundation-Pinsel, macht diesen Schwamm zu einem einzigartigen Produkt. Ein gro\u00dfer Vorteil ist, dass sich die Foundation auf der Haut ablagert und nicht im Schwamm.<\/i><\/p>\n<h3><strong>Wie benutzt man <\/strong><\/h3>\n<p>&#8211; Schwamm anfeuchten und \u00fcbersch\u00fcssiges Wasser auspressen, bis er feucht ist<br \/>\n&#8211; Das Produkt auf den Schwamm geben und auf Gesicht, Hals und \u00fcberall dort, wo eine Abdeckung gew\u00fcnscht wird, auftragen.<br \/>\n&#8211; Verwenden Sie die abgewinkelte Spitze f\u00fcr einen pr\u00e4ziseren Auftrag und eine gezielte Abdeckung kleinerer Gesichtspartien<br \/>\nwie unter den Augen oder um die Nase herum<br \/>\n&#8211; Verwenden Sie die abgerundete Seite zum Mischen und Verwischen<\/p>\n<p><strong>\u26a0\ufe0f Hygiene-Hinweis<\/strong><br \/>\nDies ist ein Hygieneprodukt. Aus Gesundheits- und Sicherheitsgr\u00fcnden werden R\u00fccksendungen nur angenommen, wenn das urspr\u00fcngliche Hygienesiegel intakt und unge\u00f6ffnet ist. Sobald das Siegel gebrochen ist, gilt der Artikel als gebraucht und kann nicht zur\u00fcckgegeben werden.  <\/p>\n\n\t\t<div class=\"tabbed-content\">\n\t\t\t<h4 class=\"uppercase text-left\">Rose-Marie's Geschichte<\/h4>\n\t\t\t<ul class=\"nav nav-tabs nav-vertical nav-uppercase nav-size-normal nav-left\" role=\"tablist\"><li id=\"tab-rose-marie's-story\" class=\"tab active has-icon\" role=\"presentation\"><a href=\"#tab_rose-marie's-story\" role=\"tab\" aria-selected=\"true\" aria-controls=\"tab_rose-marie's-story\"><span>Rose-Marie's Story<\/span><\/a><\/li>\n<li id=\"tab-unsere-zutaten\" class=\"tab has-icon\" role=\"presentation\"><a href=\"#tab_unsere-zutaten\" tabindex=\"-1\" role=\"tab\" aria-selected=\"false\" aria-controls=\"tab_unsere-zutaten\"><span>Unsere Zutaten<\/span><\/a><\/li>\n<li id=\"tab-unsere-philosophie\" class=\"tab has-icon\" role=\"presentation\"><a href=\"#tab_unsere-philosophie\" tabindex=\"-1\" role=\"tab\" aria-selected=\"false\" aria-controls=\"tab_unsere-philosophie\"><span>Unsere Philosophie<\/span><\/a><\/li><\/ul><div class=\"tab-panels\"><div id=\"tab_rose-marie's-story\" class=\"panel active entry-content\" role=\"tabpanel\" aria-labelledby=\"tab-rose-marie's-story\">\n\n<div class=\"row align-middle\"  id=\"row-829548586\">\n\n\n\t<div id=\"col-1328411470\" class=\"col medium-4 small-12 large-4\"  >\n\t\t\t\t<div class=\"col-inner\"  >\n\t\t\t\n\t\t\t\n\n\t<div class=\"img has-hover x md-x lg-x y md-y lg-y\" id=\"image_1481480349\">\n\t\t\t\t\t\t\t\t<div class=\"img-inner image-cover dark\" style=\"padding-top:73%;\">\n\t\t\t<img fetchpriority=\"high\" decoding=\"async\" width=\"515\" height=\"515\" src=\"https:\/\/dutchhealthstore.com\/wp-content\/uploads\/2020\/09\/rose-marie-makeup-artist_900x.jpg\" class=\"attachment-large size-large\" alt=\"RMS Beauty products\" srcset=\"https:\/\/dutchhealthstore.com\/wp-content\/uploads\/2020\/09\/rose-marie-makeup-artist_900x.jpg 515w, https:\/\/dutchhealthstore.com\/wp-content\/uploads\/2020\/09\/rose-marie-makeup-artist_900x-100x100.jpg 100w, https:\/\/dutchhealthstore.com\/wp-content\/uploads\/2020\/09\/rose-marie-makeup-artist_900x-510x510.jpg 510w, https:\/\/dutchhealthstore.com\/wp-content\/uploads\/2020\/09\/rose-marie-makeup-artist_900x-400x400.jpg 400w, https:\/\/dutchhealthstore.com\/wp-content\/uploads\/2020\/09\/rose-marie-makeup-artist_900x-280x280.jpg 280w, https:\/\/dutchhealthstore.com\/wp-content\/uploads\/2020\/09\/rose-marie-makeup-artist_900x-150x150.jpg 150w, https:\/\/dutchhealthstore.com\/wp-content\/uploads\/2020\/09\/rose-marie-makeup-artist_900x-32x32.jpg 32w\" sizes=\"(max-width: 515px) 100vw, 515px\" \/>\t\t\t\t\t\t\n\t\t\t\t\t<\/div>\n\t\t\t\t\t\t\t\t\n<style>\n#image_1481480349 {\n  width: 100%;\n}\n<\/style>\n\t<\/div>\n\t\n\n\n\t\t<\/div>\n\t\t\t\t\t<\/div>\n\n\t\n\n\t<div id=\"col-23191918\" class=\"col medium-8 small-12 large-8\"  >\n\t\t\t\t<div class=\"col-inner\"  >\n\t\t\t\n\t\t\t\n\n<h3><span style=\"color: #333333;\">Rose-Marie's Geschichte<\/span><\/h3>\n<p>Rose-Marie hatte vor ein paar Jahren ernsthafte gesundheitliche Probleme. W\u00e4hrend ihrer Genesung und ausf\u00fchrlichen Untersuchungen stellte sie fest, dass einige der gef\u00e4hrlichen Chemikalien und Schwermetalle in ihrem K\u00f6rper auch in den modernen Kosmetikprodukten enthalten sind, die wir t\u00e4glich verwenden. Rose-Marie gr\u00fcndete die erste rein biologische Farbkosmetikmarke, RMS Beauty, nachdem sie ihre eigene Gesundheit wiedererlangt hatte und erkannte, dass sie andere Frauen dabei unterst\u00fctzen wollte, ihr Recht auf gesunde, reine Sch\u00f6nheit einzufordern. Die weltweiten Verk\u00e4ufe nehmen jetzt zu.<br><a href=\"\/?p=133524\">.<\/a><\/p>\n<p><a href=\"\/?p=133524\"> <strong><span style=\"color: #00aae7;\"><span style=\"color: #333333;\">Weiterlesen<\/span><\/span><\/strong><\/a><\/p>\n\n\t\t<\/div>\n\t\t\t\t\n<style>\n#col-23191918 > .col-inner {\n  padding: 6px 0px 0px 0px;\n}\n<\/style>\n\t<\/div>\n\n\t\n\n<\/div>\n\n<\/div>\n<div id=\"tab_unsere-zutaten\" class=\"panel entry-content\" role=\"tabpanel\" aria-labelledby=\"tab-unsere-zutaten\">\n\n<div class=\"row\"  id=\"row-1039717472\">\n\n\n\t<div id=\"col-719065898\" class=\"col medium-4 small-12 large-4\"  >\n\t\t\t\t<div class=\"col-inner\"  >\n\t\t\t\n\t\t\t\n\n\t<div class=\"img has-hover x md-x lg-x y md-y lg-y\" id=\"image_278688668\">\n\t\t\t\t\t\t\t\t<div class=\"img-inner image-cover dark\" style=\"padding-top:71%;\">\n\t\t\t<img decoding=\"async\" width=\"488\" height=\"450\" src=\"https:\/\/dutchhealthstore.com\/wp-content\/uploads\/2020\/09\/RMS-Beauty-Ethereal-Lip-Cheek-Set2.jpg\" class=\"attachment-large size-large\" alt=\"RMS Beauty - Ethereal Lip &amp; Cheek Set2\" srcset=\"https:\/\/dutchhealthstore.com\/wp-content\/uploads\/2020\/09\/RMS-Beauty-Ethereal-Lip-Cheek-Set2.jpg 488w, https:\/\/dutchhealthstore.com\/wp-content\/uploads\/2020\/09\/RMS-Beauty-Ethereal-Lip-Cheek-Set2-434x400.jpg 434w\" sizes=\"(max-width: 488px) 100vw, 488px\" \/>\t\t\t\t\t\t\n\t\t\t\t\t<\/div>\n\t\t\t\t\t\t\t\t\n<style>\n#image_278688668 {\n  width: 100%;\n}\n<\/style>\n\t<\/div>\n\t\n\n\n\t\t<\/div>\n\t\t\t\t\t<\/div>\n\n\t\n\n\t<div id=\"col-1362962160\" class=\"col medium-8 small-12 large-8\"  >\n\t\t\t\t<div class=\"col-inner\"  >\n\t\t\t\n\t\t\t\n\n<h3><span style=\"color: #333333;\">Unsere Zutaten<\/span><\/h3>\n<p>RMS Beauty ist eine unverwechselbare Kosmetikkollektion, die aus Komponenten besteht, die Ihre pers\u00f6nliche Haut erg\u00e4nzen. Das Ergebnis ist ein perfektes, leichtes Make-up, das sich anf\u00fchlt und aussieht wie eine nat\u00fcrliche, junge zweite Haut.<\/p>\n<p><a href=\"\/?p=133671\"><span style=\"color: #333333;\"><strong>Weiterlesen<\/strong><\/span><\/a><\/p>\n\n\t\t<\/div>\n\t\t\t\t\t<\/div>\n\n\t\n\n\n<style>\n#row-1039717472 > .col > .col-inner {\n  padding: 19px 0px 0px 0px;\n}\n<\/style>\n<\/div>\n\n<\/div>\n<div id=\"tab_unsere-philosophie\" class=\"panel entry-content\" role=\"tabpanel\" aria-labelledby=\"tab-unsere-philosophie\">\n\n<div class=\"row\"  id=\"row-603311919\">\n\n\n\t<div id=\"col-1332576503\" class=\"col medium-4 small-12 large-4\"  >\n\t\t\t\t<div class=\"col-inner\"  >\n\t\t\t\n\t\t\t\n\n\t<div class=\"img has-hover x md-x lg-x y md-y lg-y\" id=\"image_593029072\">\n\t\t\t\t\t\t\t\t<div class=\"img-inner image-cover dark\" style=\"padding-top:61%;\">\n\t\t\t<img decoding=\"async\" width=\"800\" height=\"800\" src=\"https:\/\/dutchhealthstore.com\/wp-content\/uploads\/2020\/09\/176d0aab71fae871d084fa7d71613b8f-800x800.jpg\" class=\"attachment-large size-large\" alt=\"RMS Beauty products\" srcset=\"https:\/\/dutchhealthstore.com\/wp-content\/uploads\/2020\/09\/176d0aab71fae871d084fa7d71613b8f-800x800.jpg 800w, https:\/\/dutchhealthstore.com\/wp-content\/uploads\/2020\/09\/176d0aab71fae871d084fa7d71613b8f-100x100.jpg 100w, https:\/\/dutchhealthstore.com\/wp-content\/uploads\/2020\/09\/176d0aab71fae871d084fa7d71613b8f-510x510.jpg 510w, https:\/\/dutchhealthstore.com\/wp-content\/uploads\/2020\/09\/176d0aab71fae871d084fa7d71613b8f-400x400.jpg 400w, https:\/\/dutchhealthstore.com\/wp-content\/uploads\/2020\/09\/176d0aab71fae871d084fa7d71613b8f-280x280.jpg 280w, https:\/\/dutchhealthstore.com\/wp-content\/uploads\/2020\/09\/176d0aab71fae871d084fa7d71613b8f-768x768.jpg 768w, https:\/\/dutchhealthstore.com\/wp-content\/uploads\/2020\/09\/176d0aab71fae871d084fa7d71613b8f-150x150.jpg 150w, https:\/\/dutchhealthstore.com\/wp-content\/uploads\/2020\/09\/176d0aab71fae871d084fa7d71613b8f-32x32.jpg 32w, https:\/\/dutchhealthstore.com\/wp-content\/uploads\/2020\/09\/176d0aab71fae871d084fa7d71613b8f.jpg 1080w\" sizes=\"(max-width: 800px) 100vw, 800px\" \/>\t\t\t\t\t\t\n\t\t\t\t\t<\/div>\n\t\t\t\t\t\t\t\t\n<style>\n#image_593029072 {\n  width: 100%;\n}\n<\/style>\n\t<\/div>\n\t\n\n\n\t\t<\/div>\n\t\t\t\t\t<\/div>\n\n\t\n\n\t<div id=\"col-1469768087\" class=\"col medium-8 small-12 large-8\"  >\n\t\t\t\t<div class=\"col-inner\"  >\n\t\t\t\n\t\t\t\n\n<h3><span style=\"color: #333333;\">Unsere Philosophie<\/span><\/h3>\n<p>Damit RMS Beauty die Art und Weise, wie Frauen ihre Kosmetika auftragen, ver\u00e4ndern kann, braucht es mehr als nur die Verwendung von biologischen Inhaltsstoffen. Eigentlich ist das nur der erste Schritt zur Entwicklung eines Produkts, das die Haut nicht nur nicht sch\u00e4digt, sondern sie auch pflegt und heilt.<\/p>\n<p><a href=\"\/?product_cat=rms-beauty-du\"><strong><span style=\"color: #333333;\">Weiterlesen<\/span><\/strong><\/a><\/p>\n\n\t\t<\/div>\n\t\t\t\t\t<\/div>\n\n\t\n\n\n<style>\n#row-603311919 > .col > .col-inner {\n  padding: 19px 0px 0px 0px;\n}\n<\/style>\n<\/div>\n\n<\/div><\/div><\/div>\n","protected":false},"excerpt":{"rendered":"<p>Dieser latexfreie Make-up-Schwamm wurde speziell f\u00fcr das Auftragen und Verblenden von fl\u00fcssigen und cremigen Formeln entwickelt und sorgt f\u00fcr eine makellose, streifenfreie und gleichm\u00e4\u00dfige Abdeckung.<\/p>\n","protected":false},"featured_media":303831,"comment_status":"open","ping_status":"closed","template":"","meta":[],"product_brand":[],"product_cat":[9131,5145,1032,1041,1210,9187,511,9087,1135],"product_tag":[6250,21440],"class_list":{"0":"post-212493","1":"product","2":"type-product","3":"status-publish","4":"has-post-thumbnail","6":"product_cat-face-cheek-de","7":"product_cat-foundation-de","8":"product_cat-kategorien","9":"product_cat-make-up-de","10":"product_cat-marken","11":"product_cat-brushes-sets-de-2","12":"product_cat-produkte","13":"product_cat-rms-beauty-du","14":"product_cat-zubehoer-hautpflege","15":"product_tag-make-up-de","16":"product_tag-werkzeuge","17":"pa_brand-rms-beauty-de","18":"pa_gtin-816248024544-de","19":"pa_make-up-productype-tools-and-brushes-makeup-de","21":"first","22":"instock","23":"taxable","24":"shipping-taxable","25":"purchasable","26":"product-type-simple"},"bundled_by":[],"bundle_stock_status":"instock","bundle_stock_quantity":3,"bundle_virtual":false,"bundle_layout":"","bundle_add_to_cart_form_location":"","bundle_editable_in_cart":false,"bundle_sold_individually_context":"","bundle_item_grouping":"","bundle_min_size":"","bundle_max_size":"","bundle_price":[],"bundled_items":[],"bundle_sell_ids":[125927],"atum_controlled":true,"out_stock_date":null,"out_stock_threshold":null,"inheritable":false,"stock_on_hold":0,"sold_today":0,"sales_last_days":0,"out_stock_days":57,"lost_sales":0,"update_date":"2026-04-07T13:50:55","atum_locations":[],"atum_stock_status":"instock","restock_status":false,"low_stock_amount":"","sales_update_date":"2026-04-07T13:50:55","calc_backorders":null,"group_of_quantity":0,"min_quantity":0,"max_quantity":"","exclude_order_quantity_value_rules":"no","exclude_category_quantity_rules":"no","combine_variations":"no","yoast_head":"<!-- This site is optimized with the Yoast SEO Premium plugin v26.5 (Yoast SEO v26.5) - https:\/\/yoast.com\/wordpress\/plugins\/seo\/ -->\n<title>Skin2Skin Beauty Sponge - RMS Beauty<\/title>\n<meta name=\"description\" content=\"Dieser latexfreie Make-up-Schwamm wurde speziell f\u00fcr das Auftragen und Verblenden von fl\u00fcssigen und cremigen Formeln entwickelt und sorgt f\u00fcr eine makellose, streifenfreie und gleichm\u00e4\u00dfige Abdeckung.\" \/>\n<meta name=\"robots\" content=\"index, follow, max-snippet:-1, max-image-preview:large, max-video-preview:-1\" \/>\n<link rel=\"canonical\" href=\"https:\/\/dutchhealthstore.com\/de\/product\/skin2skin-beauty-sponge\/\" \/>\n<meta property=\"og:locale\" content=\"de_DE\" \/>\n<meta property=\"og:type\" content=\"article\" \/>\n<meta property=\"og:title\" content=\"Skin2Skin Beauty Sponge - Dutch Health Store\" \/>\n<meta property=\"og:description\" content=\"Dieser latexfreie Make-up-Schwamm wurde speziell f\u00fcr das Auftragen und Verblenden von fl\u00fcssigen und cremigen Formeln entwickelt und sorgt f\u00fcr eine makellose, streifenfreie und gleichm\u00e4\u00dfige Abdeckung.\" \/>\n<meta property=\"og:url\" content=\"https:\/\/dutchhealthstore.com\/de\/product\/skin2skin-beauty-sponge\/\" \/>\n<meta property=\"og:site_name\" content=\"Dutch Health Store\" \/>\n<meta property=\"article:publisher\" content=\"https:\/\/www.instagram.com\/dutchhealthstore\/\" \/>\n<meta property=\"article:modified_time\" content=\"2026-04-03T11:56:04+00:00\" \/>\n<meta property=\"og:image\" content=\"https:\/\/dutchhealthstore.com\/wp-content\/uploads\/2022\/06\/skin2skinbeautysponge.jpg\" \/>\n\t<meta property=\"og:image:width\" content=\"530\" \/>\n\t<meta property=\"og:image:height\" content=\"530\" \/>\n\t<meta property=\"og:image:type\" content=\"image\/jpeg\" \/>\n<meta name=\"twitter:card\" content=\"summary_large_image\" \/>\n<meta name=\"twitter:label1\" content=\"Preis\" \/>\n\t<meta name=\"twitter:data1\" content=\"&euro;18,00\" \/>\n\t<meta name=\"twitter:label2\" content=\"Verf\u00fcgbarkeit\" \/>\n\t<meta name=\"twitter:data2\" content=\"Auf Lager\" \/>\n<script type=\"application\/ld+json\" class=\"yoast-schema-graph\">{\"@context\":\"https:\/\/schema.org\",\"@graph\":[{\"@type\":\"WebPage\",\"@id\":\"https:\/\/dutchhealthstore.com\/de\/product\/skin2skin-beauty-sponge\/\",\"url\":\"https:\/\/dutchhealthstore.com\/de\/product\/skin2skin-beauty-sponge\/\",\"name\":\"Skin2Skin Beauty Sponge - RMS Beauty\",\"isPartOf\":{\"@id\":\"https:\/\/dutchhealthstore.com\/de\/#website\"},\"primaryImageOfPage\":{\"@id\":\"https:\/\/dutchhealthstore.com\/de\/product\/skin2skin-beauty-sponge\/#primaryimage\"},\"image\":{\"@id\":\"https:\/\/dutchhealthstore.com\/de\/product\/skin2skin-beauty-sponge\/#primaryimage\"},\"thumbnailUrl\":\"https:\/\/dutchhealthstore.com\/wp-content\/uploads\/2022\/06\/skin2skinbeautysponge.jpg\",\"datePublished\":\"2022-06-24T11:33:47+00:00\",\"dateModified\":\"2026-04-03T11:56:04+00:00\",\"description\":\"Dieser latexfreie Make-up-Schwamm wurde speziell f\u00fcr das Auftragen und Verblenden von fl\u00fcssigen und cremigen Formeln entwickelt und sorgt f\u00fcr eine makellose, streifenfreie und gleichm\u00e4\u00dfige Abdeckung.\",\"breadcrumb\":{\"@id\":\"https:\/\/dutchhealthstore.com\/de\/product\/skin2skin-beauty-sponge\/#breadcrumb\"},\"inLanguage\":\"de\",\"potentialAction\":[{\"@type\":\"ReadAction\",\"target\":[\"https:\/\/dutchhealthstore.com\/de\/product\/skin2skin-beauty-sponge\/\"]}]},{\"@type\":\"ImageObject\",\"inLanguage\":\"de\",\"@id\":\"https:\/\/dutchhealthstore.com\/de\/product\/skin2skin-beauty-sponge\/#primaryimage\",\"url\":\"https:\/\/dutchhealthstore.com\/wp-content\/uploads\/2022\/06\/skin2skinbeautysponge.jpg\",\"contentUrl\":\"https:\/\/dutchhealthstore.com\/wp-content\/uploads\/2022\/06\/skin2skinbeautysponge.jpg\",\"width\":530,\"height\":530},{\"@type\":\"BreadcrumbList\",\"@id\":\"https:\/\/dutchhealthstore.com\/de\/product\/skin2skin-beauty-sponge\/#breadcrumb\",\"itemListElement\":[{\"@type\":\"ListItem\",\"position\":1,\"name\":\"Home\",\"item\":\"https:\/\/dutchhealthstore.com\/de\/\"},{\"@type\":\"ListItem\",\"position\":2,\"name\":\"Shop\",\"item\":\"https:\/\/dutchhealthstore.com\/de\/shop-2\/\"},{\"@type\":\"ListItem\",\"position\":3,\"name\":\"Skin2Skin Beauty Sponge\"}]},{\"@type\":\"WebSite\",\"@id\":\"https:\/\/dutchhealthstore.com\/de\/#website\",\"url\":\"https:\/\/dutchhealthstore.com\/de\/\",\"name\":\"Dutch Health Store\",\"description\":\"Enhance Your Beauty with Organic &amp; Natural Skincare\",\"publisher\":{\"@id\":\"https:\/\/dutchhealthstore.com\/de\/#organization\"},\"potentialAction\":[{\"@type\":\"SearchAction\",\"target\":{\"@type\":\"EntryPoint\",\"urlTemplate\":\"https:\/\/dutchhealthstore.com\/de\/?s={search_term_string}\"},\"query-input\":{\"@type\":\"PropertyValueSpecification\",\"valueRequired\":true,\"valueName\":\"search_term_string\"}}],\"inLanguage\":\"de\"},{\"@type\":\"Organization\",\"@id\":\"https:\/\/dutchhealthstore.com\/de\/#organization\",\"name\":\"Dutch Health Store\",\"url\":\"https:\/\/dutchhealthstore.com\/de\/\",\"logo\":{\"@type\":\"ImageObject\",\"inLanguage\":\"de\",\"@id\":\"https:\/\/dutchhealthstore.com\/de\/#\/schema\/logo\/image\/\",\"url\":\"https:\/\/dutchhealthstore.com\/wp-content\/uploads\/2020\/08\/logo-dutchhealthstore-jpg-e1599484957574.jpg\",\"contentUrl\":\"https:\/\/dutchhealthstore.com\/wp-content\/uploads\/2020\/08\/logo-dutchhealthstore-jpg-e1599484957574.jpg\",\"width\":400,\"height\":62,\"caption\":\"Dutch Health Store\"},\"image\":{\"@id\":\"https:\/\/dutchhealthstore.com\/de\/#\/schema\/logo\/image\/\"},\"sameAs\":[\"https:\/\/www.instagram.com\/dutchhealthstore\/\",\"https:\/\/www.facebook.com\/dutchhealthstore\"]}]}<\/script>\n<meta property=\"product:brand\" content=\"RMS Beauty\" \/>\n<meta property=\"product:price:amount\" content=\"18.00\" \/>\n<meta property=\"product:price:currency\" content=\"EUR\" \/>\n<meta property=\"og:availability\" content=\"instock\" \/>\n<meta property=\"product:availability\" content=\"instock\" \/>\n<meta property=\"product:condition\" content=\"new\" \/>\n<!-- \/ Yoast SEO Premium plugin. -->","yoast_head_json":{"title":"Skin2Skin Beauty Sponge - RMS Beauty","description":"Dieser latexfreie Make-up-Schwamm wurde speziell f\u00fcr das Auftragen und Verblenden von fl\u00fcssigen und cremigen Formeln entwickelt und sorgt f\u00fcr eine makellose, streifenfreie und gleichm\u00e4\u00dfige Abdeckung.","robots":{"index":"index","follow":"follow","max-snippet":"max-snippet:-1","max-image-preview":"max-image-preview:large","max-video-preview":"max-video-preview:-1"},"canonical":"https:\/\/dutchhealthstore.com\/de\/product\/skin2skin-beauty-sponge\/","og_locale":"de_DE","og_type":"article","og_title":"Skin2Skin Beauty Sponge - Dutch Health Store","og_description":"Dieser latexfreie Make-up-Schwamm wurde speziell f\u00fcr das Auftragen und Verblenden von fl\u00fcssigen und cremigen Formeln entwickelt und sorgt f\u00fcr eine makellose, streifenfreie und gleichm\u00e4\u00dfige Abdeckung.","og_url":"https:\/\/dutchhealthstore.com\/de\/product\/skin2skin-beauty-sponge\/","og_site_name":"Dutch Health Store","article_publisher":"https:\/\/www.instagram.com\/dutchhealthstore\/","article_modified_time":"2026-04-03T11:56:04+00:00","og_image":[{"width":530,"height":530,"url":"https:\/\/dutchhealthstore.com\/wp-content\/uploads\/2022\/06\/skin2skinbeautysponge.jpg","type":"image\/jpeg"}],"twitter_card":"summary_large_image","twitter_misc":{"Preis":"&euro;18,00","Verf\u00fcgbarkeit":"Auf Lager"},"schema":{"@context":"https:\/\/schema.org","@graph":[{"@type":"WebPage","@id":"https:\/\/dutchhealthstore.com\/de\/product\/skin2skin-beauty-sponge\/","url":"https:\/\/dutchhealthstore.com\/de\/product\/skin2skin-beauty-sponge\/","name":"Skin2Skin Beauty Sponge - RMS Beauty","isPartOf":{"@id":"https:\/\/dutchhealthstore.com\/de\/#website"},"primaryImageOfPage":{"@id":"https:\/\/dutchhealthstore.com\/de\/product\/skin2skin-beauty-sponge\/#primaryimage"},"image":{"@id":"https:\/\/dutchhealthstore.com\/de\/product\/skin2skin-beauty-sponge\/#primaryimage"},"thumbnailUrl":"https:\/\/dutchhealthstore.com\/wp-content\/uploads\/2022\/06\/skin2skinbeautysponge.jpg","datePublished":"2022-06-24T11:33:47+00:00","dateModified":"2026-04-03T11:56:04+00:00","description":"Dieser latexfreie Make-up-Schwamm wurde speziell f\u00fcr das Auftragen und Verblenden von fl\u00fcssigen und cremigen Formeln entwickelt und sorgt f\u00fcr eine makellose, streifenfreie und gleichm\u00e4\u00dfige Abdeckung.","breadcrumb":{"@id":"https:\/\/dutchhealthstore.com\/de\/product\/skin2skin-beauty-sponge\/#breadcrumb"},"inLanguage":"de","potentialAction":[{"@type":"ReadAction","target":["https:\/\/dutchhealthstore.com\/de\/product\/skin2skin-beauty-sponge\/"]}]},{"@type":"ImageObject","inLanguage":"de","@id":"https:\/\/dutchhealthstore.com\/de\/product\/skin2skin-beauty-sponge\/#primaryimage","url":"https:\/\/dutchhealthstore.com\/wp-content\/uploads\/2022\/06\/skin2skinbeautysponge.jpg","contentUrl":"https:\/\/dutchhealthstore.com\/wp-content\/uploads\/2022\/06\/skin2skinbeautysponge.jpg","width":530,"height":530},{"@type":"BreadcrumbList","@id":"https:\/\/dutchhealthstore.com\/de\/product\/skin2skin-beauty-sponge\/#breadcrumb","itemListElement":[{"@type":"ListItem","position":1,"name":"Home","item":"https:\/\/dutchhealthstore.com\/de\/"},{"@type":"ListItem","position":2,"name":"Shop","item":"https:\/\/dutchhealthstore.com\/de\/shop-2\/"},{"@type":"ListItem","position":3,"name":"Skin2Skin Beauty Sponge"}]},{"@type":"WebSite","@id":"https:\/\/dutchhealthstore.com\/de\/#website","url":"https:\/\/dutchhealthstore.com\/de\/","name":"Dutch Health Store","description":"Enhance Your Beauty with Organic &amp; Natural Skincare","publisher":{"@id":"https:\/\/dutchhealthstore.com\/de\/#organization"},"potentialAction":[{"@type":"SearchAction","target":{"@type":"EntryPoint","urlTemplate":"https:\/\/dutchhealthstore.com\/de\/?s={search_term_string}"},"query-input":{"@type":"PropertyValueSpecification","valueRequired":true,"valueName":"search_term_string"}}],"inLanguage":"de"},{"@type":"Organization","@id":"https:\/\/dutchhealthstore.com\/de\/#organization","name":"Dutch Health Store","url":"https:\/\/dutchhealthstore.com\/de\/","logo":{"@type":"ImageObject","inLanguage":"de","@id":"https:\/\/dutchhealthstore.com\/de\/#\/schema\/logo\/image\/","url":"https:\/\/dutchhealthstore.com\/wp-content\/uploads\/2020\/08\/logo-dutchhealthstore-jpg-e1599484957574.jpg","contentUrl":"https:\/\/dutchhealthstore.com\/wp-content\/uploads\/2020\/08\/logo-dutchhealthstore-jpg-e1599484957574.jpg","width":400,"height":62,"caption":"Dutch Health Store"},"image":{"@id":"https:\/\/dutchhealthstore.com\/de\/#\/schema\/logo\/image\/"},"sameAs":["https:\/\/www.instagram.com\/dutchhealthstore\/","https:\/\/www.facebook.com\/dutchhealthstore"]}]},"product_brand":"RMS Beauty","product_price_amount":"18.00","product_price_currency":"EUR","og_availability":"instock","product_availability":"instock","product_condition":"new"},"_links":{"self":[{"href":"https:\/\/dutchhealthstore.com\/de\/wp-json\/wp\/v2\/product\/212493","targetHints":{"allow":["GET"]}}],"collection":[{"href":"https:\/\/dutchhealthstore.com\/de\/wp-json\/wp\/v2\/product"}],"about":[{"href":"https:\/\/dutchhealthstore.com\/de\/wp-json\/wp\/v2\/types\/product"}],"replies":[{"embeddable":true,"href":"https:\/\/dutchhealthstore.com\/de\/wp-json\/wp\/v2\/comments?post=212493"}],"wp:featuredmedia":[{"embeddable":true,"href":"https:\/\/dutchhealthstore.com\/de\/wp-json\/wp\/v2\/media\/303831"}],"wp:attachment":[{"href":"https:\/\/dutchhealthstore.com\/de\/wp-json\/wp\/v2\/media?parent=212493"}],"wp:term":[{"taxonomy":"product_brand","embeddable":true,"href":"https:\/\/dutchhealthstore.com\/de\/wp-json\/wp\/v2\/product_brand?post=212493"},{"taxonomy":"product_cat","embeddable":true,"href":"https:\/\/dutchhealthstore.com\/de\/wp-json\/wp\/v2\/product_cat?post=212493"},{"taxonomy":"product_tag","embeddable":true,"href":"https:\/\/dutchhealthstore.com\/de\/wp-json\/wp\/v2\/product_tag?post=212493"}],"curies":[{"name":"wp","href":"https:\/\/api.w.org\/{rel}","templated":true}]}}