{"id":210889,"date":"2022-04-22T08:25:11","date_gmt":"2022-04-22T06:25:11","guid":{"rendered":"https:\/\/dutchhealthstore.com\/product\/mahogany-blue-essential-oil\/"},"modified":"2025-12-23T09:23:22","modified_gmt":"2025-12-23T08:23:22","slug":"mahogany-blue-essential-oil-2","status":"publish","type":"product","link":"https:\/\/dutchhealthstore.com\/de\/product\/mahogany-blue-essential-oil-2\/","title":{"rendered":"Mahogany, Blue Essential Oil"},"content":{"rendered":"<p><img decoding=\"async\" class=\"alignright\" src=\"https:\/\/dutchhealthstore.com\/wp-content\/uploads\/2019\/08\/NEW-Living-Libations-Logo.jpg\" alt=\"NEW - Living Libations - Logo\"><strong>Botanischer Name:<\/strong> <em>Dysoxylum fraserianum<\/em><br \/>\n<strong>Botanische Familie:<\/strong> <em>Meliaceae<\/em><br \/>\n<strong>Extraktionsverfahren:<\/strong> Dampfdestilliert<br \/>\n<strong>Teil der Pflanze Destilliert:<\/strong> Holz<br \/>\n<strong>Herkunftsland: <\/strong>Australien<br \/>\n<strong>Anbaumethode:<\/strong> Nachhaltige Beschaffung<br \/>\n<strong>Zusammensetzung:<\/strong> 100% <em>Dysoxylum fraserianum<\/em><br \/>\n<strong>Konsistenz:<\/strong> Dickfl\u00fcssig und azurblau.<br \/>\n<strong>Beschreibung des Duftes:<\/strong> Heiteres, erdiges Aroma, harzig und an den australischen Regenwald erinnernd, mit einem leichten Hauch von Blumen.<br \/>\n<strong>Gut mischbar mit: <\/strong>Rose, Weihrauch, Lavendel, Spikenard, Deutsche Kamille, Kamille, Schafgarbe, Palo Santo, Immortelle, Sandelholz, Majoran, Bergamotte, Blaue Zypresse, Blauer Rainfarn und Pfefferminze.<br \/>\n<strong>Bestandteile:<\/strong> Besteht haupts\u00e4chlich aus a-Cadinol und Guaiazulen, das eine saphirblaue Farbe verleiht.<\/p>\n<p><strong>Anwendung:<\/strong> Der wahre Meister f\u00fcr Gesichtsbehandlungen und wohltuende K\u00f6rperseren. Guaiazulen ist auf der Hautszene, um Probleme mit unreinen Geweben k\u00fchl und gelassen anzugehen. Dashing wie ein Deodorant. Diffundieren Sie mit Zitrusfr\u00fcchten, um Ihre Umgebung mit diesem gem\u00fctlichen, herzerw\u00e4rmenden Aroma zu erf\u00fcllen.<\/p>\n<p>Majest\u00e4tisches Mahagoni, das einst f\u00fcr die Herstellung edler M\u00f6bel abgeholzt wurde, w\u00e4chst im subtropischen New South Wales langsam zu einem hoch aufragenden Baum heran. Mit dem Niedergang der Holzindustrie wurden gro\u00dfe Mengen gef\u00e4llter St\u00e4mme auf dem Waldboden zur\u00fcckgelassen, und die faszinierende Phyto-Chemie des Baumes verhindert, dass er sich wie anderes Holz zersetzt. Durch ein neues und innovatives Verfahren der Aromadestillation werden diese St\u00e4mme nun wiederverwertet, um auf nachhaltige Weise ein au\u00dfergew\u00f6hnliches \u00e4therisches \u00d6l herzustellen.<\/p>\n<p>Das waldfrische und leicht rosig duftende \u00e4therische \u00d6l Blue Mahogany enth\u00e4lt gro\u00dfe Mengen an Guaiazulen, das dieser Essenz einen tintenblauen Farbton verleiht und ihre k\u00fchlenden und beruhigenden Eigenschaften zum Ausdruck bringt. Diese blaue Essenz ist ein hervorragender Inhaltsstoff zur Beruhigung der Haut, und Sie werden ihre \u00fcppige, holzige Ausstrahlung lieben.<\/p>\n<p><strong>GR\u00d6SSE: 5 ML<\/strong><\/p>\n","protected":false},"excerpt":{"rendered":"<p>Das bet\u00f6rende Blue Mahogany Essential Oil ist fl\u00fcssige Waldfrische und blauer Himmel in einer Flasche. Es enth\u00e4lt die seltene saphirfarbene Verbindung Guaiazulen, die in weniger als zehn Pflanzenarten auf der Welt vorkommt, darunter die \u00e4therischen \u00d6le der Deutschen Kamille, der Kap-Kamille, der Blauen Zypresse, der Schafgarbe und des Blauen Rainfarns. Ein Tupfer ist ein Eintauchen in das botanische Nirwana und ein Hauch ist eine Reise in den harzigen Regenwald.<\/p>\n","protected":false},"featured_media":205970,"comment_status":"open","ping_status":"closed","template":"","meta":[],"product_brand":[],"product_cat":[1546,6737,1508,1032,1493,1210,511],"product_tag":[1547],"class_list":{"0":"post-210889","1":"product","2":"type-product","3":"status-publish","4":"has-post-thumbnail","6":"product_cat-essential-oils-living-libations-de","7":"product_cat-essential-oils-de-2","8":"product_cat-aetherische-oele-living-libations","9":"product_cat-kategorien","10":"product_cat-living-libations-deutschland","11":"product_cat-marken","12":"product_cat-produkte","13":"product_tag-essential-oil-de","14":"pa_brand-livinglibations-de","15":"pa_essential-oils-product-type-essential-oils-de","17":"first","18":"instock","19":"taxable","20":"shipping-taxable","21":"purchasable","22":"product-type-simple"},"bundled_by":[],"bundle_stock_status":"instock","bundle_stock_quantity":1,"bundle_virtual":false,"bundle_layout":"","bundle_add_to_cart_form_location":"","bundle_editable_in_cart":false,"bundle_sold_individually_context":"","bundle_item_grouping":"","bundle_min_size":"","bundle_max_size":"","bundle_price":[],"bundled_items":[],"bundle_sell_ids":[],"atum_controlled":true,"out_stock_date":null,"out_stock_threshold":null,"inheritable":false,"stock_on_hold":0,"sold_today":0,"sales_last_days":0,"out_stock_days":0,"lost_sales":0,"update_date":"2026-05-07T11:08:12","atum_locations":[],"atum_stock_status":"instock","restock_status":false,"low_stock_amount":"","sales_update_date":"2026-05-07T11:08:12","calc_backorders":null,"group_of_quantity":0,"min_quantity":0,"max_quantity":"","exclude_order_quantity_value_rules":"no","exclude_category_quantity_rules":"no","combine_variations":"no","yoast_head":"<!-- This site is optimized with the Yoast SEO Premium plugin v26.5 (Yoast SEO v26.5) - https:\/\/yoast.com\/wordpress\/plugins\/seo\/ -->\n<title>Mahogany, Blue Essential Oil - Living Libations<\/title>\n<meta name=\"description\" content=\"Das bet\u00f6rende Blue Mahogany Essential Oil ist fl\u00fcssige Waldfrische und blauer Himmel in einer Flasche. Es enth\u00e4lt die seltene saphirfarbene Verbindung Guaiazulen, die in weniger als zehn Pflanzenarten auf der Welt vorkommt, darunter die \u00e4therischen \u00d6le der Deutschen Kamille, der Kap-Kamille, der Blauen Zypresse, der Schafgarbe und des Blauen Rainfarns. Ein Tupfer ist ein Eintauchen in das botanische Nirwana und ein Hauch ist eine Reise in den harzigen Regenwald.\" \/>\n<meta name=\"robots\" content=\"index, follow, max-snippet:-1, max-image-preview:large, max-video-preview:-1\" \/>\n<link rel=\"canonical\" href=\"https:\/\/dutchhealthstore.com\/de\/product\/mahogany-blue-essential-oil-2\/\" \/>\n<meta property=\"og:locale\" content=\"de_DE\" \/>\n<meta property=\"og:type\" content=\"article\" \/>\n<meta property=\"og:title\" content=\"Mahogany, Blue Essential Oil - Dutch Health Store\" \/>\n<meta property=\"og:description\" content=\"Das bet\u00f6rende Blue Mahogany Essential Oil ist fl\u00fcssige Waldfrische und blauer Himmel in einer Flasche. Es enth\u00e4lt die seltene saphirfarbene Verbindung Guaiazulen, die in weniger als zehn Pflanzenarten auf der Welt vorkommt, darunter die \u00e4therischen \u00d6le der Deutschen Kamille, der Kap-Kamille, der Blauen Zypresse, der Schafgarbe und des Blauen Rainfarns. Ein Tupfer ist ein Eintauchen in das botanische Nirwana und ein Hauch ist eine Reise in den harzigen Regenwald.\" \/>\n<meta property=\"og:url\" content=\"https:\/\/dutchhealthstore.com\/de\/product\/mahogany-blue-essential-oil-2\/\" \/>\n<meta property=\"og:site_name\" content=\"Dutch Health Store\" \/>\n<meta property=\"article:publisher\" content=\"https:\/\/www.instagram.com\/dutchhealthstore\/\" \/>\n<meta property=\"article:modified_time\" content=\"2025-12-23T08:23:22+00:00\" \/>\n<meta property=\"og:image\" content=\"https:\/\/dutchhealthstore.com\/wp-content\/uploads\/2022\/04\/mahogany-blue-essential.jpg\" \/>\n\t<meta property=\"og:image:width\" content=\"500\" \/>\n\t<meta property=\"og:image:height\" content=\"500\" \/>\n\t<meta property=\"og:image:type\" content=\"image\/jpeg\" \/>\n<meta name=\"twitter:card\" content=\"summary_large_image\" \/>\n<meta name=\"twitter:label1\" content=\"Preis\" \/>\n\t<meta name=\"twitter:data1\" content=\"&euro;85,00\" \/>\n\t<meta name=\"twitter:label2\" content=\"Verf\u00fcgbarkeit\" \/>\n\t<meta name=\"twitter:data2\" content=\"Auf Lager\" \/>\n<script type=\"application\/ld+json\" class=\"yoast-schema-graph\">{\"@context\":\"https:\/\/schema.org\",\"@graph\":[{\"@type\":\"WebPage\",\"@id\":\"https:\/\/dutchhealthstore.com\/de\/product\/mahogany-blue-essential-oil-2\/\",\"url\":\"https:\/\/dutchhealthstore.com\/de\/product\/mahogany-blue-essential-oil-2\/\",\"name\":\"Mahogany, Blue Essential Oil - Living Libations\",\"isPartOf\":{\"@id\":\"https:\/\/dutchhealthstore.com\/de\/#website\"},\"primaryImageOfPage\":{\"@id\":\"https:\/\/dutchhealthstore.com\/de\/product\/mahogany-blue-essential-oil-2\/#primaryimage\"},\"image\":{\"@id\":\"https:\/\/dutchhealthstore.com\/de\/product\/mahogany-blue-essential-oil-2\/#primaryimage\"},\"thumbnailUrl\":\"https:\/\/dutchhealthstore.com\/wp-content\/uploads\/2022\/04\/mahogany-blue-essential.jpg\",\"datePublished\":\"2022-04-22T06:25:11+00:00\",\"dateModified\":\"2025-12-23T08:23:22+00:00\",\"description\":\"Das bet\u00f6rende Blue Mahogany Essential Oil ist fl\u00fcssige Waldfrische und blauer Himmel in einer Flasche. Es enth\u00e4lt die seltene saphirfarbene Verbindung Guaiazulen, die in weniger als zehn Pflanzenarten auf der Welt vorkommt, darunter die \u00e4therischen \u00d6le der Deutschen Kamille, der Kap-Kamille, der Blauen Zypresse, der Schafgarbe und des Blauen Rainfarns. Ein Tupfer ist ein Eintauchen in das botanische Nirwana und ein Hauch ist eine Reise in den harzigen Regenwald.\",\"breadcrumb\":{\"@id\":\"https:\/\/dutchhealthstore.com\/de\/product\/mahogany-blue-essential-oil-2\/#breadcrumb\"},\"inLanguage\":\"de\",\"potentialAction\":[{\"@type\":\"ReadAction\",\"target\":[\"https:\/\/dutchhealthstore.com\/de\/product\/mahogany-blue-essential-oil-2\/\"]}]},{\"@type\":\"ImageObject\",\"inLanguage\":\"de\",\"@id\":\"https:\/\/dutchhealthstore.com\/de\/product\/mahogany-blue-essential-oil-2\/#primaryimage\",\"url\":\"https:\/\/dutchhealthstore.com\/wp-content\/uploads\/2022\/04\/mahogany-blue-essential.jpg\",\"contentUrl\":\"https:\/\/dutchhealthstore.com\/wp-content\/uploads\/2022\/04\/mahogany-blue-essential.jpg\",\"width\":500,\"height\":500,\"caption\":\"mahagoniblau wesentlich\"},{\"@type\":\"BreadcrumbList\",\"@id\":\"https:\/\/dutchhealthstore.com\/de\/product\/mahogany-blue-essential-oil-2\/#breadcrumb\",\"itemListElement\":[{\"@type\":\"ListItem\",\"position\":1,\"name\":\"Home\",\"item\":\"https:\/\/dutchhealthstore.com\/de\/\"},{\"@type\":\"ListItem\",\"position\":2,\"name\":\"Shop\",\"item\":\"https:\/\/dutchhealthstore.com\/de\/shop-2\/\"},{\"@type\":\"ListItem\",\"position\":3,\"name\":\"Mahogany, Blue Essential Oil\"}]},{\"@type\":\"WebSite\",\"@id\":\"https:\/\/dutchhealthstore.com\/de\/#website\",\"url\":\"https:\/\/dutchhealthstore.com\/de\/\",\"name\":\"Dutch Health Store\",\"description\":\"Enhance Your Beauty with Organic &amp; Natural Skincare\",\"publisher\":{\"@id\":\"https:\/\/dutchhealthstore.com\/de\/#organization\"},\"potentialAction\":[{\"@type\":\"SearchAction\",\"target\":{\"@type\":\"EntryPoint\",\"urlTemplate\":\"https:\/\/dutchhealthstore.com\/de\/?s={search_term_string}\"},\"query-input\":{\"@type\":\"PropertyValueSpecification\",\"valueRequired\":true,\"valueName\":\"search_term_string\"}}],\"inLanguage\":\"de\"},{\"@type\":\"Organization\",\"@id\":\"https:\/\/dutchhealthstore.com\/de\/#organization\",\"name\":\"Dutch Health Store\",\"url\":\"https:\/\/dutchhealthstore.com\/de\/\",\"logo\":{\"@type\":\"ImageObject\",\"inLanguage\":\"de\",\"@id\":\"https:\/\/dutchhealthstore.com\/de\/#\/schema\/logo\/image\/\",\"url\":\"https:\/\/dutchhealthstore.com\/wp-content\/uploads\/2020\/08\/logo-dutchhealthstore-jpg-e1599484957574.jpg\",\"contentUrl\":\"https:\/\/dutchhealthstore.com\/wp-content\/uploads\/2020\/08\/logo-dutchhealthstore-jpg-e1599484957574.jpg\",\"width\":400,\"height\":62,\"caption\":\"Dutch Health Store\"},\"image\":{\"@id\":\"https:\/\/dutchhealthstore.com\/de\/#\/schema\/logo\/image\/\"},\"sameAs\":[\"https:\/\/www.instagram.com\/dutchhealthstore\/\",\"https:\/\/www.facebook.com\/dutchhealthstore\"]}]}<\/script>\n<meta property=\"product:brand\" content=\"Living Libations\" \/>\n<meta property=\"product:price:amount\" content=\"85.00\" \/>\n<meta property=\"product:price:currency\" content=\"EUR\" \/>\n<meta property=\"og:availability\" content=\"instock\" \/>\n<meta property=\"product:availability\" content=\"instock\" \/>\n<meta property=\"product:condition\" content=\"new\" \/>\n<!-- \/ Yoast SEO Premium plugin. -->","yoast_head_json":{"title":"Mahogany, Blue Essential Oil - Living Libations","description":"Das bet\u00f6rende Blue Mahogany Essential Oil ist fl\u00fcssige Waldfrische und blauer Himmel in einer Flasche. Es enth\u00e4lt die seltene saphirfarbene Verbindung Guaiazulen, die in weniger als zehn Pflanzenarten auf der Welt vorkommt, darunter die \u00e4therischen \u00d6le der Deutschen Kamille, der Kap-Kamille, der Blauen Zypresse, der Schafgarbe und des Blauen Rainfarns. Ein Tupfer ist ein Eintauchen in das botanische Nirwana und ein Hauch ist eine Reise in den harzigen Regenwald.","robots":{"index":"index","follow":"follow","max-snippet":"max-snippet:-1","max-image-preview":"max-image-preview:large","max-video-preview":"max-video-preview:-1"},"canonical":"https:\/\/dutchhealthstore.com\/de\/product\/mahogany-blue-essential-oil-2\/","og_locale":"de_DE","og_type":"article","og_title":"Mahogany, Blue Essential Oil - Dutch Health Store","og_description":"Das bet\u00f6rende Blue Mahogany Essential Oil ist fl\u00fcssige Waldfrische und blauer Himmel in einer Flasche. Es enth\u00e4lt die seltene saphirfarbene Verbindung Guaiazulen, die in weniger als zehn Pflanzenarten auf der Welt vorkommt, darunter die \u00e4therischen \u00d6le der Deutschen Kamille, der Kap-Kamille, der Blauen Zypresse, der Schafgarbe und des Blauen Rainfarns. Ein Tupfer ist ein Eintauchen in das botanische Nirwana und ein Hauch ist eine Reise in den harzigen Regenwald.","og_url":"https:\/\/dutchhealthstore.com\/de\/product\/mahogany-blue-essential-oil-2\/","og_site_name":"Dutch Health Store","article_publisher":"https:\/\/www.instagram.com\/dutchhealthstore\/","article_modified_time":"2025-12-23T08:23:22+00:00","og_image":[{"width":500,"height":500,"url":"https:\/\/dutchhealthstore.com\/wp-content\/uploads\/2022\/04\/mahogany-blue-essential.jpg","type":"image\/jpeg"}],"twitter_card":"summary_large_image","twitter_misc":{"Preis":"&euro;85,00","Verf\u00fcgbarkeit":"Auf Lager"},"schema":{"@context":"https:\/\/schema.org","@graph":[{"@type":"WebPage","@id":"https:\/\/dutchhealthstore.com\/de\/product\/mahogany-blue-essential-oil-2\/","url":"https:\/\/dutchhealthstore.com\/de\/product\/mahogany-blue-essential-oil-2\/","name":"Mahogany, Blue Essential Oil - Living Libations","isPartOf":{"@id":"https:\/\/dutchhealthstore.com\/de\/#website"},"primaryImageOfPage":{"@id":"https:\/\/dutchhealthstore.com\/de\/product\/mahogany-blue-essential-oil-2\/#primaryimage"},"image":{"@id":"https:\/\/dutchhealthstore.com\/de\/product\/mahogany-blue-essential-oil-2\/#primaryimage"},"thumbnailUrl":"https:\/\/dutchhealthstore.com\/wp-content\/uploads\/2022\/04\/mahogany-blue-essential.jpg","datePublished":"2022-04-22T06:25:11+00:00","dateModified":"2025-12-23T08:23:22+00:00","description":"Das bet\u00f6rende Blue Mahogany Essential Oil ist fl\u00fcssige Waldfrische und blauer Himmel in einer Flasche. Es enth\u00e4lt die seltene saphirfarbene Verbindung Guaiazulen, die in weniger als zehn Pflanzenarten auf der Welt vorkommt, darunter die \u00e4therischen \u00d6le der Deutschen Kamille, der Kap-Kamille, der Blauen Zypresse, der Schafgarbe und des Blauen Rainfarns. Ein Tupfer ist ein Eintauchen in das botanische Nirwana und ein Hauch ist eine Reise in den harzigen Regenwald.","breadcrumb":{"@id":"https:\/\/dutchhealthstore.com\/de\/product\/mahogany-blue-essential-oil-2\/#breadcrumb"},"inLanguage":"de","potentialAction":[{"@type":"ReadAction","target":["https:\/\/dutchhealthstore.com\/de\/product\/mahogany-blue-essential-oil-2\/"]}]},{"@type":"ImageObject","inLanguage":"de","@id":"https:\/\/dutchhealthstore.com\/de\/product\/mahogany-blue-essential-oil-2\/#primaryimage","url":"https:\/\/dutchhealthstore.com\/wp-content\/uploads\/2022\/04\/mahogany-blue-essential.jpg","contentUrl":"https:\/\/dutchhealthstore.com\/wp-content\/uploads\/2022\/04\/mahogany-blue-essential.jpg","width":500,"height":500,"caption":"mahagoniblau wesentlich"},{"@type":"BreadcrumbList","@id":"https:\/\/dutchhealthstore.com\/de\/product\/mahogany-blue-essential-oil-2\/#breadcrumb","itemListElement":[{"@type":"ListItem","position":1,"name":"Home","item":"https:\/\/dutchhealthstore.com\/de\/"},{"@type":"ListItem","position":2,"name":"Shop","item":"https:\/\/dutchhealthstore.com\/de\/shop-2\/"},{"@type":"ListItem","position":3,"name":"Mahogany, Blue Essential Oil"}]},{"@type":"WebSite","@id":"https:\/\/dutchhealthstore.com\/de\/#website","url":"https:\/\/dutchhealthstore.com\/de\/","name":"Dutch Health Store","description":"Enhance Your Beauty with Organic &amp; Natural Skincare","publisher":{"@id":"https:\/\/dutchhealthstore.com\/de\/#organization"},"potentialAction":[{"@type":"SearchAction","target":{"@type":"EntryPoint","urlTemplate":"https:\/\/dutchhealthstore.com\/de\/?s={search_term_string}"},"query-input":{"@type":"PropertyValueSpecification","valueRequired":true,"valueName":"search_term_string"}}],"inLanguage":"de"},{"@type":"Organization","@id":"https:\/\/dutchhealthstore.com\/de\/#organization","name":"Dutch Health Store","url":"https:\/\/dutchhealthstore.com\/de\/","logo":{"@type":"ImageObject","inLanguage":"de","@id":"https:\/\/dutchhealthstore.com\/de\/#\/schema\/logo\/image\/","url":"https:\/\/dutchhealthstore.com\/wp-content\/uploads\/2020\/08\/logo-dutchhealthstore-jpg-e1599484957574.jpg","contentUrl":"https:\/\/dutchhealthstore.com\/wp-content\/uploads\/2020\/08\/logo-dutchhealthstore-jpg-e1599484957574.jpg","width":400,"height":62,"caption":"Dutch Health Store"},"image":{"@id":"https:\/\/dutchhealthstore.com\/de\/#\/schema\/logo\/image\/"},"sameAs":["https:\/\/www.instagram.com\/dutchhealthstore\/","https:\/\/www.facebook.com\/dutchhealthstore"]}]},"product_brand":"Living Libations","product_price_amount":"85.00","product_price_currency":"EUR","og_availability":"instock","product_availability":"instock","product_condition":"new"},"_links":{"self":[{"href":"https:\/\/dutchhealthstore.com\/de\/wp-json\/wp\/v2\/product\/210889","targetHints":{"allow":["GET"]}}],"collection":[{"href":"https:\/\/dutchhealthstore.com\/de\/wp-json\/wp\/v2\/product"}],"about":[{"href":"https:\/\/dutchhealthstore.com\/de\/wp-json\/wp\/v2\/types\/product"}],"replies":[{"embeddable":true,"href":"https:\/\/dutchhealthstore.com\/de\/wp-json\/wp\/v2\/comments?post=210889"}],"wp:featuredmedia":[{"embeddable":true,"href":"https:\/\/dutchhealthstore.com\/de\/wp-json\/wp\/v2\/media\/205970"}],"wp:attachment":[{"href":"https:\/\/dutchhealthstore.com\/de\/wp-json\/wp\/v2\/media?parent=210889"}],"wp:term":[{"taxonomy":"product_brand","embeddable":true,"href":"https:\/\/dutchhealthstore.com\/de\/wp-json\/wp\/v2\/product_brand?post=210889"},{"taxonomy":"product_cat","embeddable":true,"href":"https:\/\/dutchhealthstore.com\/de\/wp-json\/wp\/v2\/product_cat?post=210889"},{"taxonomy":"product_tag","embeddable":true,"href":"https:\/\/dutchhealthstore.com\/de\/wp-json\/wp\/v2\/product_tag?post=210889"}],"curies":[{"name":"wp","href":"https:\/\/api.w.org\/{rel}","templated":true}]}}